{"id":17198,"date":"2016-06-03T02:21:46","date_gmt":"2016-06-03T09:21:46","guid":{"rendered":"http:\/\/www.consensus911.org\/de\/?page_id=17198"},"modified":"2019-06-09T12:17:49","modified_gmt":"2019-06-09T19:17:49","slug":"point-tt-9-de","status":"publish","type":"page","link":"https:\/\/www.consensus911.org\/de\/point-tt-9-de\/","title":{"rendered":"Point TT-9 (De)"},"content":{"rendered":"<h4 class=\"c9h4\">Punkt TT-9: Der Funkverkehr der FDNY widerlegt die Behauptung eines<br \/><span style=\"color: #ffffff\">Punkt TT-9:<\/span> ausgedehnten Infernos im S\u00fcdturm<\/h4>\n<div class=\"c9text-de\">\n<p class=\"c9np\"><a href=\"https:\/\/www.consensus911.org\/de\/point-tt-8-de\/\">&lt;&lt; Vorheriger Punkt<\/a>, <a href=\"https:\/\/www.consensus911.org\/de\/point-wtc7-1-de\/\">N\u00e4chster Punkt &gt;&gt;<\/a><\/p>\n<p><a name=\"INTRO\"><\/a><\/p>\n<div class=\"c9hdr\"><a name=\"BACK\"><\/a>Hintergrund<\/div>\n<div style=\"padding-left: 30px\">\n<p>Die Bedeutung dieses Konsenspunktes liegt darin, dass der Funkverkehr der New Yorker Feuerwehr die Behauptung, dass es im World Trade Center 2 (=S\u00fcdturm) am Morgen des 11. Septembers ausgedehnte Br\u00e4nde gab, zweifelsfrei widerlegt.<\/p>\n<p>Die offizielle Geschichte, die (wie unten zitiert) Br\u00e4nde von enormem Ausma\u00df im S\u00fcdturm beschreibt, wurde verbreitet, ohne dabei die Funkspr\u00fcche von Feuerwehrleuten zu ber\u00fccksichtigen, die sich in diesem Geb\u00e4ude, das um etwa 9:03 Uhr getroffen worden war, nach oben arbeiteten.<\/p>\n<p>Eine 78-min\u00fctige Aufzeichnung des Funkverkehrs, die im World Trade Center 5 gefunden worden war, wurde erst Monate sp\u00e4ter untersucht. Aus den Teilen davon, die im November 2002 (als Audio und Transkript) ver\u00f6ffentlicht wurden, geht hervor, wie sich die Feuerwehrleute bis zum Einsturz um 9:59 Uhr per Funk miteinander verst\u00e4ndigten, w\u00e4hrend sie sich im S\u00fcdturm \u00fcber verschiedene Treppenh\u00e4user bis zum 78. Stockwerk hocharbeiteten.<\/p>\n<p>Dieses Transkript untergr\u00e4bt die offiziellen Behauptungen, dass die Stockwerke in der N\u00e4he des Flugzeugeinschlages&nbsp;<a name=\"R_1\" href=\"#N_1\">[1]<\/a> alle \u201eInfernos\u201c waren und dass diese Br\u00e4nde intensiv genug waren, um den Einsturz des Geb\u00e4udes ausl\u00f6sen zu k\u00f6nnen.<\/p>\n<\/div>\n<div class=\"c9hdr\"><a name=\"OFFICIAL\"><\/a>Die offizielle Darstellung<\/div>\n<ol style=\"padding-left: 30px\">\n<li><!--1--><i>Der 9\/11-Kommissionsbericht<\/i> (2004) verk\u00fcndete:\n<div style=\"padding-left: 30px\">\u201eAb etwa 9:21 Uhr war der sich nach oben arbeitende Kompaniechef nicht in der Lage, den Kommandoposten in der Lobby des S\u00fcdturmes zu erreichen, weil der Seniorchef in der Lobby aufgeh\u00f6rt hatte, \u00fcber <a href=\"https:\/\/de.wikipedia.org\/wiki\/Repeater\">Repeater<\/a> 7 zu kommunizieren.\u201c&nbsp;<a name=\"R_2\" href=\"#N_2\">[2]<\/a><\/div>\n<\/li>\n<li><!--2-->Das National Institute of Standards and Technology (NIST) behauptete:\n<div style=\"padding-left: 30px\">\u201eAm 11.&nbsp;Sept. 2001 verbreitete sich das vom Kerosin entfachte Feuer rasch \u00fcber den gr\u00f6\u00dften Teil der fast 4000&nbsp;m<sup>2<\/sup> gro\u00dfen Stockwerke der beiden T\u00fcrme. Dies verursachte Infernos, die nicht einmal eine unbesch\u00e4digte Sprinkleranlage h\u00e4tte unterdr\u00fccken k\u00f6nnen.\u201c&nbsp;<a name=\"R_3\" href=\"#N_3\">[3]<\/a><\/div>\n<\/li>\n<\/ol>\n<div class=\"c9hdr\"><a name=\"EVIDENCE\"><\/a>Die \u201e<a href=\"https:\/\/www.consensus911.org\/de\/what-is-the-best-evidence-de\/#DBB\">Besten Beweise<\/a>\u201c<\/div>\n<div style=\"padding-left: 30px\">Diese Behauptungen \u00fcber den S\u00fcdturm werden von den Beweisen in zweierlei Hinsicht widerlegt:<\/p>\n<ol style=\"padding-left: 30px\">\n<li><!--1--><i>Bez\u00fcglich der Behauptung, dass die Kommunikation der Feuerwehr zusammenbrach:<\/i> Am 4.&nbsp;August 2002 (20 Monate bevor die 9\/11-Kommission ihre Erkenntnisse ver\u00f6ffentlichte) berichtete die <i>New York Times<\/i>, dass eine 78-min\u00fctige Funkaufzeichnung gefunden aber nicht ver\u00f6ffentlicht worden war, die die Kommunikation zwischen Feuerwehrleuten der <a href=\"https:\/\/de.wikipedia.org\/wiki\/New_York_City_Fire_Department\">FDNY<\/a> dokumentiert, denen es gelang, bis zum 78. Stockwerk des S\u00fcdturmes vorzudringen.&nbsp;<a name=\"R_4\" href=\"#N_4\">[4]<\/a><br \/>\nDie <i>New York Times<\/i> ver\u00f6ffentlichte am 2. November 2002 einen Artikel von Jim Dwyer und Kevin Flynn,&nbsp;<a name=\"R_5\" href=\"#N_5\">[5]<\/a> der \u00fcber die Freigabe der Tonb\u00e4nder berichtete, und Teile der Funkaufzeichnung samt einem Transkript, das den folgenden Abschnitt enthielt:<\/p>\n<div style=\"padding-left: 30px\">\n<p><i>9:25 Uhr:<\/i> Ladder 15 Irons: \u201eIch bekam gerade einen Bericht vom Direktor von Morgan Stanley. Anscheinend hat Stockwerk 78 die volle Wucht abbekommen. Es liegen dort viele Leichen, aber das Treppenhaus soll bis dorthin v\u00f6llig frei sein.\u201c<br \/>\n<i>9:43 Uhr:<\/i> Chef der Kompanie 9: \u201eIn welchem Treppenhaus bist Du, Orio?\u201c<br \/>\nChef der Kompanie 7 [Orio Palmer]: \u201eIn der Mitte des Geb\u00e4udes, Berta, Berta. [Treppenhaus B]\u201c<br \/>\n<i>9:48 Uhr:<\/i> Ladder 15: \u201eWas habt Ihr da oben, Chef?\u201c<br \/>\nChef der Kompanie 7: \u201eIch bin immer noch in Treppenhaus Berta [B] im 74. Stockwerk. Kein Problem mit Rauch oder Feuer, die W\u00e4nde sind besch\u00e4digt, also passt auf!\u201c<br \/>\n<i>9:52 Uhr:<\/i> Chef der Kompanie 7: \u201eKompanie 7 &#8230; Ladder 15, wir haben hier zwei einzelne Feuerherde. Die sollten wir mit zwei Schl\u00e4uchen erledigen k\u00f6nnen. Bitte weiterleiten: 78. Stockwerk, zahlreiche 10-45 Code 1 [Leichen].\u201c&nbsp;<a name=\"R_6\" href=\"#N_6\">[6]<\/a><br \/>\nLadder 15: \u201eChef, in welchem Treppenhaus bist Du?\u201c<br \/>\nChef der Kompanie 7: \u201eS\u00fcd Treppenhaus Anton [Treppenhaus A], S\u00fcdturm.\u201c<br \/>\nLadder 15: \u201eStockwerk 78?\u201c<br \/>\nChef der Kompanie 7: \u201e10-4 [Best\u00e4tigung], zahlreiche Zivilisten, wir werden hier 2 Z\u00fcge brauchen.\u201c<br \/>\nLadder 15: \u201eOK, 10-4 [Best\u00e4tigung], wir machen uns auf den Weg.\u201c<br \/>\nChef der Kompanie 7: \u201eIch werde 2 [<a href=\"https:\/\/www.youtube.com\/watch?v=hT-po-tmJRc&#038;t=7m03s\">sic<\/a>; 3 \u2013 A.&nbsp;d.&nbsp;\u00dc.] Feuerwehrleute brauchen im Treppenhaus Anton [A], um 2 Br\u00e4nde zu erledigen. Wir haben einen Feuerschlauch ausgelegt und k\u00f6nnten etwas Wasser auf der Leitung gebrauchen, um sie auszumachen, OK?\u201c<br \/>\nLadder 15: \u201eOK, 10-4 [Best\u00e4tigung], wir kommen die Treppe hoch. Wir sind jetzt im 77. Stockwerk in Treppenhaus B, ich bin gleich bei Dir.\u201c<br \/>\nLadder 15 Roof: \u201eF\u00fcnfzehn Roof an 15. Wir sind im 71. Stockwerk. Wir kommen gleich hinauf.\u201c<br \/>\n<i>9:57 Uhr:<\/i> Battalion Seven Operations Tower One: \u201eBattalion Seven Operations Tower One an Kompanie 9, wir brauchen Dich im Stockwerk \u00fcber 79. Wir haben Zugang zur Treppe, die zu Stockwerk 79 hinauff\u00fchrt, OK.\u201c<br \/>\nKompanie 9: \u201eOK, ich bin auf dem Weg hinauf, Orio.\u201c&nbsp;<a name=\"R_7\" href=\"#N_7\">[7]<\/a>\n<\/div>\n<p>Laut Dwyer und Flynn widerlegt diese Aufnahme die Behauptung, dass der \u201everheerende Zusammenbruch der Kommunikation der Feuerwehr im World Trade Center gro\u00dfteils die Folge des Ausfalls eines <a href=\"https:\/\/de.wikipedia.org\/wiki\/Repeater\">Repeaters<\/a> war, der dazu diente, Funk\u00fcbertragungen in den Hochh\u00e4usern zu verst\u00e4rken.\u201c&nbsp;<a name=\"R_8\" href=\"#N_8\">[8]<\/a>\n\t<\/li>\n<\/li>\n<li><!--2--><i>Bez\u00fcglich der Behauptung \u00fcber das gro\u00dfe Ausma\u00df der Br\u00e4nde im S\u00fcdturm:<\/i><br \/>\nDas Transkript des Funkverkehrs belegt:<\/p>\n<ol style=\"padding-left: 30px; list-style-type: lower-alpha\">\n<li><!--a-->Feuerwehrleute hatten das 71., 77., 78., 79. (und eventuell 80.) Stockwerk des S\u00fcdturmes erreicht.\n\t<\/li>\n<li><!--b-->Der Chef der Kompanie 7, Orio Palmer, meldete um 9:52 Uhr, sieben Minuten vor dem raschen und vollst\u00e4ndigen Einsturz des S\u00fcdturmes um 9:59 Uhr (f\u00fcr den der <i>9\/11-Kommissionsbericht<\/i> eine Dauer von 10 Sekunden angibt&nbsp;<a name=\"R_9\" href=\"#N_9\">[9]<\/a>) aus dem s\u00fcdlichen Treppenhaus:\n<div style=\"padding-left: 30px\">\u201eKompanie 7 &#8230; Ladder 15, wir haben hier zwei getrennte Feuerherde. Die sollten wir mit zwei Schl\u00e4uchen erledigen k\u00f6nnen. Bitte weiterleiten, 78. Stockwerk, zahlreiche 10-45 Code 1 [Leichen].\u201c<\/div>\n<\/li>\n<li><!--c-->Die Feuerwehrleute waren imstande, \u00fcber mindestens drei der Treppenh\u00e4user bis zum 78. Stockwerk hinaufzusteigen.\n\t<\/li>\n<li><!--d-->Wie Dwyer und Flynn festhalten, stie\u00dfen die Feuerwehrleute erst um 9:56 Uhr (drei Minuten vor dem pl\u00f6tzlichen Einsturz!) im 78. Stockwerk in den Treppenh\u00e4usern A und B auf Br\u00e4nde:\n<div style=\"padding-left: 30px\">\u201eLaut der Aufzeichnung hatte Ladder 15 schlussendlich, nach einem anstrengenden Aufstieg zum 78. Stockwerk Br\u00e4nde entdeckt. Diese gab es im Treppenhaus B. Auf der anderen Seite des Feuers waren Hunderte Leute, die durch Rauch und Flammen im Treppenhaus an der Flucht gehindert wurden. Chef Palmer begegnete \u00e4hnlichen Br\u00e4nden im Treppenhaus A auf der anderen Seite des Stockwerks.\u201c&nbsp;<a name=\"R_10\" href=\"#N_10\">[10]<\/a><\/div>\n<\/li>\n<li><!--e-->Die Feuerwehrleute waren ruhig und ohne Furcht:\n<ul style=\"padding-left: 30px\">\n<li>\u201eDie Stimmen auf der Aufzeichnung der Funkspr\u00fcche der Feuerwehr verraten keine Angst. Die Worte sind sachlich.<br \/>\n &#8230; nirgendwo in der Aufzeichnung gibt es Anzeichen, dass die Feuerwehrleute den geringsten Hinweis hatten, dass der Turm instabil geworden w\u00e4re oder gar einst\u00fcrzen k\u00f6nnte.<br \/>\n\u201aChef, ich werde im 44. Stockwerk anhalten\u2018, sagt Stephen Belson, ein Assistent von Chef Palmer, um 9:25 Uhr auf dem Weg nach oben.<br \/>\n\u201aLass dir Zeit\u2018, antwortet der Chef.\u201c&nbsp;<a name=\"R_11\" href=\"#N_11\">[11]<\/a>\n\t<\/li>\n<li>\u201eDebbie Palmer, deren Gatte, Kompaniechef Orio Palmer, auf der Aufzeichnung zu h\u00f6ren ist &#8230; sagte, dass die Aufnahmen ihr etwas Trost \u00fcber die letzten Minuten im Leben ihres Mannes gaben.<br \/>\n\u201aIch h\u00f6rte keine Angst, ich h\u00f6rte keine Panik.\u2018 sagte sie <i>The Times<\/i>. \u201aWenn die Aufzeichnung ver\u00f6ffentlicht wird, werden die Leute h\u00f6ren, dass sie alle ihre Arbeit ohne Angst und selbstlos ausf\u00fchrten.\u2018&nbsp;\u201c&nbsp;<a name=\"R_12\" href=\"#N_12\">[12]<\/a>\n\t<\/li>\n<\/ul>\n<\/li>\n<\/ol>\n<\/ol>\n<\/div>\n<div class=\"c9hdr\"><a name=\"CONCLUSION\"><\/a>Fazit<\/div>\n<div style=\"padding-left: 30px\">\n<p>Es gibt unwiderlegbare Beweise, dass die Teams der Feuerwehr problemlos miteinander kommunizierten, w\u00e4hrend sie sich in WTC&nbsp;2 nach oben arbeiteten.<\/p>\n<p>Die Tatsache, dass sie ihre Arbeit ruhig ausf\u00fchrten, ist nicht weiter \u00fcberraschend, weil ihnen ihre berufliche Erfahrung sagte, dass ein Brand \u2013 sogar ein von einem Flugzeugeinschlag ausgel\u00f6ster Brand \u2013 noch nie den Einsturz eines Hochhauses in <a href=\"https:\/\/de.wikipedia.org\/wiki\/Stahlskelettbau\">Stahlskelettbauweise<\/a> verursacht hatte, nicht einmal den eines einzigen Stockwerks.<\/p>\n<p>Der unwiderlegbare Beweis, dass die Teams der Feuerwehr ruhig und methodisch arbeiteten und zuversichtlich waren, dass sie die Br\u00e4nde im S\u00fcdturm leicht l\u00f6schen w\u00fcrden k\u00f6nnen, widerlegt die offizielle Behauptung, dass die Stockwerke in der N\u00e4he der Stelle, wo das Flugzeug eingeschlagen war, alle \u201eInfernos\u201c waren und das Geb\u00e4ude instabil und dem Einsturz nahe war.<\/p>\n<p>Das Beweismaterial aus den ver\u00f6ffentlichten Teilen dieses Funkverkehres unterst\u00fctzt die <a href=\"\/de\/the-911-consensus-points-de\/#TT\">Konsenspunkte TT<\/a>-1 bis TT-8&nbsp;<a name=\"R_13\" href=\"#N_13\">[13]<\/a> und liefert eine weitere Best\u00e4tigung daf\u00fcr, dass die Zwillingst\u00fcrme nicht durch Flugzeugeinschl\u00e4ge und Br\u00e4nde eingest\u00fcrzt sind, wie es die offizielle Geschichte behauptet.<\/p>\n<\/div>\n<p class=\"c9np\"><a href=\"https:\/\/www.consensus911.org\/de\/point-tt-8-de\/\">&lt;&lt; Vorheriger Punkt<\/a>, <a href=\"https:\/\/www.consensus911.org\/de\/point-wtc7-1-de\/\">N\u00e4chster Punkt &gt;&gt;<\/a><\/p>\n<div class=\"c9hdr\"><a name=\"REFS\"><\/a>Quellenangaben f\u00fcr Punkt TT-9<\/div>\n<div class=\"c9refs\">\n<table class=\"ref_tbl\">\n<tr>\n<td class=\"ref_nrs\">\n<div class=\"refnrs\"><a name=\"N_1\" href=\"#R_1\">[1]<\/a><\/div>\n<\/td>\n<td class=\"ref_txt\">\n<div class=\"rtxt-de\">\nFlug&nbsp;175 traf die Stockwerke 78-84 des S\u00fcdturms. (\u201e<a href=\"http:\/\/911research.wtc7.net\/wtc\/attack\/wtc2.html\">2 World Trade Center<\/a>\u201c, 911research.wtc7.net)\n<\/div>\n<\/td>\n<\/tr>\n<tr>\n<td class=\"ref_nrs\">\n<div class=\"refnrs\"><a name=\"N_2\" href=\"#R_2\">[2]<\/a><\/div>\n<\/td>\n<td class=\"ref_txt\">\n<div class=\"rtxt-de\">\n<a href=\"https:\/\/911commission.gov\/report\/911Report.pdf\"><i>The 9\/11 Commission Report<\/i><\/a> [<i>Der 9\/11-Kommissionsbericht<\/i>], 2004, S.&nbsp;300 (pdf-S.&nbsp;317).\n<\/div>\n<\/td>\n<\/tr>\n<tr>\n<td class=\"ref_nrs\">\n<div class=\"refnrs\"><a name=\"N_3\" href=\"#R_3\">[3]<\/a><\/div>\n<\/td>\n<td class=\"ref_txt\">\n<div class=\"rtxt-de\">\nNIST: \u201e<a href=\"https:\/\/www.nist.gov\/pba\/national-institute-standards-and-technology-nist-federal-building-and-fire-safety-investigation\">Answers to Frequently Asked Questions<\/a> [Antworten auf h\u00e4ufig gestellte Fragen]\u201c (Zuletzt aktualisiert am 20. September 2011), \u201e<i>Frage No.&nbsp;8:<\/i> We know that the sprinkler systems were activated because survivors reported water in the stairwells. If the sprinklers were working, how could there be a &#8218;raging inferno&#8216; in the WTC towers? [<i>Frage No.&nbsp;8:<\/i> Wir wissen, dass die Sprinkleranlage arbeitete, weil \u00dcberlebende von Wasser im Treppenhaus berichteten. Wenn die Sprinkler arbeiteten, wie konnte es dann zu einem \u201atobenden Inferno\u2018 in den WTC-T\u00fcrmen kommen?]\u201c\n<\/div>\n<\/td>\n<\/tr>\n<tr>\n<td class=\"ref_nrs\">\n<div class=\"refnrs\"><a name=\"N_4\" href=\"#R_4\">[4]<\/a><\/div>\n<\/td>\n<td class=\"ref_txt\">\n<div class=\"rtxt-de\">\nJim Dwyer und Ford Fessenden: \u201e<a href=\"https:\/\/www.nytimes.com\/2002\/08\/04\/nyregion\/lost-voices-of-firefighters-some-on-the-78th-floor.html?pagewanted=all\">Lost Voices of Firefighters, Some on the 78th Floor<\/a> [Die verlorenen Stimmen der Feuerwehrleute, Einige im 78. Stockwerk]\u201c, <i>New York Times<\/i>, 4.&nbsp;August 2002.\n<\/div>\n<\/td>\n<\/tr>\n<tr>\n<td class=\"ref_nrs\">\n<div class=\"refnrs\"><a name=\"N_5\" href=\"#R_5\">[5]<\/a><\/div>\n<\/td>\n<td class=\"ref_txt\">\n<div class=\"rtxt-de\">\nJim Dwyer und Kevin Flynn: \u201e<a href=\"https:\/\/www.nytimes.com\/2002\/11\/09\/nyregion\/9-11-tape-raises-added-questions-on-radio-failures.html?pagewanted=all\">9\/11 TAPE RAISES ADDED QUESTIONS ON RADIO FAILURES<\/a> [9\/11-\u201aTape\u2018 stellt Radioprobleme noch mehr infrage]\u201c, <i>New York Times<\/i>, November 2, 2002; NYT Interactive: \u201e<a href=\"https:\/\/archive.nytimes.com\/www.nytimes.com\/packages\/khtml\/2002\/11\/09\/nyregion\/20021109_TAPE_FEATURE.html\">The Tale of the Tape<\/a>\u201c\n<\/div>\n<\/td>\n<\/tr>\n<tr>\n<td class=\"ref_nrs\">\n<div class=\"refnrs\"><a name=\"N_6\" href=\"#R_6\">[6]<\/a><\/div>\n<\/td>\n<td class=\"ref_txt\">\n<div class=\"rtxt-de\">\n<a href=\"http:\/\/www.fdnewyork.com\/10code.asp\">FDNY<\/a>. Ein \u201e10-45 Code One\u201c bedeutet \u201eBlack tag (deceased) [etwa: schwarze Markierung (verstorben)]\u201c.\n<\/div>\n<\/td>\n<\/tr>\n<tr>\n<td class=\"ref_nrs\">\n<div class=\"refnrs\"><a name=\"N_7\" href=\"#R_7\">[7]<\/a><\/div>\n<\/td>\n<td class=\"ref_txt\">\n<div class=\"rtxt-de\">\n\u201e<a href=\"http:\/\/911research.wtc7.net\/cache\/wtc\/evidence\/memoryhole_tapeexcerpts.htm\">Excerpts From Firefighters&#8216; WTC Tape on 9\/11<\/a> [Auszug aus dem 9\/11-WTC-Tape der Feuerwehrleute]\u201c, am 22.&nbsp;November 2002 hochgeladenes Transkript. Auch Teile der Aufzeichnung des Funkverkehrs stehen online zur Verf\u00fcgung: \u201e<a href=\"https:\/\/www.youtube.com\/watch?v=hT-po-tmJRc&#038;t=7m03s\">Let me know when you see fire<\/a> [Lass es mich wissen, wenn Ihr Feuer seht]\u201c.\n<\/div>\n<\/td>\n<\/tr>\n<tr>\n<td class=\"ref_nrs\">\n<div class=\"refnrs\"><a name=\"N_8\" href=\"#R_8\">[8]<\/a><\/div>\n<\/td>\n<td class=\"ref_txt\">\n<div class=\"rtxt-de\">\nJim Dwyer und Kevin Flynn: \u201e<a href=\"https:\/\/www.nytimes.com\/2002\/11\/09\/nyregion\/9-11-tape-raises-added-questions-on-radio-failures.html?pagewanted=all\">9\/11 TAPE RAISES ADDED QUESTIONS ON RADIO FAILURES<\/a> [9\/11-\u201aTape\u2018 stellt Radioprobleme noch mehr infrage]\u201c in der <i>New York Times<\/i> am 2.&nbsp;November 2002.\n<\/div>\n<\/td>\n<\/tr>\n<tr>\n<td class=\"ref_nrs\">\n<div class=\"refnrs\"><a name=\"N_9\" href=\"#R_9\">[9]<\/a><\/div>\n<\/td>\n<td class=\"ref_txt\">\n<div class=\"rtxt-de\">\n<a href=\"https:\/\/911commission.gov\/report\/911Report.pdf\"><i>The 9\/11 Commission Report<\/i><\/a>, 2004, S.&nbsp;305.\n<\/div>\n<\/td>\n<\/tr>\n<tr>\n<td class=\"ref_nrs\">\n<div class=\"refnrs\"><a name=\"N_10\" href=\"#R_10\">[10]<\/a><\/div>\n<\/td>\n<td class=\"ref_txt\">\n<div class=\"rtxt-de\">\nKevin Flynn und Jim Dwyer: \u201e<a href=\"https:\/\/www.nytimes.com\/2002\/11\/09\/nyregion\/fire-department-tape-reveals-no-awareness-of-imminent-doom.html\">Fire Department Tape Reveals No Awareness of Imminent Doom<\/a> [Feuerwehr-\u201aTape\u2018 zeigt keine Bewusstheit des unmittelbar bevorstehenden Unheils]\u201c, <i>New York Times<\/i>, 9.&nbsp;November 2002.\n<\/div>\n<\/td>\n<\/tr>\n<tr>\n<td class=\"ref_nrs\">\n<div class=\"refnrs\"><a name=\"N_11\" href=\"#R_11\">[11]<\/a><\/div>\n<\/td>\n<td class=\"ref_txt\">\n<div class=\"rtxt-de\">\nKevin Flynn und Jim Dwyer: \u201e<a href=\"https:\/\/www.nytimes.com\/2002\/11\/09\/nyregion\/fire-department-tape-reveals-no-awareness-of-imminent-doom.html\">Fire Department Tape Reveals No Awareness of Imminent Doom<\/a> [Feuerwehr-\u201aTape\u2018 zeigt keine Bewusstheit des unmittelbar bevorstehenden Unheils]\u201c, <i>New York Times<\/i>, 9.&nbsp;November 2002.\n<\/div>\n<\/td>\n<\/tr>\n<tr>\n<td class=\"ref_nrs\">\n<div class=\"refnrs\"><a name=\"N_12\" href=\"#R_12\">[12]<\/a><\/div>\n<\/td>\n<td class=\"ref_txt\">\n<div class=\"rtxt-de\">\nJaime Holguin: \u201e<a href=\"https:\/\/www.cbsnews.com\/news\/report-fdny-reached-wtc-78th-floor\/\">Report: FDNY Reached WTC&nbsp;78th Floor<\/a> [Bericht: Die New Yorker Feuerwehr erreichte den 78.&nbsp;Stock]\u201c, <i>CBS News<\/i>, 4.&nbsp;August 2002.\n<\/div>\n<\/td>\n<\/tr>\n<tr>\n<td class=\"ref_nrs\">\n<div class=\"refnrs\"><a name=\"N_13\" href=\"#R_13\">[13]<\/a><\/div>\n<\/td>\n<td class=\"ref_txt\">\n<div class=\"rtxt-de\">\nDas 9\/11-Konsensgremium: <a href=\"\/de\/the-911-consensus-points-de\/#TT\"><i>Konsenspunkte TT-1 bis TT-8<\/i><\/a>.\n<\/div>\n<\/td>\n<\/tr>\n<\/table>\n<\/div>\n<p><!-- c9refs -->\n<\/div>\n<p><!-- c9text --><\/p>\n","protected":false},"excerpt":{"rendered":"<p>Punkt TT-9: Der Funkverkehr der FDNY widerlegt die Behauptung eines<br \/>Punkt TT-9: ausgedehnten Infernos im S\u00fcdturm <\/p>\n<p class=\"c9np\"><a href=\"https:\/\/www.consensus911.org\/de\/point-tt-8-de\/\">&lt;&lt; Vorheriger Punkt<\/a>, <a href=\"https:\/\/www.consensus911.org\/de\/point-wtc7-1-de\/\">N\u00e4chster Punkt &gt;&gt;<\/a><\/p>\n<p><a name=\"INTRO\"><\/a><\/p>\n<p> <a name=\"BACK\"><\/a>Hintergrund <\/p>\n<p>Die Bedeutung dieses Konsenspunktes liegt darin, dass der Funkverkehr der New Yorker Feuerwehr die Behauptung, dass es im World Trade Center 2 (=S\u00fcdturm) am Morgen des [&#8230;]<\/p>\n","protected":false},"author":111,"featured_media":0,"parent":0,"menu_order":0,"comment_status":"closed","ping_status":"closed","template":"","meta":{"footnotes":""},"class_list":["post-17198","page","type-page","status-publish","hentry"],"jetpack_sharing_enabled":true,"_links":{"self":[{"href":"https:\/\/www.consensus911.org\/de\/wp-json\/wp\/v2\/pages\/17198","targetHints":{"allow":["GET"]}}],"collection":[{"href":"https:\/\/www.consensus911.org\/de\/wp-json\/wp\/v2\/pages"}],"about":[{"href":"https:\/\/www.consensus911.org\/de\/wp-json\/wp\/v2\/types\/page"}],"author":[{"embeddable":true,"href":"https:\/\/www.consensus911.org\/de\/wp-json\/wp\/v2\/users\/111"}],"replies":[{"embeddable":true,"href":"https:\/\/www.consensus911.org\/de\/wp-json\/wp\/v2\/comments?post=17198"}],"version-history":[{"count":5,"href":"https:\/\/www.consensus911.org\/de\/wp-json\/wp\/v2\/pages\/17198\/revisions"}],"predecessor-version":[{"id":20816,"href":"https:\/\/www.consensus911.org\/de\/wp-json\/wp\/v2\/pages\/17198\/revisions\/20816"}],"wp:attachment":[{"href":"https:\/\/www.consensus911.org\/de\/wp-json\/wp\/v2\/media?parent=17198"}],"curies":[{"name":"wp","href":"https:\/\/api.w.org\/{rel}","templated":true}]}}