{"id":18677,"date":"2017-03-10T12:53:48","date_gmt":"2017-03-10T20:53:48","guid":{"rendered":"http:\/\/www.consensus911.org\/de\/?page_id=18677"},"modified":"2018-12-15T03:05:17","modified_gmt":"2018-12-15T11:05:17","slug":"point-h-3-de","status":"publish","type":"page","link":"https:\/\/www.consensus911.org\/de\/point-h-3-de\/","title":{"rendered":"Point H-3 (De)"},"content":{"rendered":"<h4 class=\"c9h4\">Punkt H-3: Die Behauptung, dass die Flugzeugentf\u00fchrer strenggl\u00e4ubige<br \/>\n<span style=\"color: #ffffff\">Punkt H-3:<\/span> Muslime waren<\/h4>\n<div class=\"c9text-de\">\n<p class=\"c9np\"><a href=\"https:\/\/www.consensus911.org\/de\/point-h-2-de\/\">&lt;&lt; Vorheriger Punkt<\/a>, <a href=\"https:\/\/www.consensus911.org\/de\/point-h-4-de\/\">N\u00e4chster Punkt &gt;&gt;<\/a><\/p>\n<div class=\"c9hdr\"><a name=\"OFFICIAL\"><\/a>Die offizielle Darstellung<\/div>\n<div style=\"padding-left: 30px\">\n<p>Die vier 9\/11-Fl\u00fcge wurden von strenggl\u00e4ubigen Muslimen entf\u00fchrt. Dem <i>9\/11-Kommissionsbericht<\/i> zufolge hatte deren Anf\u00fchrer, Mohamed Atta, \u201esich dem Fundamentalismus zugewandt\u201c.&nbsp;<a name=\"R_1\" href=\"#N_1\">[1]<\/a> Aufgrund ihres Glaubens waren die Flugzeugentf\u00fchrer zu einem \u201eKader von ausgebildeten Agenten, die bereit waren, ihr Leben zu opfern\u201c, geworden.&nbsp;<a name=\"R_2\" href=\"#N_2\">[2]<\/a><\/p>\n<\/div>\n<div class=\"c9hdr\"><a name=\"EVIDENCE\"><\/a>Die \u201e<a href=\"https:\/\/www.consensus911.org\/de\/what-is-the-best-evidence-de\/#DBB\">Besten Beweise<\/a>\u201c<\/div>\n<div style=\"padding-left: 30px\">\n<p>Die offizielle Darstellung beruht auf der Annahme, dass die 9\/11-Fl\u00fcge von fanatischen Muslimen entf\u00fchrt wurden \u2013 fanatisch genug, um daf\u00fcr ihr Leben zu opfern. Die Mainstreammedien ver\u00f6ffentlichten aber etliche Berichte, die der Behauptung, die Entf\u00fchrer seien fanatische Muslime gewesen, widersprechen.<\/p>\n<p>F\u00fcnf Tage nach 9\/11 schrieb die Londoner <i>Daily Mail<\/i> Folgendes:<\/p>\n<div style=\"padding-left: 30px\">\nIn der <i>Palm Beach bar Sunrise 251<\/i> gaben [Mohamed] Atta und [Marwan] Al Shehhi innerhalb von 45 Minuten 1000 $ f\u00fcr Krug- und Perrier-Jou\u00ebt-Champagner aus. &#8230; Atta wurde von einer etwa 1,80&nbsp;m gro\u00dfen vollbusigen Br\u00fcnetten Ende Zwanzig; der andere Mann von einer eher kleinen Blondine. Beide Frauen waren dort lokal f\u00fcr ihren h\u00e4ufigen Umgang mit Verschwendern bekannt.&nbsp;<a name=\"R_3\" href=\"#N_3\">[3]<\/a><\/p>\n<\/div>\n<p>Einen Monat nach 9\/11 berichtete der <i>Boston Herald<\/i> unter dem Titel \u201eTerroristen feierten mit Nutte in einem Hub-Area Hotel\u201c:<\/p>\n<div style=\"padding-left: 30px\">\nEin f\u00fcr zwei Escortservices t\u00e4tiger Chauffeur erz\u00e4hlte dem <i>Herald<\/i> gestern, dass er am 9. September um etwa 22:30 ein Callgirl zum Park Inn in Chestnut Hill gefahren h\u00e4tte, wo sie mit einem der Massenm\u00f6rder ins Bett gegangen sei. Das war ihr zweiter Besuch an diesem Tag im Zimmer des Terroristen. Zwei der Entf\u00fchrer von Flug&nbsp;11, der ins WTC st\u00fcrzte \u2013 Waleed M. Alshehri und Wail Alshehri \u2013 verbrachten den 9. September im Route 9-Hotel &#8230; Die Ausschweifungen der Terroristen im Rotlichtmilieu sind nur die letzte Verkn\u00fcpfung der Koranschwingenden M\u00f6rder und Amerikas zwielichtiger Sex-Szene.&nbsp;<a name=\"R_4\" href=\"#N_4\">[4]<\/a><\/p>\n<\/div>\n<p>Der eine Woche zuvor im <i>San Francisco Chronicle<\/i> erschienene Artikel \u201eDie Agenten des Terrors hinterlassen Spuren im S\u00fcndenviertel\u201c berichtet, dass zumindest f\u00fcnf der \u201eselbst ernannten Krieger Allahs\u201c, darunter Mohamed Atta, \u201edem entschieden un-islamischen Erforschen von verbotenen Freuden [wie <a href=\"https:\/\/de.wikipedia.org\/wiki\/Lapdance\">Lapdance<\/a>] in Amerikas Hauptstadt des moralischen Verfalls [Las Vegas] gefr\u00f6nt h\u00e4tten\u201c. Ermittlern zufolge hatte die Gruppe \u201emindestens sechs Trips hierher gemacht.\u201c Der Artikel zitiert dann Osama Haikal, den Vorstandsvorsitzenden der <a href=\"https:\/\/www.manta.com\/c\/mm2fgn7\/the-islamic-foundation-of-nevada\">Islamic Foundation of Nevada<\/a> (<a href=\"\/wp-content\/uploads\/2018\/12\/The_Islamic_Foundation_Of_Nevada.zip\">backup<\/a>), wie folgt: \u201eEchte Muslime trinken nicht, spielen nicht, und sie gehen nicht in Nachtklubs.\u201c&nbsp;<a name=\"R_5\" href=\"#N_5\">[5]<\/a><\/p>\n<p>Am 10. Oktober fasste das <i>Wall Street Journal<\/i> diese Berichte in einem Editorial mit dem Titel \u201eTerroristen schmei\u00dfen Partys\u201c zusammen.&nbsp;<a name=\"R_6\" href=\"#N_6\">[6]<\/a> W\u00e4hrend das Editorial des Journals den Widerspruch nur indirekt, durch den ironischen Titel andeutete, hatte ein Artikel mit dem Titel \u201eDie Handlungen der Verd\u00e4chtigen ergeben keinen Sinn\u201c im South Florida Sun-Sentinel das Problem schon f\u00fcnf Tage nach 9\/11 explizit angesprochen.<\/p>\n<p>Drei Kerle, die mit Lapdancern im <i>Pink Pony Nude Theater<\/i> herumspielen. Zwei andere, die am Wochenende, bevor sie Selbst- und Massenmord begehen, in einem Fischlokal in <a href=\"https:\/\/de.wikipedia.org\/wiki\/Hollywood_(Florida)\">Hollywood, Florida<\/a> Stolichnaya [Vodka] und <a href=\"https:\/\/de.wikipedia.org\/wiki\/Cuba_Libre\">Cuba-Libre<\/a> runtersch\u00fctten. &#8230; [Das] passt nicht zu gl\u00e4ubigen Muslimen, sagen Experten. Erst recht nicht zu religi\u00f6sen Fanatikern an ihren letzten Tagen auf Erden. &#8230; [Ein] gl\u00e4ubiger Muslim [kann nicht] Alkohol trinken oder in einem Striplokal feiern und erwarten, in den Himmel zu kommen, sagte Mahmoud Mustafa Ayoub, ein Professor an der Temple University in Philadelphia. &#8230; \u201eEs ist unvorstellbar, dass jemand an einem Tag saufen und in eine Stripbar gehen und sich am n\u00e4chsten Tag im Namen des Islam selbst t\u00f6ten k\u00f6nnte. &#8230; Irgendwas stimmt da nicht.\u201c&nbsp;<a name=\"R_7\" href=\"#N_7\">[7]<\/a><\/p>\n<p>Die 9\/11-Kommission blieb jede Erkl\u00e4rung schuldig, wie ihre Darstellung der Entf\u00fchrer als strenggl\u00e4ubige Muslime mit diesen Presseberichten zusammenpasst, und ignorierte sie einfach. So schrieb die Kommission z.&nbsp;B. \u00fcber einen Trip von Atta mit zwei anderen Entf\u00fchreren nach Las Vegas etwa einen Monat vor 9\/11: \u201eAu\u00dfer dass Las Vegas daf\u00fcr bekannt ist, Touristen willkommen zu hei\u00dfen, haben wir keine glaubw\u00fcrdigen Hinweise gesehen, warum die Agenten bei dieser und anderen Gelegenheiten nach Las Vegas flogen oder sich dort trafen.\u201c&nbsp;<a name=\"R_8\" href=\"#N_8\">[8]<\/a><\/p>\n<\/div>\n<div class=\"c9hdr\"><a name=\"CONCLUSION\"><\/a>Fazit<\/div>\n<div style=\"padding-left: 30px\">\n<p>Was \u00fcber das Verhalten der M\u00e4nner berichtet wird, die angeblich die 9\/11-Fl\u00fcge entf\u00fchrten, ist unvereinbar mit der Behauptung, sie w\u00e4ren strenggl\u00e4ubige Muslime gewesen.<\/p>\n<p>Die 9\/11-Kommission erw\u00e4hnte diesen Widerspruch nicht einmal, behauptete einfach, die M\u00e4nner seien gl\u00e4ubig gewesen und ihr Anf\u00fchrer w\u00e4re zum Fundamentalisten geworden, und ignorierte alle dieser Behauptung widersprechenden Berichte.<\/p>\n<p>Wenn die Mainstreammedien die Schl\u00fcsse aus ihren eigenen Artikeln, die der Behauptung der 9\/11-Kommission \u00fcber fanatische Muslime widersprechen, gezogen h\u00e4tten, so w\u00e4re es der amerikanischen \u00d6ffentlichkeit bewusst geworden, dass die Angriffe am 11. September nicht als Vorwand f\u00fcr Angriffe auf muslimische L\u00e4nder h\u00e4tten dienen d\u00fcrfen.<\/p>\n<\/div>\n<p class=\"c9np\"><a href=\"https:\/\/www.consensus911.org\/de\/point-h-2-de\/\">&lt;&lt; Vorheriger Punkt<\/a>, <a href=\"https:\/\/www.consensus911.org\/de\/point-h-4-de\/\">N\u00e4chster Punkt &gt;&gt;<\/a><\/p>\n<div class=\"c9hdr\"><a name=\"REFS\"><\/a>Quellenangaben f\u00fcr Punkt H-3<\/div>\n<div class=\"c9refs\">\n<table class=\"ref_tbl\">\n<tr>\n<td class=\"ref_nrs\">\n<div class=\"refnrs\"><a name=\"N_1\" href=\"#R_1\">[1]<\/a><\/div>\n<\/td>\n<td class=\"ref_txt\">\n<div class=\"rtxt-de\">\n<a href=\"http:\/\/www.amazon.com\/11-Commission-Report-Terrorist-Authorized\/dp\/0393326713\/\"><i>The 9\/11 Commission Report<\/i>: Final Report of the National Commission on Terrorist Attacks upon the United States<\/a>, autorisierte Ausgabe (W. W. Norton, 2004), behauptet auf S.&nbsp;160 (<a href=\"https:\/\/911commission.gov\/report\/911Report.pdf\">pdf<\/a>-S. 177): \u201eAls Atta nach Deutschland kam, erschien er zwar religi\u00f6s, aber nicht fanatisch. Dies sollte sich \u00e4ndern &#8230; \u201c\n<\/div>\n<\/td>\n<\/tr>\n<tr>\n<td class=\"ref_nrs\">\n<div class=\"refnrs\"><a name=\"N_2\" href=\"#R_2\">[2]<\/a><\/div>\n<\/td>\n<td class=\"ref_txt\">\n<div class=\"rtxt-de\">\n<a href=\"https:\/\/911commission.gov\/report\/911Report.pdf\">Ibid.<\/a>, 154. (pdf:&nbsp;171)\n<\/div>\n<\/td>\n<\/tr>\n<tr>\n<td class=\"ref_nrs\">\n<div class=\"refnrs\"><a name=\"N_3\" href=\"#R_3\">[3]<\/a><\/div>\n<\/td>\n<td class=\"ref_txt\">\n<div class=\"rtxt-de\">\nEric Bailey: \u201eIt Was a Little Strange. Most People Want to Do Take-Offs and Landings. All They Did Was Turns [Es war ein wenig seltsam. Die meisten wollen Starts und Landungen \u00fcben. Alles was die machten, waren Kurven.]\u201c, <i>Daily Mail<\/i>, 16. September 2001.\n<\/div>\n<\/td>\n<\/tr>\n<tr>\n<td class=\"ref_nrs\">\n<div class=\"refnrs\"><a name=\"N_4\" href=\"#R_4\">[4]<\/a><\/div>\n<\/td>\n<td class=\"ref_txt\">\n<div class=\"rtxt-de\">\nDavid Wedge: \u201e<a href=\"http:\/\/web.archive.org\/web\/20011010224657\/www.bostonherald.com\/attack\/investigation\/ausprob10102001.htm\">Terrorists Partied with Hooker at Hub-Area Hotel<\/a> [Terroristen feierten mit Nutte in einem Hub-Area Hotel]\u201c, <i>Boston Herald<\/i>, 10. Oktober 2001.\n<\/div>\n<\/td>\n<\/tr>\n<tr>\n<td class=\"ref_nrs\">\n<div class=\"refnrs\"><a name=\"N_5\" href=\"#R_5\">[5]<\/a><\/div>\n<\/td>\n<td class=\"ref_txt\">\n<div class=\"rtxt-de\">\nKevin Fagan: \u201e<a href=\"https:\/\/www.sfgate.com\/news\/article\/Agents-of-terror-leave-their-mark-on-Sin-City-2873407.php\">Agents of Terror Leave Their Mark on Sin City<\/a> [Die Agenten des Terrors hinterlassen Spuren im S\u00fcndenviertel]\u201c, <i>San Francisco Chronicle<\/i>, 4. Oktober 2001.\n<\/div>\n<\/td>\n<\/tr>\n<tr>\n<td class=\"ref_nrs\">\n<div class=\"refnrs\"><a name=\"N_6\" href=\"#R_6\">[6]<\/a><\/div>\n<\/td>\n<td class=\"ref_txt\">\n<div class=\"rtxt-de\">\n\u201e<a href=\"http:\/\/web.archive.org\/web\/20011107154833\/http:\/\/www.opinionjournal.com\/best\/?id=95001298\">Terrorist Stag Parties<\/a> [Terroristen-Abschiedsparties]\u201c, <i>Wall Street Journal<\/i>, 10. Oktober 2001.\n<\/div>\n<\/td>\n<\/tr>\n<tr>\n<td class=\"ref_nrs\">\n<div class=\"refnrs\"><a name=\"N_7\" href=\"#R_7\">[7]<\/a><\/div>\n<\/td>\n<td class=\"ref_txt\">\n<div class=\"rtxt-de\">\nJody A. Benjamin: \u201e<a href=\"http:\/\/web.archive.org\/web\/20010916150533\/http:\/\/www.sun-sentinel.com\/news\/local\/southflorida\/sfl-warriors916.story\">Suspects\u2019 Actions Don\u2019t Add Up<\/a> [Die Handlungen der Verd\u00e4chtigen ergeben keinen Sinn]\u201c, <i>South Florida Sun-Sentinel<\/i>, 16. September 2001.\n<\/div>\n<\/td>\n<\/tr>\n<tr>\n<td class=\"ref_nrs\">\n<div class=\"refnrs\"><a name=\"N_8\" href=\"#R_8\">[8]<\/a><\/div>\n<\/td>\n<td class=\"ref_txt\">\n<div class=\"rtxt-de\">\n<a href=\"https:\/\/911commission.gov\/report\/911Report.pdf\"><i>The 9\/11 Commission Report<\/i><\/a>, 248 (pdf:&nbsp;265).\n<\/div>\n<\/td>\n<\/tr>\n<\/table>\n<\/div>\n<p><!-- c9refs -->\n<\/div>\n<p><!-- c9text --><\/p>\n","protected":false},"excerpt":{"rendered":"<p>Punkt H-3: Die Behauptung, dass die Flugzeugentf\u00fchrer strenggl\u00e4ubige<br \/> Punkt H-3: Muslime waren <\/p>\n<p class=\"c9np\"><a href=\"https:\/\/www.consensus911.org\/de\/point-h-2-de\/\">&lt;&lt; Vorheriger Punkt<\/a>, <a href=\"https:\/\/www.consensus911.org\/de\/point-h-4-de\/\">N\u00e4chster Punkt &gt;&gt;<\/a><\/p>\n<p> <a name=\"OFFICIAL\"><\/a>Die offizielle Darstellung <\/p>\n<p>Die vier 9\/11-Fl\u00fcge wurden von strenggl\u00e4ubigen Muslimen entf\u00fchrt. Dem 9\/11-Kommissionsbericht zufolge hatte deren Anf\u00fchrer, Mohamed Atta, \u201esich dem Fundamentalismus zugewandt\u201c.&nbsp;<a name=\"R_1\" href=\"#N_1\">[1]<\/a> Aufgrund ihres Glaubens waren die Flugzeugentf\u00fchrer zu [&#8230;]<\/p>\n","protected":false},"author":111,"featured_media":0,"parent":0,"menu_order":0,"comment_status":"closed","ping_status":"closed","template":"","meta":{"footnotes":""},"class_list":["post-18677","page","type-page","status-publish","hentry"],"jetpack_sharing_enabled":true,"_links":{"self":[{"href":"https:\/\/www.consensus911.org\/de\/wp-json\/wp\/v2\/pages\/18677","targetHints":{"allow":["GET"]}}],"collection":[{"href":"https:\/\/www.consensus911.org\/de\/wp-json\/wp\/v2\/pages"}],"about":[{"href":"https:\/\/www.consensus911.org\/de\/wp-json\/wp\/v2\/types\/page"}],"author":[{"embeddable":true,"href":"https:\/\/www.consensus911.org\/de\/wp-json\/wp\/v2\/users\/111"}],"replies":[{"embeddable":true,"href":"https:\/\/www.consensus911.org\/de\/wp-json\/wp\/v2\/comments?post=18677"}],"version-history":[{"count":5,"href":"https:\/\/www.consensus911.org\/de\/wp-json\/wp\/v2\/pages\/18677\/revisions"}],"predecessor-version":[{"id":20636,"href":"https:\/\/www.consensus911.org\/de\/wp-json\/wp\/v2\/pages\/18677\/revisions\/20636"}],"wp:attachment":[{"href":"https:\/\/www.consensus911.org\/de\/wp-json\/wp\/v2\/media?parent=18677"}],"curies":[{"name":"wp","href":"https:\/\/api.w.org\/{rel}","templated":true}]}}