{"id":8127,"date":"2014-09-06T02:44:25","date_gmt":"2014-09-06T09:44:25","guid":{"rendered":"http:\/\/www.consensus911.org\/?page_id=8127"},"modified":"2025-10-17T09:32:40","modified_gmt":"2025-10-17T16:32:40","slug":"point-g-1-de","status":"publish","type":"page","link":"https:\/\/www.consensus911.org\/de\/point-g-1-de\/","title":{"rendered":"Point G-1 (De)"},"content":{"rendered":"<h4 class=\"c9h4\">Punkt G-1: Eine Behauptung \u00fcber Osama bin Laden<\/h4>\n<div class=\"c9text-de\">\n<p class=\"c9np\"><a href=\"https:\/\/www.consensus911.org\/de\/point-video-2-de\/\">&lt;&lt; Vorheriger Punkt<\/a>, <a href=\"https:\/\/www.consensus911.org\/de\/point-g-2-de\/\">N\u00e4chster Punkt &gt;&gt;<\/a><\/p>\n<div class=\"c9hdr\"><a name=\"OFFICIAL\"><\/a>Die offizielle Darstellung<\/div>\n<p style=\"padding-left: 30px\">Osama bin Laden war verantwortlich&nbsp;<a name=\"R_1\" href=\"#N_1\">[1]<\/a> f\u00fcr die Anschl\u00e4ge des 11. Septembers.<\/p>\n<div class=\"c9hdr\"><a name=\"EVIDENCE\"><\/a>Die \u201e<a href=\"https:\/\/www.consensus911.org\/de\/what-is-the-best-evidence-de\/#DBB\">Besten Beweise<\/a>\u201c<\/div>\n<div style=\"padding-left: 30px\">\nDas FBI z\u00e4hlte 9\/11 nicht zu den terroristischen Anschl\u00e4gen, f\u00fcr die Osama bin Laden gesucht wurde.&nbsp;<a name=\"R_2\" href=\"#N_2\">[2]<\/a><\/p>\n<p>Als Rex Tomb, damals Leiter der investigativen \u00d6ffentlichkeitsarbeit f\u00fcr das FBI, dazu befragt wurde, erkl\u00e4rte er,&nbsp;<a name=\"R_3\" href=\"#N_3\">[3]<\/a> dass dem FBI keine konkreten Beweise f\u00fcr eine Verbindung zwischen 9\/11 und bin Laden vorl\u00e4gen.&nbsp;<a name=\"R_4\" href=\"#N_4\">[4]<\/a><\/p>\n<p>Des Weiteren hielten Au\u00dfenminister Colin Powell, der britische Premierminister Tony Blair und die <a href=\"https:\/\/de.wikipedia.org\/wiki\/9\/11-Kommission\">9\/11-Kommission<\/a> ihre Versprechen,&nbsp;<a name=\"R_5\" href=\"#N_5\">[5]<\/a> Beweise f\u00fcr die Verantwortung bin Ladens bez\u00fcglich 9\/11 vorzulegen, nicht ein.&nbsp;<a name=\"R_6\" href=\"#N_6\">[6]<\/a><\/p>\n<\/div>\n<p class=\"c9np\"><a href=\"https:\/\/www.consensus911.org\/de\/point-video-2-de\/\">&lt;&lt; Vorheriger Punkt<\/a>, <a href=\"https:\/\/www.consensus911.org\/de\/point-g-2-de\/\">N\u00e4chster Punkt &gt;&gt;<\/a><\/p>\n<div class=\"c9hdr\"><a name=\"REFS\"><\/a>Quellenangaben f\u00fcr Punkt G-1<\/div>\n<div class=\"c9refs\">\n<table class=\"ref_tbl\">\n<tr>\n<td class=\"ref_nrs\">\n<div class=\"refnrs\"><a name=\"N_1\" href=\"#R_1\">[1]<\/a><\/div>\n<\/td>\n<td class=\"ref_txt\">\n<div class=\"rtxt-de\">\n<a href=\"https:\/\/911commission.gov\/report\/911Report.pdf\"><i>The 9\/11 Commission Report<\/i><\/a> [<i>Der 9\/11-Kommissionsbericht<\/i>], 2004\n<\/div>\n<\/td>\n<\/tr>\n<tr>\n<td class=\"ref_nrs\">\n<div class=\"refnrs\"><a name=\"N_2\" href=\"#R_2\">[2]<\/a><\/div>\n<\/td>\n<td class=\"ref_txt\">\n<div class=\"rtxt-de\">\nFederal Bureau of Investigation: \u201e<a href=\"http:\/\/web.archive.org\/web\/20101011161759\/http:\/www.fbi.gov\/wanted\/topten\/usama-bin-laden\">Wanted by the FBI<\/a> [Meist gesuchte Terroristen]\u201c\n<\/div>\n<\/td>\n<\/tr>\n<tr>\n<td class=\"ref_nrs\">\n<div class=\"refnrs\"><a name=\"N_3\" href=\"#R_3\">[3]<\/a><\/div>\n<\/td>\n<td class=\"ref_txt\">\n<div class=\"rtxt-de\">\nEd Haas: \u201e<a href=\"http:\/\/web.archive.org\/web\/20090207113442\/http:\/teamliberty.net\/id267.html\">FBI says, \u2018No Hard Evidence Connecting Bin Laden to 9\/11\u2019<\/a> [Das FBI sagt: \u201aKein konkreter Beweis, der bin Laden mit 9\/11 verbindet\u2018]\u201c, Muckraker Bericht, 6. Juni 2006\n<\/div>\n<\/td>\n<\/tr>\n<tr>\n<td class=\"ref_nrs\">\n<div class=\"refnrs\"><a name=\"N_4\" href=\"#R_4\">[4]<\/a><\/div>\n<\/td>\n<td class=\"ref_txt\">\n<div class=\"rtxt-de\">\nDer deutsche <a href=\"https:\/\/de.wikipedia.org\/wiki\/Dieter_Deiseroth\">Bundesanwalt Dieter Deiseroth<\/a> schrieb in einem <a href=\"https:\/\/www.heise.de\/tp\/features\/Das-schreit-geradezu-nach-Aufklaerung-3383769.html\">Artikel im Dezember 2009<\/a>, dass kein unabh\u00e4ngiges Gericht die Beweise gegen bin Laden verifiziert hat.<br \/>\n\u201e<a href=\"https:\/\/www.theguardian.com\/world\/2001\/oct\/14\/afghanistan.terrorism5\">Bush lehnt das Angebot der Taliban ab, bin Laden zu \u00fcbergeben<\/a>\u201c, der <i>Guardian<\/i>, 14. Oktober 2001. Die Taliban sagten, dass sie bin Laden ausliefern w\u00fcrden, wenn Beweise f\u00fcr dessen Schuld seitens der USA vorgelegt w\u00fcrden.<br \/>\n\u201e<span class=\"deadlink\" title=\"fr\u00fcher abrufbar von https:\/\/web.archive.org\/web\/20030421205426\/http:\/\/www.fromthewilderness.com\/timeline\/2001\/wpost102901.html\">Taliban Met With U.&nbsp;S. Often &#8211; Talks centered on ways to hand over bin Laden<\/span> [Die Taliban trafen sich oft mit Vertretern der USA: Die Gespr\u00e4che drehten sich um den Modus der Auslieferung von bin Laden]\u201c, <i>Washington Post<\/i>, 29. Oktober 2001. Die Taliban forderten Beweise f\u00fcr bin Ladens Schuld, aber die wurden nicht vorgelegt.<br \/>\n\u201e<span class=\"deadlink\" title=\"fr\u00fcher abrufbar von http:\/\/news.bbc.co.uk\/2\/hi\/americas\/1581063.stm\">The investigation and the evidence [Die Untersuchung und die Beweise]<\/span>\u201c (<a href=\"https:\/\/www.consensus911.org\/wp-content\/uploads\/2022\/05\/BBC_News_AMERICAS_The_investigation_and_the_evidence.zip\">backup<\/a>), <i>BBC News<\/i>, 5. Oktober 2001. \u201eIm \u00f6ffentlichen Bereich gibt es keine direkten Beweise, die Osama Bin Laden mit den Anschl\u00e4gen des 11. Septembers in Verbindung bringen.\u201c\n<\/div>\n<\/td>\n<\/tr>\n<tr>\n<td class=\"ref_nrs\">\n<div class=\"refnrs\"><a name=\"N_5\" href=\"#R_5\">[5]<\/a><\/div>\n<\/td>\n<td class=\"ref_txt\">\n<div class=\"rtxt-de\">\nPowell: \u201e<a href=\"https:\/\/web.archive.org\/web\/20010924021324\/http:\/\/www.washingtonpost.com\/wp-srv\/nation\/specials\/attacked\/transcripts\/nbctext092301.html\">Meet the Press<\/a>\u201c, <i>NBC<\/i>, 23. September 2001.<br \/>\nBlair: Tony Blair: Das B\u00fcro des Premierministers, \u201e<a href=\"https:\/\/news.bbc.co.uk\/2\/hi\/uk_news\/politics\/1579043.stm\">Responsibility for the Terrorist Atrocities in the United States<\/a> [Verantwortung f\u00fcr die terroristischen Gr\u00e4ueltaten in den Vereinigten Staaten]\u201c, <i>BBC News<\/i>, 4. Oktober 2001.\n<\/div>\n<\/td>\n<\/tr>\n<tr>\n<td class=\"ref_nrs\">\n<div class=\"refnrs\"><a name=\"N_6\" href=\"#R_6\">[6]<\/a><\/div>\n<\/td>\n<td class=\"ref_txt\">\n<div class=\"rtxt-de\">\nPowell: \u201e<a href=\"https:\/\/avalon.law.yale.edu\/sept11\/president_026.asp\">Remarks by the President, Secretary of the Treasury O&#8217;Neill and Secretary of State Powell on Executive Order 9:35 A.M. EDT; September 24, 2001<\/a> [Bemerkungen des Pr\u00e4sidenten, des Finanzministers O\u2019Neill und des Au\u00dfenministers Powell \u00fcber die Verf\u00fcgung des Pr\u00e4sidenten vom 24. September 2001, 9:35 EDT (Ostk\u00fcstensommerzeit)]\u201c, das Wei\u00dfe Haus, 24. September 2001.<br \/>\nSeymour M. Hersh: \u201e<a href=\"http:\/\/web.archive.org\/web\/20080819222256\/http:\/cicentre.com\/Documents\/DOC_Hersch_OCT_01.htm\">What Went Wrong: The C.I.A. and the Failure of<br \/>\nAmerican Intelligence<\/a> [Was falsch gelaufen ist: Die C.I.A. und das Versagen der amerikanischen Geheimdienste]\u201c, <i>New Yorker<\/i>, 1. Oktober 2001.<br \/>\nTony Blair: Das B\u00fcro des Premierministers, \u201e<a href=\"https:\/\/news.bbc.co.uk\/2\/hi\/uk_news\/politics\/1579043.stm\">Responsibility for the Terrorist Atrocities in the United States<\/a> [Verantwortung f\u00fcr die terroristischen Gr\u00e4ueltaten in den Vereinigten Staaten]\u201c, <i>BBC News<\/i>, 4. Oktober 2001.<br \/>\nDas Dokument der Regierung gab an, dass die Regierung \u201enicht den Anspruch erhebt, gegen Osama Bin Laden einen strafrechtlichen Prozess f\u00fchren zu k\u00f6nnen.\u201c<br \/>\n<a href=\"https:\/\/911commission.gov\/report\/911Report.pdf\"><i>Der 9\/11-Kommissionsbericht<\/i><\/a> (2004). Alle Angaben \u00fcber bin Ladens Verantwortung basierten auf Verh\u00f6ren von KSM [<a href=\"https:\/\/en.wikipedia.org\/wiki\/Khalid_Sheikh_Mohammed\">Khalid Sheik Mohammed<\/a>] unter Anwendung von Folter. Siehe <a href=\"https:\/\/911commission.gov\/report\/911Report.pdf\"><i>The 9\/11 Commission Report<\/i><\/a>, Anmerkungen zu Kapitel 5 (S.&nbsp;488, pdf-S.&nbsp;505&nbsp;ff), Anmerkungen 1, 10, 11, 16, 32, 40 und&nbsp;41.\n<\/div>\n<\/td>\n<\/tr>\n<\/table>\n<\/div>\n<p><!-- c9refs -->\n<\/div>\n<p><!-- c9text --><\/p>\n","protected":false},"excerpt":{"rendered":"<p>Punkt G-1: Eine Behauptung \u00fcber Osama bin Laden <\/p>\n<p class=\"c9np\"><a href=\"https:\/\/www.consensus911.org\/de\/point-video-2-de\/\">&lt;&lt; Vorheriger Punkt<\/a>, <a href=\"https:\/\/www.consensus911.org\/de\/point-g-2-de\/\">N\u00e4chster Punkt &gt;&gt;<\/a><\/p>\n<p> <a name=\"OFFICIAL\"><\/a>Die offizielle Darstellung <\/p>\n<p style=\"padding-left: 30px\">Osama bin Laden war verantwortlich&nbsp;<a name=\"R_1\" href=\"#N_1\">[1]<\/a> f\u00fcr die Anschl\u00e4ge des 11. Septembers.<\/p>\n<p> <a name=\"EVIDENCE\"><\/a>Die \u201e<a href=\"https:\/\/www.consensus911.org\/de\/what-is-the-best-evidence-de\/#DBB\">Besten Beweise<\/a>\u201c Das FBI z\u00e4hlte 9\/11 nicht zu den terroristischen Anschl\u00e4gen, f\u00fcr die Osama bin Laden [&#8230;]<\/p>\n","protected":false},"author":110,"featured_media":0,"parent":0,"menu_order":118,"comment_status":"closed","ping_status":"closed","template":"","meta":{"footnotes":""},"class_list":["post-8127","page","type-page","status-publish","hentry"],"jetpack_sharing_enabled":true,"_links":{"self":[{"href":"https:\/\/www.consensus911.org\/de\/wp-json\/wp\/v2\/pages\/8127","targetHints":{"allow":["GET"]}}],"collection":[{"href":"https:\/\/www.consensus911.org\/de\/wp-json\/wp\/v2\/pages"}],"about":[{"href":"https:\/\/www.consensus911.org\/de\/wp-json\/wp\/v2\/types\/page"}],"author":[{"embeddable":true,"href":"https:\/\/www.consensus911.org\/de\/wp-json\/wp\/v2\/users\/110"}],"replies":[{"embeddable":true,"href":"https:\/\/www.consensus911.org\/de\/wp-json\/wp\/v2\/comments?post=8127"}],"version-history":[{"count":5,"href":"https:\/\/www.consensus911.org\/de\/wp-json\/wp\/v2\/pages\/8127\/revisions"}],"predecessor-version":[{"id":23326,"href":"https:\/\/www.consensus911.org\/de\/wp-json\/wp\/v2\/pages\/8127\/revisions\/23326"}],"wp:attachment":[{"href":"https:\/\/www.consensus911.org\/de\/wp-json\/wp\/v2\/media?parent=8127"}],"curies":[{"name":"wp","href":"https:\/\/api.w.org\/{rel}","templated":true}]}}