{"id":8595,"date":"2014-10-13T01:37:20","date_gmt":"2014-10-13T08:37:20","guid":{"rendered":"http:\/\/www.consensus911.org\/?page_id=8595"},"modified":"2016-10-13T23:17:04","modified_gmt":"2016-10-14T06:17:04","slug":"point-g-2-de","status":"publish","type":"page","link":"https:\/\/www.consensus911.org\/de\/point-g-2-de\/","title":{"rendered":"Punkt G-2 (De)"},"content":{"rendered":"<h4 class=\"c9h4\">Punkt G-2: Die Behauptung, es h\u00e4tte vor dem 11. 9. 2001 kein Insider-Handel<br \/><span style=\"color: #ffffff\">Punkt G-2:<\/span> mit Put-Optionen stattgefunden<\/h4>\n<div class=\"c9text-de\">\n<p class=\"c9np\"><a href=\"https:\/\/www.consensus911.org\/de\/point-g-1-de\/\">&lt;&lt; Vorheriger Punkt<\/a>, <a href=\"https:\/\/www.consensus911.org\/de\/point-tt-1-de\/\">N\u00e4chster Punkt &gt;&gt;<\/a><\/p>\n<div class=\"c9hdr\"><a name=\"INTRO\"><\/a>Einleitung<\/div>\n<p style=\"padding-left: 30px\">In den ersten Monaten nach 9\/11 gab es recht weitverbreitete Berichte in der Presse dar\u00fcber, dass Personen aufgrund von Vorherwissen \u00fcber die Anschl\u00e4ge enorme Profite gemacht hatten.&nbsp;<a name=\"R_1\" href=\"#N_1\">[1]<\/a><\/p>\n<div class=\"c9hdr\"><a name=\"OFFICIAL\"><\/a>Die offizielle Darstellung<\/div>\n<div style=\"padding-left: 30px\">\n<p>Im <a href=\"https:\/\/de.wikipedia.org\/wiki\/9\/11-Kommission\"><i>9\/11-Kommissionsbericht<\/i><\/a> von 2004 hei\u00dft es: \u201eOft ver\u00f6ffentliche Anschuldigungen \u00fcber Insiderhandel im Vorfeld von 9\/11\u201c wurden get\u00e4tigt, und es gab \u201eetwas au\u00dfergew\u00f6hnlichen Handel\u201c in Bezug auf \u201ePut-Optionen \u2013 Investitionen, die sich nur dann auszahlen, wenn der Kurs der Aktie f\u00e4llt.\u201c&nbsp;<a name=\"R_2\" href=\"#N_2\">[2]<\/a> Nichtsdestotrotz schrieb die Kommission: \u201eAusf\u00fchrliche Untersuchungen der B\u00f6rsenaufsichtsbeh\u00f6rde, des FBI und weiterer Beh\u00f6rden haben keine Beweise daf\u00fcr gefunden, dass irgendjemand mit Vorherwissen \u00fcber die Anschl\u00e4ge durch Wertpapierhandel profitiert h\u00e4tte.\u201c&nbsp;<a name=\"R_3\" href=\"#N_3\">[3]<\/a><\/p>\n<p>Zum Beispiel: \u201eDer Umfang der Put-Optionen auf Aktien der Muttergesellschaften von United Airlines &#8230; stieg am 6. September und der von American Airlines am 10. September pl\u00f6tzlich an\u201c und dies war \u201eauf den ersten Blick hoch verd\u00e4chtig.\u201c Allerdings \u201ehat die weitere Untersuchung enth\u00fcllt, dass der Handel keine Verbindung zu 9\/11 hatte. Ein einziger in den U.&nbsp;S.&nbsp;A. ans\u00e4ssiger institutioneller Anleger ohne eine erkennbare Verbindung zu <a href=\"https:\/\/de.wikipedia.org\/wiki\/Al-Qaida\">al-Qaida<\/a> kaufte am 6. September 95 Prozent aller United Airlines Put-Optionen als Teil einer Kaufstrategie, die zus\u00e4tzlich den Kauf von 115.000 Aktien von American Airlines am 10. September beinhaltete.\u201c&nbsp;<a name=\"R_4\" href=\"#N_4\">[4]<\/a><\/p>\n<\/div>\n<div class=\"c9hdr\"><a name=\"EVIDENCE\"><\/a>Die \u201e<a href=\"https:\/\/www.consensus911.org\/de\/what-is-the-best-evidence-de\/#DBB\">Besten Beweise<\/a>\u201c<\/div>\n<div style=\"padding-left: 30px\">\n<p>Es gibt drei Gr\u00fcnde, die Behauptung der <a href=\"https:\/\/de.wikipedia.org\/wiki\/9\/11-Kommission\">9\/11-Kommission<\/a> zur\u00fcckzuweisen, in der sie die Annahme verwirft, dass aufgrund von Vorherwissen \u00fcber die Anschl\u00e4ge des 11. Septembers im gro\u00dfen Umfang Profite gemacht wurden.<\/p>\n<p>Erstens belegte die 9\/11-Kommission nicht, dass kein Insiderhandel basierend auf Vorkenntnissen \u00fcber die Ereignisse von 9\/11 stattfand, sondern behauptete dies schlicht nur.<\/p>\n<p>Zweitens verwendete die Kommission einen Zirkelschluss in Bezug auf United Airlines: Mit der Aussage, dass die meisten der United Airlines Put Options durch einen Investor \u201eohne eine erkennbare Verbindung zu <a href=\"https:\/\/de.wikipedia.org\/wiki\/Al-Qaida\">al-Qaida<\/a>\u201c erworben wurden, setzt die Kommission schlicht voraus, dass 9\/11 einzig und allein von al-Quaida sowohl geplant als auch ausgef\u00fchrt wurde und dass niemand sonst Vorherwissen von den Anschl\u00e4gen hatte.<\/p>\n<p>Drittens haben \u00d6konometriker, die statistische Analysen verwenden, um objektive Ergebnisse in der Wirtschaft zu produzieren, Studien ver\u00f6ffentlicht, die zeigen, dass ein sehr ungew\u00f6hnlicher Handelsverlauf kurz vor 9\/11 hohe Profite gesichert hat, was den Verdacht von Insiderhandel sehr nahelegt:<\/p>\n<ul style=\"padding-left: 30px\">\n<li>Beispielsweise ist hierf\u00fcr eine von einem Professor f\u00fcr Finanzwissenschaften der Universit\u00e4t Illinois erstellte und in einem etablierten Journal ver\u00f6ffentlichte Analyse \u00fcber K\u00e4ufe von Put-Optionen f\u00fcr United und American Airlines zwischen dem 5. und 10. September 2001 zu nennen: Diese folgerte, dass die Beweislage \u201e\u00fcbereinstimmend damit sei, dass die Terroristen oder ihre Partner auf die Anschl\u00e4ge des 11. Septembers spekuliert haben.\u201c&nbsp;<a name=\"R_5\" href=\"#N_5\">[5]<\/a>\n\t<\/li>\n<li>Eine weitere in einem gut etablierten Journal ver\u00f6ffentlichte wirtschaftliche Studie folgerte, dass \u201eabnormale Handelsumf\u00e4nge &#8230; glaubw\u00fcrdige Indizien darstellen, die die Behauptung von Insiderhandel untermauern.\u201c&nbsp;<a name=\"R_6\" href=\"#N_6\">[6]<\/a>\n\t<\/li>\n<li>\nEine ausf\u00fchrlichere Studie durch Professoren am <a href=\"https:\/\/de.wikipedia.org\/wiki\/Swiss_Finance_Institute\">Swiss Finance Institute<\/a> und dem Swiss Banking Institute [der Uni Z\u00fcrich]&nbsp;<a name=\"R_7\" href=\"#N_7\">[7]<\/a> zeigt, dass Insider wahrscheinlich einen Gewinn von 15 Millionen Dollar erzielten, durch den Kauf von Put-Optionen von Boeing, Merrill Lynch, J.P. Morgan, Citigroup und der Bank of America.&nbsp;<a name=\"R_8\" href=\"#N_8\">[8]<\/a>\n\t<\/li>\n<\/ul>\n<p>Diese \u00f6konometrische Untersuchungen aus den Jahren 2006, 2010 und 2011 wurden in keinster Weise, weder von professioneller noch von beh\u00f6rdlicher Seite, angefochten.<\/p>\n<\/div>\n<p class=\"c9np\"><a href=\"https:\/\/www.consensus911.org\/de\/point-g-1-de\/\">&lt;&lt; Vorheriger Punkt<\/a>, <a href=\"https:\/\/www.consensus911.org\/de\/point-tt-1-de\/\">N\u00e4chster Punkt &gt;&gt;<\/a><\/p>\n<div class=\"c9hdr\"><a name=\"REFS\"><\/a>Quellenangaben f\u00fcr Punkt G-2<\/div>\n<div class=\"c9refs\">\n<table class=\"ref_tbl\">\n<tr>\n<td class=\"ref_nrs\">\n<div class=\"refnrs\"><a name=\"N_1\" href=\"#R_1\">[1]<\/a><\/div>\n<\/td>\n<td class=\"ref_txt\">\n<div class=\"rtxt-de\">\nBeispielsweise berichtete die BBC eine Woche nach 9\/11: \u201eDer Aufpasser der City, die <i><a href=\"https:\/\/de.wikipedia.org\/wiki\/Financial_Services_Authority\">Financial Services Authority<\/a> [Londoner Finanzmarktaufsichtsbeh\u00f6rde]<\/i> , hat eine Untersuchung eingeleitet bez\u00fcglich ungew\u00f6hnlicher Aktienpreisbewegungen in London vor den Gr\u00e4ueltaten der letzten Woche. Die <i>[London] Times<\/i> berichtet, dass die amerikanischen Autorit\u00e4ten ungew\u00f6hnlich gro\u00dfe Verk\u00e4ufe von Aktien von Airlines und Versicherungsgesellschaften untersuchen. Man sagt, es gibt Verdachtsmomente, dass Aktien von Leuten verkauft wurden, die von den bevorstehenden Anschl\u00e4gen gewusst haben\u201c (\u201e<a href=\"http:\/\/news.bbc.co.uk\/2\/hi\/uk_news\/1549909.stm\">Papers Salute New York Stock Exchange<\/a> [Zeitungen gr\u00fc\u00dfen die New Yorker B\u00f6rse]\u201c, <i>BBC News<\/i>, 18. September 2001)\n<\/div>\n<\/td>\n<\/tr>\n<tr>\n<td class=\"ref_nrs\">\n<div class=\"refnrs\"><a name=\"N_2\" href=\"#R_2\">[2]<\/a><\/div>\n<\/td>\n<td class=\"ref_txt\">\n<div class=\"rtxt-de\">\n<a href=\"http:\/\/www.911commission.gov\/report\/911Report.pdf\"><i>The 9\/11 Commission Report<\/i><\/a>, S.&nbsp;499, Anmerkung 130\n<\/div>\n<\/td>\n<\/tr>\n<tr>\n<td class=\"ref_nrs\">\n<div class=\"refnrs\"><a name=\"N_3\" href=\"#R_3\">[3]<\/a><\/div>\n<\/td>\n<td class=\"ref_txt\">\n<div class=\"rtxt-de\">\n<a href=\"http:\/\/www.911commission.gov\/report\/911Report.pdf\"><i>The 9\/11 Commission Report<\/i><\/a>, S.&nbsp;172\n<\/div>\n<\/td>\n<\/tr>\n<tr>\n<td class=\"ref_nrs\">\n<div class=\"refnrs\"><a name=\"N_4\" href=\"#R_4\">[4]<\/a><\/div>\n<\/td>\n<td class=\"ref_txt\">\n<div class=\"rtxt-de\">\n<a href=\"http:\/\/www.911commission.gov\/report\/911Report.pdf\"><i>The 9\/11 Commission Report<\/i><\/a>, S.&nbsp;499, Anmerkung 130\n<\/div>\n<\/td>\n<\/tr>\n<tr>\n<td class=\"ref_nrs\">\n<div class=\"refnrs\"><a name=\"N_5\" href=\"#R_5\">[5]<\/a><\/div>\n<\/td>\n<td class=\"ref_txt\">\n<div class=\"rtxt-de\">\nAllen M. Poteshman: \u201e<a href=\"http:\/\/www.jstor.org\/stable\/pdf\/10.1086\/503645.pdf?acceptTC\">Unusual Option Market Activity and the Terrorist Attacks of September 11, 2001<\/a> [Ungew\u00f6hnliche Aktivit\u00e4ten am Optionsmarkt und die Terroranschl\u00e4ge des 11. September 2001]\u201c, <i>Journal of Business<\/i>, 79 (2006): 1703-26; (<a href=\"http:\/\/www.consensus911.org\/wp-content\/uploads\/2016\/03\/UnusualOptionMarketActivity.pdf\">backup des pdf<\/a>)\n<\/div>\n<\/td>\n<\/tr>\n<tr>\n<td class=\"ref_nrs\">\n<div class=\"refnrs\"><a name=\"N_6\" href=\"#R_6\">[6]<\/a><\/div>\n<\/td>\n<td class=\"ref_txt\">\n<div class=\"rtxt-de\">\nWing-Keung Wong, Howard E. Thompson, Kweehong, Teh: \u201e<a title=\"Abnormal Trading\" href=\"https:\/\/web.archive.org\/web\/20240503034842\/http:\/\/www.mfsociety.org\/images\/uploadFiles\/photos\/File\/V15N12p1.pdf\">Was there Abnormal Trading in the S&#038;P 500 Index Options Prior to the September 11 Attacks?<\/a> [Gab es ungew\u00f6hnlichen Handel in den S&amp;P 500 Index Optionen vor den Anschl\u00e4gen des 11. September?]\u201c <i>Multinational Finance Journal<\/i> 15\/1-2 (2011): 1-46, Zusammenfassung auf S.&nbsp;43\n<\/div>\n<\/td>\n<\/tr>\n<tr>\n<td class=\"ref_nrs\">\n<div class=\"refnrs\"><a name=\"N_7\" href=\"#R_7\">[7]<\/a><\/div>\n<\/td>\n<td class=\"ref_txt\">\n<div class=\"rtxt-de\">\nMarc Chesney, Remo Crameri, Loriano Mancini: \u201e<a href=\"https:\/\/papers.ssrn.com\/sol3\/papers.cfm?abstract_id=1522157\">Detecting Informed Trading Activities in the Options Markets<\/a> [Aufsp\u00fcren informierter Handelsaktivit\u00e4ten in den Optionsm\u00e4rkten]\u201c, Untersuchungsdokument des Schweizer Finanzinstituts, 7. September 2011\n<\/div>\n<\/td>\n<\/tr>\n<tr>\n<td class=\"ref_nrs\">\n<div class=\"refnrs\"><a name=\"N_8\" href=\"#R_8\">[8]<\/a><\/div>\n<\/td>\n<td class=\"ref_txt\">\n<div class=\"rtxt-de\">\nSiehe Tabelle 2 von Paul Zarembka: \u201e<a href=\"http:\/\/web.archive.org\/web\/20111010192749\/http:\/\/ithp.org\/articles\/septemberinsidertrading.html\">Evidence of Insider Trading Before September 11th Re-examined<\/a> [Beweise f\u00fcr Insiderhandel vor dem 11. September erneut untersucht]\u201c, Internationale Anh\u00f6rungen zu den Vorf\u00e4llen des 11. September 2001, 8. &#8211; 11. September 2011, Ryerson University, Toronto.\n<\/div>\n<\/td>\n<\/tr>\n<\/table>\n<\/div>\n<p><!-- c9refs -->\n<\/div>\n<p><!-- c9text --><\/p>\n","protected":false},"excerpt":{"rendered":"<p>Punkt G-2: Die Behauptung, es h\u00e4tte vor dem 11. 9. 2001 kein Insider-Handel<br \/>Punkt G-2: mit Put-Optionen stattgefunden <\/p>\n<p class=\"c9np\"><a href=\"https:\/\/www.consensus911.org\/de\/point-g-1-de\/\">&lt;&lt; Vorheriger Punkt<\/a>, <a href=\"https:\/\/www.consensus911.org\/de\/point-tt-1-de\/\">N\u00e4chster Punkt &gt;&gt;<\/a><\/p>\n<p> <a name=\"INTRO\"><\/a>Einleitung <\/p>\n<p style=\"padding-left: 30px\">In den ersten Monaten nach 9\/11 gab es recht weitverbreitete Berichte in der Presse dar\u00fcber, dass Personen aufgrund von Vorherwissen \u00fcber die Anschl\u00e4ge enorme [&#8230;]<\/p>\n","protected":false},"author":110,"featured_media":0,"parent":0,"menu_order":120,"comment_status":"closed","ping_status":"closed","template":"","meta":{"footnotes":""},"class_list":["post-8595","page","type-page","status-publish","hentry"],"jetpack_sharing_enabled":true,"_links":{"self":[{"href":"https:\/\/www.consensus911.org\/de\/wp-json\/wp\/v2\/pages\/8595","targetHints":{"allow":["GET"]}}],"collection":[{"href":"https:\/\/www.consensus911.org\/de\/wp-json\/wp\/v2\/pages"}],"about":[{"href":"https:\/\/www.consensus911.org\/de\/wp-json\/wp\/v2\/types\/page"}],"author":[{"embeddable":true,"href":"https:\/\/www.consensus911.org\/de\/wp-json\/wp\/v2\/users\/110"}],"replies":[{"embeddable":true,"href":"https:\/\/www.consensus911.org\/de\/wp-json\/wp\/v2\/comments?post=8595"}],"version-history":[{"count":5,"href":"https:\/\/www.consensus911.org\/de\/wp-json\/wp\/v2\/pages\/8595\/revisions"}],"predecessor-version":[{"id":18084,"href":"https:\/\/www.consensus911.org\/de\/wp-json\/wp\/v2\/pages\/8595\/revisions\/18084"}],"wp:attachment":[{"href":"https:\/\/www.consensus911.org\/de\/wp-json\/wp\/v2\/media?parent=8595"}],"curies":[{"name":"wp","href":"https:\/\/api.w.org\/{rel}","templated":true}]}}