{"id":8600,"date":"2014-10-13T02:09:05","date_gmt":"2014-10-13T09:09:05","guid":{"rendered":"http:\/\/www.consensus911.org\/?page_id=8600"},"modified":"2018-03-24T03:00:20","modified_gmt":"2018-03-24T10:00:20","slug":"point-tt-1-de","status":"publish","type":"page","link":"https:\/\/www.consensus911.org\/de\/point-tt-1-de\/","title":{"rendered":"Point TT-1 (De)"},"content":{"rendered":"<h4 class=\"c9h4\">Punkt TT-1: Eine Behauptung \u00fcber die Zerst\u00f6rung der Zwillingst\u00fcrme:<br \/><span style=\"color: #ffffff\">Punkt TT-1:<\/span> Nur durch Einschlag, Kerosin und Feuer <\/h4>\n<div class=\"c9text-de\">\n<p class=\"c9np\"><a href=\"https:\/\/www.consensus911.org\/de\/point-g-2-de\/\">&lt;&lt; Vorheriger Punkt<\/a>, <a href=\"https:\/\/www.consensus911.org\/de\/point-tt-2-de\/\">N\u00e4chster Punkt &gt;&gt;<\/a><\/p>\n<div class=\"c9hdr\"><a name=\"OFFICIAL\"><\/a>Die offizielle Darstellung<\/div>\n<p style=\"padding-left: 30px\">Die Zwillingst\u00fcrme wurden durch die Einschl\u00e4ge der Flugzeuge, deren Treibstoff und die B\u00fcrobr\u00e4nde zum Einsturz gebracht.&nbsp;<a href=\"#N_1\" name=\"R_1\">[1]<\/a><\/p>\n<div class=\"c9hdr\"><a name=\"EVIDENCE\"><\/a>Die \u201e<a href=\"https:\/\/www.consensus911.org\/de\/what-is-the-best-evidence-de\/#DBB\">Besten Beweise<\/a>\u201c<\/div>\n<div style=\"padding-left: 30px\">\n<p>Die auf physikalischen Beobachtungen und wissenschaftlichen Erkenntnissen basierende Erfahrung zeigt, dass B\u00fcrobr\u00e4nde, auch mit Unterst\u00fctzung von Kerosin, keine Temperaturen \u00fcber 1.000\u00b0C erreichen k\u00f6nnen.<\/p>\n<p>Allerdings zeigen mehrere wissenschaftliche Berichte,&nbsp;<a href=\"#N_2\" name=\"R_2\">[2]<\/a> dass Metall in den Zwillingst\u00fcrmen geschmolzen ist. Bei diesen Metallen ging es unter anderem um Stahl, Eisen und Molybd\u00e4n, die unter normalen Umst\u00e4nden erst ab Temperaturen von 1.482\u00b0C, 1.538\u00b0C bzw. 2.623\u00b0C schmelzen.<\/p>\n<\/div>\n<p class=\"c9np\"><a href=\"https:\/\/www.consensus911.org\/de\/point-g-2-de\/\">&lt;&lt; Vorheriger Punkt<\/a>, <a href=\"https:\/\/www.consensus911.org\/de\/point-tt-2-de\/\">N\u00e4chster Punkt &gt;&gt;<\/a><\/p>\n<p><a name=\"REFS\"><\/a><\/p>\n<div class=\"c9hdr\">Quellenangaben f\u00fcr Punkt TT-1<\/div>\n<div class=\"c9refs\">\n<table class=\"ref_tbl\">\n<tr>\n<td class=\"ref_nrs\">\n<div class=\"refnrs\"><a name=\"N_1\" href=\"#R_1\">[1]<\/a><\/div>\n<\/td>\n<td class=\"ref_txt\">\n<div class=\"rtxt-de\">\nNIST NCSTAR 1: \u201e<a href=\"https:\/\/ws680.nist.gov\/publication\/get_pdf.cfm?pub_id=909017\">Final Report on the Collapse of the World Trade Center Towers<\/a> [Abschlussbericht zum Einsturz der WTC-T\u00fcrme]\u201c, September 2005, S.&nbsp;15. Zu den Flugzeugeinschl\u00e4gen siehe S.&nbsp;150-151; Kerosin: S.&nbsp;24, 42; Feuer: S.&nbsp;91, 127, 183.\n<\/div>\n<\/td>\n<\/tr>\n<tr>\n<td class=\"ref_nrs\">\n<div class=\"refnrs\"><a name=\"N_2\" href=\"#R_2\">[2]<\/a><\/div>\n<\/td>\n<td class=\"ref_txt\">\n<div class=\"rtxt-de\">\nRJ Lee Group: \u201e<a href=\"http:\/\/911research.wtc7.net\/essays\/thermite\/cache\/nyenvirolaw_WTCDustSignatureCompositionAndMorphology.pdf\">WTC Dust Signature Report: Composition and Morphology<\/a> [Studie zur Charakteristik des WTC-Staubs: Zusammensetzung und Strukturen]\u201c, Dezember 2003, S.&nbsp;21.<br \/>\nRJ Lee Group: \u201e<a href=\"http:\/\/web.archive.org\/web\/20131204202627\/http:\/\/www.ae911truth.org\/documents\/WTCDustSignature_ExpertReport.051304.1646.mp_.pdf\">Expert Report: WTC Dust Signature<\/a> [Expertenbericht: Charakteristik des WTC-Staubs]\u201c, Mai 2004, S.&nbsp;12.<br \/>\nHeather A. Lowers und Gregory P. Meeker, US Geological Survey, US Department of the Interior: \u201e<a href=\"https:\/\/pubs.usgs.gov\/of\/2005\/1165\/508OF05-1165.html\">Particle Atlas of World Trade Center Dust<\/a> [\u00dcbersicht der Partikel im WTC-Staub]\u201c, 2005.<br \/>\n<a href=\"\/de\/panel-members-de\/#JONES\">Steven E. Jones<\/a> et al.: \u201e<a href=\"https:\/\/www.journalof911studies.com\/articles\/WTCHighTemp2.pdf\">Extremely high temperatures during the World Trade Center destruction<\/a> [Extrem hohe Temperaturen w\u00e4hrend der Zerst\u00f6rung des World Trade Centers]\u201c, <i>Journal of 9\/11 Studies<\/i>, 19 (Januar 2008).<br \/>\nF\u00fcr Diskussion und Zusammenfassung siehe <a href=\"\/de\/panel-members-de\/#GRIFFIN\">David Ray Griffin<\/a>: \u201e<a href=\"http:\/\/www.amazon.de\/Mysterious-Collapse-World-Trade-Center\/dp\/1844370836\/\">The Mysterious Collapse of World Trade Center 7<\/a>\u201c, S.&nbsp;39-44; Auch in deutscher \u00dcbersetzung erh\u00e4ltlich: <a href=\"https:\/\/www.amazon.de\/mysteri\u00f6se-Einsturz-World-Trade-Center\/dp\/3862420078\/\">Der mysteri\u00f6se Einsturz von World Trade Center 7: Warum der offizielle Abschlu\u00dfbericht zum 11. September unwissenschaftlich und falsch ist<\/a>.\n<\/div>\n<\/td>\n<\/tr>\n<\/table>\n<\/div>\n<p><!-- c9refs -->\n<\/div>\n<p><!-- c9text --><\/p>\n","protected":false},"excerpt":{"rendered":"<p>Punkt TT-1: Eine Behauptung \u00fcber die Zerst\u00f6rung der Zwillingst\u00fcrme:<br \/>Punkt TT-1: Nur durch Einschlag, Kerosin und Feuer <\/p>\n<p class=\"c9np\"><a href=\"https:\/\/www.consensus911.org\/de\/point-g-2-de\/\">&lt;&lt; Vorheriger Punkt<\/a>, <a href=\"https:\/\/www.consensus911.org\/de\/point-tt-2-de\/\">N\u00e4chster Punkt &gt;&gt;<\/a><\/p>\n<p> <a name=\"OFFICIAL\"><\/a>Die offizielle Darstellung <\/p>\n<p style=\"padding-left: 30px\">Die Zwillingst\u00fcrme wurden durch die Einschl\u00e4ge der Flugzeuge, deren Treibstoff und die B\u00fcrobr\u00e4nde zum Einsturz gebracht.&nbsp;<a href=\"#N_1\" name=\"R_1\">[1]<\/a><\/p>\n<p> <a name=\"EVIDENCE\"><\/a>Die \u201e<a href=\"https:\/\/www.consensus911.org\/de\/what-is-the-best-evidence-de\/#DBB\">Besten Beweise<\/a>\u201c [&#8230;]<\/p>\n","protected":false},"author":110,"featured_media":0,"parent":0,"menu_order":139,"comment_status":"closed","ping_status":"closed","template":"","meta":{"footnotes":""},"class_list":["post-8600","page","type-page","status-publish","hentry"],"jetpack_sharing_enabled":true,"_links":{"self":[{"href":"https:\/\/www.consensus911.org\/de\/wp-json\/wp\/v2\/pages\/8600","targetHints":{"allow":["GET"]}}],"collection":[{"href":"https:\/\/www.consensus911.org\/de\/wp-json\/wp\/v2\/pages"}],"about":[{"href":"https:\/\/www.consensus911.org\/de\/wp-json\/wp\/v2\/types\/page"}],"author":[{"embeddable":true,"href":"https:\/\/www.consensus911.org\/de\/wp-json\/wp\/v2\/users\/110"}],"replies":[{"embeddable":true,"href":"https:\/\/www.consensus911.org\/de\/wp-json\/wp\/v2\/comments?post=8600"}],"version-history":[{"count":5,"href":"https:\/\/www.consensus911.org\/de\/wp-json\/wp\/v2\/pages\/8600\/revisions"}],"predecessor-version":[{"id":19989,"href":"https:\/\/www.consensus911.org\/de\/wp-json\/wp\/v2\/pages\/8600\/revisions\/19989"}],"wp:attachment":[{"href":"https:\/\/www.consensus911.org\/de\/wp-json\/wp\/v2\/media?parent=8600"}],"curies":[{"name":"wp","href":"https:\/\/api.w.org\/{rel}","templated":true}]}}