{"id":8612,"date":"2014-10-13T02:10:42","date_gmt":"2014-10-13T09:10:42","guid":{"rendered":"http:\/\/www.consensus911.org\/?page_id=8612"},"modified":"2020-12-31T03:31:45","modified_gmt":"2020-12-31T11:31:45","slug":"point-tt-2-de","status":"publish","type":"page","link":"https:\/\/www.consensus911.org\/de\/point-tt-2-de\/","title":{"rendered":"Point TT-2 (De)"},"content":{"rendered":"<h4 class=\"c9h4\">Punkt TT-2: Eine Behauptung \u00fcber die Zerst\u00f6rung der Zwillingst\u00fcrme:<br \/><span style=\"color: #ffffff\">Punkt TT-2:<\/span> Nur durch Einschlag, Feuer und Schwerkraft<\/h4>\n<div class=\"c9text-de\">\n<p class=\"c9np\"><a href=\"https:\/\/www.consensus911.org\/de\/point-tt-1-de\/\">&lt;&lt; Vorheriger Punkt<\/a>, <a href=\"https:\/\/www.consensus911.org\/de\/point-tt-3-de\/\">N\u00e4chster Punkt &gt;&gt;<\/a><\/p>\n<div class=\"c9hdr\"><a name=\"OFFICIAL\"><\/a><br \/>\nDie offizielle Darstellung<\/div>\n<p style=\"padding-left: 30px\">Die Zwillingst\u00fcrme wurden einzig und allein durch drei Faktoren zerst\u00f6rt: Die Einschl\u00e4ge der Flugzeuge, die resultierenden Feuer und Schwerkraft.&nbsp;<a name=\"R_1\" href=\"#N_1\">[1]<\/a><\/p>\n<div class=\"c9hdr\"><a name=\"EVIDENCE\"><\/a>Die \u201e<a href=\"https:\/\/www.consensus911.org\/de\/what-is-the-best-evidence-de\/#DBB\">Besten Beweise<\/a>\u201c<\/div>\n<div style=\"padding-left: 30px\">\n<p>W\u00e4hrend der Zerst\u00f6rung der Zwillingst\u00fcrme wurden gro\u00dfe Teile der Fassade, die aus tonnenschweren Stahltr\u00e4gern bestand, bis zu 150-180&nbsp;m seitlich herausgeschleudert, was auf mehreren Fotos&nbsp;<a name=\"R_2\" href=\"#N_2\">[2]<\/a> und Karten&nbsp;<a name=\"R_3\" href=\"#N_3\">[3]<\/a> zu sehen ist.<\/p>\n<p>Das Herausschleudern der schweren Konstruktionselemente und deren hohe Geschwindigkeiten k\u00f6nnen nicht mit Feuer, Schwerkraft oder die Einschl\u00e4ge der Flugzeuge, die etwa eine Stunde vorher stattgefunden hatten, erkl\u00e4rt werden.<\/p>\n<p>Nach der Zerst\u00f6rung der Zwillingst\u00fcrme wurden auf dem Dach der Deutschen Bank mehrere menschliche Knochenfragmente,&nbsp;<a name=\"R_4\" href=\"#N_4\">[4]<\/a> mit einer L\u00e4nge von circa 1&nbsp;cm, gefunden, was ebenfalls auf die Verwendung von Sprengstoff hinweist. W\u00e4ren die Decken aufeinander gefallen (\u201epancaking\u201c), h\u00e4tte dies eher die Opfer zwischen den Decken eingeschlossen und nicht zersplitterte Knochen \u00fcber 150&nbsp;m seitlich weggeschleudert.<\/p>\n<\/div>\n<p class=\"c9np\"><a href=\"https:\/\/www.consensus911.org\/de\/point-tt-1-de\/\">&lt;&lt; Vorheriger Punkt<\/a>, <a href=\"https:\/\/www.consensus911.org\/de\/point-tt-3-de\/\">N\u00e4chster Punkt &gt;&gt;<\/a><\/p>\n<div class=\"c9hdr\"><a name=\"REFS\"><\/a><br \/>\nQuellenangaben f\u00fcr Punkt TT-2<\/div>\n<div class=\"c9refs\">\n<table class=\"ref_tbl\">\n<tr>\n<td class=\"ref_nrs\">\n<div class=\"refnrs\"><a name=\"N_1\" href=\"#R_1\">[1]<\/a><\/div>\n<\/td>\n<td class=\"ref_txt\">\n<div class=\"rtxt-de\">\nNIST NCSTAR 1: \u201e<a href=\"https:\/\/ws680.nist.gov\/publication\/get_pdf.cfm?pub_id=909017\">Final Report on the Collapse of the World Trade Center Towers<\/a> [Abschlussbericht zum Einsturz der WTC-T\u00fcrme]\u201c, September 2005, S.&nbsp;144-145 (pdf:&nbsp;194-5).\n<\/div>\n<\/td>\n<\/tr>\n<tr>\n<td class=\"ref_nrs\">\n<div class=\"refnrs\"><a name=\"N_2\" href=\"#R_2\">[2]<\/a><\/div>\n<\/td>\n<td class=\"ref_txt\">\n<div class=\"rtxt-de\">\nDie Website <a href=\"https:\/\/scientistsfor911truth.com\/?s=introduction\">Scientists for 9\/11 Truth<\/a> zeigt ein <a href=\"https:\/\/scientistsfor911truth.com\/wp-content\/uploads\/2018\/09\/impaled_columns.jpg\">Foto<\/a> von einem \u201eStahltr\u00e4ger, der im 20. Stock des World Financial Center Geb\u00e4ude 3 (WFC3) steckt.\u201c<br \/>\nSiehe auch diese beiden Videos, die seitliches Wegschleudern zeigen: \u201e<a href=\"https:\/\/www.youtube.com\/watch?v=Qa7PN-8T2VY\">Comparison Vid &#8211; The Planned WTC Demolition<\/a>\u201c und \u201e<a href=\"https:\/\/www.youtube.com\/watch?v=DChR1XcYhlw\">South Tower Smoking Guns<\/a> [<a href=\"https:\/\/www.youtube.com\/watch?v=vHhohCVyn4U\">Version mit Untertiteln<\/a>]\u201c.\n<\/div>\n<\/td>\n<\/tr>\n<tr>\n<td class=\"ref_nrs\">\n<div class=\"refnrs\"><a name=\"N_3\" href=\"#R_3\">[3]<\/a><\/div>\n<\/td>\n<td class=\"ref_txt\">\n<div class=\"rtxt-de\">\nZus\u00e4tzlich zu WFC 3 (American Express Building) zeigt der <a href=\"https:\/\/www.fema.gov\/pdf\/library\/fema403_ch7.pdf\">FEMA-Bericht<\/a> im Kapitel \u201e7. Angrenzende Geb\u00e4ude\u201c, dass \u00e4hnliche Tr\u00fcmmer die Winterg\u00e4rten in einer Distanz von 150-180&nbsp;m getroffen hatten. Zus\u00e4tzlich ist dort eine Karte enthalten, die die Lage dieser Geb\u00e4ude zeigt.\n<\/div>\n<\/td>\n<\/tr>\n<tr>\n<td class=\"ref_nrs\">\n<div class=\"refnrs\"><a name=\"N_4\" href=\"#R_4\">[4]<\/a><\/div>\n<\/td>\n<td class=\"ref_txt\">\n<div class=\"rtxt-de\">\n\u201e<a href=\"http:\/\/web.archive.org\/web\/20130927171324\/http:\/\/usatoday30.usatoday.com\/news\/nation\/2006-04-19-remains_x.htm\">Remains bring hope, frustration for 9\/11 families<\/a> [etwa: (Menschliche) \u00dcberreste bringen Hoffnung, Frustration f\u00fcr 9\/11 Familien]\u201c, <i>USA Today<\/i>, 20. April 2006.\n<\/div>\n<\/td>\n<\/tr>\n<\/table>\n<\/div>\n<p><!-- c9refs -->\n<\/div>\n<p><!-- c9text --><\/p>\n<h4 class=\"c9h4\">Punkt TT-2: Eine Behauptung \u00fcber die Zerst\u00f6rung der Zwillingst\u00fcrme:<br \/><span style=\"color: #ffffff\">Punkt TT-2:<\/span> Nur durch Einschlag, Feuer und Schwerkraft<\/h4>\n<div class=\"c9text-de\">\n<p class=\"c9np\"><a href=\"https:\/\/www.consensus911.org\/de\/point-tt-1-de\/\">&lt;&lt; Vorheriger Punkt<\/a>, <a href=\"https:\/\/www.consensus911.org\/de\/point-tt-3-de\/\">N\u00e4chster Punkt &gt;&gt;<\/a><\/p>\n<div class=\"c9hdr\"><a name=\"OFFICIAL\"><\/a><br \/>\nDie offizielle Darstellung<\/div>\n<p style=\"padding-left: 30px\">Die Zwillingst\u00fcrme wurden einzig und allein durch drei Faktoren zerst\u00f6rt: Die Einschl\u00e4ge der Flugzeuge, die resultierenden Feuer und Schwerkraft.&nbsp;<a name=\"R_1\" href=\"#N_1\">[1]<\/a><\/p>\n<div class=\"c9hdr\"><a name=\"EVIDENCE\"><\/a>Die \u201e<a href=\"https:\/\/www.consensus911.org\/de\/what-is-the-best-evidence-de\/#DBB\">Besten Beweise<\/a>\u201c<\/div>\n<div style=\"padding-left: 30px\">\n<p>W\u00e4hrend der Zerst\u00f6rung der Zwillingst\u00fcrme wurden gro\u00dfe Teile der Fassade, die aus tonnenschweren Stahltr\u00e4gern bestand, bis zu 150-180&nbsp;m seitlich herausgeschleudert, was auf mehreren Fotos&nbsp;<a name=\"R_2\" href=\"#N_2\">[2]<\/a> und Karten&nbsp;<a name=\"R_3\" href=\"#N_3\">[3]<\/a> zu sehen ist.<\/p>\n<p>Das Herausschleudern der schweren Konstruktionselemente und deren hohe Geschwindigkeiten k\u00f6nnen nicht mit Feuer, Schwerkraft oder die Einschl\u00e4ge der Flugzeuge, die etwa eine Stunde vorher stattgefunden hatten, erkl\u00e4rt werden.<\/p>\n<p>Nach der Zerst\u00f6rung der Zwillingst\u00fcrme wurden auf dem Dach der Deutschen Bank mehrere menschliche Knochenfragmente,&nbsp;<a name=\"R_4\" href=\"#N_4\">[4]<\/a> mit einer L\u00e4nge von circa 1&nbsp;cm, gefunden, was ebenfalls auf die Verwendung von Sprengstoff hinweist. W\u00e4ren die Decken aufeinander gefallen (\u201epancaking\u201c), h\u00e4tte dies eher die Opfer zwischen den Decken eingeschlossen und nicht zersplitterte Knochen \u00fcber 150&nbsp;m seitlich weggeschleudert.<\/p>\n<\/div>\n<p class=\"c9np\"><a href=\"https:\/\/www.consensus911.org\/de\/point-tt-1-de\/\">&lt;&lt; Vorheriger Punkt<\/a>, <a href=\"https:\/\/www.consensus911.org\/de\/point-tt-3-de\/\">N\u00e4chster Punkt &gt;&gt;<\/a><\/p>\n<div class=\"c9hdr\"><a name=\"REFS\"><\/a><br \/>\nQuellenangaben f\u00fcr Punkt TT-2<\/div>\n<div class=\"c9refs\">\n<table class=\"ref_tbl\">\n<tr>\n<td class=\"ref_nrs\">\n<div class=\"refnrs\"><a name=\"N_1\" href=\"#R_1\">[1]<\/a><\/div>\n<\/td>\n<td class=\"ref_txt\">\n<div class=\"rtxt-de\">\nNIST NCSTAR 1: \u201e<a href=\"https:\/\/ws680.nist.gov\/publication\/get_pdf.cfm?pub_id=909017\">Final Report on the Collapse of the World Trade Center Towers<\/a> [Abschlussbericht zum Einsturz der WTC-T\u00fcrme]\u201c, September 2005, S.&nbsp;144-145 (pdf:&nbsp;194-5).\n<\/div>\n<\/td>\n<\/tr>\n<tr>\n<td class=\"ref_nrs\">\n<div class=\"refnrs\"><a name=\"N_2\" href=\"#R_2\">[2]<\/a><\/div>\n<\/td>\n<td class=\"ref_txt\">\n<div class=\"rtxt-de\">\nDie Website <a href=\"https:\/\/scientistsfor911truth.com\/?s=introduction\">Scientists for 9\/11 Truth<\/a> zeigt ein <a href=\"https:\/\/scientistsfor911truth.com\/wp-content\/uploads\/2018\/09\/impaled_columns.jpg\">Foto<\/a> von einem \u201eStahltr\u00e4ger, der im 20. Stock des World Financial Center Geb\u00e4ude 3 (WFC3) steckt.\u201c<br \/>\nSiehe auch diese beiden Videos, die seitliches Wegschleudern zeigen: \u201e<a href=\"https:\/\/www.youtube.com\/watch?v=Qa7PN-8T2VY\">Comparison Vid &#8211; The Planned WTC Demolition<\/a>\u201c und \u201e<a href=\"https:\/\/www.youtube.com\/watch?v=DChR1XcYhlw\">South Tower Smoking Guns<\/a> [<a href=\"https:\/\/www.youtube.com\/watch?v=vHhohCVyn4U\">Version mit Untertiteln<\/a>]\u201c.\n<\/div>\n<\/td>\n<\/tr>\n<tr>\n<td class=\"ref_nrs\">\n<div class=\"refnrs\"><a name=\"N_3\" href=\"#R_3\">[3]<\/a><\/div>\n<\/td>\n<td class=\"ref_txt\">\n<div class=\"rtxt-de\">\nZus\u00e4tzlich zu WFC 3 (American Express Building) zeigt der <a href=\"https:\/\/www.fema.gov\/pdf\/library\/fema403_ch7.pdf\">FEMA-Bericht<\/a> im Kapitel \u201e7. Angrenzende Geb\u00e4ude\u201c, dass \u00e4hnliche Tr\u00fcmmer die Winterg\u00e4rten in einer Distanz von 150-180&nbsp;m getroffen hatten. Zus\u00e4tzlich ist dort eine Karte enthalten, die die Lage dieser Geb\u00e4ude zeigt.\n<\/div>\n<\/td>\n<\/tr>\n<tr>\n<td class=\"ref_nrs\">\n<div class=\"refnrs\"><a name=\"N_4\" href=\"#R_4\">[4]<\/a><\/div>\n<\/td>\n<td class=\"ref_txt\">\n<div class=\"rtxt-de\">\n\u201e<a href=\"http:\/\/web.archive.org\/web\/20130927171324\/http:\/\/usatoday30.usatoday.com\/news\/nation\/2006-04-19-remains_x.htm\">Remains bring hope, frustration for 9\/11 families<\/a> [etwa: (Menschliche) \u00dcberreste bringen Hoffnung, Frustration f\u00fcr 9\/11 Familien]\u201c, <i>USA Today<\/i>, 20. April 2006.\n<\/div>\n<\/td>\n<\/tr>\n<\/table>\n<\/div>\n<p><!-- c9refs -->\n<\/div>\n<p><!-- c9text --><\/p>\n","protected":false},"excerpt":{"rendered":"<p>Punkt TT-2: Eine Behauptung \u00fcber die Zerst\u00f6rung der Zwillingst\u00fcrme:<br \/>Punkt TT-2: Nur durch Einschlag, Feuer und Schwerkraft <\/p>\n<p class=\"c9np\"><a href=\"https:\/\/www.consensus911.org\/de\/point-tt-1-de\/\">&lt;&lt; Vorheriger Punkt<\/a>, <a href=\"https:\/\/www.consensus911.org\/de\/point-tt-3-de\/\">N\u00e4chster Punkt &gt;&gt;<\/a><\/p>\n<p> <a name=\"OFFICIAL\"><\/a><br \/> Die offizielle Darstellung <\/p>\n<p style=\"padding-left: 30px\">Die Zwillingst\u00fcrme wurden einzig und allein durch drei Faktoren zerst\u00f6rt: Die Einschl\u00e4ge der Flugzeuge, die resultierenden Feuer und Schwerkraft.&nbsp;<a name=\"R_1\" href=\"#N_1\">[1]<\/a><\/p>\n<p> [&#8230;]<\/p>\n","protected":false},"author":110,"featured_media":0,"parent":0,"menu_order":141,"comment_status":"closed","ping_status":"closed","template":"","meta":{"footnotes":""},"class_list":["post-8612","page","type-page","status-publish","hentry"],"jetpack_sharing_enabled":true,"_links":{"self":[{"href":"https:\/\/www.consensus911.org\/de\/wp-json\/wp\/v2\/pages\/8612","targetHints":{"allow":["GET"]}}],"collection":[{"href":"https:\/\/www.consensus911.org\/de\/wp-json\/wp\/v2\/pages"}],"about":[{"href":"https:\/\/www.consensus911.org\/de\/wp-json\/wp\/v2\/types\/page"}],"author":[{"embeddable":true,"href":"https:\/\/www.consensus911.org\/de\/wp-json\/wp\/v2\/users\/110"}],"replies":[{"embeddable":true,"href":"https:\/\/www.consensus911.org\/de\/wp-json\/wp\/v2\/comments?post=8612"}],"version-history":[{"count":5,"href":"https:\/\/www.consensus911.org\/de\/wp-json\/wp\/v2\/pages\/8612\/revisions"}],"predecessor-version":[{"id":21286,"href":"https:\/\/www.consensus911.org\/de\/wp-json\/wp\/v2\/pages\/8612\/revisions\/21286"}],"wp:attachment":[{"href":"https:\/\/www.consensus911.org\/de\/wp-json\/wp\/v2\/media?parent=8612"}],"curies":[{"name":"wp","href":"https:\/\/api.w.org\/{rel}","templated":true}]}}