{"id":8620,"date":"2014-10-13T02:16:26","date_gmt":"2014-10-13T09:16:26","guid":{"rendered":"http:\/\/www.consensus911.org\/?page_id=8620"},"modified":"2018-02-08T14:31:36","modified_gmt":"2018-02-08T22:31:36","slug":"point-tt-5-de","status":"publish","type":"page","link":"https:\/\/www.consensus911.org\/de\/point-tt-5-de\/","title":{"rendered":"Point TT-5 (De)"},"content":{"rendered":"<h4 class=\"c9h4\">Point TT-5: Die Behauptung, der Staub des World Trade Centers<br \/>\n<span style=\"color: #ffffff\">Point TT-5:<\/span> w\u00fcrde kein thermitisches Material enthalten<\/h4>\n<div class=\"c9text-de\">\n<p class=\"c9np\"><a href=\"https:\/\/www.consensus911.org\/de\/point-tt-4-de\/\">&lt;&lt; Vorheriger Punkt<\/a>, <a href=\"https:\/\/www.consensus911.org\/de\/point-tt-6-de\/\">N\u00e4chster Punkt &gt;&gt;<\/a><\/p>\n<div class=\"c9hdr\"><a name=\"OFFICIAL\"><\/a>Die offizielle Darstellung<\/div>\n<p style=\"padding-left: 30px\">Obwohl das National Institute of Standards and Technology (<a href=\"https:\/\/de.wikipedia.org\/wiki\/National_Institute_of_Standards_and_Technology\">NIST: Bundebeh\u00f6rde f\u00fcr Standardisierung und Technologie<\/a>) keinerlei Tests durchf\u00fchrte,&nbsp;<a name=\"R_1\" href=\"#N_1\">[1]<\/a> um festzustellen, ob Brandbeschleuniger (wie Thermit) oder Sprengstoff (wie RDX oder Nanothermit) im Staub des World Trade Centers nachweisbar sind, behauptete NIST, dass solche Materialien nicht vorhanden waren.&nbsp;<a name=\"R_2\" href=\"#N_2\">[2]<\/a><\/p>\n<div class=\"c9hdr\"><a name=\"EVIDENCE\"><\/a>Die \u201e<a href=\"https:\/\/www.consensus911.org\/de\/what-is-the-best-evidence-de\/#DBB\">Besten Beweise<\/a>\u201c<\/div>\n<p style=\"padding-left: 30px\">Nicht reagiertes Nanothermit, \u201edas als Brandbeschleuniger (wie gew\u00f6hnliches Thermit) oder als Sprengstoff&nbsp;<a name=\"R_3\" href=\"#N_3\">[3]<\/a>&nbsp;<a name=\"R_4\" href=\"#N_4\">[4]<\/a> ma\u00dfgeschneidert werden kann\u201c, wurde in vier unabh\u00e4ngig gesammelten Proben des WTC-Staubs&nbsp;<a name=\"R_5\" href=\"#N_5\">[5]<\/a> entdeckt (wie in der durch Fachleute \u00fcberpr\u00fcften Arbeit von Niels Harrit &#038;&nbsp;al.&nbsp;<a name=\"R_6\" href=\"#N_6\">[6]<\/a> berichtet wurde).<\/p>\n<p class=\"c9np\"><a href=\"https:\/\/www.consensus911.org\/de\/point-tt-4-de\/\">&lt;&lt; Vorheriger Punkt<\/a>, <a href=\"https:\/\/www.consensus911.org\/de\/point-tt-6-de\/\">N\u00e4chster Punkt &gt;&gt;<\/a><\/p>\n<p><a name=\"REFS\"><\/a><\/p>\n<div class=\"c9hdr\">Quellenangaben f\u00fcr Punkt TT-5<\/div>\n<div class=\"c9refs\">\n<table class=\"ref_tbl\">\n<tr>\n<td class=\"ref_nrs\">\n<div class=\"refnrs\"><a name=\"N_1\" href=\"#R_1\">[1]<\/a><\/div>\n<\/td>\n<td class=\"ref_txt\">\n<div class=\"rtxt-de\">\nNIST: \u201e<a href=\"https:\/\/www.nist.gov\/pba\/national-institute-standards-and-technology-nist-federal-building-and-fire-safety-investigation\">Answers to Frequently Asked Questions<\/a> [Antworten auf h\u00e4ufig gestellte Fragen]\u201c, 30. August 2006 (Archiv vom 8\/6\/2006, aktualisiert), Frage&nbsp;12\n<\/div>\n<\/td>\n<\/tr>\n<tr>\n<td class=\"ref_nrs\">\n<div class=\"refnrs\"><a name=\"N_2\" href=\"#R_2\">[2]<\/a><\/div>\n<\/td>\n<td class=\"ref_txt\">\n<div class=\"rtxt-de\">\nNIST er\u00f6rterte nur \u201eHypothetical Blast Events [Hypothetische Spreng-Szenarien]\u201c und schrieb: \u201eNIST schloss aus dieser Studie, dass sich keine Explosionen ereignet haben konnten, und fand keinen Beweis f\u00fcr irgendeine Explosion\u201c. NIST NCSTAR 1-9: \u201e<a href=\"http:\/\/www.consensus911.org\/wp-content\/uploads\/2016\/09\/NIST_NCSTAR19_909256.pdf\">Structural Fire Response and Probable Collapse Sequence of World Trade Center Building 7<\/a> [Reaktion der Struktur auf das Feuer und wahrscheinliche Abfolge des Einsturzes von WTC Geb\u00e4ude&nbsp;7, Entwurf f\u00fcr \u00f6ffentliche Stellungnahme]\u201c, August 2008, S.&nbsp;357\n<\/div>\n<\/td>\n<\/tr>\n<tr>\n<td class=\"ref_nrs\">\n<div class=\"refnrs\"><a name=\"N_3\" href=\"#R_3\">[3]<\/a><\/div>\n<\/td>\n<td class=\"ref_txt\">\n<div class=\"rtxt-de\">\nDie zitierte Aussage ist von <a href=\"\/de\/panel-members-de\/#HARRIT\">Dr. Niels Harrit<\/a>, ausserordentlicher Professor f\u00fcr Chemie am Nano-Wissenschafts-Zentrum, Universit\u00e4t von Kopenhagen. E-Mail an <a href=\"\/de\/panel-members-de\/#WOODWORTH\">Elizabeth Woodworth<\/a>, in Kopie an <a href=\"\/de\/panel-members-de\/#GRIFFIN\">Dr. David Ray Griffin<\/a>, 19. Juni 2011.\n<\/div>\n<\/td>\n<\/tr>\n<tr>\n<td class=\"ref_nrs\">\n<div class=\"refnrs\"><a name=\"N_4\" href=\"#R_4\">[4]<\/a><\/div>\n<\/td>\n<td class=\"ref_txt\">\n<div class=\"rtxt-de\">\n<a href=\"https:\/\/web.archive.org\/web\/20120225170823\/http:\/\/infohouse.p2ric.org\/ref\/34\/33115.pdf\">Die Ausgabe vom Fr\u00fchjahr 2002<\/a> des quartalsweise erscheinenden <a href=\"https:\/\/iucat.iu.edu\/iuk\/6142595\" title=\"Advanced Materials and Processes Technology Information Analysis Center [US DoD] newsletter\">Rundbrief von AMPTIAC<\/a> schrieb: \u201eDas 221. nationale Treffen der <a href=\"https:\/\/de.wikipedia.org\/wiki\/American_Chemical_Society\"><i>American Chemical Society<\/i><\/a>, durchgef\u00fchrt im April 2001 in San Diego, beinhaltete ein Symposium \u00fcber die wehrtechnische Anwendung von Nanomaterialien. Eine der vier Tagungen trug den Titel \u201aNanoenergetische [Materialien]\u2018. An dieser Tagung nahmen Sprecher von Regierungslaboren (DOD und DOE) und Hochschulen teil. &#8230; Eine Vielzahl an Themen wurde angesprochen, unter anderem &#8230; Metastabile Intermolekulare Verbundstrukturen (MICs), Sol-Gels und strukturelle Nanomaterialien. &#8230; Zu diesem Zeitpunkt haben alle milit\u00e4rischen Dienstleiter, einige DOEs und akademische Labore aktive Forschungs- und Entwicklungs-Programme um die einzigartigen Eigenschaften von Nanomaterialien auszunutzen, die in energetischen Mischungen als fortgeschrittene Spreng- oder Treibstoffe verwendet werden k\u00f6nnen. &#8230; Nanomaterialien, insbesondere nanoenergetische, k\u00f6nnten genutzt werden, um Komponenten von Munition zu verbessern. Nanoenergetische Materialien versprechen n\u00fctzliche Zutaten f\u00fcr <a href=\"https:\/\/en.wikipedia.org\/wiki\/Thermobaric_weapon\" title=\"Aerosolbomben\">thermobarische<\/a> (TBX) und <a href=\"https:\/\/de.wikipedia.org\/wiki\/Aerosolbombe\">TBX-\u00e4hnliche Waffen<\/a> zu sein, insbesondere durch das hohe Ma\u00df an Einstellbarkeit bei Energiefreisetzung und Impulsmanagement.\u201c (S. 43-44)\n<\/div>\n<\/td>\n<\/tr>\n<tr>\n<td class=\"ref_nrs\">\n<div class=\"refnrs\"><a name=\"N_5\" href=\"#R_5\">[5]<\/a><\/div>\n<\/td>\n<td class=\"ref_txt\">\n<div class=\"rtxt-de\">\n<a href=\"\/de\/panel-members-de\/#JONES\">Dr. Steven Jones<\/a> diskutiert die \u201e\u00dcberwachungskette\u201c der gesammelten Staubproben in \u201e<a href=\"https:\/\/www.youtube.com\/watch?v=HFM_36jvDiA&#038;t=3m30s\">9\/11: EXPLOSIVE TESTIMONY EXCLUSIVE &#8230; 1 of 2<\/a> [<a href=\"https:\/\/www.youtube.com\/watch?v=JL6ZXr_Jgmc&#038;t=3m30s\">9\/11: Explosives Zeugnis exklusiv &#8230; <\/a>]\u201c, bei 3:30 min. und 7:58 min. und am Anfang von \u201e<a href=\"https:\/\/www.youtube.com\/watch?v=W6fpGIIEqfs\"> &#8230; 2 of 2<\/a> [<a href=\"https:\/\/www.youtube.com\/watch?v=JL6ZXr_Jgmc&#038;t=12m30s\">Version mit Untertiteln<\/a>]\u201c.\n<\/div>\n<\/td>\n<\/tr>\n<tr>\n<td class=\"ref_nrs\">\n<div class=\"refnrs\"><a name=\"N_6\" href=\"#R_6\">[6]<\/a><\/div>\n<\/td>\n<td class=\"ref_txt\">\n<div class=\"rtxt-de\">\n<a href=\"\/de\/panel-members-de\/#HARRIT\">Niels H. Harrit<\/a>, Jeffrey Farrer, <a href=\"\/de\/panel-members-de\/#JONES\">Steven E. Jones<\/a>, Kevin R. Ryan, Frank M. Legge, Daniel Farnsworth, Gregg Roberts, James R. Gourley und Bradley R. Larsen: \u201e<a href=\"https:\/\/web.archive.org\/web\/20151125154704if_\/http:\/\/electricpolitics.com\/media\/docs\/7TOCPJ.pdf\">Active Thermitic Material Discovered in Dust from the 9\/11 World Trade Center Catastrophe<\/a>\u201c  (<a href=\"https:\/\/web.archive.org\/web\/20151125154704\/http:\/\/electricpolitics.com\/media\/docs\/7TOCPJ.pdf\">Archivkopie<\/a>), <i>The Open Chemical Physics Journal<\/i>, 2009, 2: 7-31. Deutsche \u00dcbersetzung: \u201e<a href=\"https:\/\/www.journalof911studies.com\/volume\/2009\/RedGrayChipsGerman.pdf\">Nachweis von reaktionsf\u00e4higem thermitischen Material im Staub der World Trade Center- Katastrophe vom 11. September 2001<\/a>\u201c.\n<\/div>\n<\/td>\n<\/tr>\n<\/table>\n<\/div>\n<p><!-- c9refs -->\n<\/div>\n<p><!-- c9text --><\/p>\n","protected":false},"excerpt":{"rendered":"<p>Point TT-5: Die Behauptung, der Staub des World Trade Centers<br \/> Point TT-5: w\u00fcrde kein thermitisches Material enthalten <\/p>\n<p class=\"c9np\"><a href=\"https:\/\/www.consensus911.org\/de\/point-tt-4-de\/\">&lt;&lt; Vorheriger Punkt<\/a>, <a href=\"https:\/\/www.consensus911.org\/de\/point-tt-6-de\/\">N\u00e4chster Punkt &gt;&gt;<\/a><\/p>\n<p> <a name=\"OFFICIAL\"><\/a>Die offizielle Darstellung <\/p>\n<p style=\"padding-left: 30px\">Obwohl das National Institute of Standards and Technology (<a href=\"https:\/\/de.wikipedia.org\/wiki\/National_Institute_of_Standards_and_Technology\">NIST: Bundebeh\u00f6rde f\u00fcr Standardisierung und Technologie<\/a>) keinerlei Tests durchf\u00fchrte,&nbsp;<a name=\"R_1\" href=\"#N_1\">[1]<\/a> um festzustellen, [&#8230;]<\/p>\n","protected":false},"author":110,"featured_media":0,"parent":0,"menu_order":147,"comment_status":"closed","ping_status":"closed","template":"","meta":{"footnotes":""},"class_list":["post-8620","page","type-page","status-publish","hentry"],"jetpack_sharing_enabled":true,"_links":{"self":[{"href":"https:\/\/www.consensus911.org\/de\/wp-json\/wp\/v2\/pages\/8620","targetHints":{"allow":["GET"]}}],"collection":[{"href":"https:\/\/www.consensus911.org\/de\/wp-json\/wp\/v2\/pages"}],"about":[{"href":"https:\/\/www.consensus911.org\/de\/wp-json\/wp\/v2\/types\/page"}],"author":[{"embeddable":true,"href":"https:\/\/www.consensus911.org\/de\/wp-json\/wp\/v2\/users\/110"}],"replies":[{"embeddable":true,"href":"https:\/\/www.consensus911.org\/de\/wp-json\/wp\/v2\/comments?post=8620"}],"version-history":[{"count":5,"href":"https:\/\/www.consensus911.org\/de\/wp-json\/wp\/v2\/pages\/8620\/revisions"}],"predecessor-version":[{"id":19752,"href":"https:\/\/www.consensus911.org\/de\/wp-json\/wp\/v2\/pages\/8620\/revisions\/19752"}],"wp:attachment":[{"href":"https:\/\/www.consensus911.org\/de\/wp-json\/wp\/v2\/media?parent=8620"}],"curies":[{"name":"wp","href":"https:\/\/api.w.org\/{rel}","templated":true}]}}