{"id":8622,"date":"2014-10-13T02:29:48","date_gmt":"2014-10-13T09:29:48","guid":{"rendered":"http:\/\/www.consensus911.org\/?page_id=8622"},"modified":"2025-08-16T06:39:25","modified_gmt":"2025-08-16T13:39:25","slug":"point-wtc7-1-de","status":"publish","type":"page","link":"https:\/\/www.consensus911.org\/de\/point-wtc7-1-de\/","title":{"rendered":"Point WTC7-1 (De)"},"content":{"rendered":"<h4 class=\"c9h4\">Punkt WTC7-1: Die Behauptung, WTC7 sei allein durch Feuer zum Einsturz<br \/><span style=\"color: #ffffff\">Punkt WTC7-1:<\/span> gebracht worden<\/h4>\n<div class=\"c9text-de\">\n<p class=\"c9np\"><a href=\"https:\/\/www.consensus911.org\/de\/point-tt-9-de\/\">&lt;&lt; Vorheriger Punkt<\/a>, <a href=\"https:\/\/www.consensus911.org\/de\/point-wtc7-2-de\/\">N\u00e4chster Punkt &gt;&gt;<\/a><\/p>\n<p><a name=\"OFFICIAL\"><\/a><\/p>\n<div class=\"c9hdr\">Die offizielle Darstellung<\/div>\n<p style=\"padding-left: 30px\">Urspr\u00fcnglich schlug NIST als Ursache f\u00fcr den Einsturz von WTC7 strukturelle Sch\u00e4den in Verbindung mit einem starkem Feuer &#8211; angefacht durch Diesel &#8211; vor.&nbsp;<a name=\"R_1\" href=\"#N_1\">[1]<\/a> In seinem Abschlussbericht (November 2008)&nbsp;<a name=\"R_2\" href=\"#N_2\">[2]<\/a> erkl\u00e4rte NIST aber, dass weder Dieselfeuer noch strukturelle Sch\u00e4den eine Rolle beim Einsturz von Geb\u00e4ude&nbsp;7 spielten. Vielmehr sei das Geb\u00e4ude, das von keinem Flugzeug getroffen worden war, allein durch Feuer zum Einsturz gebracht worden.<\/p>\n<p><a name=\"EVIDENCE\"><\/a><\/p>\n<div class=\"c9hdr\">Die \u201e<a href=\"https:\/\/www.consensus911.org\/de\/what-is-the-best-evidence-de\/#DBB\">Besten Beweise<\/a>\u201c<\/div>\n<p style=\"padding-left: 30px\">Vor und nach dem 11.9.201 ist kein einziges Hochhaus mit <a href=\"https:\/\/de.wikipedia.org\/wiki\/Stahlskelettbau\">Stahlskelett<\/a> aufgrund von Feuer eingest\u00fcrzt.&nbsp;<a name=\"R_3\" href=\"#N_3\">[3]<\/a> Falls Br\u00e4nde ein solches Geb\u00e4ude zum Einsturz bringen k\u00f6nnten, w\u00e4re der Beginn allm\u00e4hlich. Bei WTC&nbsp;7 hingegen zeigen die Videoaufnahmen, dass ein komplett stabiles Geb\u00e4ude pl\u00f6tzlich im freien Fall zusammenbrach. Der vertikale und symmetrische Einsturz dieses Geb\u00e4udes mit einer im Wesentlichen horizontal bleibenden Dachkante zeigt, dass alle 82 tragenden S\u00e4ulen von Geb\u00e4ude&nbsp;7 zu Beginn des Einsturzes entfernt worden waren.<\/p>\n<p class=\"c9np\"><a href=\"https:\/\/www.consensus911.org\/de\/point-tt-9-de\/\">&lt;&lt; Vorheriger Punkt<\/a>, <a href=\"https:\/\/www.consensus911.org\/de\/point-wtc7-2-de\/\">N\u00e4chster Punkt &gt;&gt;<\/a><\/p>\n<p><a name=\"REFS\"><\/a><\/p>\n<div class=\"c9hdr\">Quellenangaben f\u00fcr Punkt WTC7-1<\/div>\n<div class=\"c9refs\">\n<table class=\"ref_tbl\">\n<tr>\n<td class=\"ref_nrs\">\n<div class=\"refnrs\"><a name=\"N_1\" href=\"#R_1\">[1]<\/a><\/div>\n<\/td>\n<td class=\"ref_txt\">\n<div class=\"rtxt-de\">\nFEMA: \u201e<a href=\"https:\/\/www.fema.gov\/pdf\/library\/fema403_ch5.pdf\">World Trade Center Building Performance Study, Ch.&nbsp;5<\/a> [Studie zum Verhalten der WTC-Geb\u00e4ude, Kapitel 5]\u201c, Abschnitt 6.2: \u201eWahrscheinliche Abfolge des Zusammenbruchs.\u201c<br \/>\nDavid Dunbar und Brad Reagan, Hrsg.: \u201e<a href=\"http:\/\/www.amazon.de\/Debunking-Myths-Conspiracy--depth-Investigation\/dp\/158816635X\/\">Debunking 9\/11 Myths: Why Conspiracy Theories Can&#8217;t Stand Up to the Facts: An In-depth Investigation by \u201aPopular Mechanics\u2018<\/a> [9\/11-Mythen entlarvt: Weshalb Verschw\u00f6rungstheorien den Fakten nicht standhalten: Eine tiefgr\u00fcndige Untersuchung von \u201aPopular Mechanics\u2018]\u201c, (New York: Hearst Books, 2006), S.&nbsp;53-58. Dieses semi-offizielle Buch enthielt Zitate von NIST, die zeigten, was es damals dachte.\n<\/div>\n<\/td>\n<\/tr>\n<tr>\n<td class=\"ref_nrs\">\n<div class=\"refnrs\"><a name=\"N_2\" href=\"#R_2\">[2]<\/a><\/div>\n<\/td>\n<td class=\"ref_txt\">\n<div class=\"rtxt-de\">\nNIST NCSTAR 1A: \u201e<a href=\"https:\/\/tsapps.nist.gov\/publication\/get_pdf.cfm?pub_id=861610\">Final Report on the Collape of World Trade Center Building 7<\/a> [Abschlussbericht zum Einsturz des World Trade Center Geb\u00e4ude&nbsp;7]\u201c (<a href=\"https:\/\/web.archive.org\/web\/20161006064036if_\/http:\/\/ws680.nist.gov:80\/publication\/get_pdf.cfm?pub_id=861610\">Archivkopie<\/a>), November 2008, S.&nbsp;49 (pdf-S.&nbsp;91). In den Worten von NIST war der Einsturz von WTC&nbsp;7 \u201eder erste bekannt gewordene totale Einsturz eines gro\u00dfen Geb\u00e4udes prim\u00e4r durch Feuer.\u201c\n<\/div>\n<\/td>\n<\/tr>\n<tr>\n<td class=\"ref_nrs\">\n<div class=\"refnrs\"><a name=\"N_3\" href=\"#R_3\">[3]<\/a><\/div>\n<\/td>\n<td class=\"ref_txt\">\n<div class=\"rtxt-de\">\nEine <a href=\"http:\/\/911research.wtc7.net\/wtc\/analysis\/compare\/fires.html\">Abhandlung<\/a> \u00fcber Hochhausfeuer finden Sie hier, zus\u00e4tzliche Videos <a href=\"https:\/\/www.youtube.com\/watch?v=LD06SAf0p9A\">hier<\/a>, <a href=\"https:\/\/www.youtube.com\/watch?v=Zv7BImVvEyk\">hier<\/a> und <a href=\"https:\/\/www.youtube.com\/watch?v=8T2_nedORjw\">hier<\/a>.\n<\/div>\n<\/td>\n<\/tr>\n<\/table>\n<\/div>\n<p><!-- c9refs -->\n<\/div>\n<p><!-- c9text --><\/p>\n","protected":false},"excerpt":{"rendered":"<p>Punkt WTC7-1: Die Behauptung, WTC7 sei allein durch Feuer zum Einsturz<br \/>Punkt WTC7-1: gebracht worden <\/p>\n<p class=\"c9np\"><a href=\"https:\/\/www.consensus911.org\/de\/point-tt-9-de\/\">&lt;&lt; Vorheriger Punkt<\/a>, <a href=\"https:\/\/www.consensus911.org\/de\/point-wtc7-2-de\/\">N\u00e4chster Punkt &gt;&gt;<\/a><\/p>\n<p><a name=\"OFFICIAL\"><\/a><\/p>\n<p> Die offizielle Darstellung <\/p>\n<p style=\"padding-left: 30px\">Urspr\u00fcnglich schlug NIST als Ursache f\u00fcr den Einsturz von WTC7 strukturelle Sch\u00e4den in Verbindung mit einem starkem Feuer &#8211; angefacht durch Diesel &#8211; vor.&nbsp;<a [...]\n<\/p>\n","protected":false},"author":110,"featured_media":0,"parent":0,"menu_order":149,"comment_status":"closed","ping_status":"closed","template":"","meta":{"footnotes":""},"class_list":["post-8622","page","type-page","status-publish","hentry"],"jetpack_sharing_enabled":true,"_links":{"self":[{"href":"https:\/\/www.consensus911.org\/de\/wp-json\/wp\/v2\/pages\/8622","targetHints":{"allow":["GET"]}}],"collection":[{"href":"https:\/\/www.consensus911.org\/de\/wp-json\/wp\/v2\/pages"}],"about":[{"href":"https:\/\/www.consensus911.org\/de\/wp-json\/wp\/v2\/types\/page"}],"author":[{"embeddable":true,"href":"https:\/\/www.consensus911.org\/de\/wp-json\/wp\/v2\/users\/110"}],"replies":[{"embeddable":true,"href":"https:\/\/www.consensus911.org\/de\/wp-json\/wp\/v2\/comments?post=8622"}],"version-history":[{"count":5,"href":"https:\/\/www.consensus911.org\/de\/wp-json\/wp\/v2\/pages\/8622\/revisions"}],"predecessor-version":[{"id":23313,"href":"https:\/\/www.consensus911.org\/de\/wp-json\/wp\/v2\/pages\/8622\/revisions\/23313"}],"wp:attachment":[{"href":"https:\/\/www.consensus911.org\/de\/wp-json\/wp\/v2\/media?parent=8622"}],"curies":[{"name":"wp","href":"https:\/\/api.w.org\/{rel}","templated":true}]}}