{"id":8636,"date":"2014-10-13T03:01:43","date_gmt":"2014-10-13T10:01:43","guid":{"rendered":"http:\/\/www.consensus911.org\/?page_id=8636"},"modified":"2024-10-28T15:45:52","modified_gmt":"2024-10-28T22:45:52","slug":"point-pent-2-de","status":"publish","type":"page","link":"https:\/\/www.consensus911.org\/de\/point-pent-2-de\/","title":{"rendered":"Point Pent-2 (De)"},"content":{"rendered":"<h4 class=\"c9h4\">Punkt Pent-2: Warum der Angriff auf das Pentagon nicht verhindert wurde:<br \/><span style=\"color: #ffffff\">Punkt Pent-2:<\/span> Die zweite offizielle Darstellung<\/h4>\n<div class=\"c9text-de\">\n<p class=\"c9np\"><a href=\"https:\/\/www.consensus911.org\/de\/point-pent-1-de\/\">&lt;&lt; Vorheriger Punkt<\/a>, <a href=\"https:\/\/www.consensus911.org\/de\/point-pent-3-de\/\">N\u00e4chster Punkt &gt;&gt;<\/a><\/p>\n<div class=\"c9hdr\"><a name=\"OFFICIAL\"><\/a>Die offizielle Darstellung<\/div>\n<div style=\"padding-left: 30px\">\n<p>Das Milit\u00e4r h\u00e4tte American 77 nicht abfangen k\u00f6nnen, berichtete die <a href=\"https:\/\/de.wikipedia.org\/wiki\/9\/11-Kommission\">9\/11-Kommission<\/a>, weil es \u201eniemals informiert wurde, dass American 77 entf\u00fchrt worden war.\u201c&nbsp;<a name=\"R_1\" href=\"#N_1\">[1]<\/a><\/p>\n<p>Einige milit\u00e4rische F\u00fchrungspersonen, darunter General Larry Arnold, Leiter der US-Kontinentalregion der NORAD, sagten der 9\/11-Kommission, das Milit\u00e4r sei um 9:24 Uhr \u00fcber diesen Flug informiert worden.&nbsp;<a name=\"R_2\" href=\"#N_2\">[2]<\/a> Allerdings betonte die 9\/11-Kommission im Jahr 2004, diese Aussage, die \u201ees erscheinen lie\u00df, als sei das Milit\u00e4r rechtzeitig f\u00fcr eine Reaktion informiert worden\u201c, sei \u201einkorrekt\u201c.&nbsp;<a name=\"R_3\" href=\"#N_3\">[3]<\/a><\/p>\n<\/div>\n<div class=\"c9hdr\"><a name=\"EVIDENCE\"><\/a>Die \u201e<a href=\"https:\/\/www.consensus911.org\/de\/what-is-the-best-evidence-de\/#DBB\">Besten Beweise<\/a>\u201c<\/div>\n<div style=\"padding-left: 30px\">\n<p>Dass diese zweite, von der 9\/11-Kommission gegebene Darstellung der Wahrheit entspricht, kann aus zwei Gr\u00fcnden angezweifelt werden:<\/p>\n<ol style=\"padding-left: 30px\">\n<li><!--1-->Die Behauptung, die Aussage von General Arnold und anderen milit\u00e4rischen F\u00fchrungspersonen sei \u201einkorrekt\u201c l\u00e4uft auf die Beschuldigung hinaus, dass sie gelogen haben.&nbsp;<a name=\"R_4\" href=\"#N_4\">[4]<\/a> Aber die neue Darstellung der Kommission w\u00fcrde implizieren, dass die milit\u00e4rischen F\u00fchrer eine Geschichte erfunden h\u00e4tten, mit der sie das Milit\u00e4r des Stillhaltens oder zumindest der Inkompetenz beschuldigen. Das w\u00e4re eine h\u00f6chst irrationale Erfindung.\n\t<\/li>\n<li><!--2-->Die von der Kommission abge\u00e4nderte Darstellung widerspricht mehreren Fakten:\n<ul style=\"padding-left: 30px\">\n<li>Ein Memo der FAA vom 21. Mai 2003 besagte, dass das Milit\u00e4r vor 9:24 Uhr informiert wurde, nicht danach.\n\t\t<\/li>\n<li>Das Memo der FAA wurde durch eine Story, die vier Tage nach 9\/11 ver\u00f6ffentlicht wurde, best\u00e4tigt, in der es hei\u00dft: \u201eW\u00e4hrend American 77 unter der Kontrolle der Entf\u00fchrer war, also etwa eine Stunde lang vor dem Einschlag in die Westseite des Pentagons, f\u00fchrten Milit\u00e4rbeamte in einem Kommandoraum auf der Ostseite des Geb\u00e4udes dringliche Gespr\u00e4che mit der Strafverfolgungsbeh\u00f6rde und der Flugsicherung dar\u00fcber, was zu tun sei.\u201c&nbsp;<a name=\"R_5\" href=\"#N_5\">[5]<\/a>\n\t\t<\/li>\n<li>Die Kommission behauptete, dass, obwohl das FAA Command Center seit 09:20 Uhr \u00fcber die Probleme von American 77 Bescheid wusste, diese Erkenntnis nicht an das Milit\u00e4r weitergegeben wurde. Ben Sliney, Betriebsleiter in der FAA-Kommandozentrale, sagte aber aus: \u201eWir hatten in der Kommandozentrale klarerweise eine milit\u00e4rische Zelle, die unsere Verbindung zu den Milit\u00e4rdiensten war. Sie waren w\u00e4hrend aller Ereignisse am 11. September anwesend. &#8230; Jeder, der \u00fcber den Lauf der Geschehnisse informiert werden musste, wurde informiert, auch das Milit\u00e4r.\u201c&nbsp;<a name=\"R_6\" href=\"#N_6\">[6]<\/a>\n\t\t<\/li>\n<\/ul>\n<\/li>\n<\/ol>\n<\/div>\n<p class=\"c9np\"><a href=\"https:\/\/www.consensus911.org\/de\/point-pent-1-de\/\">&lt;&lt; Vorheriger Punkt<\/a>, <a href=\"https:\/\/www.consensus911.org\/de\/point-pent-3-de\/\">N\u00e4chster Punkt &gt;&gt;<\/a><\/p>\n<div class=\"c9hdr\"><a name=\"REFS\"><\/a>Quellenangaben f\u00fcr Punkt Pent-2<\/div>\n<div class=\"c9refs\">\n<table class=\"ref_tbl\">\n<tr>\n<td class=\"ref_nrs\">\n<div class=\"refnrs\"><a name=\"N_1\" href=\"#R_1\">[1]<\/a><\/div>\n<\/td>\n<td class=\"ref_txt\">\n<div class=\"rtxt-de\">\n<a href=\"https:\/\/911commission.gov\/report\/911Report.pdf\"><i>Der 9\/11-Kommissionsbericht<\/i><\/a> (2004), S.&nbsp;34\n<\/div>\n<\/td>\n<\/tr>\n<tr>\n<td class=\"ref_nrs\">\n<div class=\"refnrs\"><a name=\"N_2\" href=\"#R_2\">[2]<\/a><\/div>\n<\/td>\n<td class=\"ref_txt\">\n<div class=\"rtxt-de\">\nGeneral Arnold und General Eberhart bezeugten beide, dass die FAA NORAD um 09:24 Uhr informiert hat (<a href=\"http:\/\/web.archive.org\/web\/20030809155434\/http:\/www.norad.mil\/index.cfm?fuseaction=home.news_rel_09_18_01\">National Commission on Terrorist Attacks Upon the United States, Public Hearing, Friday May 23, 2003<\/a> [\u00d6ffentliche Anh\u00f6rung der 9\/11-Kommission am Freitag, 23. Mai 2003]. Die <a href=\"https:\/\/web.archive.org\/web\/20160206041601\/http:\/\/standdown.net\/noradseptember182001pressrelease.htm\">NORAD-Presseaussendung vom 18. September 2001<\/a> gab die Zeit der Mitteilung der FAA an NEADS ebenfalls mit 9:24 Uhr an.\n<\/div>\n<\/td>\n<\/tr>\n<tr>\n<td class=\"ref_nrs\">\n<div class=\"refnrs\"><a name=\"N_3\" href=\"#R_3\">[3]<\/a><\/div>\n<\/td>\n<td class=\"ref_txt\">\n<div class=\"rtxt-de\">\n<a href=\"https:\/\/911commission.gov\/report\/911Report.pdf\"><i>Der 9\/11-Kommissionsbericht<\/i><\/a> (2004), S.&nbsp;34\n<\/div>\n<\/td>\n<\/tr>\n<tr>\n<td class=\"ref_nrs\">\n<div class=\"refnrs\"><a name=\"N_4\" href=\"#R_4\">[4]<\/a><\/div>\n<\/td>\n<td class=\"ref_txt\">\n<div class=\"rtxt-de\">\nEinige Mitglieder der 9\/11-Kommission wendeten ein, dass General Arnold und andere Milit\u00e4rf\u00fchrer gelogen haben; siehe Michael Bronner: \u201e9\/11 Live: Die NORAD B\u00e4nder\u201c, <i>Vanity Fair<\/i>, August 2006, S.&nbsp;262-285; <a href=\"https:\/\/www.vanityfair.com\/news\/2006\/08\/norad200608\">vanityfair.com<\/a>, 17. Okt. 2006. Die Ko-Vorsitzenden Thomas Kean und Lee Hamilton schrieben in ihrem 2006 erschienenen Buch \u201e<a href=\"http:\/\/www.amazon.de\/Without-Precedent-Thomas-H-Kean-ebook\/dp\/B000JMKNFG\/\">Without Precedent<\/a> [etwa: Ohne Beispielfall]\u201c, dass NORADs Verhalten an \u201evors\u00e4tzliche Verschleierung grenzte\u201c, und f\u00fcgten hinzu: \u201eDer Schleier des Krieges konnte &#8230; nicht erkl\u00e4ren, warum alle Berichte nach den Ereignissen &#8230; und \u00f6ffentliche Zeugenaussagen von FAA- und NORAD-Offiziellen eine Darstellung von 9\/11 avancierten, der unwahr war\u201c. (261)\n<\/div>\n<\/td>\n<\/tr>\n<tr>\n<td class=\"ref_nrs\">\n<div class=\"refnrs\"><a name=\"N_5\" href=\"#R_5\">[5]<\/a><\/div>\n<\/td>\n<td class=\"ref_txt\">\n<div class=\"rtxt-de\">\nMatthew Wald: \u201e<a href=\"https:\/\/web.archive.org\/web\/20180824115125\/https:\/\/www.attackonamerica.net\/911-attacks\/pentagontrackeddeadlyjet\/\">Pentagon Tracked Deadly Jet But Found No Way to Stop It<\/a> [Pentagon verfolgte den Todesjet, fand aber keinen Weg ihn aufzuhalten]\u201c, <i>New York Times<\/i>, 15. September 2001\n<\/div>\n<\/td>\n<\/tr>\n<tr>\n<td class=\"ref_nrs\">\n<div class=\"refnrs\"><a name=\"N_6\" href=\"#R_6\">[6]<\/a><\/div>\n<\/td>\n<td class=\"ref_txt\">\n<div class=\"rtxt-de\">\n<a href=\"https:\/\/ia904508.us.archive.org\/28\/items\/911_commission_public_hearings_12\/9-11Commission_Hearing_2004-06-17.pdf\">Anh\u00f6rung der 9\/11-Kommission, 17. Juni 2004<\/a>, S.&nbsp;91\n<\/div>\n<\/td>\n<\/tr>\n<\/table>\n<\/div>\n<p><!-- c9refs -->\n<\/div>\n<p><!-- c9text --><\/p>\n","protected":false},"excerpt":{"rendered":"<p>Punkt Pent-2: Warum der Angriff auf das Pentagon nicht verhindert wurde:<br \/>Punkt Pent-2: Die zweite offizielle Darstellung <\/p>\n<p class=\"c9np\"><a href=\"https:\/\/www.consensus911.org\/de\/point-pent-1-de\/\">&lt;&lt; Vorheriger Punkt<\/a>, <a href=\"https:\/\/www.consensus911.org\/de\/point-pent-3-de\/\">N\u00e4chster Punkt &gt;&gt;<\/a><\/p>\n<p> <a name=\"OFFICIAL\"><\/a>Die offizielle Darstellung <\/p>\n<p>Das Milit\u00e4r h\u00e4tte American 77 nicht abfangen k\u00f6nnen, berichtete die <a href=\"https:\/\/de.wikipedia.org\/wiki\/9\/11-Kommission\">9\/11-Kommission<\/a>, weil es \u201eniemals informiert wurde, dass American 77 entf\u00fchrt worden war.\u201c&nbsp;<a name=\"R_1\" href=\"#N_1\">[1]<\/a><\/p>\n<p> [&#8230;]<\/p>\n","protected":false},"author":110,"featured_media":0,"parent":0,"menu_order":135,"comment_status":"closed","ping_status":"closed","template":"","meta":{"footnotes":""},"class_list":["post-8636","page","type-page","status-publish","hentry"],"jetpack_sharing_enabled":true,"_links":{"self":[{"href":"https:\/\/www.consensus911.org\/de\/wp-json\/wp\/v2\/pages\/8636","targetHints":{"allow":["GET"]}}],"collection":[{"href":"https:\/\/www.consensus911.org\/de\/wp-json\/wp\/v2\/pages"}],"about":[{"href":"https:\/\/www.consensus911.org\/de\/wp-json\/wp\/v2\/types\/page"}],"author":[{"embeddable":true,"href":"https:\/\/www.consensus911.org\/de\/wp-json\/wp\/v2\/users\/110"}],"replies":[{"embeddable":true,"href":"https:\/\/www.consensus911.org\/de\/wp-json\/wp\/v2\/comments?post=8636"}],"version-history":[{"count":5,"href":"https:\/\/www.consensus911.org\/de\/wp-json\/wp\/v2\/pages\/8636\/revisions"}],"predecessor-version":[{"id":23274,"href":"https:\/\/www.consensus911.org\/de\/wp-json\/wp\/v2\/pages\/8636\/revisions\/23274"}],"wp:attachment":[{"href":"https:\/\/www.consensus911.org\/de\/wp-json\/wp\/v2\/media?parent=8636"}],"curies":[{"name":"wp","href":"https:\/\/api.w.org\/{rel}","templated":true}]}}