{"id":8638,"date":"2014-10-13T03:03:42","date_gmt":"2014-10-13T10:03:42","guid":{"rendered":"http:\/\/www.consensus911.org\/?page_id=8638"},"modified":"2023-05-28T04:39:47","modified_gmt":"2023-05-28T11:39:47","slug":"point-pent-3-de","status":"publish","type":"page","link":"https:\/\/www.consensus911.org\/de\/point-pent-3-de\/","title":{"rendered":"Point Pent-3 (De)"},"content":{"rendered":"<h4 class=\"c9h4\">Punkt Pent-3: Die Behauptung, Hani Hanjour sei der Pilot von Flug&nbsp;77 gewesen<\/h4>\n<div class=\"c9text-de\">\n<p class=\"c9np\"><a href=\"https:\/\/www.consensus911.org\/de\/point-pent-2-de\/\">&lt;&lt; Vorheriger Punkt<\/a>, <a href=\"https:\/\/www.consensus911.org\/de\/point-pent-4-de\/\">N\u00e4chster Punkt &gt;&gt;<\/a><\/p>\n<div class=\"c9hdr\"><a name=\"OFFICIAL\"><\/a>Die offizielle Darstellung<\/div>\n<div style=\"padding-left: 30px\">\nDer <a href=\"https:\/\/de.wikipedia.org\/wiki\/9\/11-Kommission\"><i>9\/11-Kommissionsbericht<\/i><\/a> sagt aus, dass Flug AA [American Airlines] 77, eine Boeing 757, vom al-Qaida-Pilot Hani Hanjour in das Pentagon gesteuert wurde.&nbsp;<a name=\"R_1\" href=\"#N_1\">[1]<\/a> Nach Ausschalten des Autopiloten f\u00fchrte er in rund 3 Minuten eine 330-Grad-Abw\u00e4rtsspirale \u00fcber mehr als 2000 H\u00f6henmeter durch und flog danach mit etwa 850&nbsp;km\/h zwischen dem 1. und dem 2. Stockwerk in den Fl\u00fcgel 1 des Pentagons.<\/div>\n<div class=\"c9hdr\"><a name=\"EVIDENCE\"><\/a>Die \u201e<a href=\"https:\/\/www.consensus911.org\/de\/what-is-the-best-evidence-de\/#DBB\">Besten Beweise<\/a>\u201c<\/div>\n<div style=\"padding-left: 30px\">\n<p>Verschiedene ehemalige Piloten von Passagiermaschinen haben angegeben, dass Hanjour unm\u00f6glich eine gro\u00dfe Passagiermaschine in der Flugbahn, wie sie angeblich Flug&nbsp;77 nahm, man\u00f6vriert, und danach das Pentagon zwischen dem 1. und dem 2. Stockwerk getroffen haben k\u00f6nnte, ohne den Rasen zu ber\u00fchren.&nbsp;<a name=\"R_2\" href=\"#N_2\">[2]<\/a><\/p>\n<p>Russ Wittenberg, der nach dem Einsatz in Vietnam als Kampfpilot 35 Jahre lang gro\u00dfe Verkehrsflugzeuge flog, sagte: \u201eF\u00fcr einen Amateur, der nicht einmal eine Cessna fliegen konnte\u201c, w\u00e4re es \u201evollkommen unm\u00f6glich gewesen\u201c, diese Abw\u00e4rtsspirale zu fliegen und, ohne den Rasen zu ber\u00fchren, in die Au\u00dfenwand des 1. Stockwerks des Pentagons zu krachen.&nbsp;<a name=\"R_3\" href=\"#N_3\">[3]<\/a><\/p>\n<p>Ralph Omholt, ein ehemaliger 757-Pilot sagte: \u201eDie Idee, dass ein unge\u00fcbter Pilot diese Flugbahn h\u00e4tte fliegen k\u00f6nnen, ist einfach zu l\u00e4cherlich um sie in Erw\u00e4gung zu ziehen.\u201c<\/p>\n<\/div>\n<p class=\"c9np\"><a href=\"https:\/\/www.consensus911.org\/de\/point-pent-2-de\/\">&lt;&lt; Vorheriger Punkt<\/a>, <a href=\"https:\/\/www.consensus911.org\/de\/point-pent-4-de\/\">N\u00e4chster Punkt &gt;&gt;<\/a><\/p>\n<div class=\"c9hdr\"><a name=\"REFS\"><\/a>Quellenangaben f\u00fcr Punkt Pent-3<\/div>\n<div class=\"c9refs\">\n<table class=\"ref_tbl\">\n<tbody>\n<tr>\n<td class=\"ref_nrs\">\n<div class=\"refnrs\"><a name=\"N_1\" href=\"#R_1\">[1]<\/a><\/div>\n<\/td>\n<td class=\"ref_txt\">\n<div class=\"rtxt-de\">\n<a href=\"https:\/\/911commission.gov\/report\/911Report.pdf\"><i>Der 9\/11-Kommissionsbericht<\/i><\/a> (2004), Seiten 225, 334 (pdf:&nbsp;242, 351);<br \/>\nNational Transportation Safety Board: \u201e<a href=\"https:\/\/nsarchive2.gwu.edu\/\/NSAEBB\/NSAEBB196\/doc02.pdf\">Flight Path Study \u2013 American Airlines Flight 77<\/a> [Flugbahnstudie \u2013 American Airlines Flug&nbsp;77]\u201c. (19. Februar 2002) Das NTSB Video ist abrufbar auf <i>YouTube<\/i>: <a href=\"https:\/\/www.youtube.com\/watch?v=DzR-q0ijbV0\">American 77 Final Maneuver<\/a>.<\/div>\n<\/td>\n<\/tr>\n<tr>\n<td class=\"ref_nrs\">\n<div class=\"refnrs\"><a name=\"N_2\" href=\"#R_2\">[2]<\/a><\/div>\n<\/td>\n<td class=\"ref_txt\">\n<div class=\"rtxt-de\">\nSiehe die Aussagen von <a href=\"http:\/\/www.patriotsquestion911.com\/#Muga\">Cmdr. Ted Muga<\/a> und <a href=\"http:\/\/www.patriotsquestion911.com\/pilots.html#Kolstad\">Cmdr. Ralph Kolstad<\/a>, auf <a href=\"https:\/\/web.archive.org\/web\/20220216231214\/http:\/\/www.patriotsquestion911.com\/\"><i>Patriots Question 9\/11<\/i><\/a>, wo Piloten und Luftfahrt-Experten und leitende Mitarbeiter aus Milit\u00e4r, Geheimdienst, Verbrechensbek\u00e4mpfung und Regierung den <i>9\/11-Kommissionsbericht<\/i> infrage stellen.<\/div>\n<\/td>\n<\/tr>\n<tr>\n<td class=\"ref_nrs\">\n<div class=\"refnrs\"><a name=\"N_3\" href=\"#R_3\">[3]<\/a><\/div>\n<\/td>\n<td class=\"ref_txt\">\n<div class=\"rtxt-de\">\n\u201e<a href=\"http:\/\/web.archive.org\/web\/20070129085631\/http:\/www.lewisnews.com\/article.asp?ID=106623\">Former Vietnam Combat and Commercial Pilot Firm Believer 9\/11 Was Inside Government Job<\/a> [etwa: Fr\u00fcherer Vietnam Kampfpilot und Pilot von Verkehrsmaschinen fest \u00fcberzeugt, 9\/11 war ein Inside Job der Regierung]\u201c, <i>Lewis News<\/i>, 8. Januar 2006.<\/div>\n<\/td>\n<\/tr>\n<\/tbody>\n<\/table>\n<\/div>\n<p><!-- c9refs --><\/p>\n<\/div>\n<p><!-- c9text --><\/p>\n","protected":false},"excerpt":{"rendered":"<p>Punkt Pent-3: Die Behauptung, Hani Hanjour sei der Pilot von Flug&nbsp;77 gewesen <\/p>\n<p class=\"c9np\"><a href=\"https:\/\/www.consensus911.org\/de\/point-pent-2-de\/\">&lt;&lt; Vorheriger Punkt<\/a>, <a href=\"https:\/\/www.consensus911.org\/de\/point-pent-4-de\/\">N\u00e4chster Punkt &gt;&gt;<\/a><\/p>\n<p> <a name=\"OFFICIAL\"><\/a>Die offizielle Darstellung Der <a href=\"https:\/\/de.wikipedia.org\/wiki\/9\/11-Kommission\">9\/11-Kommissionsbericht<\/a> sagt aus, dass Flug AA [American Airlines] 77, eine Boeing 757, vom al-Qaida-Pilot Hani Hanjour in das Pentagon gesteuert wurde.&nbsp;<a name=\"R_1\" href=\"#N_1\">[1]<\/a> Nach Ausschalten des Autopiloten f\u00fchrte [&#8230;]<\/p>\n","protected":false},"author":110,"featured_media":0,"parent":0,"menu_order":137,"comment_status":"closed","ping_status":"closed","template":"","meta":{"footnotes":""},"class_list":["post-8638","page","type-page","status-publish","hentry"],"jetpack_sharing_enabled":true,"_links":{"self":[{"href":"https:\/\/www.consensus911.org\/de\/wp-json\/wp\/v2\/pages\/8638","targetHints":{"allow":["GET"]}}],"collection":[{"href":"https:\/\/www.consensus911.org\/de\/wp-json\/wp\/v2\/pages"}],"about":[{"href":"https:\/\/www.consensus911.org\/de\/wp-json\/wp\/v2\/types\/page"}],"author":[{"embeddable":true,"href":"https:\/\/www.consensus911.org\/de\/wp-json\/wp\/v2\/users\/110"}],"replies":[{"embeddable":true,"href":"https:\/\/www.consensus911.org\/de\/wp-json\/wp\/v2\/comments?post=8638"}],"version-history":[{"count":5,"href":"https:\/\/www.consensus911.org\/de\/wp-json\/wp\/v2\/pages\/8638\/revisions"}],"predecessor-version":[{"id":21754,"href":"https:\/\/www.consensus911.org\/de\/wp-json\/wp\/v2\/pages\/8638\/revisions\/21754"}],"wp:attachment":[{"href":"https:\/\/www.consensus911.org\/de\/wp-json\/wp\/v2\/media?parent=8638"}],"curies":[{"name":"wp","href":"https:\/\/api.w.org\/{rel}","templated":true}]}}