{"id":8640,"date":"2014-10-19T23:44:32","date_gmt":"2014-10-20T06:44:32","guid":{"rendered":"http:\/\/www.consensus911.org\/?page_id=8640"},"modified":"2021-09-27T04:23:30","modified_gmt":"2021-09-27T11:23:30","slug":"point-flt-1-de","status":"publish","type":"page","link":"https:\/\/www.consensus911.org\/de\/point-flt-1-de\/","title":{"rendered":"Point Flt-1 (De)"},"content":{"rendered":"<h4 class=\"c9h4\">Punkt Flt-1: Eine Behauptung bez\u00fcglich der entf\u00fchrten Passagiermaschinen<\/h4>\n<div class=\"c9text-de\">\n<p class=\"c9np\"><a href=\"https:\/\/www.consensus911.org\/de\/point-pent-4-de\/\">&lt;&lt; Vorheriger Punkt<\/a>, <a href=\"https:\/\/www.consensus911.org\/de\/point-flt-2-de\/\">N\u00e4chster Punkt &gt;&gt;<\/a><\/p>\n<div class=\"c9hdr\"><a name=\"OFFICIAL\"><\/a>Die offizielle Darstellung<\/div>\n<p style=\"padding-left: 30px\"><i>Der 9\/11-Kommissionsbericht<\/i> sagt aus, dass vier Flugzeuge (American Airlines Fl\u00fcge 11 und 77, sowie United Airlines Fl\u00fcge 93 und 175) am 11. September entf\u00fchrt wurden.&nbsp;<a name=\"R_1\" href=\"#N_1\">[1]<\/a><\/p>\n<div class=\"c9hdr\"><a name=\"EVIDENCE\"><\/a>Die \u201e<a href=\"https:\/\/www.consensus911.org\/de\/what-is-the-best-evidence-de\/#DBB\">Besten Beweise<\/a>\u201c<\/div>\n<div style=\"padding-left: 30px\">\n<p>Piloten werden daf\u00fcr ausgebildet, den universellen <a href=\"https:\/\/de.wikipedia.org\/wiki\/Transpondercode\">Transponder-Code<\/a> f\u00fcr Entf\u00fchrungen (7500)&nbsp;<a name=\"R_2\" href=\"#N_2\">[2]<\/a> zu \u201esqawken\u201c, wenn sie einen Hinweis auf einen Entf\u00fchrungversuch bekommen, und dadurch die Controller der FAA am Boden zu informieren. Aber f\u00fchrende Zeitungen und die 9\/11-Kommission betonen, dass die Controller der FAA nicht informiert wurden.&nbsp;<a name=\"R_3\" href=\"#N_3\">[3]<\/a><\/p>\n<p>Ein Bericht auf CNN besagte, dass Piloten daraufhin ausgebildet werden, den Code \u201efalls m\u00f6glich\u201c zu senden.&nbsp;<a name=\"R_4\" href=\"#N_4\">[4]<\/a> Aber den Code einzugeben dauert nur zwei bis drei Sekunden, w\u00e4hrend die Entf\u00fchrer, laut dem offiziellen Bericht, \u00fcber 30 Sekunden ben\u00f6tigten, um in das Cockpit von Flug&nbsp;93 zu gelangen.&nbsp;<a name=\"R_5\" href=\"#N_5\">[5]<\/a><\/p>\n<p>Die Tatsache, dass nicht einer der acht Piloten die vorgeschriebene Handlung ausf\u00fchrte, weckt ernsthafte Zweifel an der Entf\u00fchrungsgeschichte.&nbsp;<a name=\"R_6\" href=\"#N_6\">[6]<\/a><\/p>\n<\/div>\n<p class=\"c9np\"><a href=\"https:\/\/www.consensus911.org\/de\/point-pent-4-de\/\">&lt;&lt; Vorheriger Punkt<\/a>, <a href=\"https:\/\/www.consensus911.org\/de\/point-flt-2-de\/\">N\u00e4chster Punkt &gt;&gt;<\/a><\/p>\n<div class=\"c9hdr\"><a name=\"REFS\"><\/a>Quellenangaben f\u00fcr Punkt Flt-1<\/div>\n<div class=\"c9refs\">\n<table class=\"ref_tbl\">\n<tr>\n<td class=\"ref_nrs\">\n<div class=\"refnrs\"><a name=\"N_1\" href=\"#R_1\">[1]<\/a><\/div>\n<\/td>\n<td class=\"ref_txt\">\n<div class=\"rtxt-de\">\n<a href=\"https:\/\/911commission.gov\/report\/911Report.pdf\"><i>Der 9\/11-Kommissionsbericht<\/i><\/a> (2004), Kapitel 1.\n<\/div>\n<\/td>\n<\/tr>\n<tr>\n<td class=\"ref_nrs\">\n<div class=\"refnrs\"><a name=\"N_2\" href=\"#R_2\">[2]<\/a><\/div>\n<\/td>\n<td class=\"ref_txt\">\n<div class=\"rtxt-de\">\n\u201eUm eine Verfolgung durch NORAD zu erm\u00f6glichen, soll von dem entf\u00fchrten Flugzeug jeder Versuch unternommen werden, Mode 3\/A, Code 7500 zu squawken.\u201c Quelle: Federal Aviation Administration: \u201e<a href=\"https:\/\/web.archive.org\/web\/20011121003337\/http:\/\/news.findlaw.com\/cnn\/docs\/terrorism\/chp7.html\">Order 7610.4J: Special Military Operations: Chapter 7. ESCORT OF HIJACKED AIRCRAFT<\/a> [Befehl 7610.4J: Spezielle Milit\u00e4rische Operationen, Kapitel 7. BEGLEITUNG VON ENTF\u00dcHRTEN FLUGZEUGEN]\u201c, 12. Juli 2001; <br \/>\u201e<a href=\"https:\/\/abcnews.go.com\/Technology\/FlyingHigh\/story?id=816534&amp;page=1\">Hijack Code a Secret Signal of Distress<\/a> [Entf\u00fchrungscode, ein geheimes Signal f\u00fcr den Notfall]\u201c, <i>ABC News<\/i>, 3. Juni 2005.\n<\/div>\n<\/td>\n<\/tr>\n<tr>\n<td class=\"ref_nrs\">\n<div class=\"refnrs\"><a name=\"N_3\" href=\"#R_3\">[3]<\/a><\/div>\n<\/td>\n<td class=\"ref_txt\">\n<div class=\"rtxt-de\">\nDer Christian Science Monitor berichtete \u00fcber das Vers\u00e4umnis zu squawken als \u201eAnomalie\u201c (Peter Grier: \u201e<a href=\"http:\/\/web.archive.org\/web\/20021229005033\/http:\/\/www.public-action.com\/911\/csmonitor\/\">The nation reels<\/a> [Die Nation schwankt]\u201c, <i>Christian Science Monitor<\/i>, 12. September 2001).\n<\/div>\n<\/td>\n<\/tr>\n<tr>\n<td class=\"ref_nrs\">\n<div class=\"refnrs\"><a name=\"N_4\" href=\"#R_4\">[4]<\/a><\/div>\n<\/td>\n<td class=\"ref_txt\">\n<div class=\"rtxt-de\">\n\u201eFlug&nbsp;11 wurde durch anscheinend mit Messern bewaffnete M\u00e4nner entf\u00fchrt. Verkehrspiloten sind dazu ausgebildet, solche Situationen zu handhaben, in dem sie Ruhe bewahren, auf Forderungen eingehen, und falls m\u00f6glich, einen vier-stelligen Code in ein Ger\u00e4t namens Transponder einzugeben. &#8230; Diese Handlung dauert Sekunden, aber es scheint, dass dieser Code nicht eingegeben wurde.\u201c (\u201e<a href=\"https:\/\/transcripts.cnn.com\/show\/se\/date\/2001-09-12\/segment\/60\">America Under Attack: How Could It Happen?<\/a> [Angriff auf Amerika: Wie konnte es passieren?]\u201c, <i>CNN Live Event<\/i>, 12. September 2001).\n<\/div>\n<\/td>\n<\/tr>\n<tr>\n<td class=\"ref_nrs\">\n<div class=\"refnrs\"><a name=\"N_5\" href=\"#R_5\">[5]<\/a><\/div>\n<\/td>\n<td class=\"ref_txt\">\n<div class=\"rtxt-de\">\nLaut der angeblichen Aufzeichnung des Cockpit Rekorders von United&nbsp;93 brauchten die Eindringlinge \u00fcber 30 Sekunden um in das Cockpit einzubrechen (Richard A. Serrano: \u201e<a href=\"https:\/\/web.archive.org\/web\/20130626113152\/http:\/\/articles.latimes.com\/2006\/apr\/12\/nation\/na-moussa12\">Heroism, Fatalism Aboard Flight 93<\/a> [Heldentum, Fatalismus an Bord von Flug&nbsp;93]\u201c, <i>Los Angeles Times<\/i>, 12. April 2006). Das Vers\u00e4umnis von Flug&nbsp;11 zu squawken wird <a href=\"https:\/\/transcripts.cnn.com\/show\/se\/date\/2001-09-12\/segment\/60\">hier<\/a> diskutiert. Es w\u00e4re den Piloten klar \u201em\u00f6glich\u201c gewesen, den Enf\u00fchrungscode zu squawken. Laut einer ber\u00fchmten Sherlock Holmes Geschichte wurde die Theorie eines Eindringlings in einen Rennstall durch \u201eden Hund der nicht bellte\u201c widerlegt. Die Theorie \u00fcber Eindringlinge in den 9\/11 Flugzeugen wird, so k\u00f6nnte man den Schluss ziehen, durch die Piloten, die nicht squawkten, widerlegt.\n<\/div>\n<\/td>\n<\/tr>\n<tr>\n<td class=\"ref_nrs\">\n<div class=\"refnrs\"><a name=\"N_6\" href=\"#R_6\">[6]<\/a><\/div>\n<\/td>\n<td class=\"ref_txt\">\n<div class=\"rtxt-de\">\nF\u00fcr eine ausf\u00fchrlichere Diskussion siehe <a href=\"\/de\/panel-members-de\/#GRIFFIN\">David Ray Griffin<\/a>: <a href=\"http:\/\/www.amazon.de\/New-Pearl-Harbor-Revisited-Cover-Up\/dp\/1566567297\/\"><i>The New Pearl Harbor Revisited<\/i><\/a>, 2008, Seiten 175-179.\n<\/div>\n<\/td>\n<\/tr>\n<\/table>\n<\/div>\n<p><!-- c9refs -->\n<\/div>\n<p><!-- c9text --><\/p>\n","protected":false},"excerpt":{"rendered":"<p>Punkt Flt-1: Eine Behauptung bez\u00fcglich der entf\u00fchrten Passagiermaschinen <\/p>\n<p class=\"c9np\"><a href=\"https:\/\/www.consensus911.org\/de\/point-pent-4-de\/\">&lt;&lt; Vorheriger Punkt<\/a>, <a href=\"https:\/\/www.consensus911.org\/de\/point-flt-2-de\/\">N\u00e4chster Punkt &gt;&gt;<\/a><\/p>\n<p> <a name=\"OFFICIAL\"><\/a>Die offizielle Darstellung <\/p>\n<p style=\"padding-left: 30px\">Der 9\/11-Kommissionsbericht sagt aus, dass vier Flugzeuge (American Airlines Fl\u00fcge 11 und 77, sowie United Airlines Fl\u00fcge 93 und 175) am 11. September entf\u00fchrt wurden.&nbsp;<a name=\"R_1\" href=\"#N_1\">[1]<\/a><\/p>\n<p> <a name=\"EVIDENCE\"><\/a>Die \u201e<a href=\"https:\/\/www.consensus911.org\/de\/what-is-the-best-evidence-de\/#DBB\">Besten Beweise<\/a>\u201c [&#8230;]<\/p>\n","protected":false},"author":110,"featured_media":0,"parent":0,"menu_order":114,"comment_status":"closed","ping_status":"closed","template":"","meta":{"footnotes":""},"class_list":["post-8640","page","type-page","status-publish","hentry"],"jetpack_sharing_enabled":true,"_links":{"self":[{"href":"https:\/\/www.consensus911.org\/de\/wp-json\/wp\/v2\/pages\/8640","targetHints":{"allow":["GET"]}}],"collection":[{"href":"https:\/\/www.consensus911.org\/de\/wp-json\/wp\/v2\/pages"}],"about":[{"href":"https:\/\/www.consensus911.org\/de\/wp-json\/wp\/v2\/types\/page"}],"author":[{"embeddable":true,"href":"https:\/\/www.consensus911.org\/de\/wp-json\/wp\/v2\/users\/110"}],"replies":[{"embeddable":true,"href":"https:\/\/www.consensus911.org\/de\/wp-json\/wp\/v2\/comments?post=8640"}],"version-history":[{"count":5,"href":"https:\/\/www.consensus911.org\/de\/wp-json\/wp\/v2\/pages\/8640\/revisions"}],"predecessor-version":[{"id":21481,"href":"https:\/\/www.consensus911.org\/de\/wp-json\/wp\/v2\/pages\/8640\/revisions\/21481"}],"wp:attachment":[{"href":"https:\/\/www.consensus911.org\/de\/wp-json\/wp\/v2\/media?parent=8640"}],"curies":[{"name":"wp","href":"https:\/\/api.w.org\/{rel}","templated":true}]}}