{"id":8645,"date":"2014-10-13T03:14:48","date_gmt":"2014-10-13T10:14:48","guid":{"rendered":"http:\/\/www.consensus911.org\/?page_id=8645"},"modified":"2024-02-04T15:06:55","modified_gmt":"2024-02-04T23:06:55","slug":"point-me-1-de","status":"publish","type":"page","link":"https:\/\/www.consensus911.org\/de\/point-me-1-de\/","title":{"rendered":"Point ME-1 (De)"},"content":{"rendered":"<h4 class=\"c9h4\">Punkt ME-1: Zeigten milit\u00e4rische \u00dcbungen, dass das Milit\u00e4r f\u00fcr Entf\u00fchrungen<br \/>\n<span style=\"color: #ffffff\">Punkt ME-1:<\/span> im Inland (wie auch im Ausland) vorbereitet war?<\/h4>\n<div class=\"c9text-de\">\n<p class=\"c9np\"><a href=\"https:\/\/www.consensus911.org\/de\/point-flt-4-de\/\">&lt;&lt; Vorheriger Punkt<\/a>, <a href=\"https:\/\/www.consensus911.org\/de\/point-me-2-de\/\">N\u00e4chster Punkt &gt;&gt;<\/a><\/p>\n<div class=\"c9hdr\"><a name=\"OFFICIAL\"><\/a>Die offizielle Darstellung<\/div>\n<div style=\"padding-left: 30px\">\nEntscheidend f\u00fcr den Erfolg der 9\/11-Angriffe war das \u00dcberraschungsmoment, was von Schl\u00fcsselpersonen in Wei\u00dfem Haus und Pentagon betont wurde.&nbsp;<a name=\"R_1\" href=\"#N_1\">[1]<\/a><\/p>\n<p>Das \u00dcberraschungsmoment, so betonte die <a href=\"https:\/\/de.wikipedia.org\/wiki\/9\/11-Kommission\">9\/11-Kommission<\/a>, beruhte auf zwei Faktoren:<\/p>\n<ul style=\"padding-left: 30px\">\n<li>Die entf\u00fchrten Flugzeuge wurden als Waffen benutzt \u2013 eine Abweichung von berechenbaren, herk\u00f6mmlichen Flugzeugentf\u00fchrungen.&nbsp;<a name=\"R_2\" href=\"#N_2\">[2]<\/a><\/li>\n<li>Die Angriffe kamen, unvorhersehbar, aus dem Inland und nicht von au\u00dfen.&nbsp;<a name=\"R_3\" href=\"#N_3\">[3]<\/a><\/li>\n<\/ul>\n<\/div>\n<div class=\"c9hdr\"><a name=\"EVIDENCE\"><\/a>Die \u201e<a href=\"https:\/\/www.consensus911.org\/de\/what-is-the-best-evidence-de\/#DBB\">Besten Beweise<\/a>\u201c<\/div>\n<div style=\"padding-left: 30px\">\nDas Milit\u00e4r hatte f\u00fcr die M\u00f6glichkeit, dass entf\u00fchrte Flugzeuge \u2013 einschlie\u00dflich entf\u00fchrter Flugzeuge aus dem Inland \u2013 als Waffen zu benutzt werden k\u00f6nnten, trainiert. <a href=\"https:\/\/en.wikipedia.org\/wiki\/John_Arquilla\">Professor John Arquilla<\/a>, ein Experte f\u00fcr Special Operations an der Naval Postgraduate School, sagte 2002, dass \u201edie Idee eines solchen Angriffs [das Benutzen von entf\u00fchrten Flugzeugen als Selbstmordwaffen gegen wesentliche Geb\u00e4ude] wohl bekannt war, als M\u00f6glichkeit in Kriegsspielen vor dem 11. September 2001 ge\u00fcbt wurde, und bei fr\u00fcheren Flugzeug-Angriffen versucht wurde.\u201c&nbsp;<a name=\"R_4\" href=\"#N_4\">[4]<\/a><\/p>\n<p>Mehrere \u00dcbungen mit Flugzeugen als Waffen waren vor dem 11. September 2001 abgehalten worden:<\/p>\n<ul style=\"padding-left: 30px\">\n<li>Im Oktober 2000 schuf eine milit\u00e4rische \u00dcbung ein Szenario eines simulierten Flugzeugabsturzes auf das Pentagon. Die \u00dcbung wurde koordiniert von der Defense Protective Services Police und dem Command Emergency Response Team des Pentagons.&nbsp;<a name=\"R_5\" href=\"#N_5\">[5]<\/a><\/li>\n<li><i>US Medicine<\/i> berichtete, dass zwei im Pentagon untergebrachte Kliniken im Mai 2001 den Absturz eines entf\u00fchrten Flugzeugs in das Pentagon ge\u00fcbt hatten. \u201eObwohl das Department of Defense (Verteidigungsministerium) nicht f\u00e4hig war das Pentagon vor einer Ersatz-Lenkwaffe in der Form eines entf\u00fchrten Flugzeuges vom Typ 757 zu sch\u00fctzen, trainierte das medizinische Personal des DoD genau dieses Szenario im Mai.\u201c&nbsp;<a name=\"R_6\" href=\"#N_6\">[6]<\/a><\/li>\n<li>Das Department of Transportation (Verkehrsministerium) in Washington f\u00fchrte am 31. August 2001 eine \u00dcbung durch, die Ellen Engleman, Sachbearbeiterin der Research and Special Projects Administration (etwa \u201eBeh\u00f6rde f\u00fcr Forschung und Spezialprojekte\u201c) des Ministeriums wie folgt beschrieb:\n<p style=\"padding-left: 30px\">\u201eIronischerweise oder zuf\u00e4lligerweise &#8211; suchen Sie es sich aus &#8211; f\u00fchrten wir 12 Tage vor den Ereignissen am 11. September f\u00fchrten wir eine Trocken\u00fcbung durch. Es war tats\u00e4chlich viel mehr als eine Trocken\u00fcbung &#8230; in Vorbereitung auf Olympia &#8230; es war eine volle kombinierte \u00dcbung &#8230; Ein Teil des Szenarios bezog interessanterweise ein potenziell entf\u00fchrtes Flugzeug mit ein und jemanden, der von einem Handy anrief, sowie andere Aspekte des Szenarios, die dann sehr seltsam wirkten, als wir zw\u00f6lf Tage sp\u00e4ter, wie Sie wissen, das wirkliche Ereignis hatten.\u201c&nbsp;<a name=\"R_7\" href=\"#N_7\">[7]<\/a><\/p>\n<\/li>\n<li>Eine dieser Operationen drehte sich um Flugzeuge, die von innerhalb der Vereinigten Staaten kamen. <i>USA Today<\/i> schrieb:\n<p style=\"padding-left: 30px\">\u201eIn den zwei Jahren vor den Angriffen am 11. September f\u00fchrte das North American Aerospace Defense Command (<a href=\"https:\/\/de.wikipedia.org\/wiki\/North_American_Aerospace_Defense_Command\">NORAD<\/a>) \u00dcbungen durch, die &#8230; entf\u00fchrte Flugzeuge, die als Waffen benutzt in Zielobjekte st\u00fcrzen und Massenopfer fordern, simulierte &#8230; Eine im Juli 2001 geplante und sp\u00e4ter durchgef\u00fchrte Operation umfasste entf\u00fchrte Flugzeuge von Flugh\u00e4fen in Utah und dem Staat Washington.\u201c&nbsp;<a name=\"R_8\" href=\"#N_8\">[8]<\/a><\/p>\n<\/li>\n<li>Die Operation, die \u00dcbungen mit mehreren Flugzeugentf\u00fchrungen von innerhalb der Vereinigten Staaten beinhaltete, hie\u00df \u201eAmalgam Virgo 2002\u201c, war im Juli 2001 f\u00fcr 1500 Personen geplant worden und sollte im Juni 2002 durchgef\u00fchrt werden.&nbsp;<a name=\"R_9\" href=\"#N_9\">[9]<\/a><\/li>\n<\/ul>\n<\/div>\n<div class=\"c9hdr\"><a name=\"CONCLUSION\"><\/a>Fazit<\/div>\n<p style=\"padding-left: 30px\">Im Gegensatz zu Behauptungen der <a href=\"https:\/\/de.wikipedia.org\/wiki\/9\/11-Kommission\">9\/11-Kommission<\/a>, hatten Milit\u00e4r\u00fcbungen vor 9\/11 entf\u00fchrte Flugzeuge \u2013 sowohl innerhalb als auch au\u00dferhalb des US-Luftraumes \u2013 in denen Flugzeuge als Waffen benutzt wurden zum Gegenstand.<\/p>\n<p style=\"padding-left: 30px\">Jegliche neue Untersuchung sollte fragen, warum die h\u00f6chsten verantwortlichen Offiziellen leugnen, dass solche Vorbereitungen den Angriffen am 11. September vorangegangen waren, und warum, angesichts dieser Vorbereitungen keine wirksamen Mittel ergriffen wurden, die entf\u00fchrten Flugzeuge aufzuhalten, bevor sie ihre Ziele erreichten.<\/p>\n<p class=\"c9np\"><a href=\"https:\/\/www.consensus911.org\/de\/point-flt-4-de\/\">&lt;&lt; Vorheriger Punkt<\/a>, <a href=\"https:\/\/www.consensus911.org\/de\/point-me-2-de\/\">N\u00e4chster Punkt &gt;&gt;<\/a><\/p>\n<p><a name=\"REFS\"><\/a><\/p>\n<div class=\"c9hdr\">Quellenangaben f\u00fcr Punkt ME-1<\/div>\n<div class=\"c9refs\">\n<table class=\"ref_tbl\">\n<tbody>\n<tr>\n<td class=\"ref_nrs\">\n<div class=\"refnrs\"><a name=\"N_1\" href=\"#R_1\">[1]<\/a><\/div>\n<\/td>\n<td class=\"ref_txt\">\n<div class=\"rtxt-de\">\nPr\u00e4sident George Bush sagte: \u201eAl-Qaida schlug in einer Weise zu, die unvorstellbar war.\u201c Pressever\u00f6ffentlichung des Wei\u00dfen Hauses: \u201e<a href=\"http:\/\/web.archive.org\/web\/20090110182255\/http:\/\/www.whitehouse.gov\/news\/releases\/2001\/09\/20010926-8.html\">President Meets with Muslim Leaders<\/a> [Pr\u00e4sident trifft sich mit muslimischen F\u00fchrern]\u201c, 26. September 2001.<br \/>\nVerteidungungsminister Donald Rumsfeld sagte: \u201eW\u00e4re niemandem in den Sinn gekommen.\u201c \u201e<a href=\"https:\/\/web.archive.org\/web\/20011123125254\/http:\/\/www.washingtonpost.com\/wp-srv\/nation\/specials\/attacked\/transcripts\/nbctext_093001.html\">Text: Rumsfeld in NBC&#8217;s \u2018Meet the Press\u2019<\/a> \u201c, 30. September 2001.<br \/>\nGeneral Richard Myers, stellvertretender Kommandeur der Vereinigten Stabschefs, sagte: \u201eMan hasst es zuzugeben, aber wir hatten an so etwas nie gedacht.\u201c <a href=\"https:\/\/web.archive.org\/web\/20110224023900\/http:\/\/www.defense.gov\/news\/newsarticle.aspx?id=44621\">American Free Press Service<\/a>, US Verteidigungsministerium, 23. Oktober 2001.<br \/>\nAri Fleischer, Pressesprecher des Wei\u00dfen Hauses, sagte: \u201eNiemals hatten wir uns vorgestellt was am 11. September passieren w\u00fcrde, als Menschen diese Flugzeuge als Raketen und Waffen benutzt haben.\u201c <a href=\"http:\/\/web.archive.org\/web\/20020814201635\/http:\/\/www.whitehouse.gov\/news\/releases\/2002\/05\/20020516-4.html\">Ari Fleischer Presseinformation<\/a>, 16. Mai 2002.<br \/>\nDie Nationale Sicherheitsberaterin Condoleezza Rice sagte: \u201eIch glaube nicht, irgendjemand konnte vorhersehen, dass diese Leute ein Flugzeug nehmen und in das World Trade Center jagen w\u00fcrden, ein anderes nehmen und es in das Pentagon jagen; dass sie versuchen w\u00fcrden, ein Flugzeug als Lenkwaffe zu benutzen, ein entf\u00fchrtes Flugzeug als Lenkwaffe.\u201c \u201e<a href=\"http:\/\/web.archive.org\/web\/20020806160231\/http:\/\/www.whitehouse.gov\/news\/releases\/2002\/05\/20020516-13.html\">Nationale Sicherheitsberaterin h\u00e4lt Pressekonferenz<\/a>\u201c, 16. Mai 2002<\/div>\n<\/td>\n<\/tr>\n<tr>\n<td class=\"ref_nrs\">\n<div class=\"refnrs\"><a name=\"N_2\" href=\"#R_2\">[2]<\/a><\/div>\n<\/td>\n<td class=\"ref_txt\">\n<div class=\"rtxt-de\">\n\u201eKurz gesagt, die am 11. September f\u00fcr die FAA und NORAD g\u00fcltigen Regeln auf eine Flugzeugentf\u00fchrung zu reagieren, unterstellten dass &#8230; eine Flugzeugentf\u00fchrung in der traditionellen Weise stattf\u00e4nde: das hei\u00dft, es w\u00e4re keine Selbstmordentf\u00fchrung die dazu dient, das Flugzeug in eine Lenkwaffe umzufunktionieren.\u201c <a href=\"https:\/\/911commission.gov\/report\/911Report.pdf\"><i>Der 9\/11-Kommissionsbericht<\/i><\/a>, Seite 18 (pdf-S.&nbsp;35)<\/div>\n<\/td>\n<\/tr>\n<tr>\n<td class=\"ref_nrs\">\n<div class=\"refnrs\"><a name=\"N_3\" href=\"#R_3\">[3]<\/a><\/div>\n<\/td>\n<td class=\"ref_txt\">\n<div class=\"rtxt-de\">\n\u201eDie Verteidiger des amerikanischen Staatsgebietes schauten nach au\u00dfen. NORAD selbst war kaum in der Lage, irgendwelche St\u00fctzpunkte in Alarmbereitschaft zu erhalten. Seine geplanten Szenarios beinhalteten auch die Gefahr durch entf\u00fchrte Flugzeuge, die in amerikanische Ziele gelenkt wurden, aber nur Flugzeuge, die von \u00dcbersee kamen.\u201c <a href=\"https:\/\/911commission.gov\/report\/911Report.pdf\"><i>Der 9\/11-Kommissionsbericht<\/i><\/a>, Seite 352 (pdf-S.&nbsp;369)<\/div>\n<\/td>\n<\/tr>\n<tr>\n<td class=\"ref_nrs\">\n<div class=\"refnrs\"><a name=\"N_4\" href=\"#R_4\">[4]<\/a><\/div>\n<\/td>\n<td class=\"ref_txt\">\n<div class=\"rtxt-de\">\nKevin Howe: \u201e<a href=\"http:\/\/web.archive.org\/web\/20021128002557\/http:\/\/www.montereyherald.com\/mld\/montereyherald\/3686928.htm\">Expert stresses need for intelligence<\/a> [etwa: Experte betont Bedarf f\u00fcr geheimdienstliche Aufkl\u00e4rung]\u201c, Monterey County Herald, 18. Juli 2002. Ken Merchant, Manager f\u00fcr die Planung von gemeinsamen \u00dcbungen bei NORAD, erz\u00e4hlte der 9\/11-Kommission 2003, er k\u00f6nne sich nicht an \u201eeine Zeit in den letzten 33 Jahren erinnern, in der NORAD keine \u00dcbungen zu Flugzeugentf\u00fchrungen durchgef\u00fchrt hat.\u201c <a href=\"http:\/\/web.archive.org\/web\/20110224024754\/http:\/\/media.nara.gov\/9-11\/MFR\/t-0148-911MFR-00790.pdf\">Memorandum for the Record: Interview with Ken Merchant, NORAD<\/a>, 14. November 2003, S.&nbsp;3<\/div>\n<\/td>\n<\/tr>\n<tr>\n<td class=\"ref_nrs\">\n<div class=\"refnrs\"><a name=\"N_5\" href=\"#R_5\">[5]<\/a><\/div>\n<\/td>\n<td class=\"ref_txt\">\n<div class=\"rtxt-de\">\nDennis Ryan: \u201e<a href=\"https:\/\/web.archive.org\/web\/20040605101928\/https:\/\/www.globalresearch.ca\/articles\/RYA404A.html\">Contingency planning: Pentagon MASCAL exercise simulates scenarios in preparing for emergencies<\/a> [etwa: Planung f\u00fcr Eventualf\u00e4lle: MASCAL-\u00dcbung des Pentagons simuliert Szenarios in Vorbereitung auf Notf\u00e4lle]\u201c, 3. November 2000<\/div>\n<\/td>\n<\/tr>\n<tr>\n<td class=\"ref_nrs\">\n<div class=\"refnrs\"><a name=\"N_6\" href=\"#R_6\">[6]<\/a><\/div>\n<\/td>\n<td class=\"ref_txt\">\n<div class=\"rtxt-de\">\nMatt Mientka: \u201ePentagon Medics Trained for Strike [Medizinisches Personal des Pentagon f\u00fcr Angriff geschult]\u201c, <i>U.&nbsp;S. Medicine<\/i>, Oktober 2001. Diese Story wurde vom Internet entfernt, aber ein Teil davon ist auch auf <a href=\"https:\/\/aldeilis.net\/\">Aldeilis.net<\/a> gesichert: <a href=\"https:\/\/aldeilis.net\/english\/pentagon-casualty-exercises-planned-for-the-911-hit\/\">Pentagon Casualty Exercises&nbsp;? Planned for the 9\/11 Hit?<\/a><\/div>\n<\/td>\n<\/tr>\n<tr>\n<td class=\"ref_nrs\">\n<div class=\"refnrs\"><a name=\"N_7\" href=\"#R_7\">[7]<\/a><\/div>\n<\/td>\n<td class=\"ref_txt\">\n<div class=\"rtxt-de\">\nSicherheitstreffen des nationalen Verkehrswesens, Washington, DC, 30. Oktober 2001: \u201e<a href=\"http:\/\/web.archive.org\/web\/20071113133050\/http:\/\/transweb.sjsu.edu\/mtiportal\/research\/publications\/documents\/terrorism\/Terrorism%20Symposium%202001.htm\">MIT Report S-01-02<\/a>\u201c, Mineta Verkehrs Institut, San Jos\u00e9 State Universit\u00e4t.<\/div>\n<\/td>\n<\/tr>\n<tr>\n<td class=\"ref_nrs\">\n<div class=\"refnrs\"><a name=\"N_8\" href=\"#R_8\">[8]<\/a><\/div>\n<\/td>\n<td class=\"ref_txt\">\n<div class=\"rtxt-de\">\nSteven Komarow und Tom Squitieri: \u201e<a href=\"https:\/\/web.archive.org\/web\/20121001152118\/http:\/\/usatoday30.usatoday.com\/news\/washington\/2004-04-18-norad_x.htm\">NORAD had drills of jets as weapons<\/a> [NORAD hatte \u00dcbungen mit Flugzeugen als Waffen]\u201c, <i>USA Today<\/i>, 18. April 2004.<\/div>\n<\/td>\n<\/tr>\n<tr>\n<td class=\"ref_nrs\">\n<div class=\"refnrs\"><a name=\"N_9\" href=\"#R_9\">[9]<\/a><\/div>\n<\/td>\n<td class=\"ref_txt\">\n<div class=\"rtxt-de\">\n\u201e<a href=\"https:\/\/transcripts.cnn.com\/show\/lt\/date\/2002-06-04\/segment\/08\">Airborne Anti-Terrorist Operation Getting Underway<\/a> [Luftgest\u00fctzte Anti-Terroristen Operation in die Wege geleitet]\u201c, CNN.com, 4. Juni 2002; Gerry J. Gilmore: \u201e<a href=\"http:\/\/web.archive.org\/web\/20140215124705\/http:\/\/www.defense.gov\/news\/newsarticle.aspx?id=43789\">von NORAD gesponserte \u00dcbung bereitet auf Worst-Case-Szenario vor<\/a>\u201c, <i>American Forces Press Service<\/i> (Pressedienst der amerikanischen Streitkr\u00e4fte).<\/div>\n<\/td>\n<\/tr>\n<\/tbody>\n<\/table>\n<\/div>\n<p><!-- c9refs --><\/p>\n<\/div>\n<p><!-- c9text --><\/p>\n","protected":false},"excerpt":{"rendered":"<p>Punkt ME-1: Zeigten milit\u00e4rische \u00dcbungen, dass das Milit\u00e4r f\u00fcr Entf\u00fchrungen<br \/> Punkt ME-1: im Inland (wie auch im Ausland) vorbereitet war? <\/p>\n<p class=\"c9np\"><a href=\"https:\/\/www.consensus911.org\/de\/point-flt-4-de\/\">&lt;&lt; Vorheriger Punkt<\/a>, <a href=\"https:\/\/www.consensus911.org\/de\/point-me-2-de\/\">N\u00e4chster Punkt &gt;&gt;<\/a><\/p>\n<p> <a name=\"OFFICIAL\"><\/a>Die offizielle Darstellung Entscheidend f\u00fcr den Erfolg der 9\/11-Angriffe war das \u00dcberraschungsmoment, was von Schl\u00fcsselpersonen in Wei\u00dfem Haus und Pentagon betont wurde.&nbsp;<a name=\"R_1\" href=\"#N_1\">[1]<\/a><\/p>\n<p> [&#8230;]<\/p>\n","protected":false},"author":110,"featured_media":0,"parent":0,"menu_order":130,"comment_status":"closed","ping_status":"closed","template":"","meta":{"footnotes":""},"class_list":["post-8645","page","type-page","status-publish","hentry"],"jetpack_sharing_enabled":true,"_links":{"self":[{"href":"https:\/\/www.consensus911.org\/de\/wp-json\/wp\/v2\/pages\/8645","targetHints":{"allow":["GET"]}}],"collection":[{"href":"https:\/\/www.consensus911.org\/de\/wp-json\/wp\/v2\/pages"}],"about":[{"href":"https:\/\/www.consensus911.org\/de\/wp-json\/wp\/v2\/types\/page"}],"author":[{"embeddable":true,"href":"https:\/\/www.consensus911.org\/de\/wp-json\/wp\/v2\/users\/110"}],"replies":[{"embeddable":true,"href":"https:\/\/www.consensus911.org\/de\/wp-json\/wp\/v2\/comments?post=8645"}],"version-history":[{"count":5,"href":"https:\/\/www.consensus911.org\/de\/wp-json\/wp\/v2\/pages\/8645\/revisions"}],"predecessor-version":[{"id":21942,"href":"https:\/\/www.consensus911.org\/de\/wp-json\/wp\/v2\/pages\/8645\/revisions\/21942"}],"wp:attachment":[{"href":"https:\/\/www.consensus911.org\/de\/wp-json\/wp\/v2\/media?parent=8645"}],"curies":[{"name":"wp","href":"https:\/\/api.w.org\/{rel}","templated":true}]}}