{"id":8795,"date":"2014-10-13T01:14:26","date_gmt":"2014-10-13T08:14:26","guid":{"rendered":"http:\/\/www.consensus911.org\/?page_id=8795"},"modified":"2015-05-19T15:45:36","modified_gmt":"2015-05-19T22:45:36","slug":"what-is-the-best-evidence-de","status":"publish","type":"page","link":"https:\/\/www.consensus911.org\/de\/what-is-the-best-evidence-de\/","title":{"rendered":"What is the best evidence? (De)"},"content":{"rendered":"<div class=\"c9text-de\">\n<h3><a name=\"DBB\"><\/a>Was sind \u201eDie Besten Beweise\u201c ?<\/h3>\n<p>&nbsp;<\/p>\n<p>Eine wichtige Unterscheidung auf dem Gebiet von Beweismaterial ist jene zwischen Indizien-Beweisen und direkten Beweisen, oder zwischen Beweisen, die die Wahrheit nahe legen und solchen, die die Wahrheit unmittelbar beweisen. \u201eDie Besten Beweise\u201c zu 9\/11 beruhen auf:<\/p>\n<ul style=\"padding-left: 30px\">\n<li>den Ansichten anerkannter Beh\u00f6rden, die auf professioneller Erfahrung, beschreibenden Studien und Berichten von Expertenkomitees beruhen<\/li>\n<li>Daten in Form von Fotos, Videos, Aussagen vor Gericht, Zeugenberichten und aufgrund des Informationsfreiheitsgesetzes herausgegebenen Akten.<\/li>\n<li>Direkten Beweisen anstatt Indizien.<\/li>\n<\/ul>\n<p>&nbsp;<\/p>\n<h3>Die Vorgangsweise Evidenzbasierter Untersuchung:<\/h3>\n<p>&nbsp;<\/p>\n<p>Wir definieren die Anwendung Beweis-basierter Untersuchung als den vern\u00fcnftigen Gebrauch des besten zum jeweiligen Punkt verf\u00fcgbaren Beweismaterials. Diese Anwendung bedeutet, pers\u00f6nliches professionelles Fachwissen mit dem besten verf\u00fcgbaren dokumentarischen und wissenschaftlichen Beweismaterial zu kombinieren. Um die pers\u00f6nlichen Gutachten zu Konsens-Punkten zusammenzufassen, verwendet das Gremium eine vereinfachte <a href=\"\/de\/methodology-de\/\">Delphi-Methode<\/a>. Die Delphi-Methode wird oft in F\u00e4llen angewandt \u201e<a href=\"http:\/\/www.bmj.com\/content\/311\/7001\/376.full\">wo ver\u00f6ffentlichte Information sp\u00e4rlich oder gar nicht vorhanden ist<\/a>\u201c und erlaubt es \u201edie Einsichten zust\u00e4ndiger Experten zur Entscheidungsfindung nutzbar zu machen\u201c. Das 9\/11-Konsens-Gremium bem\u00fcht sich, das verf\u00fcgbare \u201eBeste Beweismaterial\u201c f\u00fcr sein Streben zu verwenden, Licht in die Welt-ver\u00e4ndernden Angelegenheiten des 11.9.2001 zu bringen.<\/p>\n<p>&nbsp;<\/p>\n<h3>Abgrenzung des Begriffes \u201eBeste Beweise\u201c f\u00fcr die Zwecke des 9\/11-Konsens-Gremiums<\/h3>\n<p>&nbsp;<\/p>\n<p>Das Gremium verwendet den Begriff in dem sehr engen Sinn von \u201eBeste Beweise\u201c, die jeweils in Bezug auf eine bestimmte vom Gremium infrage gestellte Behauptung der offiziellen 9\/11-Geschichte zur Verf\u00fcgung stehen. Er steht nicht f\u00fcr die st\u00e4rksten Beweise gegen die offizielle Geschichte im Allgemeinen. Gemeint ist nur das beste Beweismaterial gegen jede einzelne vom Gremium angesprochene Behauptung. Die \u201eBesten Beweise\u201c im Sinne des 9\/11-Konsens-Gremiums sind auch keine Belege zur Unterst\u00fctzung alternativer Theorien dar\u00fcber, was am 11. 9. geschah.<\/p>\n<\/div>\n<p><!-- c9text --><\/p>\n","protected":false},"excerpt":{"rendered":"<p><a name=\"DBB\"><\/a>Was sind \u201eDie Besten Beweise\u201c ? <\/p>\n<p>&nbsp;<\/p>\n<p>Eine wichtige Unterscheidung auf dem Gebiet von Beweismaterial ist jene zwischen Indizien-Beweisen und direkten Beweisen, oder zwischen Beweisen, die die Wahrheit nahe legen und solchen, die die Wahrheit unmittelbar beweisen. \u201eDie Besten Beweise\u201c zu 9\/11 beruhen auf:<\/p>\n<p> den Ansichten anerkannter Beh\u00f6rden, die auf professioneller Erfahrung, beschreibenden Studien [&#8230;]<\/p>\n","protected":false},"author":110,"featured_media":0,"parent":0,"menu_order":164,"comment_status":"closed","ping_status":"closed","template":"","meta":{"footnotes":""},"class_list":["post-8795","page","type-page","status-publish","hentry"],"jetpack_sharing_enabled":true,"_links":{"self":[{"href":"https:\/\/www.consensus911.org\/de\/wp-json\/wp\/v2\/pages\/8795","targetHints":{"allow":["GET"]}}],"collection":[{"href":"https:\/\/www.consensus911.org\/de\/wp-json\/wp\/v2\/pages"}],"about":[{"href":"https:\/\/www.consensus911.org\/de\/wp-json\/wp\/v2\/types\/page"}],"author":[{"embeddable":true,"href":"https:\/\/www.consensus911.org\/de\/wp-json\/wp\/v2\/users\/110"}],"replies":[{"embeddable":true,"href":"https:\/\/www.consensus911.org\/de\/wp-json\/wp\/v2\/comments?post=8795"}],"version-history":[{"count":5,"href":"https:\/\/www.consensus911.org\/de\/wp-json\/wp\/v2\/pages\/8795\/revisions"}],"predecessor-version":[{"id":13811,"href":"https:\/\/www.consensus911.org\/de\/wp-json\/wp\/v2\/pages\/8795\/revisions\/13811"}],"wp:attachment":[{"href":"https:\/\/www.consensus911.org\/de\/wp-json\/wp\/v2\/media?parent=8795"}],"curies":[{"name":"wp","href":"https:\/\/api.w.org\/{rel}","templated":true}]}}