{"id":8800,"date":"2014-10-13T01:35:00","date_gmt":"2014-10-13T08:35:00","guid":{"rendered":"http:\/\/www.consensus911.org\/?page_id=8800"},"modified":"2018-12-28T03:48:47","modified_gmt":"2018-12-28T11:48:47","slug":"the-911-consensus-points-de","status":"publish","type":"page","link":"https:\/\/www.consensus911.org\/de\/the-911-consensus-points-de\/","title":{"rendered":"The 9\/11 Consensus Points (De)"},"content":{"rendered":"<h2>Die 9\/11-Konsens-Punkte<\/h2>\n<div class=\"c9text-de\">\n<div style=\"padding-left: 30px\">\n<h3><span style=\"color: #000080\"><br \/>\nSachbeweise widerlegen die 9\/11-Geschichte<\/span><\/h3>\n<p>&nbsp;<\/p>\n<p>Die offizielle Darstellung der Ereignisse des 11. 9. 2001 wurde dazu verwendet:<\/p>\n<ul style=\"padding-left: 30px\">\n<li>um die Kriege in Afghanistan und Irak, die den Tod von mehr als einer Million Menschen&nbsp;<a name=\"R_1\" href=\"#N_1\">[1]<\/a> verursachten, zu rechtfertigen;<\/li>\n<li>Folter, Milit\u00e4rtribunale und au\u00dferordentliche \u00dcberstellungen zu autorisieren; und<\/li>\n<li>um Freiheiten, die wie habeas corpus von der amerikanischen Verfassung garantiert werden, in den USA und \u00e4hnliche Freiheiten in Kanada, Gro\u00dfbritannien und anderen Staaten au\u00dfer Kraft zu setzen.<\/li>\n<\/ul>\n<p>Den offiziellen Behauptungen bez\u00fcglich 9\/11 widersprechen Fakten, die durch einen wissenschaftlichen Konsens-Prozess best\u00e4tigt wurden, und die folgenden Punkte an \u201eBesten Beweisen\u201c einschlie\u00dfen.<\/p>\n<p>Die 50 Konsens-Punkte sind in die folgenden zehn Kategorien eingeteilt, die auf die einzelnen Punkte verweisen:<\/p>\n<div style=\"color: #008080; font-family: Georgia; font-size: large; text-align: left\">\n<p><a href=\"#General\">A. Allgemeine Konsens-Punkte<\/a><br \/>\n<a href=\"#TT\">B. Konsens-Punkte \u00fcber die Twin Towers (Zwillingst\u00fcrme)<\/a><br \/>\n<a href=\"#WTC7\">C. Konsens-Punkte \u00fcber den Einsturz von World Trade Center 7<\/a><br \/>\n<a href=\"#Pent\">D. Konsens-Punkte \u00fcber das Pentagon<\/a><br \/>\n<a href=\"#Flights\">E. Konsens-Punkte \u00fcber die 9\/11-Fl\u00fcge<\/a><br \/>\n<a href=\"#Exercises\">F. Konsens-Punkte \u00fcber \u00dcbungen des US-Milit\u00e4rs an und vor 9\/11<\/a><br \/>\n<a href=\"#Commands\">G. Konsens-Punkte \u00fcber widerlegte Behauptungen \u00fcber milit\u00e4rische und politische F\u00fchrer in Schl\u00fcsselpositionen und deren Aktionen am 11.9.<\/a><br \/>\n<a href=\"#Hijackers\">H. Konsens-Punkte \u00fcber die Entf\u00fchrer am 11. 9.<\/a><br \/>\n<a href=\"#Phone\">I. &nbsp;Konsens-Punkte \u00fcber die Telefonanrufe am 11. 9.<\/a><br \/>\n<a href=\"#Videos\">V. Konsens-Punkte \u00fcber die offiziellen Beweis-Videos zu 9\/11<\/a><\/p>\n<\/div>\n<p><!-- font -->\n<\/div>\n<p><!-- padding --><\/p>\n<p>&nbsp;<\/p>\n<div style=\"font-family: Georgia; font-size: large; color: #000080; text-align: left\">\n<p><a name=\"General\"><\/a><\/p>\n<p>A. Allgemeine Konsens-Punkte<\/p>\n<div style=\"padding-left: 30px\">\n<a href=\"https:\/\/www.consensus911.org\/de\/point-g-1-de\/\">Punkt G-1: Eine Behauptung \u00fcber Osama bin Laden<\/a><\/p>\n<p><a href=\"https:\/\/www.consensus911.org\/de\/point-g-2-de\/\">Punkt G-2: Die Behauptung, es h\u00e4tte vor dem 11. 9. 2001 kein Insider-Handel mit Put-Optionen stattgefunden<\/a><\/p>\n<\/div>\n<p>&nbsp;<\/p>\n<p><a name=\"TT\"><\/a><\/p>\n<p>B. Konsens-Punkte \u00fcber die Twin-Towers<\/p>\n<div style=\"padding-left: 30px\">\n<a href=\"https:\/\/www.consensus911.org\/de\/point-tt-1-de\/\">Punkt TT-1: Eine Behauptung \u00fcber die Zerst\u00f6rung der Zwillingst\u00fcrme: Nur durch Einschlag, Kerosin und Feuer<\/a><\/p>\n<p><a href=\"https:\/\/www.consensus911.org\/de\/point-tt-2-de\/\">Punkt TT-2: Eine Behauptung \u00fcber die Zerst\u00f6rung der Zwillingst\u00fcrme: Nur durch Einschlag, Feuer und Schwerkraft<\/a><\/p>\n<p><a href=\"https:\/\/www.consensus911.org\/de\/point-tt-3-de\/\">Punkt TT-3: Eine Behauptung, die Explosionen in den Twin-Towers ausschlie\u00dft<\/a><\/p>\n<p><a href=\"https:\/\/www.consensus911.org\/de\/point-tt-4-de\/\">Punkt TT-4: Eine zweite Behauptung, die Explosionen in den Twin-Towers ausschlie\u00dft<\/a><\/p>\n<p><a href=\"https:\/\/www.consensus911.org\/de\/point-tt-5-de\/\">Punkt TT-5: Die Behauptung, der Staub des World Trade Centers w\u00fcrde kein thermitisches Material enthalten<\/a><\/p>\n<p><a href=\"https:\/\/www.consensus911.org\/de\/point-tt-6-de\/\">Punkt TT-6: Die Behauptung, dass es keinen geschmolzenen Stahl oder geschmolzenes Eisen in den WTC-Geb\u00e4uden gab<\/a><\/p>\n<p><a href=\"https:\/\/www.consensus911.org\/de\/point-tt-7-de\/\">Punkt TT-7: Warum st\u00fcrzten die Zwillingst\u00fcrme ein? Seismische Beweise<\/a><\/p>\n<p><a href=\"https:\/\/www.consensus911.org\/de\/point-tt-8-de\/\">Punkt TT-8: Warum st\u00fcrzten die Zwillingst\u00fcrme ein? Physikalische Beweise und Zeugenaussagen<\/a><\/p>\n<p><a href=\"https:\/\/www.consensus911.org\/de\/point-tt-9-de\/\">Punkt TT-9: Der Funkverkehr der FDNY widerlegt die Behauptung eines ausgedehnten Infernos im S\u00fcdturm<\/a><\/p>\n<\/div>\n<p>&nbsp;<\/p>\n<p><a name=\"WTC7\"><\/a><\/p>\n<p>C. Konsens-Punkte \u00fcber den Einsturz von World Trade Center 7<\/p>\n<div style=\"padding-left: 30px\">\n<a href=\"https:\/\/www.consensus911.org\/de\/point-wtc7-1-de\/\">Punkt WTC7-1: Die Behauptung, WTC&nbsp;7 sei allein durch Feuer zum Einsturz gebracht worden<\/a><\/p>\n<p><a href=\"https:\/\/www.consensus911.org\/de\/point-wtc7-2-de\/\">Punkt WTC7-2: Die Behauptung im Entwurf des Berichts von NIST, dass WTC&nbsp;7 nicht wie im freien Fall eingest\u00fcrzt w\u00e4re<\/a><\/p>\n<p><a href=\"https:\/\/www.consensus911.org\/de\/point-wtc7-3-de\/\">Punkt WTC7-3: Die Behauptung in der Endfassung des Berichts von NIST, dass der Einsturz von WTC&nbsp;7 zwar im freien Fall aber ohne Sprengstoffe erfolgt sei<\/a><\/p>\n<p><a href=\"https:\/\/www.consensus911.org\/de\/point-wtc7-4-de\/\">Punkt WTC7-4: Entsprach die offizielle Simulation des Falls von WTC&nbsp;7 dem beobachteten Einsturz?<\/a><\/p>\n<p><a href=\"https:\/\/www.consensus911.org\/de\/point-wtc7-5-de\/\">Punkt WTC7-5: World Trade Center Geb\u00e4ude&nbsp;7: Die Analyse von NIST \u00fcber den Beginn des Einsturzes ist ung\u00fcltig<\/a><\/p>\n<p><a href=\"https:\/\/www.consensus911.org\/de\/point-wtc7-6-de\/\">Punkt WTC7-6: NISTs betr\u00fcgerische Behauptung, dass kein Stahl von Geb\u00e4ude&nbsp;7 zur Analyse geborgen wurde<\/a><\/p>\n<p><a href=\"https:\/\/www.consensus911.org\/de\/point-wtc7-7-de\/\">Punkt WTC7-7: Vorauswissen \u00fcber den Einsturz von WTC&nbsp;7<\/a><\/p>\n<p><a href=\"https:\/\/www.consensus911.org\/de\/point-wtc7-8-de\/\">Punkt WTC7-8: Das Vertuschen der Tatsache, dass Barry Jennings und Michael Hess am 11.9. vormittags eine Explosion in WTC&nbsp;7 erlebten<\/a><\/p>\n<\/div>\n<p>&nbsp;<\/p>\n<p><a name=\"Pent\"><\/a><\/p>\n<p>D. Konsens-Punkte \u00fcber das Pentagon<\/p>\n<div style=\"padding-left: 30px\">\n<a href=\"https:\/\/www.consensus911.org\/de\/point-pent-1-de\/\">Punkt Pent-1: Warum der Angriff auf das Pentagon nicht verhindert wurde: Die erste offizielle Darstellung<\/a><\/p>\n<p><a href=\"https:\/\/www.consensus911.org\/de\/point-pent-2-de\/\">Punkt Pent-2: Warum der Angriff auf das Pentagon nicht verhindert wurde: Die zweite offizielle Darstellung<\/a><\/p>\n<p><a href=\"https:\/\/www.consensus911.org\/de\/point-pent-3-de\/\">Punkt Pent-3: Die Behauptung, Hani Hanjour sei der Pilot von Flug&nbsp;77 gewesen<\/a><\/p>\n<p><a name=\"P4\"><\/a><a href=\"https:\/\/www.consensus911.org\/de\/point-pent-4-de\/\">Punkt Pent-4: Gab es Vorauswissen \u00fcber den Angriff auf das Pentagon?<\/a><\/p>\n<\/div>\n<p>&nbsp;<\/p>\n<p><a name=\"Flights\"><\/a><\/p>\n<p>E. Konsens-Punkte \u00fcber die 9\/11-Fl\u00fcge<\/p>\n<div style=\"padding-left: 30px\">\n<a href=\"https:\/\/www.consensus911.org\/de\/point-flt-1-de\/\">Punkt Flt-1: Eine Behauptung bez\u00fcglich der entf\u00fchrten Passagiermaschinen<\/a><\/p>\n<p><a href=\"https:\/\/www.consensus911.org\/de\/point-flt-2-de\/\">Punkt Flt-2: Die Behauptung, Flug&nbsp;93 w\u00e4re in der N\u00e4he von Shanksville, Pennsylvania, abgest\u00fcrzt<\/a><\/p>\n<p><a href=\"https:\/\/www.consensus911.org\/de\/point-flt-3-de\/\">Punkt Flt-3: Waren Kidnapper f\u00fcr die Ver\u00e4nderungen an den Transpondern der 9\/11-Fl\u00fcge verantwortlich?<\/a><\/p>\n<p><a href=\"https:\/\/www.consensus911.org\/de\/point-flt-4-de\/\">Punkt Flt-4: Unerkl\u00e4rte Anomalien betreffend die \u201eBlack Boxes\u201c der vier 9\/11-Flugzeuge<\/a><\/p>\n<\/div>\n<p>&nbsp;<\/p>\n<p><a name=\"Exercises\"><\/a><\/p>\n<p>F. Konsens-Punkte \u00fcber \u00dcbungen des US-Milit\u00e4rs an und vor 9\/11<\/p>\n<div style=\"padding-left: 30px\">\n<a href=\"https:\/\/www.consensus911.org\/de\/point-me-1-de\/\">Punkt ME-1: Zeigten milit\u00e4rische \u00dcbungen, dass das Milit\u00e4r f\u00fcr Entf\u00fchrungen im Inland (wie auch im Ausland) vorbereitet war?<\/a><\/p>\n<p><a href=\"https:\/\/www.consensus911.org\/de\/point-me-2-de\/\">Punkt ME-2: Die Behauptung, dass milit\u00e4rische \u00dcbungen die Reaktion auf die 9\/11-Angriffe nicht verz\u00f6gert h\u00e4tten<\/a><\/p>\n<\/div>\n<p>&nbsp;<\/p>\n<p><a name=\"Commands\"><\/a><\/p>\n<p>G. Konsens-Punkte \u00fcber widerlegte Behauptungen \u00fcber milit\u00e4rische und politische F\u00fchrer in Schl\u00fcsselpositionen und deren Aktionen am 11.9.<\/p>\n<div style=\"padding-left: 30px\">\n<a href=\"https:\/\/www.consensus911.org\/de\/point-mc-intro-de\/\">Punkt MC-intro: \u00dcberblick \u00fcber widerlegte Behauptungen \u00fcber milit\u00e4rische und politische F\u00fchrer in Schl\u00fcsselpositionen<\/a><\/p>\n<p><a href=\"https:\/\/www.consensus911.org\/de\/point-mc-1-de\/\">Punkt MC-1: Warum wurde Pr\u00e4sident Bush aus der Schule in Florida nicht sofort in Sicherheit gebracht?<\/a><\/p>\n<p><a href=\"https:\/\/www.consensus911.org\/de\/point-mc-2-de\/\">Punkt MC-2: Die Behauptung des Wei\u00dfen Hauses dar\u00fcber, wie lange Pr\u00e4sident Bush im Klassenzimmer in Florida verblieb<\/a><\/p>\n<p><a href=\"https:\/\/www.consensus911.org\/de\/point-mc-3-de\/\">Punkt MC-3: Die Behauptung \u00fcber den Zeitpunkt des Eintreffens von Dick Cheney im Bunker des Wei\u00dfen Hauses<\/a><\/p>\n<p><a href=\"https:\/\/www.consensus911.org\/de\/point-mc-4-de\/\">Punkt MC-4: Wann autorisierte Cheney das Abschie\u00dfen der Passagiermaschinen?<\/a><\/p>\n<p><a href=\"https:\/\/www.consensus911.org\/de\/point-mc-5-de\/\">Punkt MC-5: Das Verhalten von Verteidigungsminister Rumsfeld zwischen 9&nbsp;h und 10&nbsp;h<\/a><\/p>\n<p><a href=\"https:\/\/www.consensus911.org\/de\/point-mc-6-de\/\">Punkt MC-6: Die Aktivit\u00e4ten von General Richard Myers w\u00e4hrend der 9\/11-Attacken<\/a><\/p>\n<p><a href=\"https:\/\/www.consensus911.org\/de\/point-mc-7-de\/\">Punkt MC-7: Der Zeitpunkt von General Sheltons R\u00fcckkehr auf seinen Posten<\/a><\/p>\n<p><a href=\"https:\/\/www.consensus911.org\/de\/point-mc-8-de\/\">Punkt MC-8: Die Aktivit\u00e4ten von Brigadegeneral Montague Winfield zwischen 8:30 und 10:30 Uhr<\/a><\/p>\n<p><a href=\"https:\/\/www.consensus911.org\/de\/point-mc-9-de\/\">Punkt MC-9: Die Aktivit\u00e4ten von General Ralph Eberhart w\u00e4hrend der 9\/11-Angriffe<\/a><\/p>\n<p><a href=\"https:\/\/www.consensus911.org\/de\/point-mc-10-de\/\">Punkt MC-10: Die Aktivit\u00e4ten des New Yorker B\u00fcrgermeisters Giuliani am 11. September 2001<\/a><\/p>\n<\/div>\n<p>&nbsp;<\/p>\n<p><a name=\"Hijackers\"><\/a><\/p>\n<p>H. Konsens-Punkte \u00fcber die Entf\u00fchrer am 11. 9<\/p>\n<div style=\"padding-left: 30px\">\n<p><a href=\"https:\/\/www.consensus911.org\/de\/point-h-1-de\/\">Punkt H-1: Mohamed Attas mysteri\u00f6ser Trip nach Portland (Maine)<\/a><\/p>\n<p><a name=\"H2\"><\/a><a href=\"https:\/\/www.consensus911.org\/de\/point-h-2-de\/\">Punkt H-2: Das Vertuschen der Tatsache, dass \u201aAble Danger\u2018 die wahrscheinliche Anwesenheit von Mohamed Atta in den USA im Januar 2000 ermittelt hatte<\/a><\/p>\n<p><a href=\"https:\/\/www.consensus911.org\/de\/point-h-3-de\/\">Punkt H-3: Die Behauptung, dass die Flugzeugentf\u00fchrer strenggl\u00e4ubige Muslime waren<\/a><\/p>\n<p><a href=\"https:\/\/www.consensus911.org\/de\/point-h-4-de\/\">Punkt H-4: Die Behauptung, Atta w\u00e4re zum fanatisch religi\u00f6sen Muslim geworden<\/a><\/p>\n<\/div>\n<p>&nbsp;<\/p>\n<p><a name=\"Phone\"><\/a><\/p>\n<p>I. Konsens-Punkte \u00fcber die Telefonanrufe am 11. 9<\/p>\n<div style=\"padding-left: 30px\">\n<a href=\"https:\/\/www.consensus911.org\/de\/point-pc-1-de\/\">Punkt PC-1: Die angeblichen Anrufe von Todd Beamer, Flug UA&nbsp;93<\/a><\/p>\n<p><a href=\"https:\/\/www.consensus911.org\/de\/point-pc-1a-de\/\">Punkt PC-1A: Der Anruf von Todd Beamer vom Flug UA&nbsp;93: Ein schwerwiegendes Problem mit dem Zeitablauf<\/a><\/p>\n<p><a href=\"https:\/\/www.consensus911.org\/de\/point-pc-2-de\/\">Punkt PC-2: Die gemeldeten Anrufe von Barbara Olson vom Flug AA&nbsp;77<\/a><\/p>\n<p><a href=\"https:\/\/www.consensus911.org\/de\/point-pc-3-de\/\">Punkt PC-3: Mobiltelefon-Anrufe aus den Flugzeugen: Die erste offizielle Darstellung<\/a><\/p>\n<p><a href=\"https:\/\/www.consensus911.org\/de\/point-pc-3-de\/\">Punkt PC-4: Mobiltelefon-Anrufe aus den Flugzeugen: Die zweite offizielle Darstellung<\/a><\/p>\n<\/div>\n<p>&nbsp;<\/p>\n<p><a name=\"Videos\"><\/a><\/p>\n<p>V. Konsens-Punkte \u00fcber die offiziellen Beweis-Videos zu 9\/11<\/p>\n<div style=\"padding-left: 30px\">\n<a href=\"https:\/\/www.consensus911.org\/de\/point-video-1-de\/\">Punkt Video-1: Die angeblichen \u00dcberwachungsaufnahmen von Mohamed Atta w\u00e4hrend seines mysteri\u00f6sen Trips nach Portland (ME) am 10. und 11. September 2001<\/a><\/p>\n<p><a href=\"https:\/\/www.consensus911.org\/de\/point-video-2-de\/\">Punkt Video-2: War das Flughafen-Video der angeblichen Entf\u00fchrer von AA&nbsp;77 echt? Analyse der offiziellen 9\/11-Beweisvideos<\/a><\/p>\n<\/div>\n<p>&nbsp;<\/p>\n<p><a name=\"REFS\"><\/a><\/p>\n<p><i>Quellennachweis<\/i><\/p>\n<\/div>\n<p><!-- Georgia,large,darkblue --><\/p>\n<div class=\"c9refs\">\n<table class=\"ref_tbl\">\n<tr>\n<td class=\"ref_nrs\">\n<div class=\"refnrs\"><a name=\"N_1\" href=\"#R_1\">[1]<\/a><\/div>\n<\/td>\n<td class=\"ref_txt\">\n<div class=\"rtxt-de\">\nG. Burnham, R. Lafta, S.&nbsp;Doocy und L. Roberts: \u201e<a href=\"http:\/\/www.consensus911.org\/wp-content\/uploads\/2016\/03\/Mortality__Iraq.pdf\">Mortality after the 2003 invasion of Iraq: A cross-sectional cluster sample survey!<\/a>\u201c <i>Lancet<\/i>, 11. Oktober 2006: 21; 368 (9545):1421-28.<br \/>\nJohns Hopkins Bloomberg School of Public Health, Baltimore. Diese epidemiologische Studie sch\u00e4tzt ca. 655.000 zus\u00e4tzliche, durch den Krieg verursachte, Todesf\u00e4lle (2,5% der Gesamtbev\u00f6lkerung) bis Ende Juni 2006.<br \/>\nCatherine Lutz: \u201e<a href=\"https:\/\/news.brown.edu\/articles\/2012\/09\/911\">September 11 and the Cost of War<\/a>\u201c Brown University, 10. September 2012.<br \/>\nDr. Gideon Polya, Autor von \u201eBody Count: Global Avoidable Mortality Since 1950\u201c sch\u00e4tze, dass von der Invasion bis Januar 2010 mehr als 4 Millionen Afghanen (mit oder ohne Gewalteinwirkung) gestorben waren, die ohne die Invasion nicht gestorben w\u00e4ren. Siehe: \u201e<a href=\"http:\/\/afghangenocide.blogspot.com\/\">January 2010 \u2013 4.5 Million Dead in Afghan Holocaust, Afghan Genocide<\/a>\u201c.<br \/>\nDr. Gideon Polya: \u201e<a href=\"https:\/\/www.countercurrents.org\/polya210309.htm\">Iraqi Holocaust: 2,3 Million Iraqi Excess Deaths<\/a>\u201c 21. M\u00e4rz 2009.\n<\/div>\n<\/td>\n<\/tr>\n<\/table>\n<\/div>\n<p><!-- c9refs -->\n<\/div>\n<p><!-- c9text --><\/p>\n","protected":false},"excerpt":{"rendered":"<p>Die 9\/11-Konsens-Punkte <br \/> Sachbeweise widerlegen die 9\/11-Geschichte <\/p>\n<p>&nbsp;<\/p>\n<p>Die offizielle Darstellung der Ereignisse des 11. 9. 2001 wurde dazu verwendet:<\/p>\n<p> um die Kriege in Afghanistan und Irak, die den Tod von mehr als einer Million Menschen&nbsp;<a name=\"R_1\" href=\"#N_1\">[1]<\/a> verursachten, zu rechtfertigen; Folter, Milit\u00e4rtribunale und au\u00dferordentliche \u00dcberstellungen zu autorisieren; und um Freiheiten, die wie habeas [&#8230;]<\/p>\n","protected":false},"author":110,"featured_media":0,"parent":0,"menu_order":157,"comment_status":"closed","ping_status":"closed","template":"","meta":{"footnotes":""},"class_list":["post-8800","page","type-page","status-publish","hentry"],"jetpack_sharing_enabled":true,"_links":{"self":[{"href":"https:\/\/www.consensus911.org\/de\/wp-json\/wp\/v2\/pages\/8800","targetHints":{"allow":["GET"]}}],"collection":[{"href":"https:\/\/www.consensus911.org\/de\/wp-json\/wp\/v2\/pages"}],"about":[{"href":"https:\/\/www.consensus911.org\/de\/wp-json\/wp\/v2\/types\/page"}],"author":[{"embeddable":true,"href":"https:\/\/www.consensus911.org\/de\/wp-json\/wp\/v2\/users\/110"}],"replies":[{"embeddable":true,"href":"https:\/\/www.consensus911.org\/de\/wp-json\/wp\/v2\/comments?post=8800"}],"version-history":[{"count":5,"href":"https:\/\/www.consensus911.org\/de\/wp-json\/wp\/v2\/pages\/8800\/revisions"}],"predecessor-version":[{"id":20660,"href":"https:\/\/www.consensus911.org\/de\/wp-json\/wp\/v2\/pages\/8800\/revisions\/20660"}],"wp:attachment":[{"href":"https:\/\/www.consensus911.org\/de\/wp-json\/wp\/v2\/media?parent=8800"}],"curies":[{"name":"wp","href":"https:\/\/api.w.org\/{rel}","templated":true}]}}