{"id":8807,"date":"2014-10-13T05:29:39","date_gmt":"2014-10-13T12:29:39","guid":{"rendered":"http:\/\/www.consensus911.org\/?page_id=8807"},"modified":"2023-03-23T14:14:20","modified_gmt":"2023-03-23T21:14:20","slug":"reference-evidence-based-de","status":"publish","type":"page","link":"https:\/\/www.consensus911.org\/de\/reference-evidence-based-de\/","title":{"rendered":"Reference, Evidence-Based (De)"},"content":{"rendered":"<h2>Quellennachweise, evidenzbasiert<\/h2>\n<div class=\"c9text-de\">\n<p>&nbsp;<\/p>\n<h3>Beweisbasierte Quellen, die der offiziellen Geschichte zu 9\/11 widersprechen<\/h3>\n<p>&nbsp;<\/p>\n<p>Die Literatur zu 9\/11 kann eingeteilt werden in Dokumente der US-Regierung, die die offizielle Darstellung von 9\/11 unterst\u00fctzen und den Fundus an Literatur, der aus der Unzufriedenheit der Forschungsgemeinschaft mit der offiziellen Darstellung hervorgegangen ist.<\/p>\n<p>&nbsp;<\/p>\n<h4>Regierungsdokumente, die die offizielle Geschichte des 11. September vertreten<\/h4>\n<p>&nbsp;<\/p>\n<p>Eine Untersuchung von 9\/11 wurde gegen den Widerstand des Wei\u00dfen Hauses&nbsp;<a href=\"#N_1\" name=\"R_01\">[1]<\/a> erst fast zwei Jahre nach dem Ereignis unter dem Druck von Angeh\u00f6rigen der Opfer durchgesetzt. Die \u201e9\/11-Kommission\u201c musste mit geringen Mitteln (einem Bruchteil dessen, was die Monica Lewinsky-Untersuchung kostete) auskommen, und wurde von Philip Zelikow, einem Insider des Wei\u00dfen Hauses, streng gef\u00fchrt.&nbsp;<a href=\"#N_2\" name=\"R_02\">[2]<\/a><\/p>\n<p>Der stellvertretende Vorsitzende Lee Hamilton sagte, die 9\/11-Kommission sei \u201eeingerichtet worden, um zu scheitern\u201c, und das Kommissionsmitglied Max Cleland trat zur\u00fcck und bezeichnete die Kommission als \u201enationalen Skandal\u201c.&nbsp;<a href=\"#N_3\" name=\"R_03\">[3]<\/a><\/p>\n<p>Der \u201e<i>9\/11-Kommissionsbericht<\/i>\u201c \u00fcberging Dutzende von Tatsachen,&nbsp;<a href=\"#N_4\" name=\"R_04\">[4]<\/a> darunter den pl\u00f6tzlichen vertikalen Einsturz des World Trade Center 7 um 17:21 Uhr, ein <a href=\"https:\/\/de.wikipedia.org\/wiki\/Stahlskelettbau\">Stahlskelettbau<\/a> mit 47 Stockwerken, zwei Blocks von den Zwillingst\u00fcrmen entfernt, der nicht von einem Flugzeug getroffen worden war.<\/p>\n<p>Dieser Bericht, der unvollst\u00e4ndig ist und keinem Peer-Review unterzogen wurde, kann kaum als evidenzbasierte Studie angesehen werden.<\/p>\n<p>Die anderen wesentlichen Dokumente der offiziellen Darstellung wurden \u00fcber einen Zeitraum von 7 Jahren vom Nationalen Institut f\u00fcr Standards und Technologie (NIST) erstellt und versuchen die seltsamen vertikalen und fast im freien Fall erfolgenden Einst\u00fcrze der Zwillingst\u00fcrme und von Geb\u00e4ude&nbsp;7 zu erkl\u00e4ren.&nbsp;<a href=\"#N_5\" name=\"R_05\">[5]<\/a> Die Hypothese einer \u201ekontrollierten Sprengung\u201c wurde nicht in Erw\u00e4gung gezogen, obwohl dort im Einsatz gestandene Feuerwehrleute und Nachrichtensprecher (darunter Dan Rather von CBS und Peter Jennings von ABC&nbsp;<a href=\"#N_6\" name=\"R_06\">[6]<\/a>) schon w\u00e4hrend des Ereignisses auf unheimliche \u00c4hnlichkeiten hingewiesen hatten.<\/p>\n<p>Ebenso wie der \u201e<i>9\/11-Kommissionsbericht<\/i>\u201c waren die Berichte von NIST nicht peer-reviewed. Der \u00d6ffentlichkeit standen 60 Tage f\u00fcr Kommentare zum ersten Entwurf zur Verf\u00fcgung, aber die Kommentare und die vielen schwerwiegenden Bedenken, die vorgebracht wurden, wurden vom Verfassen des endg\u00fcltigen Reports nahezu vollst\u00e4ndig ignoriert.&nbsp;<a href=\"#N_7\" name=\"R_07\">[7]<\/a><\/p>\n<p>Da die Berichte von NIST keinem Peer-Review unterworfen wurden, k\u00f6nnen sie nicht als evidenzbasiert eingestuft werden.<\/p>\n<p>&nbsp;<\/p>\n<h4>Unabh\u00e4ngige wissenschaftliche Forschung, die der offiziellen Geschichte von 9\/11 widerspricht.<\/h4>\n<p>&nbsp;<\/p>\n<p>Der Gro\u00dfteil der \u201ebesten Beweise\u201c, die die offizielle Geschichte infrage stellen, wurde in zehn bestens belegten B\u00fcchern von Dr. David Ray Griffin dargelegt. Dr. Griffin lehrte 35 Jahre lang Religionsphilosophie mit Schwerpunkt auf dem Verh\u00e4ltnis zwischen Religion und Wissenschaft. Seine B\u00fccher und Essays und Videos seiner Vortr\u00e4ge stehen online zur Verf\u00fcgung.&nbsp;<a href=\"#N_8\" name=\"R_08\">[8]<\/a><\/p>\n<p>In der wissenschaftlichen Literatur publizierte Artikel umfassen:<\/p>\n<ul style=\"padding-left: 30px\">\n<li>eine Arbeit \u00fcber den Nachweis von Nanothermit im Staub des zerst\u00f6rten WTC&nbsp;<a href=\"#N_9\" name=\"R_09\">[9]<\/a><\/li>\n<li>sechs Artikel in der Ausgabe vom Februar 2010 von \u201eAmerican Behavioral Scientist\u201c, der in 67 Datenbanken indiziert ist, die auch als Gesamtausgabe auf \u201eState Crimes Against Democracy\u201c herausgegeben wurden, mit 9\/11 als einem der Hauptbeispiele&nbsp;<a href=\"#N_10\" name=\"R_10\">[10]<\/a><\/li>\n<li>der Artikel \u201eEnvironmental Anomalies at the World Trade Center: Evidence for Energetic Materials\u201c in \u201eThe Environmentalist\u201c&nbsp;<a href=\"#N_11\" name=\"R_11\">[11]<\/a><\/li>\n<li>die Arbeit \u201eExtremely high temperatures during the World Trade Center destruction [Extrem hohe Temperaturen w\u00e4hrend der Zerst\u00f6rung des World Trade Centers]\u201c;&nbsp;<a href=\"#N_12\" name=\"R_12\">[12]<\/a><\/li>\n<li>eine wissenschaftliche Abhandlung gegen weitverbreitete Ger\u00fcchte \u00fcber die WTC-Einst\u00fcrze;&nbsp;<a href=\"#N_13\" name=\"R_13\">[13]<\/a><\/li>\n<li>59 einem Peer-Review unterworfene Studien zur Physik der 9\/11-Geschenisse, die seit 2006 im \u201eJournal of 9\/11 Studies\u201c ver\u00f6ffentlicht wurden, sowie 67 Briefe zwischen Mitgliedern der akademischen Gemeinschaft;&nbsp;<a href=\"#N_14\" name=\"R_14\">[14]<\/a><\/li>\n<li>9 wissenschaftliche Beitr\u00e4ge, die 2006 als Sammelband von Elsevier Science Press ver\u00f6ffentlicht wurden, und die eine Mitt\u00e4terschaft der USA an einer Operation unter falscher Flagge nahe legen.&nbsp;<a href=\"#N_15\" name=\"R_15\">[15]<\/a> \u201eThe Hidden History of 9-11\u201c wurde in den Massenmedien nie besprochen.<\/li>\n<\/ul>\n<p>Weitere Quellen sind \u201e9\/11 Revealed\u201c&nbsp;<a href=\"#N_16\" name=\"R_16\">[16]<\/a> und \u201eFlight 93 Revealed\u201c&nbsp;<a href=\"#N_17\" name=\"R_17\">[17]<\/a> von Morgan und Henshall; zwei B\u00fccher von Prof. Michel Chossudovsky: \u201eAmerica\u2019s War on Terrorism\u201c&nbsp;<a href=\"#N_18\" name=\"R_18\">[18]<\/a> und \u201eWar and Globalisation: The Truth Behind September 11\u201c&nbsp;<a href=\"#N_19\" name=\"R_19\">[19]<\/a>; und das \u201eComplete 9\/11 Timeline investigative project\u201c.&nbsp;<a href=\"#N_20\" name=\"R_20\">[20]<\/a><\/p>\n<p>Obwohl das oben genannte Beweismaterial gegen die offizielle Geschichte nicht zu systematischen Zusammenfassungen und Praxisleitlinien wie in der evidenzbasierten Medizin destilliert wurde, wurde jede Behauptung entweder mehrfach durch Peer-Review best\u00e4tigt oder im Wesentlichen belegt. Alle Behauptungen beruhen auf laufend aktualisierter, anhaltender Forschung.<\/p>\n<p>Damit qualifizieren sich die oben zitierten Untersuchungen f\u00fcr das \u201eBeste Beweismaterial\u201c \u00fcber die Ereignisse des 11. Septembers.<\/p>\n<p>Anmerkung: Diese Zusammenfassung ist ein leicht \u00fcberarbeiteter Auszug eines Artikels, der in dem Journal Information for Social Change im August 2010 ver\u00f6ffentlicht wurde.&nbsp;<a href=\"#N_21\" name=\"R_21\">[21]<\/a><\/p>\n<p>&nbsp;<\/p>\n<p><a name=\"REFS\"><\/a><\/p>\n<h4>Quellennachweis<\/h4>\n<div class=\"c9refs\">\n<table class=\"ref_tbl\">\n<tbody>\n<tr>\n<td class=\"ref_nrs\">\n<div class=\"refnrs\"><a name=\"N_1\" href=\"#R_1\">[1]<\/a><\/div>\n<\/td>\n<td class=\"ref_txt\">\n<div class=\"rtxt-de\">\nPete Brush: \u201e<a href=\"https:\/\/www.cbsnews.com\/news\/bush-opposes-9-11-query-panel\/\">Bush Opposes 9\/11 Query Panel<\/a>\u201c, <i>CBS News<\/i>, 23. Mai 2002<\/div>\n<\/td>\n<\/tr>\n<tr>\n<td class=\"ref_nrs\">\n<div class=\"refnrs\"><a name=\"N_2\" href=\"#R_2\">[2]<\/a><\/div>\n<\/td>\n<td class=\"ref_txt\">\n<div class=\"rtxt-de\">\nPhilip Shenon: \u201e<a href=\"http:\/\/www.amazon.com\/Commission-Uncensored-History-Investigation-Hardcover\/dp\/B00DU7L270\/\">Commission: The Uncensored History of the 9\/11 Investigation<\/a>\u201c, 2008<\/div>\n<\/td>\n<\/tr>\n<tr>\n<td class=\"ref_nrs\">\n<div class=\"refnrs\"><a name=\"N_3\" href=\"#R_3\">[3]<\/a><\/div>\n<\/td>\n<td class=\"ref_txt\">\n<div class=\"rtxt-de\">\nGeorge Washington\u2019s Blog: \u201e<a href=\"http:\/\/georgewashington.blogspot.com\/2008\/01\/whitewash.html\">Whitewash<\/a>\u201c, 17. Januar 2008<\/div>\n<\/td>\n<\/tr>\n<tr>\n<td class=\"ref_nrs\">\n<div class=\"refnrs\"><a name=\"N_4\" href=\"#R_4\">[4]<\/a><\/div>\n<\/td>\n<td class=\"ref_txt\">\n<div class=\"rtxt-de\">\n<a href=\"\/de\/panel-members-de\/#GRIFFIN\">David Ray Griffin<\/a>: \u201e<i>The 9\/11 Commission Report<\/i>: Omissions and Distortions\u201c, Olive Branch Press, 2004<\/div>\n<\/td>\n<\/tr>\n<tr>\n<td class=\"ref_nrs\">\n<div class=\"refnrs\"><a name=\"N_5\" href=\"#R_5\">[5]<\/a><\/div>\n<\/td>\n<td class=\"ref_txt\">\n<div class=\"rtxt-de\">\nDiese Berichte stehen auf <a href=\"https:\/\/web.archive.org\/web\/20110813080331\/http:\/\/www.nist.gov\/el\/disasterstudies\/wtc\/\">wtc.nist.gov<\/a> zur Verf\u00fcgung<\/div>\n<\/td>\n<\/tr>\n<tr>\n<td class=\"ref_nrs\">\n<div class=\"refnrs\"><a name=\"N_6\" href=\"#R_6\">[6]<\/a><\/div>\n<\/td>\n<td class=\"ref_txt\">\n<div class=\"rtxt-de\">\nDan Rather, <i>CBS News<\/i>: \u201e<a href=\"https:\/\/www.youtube.com\/watch?v=Nvx904dAw0o\">9\/11: Dan Rather Says WTC Collapses Look Like Demolitions<\/a>\u201c; Peter Jennings, <i>ABC News<\/i>: \u201e<a href=\"https:\/\/www.youtube.com\/watch?v=0ptvvbaR0-U\">9\/11: Controlled Demolition Comparison<\/a>\u201c<\/div>\n<\/td>\n<\/tr>\n<tr>\n<td class=\"ref_nrs\">\n<div class=\"refnrs\"><a name=\"N_7\" href=\"#R_7\">[7]<\/a><\/div>\n<\/td>\n<td class=\"ref_txt\">\n<div class=\"rtxt-de\">\nNIST: \u201e<a href=\"https:\/\/www.nist.gov\/sites\/default\/files\/documents\/2017\/05\/09\/CombinedPublicCommentsDraftTowersReports2005-2.pdf\">WTC&nbsp;7 Public Comments Received (2008)<\/a>\u201c<\/div>\n<\/td>\n<\/tr>\n<tr>\n<td class=\"ref_nrs\">\n<div class=\"refnrs\"><a name=\"N_8\" href=\"#R_8\">[8]<\/a><\/div>\n<\/td>\n<td class=\"ref_txt\">\n<div class=\"rtxt-de\">\nSiehe <a href=\"https:\/\/web.archive.org\/web\/20170113175951\/https:\/\/davidraygriffin.com\/\">davidraygriffin.com<\/a><\/div>\n<\/td>\n<\/tr>\n<tr>\n<td class=\"ref_nrs\">\n<div class=\"refnrs\"><a name=\"N_9\" href=\"#R_9\">[9]<\/a><\/div>\n<\/td>\n<td class=\"ref_txt\">\n<div class=\"rtxt-de\">\n<a href=\"\/de\/panel-members-de\/#HARRIT\">Niels H. Harrit<\/a>, et al.: \u201e<a href=\"https:\/\/web.archive.org\/web\/20151125154704if_\/http:\/\/electricpolitics.com\/media\/docs\/7TOCPJ.pdf\">Active Thermitic Material Discovered in Dust from the 9\/11 World Trade Center Catastrophe<\/a>\u201c (<a href=\"http:\/\/www.consensus911.org\/wp-content\/uploads\/2017\/11\/7TOCPJ.pdf\">Backup<\/a>) in <i>The Open Chemical Physics Journal<\/i>, Vol. 2 (3. April 2009), 7-31. Deutsche \u00dcbersetzung: \u201e<a href=\"https:\/\/www.journalof911studies.com\/volume\/2009\/RedGrayChipsGerman.pdf\">Nachweis von reaktionsf\u00e4higem thermitischen Material im Staub der World Trade Center- Katastrophe vom 11. September 2001<\/a>\u201c.<\/div>\n<\/td>\n<\/tr>\n<tr>\n<td class=\"ref_nrs\">\n<div class=\"refnrs\"><a name=\"N_10\" href=\"#R_10\">[10]<\/a><\/div>\n<\/td>\n<td class=\"ref_txt\">\n<div class=\"rtxt-de\">\nSiehe die <a href=\"http:\/\/journals.sagepub.com\/toc\/abs\/53\/6\">Ausgabe vom Februar 2010<\/a>. Die Druckausgabe war (f\u00fcr 24$) von <i>Sage Journals<\/i> (<a href=\"mailto:journals@sagepub.com\">journals@sagepub.com<\/a>, Tel. 1-800-818-7243) erh\u00e4ltlich.<\/div>\n<\/td>\n<\/tr>\n<tr>\n<td class=\"ref_nrs\">\n<div class=\"refnrs\"><a name=\"N_11\" href=\"#R_11\">[11]<\/a><\/div>\n<\/td>\n<td class=\"ref_txt\">\n<div class=\"rtxt-de\">\nKevin R. Ryan, James R. Gourley und <a href=\"\/de\/panel-members-de\/#JONES\">Steven E. Jones<\/a>: \u201e<a href=\"https:\/\/link.springer.com\/article\/10.1007%2Fs10669-008-9182-4\">Environmental Anomalies at the World Trade Center: Evidence for Energetic Materials<\/a> [Anomalien in der Umgebung des World Trade Centers: Beweis f\u00fcr energetische Materialien]\u201c, <i>The Environmentalist<\/i>, 29 (2009): 56-63<\/div>\n<\/td>\n<\/tr>\n<tr>\n<td class=\"ref_nrs\">\n<div class=\"refnrs\"><a name=\"N_12\" href=\"#R_12\">[12]<\/a><\/div>\n<\/td>\n<td class=\"ref_txt\">\n<div class=\"rtxt-de\">\n<a href=\"\/de\/panel-members-de\/#JONES\">Steven E. Jones<\/a>: et al.: \u201e<a href=\"http:\/\/www.consensus911.org\/wp-content\/uploads\/2016\/09\/WTCHighTemp2.pdf\">Extremely high temperatures during the World Trade Center destruction<\/a> [Extrem hohe Temperaturen w\u00e4hrend der Zerst\u00f6rung des World Trade Centers]\u201c im <i>Journal of 9\/11 Studies<\/i>, Januar 2008<\/div>\n<\/td>\n<\/tr>\n<tr>\n<td class=\"ref_nrs\">\n<div class=\"refnrs\"><a name=\"N_13\" href=\"#R_13\">[13]<\/a><\/div>\n<\/td>\n<td class=\"ref_txt\">\n<div class=\"rtxt-de\">\n<a href=\"\/de\/panel-members-de\/#JONES\">Steven E. Jones<\/a>, et al.: \u201e<a href=\"https:\/\/benthamopen.com\/contents\/pdf\/TOCIEJ\/TOCIEJ-2-35.pdf\">Fourteen Points of Agreement with Official Government Reports on the World Trade Center Destruction<\/a>\u201c in <i>The Open Civil Engineering Journal<\/i>, Vol. 2, 2008, 35-40<\/div>\n<\/td>\n<\/tr>\n<tr>\n<td class=\"ref_nrs\">\n<div class=\"refnrs\"><a name=\"N_14\" href=\"#R_14\">[14]<\/a><\/div>\n<\/td>\n<td class=\"ref_txt\">\n<div class=\"rtxt-de\">\n<a href=\"https:\/\/www.journalof911studies.com\/\">Journal of 9\/11 Studies<\/a>. Die Briefe wurden auf <a href=\"https:\/\/web.archive.org\/web\/20070127114626\/http:\/\/www.journalof911studies.com\/letters.html\">journalof911studies.com<\/a> ver\u00f6ffentlicht. <span class=\"ed_notes\">[<a href=\"https:\/\/www.journalof911studies.com\/J911S\/letters\/\">Neuere Briefe<\/a>; <a href=\"https:\/\/www.journalof911studies.com\/journal-of-911-studies-index-of-letters\/\">Index 2007-2014<\/a> \u2013 A.&nbsp;d.&nbsp;\u00dc.]<\/span><\/div>\n<\/td>\n<\/tr>\n<tr>\n<td class=\"ref_nrs\">\n<div class=\"refnrs\"><a name=\"N_15\" href=\"#R_15\">[15]<\/a><\/div>\n<\/td>\n<td class=\"ref_txt\">\n<div class=\"rtxt-de\">\nPaul Zarembka, Hrsg.: \u201e<a href=\"http:\/\/web.archive.org\/web\/20140313185647\/http:\/\/econpapers.repec.org\/bookchap\/rpevolume\/volm23.htm\">The Hidden History of 9-11-2001<\/a>\u201c, Elsevier, 2006. Eine <a href=\"http:\/\/www.amazon.com\/Hidden-History-9-11-Paul-Zarembka\/dp\/B002YX0BUU\/ref=sr_1_1?ie=UTF8&amp;s=books&amp;qid=1274834040&amp;sr=8-1\">Taschenbuchausgabe<\/a> vom Verlag Seven Stories Press erschien 2008.<\/div>\n<\/td>\n<\/tr>\n<tr>\n<td class=\"ref_nrs\">\n<div class=\"refnrs\"><a name=\"N_16\" href=\"#R_16\">[16]<\/a><\/div>\n<\/td>\n<td class=\"ref_txt\">\n<div class=\"rtxt-de\">\nRowland Morgan und Ian Henshall: \u201e<a href=\"http:\/\/www.amazon.com\/9-11-Revealed-Unanswered-Questions\/dp\/0786716134\/\">9\/11 Revealed: The Unanswered Questions<\/a>\u201c, Carrol &amp; Graf, 2005<\/div>\n<\/td>\n<\/tr>\n<tr>\n<td class=\"ref_nrs\">\n<div class=\"refnrs\"><a name=\"N_17\" href=\"#R_17\">[17]<\/a><\/div>\n<\/td>\n<td class=\"ref_txt\">\n<div class=\"rtxt-de\">\nRowland Morgan und Ian Henshall: \u201e<a href=\"http:\/\/www.amazon.com\/Flight-93-Revealed-Really-Happened-ebook\/dp\/B005FUUAZU\/\">Flight 93 Revealed: What Really Happened on the 9\/11 Let\u2019s Roll Flight?<\/a>\u201c Carroll &amp; Graf, 2006<\/div>\n<\/td>\n<\/tr>\n<tr>\n<td class=\"ref_nrs\">\n<div class=\"refnrs\"><a name=\"N_18\" href=\"#R_18\">[18]<\/a><\/div>\n<\/td>\n<td class=\"ref_txt\">\n<div class=\"rtxt-de\">\nMichel Chossudovsky: \u201e<a href=\"http:\/\/www.amazon.com\/Americas-War-Terrorism-Michel-Chossudovsky\/dp\/0973714719\/\">America\u2019s War on Terrorism<\/a>\u201c, Hushion House, 2005<\/div>\n<\/td>\n<\/tr>\n<tr>\n<td class=\"ref_nrs\">\n<div class=\"refnrs\"><a name=\"N_19\" href=\"#R_19\">[19]<\/a><\/div>\n<\/td>\n<td class=\"ref_txt\">\n<div class=\"rtxt-de\">\nMichel Chossudovsky: \u201e<a href=\"http:\/\/www.amazon.com\/Michel-Chossudovsky-War-Globalisation-September\/dp\/B00B0MJ3KA\/\">War and Globalisation: The Truth Behind September 11<\/a>\u201c, Global Outlook, 2002<\/div>\n<\/td>\n<\/tr>\n<tr>\n<td class=\"ref_nrs\">\n<div class=\"refnrs\"><a name=\"N_20\" href=\"#R_20\">[20]<\/a><\/div>\n<\/td>\n<td class=\"ref_txt\">\n<div class=\"rtxt-de\">\nHistory Commons: <a href=\"https:\/\/web.archive.org\/web\/20170313174028\/http:\/\/www.historycommons.org\/timeline.jsp?timeline=complete_911_timeline\">Complete 9\/11 Timeline<\/a><\/div>\n<\/td>\n<\/tr>\n<tr>\n<td class=\"ref_nrs\">\n<div class=\"refnrs\"><a name=\"N_21\" href=\"#R_21\">[21]<\/a><\/div>\n<\/td>\n<td class=\"ref_txt\">\n<div class=\"rtxt-de\">\n<a href=\"\/de\/panel-members-de\/#WOODWORTH\">Elizabeth Woodworth<\/a>: \u201e<a href=\"https:\/\/web.archive.org\/web\/20120120030311\/http:\/\/www.libr.org\/isc\/issues\/ISC30\/issue30.pdf\">Ethical Reflections on the 9\/11 Controversy: Do Information Science and Media Professionals Have a Duty to Provide Evidence-Based Information to a Questioning Public?<\/a>\u201c Information for Social Change, No. 30, Summer 2010<\/div>\n<\/td>\n<\/tr>\n<\/tbody>\n<\/table>\n<\/div>\n<p><!-- c9refs --><\/p>\n<\/div>\n<p><!-- c9text --><\/p>\n","protected":false},"excerpt":{"rendered":"<p>Quellennachweise, evidenzbasiert <\/p>\n<p>&nbsp;<\/p>\n<p> Beweisbasierte Quellen, die der offiziellen Geschichte zu 9\/11 widersprechen <\/p>\n<p>&nbsp;<\/p>\n<p>Die Literatur zu 9\/11 kann eingeteilt werden in Dokumente der US-Regierung, die die offizielle Darstellung von 9\/11 unterst\u00fctzen und den Fundus an Literatur, der aus der Unzufriedenheit der Forschungsgemeinschaft mit der offiziellen Darstellung hervorgegangen ist.<\/p>\n<p>&nbsp;<\/p>\n<p> Regierungsdokumente, die die offizielle Geschichte des [&#8230;]<\/p>\n","protected":false},"author":110,"featured_media":0,"parent":0,"menu_order":156,"comment_status":"closed","ping_status":"closed","template":"","meta":{"footnotes":""},"class_list":["post-8807","page","type-page","status-publish","hentry"],"jetpack_sharing_enabled":true,"_links":{"self":[{"href":"https:\/\/www.consensus911.org\/de\/wp-json\/wp\/v2\/pages\/8807","targetHints":{"allow":["GET"]}}],"collection":[{"href":"https:\/\/www.consensus911.org\/de\/wp-json\/wp\/v2\/pages"}],"about":[{"href":"https:\/\/www.consensus911.org\/de\/wp-json\/wp\/v2\/types\/page"}],"author":[{"embeddable":true,"href":"https:\/\/www.consensus911.org\/de\/wp-json\/wp\/v2\/users\/110"}],"replies":[{"embeddable":true,"href":"https:\/\/www.consensus911.org\/de\/wp-json\/wp\/v2\/comments?post=8807"}],"version-history":[{"count":4,"href":"https:\/\/www.consensus911.org\/de\/wp-json\/wp\/v2\/pages\/8807\/revisions"}],"predecessor-version":[{"id":21604,"href":"https:\/\/www.consensus911.org\/de\/wp-json\/wp\/v2\/pages\/8807\/revisions\/21604"}],"wp:attachment":[{"href":"https:\/\/www.consensus911.org\/de\/wp-json\/wp\/v2\/media?parent=8807"}],"curies":[{"name":"wp","href":"https:\/\/api.w.org\/{rel}","templated":true}]}}