{"id":8926,"date":"2014-09-24T00:41:28","date_gmt":"2014-09-24T07:41:28","guid":{"rendered":"http:\/\/www.consensus911.org\/?page_id=8926"},"modified":"2019-03-17T06:10:53","modified_gmt":"2019-03-17T13:10:53","slug":"honorary-members-de","status":"publish","type":"page","link":"https:\/\/www.consensus911.org\/de\/honorary-members-de\/","title":{"rendered":"Honorary Members (De)"},"content":{"rendered":"<h3 class=\"hm\">Ehrenmitglieder<\/h3>\n<div class=\"c9text-de\">\n<p>&nbsp;<\/p>\n<p>Die im Folgenden angef\u00fchrten Ehrenmitglieder lehnen zwar die offizielle Geschichte \u00fcber die Ereignisse am 11. September 2011 ab, sind aber nicht <a href=\"\/de\/media-contacts-de\/\">offizielle Sprecher f\u00fcr das 9\/11-Konsensgremium<\/a>.<\/p>\n<p><a name=\"DOUGLASS\"><\/a><\/p>\n<p>&nbsp;<\/p>\n<table class=\"members\">\n<tr>\n<td class=\"pm_img\">\n<div class=\"pm_img\">\n<a href=\"\/wp-content\/uploads\/2011\/09\/Jim-Douglass-sized-for-consensus911.jpg\"><img decoding=\"async\" alt=\"J.D.\" src=\"\/wp-content\/uploads\/2011\/09\/Jim-Douglass-sized-for-consensus911.jpg\" \/><\/a>\n<\/div>\n<\/td>\n<td class=\"pm_txt\">\n<div class=\"pmtxt-de\">\n<b>James W. Douglass<\/b>, ein christlicher Theologe und Friedensaktivist, ist Autor vieler B\u00fccher, darunter \u201e<a href=\"http:\/\/www.amazon.com\/JFK-Unspeakable-Why-Died-Matters\/dp\/1439193886\/\">JFK and the Unspeakable<\/a> [etwa: John F. Kennedy und das Unaussprechliche]\u201c und \u201e<a href=\"http:\/\/www.amazon.com\/Gandhi-Unspeakable-Final-Experiment-Truth\/dp\/1626980330\/\">Gandhi and the Unspeakable<\/a>\u201c. Er war engagiert in zivilem Ungehorsam gegen den Vietnamkrieg, Nuklearwaffen und dem Irak-Krieg. Er und seine Frau Shelley sind Mitbegr\u00fcnder des \u201e<a href=\"https:\/\/www.gzcenter.org\/\">Ground Zero Center for Nonviolent Action<\/a>\u201c in Poulsbo im Bundesstaat Washington und von \u201eMary\u2019s House\u201c, einem \u201e<a href=\"https:\/\/en.wikipedia.org\/wiki\/Catholic_Worker_Movement\">Haus der Gastfreundschaft der Katholischen Arbeiter<\/a>\u201c in Birmingham in Alabama.<a name=\"IMPOSIMATO\"><\/a>\n<\/div>\n<\/td>\n<\/tr>\n<tr>\n<td class=\"pm_img\">\n<div class=\"pm_img\">\n<a href=\"\/wp-content\/uploads\/2011\/09\/Consensus-Panel-Photo.jpg\"><img decoding=\"async\" alt=\"Consensus Panel Photo\" src=\"\/wp-content\/uploads\/2011\/09\/Consensus-Panel-Photo.jpg\" \/><\/a>\n<\/div>\n<\/td>\n<td class=\"pm_txt\">\n<div class=\"pmtxt-de\">\n<b>Ferdinando Imposimato<\/b> (9.&nbsp;April 1936 \u2013 <a href=\"https:\/\/www.ae911truth.org\/news\/403-an-international-icon-of-9-11-truth-departs-ferdinando-imposimato\/\">2.&nbsp;Januar 2018<\/a>) war der Ehrenpr\u00e4sident des Obersten Gerichtshofs von Italien und angesehener italienischer Untersuchungsrichter. Er f\u00fchrte den Vorsitz in mehreren Terrorismus-Prozessen einschlie\u00dflich der Entf\u00fchrung und Ermordung von Pr\u00e4sident Aldo Moro und der versuchten Ermordung von Papst John Paul II. Er hat \u00f6ffentlich erkl\u00e4rt, dass 9\/11 eine unter falscher Flagge ausgef\u00fchrte Operation war und schlug vor, dass es am <a href=\"https:\/\/de.wikipedia.org\/wiki\/Internationaler_Strafgerichtshof\">Internationalen Strafgerichtshof<\/a>, der eingerichtet wurde, um die Welt vor kriegerischen Verbrechen zu sch\u00fctzen, verhandelt werden sollte. Er verfasste u.&nbsp;a. die B\u00fccher \u201e<a href=\"http:\/\/www.amazon.it\/Grande-Menzogna-lenigma-minaccia-dellIran-ebook\/dp\/B017RD4T22\/\">La Grande Menzogna: Il ruolo del Mossad, l&#8217;enigma del Niger gate, la minaccia atomica dell&#8217;Iran<\/a> [Die gro\u00dfe L\u00fcge: Die Rolle des Mossad, das R\u00e4tsel von Niger-gate, die iranische nukleare Bedrohung]\u201c, \u201e<a href=\"http:\/\/www.amazon.it\/Terrorismo-internazionale-nascosta-Ferdinando-Imposimato\/dp\/8887509263\/\">Terrorismo internazionale. La verit\u00e0 nascosta<\/a> [Der internationale Terrorismus &#8211; Die verborgene Wahrheit]\u201c und \u201e<a href=\"http:\/\/www.amazon.com\/cambiato-lItalia-eNewton-Saggistica-Italian-ebook\/dp\/B00CM5N0QM\/\">I 55 giorni che hanno cambiato l&#8217;Italia<\/a> [Die 55 Tage, die Italien ver\u00e4nderten]\u201c \u00fcber den Fall Aldo Moro. <span class=\"ed_notes\">Und er war Kandidat bei der italienischen Pr\u00e4sidentschaftswahl 2015.[&#8211; A.&nbsp;d.&nbsp;\u00dc.]<\/span><a name=\"KASSOVITZ\"><\/a>\n<\/div>\n<\/td>\n<\/tr>\n<tr>\n<td class=\"pm_img\">\n<div class=\"pm_img\">\n<a href=\"\/wp-content\/uploads\/2011\/09\/Kassovitz-Mathieu-for-Website.jpg\"><img decoding=\"async\" alt=\"M.K.\" title=\"Mathieu Kassovitz\" src=\"\/wp-content\/uploads\/2011\/09\/Kassovitz-Mathieu-for-Website.jpg\" \/><\/a>\n<\/div>\n<\/td>\n<td class=\"pm_txt\">\n<div class=\"pmtxt-de\">\n<b><a href=\"https:\/\/de.wikipedia.org\/wiki\/Mathieu_Kassovitz\">Mathieu Kassovitz<\/a><\/b> ist ein <a href=\"https:\/\/www.imdb.com\/name\/nm0440913\/\">franz\u00f6sischer Regisseur, Drehbuchautor, Produzent und Schauspieler<\/a>. Sein Werk ist sowohl in Frankreich als auch international wohlbekannt. Er wurde f\u00fcr seine Filme mit mehreren Preisen ausgezeichnet, darunter die Auszeichnung f\u00fcr den Besten Regisseur bei den Filmfestspielen von Cannes f\u00fcr \u201e<a href=\"https:\/\/www.imdb.com\/title\/tt0113247\/\">La Haine<\/a>\u201c (etwa: \u201eHass\u201c), f\u00fcr den er als \u201eder Erbe Truffauts\u201c gelobt wurde. Er war nominiert als Bester Regisseur in Cannes f\u00fcr \u201e<a href=\"https:\/\/www.imdb.com\/title\/tt0228786\/\">Die Purpurnen Fl\u00fcsse<\/a>\u201c und gewann damit den \u201eGoldenen Stern f\u00fcr beste Regie\u201c in Paris. Er gewann dreimal den <a href=\"https:\/\/de.wikipedia.org\/wiki\/C%C3%A9sar\">C\u00e9sar<\/a> (der internationale Filmpreis Frankreichs) f\u00fcr sein Filmschaffen. Sein j\u00fcngster Film ist \u201e<a href=\"https:\/\/www.imdb.com\/title\/tt1242521\/\">Rebellion<\/a>\u201c. Kassovitz hat im franz\u00f6sischen Fernsehen Fragen \u00fcber 9\/11 als eine US-Verschw\u00f6rung aufgeworfen.<a name=\"MARGULIS\"><\/a>\n<\/div>\n<\/td>\n<\/tr>\n<tr>\n<td class=\"pm_img\">\n<div class=\"pm_img\">\n<a href=\"\/honorary-members\/lynn-margulis-wp-8\/\" rel=\"attachment wp-att-843\"><img decoding=\"async\" alt=\"\" src=\"\/wp-content\/uploads\/2011\/09\/Lynn-Margulis-WP7.jpg\" \/><\/a>\n<\/div>\n<\/td>\n<td class=\"pm_txt\">\n<div class=\"pmtxt-de\">\n<b>Dr. Lynn Margulis<\/b> (5. M\u00e4rz 1938 \u2013 <a href=\"https:\/\/911truth.org\/lynn-margulis-1938-2011\/\">22. November 2011<\/a>) war angesehene Universit\u00e4tsprofessorin in der Abteilung f\u00fcr Geowissenschaften an der Universit\u00e4t von Massachusetts in Amherst. Sie wurde 1983 in die Amerikanische Akademie der Wissenschaften gew\u00e4hlt und erhielt 1999 von William J. Clinton die \u201e<a href=\"https:\/\/en.wikipedia.org\/wiki\/National_Medal_of_Science\">Presidential Medal of Science<\/a>\u201c. Die Library of Congress (in Washington, Distrikt Columbia) verk\u00fcndete 1998, dass sie ihre Arbeiten permanent archivieren werde. <span class=\"ed_notes\">[Zusammen mit James Lovelock machte sie in den 1960ern die <a href=\"https:\/\/de.wikipedia.org\/wiki\/Gaia-Hypothese\">Gaia-Hypothese<\/a> bekannt. \u2013 A.&nbsp;d.&nbsp;\u00dc.]<\/span><a name=\"MEACHER\"><\/a>\n<\/div>\n<\/td>\n<\/tr>\n<tr>\n<td class=\"pm_img\">\n<div class=\"pm_img\">\n<a href=\"\/honorary-members\/meacher-wp\/\" rel=\"attachment wp-att-814\"><img decoding=\"async\" alt=\"\" src=\"\/wp-content\/uploads\/2011\/09\/Meacher-WP.jpg\" \/><\/a>\n<\/div>\n<\/td>\n<td class=\"pm_txt\">\n<div class=\"pmtxt-de\">\n<b>Der \u201eRt. Hon. [<a href=\"https:\/\/en.wikipedia.org\/wiki\/The_Right_Honourable\">H\u00f6chst Ehrenwerte<\/a>]\u201c Michael Meacher<\/b> (4.&nbsp;November 1939 &#8211; <a href=\"https:\/\/www.bbc.com\/news\/uk-politics-34592381\">21.&nbsp; 2015<\/a>) war Mitglied des Britischen Parlaments f\u00fcr Oldham West und Royton ab 1970 und Umweltminister vom Mai 1997 bis Juni 2003. \u00dcber 9\/11: \u201eIch schlie\u00dfe mich keiner Theorie dar\u00fcber an, was tats\u00e4chlich passierte, weil es meiner Ansicht nach daf\u00fcr zu viele Unklarheiten gibt. \u2013 Alles was ich wei\u00df ist, dass die offizielle Darstellung so viele Fehler und Ungereimtheiten aufweist und dass sie, so wie sie ist, einfach unglaubw\u00fcrdig ist.\u201c<a name=\"PEPPER\"><\/a>\n<\/div>\n<\/td>\n<\/tr>\n<tr>\n<td class=\"pm_img\">\n<div class=\"pm_img\">\n<a href=\"\/honorary-members\/william-pepper-wp\/\" rel=\"attachment wp-att-822\"><img decoding=\"async\" alt=\"\" src=\"\/wp-content\/uploads\/2011\/09\/William-Pepper-WP.jpg\" \/><\/a>\n<\/div>\n<\/td>\n<td class=\"pm_txt\">\n<div class=\"pmtxt-de\">\n<b>William F. Pepper<\/b> ist seit 1991 in England und Wales zugelassener Rechtsanwalt, sowie auch Anwalt in den Vereinigten Staaten und spezialisiert auf internationale Menschenrechte. Er vertrat Dr. Martin Luther Kings Familie in einem Zivilprozess, der die Wahrheit \u00fcber die Ermordung enth\u00fcllte, und die Unschuld des angeblichen M\u00f6rders, James Earl Ray, den er ebenfalls vertrat. Er war Einberufener des Seminars f\u00fcr internationale Menschenrechte an der Universit\u00e4t von Oxford. Obwohl er selbst keine Untersuchungen der 9\/11-Trag\u00f6die betreibt, ist er seit langem ein F\u00fcrsprecher f\u00fcr eine umfassende unabh\u00e4ngige Untersuchung dieses Ereignisses, in der \u00dcberzeugung, dass eine solche das beste Andenken an die, die dabei ihr Leben verloren, w\u00e4re und die Erf\u00fcllung einer offenen Pflicht gegen\u00fcber ihren Familien, deren Fragen unbeantwortet blieben.<a name=\"BULOW\"><\/a>\n<\/div>\n<\/td>\n<\/tr>\n<tr>\n<td class=\"pm_img\">\n<div class=\"pm_img\">\n<a href=\"\/honorary-members\/andreas-von-bulow-wp-2\/\" rel=\"attachment wp-att-832\"><img decoding=\"async\" alt=\"A.B.\" src=\"\/wp-content\/uploads\/2011\/09\/Andreas-von-Bulow.WP1.jpg\" \/><\/a>\n<\/div>\n<\/td>\n<td class=\"pm_txt\">\n<div class=\"pmtxt-de\">\n<b><a href=\"https:\/\/de.wikipedia.org\/wiki\/Andreas_von_B%C3%BClow\">Andreas von B\u00fclow<\/a>,<\/b> deutscher Schriftsteller, Anwalt und Politiker, war 25 Jahre lang Bundestagsabgeordneter, <a href=\"https:\/\/de.wikipedia.org\/wiki\/Parlamentarischer_Staatssekret%C3%A4r\">Parlamentarischer Staatssekret\u00e4r beim Bundesminister der Verteidigung<\/a> (1976-1980) und Bundesminister f\u00fcr Forschung und Technologie (1980-1982) in der von Kanzler Helmut Schmidt gef\u00fchrten Regierung. Er arbeitete in der <a href=\"https:\/\/de.wikipedia.org\/wiki\/Parlamentarisches_Kontrollgremium\">parlamentarischen Kontrollkommission der Nachrichtendienste<\/a>, untersuchte kriminelle Aktivit\u00e4ten westlicher Geheimdienste und ver\u00f6ffentlichte u.&nbsp;a. die beiden B\u00fccher \u201e<a href=\"http:\/\/www.amazon.de\/Namen-Staates-kriminellen-Machenschaften-Geheimdienste\/dp\/3492230504\/\">Im Namen des Staates. CIA, BND und die kriminellen Machenschaften der Geheimdienste<\/a>\u201c (1998) und \u201e<a href=\"http:\/\/www.amazon.de\/Die-CIA-September-Internationaler-Geheimdienste\/dp\/3492272517\/\">Die CIA und der 11. September. Internationaler Terror und die Rolle der Geheimdienste<\/a>\u201c (2003).\n<\/div>\n<\/td>\n<\/tr>\n<\/table>\n<\/div>\n<p><!-- c9text --><\/p>\n","protected":false},"excerpt":{"rendered":"<p>Ehrenmitglieder <\/p>\n<p>&nbsp;<\/p>\n<p>Die im Folgenden angef\u00fchrten Ehrenmitglieder lehnen zwar die offizielle Geschichte \u00fcber die Ereignisse am 11. September 2011 ab, sind aber nicht <a href=\"\/de\/media-contacts-de\/\">offizielle Sprecher f\u00fcr das 9\/11-Konsensgremium<\/a>.<\/p>\n<p><a name=\"DOUGLASS\"><\/a><\/p>\n<p>&nbsp;<\/p>\n<p> <a href=\"\/wp-content\/uploads\/2011\/09\/Jim-Douglass-sized-for-consensus911.jpg\"><\/a> James W. Douglass, ein christlicher Theologe und Friedensaktivist, ist Autor vieler B\u00fccher, darunter \u201e<a href=\"http:\/\/www.amazon.com\/JFK-Unspeakable-Why-Died-Matters\/dp\/1439193886\/\">JFK and the Unspeakable<\/a> [etwa: John F. [&#8230;]<\/p>\n","protected":false},"author":110,"featured_media":0,"parent":0,"menu_order":26,"comment_status":"closed","ping_status":"closed","template":"","meta":{"footnotes":""},"class_list":["post-8926","page","type-page","status-publish","hentry"],"jetpack_sharing_enabled":true,"_links":{"self":[{"href":"https:\/\/www.consensus911.org\/de\/wp-json\/wp\/v2\/pages\/8926","targetHints":{"allow":["GET"]}}],"collection":[{"href":"https:\/\/www.consensus911.org\/de\/wp-json\/wp\/v2\/pages"}],"about":[{"href":"https:\/\/www.consensus911.org\/de\/wp-json\/wp\/v2\/types\/page"}],"author":[{"embeddable":true,"href":"https:\/\/www.consensus911.org\/de\/wp-json\/wp\/v2\/users\/110"}],"replies":[{"embeddable":true,"href":"https:\/\/www.consensus911.org\/de\/wp-json\/wp\/v2\/comments?post=8926"}],"version-history":[{"count":5,"href":"https:\/\/www.consensus911.org\/de\/wp-json\/wp\/v2\/pages\/8926\/revisions"}],"predecessor-version":[{"id":20686,"href":"https:\/\/www.consensus911.org\/de\/wp-json\/wp\/v2\/pages\/8926\/revisions\/20686"}],"wp:attachment":[{"href":"https:\/\/www.consensus911.org\/de\/wp-json\/wp\/v2\/media?parent=8926"}],"curies":[{"name":"wp","href":"https:\/\/api.w.org\/{rel}","templated":true}]}}