{"id":8929,"date":"2014-09-24T00:58:56","date_gmt":"2014-09-24T07:58:56","guid":{"rendered":"http:\/\/www.consensus911.org\/?page_id=8929"},"modified":"2023-05-21T07:01:55","modified_gmt":"2023-05-21T14:01:55","slug":"panel-members-de","status":"publish","type":"page","link":"https:\/\/www.consensus911.org\/de\/panel-members-de\/","title":{"rendered":"Panel members (De)"},"content":{"rendered":"<h3 class=\"pm\">Mitglieder und Administration des 9\/11 Konsensgremiums<\/h3>\n<div class=\"c9text-de\">\n<p>&nbsp;<\/p>\n<h4>Mitglieder<\/h4>\n<p>&nbsp;<\/p>\n<table class=\"members\">\n<tbody>\n<tr>\n<td class=\"pm_img\">\n<div class=\"pm_img\">\n<a href=\"\/wp-content\/uploads\/2011\/06\/Dr.-Robert-Bowman.jpg\"><img decoding=\"async\" title=\"Dr. Robert Bowman\" alt=\"R.B.\" src=\"\/wp-content\/uploads\/2015\/03\/pm_rb.jpg\"><\/a> <a name=\"BOWMAN\"><\/a><\/div>\n<\/td>\n<td class=\"pm_txt\">\n<div class=\"pmtxt-de\">\n<b>Dr. Robert Bowman <i>(1934 \u2013 22.8.2013; <a href=\"https:\/\/scientistsfor911truth.com\/archives\/1649\">Nachruf<\/a>)<\/i><\/b>, vormals Leiter der Abteilung f\u00fcr Luftfahrttechnik am Technik-Institut der US Luftwaffe und Direktor des als \u201eStar Wars\u201c bekannten \u201eProgramms f\u00fcr Fortgeschrittene Weltraum-Entwicklung\u201c unter den Pr\u00e4sidenten Ford und Carter.<a name=\"CHANDLER\"><\/a><\/div>\n<\/td>\n<\/tr>\n<tr>\n<td class=\"pm_img\">\n<div class=\"pm_img\">\n<a href=\"\/wp-content\/uploads\/2011\/06\/David-S.-Chandler.jpg\"><img decoding=\"async\" title=\"David S.&nbsp;Chandler\" alt=\"D.S.C.\" src=\"\/wp-content\/uploads\/2015\/03\/pm_dsc.jpg\"><\/a><\/div>\n<\/td>\n<td class=\"pm_txt\">\n<div class=\"pmtxt-de\">\n<b>David S.&nbsp;Chandler<\/b>, Bachelor in einem individuellen Studienprogramm (Physik\/Technik) am Harvey Mudd College; Hochschullehrer f\u00fcr Physik und Mathematik; vormals Redaktionsmitglied des von der AAPT (Amerikanische Vereinigung von Physik-Lehrern) herausgegebenen \u201eThe Physics Teacher\u201c; war 2008 ma\u00dfgeblich daran beteiligt, NIST zu zwingen zuzugeben, dass ein betr\u00e4chtlicher Teil des Einsturzes von WTC&nbsp;7 im freien Fall erfolgte.<a name=\"CHIESA\"><\/a><\/div>\n<\/td>\n<\/tr>\n<tr>\n<td class=\"pm_img\">\n<div class=\"pm_img\">\n<a href=\"\/wp-content\/uploads\/2011\/06\/Giulietto-Chiesa.jpg\"><img decoding=\"async\" title=\"Giulietto Chiesa\" alt=\"G.C.\" src=\"\/wp-content\/uploads\/2015\/03\/pm_gc.jpg\"><\/a><\/div>\n<\/td>\n<td class=\"pm_txt\">\n<div class=\"pmtxt-de\">\n<b>Giulietto Chiesa <i>(1940 \u2013 2020; <a href=\"\/de\/nachruf-giulietto-chiesa-1940-2020\/\">Nachruf<\/a>)<\/i><\/b>, italienischer Journalist, 19 Jahre als Moskau-Korrespondent t\u00e4tig; vormals Abgeordneter im EU-Parlament; Mitglied des Kennan-Instituts f\u00fcr Fortgeschrittene Russisch-Studien, Produzent des Dokumentarfilms \u201e<a href=\"https:\/\/www.youtube.com\/watch?v=0g1EXhwpTI0\">9\/11 \u2013 Was Steckt Wirklich Dahinter?<\/a> [<a href=\"https:\/\/www.youtube.com\/watch?v=8XRMrMdn0NQ\">ZERO: An Investigation into 9\/11<\/a> (<a href=\"https:\/\/mega.nz\/#!ldZHlI7Z!2A43KD88J9Zk21q5tXUbDw3dUf6T_mAkbWZnyME59mM\">backup, 220&nbsp;kB&nbsp;mp4<\/a>)]\u201c (<a href=\"https:\/\/www.imdb.com\/title\/tt1297858\/\">@IMDb<\/a>).<a name=\"COLE\"><\/a><\/div>\n<\/td>\n<\/tr>\n<tr>\n<td class=\"pm_img\">\n<div class=\"pm_img\">\n<a href=\"\/wp-content\/uploads\/2011\/06\/Jonathan-Cole-from-online-photo-May-26-2013.jpg\"><img decoding=\"async\" title=\"Jonathan Cole\" alt=\"J.C.\" src=\"\/wp-content\/uploads\/2015\/03\/pm_jc.jpg\"><\/a><\/div>\n<\/td>\n<td class=\"pm_txt\">\n<div class=\"pmtxt-de\">\n<b>Jonathan Cole<\/b>, in drei US Bundesstaaten (CT, FL, NH) registrierter Bauingenieur, graduierte 1979, mehr als 28 Jahre Erfahrung im Bauwesen und Bauleitung und Entwurf von Geb\u00e4uden, Br\u00fccken, Versorgungseinrichtungen und Infrastruktur.<a name=\"DEETS\"><\/a><\/div>\n<\/td>\n<\/tr>\n<tr>\n<td class=\"pm_img\">\n<div class=\"pm_img\">\n<a href=\"\/wp-content\/uploads\/2011\/06\/Dwain-Deets.jpg\"><img decoding=\"async\" title=\"Dwain Deets\" alt=\"\" src=\"\/wp-content\/uploads\/2015\/03\/pm_dd.jpg\"><\/a><\/div>\n<\/td>\n<td class=\"pm_txt\">\n<div class=\"pmtxt-de\">\n<b>Dwain Deets<\/b>, vormals Direktor f\u00fcr Forschung, Technik und Luft- und Raumfahrtprojekte am Dryden Flug-Forschungszentrum der NASA; erhielt den \u201ePreis der NASA f\u00fcr au\u00dfergew\u00f6hnliche Dienste\u201c und wurde ins \u201eWho\u2019s Who f\u00fcr Wissenschaft und Technik\u201c aufgenommen.<a name=\"FLETCHER\"><\/a><\/div>\n<\/td>\n<\/tr>\n<tr>\n<td class=\"pm_img\">\n<div class=\"pm_img\">\n<a href=\"\/wp-content\/uploads\/2011\/06\/Tod-Fletcher-1.3-x-1.06.jpg\"><img decoding=\"async\" title=\"Tod Fletcher 1.3 x 1.06\" alt=\"\" src=\"\/wp-content\/uploads\/2015\/03\/pm_tf.jpg\"><\/a><\/div>\n<\/td>\n<td class=\"pm_txt\">\n<div class=\"pmtxt-de\">\n<b>Tod Fletcher <i>(1952 &#8211; 30.9.2014; <a href=\"https:\/\/www.globalresearch.ca\/in-memory-of-911-activist-tod-fletcher-a-life-of-service-1952-2014\/5407016\">Nachruf<\/a><\/i><\/b>) M.A, C.Phil. in Geographie an der Universit\u00e4t of California, Berkeley; fr\u00fcher Dozent f\u00fcr Geographie und Umweltwissenschaft in Berkeley, am State College in San Francisco und am Laney College; 2010 und 2011 Moderator der w\u00f6chentlichen Internet-Radio-Show \u201e9\/11 In Context\u201c.<a name=\"GANSER\"><\/a><\/div>\n<\/td>\n<\/tr>\n<tr>\n<td class=\"pm_img\">\n<div class=\"pm_img\">\n<a href=\"\/wp-content\/uploads\/2011\/06\/Ganser-Daniele-2012-2.jpg\"><img decoding=\"async\" title=\"Dr. Daniele Ganser\" alt=\"Dr.D.G.\" src=\"\/wp-content\/uploads\/2015\/03\/pm_ddg.jpg\"><\/a><\/div>\n<\/td>\n<td class=\"pm_txt\">\n<div class=\"pmtxt-de\">\n<b>Dr. Daniele Ganser<\/b>, ein Schweizer Historiker, leitet das Schweizer Institut f\u00fcr Friedensforschung und Energie (<a href=\"https:\/\/www.siper.ch\/de\/\">SIPER &#8211; Swiss Institute for Peace and Energy Research<\/a>) in Basel und untersucht den globalen Kampf ums \u00d6l, verdeckte Kriegsf\u00fchrung, Rohstoffkriege und Wirtschaftspolitik. Er lehrte Konfliktanalyse in Bezug auf den globalen Kampf um Erd\u00f6l an der Uni von Basel und lehrt \u00fcber die Geschichte und Zukunft von Energiesystemen an der Universit\u00e4t von St. Gallen (kurz: HSG).<a name=\"GAPP\"><\/a> 2015 wurde er mit dem <a href=\"https:\/\/www.mensa.de\/ueber-den-verein\/der-deutsche-iq-preis\/\">Mensa-Preis f\u00fcr \u201eIntelligente Vermittlung von Wissen\u201c<\/a> ausgezeichnet. Siehe auch <a href=\"https:\/\/www.danieleganser.ch\/\">www.danieleganser.ch<\/a>.<a name=\"GAPP\"><\/a><\/div>\n<\/td>\n<\/tr>\n<tr>\n<td class=\"pm_img\">\n<div class=\"pm_img\">\n<a href=\"\/wp-content\/uploads\/2011\/06\/Lt.-Col.-David-Gapp.jpg\"><img decoding=\"async\" title=\"Lt. Col. David Gapp\" alt=\"D.G.\" src=\"\/wp-content\/uploads\/2015\/03\/pm_cdg.jpg\"><\/a><\/div>\n<\/td>\n<td class=\"pm_txt\">\n<div class=\"pmtxt-de\">\n<b>Oberstleutnant David Gapp<\/b>, pensionierter Pilot der US Luftwaffe mit 3000 Flugstunden; qualifizierter Gutachter bei Flugzeugunf\u00e4llen; ehemaliger Pr\u00e4sident des B\u00fcros f\u00fcr Flugunfalluntersuchungen; Chef der Programme f\u00fcr Zusammenarbeit zur Sicherheit der Einsatzorte der Air Force f\u00fcr ganz Mittel- und S\u00fcdamerika; 31 Jahre in der US Luftwaffe.<a name=\"HARRIT\"><\/a><\/div>\n<\/td>\n<\/tr>\n<tr>\n<td class=\"pm_img\">\n<div class=\"pm_img\">\n<a href=\"\/wp-content\/uploads\/2011\/06\/Dr.-Niels-Harrit.jpg\"><img decoding=\"async\" title=\"Dr. Niels Harrit\" alt=\"\" src=\"\/wp-content\/uploads\/2015\/03\/pm_nh.jpg\"><\/a><\/div>\n<\/td>\n<td class=\"pm_txt\">\n<div class=\"pmtxt-de\">\n<b>Dr. Niels Harrit<\/b>, au\u00dferordentlicher Professor f\u00fcr Chemie am Nano-Science Zentrum der Uni Kopenhagen; Erstautor der 2009 publizierten Studie \u201e<a href=\"https:\/\/web.archive.org\/web\/20151125154704if_\/http:\/\/electricpolitics.com\/media\/docs\/7TOCPJ.pdf\">Active Thermitic Material Observed in Dust from the 9\/11 World Trade Center Catastrophe<\/a>\u201c (<a href=\"http:\/\/www.consensus911.org\/wp-content\/uploads\/2017\/11\/7TOCPJ.pdf\">Backup<\/a>), die auch in deutscher \u00dcbersetzung zur Verf\u00fcgung steht: \u201e<a href=\"http:\/\/www.consensus911.org\/wp-content\/uploads\/2016\/08\/RedGrayChipsGerman.pdf\">Nachweis von reaktionsf\u00e4higem thermitischen Material im Staub der World Trade Center- Katastrophe vom 11. September 2001<\/a>\u201c.<a name=\"JONES\"><\/a><\/div>\n<\/td>\n<\/tr>\n<tr>\n<td class=\"pm_img\">\n<div class=\"pm_img\">\n<a href=\"\/wp-content\/uploads\/2011\/06\/Dr.-Steven-E.-Jones.jpg\"><img decoding=\"async\" title=\"Dr. Steven E. Jones\" alt=\"\" src=\"\/wp-content\/uploads\/2015\/03\/pm_sej.jpg\"><\/a><\/div>\n<\/td>\n<td class=\"pm_txt\">\n<div class=\"pmtxt-de\">\n<b>Dr. Steven E. Jones<\/b>, vormals Professor f\u00fcr Physik an der Brigham Young University; Initiator der Untersuchungen f\u00fcr die einem Peer-Review unterzogenen und im <i>Open Chemical Physics Journal<\/i> ver\u00f6ffentlichte Arbeit \u201e<a href=\"https:\/\/web.archive.org\/web\/20151125154704if_\/http:\/\/electricpolitics.com\/media\/docs\/7TOCPJ.pdf\">Active Thermitic Material Observed in Dust from the 9\/11 World Trade Center Catastrophe<\/a>\u201c (<a href=\"http:\/\/www.consensus911.org\/wp-content\/uploads\/2017\/11\/7TOCPJ.pdf\">Backup<\/a>); Deutscher \u00dcbersetzung: \u201e<a href=\"http:\/\/www.consensus911.org\/wp-content\/uploads\/2016\/08\/RedGrayChipsGerman.pdf\">Nachweis von reaktionsf\u00e4higem thermitischen Material im Staub der World Trade Center- Katastrophe vom 11. September 2001<\/a>\u201c. <a name=\"KOLSTAD\"><\/a><\/div>\n<\/td>\n<\/tr>\n<tr>\n<td class=\"pm_img\">\n<div class=\"pm_img\">\n<a href=\"\/wp-content\/uploads\/2011\/06\/Kolstad-September-2014-Medium.jpg\"><img decoding=\"async\" title=\"Ralph Kolstad\" alt=\"R.K.\" src=\"\/wp-content\/uploads\/2015\/03\/pm_rk.jpg\"><\/a><\/div>\n<\/td>\n<td class=\"pm_txt\">\n<div class=\"pmtxt-de\">\n<b>Kommandant Ralph Kolstad<\/b> ist pensionierter Kampfflieger der US Marine und war 27 Jahre lang Pilot bei zwei gro\u00dfen Fluggesellschaften, mit insgesamt 23.000 Flugstunden.<a name=\"MACQUEEN\"><\/a><\/div>\n<\/td>\n<\/tr>\n<tr>\n<td class=\"pm_img\">\n<div class=\"pm_img\">\n<a href=\"\/wp-content\/uploads\/2011\/06\/Dr-Graeme-MacQueen.jpg\"><img decoding=\"async\" title=\"Dr Graeme MacQueen\" alt=\"\" src=\"\/wp-content\/uploads\/2015\/03\/pm_gmq.jpg\"><\/a><\/div>\n<\/td>\n<td class=\"pm_txt\">\n<div class=\"pmtxt-de\">\n<b>Dr. Graeme MacQueen (1948-2023)<\/b>, au\u00dferordentlicher Professor (im Ruhestand) in der Abteilung f\u00fcr Religi\u00f6se Studien und ehemaliger Direktor des Zentrums f\u00fcr Friedensforschung der McMaster Universit\u00e4t in Kanada; ver\u00f6ffentlichte seine Untersuchungen zu 9\/11 in vier von Experten begutachteten Arbeiten und arbeitete mit im Lenkungsausschuss der <a href=\"http:\/\/web.archive.org\/web\/20160305105541\/https:\/\/torontohearings.org\/\"><i>Toronto-Hearings<\/i><\/a> (Internationale Anh\u00f6rungen zu den Ereignissen des 11.9.2001 in Toronto im September 2011).<a name=\"MAZZUCCO\"><\/a><\/div>\n<\/td>\n<\/tr>\n<tr>\n<td class=\"pm_img\">\n<div class=\"pm_img\">\n<a href=\"\/wp-content\/uploads\/2011\/06\/Massimo-best1.jpg\"><img decoding=\"async\" title=\"Massimo best\" alt=\"M.M.\" src=\"\/wp-content\/uploads\/2015\/03\/pm_mm.jpg\"><\/a><\/div>\n<\/td>\n<td class=\"pm_txt\">\n<div class=\"pmtxt-de\">\n<b>Massimo Mazzucco<\/b>, preisgekr\u00f6nter Filmemacher, Drehbuchautor und Journalist; verantwortlich f\u00fcr die Website <a href=\"https:\/\/luogocomune.net\/\">luogocomune.net<\/a>, die sich der 9\/11-Forschung widmet. 2006 wurde seine Dokumentation \u201e<a href=\"https:\/\/www.youtube.com\/watch?v=jNiZD1FQevk\">Inganno Globale<\/a> [<a href=\"https:\/\/www.youtube.com\/watch?v=YGzcmEkmbSc\">Die Globale T\u00e4uschung<\/a>]\u201c im Italienischen TV (auf Berlusconis Canale 5) ausgestrahlt und l\u00f6ste eine landesweite Debatte aus. Seine Dokumentation \u201e<a href=\"https:\/\/www.youtube.com\/watch?v=U14cONsdsYQ&amp;list=PL5466791B364E3DF8\">The New American Century<\/a> [etwa: Das neue Amerikanische Jahrhundert]\u201c (auch <a href=\"https:\/\/www.youtube.com\/watch?v=T8v5aPkkrAI\">auf YouTube verf\u00fcgbar<\/a>)wurde auf Filmfestivals weltweit gezeigt. 2013 stellte Mazzucco seine dritte und umfangreichste Dokumentation zu 9\/11, \u201e<a href=\"https:\/\/luogocomune.net\/site\/modules\/sections\/index.php?op=viewarticle&amp;artid=167\">September 11 &#8211; The New Pearl Harbor<\/a>\u201c (auch <a href=\"https:\/\/www.youtube.com\/watch?v=O1GCeuSr3Mk\">auf YouTube verf\u00fcgbar<\/a>), fertig, die 50 von den \u201aDebunkern\u2019 gegen die 9\/11-Bewegung vorgebrachte Argumente widerlegt.<a name=\"MCMAHON\"><\/a><\/div>\n<\/td>\n<\/tr>\n<tr>\n<td class=\"pm_img\">\n<div class=\"pm_img\">\n<a href=\"\/panel-members\/mcmahon-dennis\/\" rel=\"attachment wp-att-721\"><img decoding=\"async\" title=\"McMahon, Dennis.\" alt=\"D.P.McM\" src=\"\/wp-content\/uploads\/2015\/03\/pm_dmm.jpg\"><\/a><\/div>\n<\/td>\n<td class=\"pm_txt\">\n<div class=\"pmtxt-de\">\n<b>Dennis P. McMahon,<\/b> Dr. jur. von der Western New England Law School, LLM (Latin Legum Magister) von der Uni New York. Als Mitglied der Anwaltskammern von New York und Massachusetts war er 2009 als Anwalt von 9\/11-Angeh\u00f6rigen im Verfahren Burke vs. McSweeney t\u00e4tig, als Teil der Bem\u00fchungen von NYCCAN (New York City Coalition for Accountability Now [etwa: \u201eNew Yorker Koalition f\u00fcr Verantwortlichkeit Jetzt\u201c]), die W\u00e4hler von New York entscheiden zu lassen, ob die Stadt New York ihre eigene 9\/11-Untersuchung durchf\u00fchren sollte. Er war beteiligt am Start der Kampagne \u201eBuilding What? [etwa: Welches Geb\u00e4ude?]\u201c, die sp\u00e4ter in \u201e<a href=\"https:\/\/web.archive.org\/web\/20170815111908\/http:\/\/rememberbuilding7.org\/\">Remember Building 7<\/a>\u201c umbenannt wurde.<a name=\"MONAGHAN\"><\/a><\/div>\n<\/td>\n<\/tr>\n<tr>\n<td class=\"pm_img\">\n<div class=\"pm_img\">\n<a href=\"\/wp-content\/uploads\/2011\/06\/Aidan-Monaghan.jpg\"><img decoding=\"async\" title=\"Aidan Monaghan\" alt=\"A.M.\" src=\"\/wp-content\/uploads\/2015\/03\/pm_am.jpg\"><\/a><\/div>\n<\/td>\n<td class=\"pm_txt\">\n<div class=\"pmtxt-de\">\n<b>Aidan Monaghan<\/b> ist Bachelor f\u00fcr Elektronik. Er untersucht mittels des Freedom of Information Act <a href=\"https:\/\/de.wikipedia.org\/wiki\/Freedom_of_Information_Act\">FOIA<\/a> gewonnene Akten mit Bezug auf die 9\/11-Angriffe. Informationen, die Monaghan so von der [US] Regierung erhalten hat, wurden von Beacon News Online der Sun-Times News Group, dem Radiosender KLAV AM in Las Vegas (Nevada), der Dokumentation \u201e<a href=\"https:\/\/www.imdb.com\/title\/tt1394268\/\">Loose Change 9\/11: An American Coup<\/a>\u201c und in mehreren B\u00fcchern verwendet. Er hat u.&nbsp;a. zwei Arbeiten \u00fcber technische Aspekte der 9\/11-Fl\u00fcge ver\u00f6ffentlicht, die beide einem Peer-Review unterzogenen wurden (\u201e<a href=\"http:\/\/www.consensus911.org\/wp-content\/uploads\/2016\/09\/AutopilotSystemsMonaghan.pdf\">Plausibility Of 9\/11 Aircraft Attacks Generated By GPS-Guided Aircraft Autopilot Systems<\/a>\u201c und \u201e<a href=\"http:\/\/www.consensus911.org\/wp-content\/uploads\/2016\/09\/Monaghan_Analysis.pdf\">Review of Analysis of Observed and Measured In-Flight Turns Suggests Superior Control of 9\/11 WTC Aircraft<\/a>\u201c), und er hat eine Zusammenstellung seiner FOIA-Ergebnisse als \u201e<a href=\"https:\/\/www.amazon.de\/gp\/product\/1475920229\/\">Declassifying 9\/11<\/a>\u201c herausgegeben.<a name=\"MORGAN\"><\/a><\/div>\n<\/td>\n<\/tr>\n<tr>\n<td class=\"pm_img\">\n<div class=\"pm_img\">\n<a href=\"\/panel-members\/rowland-morgan\/\" rel=\"attachment wp-att-726\"><img decoding=\"async\" title=\"Rowland Morgan\" alt=\"R.W.\" src=\"\/wp-content\/uploads\/2015\/03\/pm_rm.jpg\"><\/a><\/div>\n<\/td>\n<td class=\"pm_txt\">\n<div class=\"pmtxt-de\">\n<b>Rowland Morgan <i>(1945 &#8211; 21.4.2021; <a href=\"\/obituary-rowland-morgan-1945-2021\/\">Nachruf<\/a>)<\/i><\/b>, Inhaber eines Abschlusses mit Auszeichnung und Lehrbefugnis der renommierten Universit\u00e4t Cambridge, ist unabh\u00e4ngiger Journalist und Mitautor von \u201e<a href=\"http:\/\/www.amazon.com\/9-11-Revealed-Unanswered-Questions\/dp\/0786716134\/\">9\/11 Revealed<\/a> [etwa: 9\/11 Enth\u00fcllt]\u201c. In den 1990ern schrieb er in London w\u00f6chentliche Kolumnen f\u00fcr die Independent on Sunday und den Guardian. Zusammen mit Ian Henshall verfasste er \u201e<a href=\"http:\/\/www.amazon.com\/Flight-93-Revealed-Really-Happened-ebook\/dp\/B005FUUAZU\/\">Flight 93 Revealed<\/a> [etwa: Flug&nbsp;93 Enth\u00fcllt]\u201c (Carol and Graf, 2006).<a name=\"SHURE\"><\/a><\/div>\n<\/td>\n<\/tr>\n<tr>\n<td class=\"pm_img\">\n<div class=\"pm_img\">\n<a href=\"\/panel-members\/frances-shure-wp\/\" rel=\"attachment wp-att-729\"><img decoding=\"async\" title=\"Frances Shure WP\" alt=\"F.S.\" src=\"\/wp-content\/uploads\/2015\/03\/pm_fs.jpg\"><\/a><\/div>\n<\/td>\n<td class=\"pm_txt\">\n<div class=\"pmtxt-de\">\n<b>Frances Shure<\/b> ist Unternehmerin im Ruhestand, lizenzierte professionelle Therapeutin spezialisiert in Tiefenpsychologie und Lehrbeauftragte an der Uni Naropa. Sie ist seit langem Friedens- und Umwelt-Aktivistin, ist Mitbegr\u00fcnderin von \u201eColorado 9\/11 Visibility [etwa: Colorado 9\/11 Sichtbarkeit]\u201c und eingetragen bei \u201e<a href=\"https:\/\/web.archive.org\/web\/20171003033128\/http:\/\/mp911truth.org\/\">Medical Professionals for 9\/11 Truth<\/a>\u201c.<a name=\"STOLZENBERG\"><\/a><\/div>\n<\/td>\n<\/tr>\n<tr>\n<td class=\"pm_img\">\n<div class=\"pm_img\">\n<a href=\"\/wp-content\/uploads\/2011\/06\/Lou-Stolzenberg.jpg\"><img decoding=\"async\" title=\"Lou Stolzenberg\" alt=\"L.S.\" src=\"\/wp-content\/uploads\/2015\/03\/pm_ls.jpg\"><\/a><\/div>\n<\/td>\n<td class=\"pm_txt\">\n<div class=\"pmtxt-de\">\n<b>Lou Stolzenberg<\/b> ist pensionierte Physiotherapeutin (Bachelor of Science an der Uni von Wisconsin-Madison, 1974). Ihre 26-j\u00e4hrige Laufbahn im Einsatz von wissenschaftlich gesicherter Patientenversorgung zusammen mit ihrem Glauben und ihren Bem\u00fchungen f\u00fcr soziale Gerechtigkeit brachten sie 2006 zum 9\/11-Truth-Aktivismus. Sie ist Koordinatorin f\u00fcr \u201e<a href=\"https:\/\/rl911truth.org\/\">Religious Leaders for 9\/11 Truth<\/a> [etwa: Religi\u00f6se F\u00fchrer f\u00fcr die Wahrheit \u00fcber 9\/11]\u201c.<a name=\"SUNJATA\"><\/a><\/div>\n<\/td>\n<\/tr>\n<tr>\n<td class=\"pm_img\">\n<div class=\"pm_img\">\n<a href=\"\/wp-content\/uploads\/2011\/06\/Daniel-Sunjata.jpg\"><img decoding=\"async\" title=\"Daniel Sunjata\" alt=\"D.S.\" src=\"\/wp-content\/uploads\/2015\/03\/pm_ds.jpg\"><\/a><\/div>\n<\/td>\n<td class=\"pm_txt\">\n<div class=\"pmtxt-de\">\n<b>Daniel Sunjata<\/b>, US-Amerikanischer Film-, Fernseh- und Theater-Darsteller; spielte in dem Broadway-St\u00fcck \u201eTake Me Out\u201c und in der TV-Serie \u201eRescue Me\u201c, in der eine Nebenhandlung 9\/11 als eine Aktion unter falscher Flagge zeigt; spielte in j\u00fcngerer Zeit in ABCs TV-Serie \u201eGrey\u2019s Anatomy\u201c.<a name=\"SZAMBOTI\"><\/a><\/div>\n<\/td>\n<\/tr>\n<tr>\n<td class=\"pm_img\">\n<div class=\"pm_img\">\n<a href=\"\/wp-content\/uploads\/2011\/06\/Photo-105-x-130-pixels-standard-size-on-website.jpg\"><img decoding=\"async\" title=\"Tony Szamboti\" alt=\"T.S.\" src=\"\/wp-content\/uploads\/2015\/03\/pm_ts.jpg\"><\/a><\/div>\n<\/td>\n<td class=\"pm_txt\">\n<div class=\"pmtxt-de\">\n<b>Tony Szamboti,<\/b> Bachelor Machinenbau der Villanova Universit\u00e4t. Er entwarf, analysierte und testete Ausr\u00fcstung f\u00fcr Schiffe, Flugzeuge und Funkt\u00fcrme und ist Mitglied von <a href=\"https:\/\/web.archive.org\/web\/20160316122320\/http:\/\/stj911.org\/\"><i>Scholars for 9\/11 Truth and Justice<\/i><\/a> sowie <a href=\"https:\/\/www.ae911truth.org\/\"><i>Architects and Engineers for 9\/11 Truth<\/i><\/a> <a name=\"WITT\"><\/a><\/div>\n<\/td>\n<\/tr>\n<tr>\n<td class=\"pm_img\">\n<div class=\"pm_img\">\n<a href=\"\/wp-content\/uploads\/2011\/06\/Matthew-Witt.jpg\"><img decoding=\"async\" title=\"Matthew Witt\" alt=\"M.W.\" src=\"\/wp-content\/uploads\/2015\/03\/pm_mw.jpg\"><\/a><\/div>\n<\/td>\n<td class=\"pm_txt\">\n<div class=\"pmtxt-de\">\n<b>Dr. Matthew Witt<\/b> ist au\u00dferordentlicher Professor f\u00fcr \u00f6ffentliche Verwaltung an der Uni von La Verne in Kalifornien. Seit 2008 hat er zusammen mit Lance deHaven-Smith und anderen Gelehrten Arbeiten ver\u00f6ffentlicht, die aufzeigen, wie Schattenelemente in der Regierung und Staatsverbrechen gegen die Demokratie, die Legitimit\u00e4t der US-Administration in den USA und die Gr\u00fcndungsprinzipien der Vereinigten Staaten untergraben. Diese Arbeiten erschienen in <i>Administration &amp; Society, American Behavioral Scientist, and Public Integrity.<\/i><a name=\"WEISBUCH\"><\/a><\/div>\n<\/td>\n<\/tr>\n<tr>\n<td class=\"pm_img\">\n<div class=\"pm_img\">\n<a href=\"\/panel-members\/weisbuch-sept-3-2\/\" rel=\"attachment wp-att-826\"><img decoding=\"async\" title=\"J.B. Weisbuch\" alt=\"J.B.W.\" src=\"\/wp-content\/uploads\/2015\/03\/pm_jbw.jpg\"><\/a><\/div>\n<\/td>\n<td class=\"pm_txt\">\n<div class=\"pmtxt-de\">\n<b>Dr. Jonathan B. Weisbuch<\/b> (Dr. med. und Master of Public Health), vormals oberster Gesundheitsbeamter des Distrikts Maricopa in Arizona; Medizinischer Leiter der Gesundheitsabteilung des Distrikts Los Angeles; Direktor der Abteilung f\u00fcr Gesundheit und Sozialleistungen in Wyoming; Pr\u00e4sident der AAPHP (American Association of Public Health Physicians); Redaktioneller Berater f\u00fcr das American Journal of Public Health; Autor von \u00fcber 40 akademischen Arbeiten.<\/div>\n<\/td>\n<\/tr>\n<\/tbody>\n<\/table>\n<p>&nbsp;<\/p>\n<h4>Administration des 9\/11 Konsensgremiums<\/h4>\n<p>&nbsp;<\/p>\n<table class=\"members\">\n<tbody>\n<tr>\n<td class=\"pm_img\">\n<div class=\"pm_img\">\n<a href=\"\/panel-members\/dr-david-ray-griffin-2\/\" rel=\"attachment wp-att-121\"><img decoding=\"async\" title=\"Dr. David Ray Griffin\" alt=\"D.R.G.\" src=\"\/wp-content\/uploads\/2015\/03\/pm_drg.jpg\"><\/a> <a name=\"GRIFFIN\"><\/a><\/div>\n<\/td>\n<td class=\"pm_txt\">\n<div class=\"pmtxt-de\">\n<b>Mitbegr\u00fcnder des 9\/11 Konsensgremiums Dr. David Ray Griffin (1939-2022):<\/b> Professor Emeritus f\u00fcr Religionsphilosophie und Theologie an der Claremont School of Theology und der Claremont Graduate University; ver\u00f6ffentlichte 37 B\u00fccher, die meisten \u00fcber Religionsphilosophie und Theologie, aber auch zehn zu 9\/11. \u201eThe New Pearl Harbor Revisited: 9\/11, the Cover-Up, and the Expos\u00e9\u201c wurde im November 2008 von Publishers Weekly als \u201ePick of the Week [Buch der Woche]\u201c nominiert; Er wurde 2008 und 2009 f\u00fcr den Friedensnobelpreis vorgeschlagen und vom Britischen Magazin New Statesman 2009 als einer der \u201e50 heute bedeutendsten Menschen\u201c angef\u00fchrt.<a name=\"VEALE\"><\/a><\/div>\n<\/td>\n<\/tr>\n<tr>\n<td class=\"pm_img\">\n<div class=\"pm_img\">\n<a href=\"\/panel-members\/mr-william-veale\/\" rel=\"attachment wp-att-122\"><img decoding=\"async\" title=\"Mr. William Veale\" alt=\"W.V.\" src=\"\/wp-content\/uploads\/2015\/03\/pm_wv.jpg\"><\/a><\/div>\n<\/td>\n<td class=\"pm_txt\">\n<div class=\"pmtxt-de\">\n<b>William Veale<\/b>, Rechtsanwalt; graduierte an der juridischen Fakult\u00e4t der Universit\u00e4t von Maryland; 11 Jahre lang Dozent f\u00fcr Strafrechtspraxis an der Boalt Hall School of Law in Berkeley; vormals stellvertretender Haupt-Pflichtverteidiger im kalifornischen Distrikt Contra Costa, wo er 31 Jahre lang Karriere machte; arbeitet seit mehreren Jahren \u2013 durch Auftritte bei Gericht und seinen \u201eVealeTruth-Blog\u201c \u2013 an der Aufdeckung von Fakten \u00fcber 9\/11. Er fungiert ehrenamtlich als Sprecher in rechtlichen Belangen und abstimmender Teilnehmer f\u00fcr das 9\/11-Konsensgremium.<a name=\"WOODWORTH\"><\/a><\/div>\n<\/td>\n<\/tr>\n<tr>\n<td class=\"pm_img\">\n<div class=\"pm_img\">\n<a href=\"\/panel-members\/bio-photo-for-consensus-panel\/\" rel=\"attachment wp-att-703\"><img decoding=\"async\" title=\"Elizabeth Woodworth\" alt=\"E.W.\" src=\"\/wp-content\/uploads\/2015\/03\/pm_ew.jpg\"><\/a><\/div>\n<\/td>\n<td class=\"pm_txt\">\n<div class=\"pmtxt-de\">\n<b>Elizabeth Woodworth<\/b>, pensionierte Bibliothekarin im Bereich Gesundheitswissenschaften und Autorin von \u201e\u201aWhat Can I Do?\u2019 Citizen Strategies for Nuclear Disarmament [etwa: \u2018Was kann ich machen?\u2019 B\u00fcrger-Strategien f\u00fcr die nukleare Abr\u00fcstung]\u201c, untersucht seit 2006 9\/11-Beweismaterial und lektoriert B\u00fccher und schreibt Artikel zu diesem Thema. Sie ist Mitbegr\u00fcnderin und Koordinatorin des 9\/11-Konsensgremiums.<\/div>\n<\/td>\n<\/tr>\n<\/tbody>\n<\/table>\n<\/div>\n<p><!-- c9text --><\/p>\n","protected":false},"excerpt":{"rendered":"<p>Mitglieder und Administration des 9\/11 Konsensgremiums <\/p>\n<p>&nbsp;<\/p>\n<p> Mitglieder <\/p>\n<p>&nbsp;<\/p>\n<p> <a href=\"\/wp-content\/uploads\/2011\/06\/Dr.-Robert-Bowman.jpg\"><\/a> <a name=\"BOWMAN\"><\/a> Dr. Robert Bowman (1934 \u2013 22.8.2013; <a href=\"https:\/\/scientistsfor911truth.com\/archives\/1649\">Nachruf<\/a>), vormals Leiter der Abteilung f\u00fcr Luftfahrttechnik am Technik-Institut der US Luftwaffe und Direktor des als \u201eStar Wars\u201c bekannten \u201eProgramms f\u00fcr Fortgeschrittene Weltraum-Entwicklung\u201c unter den Pr\u00e4sidenten Ford und Carter.<a name=\"CHANDLER\"><\/a> <a href=\"\/wp-content\/uploads\/2011\/06\/David-S.-Chandler.jpg\"><\/a> David S.&nbsp;Chandler, Bachelor [&#8230;]<\/p>\n","protected":false},"author":110,"featured_media":0,"parent":0,"menu_order":41,"comment_status":"closed","ping_status":"closed","template":"","meta":{"footnotes":""},"class_list":["post-8929","page","type-page","status-publish","hentry"],"jetpack_sharing_enabled":true,"_links":{"self":[{"href":"https:\/\/www.consensus911.org\/de\/wp-json\/wp\/v2\/pages\/8929","targetHints":{"allow":["GET"]}}],"collection":[{"href":"https:\/\/www.consensus911.org\/de\/wp-json\/wp\/v2\/pages"}],"about":[{"href":"https:\/\/www.consensus911.org\/de\/wp-json\/wp\/v2\/types\/page"}],"author":[{"embeddable":true,"href":"https:\/\/www.consensus911.org\/de\/wp-json\/wp\/v2\/users\/110"}],"replies":[{"embeddable":true,"href":"https:\/\/www.consensus911.org\/de\/wp-json\/wp\/v2\/comments?post=8929"}],"version-history":[{"count":5,"href":"https:\/\/www.consensus911.org\/de\/wp-json\/wp\/v2\/pages\/8929\/revisions"}],"predecessor-version":[{"id":21645,"href":"https:\/\/www.consensus911.org\/de\/wp-json\/wp\/v2\/pages\/8929\/revisions\/21645"}],"wp:attachment":[{"href":"https:\/\/www.consensus911.org\/de\/wp-json\/wp\/v2\/media?parent=8929"}],"curies":[{"name":"wp","href":"https:\/\/api.w.org\/{rel}","templated":true}]}}