{"id":9130,"date":"2014-10-13T03:22:11","date_gmt":"2014-10-13T10:22:11","guid":{"rendered":"http:\/\/www.consensus911.org\/?page_id=9130"},"modified":"2018-04-23T14:24:19","modified_gmt":"2018-04-23T21:24:19","slug":"point-mc-1-de","status":"publish","type":"page","link":"https:\/\/www.consensus911.org\/de\/point-mc-1-de\/","title":{"rendered":"Point MC-1 (De)"},"content":{"rendered":"<h4 class=\"c9h4\">Punkt MC-1: Warum wurde Pr\u00e4sident Bush aus der Schule in Florida<br \/><span style=\"color: #ffffff\">Punkt MC-1:<\/span> nicht sofort in Sicherheit gebracht?<\/h4>\n<div class=\"c9text-de\">\n<p class=\"c9np\"><a href=\"https:\/\/www.consensus911.org\/de\/point-mc-intro-de\/\">&lt;&lt; Vorheriger Punkt<\/a>, <a href=\"https:\/\/www.consensus911.org\/de\/point-mc-2-de\/\">N\u00e4chster Punkt &gt;&gt;<\/a><\/p>\n<div class=\"c9hdr\"><a name=\"INTRO\"><\/a>Einleitung<\/div>\n<p style=\"padding-left: 30px\">Am Morgen des 11. September 2001 befand sich Pr\u00e4sident Bush in Sarasota, Florida, um f\u00fcr eine Fotogelegenheit mit Grundsch\u00fclern zu lesen.&nbsp;<a name=\"R_1\" href=\"#N_1\">[1]<\/a><\/p>\n<div class=\"c9hdr\"><a name=\"OFFICIAL\"><\/a>Die offizielle Darstellung<\/div>\n<ul style=\"padding-left: 30px\">\n<li>Als der Pr\u00e4sident ankam, wurde ihm um 08:55 Uhr mitgeteilt, dass ein kleines Flugzeug das World Trade Center getroffen habe. Bush antwortete: \u201eEin kommerzielles Flugzeug hat das World Trade Center getroffen und wir werden &#8230; trotzdem mit der Lesestunde fortfahren.\u201c&nbsp;<a name=\"R_2\" href=\"#N_2\">[2]<\/a><\/li>\n<li>W\u00e4hrend Bush in dem Klassenzimmer Platz nahm, kam sein Stabschef, Andrew Card, um ca. 09:05 Uhr&nbsp;<a name=\"R_3\" href=\"#N_3\">[3]<\/a> zum Pr\u00e4sidenten und fl\u00fcsterte diesem Berichten zufolge ins Ohr: \u201eEin zweites Flugzeug hat den zweiten Turm getroffen. Amerika wird angegriffen.\u201c&nbsp;<a name=\"R_4\" href=\"#N_4\">[4]<\/a><\/li>\n<li> Bush blieb weitere f\u00fcnf bis sieben Minuten&nbsp;<a name=\"R_5\" href=\"#N_5\">[5]<\/a> im Klassenzimmer, dann hielt er eine Ansprache an die Nation, worauf er um 09:35 Uhr die Schule verlie\u00df.&nbsp;<a name=\"R_6\" href=\"#N_6\">[6]<\/a><\/li>\n<li>Die <i>St. Petersburg Times<\/i> fragte: \u201ewarum der Secret Service Bush nicht sofort an einen sicheren Ort gebracht hat.\u201c&nbsp;<a name=\"R_7\" href=\"#N_7\">[7]<\/a> Ebenso stellte das Familien-Komitee, das ausschlaggebend f\u00fcr die Gr\u00fcndung der 9\/11-Kommission war, die Frage: \u201eWarum wurde es Pr\u00e4sident Bush vom Secret Service gestattet, in der Grundschule in Sarasota zu bleiben?\u201c&nbsp;<a name=\"R_8\" href=\"#N_8\">[8]<\/a><\/li>\n<li>Die 9\/11-Kommission erkl\u00e4rte: \u201eDer Secret Service sagte uns, dass sie bestrebt waren den Pr\u00e4sidenten an einen sicheren Ort zu bringen, das sie es allerdings nicht f\u00fcr erforderlich hielten, aus der T\u00fcr zu st\u00fcrmen.\u201c&nbsp;<a name=\"R_9\" href=\"#N_9\">[9]<\/a><\/li>\n<\/ul>\n<div class=\"c9hdr\"><a name=\"EVIDENCE\"><\/a>Die \u201e<a href=\"https:\/\/www.consensus911.org\/de\/what-is-the-best-evidence-de\/#DBB\">Besten Beweise<\/a>\u201c<\/div>\n<ul style=\"padding-left: 30px\">\n<li> Der Secret Service ist mit dem Schutz des Pr\u00e4sidenten beauftragt. In einem Buch \u00fcber den Secret Service schrieb Philip Melanson: \u201eMit einem gerade stattfindenden Terroranschlag h\u00e4tte die Vorgehensweise die sein sollen, den Pr\u00e4sidenten so schnell wie m\u00f6glich zum n\u00e4chsten sicheren Ort zu bringen.\u201c&nbsp;<a name=\"R_10\" href=\"#N_10\">[10]<\/a><\/li>\n<li>Der Besuch des Pr\u00e4sidenten war stark publiziert worden, und ein Journalist schrieb: In der Tat \u201emachte Bushs Anwesenheit &#8230; die geplante Lesung zu einem sichtbaren Ziel\u201c, denn \u201edas stark publizierte Event an der Schule stellte sicher, dass Bushs Aufenthaltsort an dem Tag kein Geheimnis war.\u201c&nbsp;<a name=\"R_11\" href=\"#N_11\">[11]<\/a><\/li>\n<li>Die Kombination dieser Tatsache mit der offensichtlichen Sachlage, dass mehrere Flugzeuge entf\u00fchrt worden waren und dass die Entf\u00fchrer sich auf Ziele mit hohem Wert konzentrierten,&nbsp;<a name=\"R_12\" href=\"#N_12\">[12]<\/a> h\u00e4tte den Secret Service zur Annahme veranlassen m\u00fcssen, dass ein entf\u00fchrter Airliner genau zu diesem Zeitpunkt auf die Schule gerichtet sein k\u00f6nnte, was zu einer sofortigen Evakuierung des Pr\u00e4sidenten h\u00e4tte f\u00fchren m\u00fcssen. In der Tat sagte der Marine, der das Telefon des Pr\u00e4sidenten trug, als der zweite Einschlag im World Trade Center im Fernsehen zu sehen war, sofort zu Sheriff Bill Balkwill von Sarasota County: \u201eWir verschwinden hier. K\u00f6nnen Sie die Leute bereit machen?\u201c&nbsp;<a name=\"R_13\" href=\"#N_13\">[13]<\/a><\/li>\n<li>Diese Anweisungen des Marines wurden aber offensichtlich au\u00dfer Kraft gesetzt: Der Leiter des Kontingents des Secret Service erlaubte es Bush, weitere 30 Minuten in der Schule zu bleiben und seine im Vorhinein geplante Fernsehansprache an die Nation um 09:29 Uhr zu halten, wodurch er jeden Terroristen wissen lie\u00df, dass er sich immer noch in der Schule befand.&nbsp;<a name=\"R_14\" href=\"#N_14\">[14]<\/a><br \/>\nDiese Verletzung des Protokolls legt nahe, dass der Secret Service auf einer gewissen F\u00fchrungsebene wusste, dass der Pr\u00e4sident nicht in Gefahr war.<\/li>\n<\/ul>\n<p class=\"c9np\"><a href=\"https:\/\/www.consensus911.org\/de\/point-mc-intro-de\/\">&lt;&lt; Vorheriger Punkt<\/a>, <a href=\"https:\/\/www.consensus911.org\/de\/point-mc-2-de\/\">N\u00e4chster Punkt &gt;&gt;<\/a><\/p>\n<div class=\"c9hdr\"><a name=\"REFS\"><\/a>Quellenangaben f\u00fcr Punkt MC-1<\/div>\n<div class=\"c9refs\">\n<table class=\"ref_tbl\">\n<tr>\n<td class=\"ref_nrs\">\n<div class=\"refnrs\"><a name=\"N_1\" href=\"#R_1\">[1]<\/a><\/div>\n<\/td>\n<td class=\"ref_txt\">\n<div class=\"rtxt-de\">\n<a href=\"http:\/\/www.amazon.com\/11-Commission-Report-Terrorist-Authorized\/dp\/0393326713\/\"><i>Der 9\/11-Kommissionsbericht<\/i>: Abschlussbericht der nationalen Kommission \u00fcber die Terroranschl\u00e4ge gegen die Vereinigten Staaten von Amerika<\/a> (W. W. Norton &amp; Company, 2004) S.&nbsp;39; <a href=\"https:\/\/911commission.gov\/report\/911Report.pdf\"><i>The 9\/11 Commission Report,<\/i> (pdf)<\/a>, pdf-S.&nbsp;56.\n<\/div>\n<\/td>\n<\/tr>\n<tr>\n<td class=\"ref_nrs\">\n<div class=\"refnrs\"><a name=\"N_2\" href=\"#R_2\">[2]<\/a><\/div>\n<\/td>\n<td class=\"ref_txt\">\n<div class=\"rtxt-de\">\nMitch Stacy: \u201e<a href=\"http:\/\/s3.amazonaws.com\/911timeline\/2002\/ap081902d.html\">Florida School Where Bush Learned Of Attacks Reflects On Its Role In History<\/a> [Schule in Florida, in der Bush \u00fcber die Anschl\u00e4ge informiert wurde, reflektiert \u00fcber ihre Rolle in der Geschichte]\u201c, <i>Associated Press<\/i>, 19. August 2002\n<\/div>\n<\/td>\n<\/tr>\n<tr>\n<td class=\"ref_nrs\">\n<div class=\"refnrs\"><a name=\"N_3\" href=\"#R_3\">[3]<\/a><\/div>\n<\/td>\n<td class=\"ref_txt\">\n<div class=\"rtxt-de\">\n<a href=\"https:\/\/911commission.gov\/report\/911Report.pdf\"><i>Der 9\/11-Kommissionsbericht<\/i><\/a>, 2004, S.&nbsp;38 (pdf-S.&nbsp;55)\n<\/div>\n<\/td>\n<\/tr>\n<tr>\n<td class=\"ref_nrs\">\n<div class=\"refnrs\"><a name=\"N_4\" href=\"#R_4\">[4]<\/a><\/div>\n<\/td>\n<td class=\"ref_txt\">\n<div class=\"rtxt-de\">\n<a href=\"https:\/\/911commission.gov\/report\/911Report.pdf\">Ibid.<\/a>\n<\/div>\n<\/td>\n<\/tr>\n<tr>\n<td class=\"ref_nrs\">\n<div class=\"refnrs\"><a name=\"N_5\" href=\"#R_5\">[5]<\/a><\/div>\n<\/td>\n<td class=\"ref_txt\">\n<div class=\"rtxt-de\">\n<a href=\"https:\/\/911commission.gov\/report\/911Report.pdf\">Ibid.<\/a>\n<\/div>\n<\/td>\n<\/tr>\n<tr>\n<td class=\"ref_nrs\">\n<div class=\"refnrs\"><a name=\"N_6\" href=\"#R_6\">[6]<\/a><\/div>\n<\/td>\n<td class=\"ref_txt\">\n<div class=\"rtxt-de\">\n<a href=\"https:\/\/911commission.gov\/report\/911Report.pdf\">Ibid.<\/a>, S.&nbsp;39\n<\/div>\n<\/td>\n<\/tr>\n<tr>\n<td class=\"ref_nrs\">\n<div class=\"refnrs\"><a name=\"N_7\" href=\"#R_7\">[7]<\/a><\/div>\n<\/td>\n<td class=\"ref_txt\">\n<div class=\"rtxt-de\">\n\u201eEine der vielen unbeantworteten Fragen \u00fcber diesen Tag ist, warum der Secret Service Bush nicht sofort an einen sicheren Ort gebracht hat, wie er es offensichtlich mit Vizepr\u00e4sident Dick Cheney tat.\u201c Susan Taylor Martin in \u201e<a href=\"https:\/\/web.archive.org\/web\/20040817235809\/http:\/\/www.sptimes.com\/2004\/07\/04\/news_pf\/Worldandnation\/Of_fact__fiction__Bus.shtml\">Of Fact, Fiction: Bush on 9\/11<\/a> [\u00dcber Fakten und Fiktion: Bush am 11.9.]\u201c, <i>St. Petersburg Times<\/i>, 4. Juli 2004. Dieses Thema war einen Tag nach 9\/11 von einer der f\u00fchrenden Zeitungen in Kanada aufgegriffen worden, die schrieb: \u201eAus irgend einem Grund evakuierte der Secret Service [Bush] nicht\u201c, John Ibbitson in \u201e<a href=\"https:\/\/web.archive.org\/web\/20191114003757\/http:\/\/v1.theglobeandmail.com\/special\/attack\/pages\/where_article11.html\">Action, not overreaction, prudent course<\/a> [Aktion, nicht \u00dcberreaktion, der umsichtige Kurs]\u201c, <i>Globe and Mail<\/i>, 12. September 2001.\n<\/div>\n<\/td>\n<\/tr>\n<tr>\n<td class=\"ref_nrs\">\n<div class=\"refnrs\"><a name=\"N_8\" href=\"#R_8\">[8]<\/a><\/div>\n<\/td>\n<td class=\"ref_txt\">\n<div class=\"rtxt-de\">\nThomas H. Kean und Lee H. Hamilton: \u201e<a href=\"http:\/\/www.amazon.de\/Without-Precedent-Thomas-H-Kean-ebook\/dp\/B000JMKNFG\/\">Without Precedent &#8211; The Inside Story of the 9\/11 Commission<\/a> [etwa: Ohne Pr\u00e4zedenz: Hinter den Kulissen der 9\/11-Kommission]\u201c, Knopf, 2006, S.&nbsp;54\n<\/div>\n<\/td>\n<\/tr>\n<tr>\n<td class=\"ref_nrs\">\n<div class=\"refnrs\"><a name=\"N_9\" href=\"#R_9\">[9]<\/a><\/div>\n<\/td>\n<td class=\"ref_txt\">\n<div class=\"rtxt-de\">\n<a href=\"https:\/\/911commission.gov\/report\/911Report.pdf\"><i>Der 9\/11-Kommissionsbericht<\/i><\/a>, 2004, S.&nbsp;39\n<\/div>\n<\/td>\n<\/tr>\n<tr>\n<td class=\"ref_nrs\">\n<div class=\"refnrs\"><a name=\"N_10\" href=\"#R_10\">[10]<\/a><\/div>\n<\/td>\n<td class=\"ref_txt\">\n<div class=\"rtxt-de\">\nPhilip H. Melanson, Secret Service: \u201e<a href=\"http:\/\/www.amazon.com\/Secret-Service-Hidden-History-Enigmatic\/dp\/0786710845\">The Secret Service: The Hidden History of an Enigmatic Agency<\/a> [Die Verborgene Geschichte einer r\u00e4tselhaften Beh\u00f6rde]\u201c (New York: Carroll &amp; Graf, 2002), wie von Susan Taylor Martin zitiert in \u201e<a href=\"https:\/\/web.archive.org\/web\/20040817235809\/http:\/\/www.sptimes.com\/2004\/07\/04\/news_pf\/Worldandnation\/Of_fact__fiction__Bus.shtml\">Of Fact, Fiction: Bush on 9\/11<\/a> [\u00dcber Fakten und Fiktion: Bush am 11.9.]\u201c\n<\/div>\n<\/td>\n<\/tr>\n<tr>\n<td class=\"ref_nrs\">\n<div class=\"refnrs\"><a name=\"N_11\" href=\"#R_11\">[11]<\/a><\/div>\n<\/td>\n<td class=\"ref_txt\">\n<div class=\"rtxt-de\">\nMike Riopell: \u201e<span class=\"deadlink\" title=\"fr\u00fcher abrufbar von http:\/\/www.dailyherald.com\/news\/lakestory.asp?id=226303\">Educator\u2019s History Lesson<\/span>\u201c, Arlington Heights Daily Herald, 11. September 2006<br \/>\nDas Event war seit Anfang August bei den Offiziellen der Bezirksschule <a href=\"https:\/\/www.yourobserver.com\/article\/911-timeline\">bekannt<\/a>. Es wurden viele Vorbereitungen getroffen. Das Orginalvideo von Bushs Besuch an der Booker Grundschule am 9.11.: \u201e<a href=\"https:\/\/www.youtube.com\/watch?v=IedVRYUNWUU\">George W. Bush at Booker Elementary School( 9\/11\/01)<\/a>\u201c (<i>YouTube: Matty<\/i>). Bedenken wurden von Sarasotas County Sheriff Colonel Steve Burns ge\u00e4u\u00dfert, der an diesem Tag f\u00fcr die Sicherheit an der Booker Grundschule verantwortlich war und mit dem Secret Service zusammenarbeitete; siehe \u201e<a href=\"https:\/\/www.youtube.com\/watch?v=2XtZ7ZDVpVY&#038;t=2m30s\">Sarasota County Sheriff&#8217;s Office &#8211; Behind the Scenes on 9\/11<\/a>\u201c \t(<i>YouTube: SarasotaSheriff<\/i>) bei 2:30 min.)\n<\/div>\n<\/td>\n<\/tr>\n<tr>\n<td class=\"ref_nrs\">\n<div class=\"refnrs\"><a name=\"N_12\" href=\"#R_12\">[12]<\/a><\/div>\n<\/td>\n<td class=\"ref_txt\">\n<div class=\"rtxt-de\">\nRichard A. Clarke: \u201e<a href=\"http:\/\/www.amazon.de\/Against-All-Enemies-Inside-Americas\/dp\/0743268237\/\">Against All Enemies: Inside America&#8217;s War on Terror<\/a> [etwa: Gegen alle Feinde: In Amerikas Kampf gegen den Terror]\u201c (New York: Free Press, 2004), S.&nbsp;4\n<\/div>\n<\/td>\n<\/tr>\n<tr>\n<td class=\"ref_nrs\">\n<div class=\"refnrs\"><a name=\"N_13\" href=\"#R_13\">[13]<\/a><\/div>\n<\/td>\n<td class=\"ref_txt\">\n<div class=\"rtxt-de\">\nTom Bayles: \u201e<a href=\"http:\/\/s3.amazonaws.com\/911timeline\/2002\/sarasotaheraldtribune091002.html\">The Day Before Everything Changed, President Bush Touched Locals&#8216; Lives<\/a> [Am Tag, bevor sich alles ver\u00e4nderte, ber\u00fchrte Bush das Leben der Einheimischen]\u201c, <i>Sarasota Herald-Tribune<\/i>, 10. September 2002; Blakewill\u2019s Stellungnahme wurde sp\u00e4ter von Susan Taylor Martin zitiert in \u201e<a href=\"https:\/\/web.archive.org\/web\/20040817235809\/http:\/\/www.sptimes.com\/2004\/07\/04\/news_pf\/Worldandnation\/Of_fact__fiction__Bus.shtml\">\u00dcber Fakten und Fiktion: Bush am 11.9.<\/a>\u201c, <i>St. Petersburg Times<\/i>, 4. Juli 2004.\n<\/div>\n<\/td>\n<\/tr>\n<tr>\n<td class=\"ref_nrs\">\n<div class=\"refnrs\"><a name=\"N_14\" href=\"#R_14\">[14]<\/a><\/div>\n<\/td>\n<td class=\"ref_txt\">\n<div class=\"rtxt-de\">\nBushs Rede wurde live auf CNN \u00fcbertragen und steht auf YouTube zur Verf\u00fcgung als <a href=\"https:\/\/www.youtube.com\/watch?v=cmH4vCuYcZ4\">Bush 911 Speech on CNN<\/a> (<i>YouTube: slipstick99<\/i>).\n<\/div>\n<\/td>\n<\/tr>\n<\/table>\n<\/div>\n<p><!-- c9refs -->\n<\/div>\n<p><!-- c9text --><\/p>\n","protected":false},"excerpt":{"rendered":"<p>Punkt MC-1: Warum wurde Pr\u00e4sident Bush aus der Schule in Florida<br \/>Punkt MC-1: nicht sofort in Sicherheit gebracht? <\/p>\n<p class=\"c9np\"><a href=\"https:\/\/www.consensus911.org\/de\/point-mc-intro-de\/\">&lt;&lt; Vorheriger Punkt<\/a>, <a href=\"https:\/\/www.consensus911.org\/de\/point-mc-2-de\/\">N\u00e4chster Punkt &gt;&gt;<\/a><\/p>\n<p> <a name=\"INTRO\"><\/a>Einleitung <\/p>\n<p style=\"padding-left: 30px\">Am Morgen des 11. September 2001 befand sich Pr\u00e4sident Bush in Sarasota, Florida, um f\u00fcr eine Fotogelegenheit mit Grundsch\u00fclern zu lesen.&nbsp;<a name=\"R_1\" href=\"#N_1\">[1]<\/a><\/p>\n<p> <a [...]\n<\/p>\n","protected":false},"author":110,"featured_media":0,"parent":0,"menu_order":121,"comment_status":"closed","ping_status":"closed","template":"","meta":{"footnotes":""},"class_list":["post-9130","page","type-page","status-publish","hentry"],"jetpack_sharing_enabled":true,"_links":{"self":[{"href":"https:\/\/www.consensus911.org\/de\/wp-json\/wp\/v2\/pages\/9130","targetHints":{"allow":["GET"]}}],"collection":[{"href":"https:\/\/www.consensus911.org\/de\/wp-json\/wp\/v2\/pages"}],"about":[{"href":"https:\/\/www.consensus911.org\/de\/wp-json\/wp\/v2\/types\/page"}],"author":[{"embeddable":true,"href":"https:\/\/www.consensus911.org\/de\/wp-json\/wp\/v2\/users\/110"}],"replies":[{"embeddable":true,"href":"https:\/\/www.consensus911.org\/de\/wp-json\/wp\/v2\/comments?post=9130"}],"version-history":[{"count":5,"href":"https:\/\/www.consensus911.org\/de\/wp-json\/wp\/v2\/pages\/9130\/revisions"}],"predecessor-version":[{"id":20092,"href":"https:\/\/www.consensus911.org\/de\/wp-json\/wp\/v2\/pages\/9130\/revisions\/20092"}],"wp:attachment":[{"href":"https:\/\/www.consensus911.org\/de\/wp-json\/wp\/v2\/media?parent=9130"}],"curies":[{"name":"wp","href":"https:\/\/api.w.org\/{rel}","templated":true}]}}