{"id":9133,"date":"2014-10-13T03:24:02","date_gmt":"2014-10-13T10:24:02","guid":{"rendered":"http:\/\/www.consensus911.org\/?page_id=9133"},"modified":"2019-06-10T02:52:32","modified_gmt":"2019-06-10T09:52:32","slug":"point-mc-2-de","status":"publish","type":"page","link":"https:\/\/www.consensus911.org\/de\/point-mc-2-de\/","title":{"rendered":"Point MC-2 (De)"},"content":{"rendered":"<h4 class=\"c9h4\">Punkt MC-2: Die Behauptung des Wei\u00dfen Hauses dar\u00fcber, wie lange<br \/><span style=\"color: #ffffff\">Punkt MC-2:<\/span> Pr\u00e4sident Bush im Klassenzimmer in Florida verblieb<\/h4>\n<div class=\"c9text-de\">\n<p class=\"c9np\"><a href=\"https:\/\/www.consensus911.org\/de\/point-mc-1-de\/\">&lt;&lt; Vorheriger Punkt<\/a>, <a href=\"https:\/\/www.consensus911.org\/de\/point-mc-3-de\/\">N\u00e4chster Punkt &gt;&gt;<\/a><\/p>\n<div class=\"c9hdr\"><a name=\"INTRO\"><\/a>Einleitung<\/div>\n<p style=\"padding-left: 30px\">Nachdem Pr\u00e4sident Bush das Klassenzimmer in Sarasota, Florida betreten hatte, fl\u00fcsterte sein Stabschef, Andrew Card, ihm Berichten zufolge ins Ohr: \u201eEin zweites Flugzeug hat den zweiten Turm getroffen. Amerika wird angegriffen.\u201c&nbsp;<a name=\"R_1\" href=\"#N_1\">[1]<\/a><\/p>\n<div class=\"c9hdr\"><a name=\"OFFICIAL\"><\/a>Die offizielle Darstellung<\/div>\n<div style=\"padding-left: 30px\">\nNachdem Pr\u00e4sident Bush die Nachricht von Card erhalten hatte, verlie\u00df dieser den Raum z\u00fcgig, w\u00e4hrend er h\u00f6flich blieb und nichts tat, was die Kinder h\u00e4tte erschrecken k\u00f6nnen.<\/p>\n<ul style=\"padding-left: 30px\">\n<li>Der Pr\u00e4sident blieb \u201enur noch einige Sekunden\u201c, wie Card dem San Francisco Chronicle erz\u00e4hlte, und dann \u201eentschuldigte er sich sehr h\u00f6flich sowohl bei der Lehrerin als auch bei den Sch\u00fclern, um dann zu gehen.\u201c&nbsp;<a name=\"R_2\" href=\"#N_2\">[2]<\/a><\/li>\n<li>Der Pr\u00e4sident \u201ewollte die Kinder nicht alarmieren\u201c, erz\u00e4hlte Karl Rove der NBC. Wissend, dass \u201edie Stunde dem Ende zuging &#8230; wartete er f\u00fcr einige Momente &#8230; ganz und gar nicht lang &#8230; und dann kam er in das Lehrerzimmer.\u201c&nbsp;<a name=\"R_3\" href=\"#N_3\">[3]<\/a><\/li>\n<li>Sandra Kay Daniels, die Lehrerin der zweiten Klasse, die von Bush besucht wurde, erz\u00e4hlte der Los Angeles Times: \u201eIch wusste, dass etwas nicht stimmte, als der Pr\u00e4sident nicht das Buch nahm und sich nicht an der Stunde beteiligte &#8230; Er sagte, \u201aMrs. Daniels, ich muss jetzt gehen. Ich werde Lt. Gov. Frank Brogan hier lassen, um die Rede f\u00fcr mich halten zu lassen.\u2018 Wenn man in sein Gesicht sah, wusste man, dass etwas nicht stimmte. &#8230; Er sch\u00fcttelte meine Hand und ging.\u201c&nbsp;<a name=\"R_4\" href=\"#N_4\">[4]<\/a><\/li>\n<\/ul>\n<\/div>\n<div class=\"c9hdr\"><a name=\"EVIDENCE\"><\/a>Die \u201e<a href=\"https:\/\/www.consensus911.org\/de\/what-is-the-best-evidence-de\/#DBB\">Besten Beweise<\/a>\u201c<\/div>\n<div style=\"padding-left: 30px\">\nW\u00e4hrend alle oben beschriebenen Berichte 2002 am oder um den ersten Jahrestag von 9\/11 ver\u00f6ffentlicht wurden, gab es fr\u00fchere Berichte in diesem Jahr, die eine v\u00f6llig andere Geschichte erz\u00e4hlten.<\/p>\n<ul style=\"padding-left: 30px\">\n<li>In einem Artikel des Tampa Tribune, der am 1. September 2002 ver\u00f6ffentlich wurde, schreibt Reporter Jennifer Barrs, dass Pr\u00e4sident Bush, nachdem Card ihm ins Ohr gefl\u00fcstert hatte, 30 Sekunden komplett still blieb, dann das Buch zur Hand nahm und mit den Kindern \u201ef\u00fcr acht bis neun Minuten\u201c las.&nbsp;<a name=\"R_5\" href=\"#N_5\">[5]<\/a><\/li>\n<li>Der Artikel des Tampa Tribune, der 10 Tage vor dem oben zitierten Artikel von Sandra Kay Daniels erschien, hatte beschrieben, dass Daniels selbst f\u00fcr \u201eacht bis neun Minuten\u201c mit den Sch\u00fclern gelesen hatte. Der Artikel f\u00fcgte hinzu, dass Daniels, die bemerkt hatte, dass Bush so \u201egedankenverloren war\u201c, dass er \u201edas Buch in seinem Schoss vergessen hatte\u201c, mit einem schwierigen Problem konfrontiert war: \u201eIch konnte ihn nicht vorsichtig anstupsen &#8230; Ich konnte nicht sagen, \u201aOK, Mr. Pr\u00e4sident. Nehmen Sie ihr Buch zur Hand. Die ganze Welt schaut zu.\u2018 \u201c&nbsp;<a name=\"R_6\" href=\"#N_6\">[6]<\/a><\/li>\n<li>Verschiedene Berichte deuteten an, dass Bush, nachdem die Lesestunde vorbei war, fortfuhr zu reden.&nbsp;<a name=\"R_7\" href=\"#N_7\">[7]<\/a> Bush \u201ez\u00f6gerte ganz offen den Moment hinaus\u201c und \u201everweilte sogar, bis die Presse verschwunden war\u201c, schrieb Bill Sammon (der Wei\u00dfe Haus Korrespondent f\u00fcr die Washington Times), der Bush als \u201eTr\u00f6dler im Amt\u201c bezeichnete.&nbsp;<a name=\"R_8\" href=\"#N_8\">[8]<\/a><\/li>\n<\/ul>\n<p>Die Tatsache, dass Bush nicht schnell den Raum verlassen hatte, wurde durch ein Video \u00fcber den Besuch im Klassenraum best\u00e4tigt, das vom lokalen Direktor des Kabelfernsehens aufgenommen worden war und das im Juni 2003 im Internet verf\u00fcgbar wurde.&nbsp;<a name=\"R_9\" href=\"#N_9\">[9]<\/a><\/p>\n<ul style=\"padding-left: 30px\">\n<li>Das Wall Street Journal berichtete im M\u00e4rz 2004, dass dieses Video zeige, dass Bush \u201eweitere f\u00fcnf Minuten anwesend blieb, w\u00e4hrend die Kinder laut eine Geschichte \u00fcber eine Ziege als Haustier lassen\u201c.&nbsp;<a name=\"R_10\" href=\"#N_10\">[10]<\/a><\/li>\n<li>Dieses Video erlangte noch mehr Aufmerksamkeit, als Michael Moores Film \u201e<a href=\"https:\/\/www.imdb.com\/title\/tt0361596\/reference\">Fahrenheit 9\/11<\/a>\u201c, in dem es verwendet wird, im Juni 2004 erschien.<\/li>\n<li>Als das Wei\u00dfe Haus vom Wall Street Journal f\u00fcr den Artikel im M\u00e4rz 2004 Artikel kontaktiert wurde, gab Sprecher Dan Bartlett zu, dass der Pr\u00e4sident f\u00fcr mindestens weitere sieben Minuten im Klassenraum verblieben war. Das nicht sofortige Gehen begr\u00fcndete er mit dem Instinkt des Pr\u00e4sidenten, \u201enicht die Kinder durch das fluchtartige Verlassen des Klassenraums zu verschrecken\u201c.&nbsp;<a name=\"R_11\" href=\"#N_11\">[11]<\/a><\/li>\n<li>Selbst wenn die Erkl\u00e4rung akzeptiert worden w\u00e4re, bleibt jedoch die Frage, die vom Wall Street Journal nicht gestellt wurde, warum am ersten Jahrestag von 9\/11, das Wei\u00dfe Haus unter Bush eine L\u00fcge \u00fcber den Sachverhalt verbreitete, wie lange Bush im Klassenraum geblieben war.<br \/>\nWar es, weil das Wei\u00dfe Haus, das Bush erfolgreich als einen starken Anf\u00fchrer in seiner Antwort auf die Anschl\u00e4ge von 9\/11 dargestellt hatte, die Tatsache vertuschen wollte, dass er lieber weiter Kindern beim Lesen einer Geschichte zuh\u00f6rte, denn als Pr\u00e4sident und Oberhaupt der Nation sofortige Handlungen einzuleiten? War es, weil der Secret Service (wie bereits im Konsenspunkt <a href=\"\/de\/point-mc-1-de\/\"><i>MC-1<\/i><\/a>: \u201eWarum wurde Pr\u00e4sident Bush aus der Schule in Florida nicht sofort in Sicherheit gebracht?\u201c erw\u00e4hnt) wusste, dass das Land nicht wirklich von ausl\u00e4ndischen Terroristen angegriffen wurde?<\/li>\n<\/ul>\n<p>Wie auch immer das Motiv aussah: Das Wei\u00dfe Haus unter Bush nutzte die nationalen Medien am Jahrestag von 9\/11, um eine falsche Geschichte \u00fcber den Pr\u00e4sidenten in Umlauf zu bringen.<\/p>\n<\/div>\n<p class=\"c9np\"><a href=\"https:\/\/www.consensus911.org\/de\/point-mc-1-de\/\">&lt;&lt; Vorheriger Punkt<\/a>, <a href=\"https:\/\/www.consensus911.org\/de\/point-mc-3-de\/\">N\u00e4chster Punkt &gt;&gt;<\/a><\/p>\n<div class=\"c9hdr\"><a name=\"REFS\"><\/a>Quellenangaben f\u00fcr Punkt MC-2<\/div>\n<div class=\"c9refs\">\n<table class=\"ref_tbl\">\n<tr>\n<td class=\"ref_nrs\">\n<div class=\"refnrs\"><a name=\"N_1\" href=\"#R_1\">[1]<\/a><\/div>\n<\/td>\n<td class=\"ref_txt\">\n<div class=\"rtxt-de\">\n<a href=\"https:\/\/911commission.gov\/report\/911Report.pdf\"><i>Der 9\/11-Kommissionsbericht<\/i><\/a> (2004), S.&nbsp;38\n<\/div>\n<\/td>\n<\/tr>\n<tr>\n<td class=\"ref_nrs\">\n<div class=\"refnrs\"><a name=\"N_2\" href=\"#R_2\">[2]<\/a><\/div>\n<\/td>\n<td class=\"ref_txt\">\n<div class=\"rtxt-de\">\nAndrew Card: \u201e<a href=\"https:\/\/www.sfgate.com\/news\/article\/9-11-Voices-What-If-You-Had-To-Tell-The-2799179.php\">What If You Had to Tell the President?<\/a> [Was, wenn Du es dem Pr\u00e4sidenten sagen m\u00fcsstest?]\u201c, San Francisco Chronicle, 11. September 2002. <u><span class=\"deadlink\" style=\"color: #888888\" title=\"fr\u00fcher abrufbar von http:\/\/www.msnbc.com\/modules\/91102\/interviews\/card.asp\">Ebenso erz\u00e4hlte Card Brian Williams von NBC<\/span><\/u>: \u201eIch entfernte mich wieder vom Pr\u00e4sidenten und nur einige Sekunden sp\u00e4ter entschuldigte sich der Pr\u00e4sident vom Klassenzimmer. Wir versammelten uns im Warteraum und besprachen die Situation\u201c, <i>NBC News<\/i>, 9. September 2002. Card erz\u00e4hlte \u00e4hnliches ABC News: \u201eDer Pr\u00e4sident wartete einige Momente, um die Sch\u00fcler fertig werden zu lassen, und dann sagte er: \u201aIch danke euch vielmals, dass ihr mir eure Lesef\u00e4higkeiten gezeigt habt\u2018 und dann begab er sich zum leeren Klassenraum nebenan\u201c, in \u201e<a href=\"http:\/\/s3.amazonaws.com\/911timeline\/2002\/abcnews091402.html\">Sept. 11\u2019s Moments of Crisis: Part 1: Terror Hits the Towers<\/a> [etwa: Momente der Krise des 11.9.: Teil 1: Terror trifft die T\u00fcrme]\u201c, <i>ABC News<\/i>, 14. September 2002\n<\/div>\n<\/td>\n<\/tr>\n<tr>\n<td class=\"ref_nrs\">\n<div class=\"refnrs\"><a name=\"N_3\" href=\"#R_3\">[3]<\/a><\/div>\n<\/td>\n<td class=\"ref_txt\">\n<div class=\"rtxt-de\">\n\u201e<a href=\"https:\/\/www.youtube.com\/watch?v=3ifUH2FwYvk\">9\/11 Interview mit Campbell Brown<\/a>\u201c (<a href=\"http:\/\/www.consensus911.org\/wp-content\/uploads\/2019\/04\/MSNBC_Karl_Rove_9_11_interview.htm\">transcript<\/a>), <i>NBC News<\/i>, 11. September 2002\n<\/div>\n<\/td>\n<\/tr>\n<tr>\n<td class=\"ref_nrs\">\n<div class=\"refnrs\"><a name=\"N_4\" href=\"#R_4\">[4]<\/a><\/div>\n<\/td>\n<td class=\"ref_txt\">\n<div class=\"rtxt-de\">\nSandra Kay Daniels: \u201e<a href=\"https:\/\/web.archive.org\/web\/20151203143036\/http:\/\/pqasb.pqarchiver.com\/latimes\/doc\/421947171.html\">9\/11: A Year After\/Who We Are Now<\/a> [9\/11: Ein Jahr danach\/Wer wir jetzt sind]\u201c (<a href=\"\/wp-content\/uploads\/2018\/12\/Sandra_Kay_Daniels_latimes_Dateien.zip\">backup<\/a>), <i>Los Angeles Times<\/i>, 11. September 2002.\n<\/div>\n<\/td>\n<\/tr>\n<tr>\n<td class=\"ref_nrs\">\n<div class=\"refnrs\"><a name=\"N_5\" href=\"#R_5\">[5]<\/a><\/div>\n<\/td>\n<td class=\"ref_txt\">\n<div class=\"rtxt-de\">\nJennifer Barrs: \u201e<a href=\"http:\/\/s3.amazonaws.com\/911timeline\/2002\/tampatribune090102.html\">From A Whisper To A Tear<\/a> [Von einem Fl\u00fcstern zu einer Tr\u00e4ne]\u201c in der <i>Tampa Tribune<\/i> vom 1. September 2002. Aufgrund der Wichtigkeit dieser Geschichte und der Tatsache, dass sie im Internet nahezu nicht mehr auffindbar ist, siehe <a href=\"\/de\/panel-members-de\/#WOODWORTH\">Elizabeth Woodworth<\/a>: \u201e<a href=\"https:\/\/web.archive.org\/web\/20090107105543\/http:\/\/911blogger.com\/node\/9847\">Pr\u00e4sident Bush in der Schule in Florida: Neue widerspr\u00fcchliche Zeugenaussagen<\/a>\u201c, 7. Juli 2007, <i>911Blogger.com<\/i>.\n<\/div>\n<\/td>\n<\/tr>\n<tr>\n<td class=\"ref_nrs\">\n<div class=\"refnrs\"><a name=\"N_6\" href=\"#R_6\">[6]<\/a><\/div>\n<\/td>\n<td class=\"ref_txt\">\n<div class=\"rtxt-de\">\nBarrs: \u201e<a href=\"http:\/\/s3.amazonaws.com\/911timeline\/2002\/tampatribune090102.html\">From A Whisper To A Tear<\/a> [Von einem Fl\u00fcstern zu einer Tr\u00e4ne]\u201c\n<\/div>\n<\/td>\n<\/tr>\n<tr>\n<td class=\"ref_nrs\">\n<div class=\"refnrs\"><a name=\"N_7\" href=\"#R_7\">[7]<\/a><\/div>\n<\/td>\n<td class=\"ref_txt\">\n<div class=\"rtxt-de\">\nIbid.; Bill Adair und Stephen Hegarty: \u201e<a href=\"https:\/\/web.archive.org\/web\/20020910122724\/http:\/\/www.sptimes.com\/2002\/09\/08\/911\/The_drama_in_Sarasota.shtml\">Das Drama in Sarasota<\/a>\u201c, <i>St. Petersburg Times<\/i>, 8. September 2002.\n<\/div>\n<\/td>\n<\/tr>\n<tr>\n<td class=\"ref_nrs\">\n<div class=\"refnrs\"><a name=\"N_8\" href=\"#R_8\">[8]<\/a><\/div>\n<\/td>\n<td class=\"ref_txt\">\n<div class=\"rtxt-de\">\nBill Sammon: \u201e<a href=\"http:\/\/www.amazon.de\/Fighting-Back-Terrorism-Inside-White\/dp\/0895261499\/\">Fighting Back: The War on Terrorism from Inside the Bush White House<\/a> [etwa: Gegenangriff: Der Krieg gegen den Terrorismus aus dem Inneren von Bushs Wei\u00dfem Haus]\u201c, Washington, Regnery, 2002, S.&nbsp;89-90.\n<\/div>\n<\/td>\n<\/tr>\n<tr>\n<td class=\"ref_nrs\">\n<div class=\"refnrs\"><a name=\"N_9\" href=\"#R_9\">[9]<\/a><\/div>\n<\/td>\n<td class=\"ref_txt\">\n<div class=\"rtxt-de\">\n\u201e<a href=\"https:\/\/www.youtube.com\/watch?v=ogEv9PgLssQ\">5-Minuten Video \u00fcber George W. Bush am Morgen von 9\/11<\/a>\u201c (<i>YouTube: Uncle Steve<\/i>)\n<\/div>\n<\/td>\n<\/tr>\n<tr>\n<td class=\"ref_nrs\">\n<div class=\"refnrs\"><a name=\"N_10\" href=\"#R_10\">[10]<\/a><\/div>\n<\/td>\n<td class=\"ref_txt\">\n<div class=\"rtxt-de\">\nScot J. Paltrow: \u201e<a href=\"https:\/\/www.wsj.com\/articles\/SB107991342102561383\">Government Accounts of 9\/11 Reveal Gaps, Inconsistencies<\/a> [etwa: Darstellungen der Regierung von 9\/11 enthalten L\u00fccken, Inkonsistenzen]\u201c, <i>Wall Street Journal<\/i>, 22. M\u00e4rz 2004\n<\/div>\n<\/td>\n<\/tr>\n<tr>\n<td class=\"ref_nrs\">\n<div class=\"refnrs\"><a name=\"N_11\" href=\"#R_11\">[11]<\/a><\/div>\n<\/td>\n<td class=\"ref_txt\">\n<div class=\"rtxt-de\">\n<a href=\"https:\/\/www.wsj.com\/articles\/SB107991342102561383\">Ibid.<\/a>\n<\/div>\n<\/td>\n<\/tr>\n<\/table>\n<\/div>\n<p><!-- c9refs -->\n<\/div>\n<p><!-- c9text --><\/p>\n","protected":false},"excerpt":{"rendered":"<p>Punkt MC-2: Die Behauptung des Wei\u00dfen Hauses dar\u00fcber, wie lange<br \/>Punkt MC-2: Pr\u00e4sident Bush im Klassenzimmer in Florida verblieb <\/p>\n<p class=\"c9np\"><a href=\"https:\/\/www.consensus911.org\/de\/point-mc-1-de\/\">&lt;&lt; Vorheriger Punkt<\/a>, <a href=\"https:\/\/www.consensus911.org\/de\/point-mc-3-de\/\">N\u00e4chster Punkt &gt;&gt;<\/a><\/p>\n<p> <a name=\"INTRO\"><\/a>Einleitung <\/p>\n<p style=\"padding-left: 30px\">Nachdem Pr\u00e4sident Bush das Klassenzimmer in Sarasota, Florida betreten hatte, fl\u00fcsterte sein Stabschef, Andrew Card, ihm Berichten zufolge ins Ohr: \u201eEin zweites Flugzeug [&#8230;]<\/p>\n","protected":false},"author":110,"featured_media":0,"parent":0,"menu_order":122,"comment_status":"closed","ping_status":"closed","template":"","meta":{"footnotes":""},"class_list":["post-9133","page","type-page","status-publish","hentry"],"jetpack_sharing_enabled":true,"_links":{"self":[{"href":"https:\/\/www.consensus911.org\/de\/wp-json\/wp\/v2\/pages\/9133","targetHints":{"allow":["GET"]}}],"collection":[{"href":"https:\/\/www.consensus911.org\/de\/wp-json\/wp\/v2\/pages"}],"about":[{"href":"https:\/\/www.consensus911.org\/de\/wp-json\/wp\/v2\/types\/page"}],"author":[{"embeddable":true,"href":"https:\/\/www.consensus911.org\/de\/wp-json\/wp\/v2\/users\/110"}],"replies":[{"embeddable":true,"href":"https:\/\/www.consensus911.org\/de\/wp-json\/wp\/v2\/comments?post=9133"}],"version-history":[{"count":5,"href":"https:\/\/www.consensus911.org\/de\/wp-json\/wp\/v2\/pages\/9133\/revisions"}],"predecessor-version":[{"id":20821,"href":"https:\/\/www.consensus911.org\/de\/wp-json\/wp\/v2\/pages\/9133\/revisions\/20821"}],"wp:attachment":[{"href":"https:\/\/www.consensus911.org\/de\/wp-json\/wp\/v2\/media?parent=9133"}],"curies":[{"name":"wp","href":"https:\/\/api.w.org\/{rel}","templated":true}]}}