{"id":9197,"date":"2014-10-13T02:51:13","date_gmt":"2014-10-13T09:51:13","guid":{"rendered":"http:\/\/www.consensus911.org\/?page_id=9197"},"modified":"2018-06-24T06:14:45","modified_gmt":"2018-06-24T13:14:45","slug":"point-wtc7-5-de","status":"publish","type":"page","link":"https:\/\/www.consensus911.org\/de\/point-wtc7-5-de\/","title":{"rendered":"Point WTC7-5 (De)"},"content":{"rendered":"<h4 class=\"c9h4\">Punkt WTC7-5: World Trade Center Geb\u00e4ude&nbsp;7: Die Analyse von NIST<br \/><span style=\"color: #ffffff\">Punkt WTC7-5:<\/span> \u00fcber den Beginn des Einsturzes ist ung\u00fcltig<\/h4>\n<div class=\"c9text-de\">\n<p class=\"c9np\"><a href=\"https:\/\/www.consensus911.org\/de\/point-wtc7-4-de\/\">&lt;&lt; Vorheriger Punkt<\/a>, <a href=\"https:\/\/www.consensus911.org\/de\/point-wtc7-6-de\/\">N\u00e4chster Punkt &gt;&gt;<\/a><\/p>\n<div class=\"c9hdr\"><a name=\"INTRO\"><\/a>Einleitung<\/div>\n<div style=\"padding-left: 30px\">\nIn seinem Bericht bez\u00fcglich WTC&nbsp;7 behauptet NIST (das National Institute of Standards and Technology, <a href=\"https:\/\/de.wikipedia.org\/wiki\/National_Institute_of_Standards_and_Technology\">Bundesbeh\u00f6rde f\u00fcr Standardisierung und Technologie<\/a>) dass, zum ersten Mal in der Geschichte, Feuer den kompletten Einsturz eines gro\u00dfen, brandgesch\u00fctzten <a href=\"https:\/\/de.wikipedia.org\/wiki\/Stahlskelettbau\">Stahlskelettbaus<\/a> verursacht hat. 2008 ver\u00f6ffentlichte NIST Analysen, die vorgeben zu zeigen, dass durch Br\u00e4nde verursachte thermische Ausdehnung den Beginn des Einsturzes des Geb\u00e4udes verursacht hat.&nbsp;<a name=\"R_1\" href=\"#N_1\">[1]<\/a> Die Zuverl\u00e4ssigkeit der NIST-Analyse w\u00fcrde offensichtlich vom Einschlie\u00dfen aller strukturellen Merkmale, die f\u00fcr den beginnenden Einsturz relevant sind, abh\u00e4ngen. Zu diesem Thema relevante Informationen kamen erst sp\u00e4t im Jahr 2013 ans Tageslicht.\n<\/div>\n<div class=\"c9hdr\"><a name=\"OFFICIAL\"><\/a>Die offizielle Darstellung<\/div>\n<div style=\"padding-left: 30px\">\nDer WTC&nbsp;7-Bericht von NIST zeigt, dass der Tr\u00e4ger A2001 \u2013 der sich in der nordwestlichen Ecke des Geb\u00e4udes unter dem 13. Stock und zwischen den S\u00e4ulen 44 und 79 befand \u2013 durch die von den heftigen, von brennendem B\u00fcromaterial angeheizten Br\u00e4nden verursachte thermische Ausdehnung der in \u00f6stlicher Richtung mit ihm verbundenen Tr\u00e4ger aus seiner Verankerung bei S\u00e4ule 79 gedr\u00fcckt wurde.<br \/>\nDieses Versagen brachte den weiten Bereich, der von Tr\u00e4ger A2001 gest\u00fctzt wurde, dazu, 8 Stockwerke hinunter auf den 5. Stock zu kollabieren, was S\u00e4ule 79 auf neun Stockwerke ohne seitliche Abst\u00fctzung lie\u00df, was sie zum Knicken brachte. Das Versagen dieser einzelnen S\u00e4ule verursachte dann einen kompletten inneren Einsturz von Nord nach S\u00fcd, der wiederum einen kompletten inneren Einsturz von Ost nach West verursachte, was schlie\u00dflich die Au\u00dfens\u00e4ulen ohne seitliche Verankerung lie\u00df und sie alle dazu brachte, fast gleichzeitig zu knicken.\n<\/div>\n<div class=\"c9hdr\"><a name=\"EVIDENCE\"><\/a>Die \u201e<a href=\"https:\/\/www.consensus911.org\/de\/what-is-the-best-evidence-de\/#DBB\">Besten Beweise<\/a>\u201c<\/div>\n<div style=\"padding-left: 30px\">\nAls der WTC&nbsp;7-Bericht von NIST im November 2008 ver\u00f6ffentlicht wurde, fehlten unerkl\u00e4rlicherweise die Strukturzeichnungen des Geb\u00e4udes. Dementsprechend konnte der Bericht nicht vom strukturellen Standpunkt aus gepr\u00fcft werden. Ein Informationsfreiheitsverfahren (<a href=\"https:\/\/de.wikipedia.org\/wiki\/Freedom_of_Information_Act\">FOIA<\/a>) war erfolgreich damit, die Ver\u00f6ffentlichung einer ganzen Reihe von Zeichnungen im Sp\u00e4tjahr 2011 zu erwirken.&nbsp;<a name=\"R_2\" href=\"#N_2\">[2]<\/a> Die \u00dcberpr\u00fcfung der ver\u00f6ffentlichten WTC&nbsp;7-Zeichnungen zeigte, dass es zwei ernsthafte strukturelle Auslassungen in der NIST-Analyse bez\u00fcglich der \u201eZusammenbruchsbeginn\u201c-Theorie von NIST gab. Diese waren:<\/p>\n<ol style=\"padding-left: 30px\">\n<li>Stahlversteifungen, die Tr\u00e4ger A2001 [dort wo er an S\u00e4ule 79 auflag] wesentlich verst\u00e4rkten,&nbsp;<a name=\"R_3\" href=\"#N_3\">[3]<\/a> und <\/li>\n<li>Deckentr\u00e4ger S3007, G3007 und K3007, die seitliche Unterst\u00fctzung f\u00fcr den Tr\u00e4ger G3005 lieferten.&nbsp;<a name=\"R_4\" href=\"#N_4\">[4]<\/a> <\/li>\n<\/ol>\n<p>Von unabh\u00e4ngigen Ingenieuren durchgef\u00fchrte Analysen zeigen, dass, wenn die Versteifungen und seitlichen Unterst\u00fctzungstr\u00e4ger ber\u00fccksichtigt werden, die wahrscheinliche Einsturzsequenz von NIST unm\u00f6glich ist, da:<\/p>\n<ol style=\"padding-left: 30px\">\n<li>der (untere) Flansch (<a href=\"https:\/\/de.wikipedia.org\/wiki\/Profilstahl\">oder Gurt<\/a>), mit dem Tr\u00e4ger A2001 an der S\u00e4ule 79 auflag, sich mit diesen Versteifungen nicht biegen oder versagen konnte,&nbsp;<a name=\"R_5\" href=\"#N_5\">[5]<\/a> und<\/li>\n<li>Tr\u00e4ger G3005, der, wie NIST behauptete, durch thermische Ausdehnung knickte und zum Kollaps von WTC&nbsp;7 f\u00fchrte, nicht knicken konnte, wenn die weggelassenen seitlichen Unterst\u00fctzungstr\u00e4ger von G3005, S3007, G3007 und K3007 vorhanden waren.&nbsp;<a name=\"R_6\" href=\"#N_6\">[6]<\/a> <\/li>\n<\/ol>\n<p>Im Dezember 2013 schickte der bekannte Anwalt William F. Pepper,&nbsp;<a name=\"R_7\" href=\"#N_7\">[7]<\/a> der f\u00fcr <a href=\"https:\/\/www.ae911truth.org\/\">Achitects and Engineers for 9\/11 Truth<\/a> als Rechtsberater arbeitet, einen Brief an den Generalinspekteur des US-Wirtschaftsministeriums, in dem er diese Auslassungen berichtete. \u201eEs ist die einhellige Meinung der Bauingenieure, die dieses Thema untersucht haben\u201c, sagte Pepper, \u201edass eine unabh\u00e4ngige Ermittlung durch Ingenieure schnell zum selben Ergebnis kommen w\u00fcrde\u201c.&nbsp;<a name=\"R_8\" href=\"#N_8\">[8]<\/a> Pepper f\u00fcgte hinzu, dass seine Klienten, nachdem sie fast zwei Jahre von NIST ignoriert worden waren, schlie\u00dflich eine Reaktion von einem Pressesprecher von NIST bekamen, der best\u00e4tigte, dass die Versteifungen ausgelassen worden waren. Allerdings sagte der PR-Mann, der die Weglassung der seitlich unterst\u00fctzenden Deckentr\u00e4ger v\u00f6llig ignorierte, dass es nicht n\u00f6tig sei, die Versteifungen zu ber\u00fccksichtigen. Pepper sagte, dass seine Klienten \u201eungl\u00e4ubig und entsetzt\u201c waren, dass NIST diese Strukturmerkmale weglie\u00df und dass NIST, nachdem es auf diese Auslassungen aufmerksam gemacht worden war, ihre wesentliche Bedeutung komplett verleugnete.<\/p>\n<\/div>\n<div class=\"c9hdr\"><a name=\"CONCLUSION\"><\/a>Fazit<\/div>\n<div style=\"padding-left: 30px\">\nDie Behauptung von NIST, dass der Einsturz von WTC&nbsp;7 eingeleitet wurde, als der Tr\u00e4ger A2001 aus seiner Verankerung an S\u00e4ule 79 gedr\u00fcckt wurde, ist unhaltbar. Wenn (aber) das vorgeblich ausl\u00f6sende Ereignis ausgeschlossen wird, m\u00fcssen alle Behauptungen von NIST \u00fcber nachfolgendes weiteres strukturelles Versagen als haltlos und ung\u00fcltig betrachtet werden.\n<\/div>\n<p class=\"c9np\"><a href=\"https:\/\/www.consensus911.org\/de\/point-wtc7-4-de\/\">&lt;&lt; Vorheriger Punkt<\/a>, <a href=\"https:\/\/www.consensus911.org\/de\/point-wtc7-6-de\/\">N\u00e4chster Punkt &gt;&gt;<\/a><\/p>\n<div class=\"c9hdr\"><a name=\"REFS\"><\/a>Quellenangaben f\u00fcr Punkt WTC7-5<\/div>\n<div class=\"c9refs\">\n<table class=\"ref_tbl\">\n<tr>\n<td class=\"ref_nrs\">\n<div class=\"refnrs\"><a name=\"N_1\" href=\"#R_1\">[1]<\/a><\/div>\n<\/td>\n<td class=\"ref_txt\">\n<div class=\"rtxt-de\">\nNIST NCSTAR 1-9: \u201e<a href=\"https:\/\/ws680.nist.gov\/publication\/get_pdf.cfm?pub_id=861611\">Structural Fire Response and Probable Collapse Sequence of World Trade Center Building 7. Volume 1<\/a> [etwa: Reaktion der Struktur auf das Feuer und wahrscheinliche Abfolge des Einsturzes von WTC Geb\u00e4ude&nbsp;7, Entwurf f\u00fcr \u00f6ffentliche Stellungnahme. Band 1]\u201c, S.&nbsp;526-27 (pdf:&nbsp;588-9)\n<\/div>\n<\/td>\n<\/tr>\n<tr>\n<td class=\"ref_nrs\">\n<div class=\"refnrs\"><a name=\"N_2\" href=\"#R_2\">[2]<\/a><\/div>\n<\/td>\n<td class=\"ref_txt\">\n<div class=\"rtxt-de\">\nRon Brookman erhielt die Zeichnungen sp\u00e4t im Jahr 2011. David Cole vom <i>Nine Eleven Accountability Team<\/i> entdeckte im Februar 2012, dass die Werkstattzeichnung Nr. 9114 von Frankel Fabrication Verst\u00e4rkungen f\u00fcr einen Tr\u00e4ger, der angeblich geknickt ist, zeigte. Die volle Bedeutung der Entdeckung von Versteifungen, die im NIST-Report fehlen, wurde erstmals von Maschinenbauingenieur <a href=\"https:\/\/www.consensus911.org\/de\/panel-members-de\/#SZAMBOTI\">Tony Szamboti<\/a> erkannt.\n<\/div>\n<\/td>\n<\/tr>\n<tr>\n<td class=\"ref_nrs\">\n<div class=\"refnrs\"><a name=\"N_3\" href=\"#R_3\">[3]<\/a><\/div>\n<\/td>\n<td class=\"ref_txt\">\n<div class=\"rtxt-de\">\nDer NIST-Bericht von 2008 identifizierte diesen Tr\u00e4ger nicht als A2001, eine Bezeichnung, die erst bekannt wurde, nachdem zwei <a href=\"https:\/\/de.wikipedia.org\/wiki\/Freedom_of_Information_Act\">FOIA<\/a> -Anfragen von Ron Brookman, FOIA 11-209 und 12-009, im November 2011 zur Ver\u00f6ffentlichung von Zeichnung E12\/13 von Frankel f\u00fchrten. Diese Zeichnung ist im Brief vom 12. Dezember 2013 von Staatsanwalt F. Pepper an den Generalinspekteur des US-Handelsministeriums enthalten: \u201e<a href=\"https:\/\/www.journalof911studies.com\/resources\/2014JanLetterPepper.pdf\">The NIST Report On the Collapse of WTC Building 7 Challenged by 2,100 Architects and Engineers<\/a> [etwa: Der NIST-Bericht von WTC&nbsp;7, der von 2100 Architekten und Ingenieuren angezweifelt wird]\u201c. Sie kann au\u00dferdem in einer von zwei ZIP-Dateien heruntergeladen werden, die in einem Artikel mit dem Titel \u201e<a href=\"http:\/\/www1.ae911truth.org\/en\/news-section\/41-articles\/611-wtc-7-blueprints-exposed-via-foia-request.html\">WTC&nbsp;7 Blueprints Exposed Via FOIA Request: Building Plans Allow for Deeper Analysis of Skyscraper\u2019s Destruction<\/a> [etwa: WTC&nbsp;7-Blaupausen, die per FOIA-Anfrage aufgedeckt wurden: Geb\u00e4udepl\u00e4ne erlauben die genauere Analyse der Zerst\u00f6rung des Wolkenkratzers]\u201c.\n<\/div>\n<\/td>\n<\/tr>\n<tr>\n<td class=\"ref_nrs\">\n<div class=\"refnrs\"><a name=\"N_4\" href=\"#R_4\">[4]<\/a><\/div>\n<\/td>\n<td class=\"ref_txt\">\n<div class=\"rtxt-de\">\nWilliam F. Pepper: \u201e<a href=\"https:\/\/www.journalof911studies.com\/resources\/2014JanLetterPepper.pdf\">The NIST Report On the Collapse of WTC Building 7 Challenged by 2,100 Architects and Engineers<\/a> [etwa: Der NIST-Bericht von WTC&nbsp;7, der von 2100 Architekten und Ingenieuren angezweifelt wird]\u201c, <i>Journal of 9\/11 Studies<\/i>, Januar 2014\n<\/div>\n<\/td>\n<\/tr>\n<tr>\n<td class=\"ref_nrs\">\n<div class=\"refnrs\"><a name=\"N_5\" href=\"#R_5\">[5]<\/a><\/div>\n<\/td>\n<td class=\"ref_txt\">\n<div class=\"rtxt-de\">\n<a href=\"https:\/\/www.journalof911studies.com\/resources\/2014JanLetterPepper.pdf\">Ibid.<\/a>, Abbildung 11, S.&nbsp;11\n<\/div>\n<\/td>\n<\/tr>\n<tr>\n<td class=\"ref_nrs\">\n<div class=\"refnrs\"><a name=\"N_6\" href=\"#R_6\">[6]<\/a><\/div>\n<\/td>\n<td class=\"ref_txt\">\n<div class=\"rtxt-de\">\n<a href=\"https:\/\/www.journalof911studies.com\/resources\/2014JanLetterPepper.pdf\">Ibid.<\/a>, Abbildungen 12-16, S.&nbsp;12-14\n<\/div>\n<\/td>\n<\/tr>\n<tr>\n<td class=\"ref_nrs\">\n<div class=\"refnrs\"><a name=\"N_7\" href=\"#R_7\">[7]<\/a><\/div>\n<\/td>\n<td class=\"ref_txt\">\n<div class=\"rtxt-de\">\nWilliam F. Pepper, hauptberuflich im internationalen Handelsrecht t\u00e4tig, ist Anwalt in Gro\u00dfbritannien und zugelassen in zahlreichen Gerichtsbezirken der USA. Er hat Regierungen im Nahen Osten, S\u00fcdamerika und Asien vertreten. Pepper, der mit Martin Luther King jr. befreundet war, vertrat die Familie King bei einem Zivilprozess wegen widerrechtlicher T\u00f6tung, den die Familie gewann. Er besch\u00e4ftigt sich intensiv mit Menschenrechts-Gesetzgebung und lehrte eine Zeit lang internationale Menschenrechte an der Oxford University.\n<\/div>\n<\/td>\n<\/tr>\n<tr>\n<td class=\"ref_nrs\">\n<div class=\"refnrs\"><a name=\"N_8\" href=\"#R_8\">[8]<\/a><\/div>\n<\/td>\n<td class=\"ref_txt\">\n<div class=\"rtxt-de\">\nWilliam F. Pepper: \u201e<a href=\"https:\/\/www.journalof911studies.com\/resources\/2014JanLetterPepper.pdf\">The NIST Report On the Collapse of WTC Building 7 Challenged by 2,100 Architects and Engineers<\/a> [etwa: Der NIST-Bericht von WTC&nbsp;7, der von 2.100 Architekten und Ingenieuren angezweifelt wird]\u201c, <i>Journal of 9\/11 Studies<\/i>, Januar 2014\n<\/div>\n<\/td>\n<\/tr>\n<\/table>\n<\/div>\n<p><!-- c9refs -->\n<\/div>\n<p><!-- c9text --><\/p>\n","protected":false},"excerpt":{"rendered":"<p>Punkt WTC7-5: World Trade Center Geb\u00e4ude&nbsp;7: Die Analyse von NIST<br \/>Punkt WTC7-5: \u00fcber den Beginn des Einsturzes ist ung\u00fcltig <\/p>\n<p class=\"c9np\"><a href=\"https:\/\/www.consensus911.org\/de\/point-wtc7-4-de\/\">&lt;&lt; Vorheriger Punkt<\/a>, <a href=\"https:\/\/www.consensus911.org\/de\/point-wtc7-6-de\/\">N\u00e4chster Punkt &gt;&gt;<\/a><\/p>\n<p> <a name=\"INTRO\"><\/a>Einleitung In seinem Bericht bez\u00fcglich WTC&nbsp;7 behauptet NIST (das National Institute of Standards and Technology, <a href=\"https:\/\/de.wikipedia.org\/wiki\/National_Institute_of_Standards_and_Technology\">Bundesbeh\u00f6rde f\u00fcr Standardisierung und Technologie<\/a>) dass, zum ersten Mal in [&#8230;]<\/p>\n","protected":false},"author":110,"featured_media":0,"parent":0,"menu_order":0,"comment_status":"closed","ping_status":"closed","template":"","meta":{"footnotes":""},"class_list":["post-9197","page","type-page","status-publish","hentry"],"jetpack_sharing_enabled":true,"_links":{"self":[{"href":"https:\/\/www.consensus911.org\/de\/wp-json\/wp\/v2\/pages\/9197","targetHints":{"allow":["GET"]}}],"collection":[{"href":"https:\/\/www.consensus911.org\/de\/wp-json\/wp\/v2\/pages"}],"about":[{"href":"https:\/\/www.consensus911.org\/de\/wp-json\/wp\/v2\/types\/page"}],"author":[{"embeddable":true,"href":"https:\/\/www.consensus911.org\/de\/wp-json\/wp\/v2\/users\/110"}],"replies":[{"embeddable":true,"href":"https:\/\/www.consensus911.org\/de\/wp-json\/wp\/v2\/comments?post=9197"}],"version-history":[{"count":5,"href":"https:\/\/www.consensus911.org\/de\/wp-json\/wp\/v2\/pages\/9197\/revisions"}],"predecessor-version":[{"id":20243,"href":"https:\/\/www.consensus911.org\/de\/wp-json\/wp\/v2\/pages\/9197\/revisions\/20243"}],"wp:attachment":[{"href":"https:\/\/www.consensus911.org\/de\/wp-json\/wp\/v2\/media?parent=9197"}],"curies":[{"name":"wp","href":"https:\/\/api.w.org\/{rel}","templated":true}]}}