{"id":9218,"date":"2014-10-13T03:10:06","date_gmt":"2014-10-13T10:10:06","guid":{"rendered":"http:\/\/www.consensus911.org\/?page_id=9218"},"modified":"2018-11-25T03:09:39","modified_gmt":"2018-11-25T11:09:39","slug":"point-flt-3-de","status":"publish","type":"page","link":"https:\/\/www.consensus911.org\/de\/point-flt-3-de\/","title":{"rendered":"Point Flt-3 (De)"},"content":{"rendered":"<h4 class=\"c9h4\">Punkt Flt-3: Waren Kidnapper f\u00fcr die Ver\u00e4nderungen an den Transpondern<br \/><span style=\"color: #ffffff\">Punkt Flt-3:<\/span> der 9\/11-Fl\u00fcge verantwortlich?<\/h4>\n<div class=\"c9text-de\">\n<p class=\"c9np\"><a href=\"https:\/\/www.consensus911.org\/de\/point-flt-2-de\/\">&lt;&lt; Vorheriger Punkt<\/a>, <a href=\"https:\/\/www.consensus911.org\/de\/point-flt-4-de\/\">N\u00e4chster Punkt &gt;&gt;<\/a><\/p>\n<div class=\"c9hdr\"><a name=\"INTRO\"><\/a>Einleitung<\/div>\n<div style=\"padding-left: 30px\">\n<p>Die <a href=\"https:\/\/de.wikipedia.org\/wiki\/9\/11-Kommission\">9\/11-Kommission<\/a> und die Medien haben die Idee akzeptiert, dass die vier Fl\u00fcge vom 11. September schwer zu verfolgen waren, weil die Kidnapper die <a href=\"https:\/\/de.wikipedia.org\/wiki\/Transponder#Flugfunktransponder\">Transponder<\/a>signale abgeschaltet oder ge\u00e4ndert hatten.<\/p>\n<p>Die offizielle Version stellte fest, dass die Radarinformation bei drei der vier Flugzeuge am 11. September verloren wurde, weil die Kidnapper, nachdem sie die Kontrolle \u00fcber die Cockpits ergriffen hatten, diese Transponder manuell abgeschaltet hatten, um eine Entdeckung und Abfangen durch die US-Luftabwehr zu vermeiden.<\/p>\n<p>Diese Schlussfolgerung scheint nur auf Indizienbeweisen zu beruhen \u2013 dem schlichten Verlust der Flugdaten an die Flugsicherung (Air Traffic Control, ATC).<\/p>\n<p>Bis zum heutigen Tag kann jedoch die manuelle Deaktivierung der Transponder von der ATC noch immer nicht verifiziert werden.<\/p>\n<\/div>\n<div class=\"c9hdr\"><a name=\"OFFICIAL\"><\/a>Die offizielle Darstellung<\/div>\n<div style=\"padding-left: 30px\">\n<p>Am Morgen des 11. September 2001 wurden die Fl\u00fcge American 11, American 77, United&nbsp;93 und United 175 an Bord von Kidnappern \u00fcbernommen, die in den Cockpits die <a href=\"https:\/\/de.wikipedia.org\/wiki\/Transponder#Flugfunktransponder\">Transponder<\/a> der ersten drei Flugzeuge ausschalteten und den vom Transponder \u00fcbermittelten Code bei Flug UA&nbsp;175 ver\u00e4nderten.&nbsp;<a name=\"R_1\" href=\"#N_1\">[1]<\/a><\/p>\n<p>Die 9\/11-Kommission erkl\u00e4rte:<\/p>\n<ul style=\"padding-left: 30px\">\n<li>\u201eAm 11.9. schalteten die Terroristen bei drei der vier gekidnappten Flugzeuge die Transponder aus. Mit ausgeschaltetem Transponder ist es m\u00f6glich, jedoch sehr viel schwieriger, ein Flugzeug durch seine prim\u00e4ren Radardaten zu verfolgen. Aber anders als bei Transponderdaten zeigen prim\u00e4re Radardaten nicht die Identit\u00e4t und die H\u00f6he des Flugzeugs. Die Fluglotsen in den Zentren verlassen sich so stark auf Transpondersignale, dass sie normalerweise keine prim\u00e4ren Radardaten auf ihren Radarbildschirmen anzeigen. Aber sie k\u00f6nnen die Konfiguration ihrer Bildschirme \u00e4ndern, um prim\u00e4re Radardaten sehen zu k\u00f6nnen. Sie taten dies am 11.9., als die Transpondersignale f\u00fcr drei der Flugzeuge verschwanden.\u201c&nbsp;<a name=\"R_2\" href=\"#N_2\">[2]<\/a>\n\t<\/li>\n<li>\u201eUm 8:21 schaltete American 11 seinen Transponder aus und reduzierte dadurch unverz\u00fcglich die verf\u00fcgbare Information \u00fcber das Flugzeug. Der Fluglotse meldete seinem Supervisor, dass er bef\u00fcrchtete, dass das Flugzeug in Schwierigkeiten sei, auch wenn keiner der beiden Kidnapping vermutete. Der Supervisor wies den Fluglotsen an, die Standardverfahren f\u00fcr die Behandlung eines \u201aFlugzeugs ohne Radio\u2018 zu befolgen.\u201c&nbsp;<a name=\"R_3\" href=\"#N_3\">[3]<\/a>\n\t<\/li>\n<li>\u201eDa die Kidnapper den Transponder des Flugzeugs ausgeschaltet hatten, verbrachte NEADS-Personal die n\u00e4chsten Minuten damit, ihre Radarbildschirme nach den prim\u00e4ren Radardaten abzusuchen. American 11 traf den North Tower um 8:46.\u201c&nbsp;<a name=\"R_4\" href=\"#N_4\">[4]<\/a>\n\t<\/li>\n<li>\u201eUm 8:51 bemerkte der Fluglotse die Transponder\u00e4nderung von United 175 und versuchte, das Flugzeug zu kontaktieren. Es gab keine Antwort.\u201c&nbsp;<a name=\"R_5\" href=\"#N_5\">[5]<\/a>\n\t<\/li>\n<li>\u201eUm 8:54 wich das Flugzeug [American 77] von dem ihm zugewiesenen Kurs in Richtung S\u00fcden ab. Zwei Minuten sp\u00e4ter wurde der Transponder abgeschaltet und sogar der prim\u00e4re Radarkontakt mit dem Flugzeug ging verloren.\u201c&nbsp;<a name=\"R_6\" href=\"#N_6\">[6]<\/a>\n\t<\/li>\n<li>\u201eDie Unm\u00f6glichkeit, prim\u00e4re Radardaten f\u00fcr American 77 zu finden, lie\u00df uns dieses Problem weiter untersuchen. Radarrekonstruktionen, die nach dem 11.9. durchgef\u00fchrt wurden, zeigen, dass FAA-Radareinrichtungen den Flug ab dem Moment erfassten, als sein Transponder um 8:56 abgeschaltet wurde.\u201c&nbsp;<a name=\"R_7\" href=\"#N_7\">[7]<\/a>\n\t<\/li>\n<li>\u201eAuf American 11 wurde das Transpondersignal um 8:21 abgeschaltet, auf United 175 wurde der Code um 8:47 ge\u00e4ndert, auf American 77 wurde das Signal um 8:56 abgeschaltet und auf United&nbsp;93 erlosch das Signal um 9:41.\u201c&nbsp;<a name=\"R_8\" href=\"#N_8\">[8]<\/a>\n\t<\/li>\n<\/ul>\n<\/div>\n<div class=\"c9hdr\"><a name=\"EVIDENCE\"><\/a>Die \u201e<a href=\"https:\/\/www.consensus911.org\/de\/what-is-the-best-evidence-de\/#DBB\">Besten Beweise<\/a>\u201c<\/div>\n<div style=\"padding-left: 30px\">\n<p>Das nachfolgende Beweismaterial zeigt, dass die \u00c4nderungen an der \u00dcbermittlung der <a href=\"https:\/\/de.wikipedia.org\/wiki\/Transponder#Flugfunktransponder\">Transponder<\/a>daten am 11.9. nicht notwendigerweise von den Kidnappern verursacht wurden:<\/p>\n<ul style=\"padding-left: 30px\">\n<li><a href=\"https:\/\/de.wikipedia.org\/wiki\/9\/11-Kommission\"><i>9\/11-Kommissionsbericht<\/i><\/a> bietet keine Belege daf\u00fcr, dass die Kidnapper manuell die drei Transponder deaktiviert haben, um den Verlust der ATC-Daten zu verursachen.\n\t<\/li>\n<li>Die 9\/11-Flugstudien des National Transportation Safety Board (NTSB) und der Federal Aviation Authority (FAA) geben keinen Hinweis, der sich damit befasst, warum die Signale f\u00fcr diese Fl\u00fcge verloren wurden.\n\t<\/li>\n<li>Die Transponderaktivit\u00e4t geh\u00f6ren nicht zu den Pflichtparametern des Flugdatenrekorders und kann daher nicht durch FDR-Aufzeichnungen ermittelt werden.&nbsp;<a name=\"R_9\" href=\"#N_9\">[9]<\/a>\n\t<\/li>\n<li>Eine Reportage des Christian Science Monitor aus dem Jahr 2001 dar\u00fcber, wie der Transponder von Flug&nbsp;11 ausgeschaltet wurde, war spekulativ:\n<p style=\"padding-left: 30px\">\u201eDer Transponder von Flug&nbsp;11 hatte aufgeh\u00f6rt, zu arbeiten. Er sandte keine Radarpulse mehr &#8230; Noch hofften die Fluglotsen, dass das Flugzeug lediglich ein elektrisches Problem hatte &#8230; Der Fluglotse spekuliert, dass der Kidnapper den Transponder des Flugzeugs bewusst deaktiviert haben k\u00f6nnte &#8230; \u201c&nbsp;<a name=\"R_10\" href=\"#N_10\">[10]<\/a><\/p>\n<\/li>\n<li>Beim Verschwinden des Flugs MH 370 der <a href=\"https:\/\/de.wikipedia.org\/wiki\/Malaysia_Airlines\">Malaysia Airlines<\/a> \u00fcbersahen Zeitungsberichte, was ein deutlicher Beweis gewesen w\u00e4re, falls es einen Nachweis zu manueller Deaktivierung gegeben h\u00e4tte. Zum Beispiel:\n<p style=\"padding-left: 30px\">\u201eKit Darby, ein langj\u00e4hriger Pilot, sagte am Dienstag, dass es nicht klar war, ob der Transponder absichtlich abgeschaltet wurde.\u201c&nbsp;<a name=\"R_11\" href=\"#N_11\">[11]<\/a><\/p>\n<\/li>\n<\/ul>\n<\/div>\n<div class=\"c9hdr\"><a name=\"CONCLUSION\"><\/a>Fazit<\/div>\n<div style=\"padding-left: 30px\">\n<p>Es wurde kein gutes Beweismaterial vorgelegt, um die offizielle Behauptung, dass die Entf\u00fchrer die <a href=\"https:\/\/de.wikipedia.org\/wiki\/Transponder#Flugfunktransponder\">Transponder<\/a> der 9\/11-Fl\u00fcge manuell abgeschaltet oder verstellt h\u00e4tten, zu belegen.<\/p>\n<p>Stattdessen gibt es ein Spektrum an Beweisen, die Zweifel daran aufwerfen, ob die Entf\u00fchrer wirklich an Bord der Flugzeuge waren.&nbsp;<a name=\"R_12\" href=\"#N_12\">[12]<\/a><\/p>\n<p>Demzufolge sollten die Behauptungen \u00fcber die Transponder nicht als zus\u00e4tzliche Belege f\u00fcr die angeblichen \u00dcbernahmen durch die Beschuldigten verwendet werden, oder gar als Beweise f\u00fcr ihre Anwesenheit in den Cockpits dieser Flugzeuge.<\/p>\n<\/div>\n<p class=\"c9np\"><a href=\"https:\/\/www.consensus911.org\/de\/point-flt-2-de\/\">&lt;&lt; Vorheriger Punkt<\/a>, <a href=\"https:\/\/www.consensus911.org\/de\/point-flt-4-de\/\">N\u00e4chster Punkt &gt;&gt;<\/a><\/p>\n<div class=\"c9hdr\"><a name=\"REFS\"><\/a>Quellenangaben f\u00fcr Punkt Flt-3<\/div>\n<div class=\"c9refs\">\n<table class=\"ref_tbl\">\n<tr>\n<td class=\"ref_nrs\">\n<div class=\"refnrs\"><a name=\"N_1\" href=\"#R_1\">[1]<\/a><\/div>\n<\/td>\n<td class=\"ref_txt\">\n<div class=\"rtxt-de\">\n<a href=\"https:\/\/911commission.gov\/report\/911Report.pdf\"><i>Der 9\/11-Kommissionsbericht<\/i><\/a>, Juli 2004, Kapitel 1\n<\/div>\n<\/td>\n<\/tr>\n<tr>\n<td class=\"ref_nrs\">\n<div class=\"refnrs\"><a name=\"N_2\" href=\"#R_2\">[2]<\/a><\/div>\n<\/td>\n<td class=\"ref_txt\">\n<div class=\"rtxt-de\">\n<a href=\"https:\/\/911commission.gov\/report\/911Report.pdf\"><i>Der 9\/11-Kommissionsbericht<\/i><\/a>, Juli 2004, S.&nbsp;16 (pdf-S.&nbsp;33)\n<\/div>\n<\/td>\n<\/tr>\n<tr>\n<td class=\"ref_nrs\">\n<div class=\"refnrs\"><a name=\"N_3\" href=\"#R_3\">[3]<\/a><\/div>\n<\/td>\n<td class=\"ref_txt\">\n<div class=\"rtxt-de\">\n<a href=\"https:\/\/911commission.gov\/report\/911Report.pdf\"><i>Der 9\/11-Kommissionsbericht<\/i><\/a>, Juli 2004, S.&nbsp;18 (pdf-S.&nbsp;35)\n<\/div>\n<\/td>\n<\/tr>\n<tr>\n<td class=\"ref_nrs\">\n<div class=\"refnrs\"><a name=\"N_4\" href=\"#R_4\">[4]<\/a><\/div>\n<\/td>\n<td class=\"ref_txt\">\n<div class=\"rtxt-de\">\n<a href=\"https:\/\/911commission.gov\/report\/911Report.pdf\"><i>Der 9\/11-Kommissionsbericht<\/i><\/a>, Juli 2004, S.&nbsp;20 (pdf-S.&nbsp;37)\n<\/div>\n<\/td>\n<\/tr>\n<tr>\n<td class=\"ref_nrs\">\n<div class=\"refnrs\"><a name=\"N_5\" href=\"#R_5\">[5]<\/a><\/div>\n<\/td>\n<td class=\"ref_txt\">\n<div class=\"rtxt-de\">\n<a href=\"https:\/\/911commission.gov\/report\/911Report.pdf\"><i>Der 9\/11-Kommissionsbericht<\/i><\/a>, Juli 2004, S.&nbsp;21 (pdf-S.&nbsp;38)\n<\/div>\n<\/td>\n<\/tr>\n<tr>\n<td class=\"ref_nrs\">\n<div class=\"refnrs\"><a name=\"N_6\" href=\"#R_6\">[6]<\/a><\/div>\n<\/td>\n<td class=\"ref_txt\">\n<div class=\"rtxt-de\">\n<a href=\"https:\/\/911commission.gov\/report\/911Report.pdf\"><i>Der 9\/11-Kommissionsbericht<\/i><\/a>, Juli 2004, S.&nbsp;9 (pdf-S.&nbsp;26)\n<\/div>\n<\/td>\n<\/tr>\n<tr>\n<td class=\"ref_nrs\">\n<div class=\"refnrs\"><a name=\"N_7\" href=\"#R_7\">[7]<\/a><\/div>\n<\/td>\n<td class=\"ref_txt\">\n<div class=\"rtxt-de\">\n<a href=\"https:\/\/911commission.gov\/report\/911Report.pdf\"><i>Der 9\/11-Kommissionsbericht<\/i><\/a>, Juli 2004, S.&nbsp;25 (pdf-S.&nbsp;42)\n<\/div>\n<\/td>\n<\/tr>\n<tr>\n<td class=\"ref_nrs\">\n<div class=\"refnrs\"><a name=\"N_8\" href=\"#R_8\">[8]<\/a><\/div>\n<\/td>\n<td class=\"ref_txt\">\n<div class=\"rtxt-de\">\n<a href=\"https:\/\/911commission.gov\/report\/911Report.pdf\"><i>Der 9\/11-Kommissionsbericht<\/i><\/a>, Juli 2004, note 54, S.&nbsp;454 (pdf-S.&nbsp;471)\n<\/div>\n<\/td>\n<\/tr>\n<tr>\n<td class=\"ref_nrs\">\n<div class=\"refnrs\"><a name=\"N_9\" href=\"#R_9\">[9]<\/a><\/div>\n<\/td>\n<td class=\"ref_txt\">\n<div class=\"rtxt-de\">\n<i>RisingUp aviation<\/i>: \u201e<a href=\"https:\/\/www.risingup.com\/fars\/info\/part135-152-FAR.shtml\">Federal Aviation Regulations. Sec. 135.152 \u2013 Flight Data Recorders<\/a>\u201c (zeigt \u00c4nderungen f\u00fcr 1988 bis 2009)\n<\/div>\n<\/td>\n<\/tr>\n<tr>\n<td class=\"ref_nrs\">\n<div class=\"refnrs\"><a name=\"N_10\" href=\"#R_10\">[10]<\/a><\/div>\n<\/td>\n<td class=\"ref_txt\">\n<div class=\"rtxt-de\">\nMark Clayton: \u201e<a href=\"https:\/\/www.csmonitor.com\/2001\/0913\/p1s2-usju.html\">Controllers&#8216; tale of Flight 11<\/a> (Bericht des Fluglosten \u00fcber Flug&nbsp;11\u201c, <i>The Christian Science Monitor<\/i>, 13. September 2001\n<\/div>\n<\/td>\n<\/tr>\n<tr>\n<td class=\"ref_nrs\">\n<div class=\"refnrs\"><a name=\"N_11\" href=\"#R_11\">[11]<\/a><\/div>\n<\/td>\n<td class=\"ref_txt\">\n<div class=\"rtxt-de\">\nTom Watkins und Steve Almasy: \u201e<a href=\"https:\/\/edition.cnn.com\/2014\/03\/12\/world\/asia\/malaysia-airlines-transponder\/index.html\">Transponder&#8217;s fate may prove key to solving Malaysia Airlines puzzle<\/a> [etwa: Schicksal des Transponders k\u00f6nnte sich als Schl\u00fcssel zur L\u00f6sung des Malaysia Airlines-R\u00e4tsels herausstellen]\u201c, <i>CNN World<\/i>, 13. M\u00e4rz 2014\n<\/div>\n<\/td>\n<\/tr>\n<tr>\n<td class=\"ref_nrs\">\n<div class=\"refnrs\"><a name=\"N_12\" href=\"#R_12\">[12]<\/a><\/div>\n<\/td>\n<td class=\"ref_txt\">\n<div class=\"rtxt-de\">\nSiehe z.&nbsp;B. die Konsenspunkte <a href=\"\/de\/point-pent-3-de\/\"><i>Punkt Pent-3<\/i><\/a>: \u201eDie Behauptung, Hani Hanjour sei der Pilot von Flug&nbsp;77 gewesen\u201c; <a href=\"\/de\/point-flt-1-de\/\"><i>Punkt Flt-1<\/i><\/a>: \u201eEine Behauptung bez\u00fcglich der entf\u00fchrten Passagiermaschinen\u201c; <a href=\"\/de\/point-video-2-de\/\"><i>Punkt Video-2<\/i><\/a>: \u201eWar das Flughafen-Video der angeblichen Entf\u00fchrer von AA-77 echt? Analyse der offiziellen 9\/11-Beweisvideos\u201c; <a href=\"\/de\/point-pc-1-de\/\"><i>Punkt PC-1<\/i><\/a>: \u201eDie angeblichen Anrufe von Todd Beamer, Flug UA-93\u201c; <a href=\"\/de\/point-pc-2-de\/\"><i>Punkt PC-2<\/i><\/a>: \u201eDie gemeldeten Anrufe von Barbara Olson vom Flug AA-77\u201c.\n<\/div>\n<\/td>\n<\/tr>\n<\/table>\n<\/div>\n<p><!-- c9refs -->\n<\/div>\n<p><!-- c9text --><\/p>\n","protected":false},"excerpt":{"rendered":"<p>Punkt Flt-3: Waren Kidnapper f\u00fcr die Ver\u00e4nderungen an den Transpondern<br \/>Punkt Flt-3: der 9\/11-Fl\u00fcge verantwortlich? <\/p>\n<p class=\"c9np\"><a href=\"https:\/\/www.consensus911.org\/de\/point-flt-2-de\/\">&lt;&lt; Vorheriger Punkt<\/a>, <a href=\"https:\/\/www.consensus911.org\/de\/point-flt-4-de\/\">N\u00e4chster Punkt &gt;&gt;<\/a><\/p>\n<p> <a name=\"INTRO\"><\/a>Einleitung <\/p>\n<p>Die <a href=\"https:\/\/de.wikipedia.org\/wiki\/9\/11-Kommission\">9\/11-Kommission<\/a> und die Medien haben die Idee akzeptiert, dass die vier Fl\u00fcge vom 11. September schwer zu verfolgen waren, weil die Kidnapper die <a href=\"https:\/\/de.wikipedia.org\/wiki\/Transponder#Flugfunktransponder\">Transponder<\/a>signale abgeschaltet oder [&#8230;]<\/p>\n","protected":false},"author":110,"featured_media":0,"parent":0,"menu_order":0,"comment_status":"closed","ping_status":"closed","template":"","meta":{"footnotes":""},"class_list":["post-9218","page","type-page","status-publish","hentry"],"jetpack_sharing_enabled":true,"_links":{"self":[{"href":"https:\/\/www.consensus911.org\/de\/wp-json\/wp\/v2\/pages\/9218","targetHints":{"allow":["GET"]}}],"collection":[{"href":"https:\/\/www.consensus911.org\/de\/wp-json\/wp\/v2\/pages"}],"about":[{"href":"https:\/\/www.consensus911.org\/de\/wp-json\/wp\/v2\/types\/page"}],"author":[{"embeddable":true,"href":"https:\/\/www.consensus911.org\/de\/wp-json\/wp\/v2\/users\/110"}],"replies":[{"embeddable":true,"href":"https:\/\/www.consensus911.org\/de\/wp-json\/wp\/v2\/comments?post=9218"}],"version-history":[{"count":5,"href":"https:\/\/www.consensus911.org\/de\/wp-json\/wp\/v2\/pages\/9218\/revisions"}],"predecessor-version":[{"id":20526,"href":"https:\/\/www.consensus911.org\/de\/wp-json\/wp\/v2\/pages\/9218\/revisions\/20526"}],"wp:attachment":[{"href":"https:\/\/www.consensus911.org\/de\/wp-json\/wp\/v2\/media?parent=9218"}],"curies":[{"name":"wp","href":"https:\/\/api.w.org\/{rel}","templated":true}]}}