{"id":9229,"date":"2014-10-13T03:27:14","date_gmt":"2014-10-13T10:27:14","guid":{"rendered":"http:\/\/www.consensus911.org\/?page_id=9229"},"modified":"2017-12-08T09:55:55","modified_gmt":"2017-12-08T17:55:55","slug":"point-mc-3-de","status":"publish","type":"page","link":"https:\/\/www.consensus911.org\/de\/point-mc-3-de\/","title":{"rendered":"Point MC-3 (De)"},"content":{"rendered":"<h4 class=\"c9h4\">Punkt MC-3: Die Behauptung \u00fcber den Zeitpunkt des Eintreffens von<br \/><span style=\"color: #ffffff\">Punkt MC-3:<\/span> Dick Cheney im Bunker des Wei\u00dfen Hauses<\/h4>\n<div class=\"c9text-de\">\n<p class=\"c9np\"><a href=\"https:\/\/www.consensus911.org\/de\/point-mc-2-de\/\">&lt;&lt; Vorheriger Punkt<\/a>, <a href=\"https:\/\/www.consensus911.org\/de\/point-mc-4-de\/\">N\u00e4chster Punkt &gt;&gt;<\/a><\/p>\n<div class=\"c9hdr\"><a name=\"OFFICIAL\"><\/a>Die offizielle Version<\/div>\n<div style=\"padding-left: 30px\">Vizepr\u00e4sident Dick Cheney \u00fcbernahm die Verantwortung f\u00fcr die Gegenma\u00dfnahmen der Regierung auf die Angriffe, nachdem er das PEOC (<a href=\"https:\/\/de.wikipedia.org\/wiki\/Presidential_Emergency_Operations_Center\">Presidential Emergency Operations Center<\/a>, die Notfallkommandozentrale des Pr\u00e4sidenten), auch \u201eder Bunker\u201c genannt, betrat.<\/p>\n<p>Der <a href=\"https:\/\/de.wikipedia.org\/wiki\/9\/11-Kommission\"><i>9\/11-Kommissionsbericht<\/i><\/a> sagt aus,&nbsp;<a href=\"#N_1\" name=\"R_1\">[1]<\/a> dass Cheney das PEOC nicht bis kurz vor 10:00 Uhr vormittags betrat, was zumindest 20 Minuten nach dem Anschlag auf das Pentagon war, der mehr als 100 Personen in den Tod riss.\n<\/div>\n<div class=\"c9hdr\"><a name=\"EVIDENCE\"><\/a>Die \u201e<a href=\"https:\/\/www.consensus911.org\/de\/what-is-the-best-evidence-de\/#DBB\">Besten Beweise<\/a>\u201c<\/div>\n<div style=\"padding-left: 30px\">\n<p>Verkehrsminister Norman Mineta teilte der 9\/11-Kommission mit, dass er um etwa 9:20 Uhr vormittags auf Cheney und andere im Bunker traf und dort eine Konversation zwischen Cheney und einem jungen Mann verfolgte, und zwar zu der Zeit, als \u201edas Flugzeug auf das Pentagon zuflog\u201c.&nbsp;<a href=\"#N_2\" name=\"R_2\">[2]<\/a><\/p>\n<p>Nachdem der junge Mann zum dritten Mal berichtete, dass das Flugzeug immer n\u00e4her an das Pentagon herankam, und fragte, ob \u201edie Befehle noch immer aufrecht\u201c waren, bet\u00e4tigte Cheney das mit Nachdruck. <i>Der 9\/11-Kommissionsbericht<\/i>, der aussagt, dass Cheney das <a href=\"https:\/\/de.wikipedia.org\/wiki\/Presidential_Emergency_Operations_Center\">PEOC<\/a> erst lange nach Besch\u00e4digung des Pentagons betrat, impliziert, dass dieser Austausch zwischen Cheney und dem jungen Mann \u2013 den man nur als Best\u00e4tigung eines Befehls zum Nicht-Eingreifen interpretieren kann \u2013 nie geschehen sein soll.<\/p>\n<p>Allerdings existieren nicht nur Zeugenaussagen von Mineta, sondern auch von Richard Clarke&nbsp;<a href=\"#N_3\" name=\"R_3\">[3]<\/a> und dem Fotographen des Wei\u00dfen Hauses, David Bohrer,&nbsp;<a href=\"#N_4\" name=\"R_4\">[4]<\/a> die best\u00e4tigen, dass Dick Cheney schon um 9:20 Uhr im PEOC war. F\u00fcnf Tage nach 9\/11 sagte auch Cheney selbst in \u201e<a href=\"https:\/\/de.wikipedia.org\/wiki\/Meet_the_Press\">Meet the Press<\/a>\u201c, dass er das PEOC vor dem Anschlag auf das Pentagon betreten hatte.&nbsp;<a href=\"#N_5\" name=\"R_5\">[5]<\/a><\/p>\n<p>Die 9\/11-Kommission versucht also, den Austausch zwischen Cheney und dem jungen Mann zu vertuschen und unterstreicht somit die Wichtigkeit von Minetas Aussage \u00fcber diese Konversation.<\/p>\n<\/div>\n<p class=\"c9np\"><a href=\"https:\/\/www.consensus911.org\/de\/point-mc-2-de\/\">&lt;&lt; Vorheriger Punkt<\/a>, <a href=\"https:\/\/www.consensus911.org\/de\/point-mc-4-de\/\">N\u00e4chster Punkt &gt;&gt;<\/a><\/p>\n<div class=\"c9hdr\"><a name=\"REFS\"><\/a>Quellenangaben f\u00fcr Punkt MC-3<\/div>\n<div class=\"c9refs\">\n<table class=\"ref_tbl\">\n<tr>\n<td class=\"ref_nrs\">\n<div class=\"refnrs\"><a name=\"N_1\" href=\"#R_1\">[1]<\/a><\/div>\n<\/td>\n<td class=\"ref_txt\">\n<div class=\"rtxt-de\">\n<a href=\"https:\/\/911commission.gov\/report\/911Report.pdf\"><i>The 9\/11 Commission Report<\/i><\/a> (2004), Anmerkung 213, S.&nbsp;464 (pdf-S.&nbsp;481)\n<\/div>\n<\/td>\n<\/tr>\n<tr>\n<td class=\"ref_nrs\">\n<div class=\"refnrs\"><a name=\"N_2\" href=\"#R_2\">[2]<\/a><\/div>\n<\/td>\n<td class=\"ref_txt\">\n<div class=\"rtxt-de\">\n\u201e<a href=\"https:\/\/www.youtube.com\/watch?v=bDfdOwt2v3Y\">911 Commission &#8211; Trans. Sec Norman Mineta Testimony<\/a> [Aussage von Verkehrsminister Norman Mineta vor der 9\/11-Kommission]\u201c (<i>YouTube: derdy<\/i>)\n<\/div>\n<\/td>\n<\/tr>\n<tr>\n<td class=\"ref_nrs\">\n<div class=\"refnrs\"><a name=\"N_3\" href=\"#R_3\">[3]<\/a><\/div>\n<\/td>\n<td class=\"ref_txt\">\n<div class=\"rtxt-de\">\nRichard Clarke: \u201e<a href=\"http:\/\/www.amazon.de\/Against-All-Enemies-Inside-Americas\/dp\/0743268237\/\">Against all Enemies<\/a> [Gegen alle Feinde]\u201c, New York: Free Press, 2004, S.&nbsp;2-5\n<\/div>\n<\/td>\n<\/tr>\n<tr>\n<td class=\"ref_nrs\">\n<div class=\"refnrs\"><a name=\"N_4\" href=\"#R_4\">[4]<\/a><\/div>\n<\/td>\n<td class=\"ref_txt\">\n<div class=\"rtxt-de\">\nSiehe \u201e<a href=\"http:\/\/s3.amazonaws.com\/911timeline\/2002\/abcnews091102.html\">9\/11: Interviews by Peter Jennings<\/a>\u201c, <i>ABC News<\/i>, 11. September 2002\n<\/div>\n<\/td>\n<\/tr>\n<tr>\n<td class=\"ref_nrs\">\n<div class=\"refnrs\"><a name=\"N_5\" href=\"#R_5\">[5]<\/a><\/div>\n<\/td>\n<td class=\"ref_txt\">\n<div class=\"rtxt-de\">\n\u201e<a href=\"https:\/\/georgewbush-whitehouse.archives.gov\/vicepresident\/news-speeches\/speeches\/vp20010916.html\">The Vice President Appears on <i>Meet the Press<\/i> with Tim Russert<\/a>\u201c, <i>MSNBC<\/i>, 16. September 2001\n<\/div>\n<\/td>\n<\/tr>\n<\/table>\n<\/div>\n<p><!-- c9refs -->\n<\/div>\n<p><!-- c9text --><\/p>\n","protected":false},"excerpt":{"rendered":"<p>Punkt MC-3: Die Behauptung \u00fcber den Zeitpunkt des Eintreffens von<br \/>Punkt MC-3: Dick Cheney im Bunker des Wei\u00dfen Hauses <\/p>\n<p class=\"c9np\"><a href=\"https:\/\/www.consensus911.org\/de\/point-mc-2-de\/\">&lt;&lt; Vorheriger Punkt<\/a>, <a href=\"https:\/\/www.consensus911.org\/de\/point-mc-4-de\/\">N\u00e4chster Punkt &gt;&gt;<\/a><\/p>\n<p> <a name=\"OFFICIAL\"><\/a>Die offizielle Version Vizepr\u00e4sident Dick Cheney \u00fcbernahm die Verantwortung f\u00fcr die Gegenma\u00dfnahmen der Regierung auf die Angriffe, nachdem er das PEOC (<a href=\"https:\/\/de.wikipedia.org\/wiki\/Presidential_Emergency_Operations_Center\">Presidential Emergency Operations Center<\/a>, [&#8230;]<\/p>\n","protected":false},"author":110,"featured_media":0,"parent":0,"menu_order":124,"comment_status":"closed","ping_status":"closed","template":"","meta":{"footnotes":""},"class_list":["post-9229","page","type-page","status-publish","hentry"],"jetpack_sharing_enabled":true,"_links":{"self":[{"href":"https:\/\/www.consensus911.org\/de\/wp-json\/wp\/v2\/pages\/9229","targetHints":{"allow":["GET"]}}],"collection":[{"href":"https:\/\/www.consensus911.org\/de\/wp-json\/wp\/v2\/pages"}],"about":[{"href":"https:\/\/www.consensus911.org\/de\/wp-json\/wp\/v2\/types\/page"}],"author":[{"embeddable":true,"href":"https:\/\/www.consensus911.org\/de\/wp-json\/wp\/v2\/users\/110"}],"replies":[{"embeddable":true,"href":"https:\/\/www.consensus911.org\/de\/wp-json\/wp\/v2\/comments?post=9229"}],"version-history":[{"count":5,"href":"https:\/\/www.consensus911.org\/de\/wp-json\/wp\/v2\/pages\/9229\/revisions"}],"predecessor-version":[{"id":19250,"href":"https:\/\/www.consensus911.org\/de\/wp-json\/wp\/v2\/pages\/9229\/revisions\/19250"}],"wp:attachment":[{"href":"https:\/\/www.consensus911.org\/de\/wp-json\/wp\/v2\/media?parent=9229"}],"curies":[{"name":"wp","href":"https:\/\/api.w.org\/{rel}","templated":true}]}}