{"id":3462,"date":"2012-08-29T02:23:25","date_gmt":"2012-08-29T09:23:25","guid":{"rendered":"http:\/\/www.consensus911.org\/?page_id=3462"},"modified":"2015-08-17T23:22:35","modified_gmt":"2015-08-18T06:22:35","slug":"que-es-la-evidencia-revisada-sp","status":"publish","type":"page","link":"https:\/\/www.consensus911.org\/es\/que-es-la-evidencia-revisada-sp\/","title":{"rendered":"\u00bfQu\u00e9 es la Evidencia Revisada? (Sp)"},"content":{"rendered":"<div class=\"c9text-es\">\n<h4>\u00bfQu\u00e9 es la Evidencia Revisada?<\/h4>\n<p>&nbsp;<\/p>\n<p>Una distinci\u00f3n importante en el campo de la evidencia se da entre la evidencia circunstancial y la evidencia directa, o evidencia que sugiere la verdad y evidencia que prueba la verdad de manera directa. La Evidencia Revisada relacionada con el 11-S se funda en:<\/p>\n<ul style=\"padding-left: 30px\">\n<li>La opini\u00f3n de autoridades respetadas, basada en experiencia profesional, estudios descriptivos y reportes de comit\u00e9s de expertos..<\/li>\n<li>Datos emp\u00edricos como fotograf\u00edas, videos, testimonios ante la corte, reportes de testigos y comunicados hechos en base a la Ley de Libertad en la Informaci\u00f3n.<\/li>\n<li>Evidencia directa<\/li>\n<\/ul>\n<p>&nbsp;<\/p>\n<h4>La Pr\u00e1ctica de Estudios Basados en la Evidencia<\/h4>\n<p>&nbsp;<\/p>\n<p>Definimos la pr\u00e1ctica de estudios basados en la evidencia como el uso juicioso de la Evidencia Revisada para evaluar el tema a resolver. Esta pr\u00e1ctica implica la integraci\u00f3n del conocimiento profesional individual con la mejor evidencia documental y cient\u00edfica. Para integrar el conocimiento profesional con los Puntos de Consenso, el Panel utiliza una metodolog\u00eda Delphi simplificada. El m\u00e9todo Delphi suele utilizarse en contextos \u201cdonde la informaci\u00f3n publicada es inadecuada o inexistente\u201d, proveyendo as\u00ed \u201cun modo de aprovechar las conclusiones de los expertos calificados para posibilitar la toma de decisiones\u201d. El Panel de Consenso sobre el 11-S est\u00e1 dedicado a la utilizaci\u00f3n de la Evidencia Revisada disponible, en su b\u00fasqueda para aclarar los sucesos que afectaron al mundo el 11 de septiembre de 2001.<\/p>\n<p>&nbsp;<\/p>\n<h4>El alcance de la Evidencia Revisada para los prop\u00f3sitos del Panel de Consenso sobre el 11-S<\/h4>\n<p>&nbsp;<\/p>\n<p>El Panel utiliza el t\u00e9rmino Evidencia Revisada en un sentido muy espec\u00edfico con respecto a cualquier comunicado o declaraci\u00f3n espec\u00edfica de la historia oficial sobre el 11-S que el Panel discute. No significa que es la evidencia de m\u00e1s peso contra la historia oficial en general. Es simplemente la mejor evidencia hallada contra cada declaraci\u00f3n o comunicado particular que el Panel disputa. La Evidencia Revisada, tal como la utiliza el Panel de Consenso sobre el 11-S no es evidencia a favor de teor\u00edas alternativas sobre los hechos del 11-S.<\/p>\n<\/div>\n<p><!-- c9text --><\/p>\n","protected":false},"excerpt":{"rendered":"<p>\u00bfQu\u00e9 es la Evidencia Revisada? <\/p>\n<p>&nbsp;<\/p>\n<p>Una distinci\u00f3n importante en el campo de la evidencia se da entre la evidencia circunstancial y la evidencia directa, o evidencia que sugiere la verdad y evidencia que prueba la verdad de manera directa. La Evidencia Revisada relacionada con el 11-S se funda en:<\/p>\n<p> La opini\u00f3n de autoridades respetadas, [&#8230;]<\/p>\n","protected":false},"author":108,"featured_media":0,"parent":0,"menu_order":164,"comment_status":"closed","ping_status":"closed","template":"","meta":{"footnotes":""},"class_list":["post-3462","page","type-page","status-publish","hentry"],"jetpack_sharing_enabled":true,"_links":{"self":[{"href":"https:\/\/www.consensus911.org\/es\/wp-json\/wp\/v2\/pages\/3462","targetHints":{"allow":["GET"]}}],"collection":[{"href":"https:\/\/www.consensus911.org\/es\/wp-json\/wp\/v2\/pages"}],"about":[{"href":"https:\/\/www.consensus911.org\/es\/wp-json\/wp\/v2\/types\/page"}],"author":[{"embeddable":true,"href":"https:\/\/www.consensus911.org\/es\/wp-json\/wp\/v2\/users\/108"}],"replies":[{"embeddable":true,"href":"https:\/\/www.consensus911.org\/es\/wp-json\/wp\/v2\/comments?post=3462"}],"version-history":[{"count":5,"href":"https:\/\/www.consensus911.org\/es\/wp-json\/wp\/v2\/pages\/3462\/revisions"}],"predecessor-version":[{"id":14524,"href":"https:\/\/www.consensus911.org\/es\/wp-json\/wp\/v2\/pages\/3462\/revisions\/14524"}],"wp:attachment":[{"href":"https:\/\/www.consensus911.org\/es\/wp-json\/wp\/v2\/media?parent=3462"}],"curies":[{"name":"wp","href":"https:\/\/api.w.org\/{rel}","templated":true}]}}