{"id":3470,"date":"2012-08-29T02:54:17","date_gmt":"2012-08-29T09:54:17","guid":{"rendered":"http:\/\/www.consensus911.org\/?page_id=3470"},"modified":"2023-05-21T12:24:14","modified_gmt":"2023-05-21T19:24:14","slug":"contactos-para-los-medios-para-el-panel-de-consenso-911-sp","status":"publish","type":"page","link":"https:\/\/www.consensus911.org\/es\/contactos-para-los-medios-para-el-panel-de-consenso-911-sp\/","title":{"rendered":"Contactos para los Medios para el Panel de Consenso 9\/11 (Sp)"},"content":{"rendered":"<div class=\"c9text-es\">\n<h3>Contactos para los Medios para el Panel de Consenso 9\/11<\/h3>\n<p>&nbsp;<\/p>\n<p>Muy poca gente tiene una profunda experiencia en todos los aspectos de la evidencia sobre el 11-S que contradicen a la historia oficial. Por lo tanto, esta lista est\u00e1 organizada por especialidad y puede accederse a ella atrav\u00e9s de los siguientes encabezados:<\/p>\n<p><a name=\"Up\"><\/a><\/p>\n<div style=\"padding-left: 30px\">\n<p><a href=\"#Aeronautical_Engineering\">Ingenier\u00eda Aerona\u00fatica<\/a>; <a href=\"#Building_Collapses\">Colapso de Edificio<\/a>; <a href=\"#Journalism_Pol_Sci\">Periodismo y Ciencias Pol\u00edticas<\/a>; <a href=\"#General_Overview1\">Aspectos Generales (1)<\/a>; <a href=\"#General_Overview2\">(2)<\/a>; <a href=\"#General_Overview3\">(3)<\/a>; <a href=\"#Chemistry\">Aspectos Qu\u00edmicos<\/a>; <a href=\"#Psychology\">Psicolog\u00eda de la Negaci\u00f3n<\/a>; <a href=\"#Social\">Impactos Sociales y Culturales<\/a>; <a href=\"#Legal\">Aspectos Legales<\/a>; <a href=\"#Suppression\">Ocultamiento Institucional y Complicidad con el Poder<\/a>; <a href=\"#Information\">\u00c9tica y Din\u00e1mica; Abuso de Informaci\u00f3n Privilegiada Asociada con el 11-S<\/a>; <a href=\"#Witness\">Evidencia de Testigos Oculares<\/a><\/p>\n<\/div>\n<p>&nbsp;<\/p>\n<p><a name=\"Building_Collapses\"><\/a><br \/>\n<b>Especialidad: <a href=\"#Up\">Din\u00e1mica del Colapso de Edificios<\/a><\/b><\/p>\n<p style=\"padding-left: 60px\">Nombre: <a title=\"Panel Members\" href=\"\/es\/miembros-del-panel-de-consenso-911-sp\/#CHANDLER\">David Chandler<\/a>, F\u00edsica y Matem\u00e1ticas, EE.&nbsp;UU.<\/p>\n<p style=\"padding-left: 60px\">Correo electr\u00f3nico: <a href=\"mailto:davidschandler48@gmail.com\">davidschandler48@gmail.com<\/a><\/p>\n<p><a name=\"Aeronautical_Engineering\"><\/a><br \/>\n<b>Especialidad: <a href=\"#Up\">Ingenier\u00eda Aeron\u00fatica<\/a><\/b><\/p>\n<div style=\"padding-left: 60px\">\nNombre: <a title=\"Panel Members\" href=\"\/es\/miembros-del-panel-de-consenso-911-sp\/#DEETS\">Dwain Deets<\/a>, Ingeniero de la NASA, EE.&nbsp;UU.<\/p>\n<p>Correo electr\u00f3nico: <a href=\"mailto:dadeets@cox.net\">dadeets@cox.net<\/a><\/p>\n<\/div>\n<p><a name=\"General_Overview1\"><\/a><br \/>\n<b>Especialidad: <a href=\"#Up\">Aspectos Generales<\/a><\/b><\/p>\n<p style=\"padding-left: 60px\">Nombre: <a title=\"Panel Members\" href=\"\/es\/miembros-del-panel-de-consenso-911-sp\/#GRIFFIN\">Dr. David Ray Griffin<\/a>, autor de 10 libros sobre el 11-S; nominado en dos ocasiones al Premio Nobel de la Paz por este trabajo<\/p>\n<p style=\"padding-left: 60px\">Correo electr\u00f3nico: davraygrif@cox.net<\/p>\n<p><a name=\"Chemistry\"><\/a><br \/>\n<b>Especialidad: <a href=\"#Up\">La Qu\u00edmica del 11-S<\/a><\/b><\/p>\n<div style=\"padding-left: 60px\">\nNombre: <a title=\"Panel Members\" href=\"\/es\/miembros-del-panel-de-consenso-911-sp\/#HARRIT\">Dr. Niels Harrit<\/a>, Qu\u00edmico, Copenhague<\/p>\n<p>Nombre: (+45) 38 33 16 10 (terrestre); (+45) 61 26 99 33 (m\u00f3vil)<\/p>\n<p>Email: <a href=\"mailto:niels@harrit.dk\">niels@harrit.dk<\/a><\/p>\n<\/div>\n<p><a name=\"Witness\"><\/a><br \/>\n<b>Especialidad<\/b>: <a href=\"#Up\"><b>Evidencia de Testigos Oculares<\/b><\/a><\/p>\n<div style=\"padding-left: 60px\">\nNombre: <a title=\"Panel Members\" href=\"\/es\/miembros-del-panel-de-consenso-911-sp\/#MACQUEEN\">Dr. Graeme MacQueen<\/a>, Dundas, ON Canada; Prof. Emeritus, Peace Studies, McMaster University<\/p>\n<p>Correo electr\u00f3nico: dgmacqueen@gmail.com<\/p>\n<\/div>\n<p><a name=\"General_Overview2\"><\/a><br \/>\n<b>Especialidad: <a href=\"#Up\">Aspectos Generales<\/a><\/b><\/p>\n<p style=\"padding-left: 60px\">Nombre: <a title=\"Panel Members\" href=\"\/es\/miembros-del-panel-de-consenso-911-sp\/#MAZZUCCO\">Massimo Mazzucco<\/a>, Los Angeles, California. Realizador de 3 films sobre evidencia del 11-S<\/p>\n<p style=\"padding-left: 60px\">Correo electr\u00f3nico: <a href=\"mailto:maxmazzucco@aol.com\">maxmazzucco@aol.com<\/a><\/p>\n<p><a name=\"General_Overview3\"><\/a><br \/>\n<b>Especialidad: <a href=\"#Up\">Aspectos Generales<\/a><\/b><\/p>\n<p style=\"padding-left: 60px\">Nombre: <a title=\"Panel Members\" href=\"\/es\/miembros-del-panel-de-consenso-911-sp\/#MONAGHAN\">Aidan Monaghan<\/a>, US; degree in electronic engineering; familiar with general aspects and also technical aspects of the 9\/11 flights<\/p>\n<div style=\"color: grey; padding-left: 60px\">\nTel\u00e9fono: 702-768-0285<\/p>\n<p>Correo electr\u00f3nico: A_Monaghan@cox.net<\/p>\n<\/div>\n<p><a name=\"Psychology\"><\/a><br \/>\n<b>Especialidad: <a href=\"#Up\">Psicolog\u00eda de la negaci\u00f3n respecto de la evidencia sobre el 11-S<\/a><\/b><\/p>\n<p style=\"padding-left: 60px\">Nombre: <a title=\"Panel Members\" href=\"\/es\/miembros-del-panel-de-consenso-911-sp\/#SHURE\">Frances Shure<\/a>, Consejera en Psicolog\u00eda, EE.&nbsp;UU.<\/p>\n<p style=\"padding-left: 60px\">Tel\u00e9fono: 303-778-7511<\/p>\n<p style=\"padding-left: 60px\">Correo electr\u00f3nico: <a href=\"mailto:franshure@estreet.com\">franshure@estreet.com<\/a><\/p>\n<p><a name=\"Social\"><\/a><br \/>\n<b>Especialidad:<\/b> <b><a href=\"#Up\">Aspectos sociales y culturales de las acciones bajo falsa bandera<\/a><\/b><\/p>\n<p style=\"padding-left: 60px\">Nombre: <a title=\"Panel Members\" href=\"\/es\/miembros-del-panel-de-consenso-911-sp\/#SUNJATA\">Daniel Sunjata<\/a>, Actor, New York<\/p>\n<p style=\"padding-left: 60px\">Correo electr\u00f3nico: <a href=\"mailto:onesun7@gmail.com\">onesun7@gmail.com<\/a><\/p>\n<p><a name=\"Legal\"><\/a><br \/>\n<b>Especialidad<\/b>:<b><a href=\"#Up\">Leyes, Aspectos Legales del 11-S<\/a><\/b><\/p>\n<p style=\"padding-left: 60px\">Nombre: <a title=\"Panel Members\" href=\"\/es\/miembros-del-panel-de-consenso-911-sp\/#VEALE\">William Veale<\/a>, Abogado, EE.&nbsp;UU. (vocero legal para el panel de Consenso 9\/11)<\/p>\n<p style=\"padding-left: 60px\">Tel\u00e9fono: 925-212-3678 (m\u00f3vil)<\/p>\n<p style=\"padding-left: 60px\">Correo electr\u00f3nico: <a href=\"mailto:centerfor911justice@gmail.com\">centerfor911justice@gmail.com<\/a><\/p>\n<p><a name=\"Suppression\"><\/a><br \/>\n<b>Especialidad<\/b>: <a href=\"#Up\"><b>La Institucionalizaci\u00f3n de la Informaci\u00f3n; Complicidad con el poder en las ciencias sociales<\/b><\/a><\/p>\n<p style=\"padding-left: 60px\">Nombre: <a title=\"Panel Members\" href=\"\/es\/miembros-del-panel-de-consenso-911-sp\/#WITT\">Dr. Matthew T. Witt<\/a>, Profesor de Administraci\u00f3n P\u00fablica, EE.&nbsp;UU.<\/p>\n<p style=\"padding-left: 60px\">Tel\u00e9fono: 909-921-3176 (m\u00f3vil)<\/p>\n<p style=\"padding-left: 60px\">Correo electr\u00f3nico: <a href=\"mailto:wittmtetc@yahoo.com\">wittmtetc@yahoo.com<\/a>; <a href=\"mailto:mwitt@laverne.edu\">mwitt@laverne.edu<\/a><\/p>\n<p><a name=\"Information\"><\/a><br \/>\n<b>Especialidad: <a href=\"#Up\">Calidad de la Informaci\u00f3n, \u00c9tica y Din\u00e1mica<\/a><\/b><\/p>\n<p style=\"padding-left: 60px\">Nombre: <a title=\"Panel Members\" href=\"\/es\/miembros-del-panel-de-consenso-911-sp\/#WOODWORTH\">Elizabeth Woodworth<\/a>, Escritora, Bibliotecaria, Canad\u00e1<\/p>\n<p style=\"padding-left: 60px\">Tel\u00e9fono: 250-383-2417 (terrestre); 250-889-4559 (m\u00f3vil)<\/p>\n<p style=\"padding-left: 60px\">Correo electr\u00f3nico: <a href=\"mailto:emwoodworth@gmail.com\">emwoodworth@gmail.com<\/a><\/p>\n<\/div>\n<p><!-- c9text --><\/p>\n","protected":false},"excerpt":{"rendered":"<p>Contactos para los Medios para el Panel de Consenso 9\/11 <\/p>\n<p>&nbsp;<\/p>\n<p>Muy poca gente tiene una profunda experiencia en todos los aspectos de la evidencia sobre el 11-S que contradicen a la historia oficial. Por lo tanto, esta lista est\u00e1 organizada por especialidad y puede accederse a ella atrav\u00e9s de los siguientes encabezados:<\/p>\n<p><a name=\"Up\"><\/a><\/p>\n<p> [&#8230;]<\/p>\n","protected":false},"author":108,"featured_media":0,"parent":0,"menu_order":23,"comment_status":"closed","ping_status":"closed","template":"","meta":{"footnotes":""},"class_list":["post-3470","page","type-page","status-publish","hentry"],"jetpack_sharing_enabled":true,"_links":{"self":[{"href":"https:\/\/www.consensus911.org\/es\/wp-json\/wp\/v2\/pages\/3470","targetHints":{"allow":["GET"]}}],"collection":[{"href":"https:\/\/www.consensus911.org\/es\/wp-json\/wp\/v2\/pages"}],"about":[{"href":"https:\/\/www.consensus911.org\/es\/wp-json\/wp\/v2\/types\/page"}],"author":[{"embeddable":true,"href":"https:\/\/www.consensus911.org\/es\/wp-json\/wp\/v2\/users\/108"}],"replies":[{"embeddable":true,"href":"https:\/\/www.consensus911.org\/es\/wp-json\/wp\/v2\/comments?post=3470"}],"version-history":[{"count":5,"href":"https:\/\/www.consensus911.org\/es\/wp-json\/wp\/v2\/pages\/3470\/revisions"}],"predecessor-version":[{"id":21653,"href":"https:\/\/www.consensus911.org\/es\/wp-json\/wp\/v2\/pages\/3470\/revisions\/21653"}],"wp:attachment":[{"href":"https:\/\/www.consensus911.org\/es\/wp-json\/wp\/v2\/media?parent=3470"}],"curies":[{"name":"wp","href":"https:\/\/api.w.org\/{rel}","templated":true}]}}