{"id":3520,"date":"2012-08-29T06:36:32","date_gmt":"2012-08-29T13:36:32","guid":{"rendered":"http:\/\/www.consensus911.org\/?page_id=3520"},"modified":"2017-01-25T13:18:53","modified_gmt":"2017-01-25T21:18:53","slug":"punto-g-2-sp","status":"publish","type":"page","link":"https:\/\/www.consensus911.org\/es\/punto-g-2-sp\/","title":{"rendered":"Punto G-2 (Sp)"},"content":{"rendered":"<h4 class=\"c9h4\">Punto G-2: Comunicado negando la existencia de abuso de informaci\u00f3n<br \/><span style=\"color: #ffffff\">Punto G-2:<\/span> privilegiada en las opciones de venta antes del 11 de setiembre<\/h4>\n<div class=\"c9text-es\">\n<p class=\"c9np\"><a href=\"https:\/\/www.consensus911.org\/es\/punto-g-1-sp\/\">&lt;&lt; Punto anterior<\/a>, <a href=\"https:\/\/www.consensus911.org\/es\/punto-tt-1-sp\/\">Siguiente punto &gt;&gt;<\/a><\/p>\n<div class=\"c9hdr\"><a name=\"INTRO\"><\/a>Introducci\u00f3n<\/div>\n<p style=\"padding-left: 30px\">Al mes del 11-S, circularon difundidos comentarios en la prensa acerca de personas que hab\u00edan tenido enormes ganancias debido al conocimiento previo de los ataques.&nbsp;<a name=\"R_1\" href=\"#N_1\">[1]<\/a><\/p>\n<p><a name=\"OFFICIAL\"><\/a><\/p>\n<div class=\"c9hdr\">La Versi\u00f3n Oficial<\/div>\n<p style=\"padding-left: 30px\">En 2004, el Reporte de la Comisi\u00f3n del 11-S, escribi\u00f3: Hubo \u201cacusaciones ampliamente publicitadas sobre compra y venta ilegal de acciones en base a informaci\u00f3n interna privilegiada con anticipaci\u00f3n al 11-S\u201d, y se encontraron \u201calgunas operaciones inusuales\u201d con respecto a las \u201copciones de venta \u2013 inversiones que valen la pena s\u00f3lo cuando una acci\u00f3n baja de precio\u201d.&nbsp;<a name=\"R_2\" href=\"#N_2\">[2]<\/a> Sin embargo, la Comisi\u00f3n dijo que: \u201cInvestigaciones exhaustivas llevadas a cabo por la Comisi\u00f3n de Bonos y Comercio, el FBI y otras agencias no descubrieron evidencia de que alguien con conocimiento previo haya obtenido ganancias a trav\u00e9s de transacciones de bonos.\u201d&nbsp;<a name=\"R_3\" href=\"#N_3\">[3]<\/a><br \/>\nPor ejemplo, \u201cLos vol\u00famenes de opciones de venta &#8230; sufrieron un repentino aumento en el grupo empresarial de United Airlines el 6 de setiembre y de American Airlines el 10 de setiembre\u201d, \u201cesto es a primera vista, comercio altamente sospechoso\u201d. Sin embargo, \u201cinvestigaciones posteriores, revelaron que tales transacciones no ten\u00edan ninguna conexi\u00f3n con el 11-S. Un solo inversor institucional de EE.&nbsp;UU., sin lazos con al-Qaeda concebibles, compr\u00f3 el 95% de las opciones de venta de la UAL Corporation el 6 de setiembre como parte de una estrategia de comercio que tambi\u00e9n inclu\u00eda la compra de 115,000 acciones de American Airlines el 10 de setiembre.\u201d&nbsp;<a name=\"R_4\" href=\"#N_4\">[4]<\/a><\/p>\n<div class=\"c9hdr\"><a name=\"EVIDENCE\"><\/a>La Evidencia Revisada<\/div>\n<p style=\"padding-left: 30px\">Hay tres razones para rechazar las afirmaciones de la Comisi\u00f3n del 11-S que refutan la creencia de que enormes ganancias fueron obtenidas a trav\u00e9s del conocimiento de antemano sobre los ataques del 11-S. <\/p>\n<p style=\"padding-left: 30px\">Primera, la Comisi\u00f3n del 11-S no demostr\u00f3 la ausencia de abuso de informaci\u00f3n privilegiada basada en un conocimiento previo de los eventos del 11-S, s\u00f3lo se limit\u00f3 a afirmarla. <\/p>\n<p style=\"padding-left: 30px\">Segunda, la Comisi\u00f3n utiliza un argumento circular con respecto a United Airlines: al decir que la mayor\u00eda de las opciones de venta de United Airlines fueron compradas por un inversor \u201csin lazos con al-Qaeda concebibles\u201d, la Comisi\u00f3n simplemente asumi\u00f3 que el 11-S fue planeado y ejecutado exclusivamente por al-Qaeda y que nadie m\u00e1s ten\u00eda conocimiento previo de los ataques. <\/p>\n<p style=\"padding-left: 30px\">Tercera, los Econometristas &#8211; que utilizan an\u00e1lisis estad\u00edsticos para producir resultados objetivos en la econom\u00eda \u2013 han publicado estudios mostrando movimientos comerciales inusuales justo antes del 11-S que aseguraron importantes ganancias, revelando as\u00ed grandes probabilidades de abuso de informaci\u00f3n privilegiada.<\/p>\n<ul style=\"padding-left: 60px\">\n<li>Por ejemplo, un an\u00e1lisis de la compra de opciones de venta de United y American Airlines entre el 5 y 10 de setiembre de 2001, llevado a cabo por un profesor de finanzas de la Universidad de Illinois y publicado en una revista bien arraigada concluy\u00f3 que la evidencia era \u201cconsistente con una transacci\u00f3n previa a los ataques del 11 de setiembre por los terroristas o sus asociados.\u201d&nbsp;<a name=\"R_5\" href=\"#N_5\">[5]<\/a><\/li>\n<li>Otro estudio econom\u00e9trico publicado en un peri\u00f3dico muy respetado concluy\u00f3 que \u201clos vol\u00famenes de comercio inusuales &#8230; proveen evidencia circunstancial cre\u00edble que sustenta la versi\u00f3n del abuso de informaci\u00f3n privilegiada.\u201d&nbsp;<a name=\"R_6\" href=\"#N_6\">[6]<\/a><\/li>\n<li>A Un estudio m\u00e1s exhaustivo, realizado por profesores del Instituto Suizo de Finanzas y el Instituto Bancario de Suiza,&nbsp;<a name=\"R_7\" href=\"#N_7\">[7]<\/a> muestra que 15 millones de d\u00f3lares fueron obtenidos presumiblemente a trav\u00e9s del abuso de informaci\u00f3n privilegiada para las opciones de venta de las acciones de Boeing, Merrill Lynch, J.P. Morgan, Citigroup, y el Bank of America.&nbsp;<a name=\"R_8\" href=\"#N_8\">[8]<\/a><\/li>\n<\/ul>\n<p style=\"padding-left: 30px\">Estas investigaciones econ\u00f3micas, que aparecieron en 2006, 2010 y 2011, no han sido refutadas por ning\u00fan pronunciamiento gubernamental o profesional. <\/p>\n<p class=\"c9np\"><a href=\"https:\/\/www.consensus911.org\/es\/punto-g-1-sp\/\">&lt;&lt; Punto anterior<\/a>, <a href=\"https:\/\/www.consensus911.org\/es\/punto-tt-1-sp\/\">Siguiente punto &gt;&gt;<\/a><\/p>\n<p><a name=\"REFS\"><\/a><\/p>\n<div class=\"c9hdr\">Referencias para el Punto G-2<\/div>\n<div class=\"c9refs\">\n<table class=\"ref_tbl\">\n<tr>\n<td class=\"ref_nrs\">\n<div class=\"refnrs\"><a name=\"N_1\" href=\"#R_1\">[1]<\/a><\/div>\n<\/td>\n<td class=\"ref_txt\">\n<div class=\"rtxt-es\">\nPor ejemplo, luego de una semana del 11-S la BBC declar\u00f3: \u201cEl guardi\u00e1n de la ciudad, la Autoridad de Servicios Financieros, lanz\u00f3 una investigaci\u00f3n sobre el movimiento inusual de acciones en Londres, antes de las atrocidades de la semana pasada. El London Times reporta que las autoridades estadounidenses estaban investigando un gran n\u00famero de ventas de acciones en aerol\u00edneas y compa\u00f1\u00edas de seguros. Se dice que hay sospechas de que las acciones fueron vendidas por personas que sab\u00edan sobre los ataques inminentes\u201d (\u201c<a href=\"http:\/\/news.bbc.co.uk\/2\/hi\/uk_news\/1549909.stm\"><i>Papers Salute New York Stock Exchange<\/i><\/a>\u201d, <i>BBC News<\/i>, Tuesday 18 setiembre, 2001).\n<\/div>\n<\/td>\n<\/tr>\n<tr>\n<td class=\"ref_nrs\">\n<div class=\"refnrs\"><a name=\"N_2\" href=\"#R_2\">[2]<\/a><\/div>\n<\/td>\n<td class=\"ref_txt\">\n<div class=\"rtxt-es\">\nReporte de la Comisi\u00f3n del 11-S, 499 n. 130.\n<\/div>\n<\/td>\n<\/tr>\n<tr>\n<td class=\"ref_nrs\">\n<div class=\"refnrs\"><a name=\"N_3\" href=\"#R_3\">[3]<\/a><\/div>\n<\/td>\n<td class=\"ref_txt\">\n<div class=\"rtxt-es\">\nIbid., 172.\n<\/div>\n<\/td>\n<\/tr>\n<tr>\n<td class=\"ref_nrs\">\n<div class=\"refnrs\"><a name=\"N_4\" href=\"#R_4\">[4]<\/a><\/div>\n<\/td>\n<td class=\"ref_txt\">\n<div class=\"rtxt-es\">\nIbid., 499, n. 130.\n<\/div>\n<\/td>\n<\/tr>\n<tr>\n<td class=\"ref_nrs\">\n<div class=\"refnrs\"><a name=\"N_5\" href=\"#R_5\">[5]<\/a><\/div>\n<\/td>\n<td class=\"ref_txt\">\n<div class=\"rtxt-es\">\nAllen M. Poteshman, \u201c<a href=\"http:\/\/www.jstor.org\/stable\/pdf\/10.1086\/503645.pdf?acceptTC\">Unusual Option Market Activity and the Terrorist Attacks of September 11, 2001<\/a>\u201d, <i>Journal of Business<\/i>, 79 (2006): 1703-26; (<a href=\"http:\/\/www.consensus911.org\/wp-content\/uploads\/2016\/03\/UnusualOptionMarketActivity.pdf\">backup de pdf<\/a>).\n<\/div>\n<\/td>\n<\/tr>\n<tr>\n<td class=\"ref_nrs\">\n<div class=\"refnrs\"><a name=\"N_6\" href=\"#R_6\">[6]<\/a><\/div>\n<\/td>\n<td class=\"ref_txt\">\n<div class=\"rtxt-es\">\nWing-Keung Wong, Howard E. Thompson, and Kweehong The, \u201c<a href=\"https:\/\/web.archive.org\/web\/20240503034842\/http:\/\/www.mfsociety.org\/images\/uploadFiles\/photos\/File\/V15N12p1.pdf\"><i>Was there Abnormal Trading in the S&amp;P 500 Index Options Prior to the September 11 Attacks<\/i>?<\/a>\u201d <i>Multinational Finance Journal<\/i> 15\/1-2 (2011): 1-46, at 43.\n<\/div>\n<\/td>\n<\/tr>\n<tr>\n<td class=\"ref_nrs\">\n<div class=\"refnrs\"><a name=\"N_7\" href=\"#R_7\">[7]<\/a><\/div>\n<\/td>\n<td class=\"ref_txt\">\n<div class=\"rtxt-es\">\nMarc Chesney, Remo Crameri, and Loriano Mancini, <a href=\"https:\/\/papers.ssrn.com\/sol3\/papers.cfm?abstract_id=1522157\">\u201cDetecting Informed Trading Activities in the Options Markets<\/a>\u201d, <i>Swiss Finance Institute Research Paper,<\/i> 7 September 2011.\n<\/div>\n<\/td>\n<\/tr>\n<tr>\n<td class=\"ref_nrs\">\n<div class=\"refnrs\"><a name=\"N_8\" href=\"#R_8\">[8]<\/a><\/div>\n<\/td>\n<td class=\"ref_txt\">\n<div class=\"rtxt-es\">\nVer Tabla 2 of Paul Zarembka, \u201c<a href=\"http:\/\/web.archive.org\/web\/20111010192749\/http:\/\/ithp.org\/articles\/septemberinsidertrading.html\">Evidence of Insider Trading Before September 11th Re-examined<\/a>\u201d, International Hearings on the Events of setiembre 11, 2001, 8-11 setiembre 2011, Ryerson University, Toronto.\n<\/div>\n<\/td>\n<\/tr>\n<\/table>\n<\/div>\n<p><!-- c9refs -->\n<\/div>\n<p><!-- c9text --><\/p>\n","protected":false},"excerpt":{"rendered":"<p>Punto G-2: Comunicado negando la existencia de abuso de informaci\u00f3n<br \/>Punto G-2: privilegiada en las opciones de venta antes del 11 de setiembre <\/p>\n<p class=\"c9np\"><a href=\"https:\/\/www.consensus911.org\/es\/punto-g-1-sp\/\">&lt;&lt; Punto anterior<\/a>, <a href=\"https:\/\/www.consensus911.org\/es\/punto-tt-1-sp\/\">Siguiente punto &gt;&gt;<\/a><\/p>\n<p> <a name=\"INTRO\"><\/a>Introducci\u00f3n <\/p>\n<p style=\"padding-left: 30px\">Al mes del 11-S, circularon difundidos comentarios en la prensa acerca de personas que hab\u00edan tenido enormes ganancias debido [&#8230;]<\/p>\n","protected":false},"author":108,"featured_media":0,"parent":0,"menu_order":120,"comment_status":"closed","ping_status":"closed","template":"","meta":{"footnotes":""},"class_list":["post-3520","page","type-page","status-publish","hentry"],"jetpack_sharing_enabled":true,"_links":{"self":[{"href":"https:\/\/www.consensus911.org\/es\/wp-json\/wp\/v2\/pages\/3520","targetHints":{"allow":["GET"]}}],"collection":[{"href":"https:\/\/www.consensus911.org\/es\/wp-json\/wp\/v2\/pages"}],"about":[{"href":"https:\/\/www.consensus911.org\/es\/wp-json\/wp\/v2\/types\/page"}],"author":[{"embeddable":true,"href":"https:\/\/www.consensus911.org\/es\/wp-json\/wp\/v2\/users\/108"}],"replies":[{"embeddable":true,"href":"https:\/\/www.consensus911.org\/es\/wp-json\/wp\/v2\/comments?post=3520"}],"version-history":[{"count":5,"href":"https:\/\/www.consensus911.org\/es\/wp-json\/wp\/v2\/pages\/3520\/revisions"}],"predecessor-version":[{"id":18367,"href":"https:\/\/www.consensus911.org\/es\/wp-json\/wp\/v2\/pages\/3520\/revisions\/18367"}],"wp:attachment":[{"href":"https:\/\/www.consensus911.org\/es\/wp-json\/wp\/v2\/media?parent=3520"}],"curies":[{"name":"wp","href":"https:\/\/api.w.org\/{rel}","templated":true}]}}