{"id":3529,"date":"2012-08-29T07:28:14","date_gmt":"2012-08-29T14:28:14","guid":{"rendered":"http:\/\/www.consensus911.org\/?page_id=3529"},"modified":"2018-04-23T14:24:40","modified_gmt":"2018-04-23T21:24:40","slug":"punto-mc-1-sp","status":"publish","type":"page","link":"https:\/\/www.consensus911.org\/es\/punto-mc-1-sp\/","title":{"rendered":"Punto MC-1 (Sp)"},"content":{"rendered":"<h4 class=\"c9h4\">Punto MC-1: \u00bfPorqu\u00e9 no se Llevaron al Presidente Bush<br \/><span style=\"padding-left: 180px\">del Colegio de Florida?<\/span><\/h4>\n<div class=\"c9text-es\">\n<p class=\"c9np\"><a href=\"https:\/\/www.consensus911.org\/es\/punto-flt-4-sp\/\">&lt;&lt; Punto anterior<\/a>, <a href=\"https:\/\/www.consensus911.org\/es\/punto-mc-2-sp\/\">Siguiente punto &gt;&gt;<\/a><\/p>\n<p><a name=\"INTRO\"><\/a><\/p>\n<div class=\"c9hdr\">\nIntroducci\u00f3n<\/div>\n<p style=\"padding-left: 30px\">En la ma\u00f1ana del 11 de setiembre del 2001, el Presidente Bush se encontraba en Sarasota, Florida, dispuesto a realizar una lectura con los chicos de una escuela primaria para una serie de fotograf\u00edas publicitarias.&nbsp;<a name=\"R_1\" href=\"#N_1\">[1]<\/a> <\/p>\n<p><a name=\"OFFICIAL\"><\/a><\/p>\n<div class=\"c9hdr\">\nLa Versi\u00f3n Oficial<\/div>\n<ul style=\"padding-left: 30px\">\n<li>Cuando el Presidente Bush lleg\u00f3, le dijeron a las 8:55 AM que un peque\u00f1o avi\u00f3n se hab\u00eda estrellado contra el World Trade Center. Bush coment\u00f3 que \u201cun avi\u00f3n comercial choc\u00f3 contra el World Trade Center y vamos a &#8230; realizar la lectura de todos modos\u201d.&nbsp;<a name=\"R_2\" href=\"#N_2\">[2]<\/a><\/li>\n<li>Mientras Bush estaba sentado en el aula, su jefe de personal, Andrew Card, lleg\u00f3 (alrededor de las 9:05)&nbsp;<a name=\"R_3\" href=\"#N_3\">[3]<\/a> y seg\u00fan se informa, susurr\u00f3 en el o\u00eddo del Presidente: \u201cUn segundo avi\u00f3n choc\u00f3 contra la segunda Torre. Am\u00e9rica est\u00e1 siendo atacada.\u201d&nbsp;<a name=\"R_4\" href=\"#N_4\">[4]<\/a><\/li>\n<li>Bush permaneci\u00f3 en el sal\u00f3n de clases por otros cinco a siete minutos,&nbsp;<a name=\"R_5\" href=\"#N_5\">[5]<\/a> luego hizo una declaraci\u00f3n a toda la naci\u00f3n desde la escuela y se retir\u00f3 de la misma alrededor de las 9:35.&nbsp;<a name=\"R_6\" href=\"#N_6\">[6]<\/a> <\/li>\n<li>El peri\u00f3dico St. Petersburg Times pregunt\u00f3 \u201cporque el Servicio Secreto no llev\u00f3 al Presidente Bush a un lugar seguro inmediatamente\u201d.&nbsp;<a name=\"R_7\" href=\"#N_7\">[7]<\/a> Asimismo, el Comit\u00e9 de Direcci\u00f3n de Familia \u2013que jug\u00f3 un papel decisivo en la creaci\u00f3n de la Comisi\u00f3n del 11-S \u2013 pregunt\u00f3: \u201c\u00bfPor qu\u00e9 el Servicio Secreto le permiti\u00f3 al Presidente Bush permanecer en la escuela primaria de Sarasota donde se encontraba ley\u00e9ndole a ni\u00f1os?\u201d&nbsp;<a name=\"R_8\" href=\"#N_8\">[8]<\/a><\/li>\n<li>La Comisi\u00f3n del 11-S explic\u00f3: \u201cEl Servicio Secreto nos dijo que si bien estaban impacientes por mover al Presidente a un lugar seguro, no consideraron imperativo que saliera corriendo por la puerta.\u201d&nbsp;<a name=\"R_9\" href=\"#N_9\">[9]<\/a><\/li>\n<\/ul>\n<p><a name=\"EVIDENCE\"><\/a><\/p>\n<div class=\"c9hdr\">\nLa Evidencia Revisada<\/div>\n<ul style=\"padding-left: 30px\">\n<li>El Servicio Secreto est\u00e1 a cargo de la protecci\u00f3n del Presidente. En un libro sobre el Servicio Secreto, Philip Melanson escribi\u00f3: \u201cCon el despliegue de un ataque terrorista, el procedimiento deber\u00eda haber consistido en llevar al Presidente al lugar seguro m\u00e1s cercano, lo m\u00e1s r\u00e1pido posible.\u201d&nbsp;<a name=\"R_10\" href=\"#N_10\">[10]<\/a>\n<\/li>\n<li>La visita presidencial fue muy promocionada y de hecho, un periodista escribi\u00f3 que \u201cla presencia de Bush hab\u00eda convertido &#8230; esa lectura en un posible objetivo\u201d, porque \u201c la enorme publicidad que tuvo el evento de la escuela aseguraba que la ubicaci\u00f3n de Bush ese d\u00eda no era ning\u00fan secreto\u201d.&nbsp;<a name=\"R_11\" href=\"#N_11\">[11]<\/a> Dado este hecho, y combinado con la evidencia de que varios aviones hab\u00edan sido secuestrados y los terroristas apuntaban a objetivos de valor elevado,&nbsp;<a name=\"R_12\" href=\"#N_12\">[12]<\/a> el Servicio Secreto deber\u00eda haber asumido que un avi\u00f3n comercial secuestrado podr\u00eda haber estado acerc\u00e1ndose a la escuela en ese preciso momento, por lo que el Presidente deber\u00eda haber sido removido del lugar inmediatamente. De hecho, apenas la segunda colisi\u00f3n en el World Trade Center se vio en televisi\u00f3n, el \u201cMarine\u201d que llevaba el tel\u00e9fono del Presidente le dijo a Bill Balkwill, Sheriff del Condado de Sarasota: \u201cNos vamos \u00bfPuedes asegurarte que est\u00e9n todos listos?\u201d&nbsp;<a name=\"R_13\" href=\"#N_13\">[13]<\/a><\/li>\n<li>Sin embargo, las instrucciones del \u201cMarine\u201d fueron ignoradas: La persona a la cabeza del Servicio Secreto permiti\u00f3 a Bush quedarse en la escuela por otros 30 minutos para completar su declaraci\u00f3n televisiva a la naci\u00f3n, previamente planeada a las 9:29, dejando as\u00ed saber a cualquier terrorista que el todav\u00eda se encontraba en la escuela.&nbsp;<a name=\"R_14\" href=\"#N_14\">[14]<\/a> Esta ruptura del protocolo indica que el Servicio Secreto, en alg\u00fan nivel, sab\u00eda que el Presidente no estaba en peligro.<\/li>\n<\/ul>\n<p class=\"c9np\"><a href=\"https:\/\/www.consensus911.org\/es\/punto-flt-4-sp\/\">&lt;&lt; Punto anterior<\/a>, <a href=\"https:\/\/www.consensus911.org\/es\/punto-mc-2-sp\/\">Siguiente punto &gt;&gt;<\/a><\/p>\n<div class=\"c9hdr\"><a name=\"REFS\"><\/a>Referencias para el Punto MC-1<\/div>\n<div class=\"c9refs\">\n<table class=\"ref_tbl\">\n<tr>\n<td class=\"ref_nrs\">\n<div class=\"refnrs\"><a name=\"N_1\" href=\"#R_1\">[1]<\/a><\/div>\n<\/td>\n<td class=\"ref_txt\">\n<div class=\"rtxt-es\">\n<a href=\"http:\/\/www.amazon.com\/11-Commission-Report-Terrorist-Authorized\/dp\/0393326713\/\"><i>The 9\/11 Commission Report<\/i>: Final Report of the National Commission on Terrorist Attacks Upon the United States<\/a> (W. W. Norton &amp; Company, 2004) 39; <a href=\"https:\/\/911commission.gov\/report\/911Report.pdf\"><i>The 9\/11 Commission Report,<\/i> (pdf)<\/a>, pdf-p.&nbsp;56\n<\/div>\n<\/td>\n<\/tr>\n<tr>\n<td class=\"ref_nrs\">\n<div class=\"refnrs\"><a name=\"N_2\" href=\"#R_2\">[2]<\/a><\/div>\n<\/td>\n<td class=\"ref_txt\">\n<div class=\"rtxt-es\">\nMitch Stacy, \u201c<a href=\"http:\/\/s3.amazonaws.com\/911timeline\/2002\/ap081902d.html\">Florida School Where Bush Learned of the Attacks Reflects on Its Role in History<\/a>\u201d, <i>Associated Press<\/i>, 19 agosto 2002.\n<\/div>\n<\/td>\n<\/tr>\n<tr>\n<td class=\"ref_nrs\">\n<div class=\"refnrs\"><a name=\"N_3\" href=\"#R_3\">[3]<\/a><\/div>\n<\/td>\n<td class=\"ref_txt\">\n<div class=\"rtxt-es\">\nSee <a href=\"https:\/\/911commission.gov\/report\/911Report.pdf\"><i>The 9\/11 Commission Report<\/i><\/a>, 2004, 38 (pdf:&nbsp;55).\n<\/div>\n<\/td>\n<\/tr>\n<tr>\n<td class=\"ref_nrs\">\n<div class=\"refnrs\"><a name=\"N_4\" href=\"#R_4\">[4]<\/a><\/div>\n<\/td>\n<td class=\"ref_txt\">\n<div class=\"rtxt-es\">\n<a href=\"https:\/\/911commission.gov\/report\/911Report.pdf\">Ibid.<\/a>\n<\/div>\n<\/td>\n<\/tr>\n<tr>\n<td class=\"ref_nrs\">\n<div class=\"refnrs\"><a name=\"N_5\" href=\"#R_5\">[5]<\/a><\/div>\n<\/td>\n<td class=\"ref_txt\">\n<div class=\"rtxt-es\">\n<a href=\"https:\/\/911commission.gov\/report\/911Report.pdf\">Ibid.<\/a>\n<\/div>\n<\/td>\n<\/tr>\n<tr>\n<td class=\"ref_nrs\">\n<div class=\"refnrs\"><a name=\"N_6\" href=\"#R_6\">[6]<\/a><\/div>\n<\/td>\n<td class=\"ref_txt\">\n<div class=\"rtxt-es\">\n<a href=\"https:\/\/911commission.gov\/report\/911Report.pdf\">Ibid.<\/a>,&nbsp;39.\n<\/div>\n<\/td>\n<\/tr>\n<tr>\n<td class=\"ref_nrs\">\n<div class=\"refnrs\"><a name=\"N_7\" href=\"#R_7\">[7]<\/a><\/div>\n<\/td>\n<td class=\"ref_txt\">\n<div class=\"rtxt-es\">\n\u201cUna de las tantas preguntas sin respuesta de ese d\u00eda es por qu\u00e9 el Servicio Secreto no llev\u00f3 al Presidente Bush inmediatamente a un lugar seguro, as\u00ed como aparentemente hicieron con el Vicepresidente Dick Cheney\u201d, Susan Taylor Martin, \u201c<a href=\"https:\/\/web.archive.org\/web\/20040817235809\/http:\/\/www.sptimes.com\/2004\/07\/04\/news_pf\/Worldandnation\/Of_fact__fiction__Bus.shtml\">Of Fact, Fiction: Bush on 9\/11<\/a>\u201d, <i>St. Petersburg Times<\/i>, 4 July 2004. El problema hab\u00eda sido mencionado en uno de los principales diarios canadienses el d\u00eda posterior al 11-S: \u201cPor alguna raz\u00f3n los agentes del servicio secreto no se apresuraron a llevarlo lejos (a Bush).\u201d (John Ibbitson, \u201c<a href=\"https:\/\/web.archive.org\/web\/20191114003757\/http:\/\/v1.theglobeandmail.com\/special\/attack\/pages\/where_article11.html\">Action, Not Overreaction, Prudent Course<\/a>\u201d, <i>Globe and Mail<\/i>, 12 setiembre, 2001.)\n<\/div>\n<\/td>\n<\/tr>\n<tr>\n<td class=\"ref_nrs\">\n<div class=\"refnrs\"><a name=\"N_8\" href=\"#R_8\">[8]<\/a><\/div>\n<\/td>\n<td class=\"ref_txt\">\n<div class=\"rtxt-es\">\nThomas H. Kean and Lee H. Hamilton, <a href=\"http:\/\/www.amazon.es\/Without-Precedent-Thomas-H-Kean-ebook\/dp\/B000JMKNFG\/\"><i>Without Precedent: The Inside Story of the 9\/11 Commission<\/i><\/a>, Knopf, 2006, 54.\n<\/div>\n<\/td>\n<\/tr>\n<tr>\n<td class=\"ref_nrs\">\n<div class=\"refnrs\"><a name=\"N_9\" href=\"#R_9\">[9]<\/a><\/div>\n<\/td>\n<td class=\"ref_txt\">\n<div class=\"rtxt-es\">\n<i>The 9\/11 Commission Report<\/i>, 2004, 39.\n<\/div>\n<\/td>\n<\/tr>\n<tr>\n<td class=\"ref_nrs\">\n<div class=\"refnrs\"><a name=\"N_10\" href=\"#R_10\">[10]<\/a><\/div>\n<\/td>\n<td class=\"ref_txt\">\n<div class=\"rtxt-es\">\nPhilip H. Melanson, <a href=\"http:\/\/www.amazon.com\/Secret-Service-Hidden-History-Enigmatic\/dp\/0786710845\">Secret Service: The Hidden History of an Enigmatic Agency<\/a> (New York: Carroll &amp; Graf, 2002), citado en Susan Taylor Martin, \u201c<a href=\"https:\/\/web.archive.org\/web\/20040817235809\/http:\/\/www.sptimes.com\/2004\/07\/04\/news_pf\/Worldandnation\/Of_fact__fiction__Bus.shtml\">Of Fact, Fiction: Bush on 9\/11<\/a>\u201d.\n<\/div>\n<\/td>\n<\/tr>\n<tr>\n<td class=\"ref_nrs\">\n<div class=\"refnrs\"><a name=\"N_11\" href=\"#R_11\">[11]<\/a><\/div>\n<\/td>\n<td class=\"ref_txt\">\n<div class=\"rtxt-es\">\nMike Riopell, \u201c<span class=\"deadlink\" title=\"anteriormente disponible en http:\/\/www.dailyherald.com\/news\/lakestory.asp?id=226303\">Educator\u2019s History Lesson<\/span>\u201d, <i>Arlington Heights Daily Herald<\/i>, 11 setiembre 2006.<br \/>\nEl hecho era conocido por los oficiales de escuela del condado desde Agosto (<a href=\"https:\/\/www.yourobserver.com\/article\/911-timeline\">9\/11: Timeline<\/a>). Muchas preparaciones se hab\u00edan llevado a cabo. \u201c<a href=\"https:\/\/www.youtube.com\/watch?v=IedVRYUNWUU\">Original Video of Bush&#8217;s Visit to Booker Elementary on 9\/11<\/a>\u201d. El Sheriff el Condado de Sarasota , Coronel Steve Burns , a cargo de la seguridad de la escuela primaria Booker ese d\u00eda, hab\u00eda expresado preocupaci\u00f3n y estaba trabajando con el Servicio Secreto. (\u201c<a href=\"https:\/\/www.youtube.com\/watch?v=2XtZ7ZDVpVY&#038;t=2m30s\">Sarasota County Sheriff&#8217;s Office &#8211; Behind the Scenes on 9\/11<\/a>\u201d).\n<\/div>\n<\/td>\n<\/tr>\n<tr>\n<td class=\"ref_nrs\">\n<div class=\"refnrs\"><a name=\"N_12\" href=\"#R_12\">[12]<\/a><\/div>\n<\/td>\n<td class=\"ref_txt\">\n<div class=\"rtxt-es\">\nRichard A. Clarke, \u201c<a href=\"http:\/\/www.amazon.com\/Against-enemies-inside-Americas-terror\/dp\/B007FSMPM6\">Against All Enemies: Inside America\u2019s War on Terror<\/a>\u201d (New York: Free Press, 2004), 4.\n<\/div>\n<\/td>\n<\/tr>\n<tr>\n<td class=\"ref_nrs\">\n<div class=\"refnrs\"><a name=\"N_13\" href=\"#R_13\">[13]<\/a><\/div>\n<\/td>\n<td class=\"ref_txt\">\n<div class=\"rtxt-es\">\nTom Bayles, \u201c<a href=\"http:\/\/s3.amazonaws.com\/911timeline\/2002\/sarasotaheraldtribune091002.html\">The Day Before Everything Changed, President Bush Touched Locals\u2019 Lives<\/a>\u201d, <i>Sarasota Herald-Tribune<\/i>, 10 setiembre 2002; la declaraci\u00f3n de Blakewill luego fue citada por Susan Taylor Martin, \u201c<a href=\"https:\/\/web.archive.org\/web\/20040817235809\/http:\/\/www.sptimes.com\/2004\/07\/04\/news_pf\/Worldandnation\/Of_fact__fiction__Bus.shtml\">Of Fact, Fiction: Bush on 9\/11<\/a>\u201d, <i>St. Petersburg Times<\/i>, 4 July 2004.\n<\/div>\n<\/td>\n<\/tr>\n<tr>\n<td class=\"ref_nrs\">\n<div class=\"refnrs\"><a name=\"N_14\" href=\"#R_14\">[14]<\/a><\/div>\n<\/td>\n<td class=\"ref_txt\">\n<div class=\"rtxt-es\">\nEl discurso de Bush fue transmitido en vivo por CNN y est\u00e1 disponible en <i>YouTube<\/i>: <a href=\"https:\/\/www.youtube.com\/watch?v=cmH4vCuYcZ4\">Bush 911 Speech on CNN<\/a>.\n<\/div>\n<\/td>\n<\/tr>\n<\/table>\n<\/div>\n<p><!-- c9refs -->\n<\/div>\n<p><!-- c9text --><\/p>\n","protected":false},"excerpt":{"rendered":"<p>Punto MC-1: \u00bfPorqu\u00e9 no se Llevaron al Presidente Bush<br \/>del Colegio de Florida? <\/p>\n<p class=\"c9np\"><a href=\"https:\/\/www.consensus911.org\/es\/punto-flt-4-sp\/\">&lt;&lt; Punto anterior<\/a>, <a href=\"https:\/\/www.consensus911.org\/es\/punto-mc-2-sp\/\">Siguiente punto &gt;&gt;<\/a><\/p>\n<p><a name=\"INTRO\"><\/a><\/p>\n<p> Introducci\u00f3n <\/p>\n<p style=\"padding-left: 30px\">En la ma\u00f1ana del 11 de setiembre del 2001, el Presidente Bush se encontraba en Sarasota, Florida, dispuesto a realizar una lectura con los chicos de una escuela [&#8230;]<\/p>\n","protected":false},"author":108,"featured_media":0,"parent":0,"menu_order":121,"comment_status":"closed","ping_status":"closed","template":"","meta":{"footnotes":""},"class_list":["post-3529","page","type-page","status-publish","hentry"],"jetpack_sharing_enabled":true,"_links":{"self":[{"href":"https:\/\/www.consensus911.org\/es\/wp-json\/wp\/v2\/pages\/3529","targetHints":{"allow":["GET"]}}],"collection":[{"href":"https:\/\/www.consensus911.org\/es\/wp-json\/wp\/v2\/pages"}],"about":[{"href":"https:\/\/www.consensus911.org\/es\/wp-json\/wp\/v2\/types\/page"}],"author":[{"embeddable":true,"href":"https:\/\/www.consensus911.org\/es\/wp-json\/wp\/v2\/users\/108"}],"replies":[{"embeddable":true,"href":"https:\/\/www.consensus911.org\/es\/wp-json\/wp\/v2\/comments?post=3529"}],"version-history":[{"count":5,"href":"https:\/\/www.consensus911.org\/es\/wp-json\/wp\/v2\/pages\/3529\/revisions"}],"predecessor-version":[{"id":20093,"href":"https:\/\/www.consensus911.org\/es\/wp-json\/wp\/v2\/pages\/3529\/revisions\/20093"}],"wp:attachment":[{"href":"https:\/\/www.consensus911.org\/es\/wp-json\/wp\/v2\/media?parent=3529"}],"curies":[{"name":"wp","href":"https:\/\/api.w.org\/{rel}","templated":true}]}}