{"id":3545,"date":"2012-08-29T08:04:28","date_gmt":"2012-08-29T15:04:28","guid":{"rendered":"http:\/\/www.consensus911.org\/?page_id=3545"},"modified":"2018-12-28T03:50:13","modified_gmt":"2018-12-28T11:50:13","slug":"puntos-de-consenso-del-11-s-sp","status":"publish","type":"page","link":"https:\/\/www.consensus911.org\/es\/puntos-de-consenso-del-11-s-sp\/","title":{"rendered":"Puntos de Consenso del 11-S (Sp)"},"content":{"rendered":"<h2>Puntos de Consenso del 11-S<\/h2>\n<div class=\"c9text-es\">\n<p>&nbsp;<\/p>\n<h3 style=\"padding-left: 30px; color: #000080\">La Evidencia F\u00edsica Contradice la Historia Oficial<\/h3>\n<p>&nbsp;<\/p>\n<div style=\"padding-left: 30px\">\nLa versi\u00f3n oficial de los eventos del 11 de setiembre de 2011 fue usada para:<\/p>\n<ul style=\"padding-left: 30px\">\n<li>Justificar las guerras en Afganist\u00e1n e Irak, las cuales tuvieron como resultado la muerte de mas de un mill\u00f3n de personas.&nbsp;<a name=\"R_1\" href=\"#N_1\">[1]<\/a> <\/li>\n<li>Autorizar el uso de torturas, tribunales militares y extradici\u00f3n extraordinaria.<\/li>\n<li>Suspender las libertades garantizadas por la Constituci\u00f3n Estadounidense, como el <i>habeas corpus<\/i> dentro del pa\u00eds, y libertades similares dentro de Canad\u00e1, el Reino Unido y otros pa\u00edses.. <\/li>\n<\/ul>\n<p>Las declaraciones oficiales sobre el 11 de setiembre son contradecidas por los hechos, que validados por un proceso de consenso cient\u00edfico, incluyen los siguientes puntos de \u201cevidencia revisada\u201d.<\/p>\n<p>Los 50 Puntos de Consenso estan divididos en 10 categorias abajo, vinculadas a los 50 puntos individuales:<\/p>\n<h4><span style=\"color: #008080; font-family: Georgia; font-size: large\"><a href=\"#A\">A. Puntos de Consenso Generales<\/a><\/span><\/h4>\n<h4><span style=\"color: #008080; font-family: Georgia; font-size: large\"><a href=\"#B\">B. Puntos de Consenso Acerca de las Torres Gemelas<\/a><\/span><\/h4>\n<h4><span style=\"color: #008080; font-family: Georgia; font-size: large\"><a href=\"#C\">C. Puntos de Consenso Acerca del colapso del World Trade Center 7<\/a><\/span><\/h4>\n<h4><span style=\"color: #008080; font-family: Georgia; font-size: large\"><a href=\"#D\">D. Puntos de Consenso Acerca del Pent\u00e1gono<\/a><\/span><\/h4>\n<h4><span style=\"color: #008080; font-family: Georgia; font-size: large\"><a href=\"#E\">E. Puntos de Consenso Acerca de los Vuelos del 9\/11<\/a><\/span><\/h4>\n<h4><span style=\"color: #008080; font-family: Georgia; font-size: large\"><a href=\"#F\">F. Puntos de Consenso Acerca de los Ejercicios Militares de los EE.&nbsp;UU. antes y durante del 9\/11<\/a><\/span><\/h4>\n<h4><span style=\"color: #008080; font-family: Georgia; font-size: large\"><a href=\"#G\">G. Puntos de Consenso Acerca de los Comandos Militares y Politicos Respecto al 9\/11<\/a><\/span><\/h4>\n<h4><span style=\"color: #008080; font-family: Georgia; font-size: large\"><a href=\"#H\">H. Puntos de Consenso Acerca de los secuestradores del 9\/11<\/a><\/span><\/h4>\n<h4><span style=\"color: #008080; font-family: Georgia; font-size: large\"><a href=\"#I\">I. Consensus Points about the Phone Calls on 9\/11 <span style=\"font-size: smaller;color: #ff0000\">(a\u00fan no traducido)<\/span><\/a><\/span><\/h4>\n<h4><span style=\"color: #008080; font-family: Georgia; font-size: large\"><a href=\"#V\">V. Puntos de Consenso Acerca las Pruebas V\u00eddeos Oficiales del 9\/11<\/a><\/span><\/h4>\n<\/div>\n<p>&nbsp;<\/p>\n<div style=\"font-family: Georgia;font-size: large;color: #000080\">\n<h4><a name=\"A\"><\/a>A. Puntos de Consenso Generales<\/h4>\n<div style=\"padding-left: 30px; padding-top: 15px\">\n<p><a href=\"https:\/\/www.consensus911.org\/es\/punto-g-1-sp\/\">Punto G-1: Controversia sobre Osama Bin Laden<\/a><\/p>\n<p><a href=\"https:\/\/www.consensus911.org\/es\/punto-g-2-sp\/\">Punto G-2: Comunicado negando la existencia de abuso de informaci\u00f3n privilegiada en las opciones de venta antes<\/a><\/p>\n<\/div>\n<p>&nbsp;<\/p>\n<h4><a name=\"B\"><\/a>B. Puntos de Consenso Acerca de las Torres Gemelas<\/h4>\n<div style=\"padding-left: 30px; padding-top: 15px\">\n<p><a href=\"https:\/\/www.consensus911.org\/es\/punto-tt-1-sp\/\">Controversia acerca de la Destrucci\u00f3n de las Torres Gemelas S\u00f3lo el Impacto, el Combustible para Aviones y el Fuego<\/a><\/p>\n<p><a href=\"https:\/\/www.consensus911.org\/es\/punto-tt-2-sp\/\">Punto TT-2: Controversia Sobre la Destrucci\u00f3n de las Torres Gemelas: S\u00f3lo el Impacto, el Fuego y la ley de Gravedad<\/a><\/p>\n<p><a href=\"https:\/\/www.consensus911.org\/es\/punto-tt-3-sp\/\">Punto TT-3: Controversia acerca de la Destrucci\u00f3n de las Torres Gemelas S\u00f3lo el Impacto, el Combustible para Aviones y el Fuego<\/a><\/p>\n<p><a href=\"https:\/\/www.consensus911.org\/es\/punto-tt-4-sp\/\">Punto TT-4: Una Nuevo Comunicado Excluyendo Explosiones dentro de las Torres Gemelas<\/a><\/p>\n<p><a href=\"https:\/\/www.consensus911.org\/es\/punto-tt-5-sp\/\">Punto TT-5: Comunicado afirmando que el Polvo del World Trade Center No Contenn\u00ed\u00ada Materiales Pirot\u00e9cnicos<\/a><\/p>\n<p><a href=\"http:\/\/www.consensus911.org\/point-tt-6\/\">Point TT-6: The Claim That There Was No Molten Steel Or Iron in the WTC Buildings<\/a> <span style=\"font-size: smaller;color: #ff0000\">(a\u00fan no traducido)<\/span><\/p>\n<p><a href=\"http:\/\/www.consensus911.org\/point-tt-7\/\">Point TT-7: Why Did the Twin Towers Collapse? The Seismic Evidence<\/a> <span style=\"font-size: smaller;color: #ff0000\">(a\u00fan no traducido)<\/span><\/p>\n<p><a href=\"http:\/\/www.consensus911.org\/point-tt-8\/\">Point TT-8: Why Did the Twin Towers Collapse? The Physical and Testimonial Evidence<\/a> <span style=\"font-size: smaller;color: #ff0000\">(a\u00fan no traducido)<\/span><\/p>\n<p><a href=\"http:\/\/www.consensus911.org\/point-tt-9\/\">Point TT-9: The Claim of Widespread Infernos in the South Tower vs the FDNY Radio Transcript<\/a> <span style=\"font-size: smaller;color: #ff0000\">(a\u00fan no traducido)<\/span><\/p>\n<\/div>\n<p>&nbsp;<\/p>\n<h4><a name=\"C\"><\/a>C. Puntos de Consenso Acerca del colapso del World Trade Center 7<\/h4>\n<div style=\"padding-left: 30px; padding-top: 15px\">\n<p><a href=\"https:\/\/www.consensus911.org\/es\/punto-wtc7-1-sp\/\">Punto WTC7-1: El comunicado afirmando que la Torre 7 del World Trade Center colaps\u00f3 S\u00f3lo por el Fuego<\/a><\/p>\n<p><a href=\"https:\/\/www.consensus911.org\/es\/punto-wtc7-2-sp\/\">Punto WTC7-2: Reporte Borrador del Informe del Instituto Nacional de Est\u00e1ndares y Tecnolog\u00ed\u00ada afirmando que el World Trade Center 7 no se Derrumb\u00f3 en Ca\u00ed\u00adda Libre<\/a><\/p>\n<p><a href=\"https:\/\/www.consensus911.org\/es\/punto-wtc7-3-sp\/\">Punto WTC7-3: Reporte Final del Instituto Nacional de Est\u00e1ndares y Tecnolog\u00ed\u00ada admitiendo que el World Trade Center 7 se Derrumb\u00f3 en Ca\u00ed\u00adda Libre sin Explosivos<\/a><\/p>\n<p><a href=\"http:\/\/www.consensus911.org\/point-wtc7-4\/\">Point WTC7-4: Did the Official Simulation of the Fall of WTC&nbsp;7 Match the Observed Collapse?<\/a> <span style=\"font-size: smaller;color: #ff0000\">(a\u00fan no traducido)<\/span><\/p>\n<p><a href=\"http:\/\/www.consensus911.org\/point-wtc7-5\/\">Point WTC7-5: World Trade Center Building 7: NIST\u2019s Analysis of the Collapse Initiation Is Not Valid<\/a> <span style=\"font-size: smaller;color: #ff0000\">(a\u00fan no traducido)<\/span><\/p>\n<p><a href=\"http:\/\/www.consensus911.org\/point-wtc7-6\/\">Point WTC7-6: The Fraudulent NIST Claim That There Was No Steel Recovered from Building WTC&nbsp;7 for Analysis<\/a> <span style=\"font-size: smaller;color: #ff0000\">(a\u00fan no traducido)<\/span><\/p>\n<p><a href=\"http:\/\/www.consensus911.org\/point-wtc7-7\/\">Point WTC7-7: Foreknowledge of the Collapse of World Trade Center Building 7<\/a> [Conocimiento de Antemano del Derrumbamiento World Trade Center Edificio 7] <span style=\"font-size: smaller;color: #ff0000\">(a\u00fan no traducido)<\/span><\/p>\n<p><a href=\"http:\/\/www.consensus911.org\/point-wtc7-8\/\">Point WTC7-8: The Omission of Evidence that Barry Jennings and Michael Hess Experienced an Explosion in WTC&nbsp;7 the Morning of 9\/11<\/a> <span style=\"font-size: smaller;color: #ff0000\">(a\u00fan no traducido)<\/span><\/p>\n<\/div>\n<p>&nbsp;<\/p>\n<h4><a name=\"D\"><\/a>D. Puntos de Consenso Acerca del Pent\u00e1gono<\/h4>\n<div style=\"padding-left: 30px; padding-top: 15px\">\n<p><a href=\"https:\/\/www.consensus911.org\/es\/punto-pent-1-sp\/\">Punto Pent-1: Porque No fue Prevenido el Ataque al Pent\u00e1gono: La Primer Versi\u00f3n Oficial<\/a><\/p>\n<p><a href=\"https:\/\/www.consensus911.org\/es\/punto-pent-2-sp\/\">Punto Pent-2: Porque No fue Prevenido el Ataque al Pent\u00e1gono: La Segunda Versi\u00f3n Oficial<\/a><\/p>\n<p><a href=\"https:\/\/www.consensus911.org\/es\/punto-pent-3-sp\/\">Punto Pent-3: Comunicado que Se\u00f1ala a Hani Hanjour como Piloto del Vuelo 77<\/a><\/p>\n<p><a href=\"http:\/\/www.consensus911.org\/point-pent-4\/\">Point Pent-4: Was There Foreknowledge by Officials that the Pentagon would be Attacked?<\/a> <span style=\"font-size: smaller;color: #ff0000\">(a\u00fan no traducido)<\/span><\/p>\n<\/div>\n<p>&nbsp;<\/p>\n<h4><a name=\"E\"><\/a>E. Puntos de Consenso Acerca de los Vuelos del 9\/11<\/h4>\n<div style=\"padding-left: 30px; padding-top: 15px\">\n<p><a href=\"https:\/\/www.consensus911.org\/es\/punto-flt-1-sp\/\">Punto Flt-1: Controversia en relaci\u00f3n a los aviones secuestrados<\/a><\/p>\n<p><a href=\"https:\/\/www.consensus911.org\/es\/punto-flt-2-sp\/\">Punto Flt-2: Comunicado afirmando que el Vuelo 93 se Estrell\u00f3, cerca de Shanksville, Pennsylvania<\/a><\/p>\n<p><a href=\"https:\/\/www.consensus911.org\/es\/punto-flt-3-sp\/\">Punto Flt-3: \u00bf Fueron los secuestradores responsables de los cambios en los transpondedores de los vuelos de Sept 11&nbsp;?<\/a><\/p>\n<p><a href=\"https:\/\/www.consensus911.org\/es\/punto-flt-4-sp\/\">Punto Flt-4: Misteriosas Anomal\u00edas en Relaci\u00f3n a las Cajas Negras de los Cuatro Aviones del 11-S<\/a><\/p>\n<\/div>\n<p>&nbsp;<\/p>\n<h4><a name=\"F\"><\/a>F. Puntos de Consenso Acerca de los Ejercicios Militares de los EE.&nbsp;UU. Antes y Durante el 9\/11<\/h4>\n<div style=\"padding-left: 30px; padding-top: 15px\">\n<p><a href=\"http:\/\/www.consensus911.org\/point-me-1\/\">Point ME-1: Did Military Exercises Show that the Military was Prepared for Domestic (as Well as Foreign) Hijackings?<\/a> [\u00bfDemostraron los Ejercicios Militares que las Fuerzas Armadas estaban Preparadas para Afrontar Secuestros Domesticos (tanto as\u00ed como Extranjeros)?] <span style=\"color: #ff0000\">(a\u00fan no traducido)<\/span><\/p>\n<p><a href=\"http:\/\/www.consensus911.org\/point-me-2\/\">Point ME-2: The Claim that the Military Exercises Did Not Delay the Response to the 9\/11 Attacks<\/a> [La Afirmaci\u00f3n de que los Ejercicios Militares No Retrasaron la Respuesta a los Ataques del 9\/11] <span style=\"color: #ff0000\">(a\u00fan no traducido)<\/span><\/p>\n<\/div>\n<p>&nbsp;<\/p>\n<h4><a name=\"G\"><\/a>G. Puntos de Consenso Acerca de los Comandos Militares y Pol\u00edticos respecto al 9\/11<\/h4>\n<div style=\"padding-left: 30px; padding-top: 15px\">\n<p><a href=\"http:\/\/www.consensus911.org\/point-mc-intro\/\">Punto MC-Intro: Resumen de las Afirmaciones Contradictorias entre L\u00edderes P\u00f3liticos y Militares Clave<\/a> <span style=\"color: #ff0000\">(a\u00fan no traducido)<\/span><\/p>\n<p><a href=\"https:\/\/www.consensus911.org\/es\/punto-mc-1-sp\/\">Punto MC-1: \u00bfPorqu\u00e9 no se Llevaron al Presidente Bush del Colegio de Florida?<\/a><\/p>\n<p><a href=\"https:\/\/www.consensus911.org\/es\/punto-mc-2-sp\/\">Punto MC-2: Comunicado de la Casa Blanca sobre el tiempo permanecido por el Presidente Bush en el Aula de Florida<\/a><\/p>\n<p><a href=\"https:\/\/www.consensus911.org\/es\/punto-mc-3-sp\/\">Punto MC-3: Controversia sobre La Hora de Ingreso de Dick Cheney al B\u00fanker de la Casa Blanca<\/a><\/p>\n<p><a href=\"https:\/\/www.consensus911.org\/es\/punto-mc-4-sp\/\">Punto MC-4: \u00bfCu\u00e1ndo autoriz\u00f3 Cheney a que se derriben aviones civiles?<\/a><\/p>\n<p><a href=\"https:\/\/www.consensus911.org\/es\/punto-mc-5-sp\/\">Punto MC-5: Comportamiento del Secretario de Defensa Rumsfeld entre las 9:00 y las 10:00 AM<\/a><\/p>\n<p><a href=\"https:\/\/www.consensus911.org\/es\/punto-mc-6-sp\/\">Punto MC-6: Las Actividades del General Richard Myers durante los Ataques del 9\/11<\/a><\/p>\n<p><a href=\"http:\/\/www.consensus911.org\/point-mc-7\/\">Punto MC-7: El momento en que el General Shelton regres\u00f3 al Comando<\/a><\/p>\n<p><a href=\"http:\/\/www.consensus911.org\/point-mc-8\/\">Punto MC-8: Las Actividades del Brigadier General Montague Winfield entre las 8:30 y las 10:30 AM<\/a> <span style=\"color: #ff0000\">(a\u00fan no traducido)<\/span><\/p>\n<p><a href=\"https:\/\/www.consensus911.org\/es\/punto-mc-9-sp\/\">Punto MC-9: Las Actividades del General Ralph Eberhart durante los ataques del 11-S<\/a><\/p>\n<p><a href=\"https:\/\/www.consensus911.org\/es\/punto-mc-10-sp\/\">Punto MC-10: Las Actividades del Alcalde Giuliani de Nueva York durante la jornada del 11- S<\/a><\/p>\n<\/div>\n<p>&nbsp;<\/p>\n<h4><a name=\"H\"><\/a>H. Puntos de Consenso Acerca de los Secuestradores del 9\/11<\/h4>\n<div style=\"padding-left: 30px; padding-top: 15px\">\n<p><a href=\"https:\/\/www.consensus911.org\/es\/punto-h-1-sp\/\">Punto H-1: El misterioso viaje de Mohamed Atta a Portland<\/a><\/p>\n<p><a href=\"http:\/\/www.consensus911.org\/point-h-2\/\">Point H-2: The Claim that \u2018Able Danger\u2019 Failed to Identify Mohamed Atta\u2019s Probable Presence in the US in January 2000<\/a> <span style=\"font-size: smaller;color: #ff0000\">(a\u00fan no traducido)<\/span><\/p>\n<p><a href=\"http:\/\/www.consensus911.org\/point-h-3\/\">Point H-3: The Claim that the Hijackers Were Devout Muslims<\/a> <span style=\"font-size: smaller;color: #ff0000\">(a\u00fan no traducido)<\/span><\/p>\n<p><a href=\"http:\/\/www.consensus911.org\/point-h-4\/\">Point H-4: The Claim that Mohamed Atta Had Become a Fanatically Religious Muslim<\/a> <span style=\"font-size: smaller;color: #ff0000\">(a\u00fan no traducido)<\/span><\/p>\n<\/div>\n<p>&nbsp;<\/p>\n<h4><a name=\"I\"><\/a>I. Consensus Points about the Phone Calls on 9\/11<\/h4>\n<div style=\"padding-left: 30px; padding-top: 15px\">\n<p><a href=\"http:\/\/www.consensus911.org\/point-pc-1\/\">Point PC-1: The Alleged Calls of Todd Beamer, Flight UA&nbsp;93<\/a> <span style=\"font-size: smaller;color: #ff0000\">(a\u00fan no traducido)<\/span><\/p>\n<p><a href=\"http:\/\/www.consensus911.org\/point-pc-1a\/\">Point PC-1A: The Todd Beamer Call from UA Flight 93: A Serious Problem in the Timeline<\/a> <span style=\"font-size: smaller;color: #ff0000\">(a\u00fan no traducido)<\/span><\/p>\n<p><a href=\"http:\/\/www.consensus911.org\/point-pc-2\/\">Point PC-2: The Reported Phone Calls from Barbara Olson<\/a> [Las Llamadas Telef\u00f3nicas Reportadas de Barbara Olson] <span style=\"font-size: smaller;color: #ff0000\">(a\u00fan no traducido)<\/span><\/p>\n<p><a href=\"http:\/\/www.consensus911.org\/point-pc-3\/\">Point PC-3: Cell Phone Calls from the Planes: The First Official Account<\/a> <span style=\"font-size: smaller;color: #ff0000\">(a\u00fan no traducido)<\/span><\/p>\n<p><a href=\"http:\/\/www.consensus911.org\/point-pc-4\/\">Point PC-4: Cell Phone Calls from the Planes: The Second Official Account<\/a> <span style=\"font-size: smaller;color: #ff0000\">(a\u00fan no traducido)<\/span><\/p>\n<\/div>\n<p>&nbsp;<\/p>\n<h4><a name=\"V\"><\/a>V. Puntos de Consenso Acerca las Pruebas V\u00eddeos Oficiales del 9\/11<\/h4>\n<div style=\"padding-left: 30px; padding-top: 15px\">\n<p><a href=\"https:\/\/www.consensus911.org\/es\/punto-video-1-sp\/\">Punto Video-1: Los supuestos videos de seguridad de Mohamed Atta durante un viaje misterioso a Portland, Maine, setiembre 10 al 11 de 2001<\/a><\/p>\n<p><a href=\"https:\/\/www.consensus911.org\/es\/punto-video-2-sp\/\">Punto Video-2: \u00bfEra aut\u00e9ntico el video del aeropuerto de los supuestos secuestradores del vuelo&nbsp;77 de American Airlines? Evidencia Oficial del 11-S en video<\/a><\/p>\n<\/div>\n<\/div>\n<p><!--GeorgiaLarge--><\/p>\n<p><a name=\"REFS\"><\/a><\/p>\n<p>&nbsp;<\/p>\n<div class=\"c9refs\">\n<table class=\"ref_tbl\">\n<tr>\n<td class=\"ref_nrs\">\n<div class=\"refnrs\"><a name=\"N_1\" href=\"#R_1\">[1]<\/a><\/div>\n<\/td>\n<td class=\"ref_txt\">\n<div class=\"rtxt-es\">\nSource: 1. G. Burnham, R. Lafta, S.&nbsp;Doocy, y L. Roberts, \u201c<a href=\"http:\/\/www.consensus911.org\/wp-content\/uploads\/2016\/03\/Mortality__Iraq.pdf\">Mortality after the 2003 invasion of Iraq: A cross-sectional cluster sample survey<\/a>\u201d, Lancet, octubre 11, 2006: 21;368 (9545):1421-28.<br \/>\n2. Johns Hopkins Bloomberg School of Public Health, Baltimore.<br \/>\nEste estudio epidemiologico estim\u00f3 en 654.965 las muertes adicionales en Iraq relacionadas a la Guerra, o un 2,5% de la poblaci\u00f3n, para finales de junio de 2006.<br \/>\n3. Catherine Lutz, \u201c<a href=\"https:\/\/news.brown.edu\/articles\/2012\/09\/911\">September 11 and the Cost of War<\/a>\u201d, Brown University, 10 setiembre 2012.<br \/>\n4. Dr. Gideon Polya, autor de Body Count: Global Avoidable Mortality Since 1950, estim\u00f3 que para enero de 2010 m\u00e1s de cuatro millones de afganos murieron (por causa violentas y no violentas) desde la invasi\u00f3n de 2001, que no habr\u00edan muerto si la invasi\u00f3n no se hubiese llevado a cabo. Ver: \u201c<a href=\"http:\/\/afghangenocide.blogspot.com\/\">January 2010 &#8211; 4,5 Million Dead in Afghan Holocaust, Afghan Genocide<\/a>\u201d.<br \/>\n5. Dr. Gideon Polya, \u201c<a href=\"https:\/\/www.countercurrents.org\/polya210309.htm\">Iraqi Holocaust: 2,3 Million Iraqi Excess Deaths<\/a>\u201d, 21 marzo 2009\n<\/div>\n<\/td>\n<\/tr>\n<\/table>\n<\/div>\n<p><!-- c9refs -->\n<\/div>\n<p><!-- c9text --><\/p>\n","protected":false},"excerpt":{"rendered":"<p>Puntos de Consenso del 11-S <\/p>\n<p>&nbsp;<\/p>\n<p> La Evidencia F\u00edsica Contradice la Historia Oficial <\/p>\n<p>&nbsp;<\/p>\n<p> La versi\u00f3n oficial de los eventos del 11 de setiembre de 2011 fue usada para:<\/p>\n<p> Justificar las guerras en Afganist\u00e1n e Irak, las cuales tuvieron como resultado la muerte de mas de un mill\u00f3n de personas.&nbsp;<a name=\"R_1\" href=\"#N_1\">[1]<\/a> Autorizar el uso [&#8230;]<\/p>\n","protected":false},"author":108,"featured_media":0,"parent":0,"menu_order":157,"comment_status":"closed","ping_status":"closed","template":"","meta":{"footnotes":""},"class_list":["post-3545","page","type-page","status-publish","hentry"],"jetpack_sharing_enabled":true,"_links":{"self":[{"href":"https:\/\/www.consensus911.org\/es\/wp-json\/wp\/v2\/pages\/3545","targetHints":{"allow":["GET"]}}],"collection":[{"href":"https:\/\/www.consensus911.org\/es\/wp-json\/wp\/v2\/pages"}],"about":[{"href":"https:\/\/www.consensus911.org\/es\/wp-json\/wp\/v2\/types\/page"}],"author":[{"embeddable":true,"href":"https:\/\/www.consensus911.org\/es\/wp-json\/wp\/v2\/users\/108"}],"replies":[{"embeddable":true,"href":"https:\/\/www.consensus911.org\/es\/wp-json\/wp\/v2\/comments?post=3545"}],"version-history":[{"count":5,"href":"https:\/\/www.consensus911.org\/es\/wp-json\/wp\/v2\/pages\/3545\/revisions"}],"predecessor-version":[{"id":20661,"href":"https:\/\/www.consensus911.org\/es\/wp-json\/wp\/v2\/pages\/3545\/revisions\/20661"}],"wp:attachment":[{"href":"https:\/\/www.consensus911.org\/es\/wp-json\/wp\/v2\/media?parent=3545"}],"curies":[{"name":"wp","href":"https:\/\/api.w.org\/{rel}","templated":true}]}}