{"id":3564,"date":"2012-08-29T08:39:12","date_gmt":"2012-08-29T15:39:12","guid":{"rendered":"http:\/\/www.consensus911.org\/?page_id=3564"},"modified":"2024-10-28T15:48:07","modified_gmt":"2024-10-28T22:48:07","slug":"punto-pent-2-sp","status":"publish","type":"page","link":"https:\/\/www.consensus911.org\/es\/punto-pent-2-sp\/","title":{"rendered":"Punto Pent-2 (Sp)"},"content":{"rendered":"<h4 class=\"c9h4\">Punto Pent-2: Porque No fue Prevenido el Ataque al Pent\u00e1gono:<br \/><span style=\"color: #ffffff\">Punto Pent-2:<\/span> La Segunda Versi\u00f3n Oficial<\/h4>\n<div class=\"c9text-es\">\n<p class=\"c9np\"><a href=\"https:\/\/www.consensus911.org\/es\/punto-pent-1-sp\/\">&lt;&lt; Punto anterior<\/a>, <a href=\"https:\/\/www.consensus911.org\/es\/punto-pent-3-sp\/\">Siguiente punto &gt;&gt;<\/a><\/p>\n<div class=\"c9hdr\"><a name=\"OFFICIAL\"><\/a>La Versi\u00f3n Oficial<\/div>\n<p style=\"padding-left: 30px\">El ej\u00e9rcito no podr\u00eda haber interceptado el Vuelo 77 de American, porque \u201cnunca fueron notificados de que el Vuelo 77 hab\u00eda sido secuestrado\u201d.&nbsp;<a name=\"R_1\" href=\"#N_1\">[1]<\/a><\/p>\n<p style=\"padding-left: 30px\">Algunos l\u00edderes militares, incluido el General Larry Arnold, cabeza del Comando de Defensa Aeroespacial Estadounidense (NORAD) Regi\u00f3n Continental, han declarado ante la Comisi\u00f3n del 11-S que el ej\u00e9rcito fue notificado de este vuelo a las 9:24.&nbsp;<a name=\"R_2\" href=\"#N_2\">[2]<\/a> Sin embargo, estos dichos que \u201chacen parecer que el ej\u00e9rcito fue notificado con suficiente tiempo para responder\u201d, son \u201cincorrectos\u201d, se\u00f1al\u00f3 la Comisi\u00f3n del 11-S en 2004.&nbsp;<a name=\"R_3\" href=\"#N_3\">[3]<\/a><\/p>\n<div class=\"c9hdr\"><a name=\"EVIDENCE\"><\/a>La Evidencia Revisada<\/div>\n<div style=\"padding-left: 30px\">\nLa verdad acerca de la segunda versi\u00f3n de la Comisi\u00f3n del 11-S puede ser cuestionada en dos aspectos:<\/p>\n<ol style=\"padding-left: 30px\">\n<li><!--1-->La afirmaci\u00f3n de que el testimonio del General Arnold y otros l\u00edderes militares era \u201cincorrecto\u201d implica acusarlos de que mintieron.&nbsp;<a name=\"R_4\" href=\"#N_4\">[4]<\/a> Pero si esta segunda versi\u00f3n de la Comisi\u00f3n fuera \u201cverdad\u201d, los l\u00edderes militares no habr\u00edan inventado la historia original \u2013 implicando al ej\u00e9rcito como culpable de no tomar acciones, o al menos de incompetencia. Esto hubiera sido una f\u00e1bula irracional.\n\t<\/li>\n<li><!--2-->Que el relato revisado de la Comisi\u00f3n contradec\u00eda varios hechos:\n<ul style=\"padding-left: 30px\">\n<li>El memo de la Administraci\u00f3n Federal de Aviaci\u00f3n del 21 de mayo de 2003, dec\u00eda que el ej\u00e9rcito hab\u00eda sido notificado antes de las 9:24, no despu\u00e9s.\n\t\t<\/li>\n<li>El memo de la Administraci\u00f3n Federal de Aviaci\u00f3n fue ratificado por una noticia publicada en el <i>New York Times<\/i> cuatro d\u00edas despu\u00e9s del 11-S que dec\u00eda: \u201cDurante la hora en la cual el Vuelo 77 de American Airlines estuvo bajo el control de los secuestradores, hasta el momento en que choc\u00f3 contra el Pent\u00e1gono, oficiales militares en un centro de comando en el lado este del edificio se reunieron con urgencia a deliberar con la polic\u00eda y los oficiales de control de tr\u00e1nsito a\u00e9reo sobre como proceder.\u201d&nbsp;<a name=\"R_5\" href=\"#N_5\">[5]<\/a>\n\t\t<\/li>\n<li>La Comisi\u00f3n declar\u00f3 que, aunque el Centro de Control de la Administraci\u00f3n Federal de Aviaci\u00f3n estaba al tanto de los problemas del Vuelo 77 desde las 9:20 AM, dicha informaci\u00f3n no fue transmitida al ej\u00e9rcito. Sin embargo, Ben Sliney, gerente de operaciones del Centro de Comando de la Administraci\u00f3n Federal de Aviaci\u00f3n (NORAD), dijo que el Centro de Comando ten\u00eda \u201cun enlace militar, que hacia de nexo con los servicios del ej\u00e9rcito. Ellos presenciaron todos los eventos que se sucedieron el 11-S. &#8230; Todos los que deb\u00edan ser notificados sobre los sucesos que estaban teniendo lugar fueron notificados, incluido el Ej\u00e9rcito\u201d.&nbsp;<a name=\"R_6\" href=\"#N_6\">[6]<\/a>\t\t<\/li>\n<\/ul>\n<\/li>\n<\/ol>\n<\/div>\n<p class=\"c9np\"><a href=\"https:\/\/www.consensus911.org\/es\/punto-pent-1-sp\/\">&lt;&lt; Punto anterior<\/a>, <a href=\"https:\/\/www.consensus911.org\/es\/punto-pent-3-sp\/\">Siguiente punto &gt;&gt;<\/a><\/p>\n<p><a name=\"REFS\"><\/a><\/p>\n<div class=\"c9hdr\">Referencias para el Punto Pent-2<\/div>\n<div class=\"c9refs\">\n<table class=\"ref_tbl\">\n<tr>\n<td class=\"ref_nrs\">\n<div class=\"refnrs\"><a name=\"N_1\" href=\"#R_1\">[1]<\/a><\/div>\n<\/td>\n<td class=\"ref_txt\">\n<div class=\"rtxt-es\">\n<i><a href=\"https:\/\/911commission.gov\/report\/911Report.pdf\"><i>The 9\/11 Commission Report<\/i><\/a> [Reporte de la Comisi\u00f3n del 11-S]<\/i> (2004), 34.\n<\/div>\n<\/td>\n<\/tr>\n<tr>\n<td class=\"ref_nrs\">\n<div class=\"refnrs\"><a name=\"N_2\" href=\"#R_2\">[2]<\/a><\/div>\n<\/td>\n<td class=\"ref_txt\">\n<div class=\"rtxt-es\">\nTanto el General Arnold y el General Eberhart testificaron que la Administraci\u00f3n Federal de Aviaci\u00f3n notific\u00f3 al Comando de Defensa Aeroespacial Estadounidense a las 9:24 (<a href=\"https:\/\/govinfo.library.unt.edu\/911\/archive\/hearing2\/9-11Commission_Hearing_2003-05-23.htm\">National Commission on Terrorist Attacks Upon the United States, Public Hearing, Friday May 23, 2003<\/a>). El comunicado de prensa del Comando de Defensa Aeroespacial Estadounidense del 18 de setiembre de 2001 hab\u00eda reportado la hora de notificaci\u00f3n de la Administraci\u00f3n Federal de Aviaci\u00f3n al Sector de Defensa Noreste como las 9:24. (<a href=\"http:\/\/web.archive.org\/web\/20030809155434\/http:\/www.norad.mil\/index.cfm?fuseaction=home.news_rel_09_18_01\">NORAD: News Releases<\/a>).\n<\/div>\n<\/td>\n<\/tr>\n<tr>\n<td class=\"ref_nrs\">\n<div class=\"refnrs\"><a name=\"N_3\" href=\"#R_3\">[3]<\/a><\/div>\n<\/td>\n<td class=\"ref_txt\">\n<div class=\"rtxt-es\">\n<a href=\"https:\/\/911commission.gov\/report\/911Report.pdf\">Reporte de la Comisi\u00f3n del 11-S<\/a>, 34.\n<\/div>\n<\/td>\n<\/tr>\n<tr>\n<td class=\"ref_nrs\">\n<div class=\"refnrs\"><a name=\"N_4\" href=\"#R_4\">[4]<\/a><\/div>\n<\/td>\n<td class=\"ref_txt\">\n<div class=\"rtxt-es\">\nSome members of the 9\/11 Commission argued that General Arnold and other military leaders had lied; see Michael Bronner, \u201c9\/11 Live: The NORAD Tapes\u201d, <i>Vanity Fair<\/i>, August 2006, 262-285; <a href=\"https:\/\/www.vanityfair.com\/news\/2006\/08\/norad200608\">vanityfair.com<\/a>, October 17, 2006. Co-chairs Thomas Kean and Lee Hamilton, in their 2006 book <a href=\"http:\/\/www.amazon.es\/Without-Precedent-Thomas-H-Kean-ebook\/dp\/B000JMKNFG\/\"><i>Without Precedent<\/i><\/a>, said that NORAD\u2019s behavior \u201cbordered on willful concealment\u201d, adding: \u201cFog of war could &#8230; not explain why all of the after-action reports &#8230; and public testimony by FAA and NORAD officials advanced an account of 9\/11 that was untrue\u201d (261).\n<\/div>\n<\/td>\n<\/tr>\n<tr>\n<td class=\"ref_nrs\">\n<div class=\"refnrs\"><a name=\"N_5\" href=\"#R_5\">[5]<\/a><\/div>\n<\/td>\n<td class=\"ref_txt\">\n<div class=\"rtxt-es\">\nMatthew Wald, \u201c<a href=\"https:\/\/web.archive.org\/web\/20180824115125\/https:\/\/www.attackonamerica.net\/911-attacks\/pentagontrackeddeadlyjet\/\">Pentagon Tracked Deadly Jet but Found No Way to Stop It<\/a>\u201d, <i>New York Times<\/i>, 15 setiembre 2001.\n<\/div>\n<\/td>\n<\/tr>\n<tr>\n<td class=\"ref_nrs\">\n<div class=\"refnrs\"><a name=\"N_6\" href=\"#R_6\">[6]<\/a><\/div>\n<\/td>\n<td class=\"ref_txt\">\n<div class=\"rtxt-es\">\n<a href=\"https:\/\/ia904508.us.archive.org\/28\/items\/911_commission_public_hearings_12\/9-11Commission_Hearing_2004-06-17.pdf\">9\/11 Commission Hearing, 17 junio 2004<\/a>, 91.\n<\/div>\n<\/td>\n<\/tr>\n<\/table>\n<\/div>\n<p><!-- c9refs -->\n<\/div>\n<p><!-- c9text --><\/p>\n","protected":false},"excerpt":{"rendered":"<p>Punto Pent-2: Porque No fue Prevenido el Ataque al Pent\u00e1gono:<br \/>Punto Pent-2: La Segunda Versi\u00f3n Oficial <\/p>\n<p class=\"c9np\"><a href=\"https:\/\/www.consensus911.org\/es\/punto-pent-1-sp\/\">&lt;&lt; Punto anterior<\/a>, <a href=\"https:\/\/www.consensus911.org\/es\/punto-pent-3-sp\/\">Siguiente punto &gt;&gt;<\/a><\/p>\n<p> <a name=\"OFFICIAL\"><\/a>La Versi\u00f3n Oficial <\/p>\n<p style=\"padding-left: 30px\">El ej\u00e9rcito no podr\u00eda haber interceptado el Vuelo 77 de American, porque \u201cnunca fueron notificados de que el Vuelo 77 hab\u00eda sido secuestrado\u201d.&nbsp;<a name=\"R_1\" [...]\n<\/p>\n","protected":false},"author":108,"featured_media":0,"parent":0,"menu_order":135,"comment_status":"closed","ping_status":"closed","template":"","meta":{"footnotes":""},"class_list":["post-3564","page","type-page","status-publish","hentry"],"jetpack_sharing_enabled":true,"_links":{"self":[{"href":"https:\/\/www.consensus911.org\/es\/wp-json\/wp\/v2\/pages\/3564","targetHints":{"allow":["GET"]}}],"collection":[{"href":"https:\/\/www.consensus911.org\/es\/wp-json\/wp\/v2\/pages"}],"about":[{"href":"https:\/\/www.consensus911.org\/es\/wp-json\/wp\/v2\/types\/page"}],"author":[{"embeddable":true,"href":"https:\/\/www.consensus911.org\/es\/wp-json\/wp\/v2\/users\/108"}],"replies":[{"embeddable":true,"href":"https:\/\/www.consensus911.org\/es\/wp-json\/wp\/v2\/comments?post=3564"}],"version-history":[{"count":5,"href":"https:\/\/www.consensus911.org\/es\/wp-json\/wp\/v2\/pages\/3564\/revisions"}],"predecessor-version":[{"id":23276,"href":"https:\/\/www.consensus911.org\/es\/wp-json\/wp\/v2\/pages\/3564\/revisions\/23276"}],"wp:attachment":[{"href":"https:\/\/www.consensus911.org\/es\/wp-json\/wp\/v2\/media?parent=3564"}],"curies":[{"name":"wp","href":"https:\/\/api.w.org\/{rel}","templated":true}]}}