{"id":3572,"date":"2012-08-29T09:02:38","date_gmt":"2012-08-29T16:02:38","guid":{"rendered":"http:\/\/www.consensus911.org\/?page_id=3572"},"modified":"2019-06-10T02:53:03","modified_gmt":"2019-06-10T09:53:03","slug":"punto-mc-2-sp","status":"publish","type":"page","link":"https:\/\/www.consensus911.org\/es\/punto-mc-2-sp\/","title":{"rendered":"Punto MC-2 (Sp)"},"content":{"rendered":"<h4 class=\"c9h4\">Punto MC-2: Comunicado de la Casa Blanca sobre el tiempo permanecido<br \/><span style=\"color: #ffffff\">Punto MC-2:<\/span> por el Presidente Bush en el Aula de Florida<\/h4>\n<div class=\"c9text-es\">\n<p class=\"c9np\"><a href=\"https:\/\/www.consensus911.org\/es\/punto-mc-1-sp\/\">&lt;&lt; Punto anterior<\/a>, <a href=\"https:\/\/www.consensus911.org\/es\/punto-mc-3-sp\/\">Siguiente punto &gt;&gt;<\/a><\/p>\n<div class=\"c9hdr\">\n<a name=\"INTRO\"><\/a>Introducci\u00f3n<\/div>\n<p style=\"padding-left: 30px\">Luego de que Bush ingresara al sal\u00f3n de clases en Sarasota, Florida, su jefe de personal, Andrew Card, susurr\u00f3 en el o\u00eddo del Presidente; \u201cUn segundo avi\u00f3n choc\u00f3 contra la segunda Torre. Am\u00e9rica est\u00e1 siendo atacada.\u201d, seg\u00fan se inform\u00f3.&nbsp;<a name=\"R_1\" href=\"#N_1\">[1]<\/a><\/p>\n<div class=\"c9hdr\">\nLa Versi\u00f3n Oficial<\/div>\n<div style=\"padding-left: 30px\">Luego de este mensaje de Card, el Presidente Bush mantuvo la cortes\u00eda y sin hacer nada para asustar a los ni\u00f1os, abandon\u00f3 r\u00e1pidamente la sala.<\/p>\n<ul style=\"padding-left: 30px\">\n<li>El Presidente se mantuvo sentado s\u00f3lo por cuesti\u00f3n de segundos, dijo Card al San Francisco Chronicle, y luego \u201cse excus\u00f3 muy amablemente ante la maestra, los alumnos, y se retir\u00f3.\u201d&nbsp;<a name=\"R_2\" href=\"#N_2\">[2]<\/a><\/li>\n<li>El Presidente \u201cno quiso alarmar a los ni\u00f1os\u201d, dijo Karl Rove a NBC. Sabiendo que \u201cel ejercicio de lectura estaba finalizando &#8230; espero unos momentos &#8230; no demasiado &#8230; y luego se retir\u00f3 a la sala de personal.\u201d&nbsp;<a name=\"R_3\" href=\"#N_3\">[3]<\/a><\/li>\n<li>Sandra Kay Daniels, la maestra de la clase del segundo grado que Bush visit\u00f3, dijo a Los Angeles Times: \u201cSab\u00eda que algo andaba mal cuando el Presidente Bush no tom\u00f3 el libr\u00f3 para participar en la lecci\u00f3n &#8230; \u00c9l me dijo, \u2018Sra. Daniels, tengo que irme. Voy a dejar que el Teniente Gobernador Frank Brogan pronuncie el discurso en mi lugar.\u2019 A juzgar por su cara, se notaba que algo andaba mal &#8230; Me estrech\u00f3 la mano y se fue.\u201d&nbsp;<a name=\"R_4\" href=\"#N_4\">[4]<\/a><\/li>\n<\/ul>\n<\/div>\n<div class=\"c9hdr\">\n<a name=\"EVIDENCE\"><\/a>La Evidencia Revisada<\/div>\n<div style=\"padding-left: 30px\">\nMientras que todas las historias citadas precedentemente fueron publicadas en 2002 al tiempo del Primer Aniversario del 11-S, circularon tempranamente ese mismo a\u00f1o historias que brindaban una versi\u00f3n muy distinta de los hechos.<\/p>\n<ul style=\"padding-left: 30px\">\n<li>En un art\u00edculo del Tampa Tribune publicado el 1 de setiembre de 2002, la reportera Jennifer Bars dijo que luego del susurro de Card en el o\u00eddo del Presidente, Bush se mantuvo en silencio por alrededor de 30 segundos, luego levant\u00f3 su libro y continu\u00f3 leyendo con los ni\u00f1os \u201cpor ocho o nueve minutos\u201d.&nbsp;<a name=\"R_5\" href=\"#N_5\">[5]<\/a><\/li>\n<li>El art\u00edculo del Tampa Tribune, publicado 10 d\u00edas antes que el art\u00edculo sobre Sandra Kay Daniels citado precedentemente, indicaba que la misma Daniels hab\u00eda le\u00eddo a los ni\u00f1os \u201cpor ocho o nueve minutos\u201d. Agregaba que habiendo Daniels observado a Bush \u201ctan perdido en sus pensamientos\u201d que hasta \u201cse olvid\u00f3 del libro que ten\u00eda en su falda\u201d, supo que este se enfrentaba a un problema dif\u00edcil: \u201cNo pod\u00eda echarlo con delicadeza &#8230; no pod\u00eda decirle: OK Sr. Presidente, levante su libro, Se\u00f1or. El mundo entero est\u00e1 mirando.\u201d&nbsp;<a name=\"R_6\" href=\"#N_6\">[6]<\/a><\/li>\n<li>Distintos reportes indicaron que luego que el ejercicio de lectura hubo finalizado, \u201cBush continu\u00f3 hablando\u201d.&nbsp;<a name=\"R_7\" href=\"#N_7\">[7]<\/a> Estaba \u201cestirando el momento abiertamente\u201d e incluso \u201cse qued\u00f3 hasta que la prensa se hubo retirado\u201d escribi\u00f3 Bill Sammon (corresponsal de la Casa Blanca para el Washington Times), quien se refiri\u00f3 a Bush como el \u201cholgaz\u00e1n en jefe\u201d.&nbsp;<a name=\"R_8\" href=\"#N_8\">[8]<\/a><br \/>\nEl hecho de que Bush no abandon\u00f3 la clase r\u00e1pidamente fue confirmado por un video de la visita al sal\u00f3n de clases, filmado por el director de la TV por cable local y que estuvo disponible en internet a partir de junio de 2003.&nbsp;<a name=\"R_9\" href=\"#N_9\">[9]<\/a><\/li>\n<li>El Wall Street Journal report\u00f3 en marzo de 2004 que este video mostr\u00f3 a Bush \u201csiguiendo la lectura en voz alta de los ni\u00f1os sobre una cabrita, por cinco minutos\u201d.&nbsp;<a name=\"R_10\" href=\"#N_10\">[10]<\/a><\/li>\n<li>Esta grabaci\u00f3n se populariz\u00f3 al aparecer en el film de Michael Moore \u201c<a href=\"https:\/\/www.imdb.com\/title\/tt0361596\/reference\">Fahrenheit 9\/11<\/a>\u201d, estrenada en junio de 2004.<\/li>\n<li>Cuando la Casa Blanca fue contactada por el Wall Street Journal para su art\u00edculo de marzo de 2004, Dan Barlett, vocero, admiti\u00f3 que el Presidente permaneci\u00f3 en el sal\u00f3n por al menos siete minutos, explicando que Bush no se retir\u00f3 inmediatamente porque su primer instinto fue \u201cevitar asustar a los ni\u00f1os saliendo apresuradamente del aula\u201d.&nbsp;<a name=\"R_11\" href=\"#N_11\">[11]<\/a><\/li>\n<li>Sin embargo, a\u00fan aceptando esta explicaci\u00f3n, la verdadera pregunta, que el Wall Street Journal no realiz\u00f3, es por qu\u00e9, en el primer aniversario del 11-S, la Casa Blanca de Bush comenz\u00f3 a divulgar una mentira en relaci\u00f3n a la extensi\u00f3n del tiempo permanecido por aquel en la clase.<\/li>\n<\/ul>\n<p>&nbsp;<\/p>\n<p>\u00bfSe debe esto a que la Casa Blanca, habiendo presentando a Bush como un l\u00edder fuerte en su respuesta a los ataques del 11-S, quer\u00eda ocultar que este continu\u00f3 escuchando una lectura infantil en lugar de tomar acciones inmediatas como presidente y comandante en jefe? \u00bfSe debe a que el Servicio Secreto sab\u00eda (como se sugiere en el punto acerca del Presidente que no fue retirado de la escuela) que el pa\u00eds no se encontraba realmente \u201csiendo atacado\u201d por terroristas extranjeros?<\/p>\n<p>Cualquiera sea el motivo, la Casa Blanca de Bush utiliz\u00f3 los medios nacionales para hacer circular una falsa historia acerca del Presidente en el primer aniversario del 11-S.\n<\/p><\/div>\n<p class=\"c9np\"><a href=\"https:\/\/www.consensus911.org\/es\/punto-mc-1-sp\/\">&lt;&lt; Punto anterior<\/a>, <a href=\"https:\/\/www.consensus911.org\/es\/punto-mc-3-sp\/\">Siguiente punto &gt;&gt;<\/a><\/p>\n<div class=\"c9hdr\">\n<a name=\"REFS\"><\/a>Referencias para el Punto MC-2<\/div>\n<div class=\"c9refs\">\n<table class=\"ref_tbl\">\n<tr>\n<td class=\"ref_nrs\">\n<div class=\"refnrs\"><a name=\"N_1\" href=\"#R_1\">[1]<\/a><\/div>\n<\/td>\n<td class=\"ref_txt\">\n<div class=\"rtxt-es\">\n<i><a href=\"https:\/\/911commission.gov\/report\/911Report.pdf\"><i>The 9\/11 Commission Report<\/i><\/a> [Reporte de la Comisi\u00f3n del 11-S]<\/i> (2004), 38 (pdf:&nbsp;55).\n<\/div>\n<\/td>\n<\/tr>\n<tr>\n<td class=\"ref_nrs\">\n<div class=\"refnrs\"><a name=\"N_2\" href=\"#R_2\">[2]<\/a><\/div>\n<\/td>\n<td class=\"ref_txt\">\n<div class=\"rtxt-es\">\nAndrew Card, \u201c<a href=\"https:\/\/www.sfgate.com\/news\/article\/9-11-Voices-What-If-You-Had-To-Tell-The-2799179.php\">What If You Had to Tell the President?<\/a>\u201d, San Francisco Chronicle, 11 setiembre 2002. Del mismo modo, Card dijo a Brian Williams de NBC: \u201cMe alej\u00e9 del Presidente y apenas unos segundos despu\u00e9s, el Presidente se excus\u00f3 para salir del sal\u00f3n y nos reunimos para discutir la situaci\u00f3n\u201d <i>NBC News<\/i>, 9 setiembre, 2002. Algo similar declar\u00f3 para ABC News: \u201cEl Presidente aguard\u00f3 unos segundos hasta que los estudiantes terminaron y dijo, \u2018Muchas gracias por mostrarme sus habilidades de lectura\u2019 y se dirigi\u00f3 al aula vac\u00eda contigua\u201d, en <a href=\"http:\/\/s3.amazonaws.com\/911timeline\/2002\/abcnews091402.html\">\u201cSept. 11\u2019s Moments of Crisis: Part 1: Terror Hits the Towers,<\/a>\u201d <i>ABC News<\/i>, 14 setiembre 2002.\n<\/div>\n<\/td>\n<\/tr>\n<tr>\n<td class=\"ref_nrs\">\n<div class=\"refnrs\"><a name=\"N_3\" href=\"#R_3\">[3]<\/a><\/div>\n<\/td>\n<td class=\"ref_txt\">\n<div class=\"rtxt-es\">\n\u201c<a href=\"https:\/\/www.youtube.com\/watch?v=3ifUH2FwYvk\">9\/11 Interview with Campbell Brown<\/a>\u201d (<a href=\"http:\/\/www.consensus911.org\/wp-content\/uploads\/2019\/04\/MSNBC_Karl_Rove_9_11_interview.htm\">transcript<\/a>), <i>NBC News<\/i>, 11 setiembre 2002.\n<\/div>\n<\/td>\n<\/tr>\n<tr>\n<td class=\"ref_nrs\">\n<div class=\"refnrs\"><a name=\"N_4\" href=\"#R_4\">[4]<\/a><\/div>\n<\/td>\n<td class=\"ref_txt\">\n<div class=\"rtxt-es\">\nSandra Kay Daniels, \u201c<a href=\"https:\/\/web.archive.org\/web\/20151203143036\/http:\/\/pqasb.pqarchiver.com\/latimes\/doc\/421947171.html\">9\/11: A Year After\/Who We Are Now<\/a>\u201d (<a href=\"\/wp-content\/uploads\/2018\/12\/Sandra_Kay_Daniels_latimes_Dateien.zip\">backup<\/a>), <i>Los Angeles Times<\/i>, 11 setiembre 2002.\n<\/div>\n<\/td>\n<\/tr>\n<tr>\n<td class=\"ref_nrs\">\n<div class=\"refnrs\"><a name=\"N_5\" href=\"#R_5\">[5]<\/a><\/div>\n<\/td>\n<td class=\"ref_txt\">\n<div class=\"rtxt-es\">\nJennifer Barrs, \u201c<a href=\"http:\/\/s3.amazonaws.com\/911timeline\/2002\/tampatribune090102.html\">From a Whisper to a Tear<\/a>\u201d, Tampa Tribune, 1 setiembre 2002. Sobre la importancia de esta historia, m\u00e1s el hecho de que pr\u00e1cticamente ha desaparecido de internet ver, <a href=\"\/es\/miembros-del-panel-de-consenso-911-sp\/#WOODWORTH\">Elizabeth Woodworth<\/a>, \u201c<a href=\"https:\/\/web.archive.org\/web\/20090107105543\/http:\/\/911blogger.com\/node\/9847\">President Bush at the Florida School: New Conflicting Testimonies<\/a>\u201d, 7 julio 2007, <i>911Blogger.com<\/i>.\n<\/div>\n<\/td>\n<\/tr>\n<tr>\n<td class=\"ref_nrs\">\n<div class=\"refnrs\"><a name=\"N_6\" href=\"#R_6\">[6]<\/a><\/div>\n<\/td>\n<td class=\"ref_txt\">\n<div class=\"rtxt-es\">\nBarrs, \u201c<a href=\"http:\/\/s3.amazonaws.com\/911timeline\/2002\/tampatribune090102.html\">From a Whisper to a Tear<\/a>\u201d.\n<\/div>\n<\/td>\n<\/tr>\n<tr>\n<td class=\"ref_nrs\">\n<div class=\"refnrs\"><a name=\"N_7\" href=\"#R_7\">[7]<\/a><\/div>\n<\/td>\n<td class=\"ref_txt\">\n<div class=\"rtxt-es\">\n<a href=\"http:\/\/s3.amazonaws.com\/911timeline\/2002\/tampatribune090102.html\">Ibid.<\/a>; Bill Adair and Stephen Hegarty, \u201c<a href=\"https:\/\/web.archive.org\/web\/20020910122724\/http:\/\/www.sptimes.com\/2002\/09\/08\/911\/The_drama_in_Sarasota.shtml\">The Drama in Sarasota<\/a>\u201d, <i>St. Petersburg Times<\/i>, September 8, 2002.\n<\/div>\n<\/td>\n<\/tr>\n<tr>\n<td class=\"ref_nrs\">\n<div class=\"refnrs\"><a name=\"N_8\" href=\"#R_8\">[8]<\/a><\/div>\n<\/td>\n<td class=\"ref_txt\">\n<div class=\"rtxt-es\">\nBill Sammon, \u201c<a href=\"http:\/\/www.amazon.com\/Fighting-Back-Terrorism-Inside-White\/dp\/0895261499\">Fighting Back: The War on Terrorism: From Inside the Bush White House<\/a>\u201d (Washington: Regnery, 2002), 89-90.\n<\/div>\n<\/td>\n<\/tr>\n<tr>\n<td class=\"ref_nrs\">\n<div class=\"refnrs\"><a name=\"N_9\" href=\"#R_9\">[9]<\/a><\/div>\n<\/td>\n<td class=\"ref_txt\">\n<div class=\"rtxt-es\">\n\u201c<a href=\"https:\/\/www.youtube.com\/watch?v=ogEv9PgLssQ\">5-Minute Video of George W. Bush on the Morning of 9\/11<\/a>\u201d, (<i>YouTube: Uncle Steve<\/i>).\n<\/div>\n<\/td>\n<\/tr>\n<tr>\n<td class=\"ref_nrs\">\n<div class=\"refnrs\"><a name=\"N_10\" href=\"#R_10\">[10]<\/a><\/div>\n<\/td>\n<td class=\"ref_txt\">\n<div class=\"rtxt-es\">\nScot J. Paltrow, \u201c<a href=\"https:\/\/www.wsj.com\/articles\/SB107991342102561383\">Government Accounts of 9\/11 Reveal Gaps, Inconsistencies<\/a>\u201d, <i>Wall Street Journal<\/i>, 22 marzo 2004.\n<\/div>\n<\/td>\n<\/tr>\n<tr>\n<td class=\"ref_nrs\">\n<div class=\"refnrs\"><a name=\"N_11\" href=\"#R_11\">[11]<\/a><\/div>\n<\/td>\n<td class=\"ref_txt\">\n<div class=\"rtxt-es\">\n<a href=\"https:\/\/www.wsj.com\/articles\/SB107991342102561383\">Ibid.<\/a>\n<\/div>\n<\/td>\n<\/tr>\n<\/table>\n<\/div>\n<p><!-- c9refs -->\n<\/div>\n<p><!-- c9text --><\/p>\n","protected":false},"excerpt":{"rendered":"<p>Punto MC-2: Comunicado de la Casa Blanca sobre el tiempo permanecido<br \/>Punto MC-2: por el Presidente Bush en el Aula de Florida <\/p>\n<p class=\"c9np\"><a href=\"https:\/\/www.consensus911.org\/es\/punto-mc-1-sp\/\">&lt;&lt; Punto anterior<\/a>, <a href=\"https:\/\/www.consensus911.org\/es\/punto-mc-3-sp\/\">Siguiente punto &gt;&gt;<\/a><\/p>\n<p> <a name=\"INTRO\"><\/a>Introducci\u00f3n <\/p>\n<p style=\"padding-left: 30px\">Luego de que Bush ingresara al sal\u00f3n de clases en Sarasota, Florida, su jefe de personal, Andrew Card, susurr\u00f3 en [&#8230;]<\/p>\n","protected":false},"author":108,"featured_media":0,"parent":0,"menu_order":122,"comment_status":"closed","ping_status":"closed","template":"","meta":{"footnotes":""},"class_list":["post-3572","page","type-page","status-publish","hentry"],"jetpack_sharing_enabled":true,"_links":{"self":[{"href":"https:\/\/www.consensus911.org\/es\/wp-json\/wp\/v2\/pages\/3572","targetHints":{"allow":["GET"]}}],"collection":[{"href":"https:\/\/www.consensus911.org\/es\/wp-json\/wp\/v2\/pages"}],"about":[{"href":"https:\/\/www.consensus911.org\/es\/wp-json\/wp\/v2\/types\/page"}],"author":[{"embeddable":true,"href":"https:\/\/www.consensus911.org\/es\/wp-json\/wp\/v2\/users\/108"}],"replies":[{"embeddable":true,"href":"https:\/\/www.consensus911.org\/es\/wp-json\/wp\/v2\/comments?post=3572"}],"version-history":[{"count":5,"href":"https:\/\/www.consensus911.org\/es\/wp-json\/wp\/v2\/pages\/3572\/revisions"}],"predecessor-version":[{"id":20823,"href":"https:\/\/www.consensus911.org\/es\/wp-json\/wp\/v2\/pages\/3572\/revisions\/20823"}],"wp:attachment":[{"href":"https:\/\/www.consensus911.org\/es\/wp-json\/wp\/v2\/media?parent=3572"}],"curies":[{"name":"wp","href":"https:\/\/api.w.org\/{rel}","templated":true}]}}