{"id":3745,"date":"2012-09-05T03:53:47","date_gmt":"2012-09-05T10:53:47","guid":{"rendered":"http:\/\/www.consensus911.org\/?page_id=3745"},"modified":"2022-05-09T01:24:39","modified_gmt":"2022-05-09T08:24:39","slug":"punto-g-1-sp","status":"publish","type":"page","link":"https:\/\/www.consensus911.org\/es\/punto-g-1-sp\/","title":{"rendered":"Punto G-1 (Sp)"},"content":{"rendered":"<h4 class=\"c9h4\">Punto G-1: Controversia sobre Osama Bin Laden<\/h4>\n<div class=\"c9text-es\">\n<p class=\"c9np\"><a href=\"https:\/\/www.consensus911.org\/es\/punto-video-2-sp\/\">&lt;&lt; Punto anterior<\/a>, <a href=\"https:\/\/www.consensus911.org\/es\/punto-g-2-sp\/\">Siguiente punto &gt;&gt;<\/a><\/p>\n<div class=\"c9hdr\"><a name=\"OFFICIAL\"><\/a>La Versi\u00f3n Oficial<\/div>\n<p style=\"padding-left: 30px\">Osama bin Laden fue responsable de los ataques del 11-S.&nbsp;<a name=\"R_1\" href=\"#N_1\">[1]<\/a> <\/p>\n<div class=\"c9hdr\"><a name=\"EVIDENCE\"><\/a>La Evidencia Revisada<\/div>\n<p style=\"padding-left: 30px\">El FBI no incluy\u00f3 el 11-S entre los actos terroristas por los cuales Osama Bin Laden era buscado.&nbsp;<a name=\"R_2\" href=\"#N_2\">[2]<\/a> <\/p>\n<p style=\"padding-left: 30px\">Cuando se interrog\u00f3 acerca del porqu\u00e9 de esta omisi\u00f3n a Rex Tomb, (quien se hallaba a cargo de la publicidad investigativa para el FBI),&nbsp;<a name=\"R_3\" href=\"#N_3\">[3]<\/a> \u00e9ste asegur\u00f3 que el FBI no contaba con evidencia concreta que vinculara Bin Laden con el 11-S.&nbsp;<a name=\"R_4\" href=\"#N_4\">[4]<\/a><\/p>\n<p style=\"padding-left: 30px\">Asimismo, aunque el Secretario de Estado Colin Powell, el Primer Ministro Brit\u00e1nico Tony Blair y la Comisi\u00f3n del 11-S prometieron&nbsp;<a name=\"R_5\" href=\"#N_5\">[5]<\/a> evidencia que demostrara la responsabilidad de Bin Laden por los ataques, \u00e9sta nunca fue presentada.&nbsp;<a name=\"R_6\" href=\"#N_6\">[6]<\/a><\/p>\n<p class=\"c9np\"><a href=\"https:\/\/www.consensus911.org\/es\/punto-video-2-sp\/\">&lt;&lt; Punto anterior<\/a>, <a href=\"https:\/\/www.consensus911.org\/es\/punto-g-2-sp\/\">Siguiente punto &gt;&gt;<\/a><\/p>\n<p><a name=\"REFS\"><\/a><\/p>\n<div class=\"c9hdr\">Referencias para el Punto G-1<\/div>\n<div class=\"c9refs\">\n<table class=\"ref_tbl\">\n<tr>\n<td class=\"ref_nrs\">\n<div class=\"refnrs\"><a name=\"N_1\" href=\"#R_1\">[1]<\/a><\/div>\n<\/td>\n<td class=\"ref_txt\">\n<div class=\"rtxt-es\">\n<a href=\"https:\/\/911commission.gov\/report\/911Report.pdf\"><i>The 9\/11 Commission Report<\/i><\/a>, 2004\n<\/div>\n<\/td>\n<\/tr>\n<tr>\n<td class=\"ref_nrs\">\n<div class=\"refnrs\"><a name=\"N_2\" href=\"#R_2\">[2]<\/a><\/div>\n<\/td>\n<td class=\"ref_txt\">\n<div class=\"rtxt-es\">\nFederal Bureau of Investigation, \u201c<a href=\"http:\/\/web.archive.org\/web\/20101011161759\/http:\/www.fbi.gov\/wanted\/topten\/usama-bin-laden\">Most Wanted Terrorists<\/a>.\u201d\n<\/div>\n<\/td>\n<\/tr>\n<tr>\n<td class=\"ref_nrs\">\n<div class=\"refnrs\"><a name=\"N_3\" href=\"#R_3\">[3]<\/a><\/div>\n<\/td>\n<td class=\"ref_txt\">\n<div class=\"rtxt-es\">\nEd Haas, \u201c<a href=\"http:\/\/web.archive.org\/web\/20090207113442\/http:\/teamliberty.net\/id267.html\">FBI says, &#8216;No Hard Evidence Connecting Bin Laden to 9\/11&#8217;<\/a>\u201d, <i>Muckraker Report<\/i>, June 6, 2006.\n<\/div>\n<\/td>\n<\/tr>\n<tr>\n<td class=\"ref_nrs\">\n<div class=\"refnrs\"><a name=\"N_4\" href=\"#R_4\">[4]<\/a><\/div>\n<\/td>\n<td class=\"ref_txt\">\n<div class=\"rtxt-es\">\nFederal German Judge Dieter Deiseroth, in <a href=\"https:\/\/www.heise.de\/tp\/features\/Das-schreit-geradezu-nach-Aufklaerung-3383769.html\">a December 2009 article<\/a>, stated that no independent court has verified the evidence against bin Laden.<br \/>\n\u201c<a href=\"https:\/\/www.theguardian.com\/world\/2001\/oct\/14\/afghanistan.terrorism5\">Bush rejects Taliban offer to hand Bin Laden over<\/a>\u201d, <i>Guardian<\/i>, October 14, 2001. The Taliban said they would turn bin Laden over if the US provided evidence of his guilt.<br \/>\n\u201c<span class=\"deadlink\" title=\"anteriormente disponible en https:\/\/web.archive.org\/web\/20030421205426\/http:\/\/www.fromthewilderness.com\/timeline\/2001\/wpost102901.html\">Taliban Met With U.&nbsp;S. Often<\/span>: Talks centered on ways to hand over bin Laden\u201d, <i>Washington Post<\/i>, October 29, 2001. The Taliban asked for evidence of bin Laden&#8217;s guilt but it was not forthcoming.<br \/>\n\u201c<span class=\"deadlink\" title=\"anteriormente disponible en http:\/\/news.bbc.co.uk\/2\/hi\/americas\/1581063.stm\">The investigation and the evidence<\/span>\u201d (<a href=\"http:\/\/www.consensus911.org\/wp-content\/uploads\/2022\/05\/BBC_News_AMERICAS_The_investigation_and_the_evidence.zip\">backup<\/a>), <i>BBC News<\/i>, October 5, 2001. \u201cThere is no direct evidence in the public domain linking Osama Bin Laden to the 11 September attacks.\u201d\n<\/div>\n<\/td>\n<\/tr>\n<tr>\n<td class=\"ref_nrs\">\n<div class=\"refnrs\"><a name=\"N_5\" href=\"#R_5\">[5]<\/a><\/div>\n<\/td>\n<td class=\"ref_txt\">\n<div class=\"rtxt-es\">\n<i>Powell<\/i>: \u201c<a href=\"https:\/\/web.archive.org\/web\/20010924021324\/http:\/\/www.washingtonpost.com\/wp-srv\/nation\/specials\/attacked\/transcripts\/nbctext092301.html\">Meet the Press<\/a>\u201d, NBC, September 23, 2001.<br \/><i>Blair<\/i>: Tony Blair: Office of the Prime Minister, \u201c<a href=\"http:\/\/news.bbc.co.uk\/2\/hi\/uk_news\/politics\/1579043.stm\">Responsibility for the Terrorist Atrocities in the United States<\/a>\u201d, <i>BBC News<\/i>, October 4, 2001.\n<\/div>\n<\/td>\n<\/tr>\n<tr>\n<td class=\"ref_nrs\">\n<div class=\"refnrs\"><a name=\"N_6\" href=\"#R_6\">[6]<\/a><\/div>\n<\/td>\n<td class=\"ref_txt\">\n<div class=\"rtxt-es\">\n<i>Powell<\/i>: \u201c<a href=\"https:\/\/avalon.law.yale.edu\/sept11\/president_026.asp\">Remarks by the President, Secretary of the Treasury O\u2019Neill and Secretary of State Powell on Executive Order<\/a>\u201d, White House, September 24, 2001.<br \/>Seymour M. Hersh, \u201c<a href=\"http:\/\/web.archive.org\/web\/20080819222256\/http:\/cicentre.com\/Documents\/DOC_Hersch_OCT_01.htm\">What Went Wrong: The C.I.A. and the Failure of American Intelligence<\/a>\u201d, <i>New Yorker<\/i>, October 1, 2001.<br \/><i>Blair<\/i>: Tony Blair: Office of the Prime Minister, \u201c<a href=\"http:\/\/news.bbc.co.uk\/2\/hi\/uk_news\/politics\/1579043.stm\">Responsibility for the Terrorist Atrocities in the United States<\/a>\u201d, <i>BBC News<\/i>, October 4, 2001. The government\u2019s document stated that it \u201cdoes not purport to provide a prosecutable case against Osama Bin Laden in a court of law.\u201d<br \/><a href=\"https:\/\/911commission.gov\/report\/911Report.pdf\"><i>The 9\/11 Commission Report<\/i><\/a> (2004). All statements of bin Laden\u2019s responsibility were based on interrogations of KSM [<a href=\"https:\/\/es.wikipedia.org\/wiki\/J%C3%A1lid_Sheij_Moh%C3%A1med\">Khalid Sheik Mohammed<\/a>], under torture. See <i>The 9\/11 Commission Report<\/i> notes at Ch. 5, notes 1, 10, 11, 16, 32, 40, and 41.\n<\/div>\n<\/td>\n<\/tr>\n<\/table>\n<\/div>\n<p><!-- c9refs -->\n<\/div>\n<p><!-- c9text --><\/p>\n","protected":false},"excerpt":{"rendered":"<p>Punto G-1: Controversia sobre Osama Bin Laden <\/p>\n<p class=\"c9np\"><a href=\"https:\/\/www.consensus911.org\/es\/punto-video-2-sp\/\">&lt;&lt; Punto anterior<\/a>, <a href=\"https:\/\/www.consensus911.org\/es\/punto-g-2-sp\/\">Siguiente punto &gt;&gt;<\/a><\/p>\n<p> <a name=\"OFFICIAL\"><\/a>La Versi\u00f3n Oficial <\/p>\n<p style=\"padding-left: 30px\">Osama bin Laden fue responsable de los ataques del 11-S.&nbsp;<a name=\"R_1\" href=\"#N_1\">[1]<\/a> <\/p>\n<p> <a name=\"EVIDENCE\"><\/a>La Evidencia Revisada <\/p>\n<p style=\"padding-left: 30px\">El FBI no incluy\u00f3 el 11-S entre los actos terroristas por los cuales Osama [&#8230;]<\/p>\n","protected":false},"author":108,"featured_media":0,"parent":0,"menu_order":118,"comment_status":"closed","ping_status":"closed","template":"","meta":{"footnotes":""},"class_list":["post-3745","page","type-page","status-publish","hentry"],"jetpack_sharing_enabled":true,"_links":{"self":[{"href":"https:\/\/www.consensus911.org\/es\/wp-json\/wp\/v2\/pages\/3745","targetHints":{"allow":["GET"]}}],"collection":[{"href":"https:\/\/www.consensus911.org\/es\/wp-json\/wp\/v2\/pages"}],"about":[{"href":"https:\/\/www.consensus911.org\/es\/wp-json\/wp\/v2\/types\/page"}],"author":[{"embeddable":true,"href":"https:\/\/www.consensus911.org\/es\/wp-json\/wp\/v2\/users\/108"}],"replies":[{"embeddable":true,"href":"https:\/\/www.consensus911.org\/es\/wp-json\/wp\/v2\/comments?post=3745"}],"version-history":[{"count":5,"href":"https:\/\/www.consensus911.org\/es\/wp-json\/wp\/v2\/pages\/3745\/revisions"}],"predecessor-version":[{"id":21531,"href":"https:\/\/www.consensus911.org\/es\/wp-json\/wp\/v2\/pages\/3745\/revisions\/21531"}],"wp:attachment":[{"href":"https:\/\/www.consensus911.org\/es\/wp-json\/wp\/v2\/media?parent=3745"}],"curies":[{"name":"wp","href":"https:\/\/api.w.org\/{rel}","templated":true}]}}