{"id":3747,"date":"2012-09-05T02:26:22","date_gmt":"2012-09-05T09:26:22","guid":{"rendered":"http:\/\/www.consensus911.org\/?page_id=3747"},"modified":"2018-03-24T03:00:41","modified_gmt":"2018-03-24T10:00:41","slug":"punto-tt-1-sp","status":"publish","type":"page","link":"https:\/\/www.consensus911.org\/es\/punto-tt-1-sp\/","title":{"rendered":"Punto TT-1 (sp)"},"content":{"rendered":"<h4 class=\"c9h4\">Punto TT-1: Controversia acerca de la Destrucci\u00f3n de las Torres Gemelas <br \/><span style=\"color: #ffffff\">Punto TT-1:<\/span> S\u00f3lo el Impacto, el Combustible para Aviones y el Fuego<\/h4>\n<div class=\"c9text-es\">\n<p class=\"c9np\"><a href=\"https:\/\/www.consensus911.org\/es\/punto-g-2-sp\/\">&lt;&lt; Punto anterior<\/a>, <a href=\"https:\/\/www.consensus911.org\/es\/punto-tt-2-sp\/\">Siguiente punto &gt;&gt;<\/a><\/p>\n<div class=\"c9hdr\"><a name=\"OFFICIAL\"><\/a>La Versi\u00f3n Oficial<\/div>\n<p style=\"padding-left: 30px\">Las Torres Gemelas se derrumbaron por el impacto de los aviones, su combustible e incendios dentro de las oficinas.&nbsp;<a name=\"R_1\" href=\"#N_1\">[1]<\/a><\/p>\n<div class=\"c9hdr\"><a name=\"EVIDENCE\"><\/a>La Evidencia Revisada<\/div>\n<p style=\"padding-left: 30px\">La experiencia, basada en la observaci\u00f3n directa y el conocimiento cient\u00edfico, muestra que los incendios en las oficinas, a\u00fan con la ayuda del combustible para aviones, no podr\u00edan haber alcanzado temperaturas mayores a 1000 grados Celsius (1800 grados Fahrenheit).&nbsp;<a name=\"R_2\" href=\"#N_2\">[2]<\/a> Sin embargo, m\u00faltiples informes cient\u00edficos revelan que las muestras de metales halladas en las Torres Gemelas estaban derretidas. Estos metales inclu\u00edan acero, hierro y molibdeno, los cuales no se derriten hasta alcanzar temperaturas de 1482\u00b0C, 1538\u00b0C y 2,623\u00b0C respectivamente.<\/p>\n<p class=\"c9np\"><a href=\"https:\/\/www.consensus911.org\/es\/punto-g-2-sp\/\">&lt;&lt; Punto anterior<\/a>, <a href=\"https:\/\/www.consensus911.org\/es\/punto-tt-2-sp\/\">Siguiente punto &gt;&gt;<\/a><\/p>\n<div class=\"c9hdr\"><a name=\"REFS\"><\/a>Referencias para el Punto TT-1<\/div>\n<div class=\"c9refs\">\n<table class=\"ref_tbl\">\n<tr>\n<td class=\"ref_nrs\">\n<div class=\"refnrs\"><a name=\"N_1\" href=\"#R_1\">[1]<\/a><\/div>\n<\/td>\n<td class=\"ref_txt\">\n<div class=\"rtxt-es\">\nNIST, <a href=\"https:\/\/ws680.nist.gov\/publication\/get_pdf.cfm?pub_id=909017\"><i>Final Report on the Collapse of the World Trade Center Towers<\/i><\/a>, September 2005, p.&nbsp;15. Regarding airplane impacts, see pp. 150-51; Jet fuel, pp. 24, 42; Fires, pp. 91, 127, 183.\n<\/div>\n<\/td>\n<\/tr>\n<tr>\n<td class=\"ref_nrs\">\n<div class=\"refnrs\"><a name=\"N_2\" href=\"#R_2\">[2]<\/a><\/div>\n<\/td>\n<td class=\"ref_txt\">\n<div class=\"rtxt-es\">\nRJ Lee Group, \u201c<a href=\"http:\/\/911research.wtc7.net\/essays\/thermite\/cache\/nyenvirolaw_WTCDustSignatureCompositionAndMorphology.pdf\">WTC Dust Signature Report: Composition and Morphology<\/a>\u201d, December 2003, p.&nbsp;21.<br \/>\nRJ Lee Group, \u201c<a href=\"http:\/\/web.archive.org\/web\/20131204202627\/http:\/\/www.ae911truth.org\/documents\/WTCDustSignature_ExpertReport.051304.1646.mp_.pdf\">Expert Report: WTC Dust Signature<\/a>\u201d, May 2004, p.&nbsp;12.<br \/>\nHeather A. Lowers and Gregory P. Meeker, US Geological Survey, US Department of the Interior, \u201c<a href=\"https:\/\/pubs.usgs.gov\/of\/2005\/1165\/508OF05-1165.html\">Particle Atlas of World Trade Center Dust<\/a>\u201d, 2005.<br \/>\n<a href=\"\/es\/miembros-del-panel-de-consenso-911-sp\/#JONES\">Steven E. Jones<\/a> et al., \u201c<a href=\"https:\/\/www.journalof911studies.com\/articles\/WTCHighTemp2.pdf\">Extremely high temperatures during the World Trade Center destruction<\/a>\u201d, <i>Journal of 9\/11 Studies<\/i> 19 (January 2008).<br \/>\nFor discussion and summary, see <a href=\"\/es\/miembros-del-panel-de-consenso-911-sp\/#GRIFFIN\">David Ray Griffin<\/a>, <a href=\"http:\/\/www.amazon.es\/Mysterious-Collapse-World-Trade-Center\/dp\/1566567866\/\"><i>The Mysterious Collapse of World Trade Center 7<\/i><\/a>, pp. 39-44.\n<\/div>\n<\/td>\n<\/tr>\n<\/table>\n<\/div>\n<p><!-- c9refs -->\n<\/div>\n<p><!-- c9text --><\/p>\n","protected":false},"excerpt":{"rendered":"<p>Punto TT-1: Controversia acerca de la Destrucci\u00f3n de las Torres Gemelas <br \/>Punto TT-1: S\u00f3lo el Impacto, el Combustible para Aviones y el Fuego <\/p>\n<p class=\"c9np\"><a href=\"https:\/\/www.consensus911.org\/es\/punto-g-2-sp\/\">&lt;&lt; Punto anterior<\/a>, <a href=\"https:\/\/www.consensus911.org\/es\/punto-tt-2-sp\/\">Siguiente punto &gt;&gt;<\/a><\/p>\n<p> <a name=\"OFFICIAL\"><\/a>La Versi\u00f3n Oficial <\/p>\n<p style=\"padding-left: 30px\">Las Torres Gemelas se derrumbaron por el impacto de los aviones, su combustible e incendios dentro [&#8230;]<\/p>\n","protected":false},"author":108,"featured_media":0,"parent":0,"menu_order":139,"comment_status":"closed","ping_status":"closed","template":"","meta":{"footnotes":""},"class_list":["post-3747","page","type-page","status-publish","hentry"],"jetpack_sharing_enabled":true,"_links":{"self":[{"href":"https:\/\/www.consensus911.org\/es\/wp-json\/wp\/v2\/pages\/3747","targetHints":{"allow":["GET"]}}],"collection":[{"href":"https:\/\/www.consensus911.org\/es\/wp-json\/wp\/v2\/pages"}],"about":[{"href":"https:\/\/www.consensus911.org\/es\/wp-json\/wp\/v2\/types\/page"}],"author":[{"embeddable":true,"href":"https:\/\/www.consensus911.org\/es\/wp-json\/wp\/v2\/users\/108"}],"replies":[{"embeddable":true,"href":"https:\/\/www.consensus911.org\/es\/wp-json\/wp\/v2\/comments?post=3747"}],"version-history":[{"count":5,"href":"https:\/\/www.consensus911.org\/es\/wp-json\/wp\/v2\/pages\/3747\/revisions"}],"predecessor-version":[{"id":19990,"href":"https:\/\/www.consensus911.org\/es\/wp-json\/wp\/v2\/pages\/3747\/revisions\/19990"}],"wp:attachment":[{"href":"https:\/\/www.consensus911.org\/es\/wp-json\/wp\/v2\/media?parent=3747"}],"curies":[{"name":"wp","href":"https:\/\/api.w.org\/{rel}","templated":true}]}}