{"id":3765,"date":"2012-09-05T03:58:18","date_gmt":"2012-09-05T10:58:18","guid":{"rendered":"http:\/\/www.consensus911.org\/?page_id=3765"},"modified":"2018-02-08T14:14:25","modified_gmt":"2018-02-08T22:14:25","slug":"punto-tt-3-sp","status":"publish","type":"page","link":"https:\/\/www.consensus911.org\/es\/punto-tt-3-sp\/","title":{"rendered":"Punto TT-3 (Sp)"},"content":{"rendered":"<h4 class=\"c9h4\">Punto TT-3: Comunicado que excluye explosiones dentro de las Torres Gemelas<\/h4>\n<div class=\"c9text-es\">\n<p class=\"c9np\"><a href=\"https:\/\/www.consensus911.org\/es\/punto-tt-2-sp\/\">&lt;&lt; Punto anterior<\/a>, <a href=\"https:\/\/www.consensus911.org\/es\/punto-tt-4-sp\/\">Siguiente punto &gt;&gt;<\/a><\/p>\n<p><a name=\"OFFICIAL\"><\/a><\/p>\n<div class=\"c9hdr\">La Versi\u00f3n Oficial<\/div>\n<p style=\"padding-left: 30px\">El Instituto Nacional de Est\u00e1ndares y Tecnolog\u00eda (NIST) escribi\u00f3 en su informe que nadie, incluidos los miembros del Departamento de Bomberos de Nueva York, present\u00f3 evidencia de explosiones dentro de las Torres Gemelas.&nbsp;<a name=\"R_1\" href=\"#N_1\">[1]<\/a><\/p>\n<p><a name=\"EVIDENCE\"><\/a><\/p>\n<div class=\"c9hdr\">La Evidencia Revisada<\/div>\n<p style=\"padding-left: 30px\">M\u00e1s de 100 de los aproximadamente 500 miembros del Departamento de Bomberos de Nueva York que se encontraban en el lugar ese d\u00eda reportaron&nbsp;<a name=\"R_2\" href=\"#N_2\">[2]<\/a> lo que describieron como explosiones en las Torres Gemelas. Reportes similares&nbsp;<a name=\"R_3\" href=\"#N_3\">[3]<\/a> fueron dados por periodistas, oficiales de polic\u00eda y empleados del World Trade Center.<\/p>\n<p class=\"c9np\"><a href=\"https:\/\/www.consensus911.org\/es\/punto-tt-2-sp\/\">&lt;&lt; Punto anterior<\/a>, <a href=\"https:\/\/www.consensus911.org\/es\/punto-tt-4-sp\/\">Siguiente punto &gt;&gt;<\/a><\/p>\n<p><a name=\"REFS\"><\/a><\/p>\n<div class=\"c9hdr\">Referencias para el Punto TT-3<\/div>\n<div class=\"c9refs\">\n<table class=\"ref_tbl\">\n<tr>\n<td class=\"ref_nrs\">\n<div class=\"refnrs\"><a name=\"N_1\" href=\"#R_1\">[1]<\/a><\/div>\n<\/td>\n<td class=\"ref_txt\">\n<div class=\"rtxt-es\">\nNIST, \u201c<a href=\"https:\/\/www.nist.gov\/pba\/national-institute-standards-and-technology-nist-federal-building-and-fire-safety-investigation\">Answers to Frequently Asked Questions<\/a>\u201d, August 30, 2006, Question 2.\n<\/div>\n<\/td>\n<\/tr>\n<tr>\n<td class=\"ref_nrs\">\n<div class=\"refnrs\"><a name=\"N_2\" href=\"#R_2\">[2]<\/a><\/div>\n<\/td>\n<td class=\"ref_txt\">\n<div class=\"rtxt-es\">\n<a href=\"\/es\/miembros-del-panel-de-consenso-911-sp\/#MACQUEEN\">Graeme MacQueen<\/a>, \u201c<a href=\"https:\/\/www.journalof911studies.com\/articles\/Article_5_118Witnesses_WorldTradeCenter.pdf\">118 Witnesses: The Firefighters&#8217; Testimony to Explosions in the Twin Towers<\/a>\u201d, <i>Journal of 9\/11 Studies<\/i>, Vol. 2\/August 2006, 47-106.\n<\/div>\n<\/td>\n<\/tr>\n<tr>\n<td class=\"ref_nrs\">\n<div class=\"refnrs\"><a name=\"N_3\" href=\"#R_3\">[3]<\/a><\/div>\n<\/td>\n<td class=\"ref_txt\">\n<div class=\"rtxt-es\">\nReports by journalists, police officers, WTC employees are summarized here: <a href=\"\/es\/miembros-del-panel-de-consenso-911-sp\/#GRIFFIN\">David Ray Griffin<\/a>, \u201c<a href=\"https:\/\/911truth.org\/explosive-testimony-revelations-twin-towers-911-oral-histories\/\">Explosive Testimony: Revelations about the Twin Towers in the 9\/11 Oral Histories<\/a>\u201d, <a href=\"https:\/\/911truth.org\/\">911Truth.org<\/a>, January 18, 2006.\n<\/div>\n<\/td>\n<\/tr>\n<\/table>\n<\/div>\n<p><!-- c9refs -->\n<\/div>\n<p><!-- c9text --><\/p>\n","protected":false},"excerpt":{"rendered":"<p>Punto TT-3: Comunicado que excluye explosiones dentro de las Torres Gemelas <\/p>\n<p class=\"c9np\"><a href=\"https:\/\/www.consensus911.org\/es\/punto-tt-2-sp\/\">&lt;&lt; Punto anterior<\/a>, <a href=\"https:\/\/www.consensus911.org\/es\/punto-tt-4-sp\/\">Siguiente punto &gt;&gt;<\/a><\/p>\n<p><a name=\"OFFICIAL\"><\/a><\/p>\n<p> La Versi\u00f3n Oficial <\/p>\n<p style=\"padding-left: 30px\">El Instituto Nacional de Est\u00e1ndares y Tecnolog\u00eda (NIST) escribi\u00f3 en su informe que nadie, incluidos los miembros del Departamento de Bomberos de Nueva York, present\u00f3 evidencia de explosiones [&#8230;]<\/p>\n","protected":false},"author":108,"featured_media":0,"parent":0,"menu_order":143,"comment_status":"closed","ping_status":"closed","template":"","meta":{"footnotes":""},"class_list":["post-3765","page","type-page","status-publish","hentry"],"jetpack_sharing_enabled":true,"_links":{"self":[{"href":"https:\/\/www.consensus911.org\/es\/wp-json\/wp\/v2\/pages\/3765","targetHints":{"allow":["GET"]}}],"collection":[{"href":"https:\/\/www.consensus911.org\/es\/wp-json\/wp\/v2\/pages"}],"about":[{"href":"https:\/\/www.consensus911.org\/es\/wp-json\/wp\/v2\/types\/page"}],"author":[{"embeddable":true,"href":"https:\/\/www.consensus911.org\/es\/wp-json\/wp\/v2\/users\/108"}],"replies":[{"embeddable":true,"href":"https:\/\/www.consensus911.org\/es\/wp-json\/wp\/v2\/comments?post=3765"}],"version-history":[{"count":5,"href":"https:\/\/www.consensus911.org\/es\/wp-json\/wp\/v2\/pages\/3765\/revisions"}],"predecessor-version":[{"id":19740,"href":"https:\/\/www.consensus911.org\/es\/wp-json\/wp\/v2\/pages\/3765\/revisions\/19740"}],"wp:attachment":[{"href":"https:\/\/www.consensus911.org\/es\/wp-json\/wp\/v2\/media?parent=3765"}],"curies":[{"name":"wp","href":"https:\/\/api.w.org\/{rel}","templated":true}]}}