{"id":3770,"date":"2012-09-05T04:04:52","date_gmt":"2012-09-05T11:04:52","guid":{"rendered":"http:\/\/www.consensus911.org\/?page_id=3770"},"modified":"2024-02-06T08:21:15","modified_gmt":"2024-02-06T16:21:15","slug":"punto-tt-4-sp","status":"publish","type":"page","link":"https:\/\/www.consensus911.org\/es\/punto-tt-4-sp\/","title":{"rendered":"Punto TT-4 (Sp)"},"content":{"rendered":"<h4 class=\"c9h4\">Punto TT-4: Una Nuevo Comunicado Excluyendo Explosiones dentro de<br \/>\n<span style=\"color: #ffffff\">Punto TT-4:<\/span> las Torres Gemelas<\/h4>\n<div class=\"c9text-es\">\n<p class=\"c9np\"><a href=\"https:\/\/www.consensus911.org\/es\/punto-tt-3-sp\/\">&lt;&lt; Punto anterior<\/a>, <a href=\"https:\/\/www.consensus911.org\/es\/punto-tt-5-sp\/\">Siguiente punto &gt;&gt;<\/a><\/p>\n<div class=\"c9hdr\"><a name=\"OFFICIAL\"><\/a>La Versi\u00f3n Oficial<\/div>\n<p style=\"padding-left: 30px\">El 11 de setiembre, las Torres Gemelas se derrumbaron debido al da\u00f1o producido por el impacto de los aviones en combinaci\u00f3n con incendios iniciados por su combustible. Luego de arder por 101 y 56 minutos respectivamente las torres norte y sur se derrumbaron r\u00e1pidamente pero sin la ayuda de explosivos.&nbsp;<a name=\"R_1\" href=\"#N_1\">[1]<\/a><\/p>\n<div class=\"c9hdr\"><a name=\"EVIDENCE\"><\/a>La Evidencia Revisada<\/div>\n<p style=\"padding-left: 30px\">Las Torres Gemelas fueron construidas&nbsp;<a name=\"R_2\" href=\"#N_2\">[2]<\/a> para soportar el impacto de aviones comerciales del tama\u00f1o y velocidad aproximados de aquellos que las chocaron. Y Los incendios en las oficinas, a\u00fan estando alimentados por el combustible de avi\u00f3n (que es esencialmente keroseno), no hubieran podido debilitar&nbsp;<a name=\"R_3\" href=\"#N_3\">[3]<\/a> la estructura de acero de estos edificios lo suficiente para que colapsen tan s\u00fabitamente como lo hicieron.<\/p>\n<p style=\"padding-left: 30px\">S\u00f3lo los sectores superiores de los edificios fueron da\u00f1ados por los impactos y los incendios que de ellos resultaron, dado que las estructuras de acero, m\u00e1s pesadas hacia la base, eran como pir\u00e1mides&nbsp;<a name=\"R_4\" href=\"#N_4\">[4]<\/a> en t\u00e9rminos de resistencia. Es as\u00ed como la versi\u00f3n oficial que descarta el uso de explosivos, no puede explicar porque los edificios colapsaron completamente.<\/p>\n<p class=\"c9np\"><a href=\"https:\/\/www.consensus911.org\/es\/punto-tt-3-sp\/\">&lt;&lt; Punto anterior<\/a>, <a href=\"https:\/\/www.consensus911.org\/es\/punto-tt-5-sp\/\">Siguiente punto &gt;&gt;<\/a><\/p>\n<div class=\"c9hdr\"><a name=\"REFS\"><\/a>Referencias para el Punto TT-4<\/div>\n<div class=\"c9refs\">\n<table class=\"ref_tbl\">\n<tbody>\n<tr>\n<td class=\"ref_nrs\">\n<div class=\"refnrs\"><a name=\"N_1\" href=\"#R_1\">[1]<\/a><\/div>\n<\/td>\n<td class=\"ref_txt\">\n<div class=\"rtxt-es\">\n\u201cNIST found no corroborating evidence for alternative hypotheses suggesting that the WTC towers were brought down by controlled demolition using explosives planted prior to September 11, 2001.\u201d NIST NCSTAR 1, <a href=\"https:\/\/ws680.nist.gov\/publication\/get_pdf.cfm?pub_id=909017\"><i>Final Report on the Collapse of the World Trade Center Towers<\/i><\/a>, September 2005, p.&nbsp;xxxviii.<\/div>\n<\/td>\n<\/tr>\n<tr>\n<td class=\"ref_nrs\">\n<div class=\"refnrs\"><a name=\"N_2\" href=\"#R_2\">[2]<\/a><\/div>\n<\/td>\n<td class=\"ref_txt\">\n<div class=\"rtxt-es\">\nFederal Emergency Management Agency, (2002), <a href=\"https:\/\/web.archive.org\/web\/20140713090202\/https:\/\/www.fema.gov\/media-library\/assets\/documents\/3544\"><i>World Trade Center Building Performance Study<\/i><\/a>: Data Collection, Preliminary Observations, and Recommendations.<br \/>\n\u201c<a href=\"http:\/\/911research.wtc7.net\/cache\/wtc\/analysis\/medserv_collapseshocks.html\">Towers collapse shocks engineers<\/a>\u201d, <i>MedServ<\/i>, 9\/11\/01.<br \/>\n\u201c<a href=\"https:\/\/archive.seattletimes.com\/archive\/?date=19930227&amp;slug=1687698\">Twin Towers Engineered To Withstand Jet Collision<\/a>\u201d, <i>Seattle Times<\/i>, February 2, 1993.<\/div>\n<\/td>\n<\/tr>\n<tr>\n<td class=\"ref_nrs\">\n<div class=\"refnrs\"><a name=\"N_3\" href=\"#R_3\">[3]<\/a><\/div>\n<\/td>\n<td class=\"ref_txt\">\n<div class=\"rtxt-es\">\n\u201c<a href=\"https:\/\/www.youtube.com\/watch?v=e-wE2yppTDI\">Twin Tower Fires Not Hot Enough to Melt or Weaken Steel<\/a>.\u201d<\/div>\n<\/td>\n<\/tr>\n<tr>\n<td class=\"ref_nrs\">\n<div class=\"refnrs\"><a name=\"N_4\" href=\"#R_4\">[4]<\/a><\/div>\n<\/td>\n<td class=\"ref_txt\">\n<div class=\"rtxt-es\">\nArchitect Mario Salvadori explains: \u201cThe load on the columns increases with the number of floors of the building, and their weight must vary in the same proportion.\u201d (Dr. Mario Salvadori, \u201c<a href=\"http:\/\/www.amazon.com\/Why-Buildings-Stand-Up-Architecture\/dp\/0393306763\/\">Why Buildings Stand Up<\/a>\u201d, New York: W.W. Norton, 1980, p.&nbsp;117). The lower the floors, the stronger the steel structures. So even if the impacts and fires had caused the top sections of these buildings to collapse, the collapses would have been arrested by the lower floors.<\/div>\n<\/td>\n<\/tr>\n<\/tbody>\n<\/table>\n<\/div>\n<p><!-- c9refs --><\/p>\n<\/div>\n<p><!-- c9text --><\/p>\n","protected":false},"excerpt":{"rendered":"<p>Punto TT-4: Una Nuevo Comunicado Excluyendo Explosiones dentro de<br \/> Punto TT-4: las Torres Gemelas <\/p>\n<p class=\"c9np\"><a href=\"https:\/\/www.consensus911.org\/es\/punto-tt-3-sp\/\">&lt;&lt; Punto anterior<\/a>, <a href=\"https:\/\/www.consensus911.org\/es\/punto-tt-5-sp\/\">Siguiente punto &gt;&gt;<\/a><\/p>\n<p> <a name=\"OFFICIAL\"><\/a>La Versi\u00f3n Oficial <\/p>\n<p style=\"padding-left: 30px\">El 11 de setiembre, las Torres Gemelas se derrumbaron debido al da\u00f1o producido por el impacto de los aviones en combinaci\u00f3n con incendios iniciados por [&#8230;]<\/p>\n","protected":false},"author":108,"featured_media":0,"parent":0,"menu_order":145,"comment_status":"closed","ping_status":"closed","template":"","meta":{"footnotes":""},"class_list":["post-3770","page","type-page","status-publish","hentry"],"jetpack_sharing_enabled":true,"_links":{"self":[{"href":"https:\/\/www.consensus911.org\/es\/wp-json\/wp\/v2\/pages\/3770","targetHints":{"allow":["GET"]}}],"collection":[{"href":"https:\/\/www.consensus911.org\/es\/wp-json\/wp\/v2\/pages"}],"about":[{"href":"https:\/\/www.consensus911.org\/es\/wp-json\/wp\/v2\/types\/page"}],"author":[{"embeddable":true,"href":"https:\/\/www.consensus911.org\/es\/wp-json\/wp\/v2\/users\/108"}],"replies":[{"embeddable":true,"href":"https:\/\/www.consensus911.org\/es\/wp-json\/wp\/v2\/comments?post=3770"}],"version-history":[{"count":5,"href":"https:\/\/www.consensus911.org\/es\/wp-json\/wp\/v2\/pages\/3770\/revisions"}],"predecessor-version":[{"id":21959,"href":"https:\/\/www.consensus911.org\/es\/wp-json\/wp\/v2\/pages\/3770\/revisions\/21959"}],"wp:attachment":[{"href":"https:\/\/www.consensus911.org\/es\/wp-json\/wp\/v2\/media?parent=3770"}],"curies":[{"name":"wp","href":"https:\/\/api.w.org\/{rel}","templated":true}]}}