{"id":3782,"date":"2012-09-05T04:19:38","date_gmt":"2012-09-05T11:19:38","guid":{"rendered":"http:\/\/www.consensus911.org\/?page_id=3782"},"modified":"2025-08-16T06:40:04","modified_gmt":"2025-08-16T13:40:04","slug":"punto-wtc7-1-sp","status":"publish","type":"page","link":"https:\/\/www.consensus911.org\/es\/punto-wtc7-1-sp\/","title":{"rendered":"Punto WTC7-1 (Sp)"},"content":{"rendered":"<h4 class=\"c9h4\">Punto WTC7-1: El comunicado afirmando que la Torre 7 del World Trade<br \/><span style=\"color: #ffffff\">Punto WTC7-1:<\/span> Center colaps\u00f3 S\u00f3lo por el Fuego<\/h4>\n<div class=\"c9text-es\">\n<p class=\"c9np\"><a href=\"https:\/\/www.consensus911.org\/es\/punto-tt-5-sp\/\">&lt;&lt; Punto anterior<\/a>, <a href=\"https:\/\/www.consensus911.org\/es\/punto-wtc7-2-sp\/\">Siguiente punto &gt;&gt;<\/a><\/p>\n<p><a name=\"OFFICIAL\"><\/a><\/p>\n<div class=\"c9hdr\">La Versi\u00f3n Oficial<\/div>\n<p style=\"padding-left: 30px\">El Instituto Nacional de Est\u00e1ndares y Tecnolog\u00eda sugiri\u00f3 originalmente&nbsp;<a name=\"R_1\" href=\"#N_1\">[1]<\/a> que el World Trade Center (Edificio) 7 se derrumb\u00f3 por el da\u00f1o estructural en combinaci\u00f3n con un incendio atroz alimentado por combustible di\u00e9sel. Sin embargo, en su <i>Reporte Final<\/i> (en noviembre 2008)&nbsp;<a name=\"R_2\" href=\"#N_2\">[2]<\/a> NIST declaro que ni combustible di\u00e9sel ni da\u00f1o estructural tuvieron un papel en el derrumbo de este edificio, y que este edificio, que no fue impactado por un avi\u00f3n, se derrumb\u00f3 solo por causa de fuego.<\/p>\n<p><a name=\"EVIDENCE\"><\/a><\/p>\n<div class=\"c9hdr\">La Evidencia Revisada<\/div>\n<p style=\"padding-left: 30px\">Ni antes ni despu\u00e9s del 11-S ha sucedido que un rascacielos con estructura de acero colapsara debido a un incendio.&nbsp;<a name=\"R_3\" href=\"#N_3\">[3]<\/a> Si tal fuego pudiera causar el colapso de semejante edificio, esto hubiera sucedido de manera gradual, sin embargo los videos muestran al World Trade Center 7, derrumbarse pr\u00e1cticamente en ca\u00edda libre y de manera s\u00fabita, luego de estar completamente estable. Este colapso directo y sim\u00e9trico, en el cual la l\u00ednea del techo se mantuvo casi horizontal, muestra que las 82 columnas de soporte del World Trade Center 7 ya hab\u00edan sido eliminadas al momento en que la parte superior comenz\u00f3 a caer.<\/p>\n<p class=\"c9np\"><a href=\"https:\/\/www.consensus911.org\/es\/punto-tt-5-sp\/\">&lt;&lt; Punto anterior<\/a>, <a href=\"https:\/\/www.consensus911.org\/es\/punto-wtc7-2-sp\/\">Siguiente punto &gt;&gt;<\/a><\/p>\n<p><a name=\"REFS\"><\/a><\/p>\n<div class=\"c9hdr\">Referencias para el Punto WTC7-1<\/div>\n<div class=\"c9refs\">\n<table class=\"ref_tbl\">\n<tr>\n<td class=\"ref_nrs\">\n<div class=\"refnrs\"><a name=\"N_1\" href=\"#R_1\">[1]<\/a><\/div>\n<\/td>\n<td class=\"ref_txt\">\n<div class=\"rtxt-es\">\nFEMA, <a href=\"https:\/\/www.fema.gov\/pdf\/library\/fema403_ch5.pdf\"><i>World Trade Center Building Performance Study<\/i>, Ch.&nbsp;5<\/a>, Sect. 6.2, \u201cProbable Collapse Sequence.\u201d<br \/>\n<a href=\"http:\/\/www.amazon.com\/Debunking-11-Myths-Conspiracy-Theories\/dp\/1588165477\/\"><i>Debunking 9\/11 Myths: Why Conspiracy Theories Can\u2019t Stand Up to the Facts: An In-Depth Investigation by Popular Mechanics<\/i><\/a>, ed. David Dunbar and Brad Reagan (New York: Hearst Books, 2006), 53-58. This semi-official book contained quotations from NIST showing what it was thinking at the time.\n<\/div>\n<\/td>\n<\/tr>\n<tr>\n<td class=\"ref_nrs\">\n<div class=\"refnrs\"><a name=\"N_2\" href=\"#R_2\">[2]<\/a><\/div>\n<\/td>\n<td class=\"ref_txt\">\n<div class=\"rtxt-es\">\nNIST NCSTAR 1A, <a href=\"https:\/\/tsapps.nist.gov\/publication\/get_pdf.cfm?pub_id=861610\"><i>Final Report on the Collapse of World Trade Center Building 7<\/i><\/a> (<a href=\"https:\/\/web.archive.org\/web\/20161006064036if_\/http:\/\/ws680.nist.gov:80\/publication\/get_pdf.cfm?pub_id=861610\">copia del archivo<\/a>), November 2008, 49 (pdf:&nbsp;91). In NIST\u2019s words, the collapse of WTC&nbsp;7 was \u201cthe first known instance of the total collapse of a tall building primarily due to fires.\u201d\n<\/div>\n<\/td>\n<\/tr>\n<tr>\n<td class=\"ref_nrs\">\n<div class=\"refnrs\"><a name=\"N_3\" href=\"#R_3\">[3]<\/a><\/div>\n<\/td>\n<td class=\"ref_txt\">\n<div class=\"rtxt-es\">\nSee a <a href=\"http:\/\/911research.wtc7.net\/wtc\/analysis\/compare\/fires.html\">discussion<\/a> of other skyscraper fires, and see videos <a href=\"https:\/\/www.youtube.com\/watch?v=LD06SAf0p9A\">here<\/a>, <a href=\"https:\/\/www.youtube.com\/watch?v=Zv7BImVvEyk\">here<\/a>, and <a href=\"https:\/\/www.youtube.com\/watch?v=8T2_nedORjw\">here<\/a>.\n<\/div>\n<\/td>\n<\/tr>\n<\/table>\n<\/div>\n<p><!-- c9refs -->\n<\/div>\n<p><!-- c9text --><\/p>\n","protected":false},"excerpt":{"rendered":"<p>Punto WTC7-1: El comunicado afirmando que la Torre 7 del World Trade<br \/>Punto WTC7-1: Center colaps\u00f3 S\u00f3lo por el Fuego <\/p>\n<p class=\"c9np\"><a href=\"https:\/\/www.consensus911.org\/es\/punto-tt-5-sp\/\">&lt;&lt; Punto anterior<\/a>, <a href=\"https:\/\/www.consensus911.org\/es\/punto-wtc7-2-sp\/\">Siguiente punto &gt;&gt;<\/a><\/p>\n<p><a name=\"OFFICIAL\"><\/a><\/p>\n<p> La Versi\u00f3n Oficial <\/p>\n<p style=\"padding-left: 30px\">El Instituto Nacional de Est\u00e1ndares y Tecnolog\u00eda sugiri\u00f3 originalmente&nbsp;<a name=\"R_1\" href=\"#N_1\">[1]<\/a> que el World Trade Center (Edificio) 7 se [&#8230;]<\/p>\n","protected":false},"author":108,"featured_media":0,"parent":0,"menu_order":149,"comment_status":"closed","ping_status":"closed","template":"","meta":{"footnotes":""},"class_list":["post-3782","page","type-page","status-publish","hentry"],"jetpack_sharing_enabled":true,"_links":{"self":[{"href":"https:\/\/www.consensus911.org\/es\/wp-json\/wp\/v2\/pages\/3782","targetHints":{"allow":["GET"]}}],"collection":[{"href":"https:\/\/www.consensus911.org\/es\/wp-json\/wp\/v2\/pages"}],"about":[{"href":"https:\/\/www.consensus911.org\/es\/wp-json\/wp\/v2\/types\/page"}],"author":[{"embeddable":true,"href":"https:\/\/www.consensus911.org\/es\/wp-json\/wp\/v2\/users\/108"}],"replies":[{"embeddable":true,"href":"https:\/\/www.consensus911.org\/es\/wp-json\/wp\/v2\/comments?post=3782"}],"version-history":[{"count":5,"href":"https:\/\/www.consensus911.org\/es\/wp-json\/wp\/v2\/pages\/3782\/revisions"}],"predecessor-version":[{"id":23314,"href":"https:\/\/www.consensus911.org\/es\/wp-json\/wp\/v2\/pages\/3782\/revisions\/23314"}],"wp:attachment":[{"href":"https:\/\/www.consensus911.org\/es\/wp-json\/wp\/v2\/media?parent=3782"}],"curies":[{"name":"wp","href":"https:\/\/api.w.org\/{rel}","templated":true}]}}