{"id":3795,"date":"2012-09-05T04:31:45","date_gmt":"2012-09-05T11:31:45","guid":{"rendered":"http:\/\/www.consensus911.org\/?page_id=3795"},"modified":"2021-02-07T12:38:44","modified_gmt":"2021-02-07T20:38:44","slug":"punto-wtc7-3-sp","status":"publish","type":"page","link":"https:\/\/www.consensus911.org\/es\/punto-wtc7-3-sp\/","title":{"rendered":"Punto WTC7-3 (Sp)"},"content":{"rendered":"<h4 class=\"c9h4\">Punto WTC7-3: Reporte Final del Instituto Nacional de Est\u00e1ndares<br \/><span style=\"color: #ffffff\">Punto WTC7-3:<\/span> y Tecnolog\u00eda admitiendo que el World Trade Center 7<br \/><span style=\"color: #ffffff\">Punto WTC7-3:<\/span> se Derrumb\u00f3 en Ca\u00edda Libre sin Explosivos<\/h4>\n<div class=\"c9text-es\">\n<p class=\"c9np\"><a href=\"https:\/\/www.consensus911.org\/es\/punto-wtc7-2-sp\/\">&lt;&lt; Punto anterior<\/a>, <a href=\"https:\/\/www.consensus911.org\/es\/punto-pent-1-sp\/\">Siguiente punto &gt;&gt;<\/a><\/p>\n<p><a name=\"OFFICIAL\"><\/a><\/p>\n<div class=\"c9hdr\">La Versi\u00f3n Oficial<\/div>\n<p style=\"padding-left: 30px\">En su reporte final sobre el World Trade Center 7,&nbsp;<a name=\"R_1\" href=\"#N_1\">[1]<\/a> emitido en noviembre de 2008, el Instituto Nacional de Est\u00e1ndares y Tecnolog\u00eda finalmente admiti\u00f3 que el World Trade Center 7 hab\u00eda entrado en ca\u00edda libre por m\u00e1s de 2 segundos. Sin embargo, siguieron afirmando que el World Trade Center 7 se derrumb\u00f3 a causa del incendio, y sin la ayuda de explosivos.<\/p>\n<p><a name=\"EVIDENCE\"><\/a><\/p>\n<div class=\"c9hdr\">La Evidencia Revisada<\/div>\n<p style=\"padding-left: 30px\">El an\u00e1lisis cient\u00edfico&nbsp;<a name=\"R_2\" href=\"#N_2\">[2]<\/a> demuestra que el colapso en ca\u00edda libre de un edificio con estructura de acero no puede ser causado por un incendio, sin la utilizaci\u00f3n de explosivos (hecho que el investigador y jefe del Instituto Nacional de Est\u00e1ndares y Tecnolog\u00eda, Shyam Synder admiti\u00f3&nbsp;<a name=\"R_3\" href=\"#N_3\">[3]<\/a> en sus discusiones sobre el Borrador P\u00fablico del Instituto Nacional de Est\u00e1ndares y Tecnolog\u00eda en Agosto de 2008).<\/p>\n<p class=\"c9np\"><a href=\"https:\/\/www.consensus911.org\/es\/punto-wtc7-2-sp\/\">&lt;&lt; Punto anterior<\/a>, <a href=\"https:\/\/www.consensus911.org\/es\/punto-pent-1-sp\/\">Siguiente punto &gt;&gt;<\/a><\/p>\n<p><a name=\"REFS\"><\/a><\/p>\n<div class=\"c9hdr\">Referencias para el Punto WTC7-3<\/div>\n<div class=\"c9refs\">\n<table class=\"ref_tbl\">\n<tr>\n<td class=\"ref_nrs\">\n<div class=\"refnrs\"><a name=\"N_1\" href=\"#R_1\">[1]<\/a><\/div>\n<\/td>\n<td class=\"ref_txt\">\n<div class=\"rtxt-es\">\nNIST NCSTAR 1A, <a href=\"https:\/\/ws680.nist.gov\/publication\/get_pdf.cfm?pub_id=861610\"><i>Final Report on the Collapse of World Trade Center Building 7<\/i><\/a>, November 2008, p.&nbsp;45.\n<\/div>\n<\/td>\n<\/tr>\n<tr>\n<td class=\"ref_nrs\">\n<div class=\"refnrs\"><a name=\"N_2\" href=\"#R_2\">[2]<\/a><\/div>\n<\/td>\n<td class=\"ref_txt\">\n<div class=\"rtxt-es\">\nChandler, \u201c<a href=\"https:\/\/www.youtube.com\/watch?v=v3mudruFzNw\">WTC7: NIST Finally Admits Freefall (Part III)<\/a>\u201d, January 2, 2009, at 1:19 minutes. <\/p>\n<p>This analysis has been confirmed by NIST itself, in \u201cQuestions and Answers about the NIST WTC&nbsp;7 Investigation\u201d, NIST, August 2008 (originally at www.nist.gov\/public_affairs\/factsheet\/wtc_qa_082108.html). This version of the document, which was posted at NIST&#8217;s website at the time its Draft version of its WTC&nbsp;7 report was published, has been replaced by a version that was updated <a href=\"https:\/\/www.nist.gov\/pba\/questions-and-answers-about-nist-wtc-7-investigation\">September 17, 2010<\/a>, in which NIST continues to acknowledge a 2.25-second stage of \u201cgravitational acceleration [free fall]\u201d.\n<\/div>\n<\/td>\n<\/tr>\n<tr>\n<td class=\"ref_nrs\">\n<div class=\"refnrs\"><a name=\"N_3\" href=\"#R_3\">[3]<\/a><\/div>\n<\/td>\n<td class=\"ref_txt\">\n<div class=\"rtxt-es\">\nSunder said: \u201cA free fall time would be [the fall time of] an object that has no structural components below it. &#8230; The &#8230; time that it took &#8230; for those 17 floors to disappear [was roughly 40 percent longer than free fall]. And that is not at all unusual, because there was structural resistance that was provided in this particular case. And you had a sequence of structural failures that had to take place. Everything was not instantaneous\u201d. (\u201cWTC&nbsp;7 Technical Briefing\u201d, NIST, August 26, 2008). Although NIST originally had a video and a transcript of this briefing at its Internet website, it removed both of them. However, the video is now available <a href=\"https:\/\/vimeo.com\/11941571\">elsewhere<\/a>. Also available is its transcript, under the title \u201c<a href=\"https:\/\/web.archive.org\/web\/20170829225548\/https:\/\/911speakout.org\/NIST_Tech_Briefing_Transcript.pdf\">NIST Technical Briefing on Its Final Draft Report on WTC&nbsp;7 for Public Comment<\/a>\u201d.\n<\/div>\n<\/td>\n<\/tr>\n<\/table>\n<\/div>\n<p><!-- c9refs -->\n<\/div>\n<p><!-- c9text --><\/p>\n","protected":false},"excerpt":{"rendered":"<p>Punto WTC7-3: Reporte Final del Instituto Nacional de Est\u00e1ndares<br \/>Punto WTC7-3: y Tecnolog\u00eda admitiendo que el World Trade Center 7<br \/>Punto WTC7-3: se Derrumb\u00f3 en Ca\u00edda Libre sin Explosivos <\/p>\n<p class=\"c9np\"><a href=\"https:\/\/www.consensus911.org\/es\/punto-wtc7-2-sp\/\">&lt;&lt; Punto anterior<\/a>, <a href=\"https:\/\/www.consensus911.org\/es\/punto-pent-1-sp\/\">Siguiente punto &gt;&gt;<\/a><\/p>\n<p><a name=\"OFFICIAL\"><\/a><\/p>\n<p> La Versi\u00f3n Oficial <\/p>\n<p style=\"padding-left: 30px\">En su reporte final sobre el World Trade Center 7,&nbsp;<a [...]\n<\/p>\n","protected":false},"author":108,"featured_media":0,"parent":0,"menu_order":153,"comment_status":"closed","ping_status":"closed","template":"","meta":{"footnotes":""},"class_list":["post-3795","page","type-page","status-publish","hentry"],"jetpack_sharing_enabled":true,"_links":{"self":[{"href":"https:\/\/www.consensus911.org\/es\/wp-json\/wp\/v2\/pages\/3795","targetHints":{"allow":["GET"]}}],"collection":[{"href":"https:\/\/www.consensus911.org\/es\/wp-json\/wp\/v2\/pages"}],"about":[{"href":"https:\/\/www.consensus911.org\/es\/wp-json\/wp\/v2\/types\/page"}],"author":[{"embeddable":true,"href":"https:\/\/www.consensus911.org\/es\/wp-json\/wp\/v2\/users\/108"}],"replies":[{"embeddable":true,"href":"https:\/\/www.consensus911.org\/es\/wp-json\/wp\/v2\/comments?post=3795"}],"version-history":[{"count":5,"href":"https:\/\/www.consensus911.org\/es\/wp-json\/wp\/v2\/pages\/3795\/revisions"}],"predecessor-version":[{"id":21326,"href":"https:\/\/www.consensus911.org\/es\/wp-json\/wp\/v2\/pages\/3795\/revisions\/21326"}],"wp:attachment":[{"href":"https:\/\/www.consensus911.org\/es\/wp-json\/wp\/v2\/media?parent=3795"}],"curies":[{"name":"wp","href":"https:\/\/api.w.org\/{rel}","templated":true}]}}