{"id":3799,"date":"2012-09-05T04:37:38","date_gmt":"2012-09-05T11:37:38","guid":{"rendered":"http:\/\/www.consensus911.org\/?page_id=3799"},"modified":"2021-09-27T04:23:55","modified_gmt":"2021-09-27T11:23:55","slug":"punto-flt-1-sp","status":"publish","type":"page","link":"https:\/\/www.consensus911.org\/es\/punto-flt-1-sp\/","title":{"rendered":"Punto Flt-1 (Sp)"},"content":{"rendered":"<h4 class=\"c9h4\">Punto Flt-1: Controversia en relaci\u00f3n a los aviones secuestrados<\/h4>\n<div class=\"c9text-es\">\n<p class=\"c9np\"><a href=\"https:\/\/www.consensus911.org\/es\/punto-pent-3-sp\/\">&lt;&lt; Punto anterior<\/a>, <a href=\"https:\/\/www.consensus911.org\/es\/punto-flt-2-sp\/\">Siguiente punto &gt;&gt;<\/a><\/p>\n<div class=\"c9hdr\"><a name=\"OFFICIAL\"><\/a>La Versi\u00f3n Oficial<\/div>\n<p style=\"padding-left: 30px\">El Informe de la Comisi\u00f3n del 11-S sostiene que cuatro aviones (los vuelos 11 y 77 de American Airlines y los vuelos 93 y 175 de United Airlines) fueron secuestrados el 11 de setiembre.&nbsp;<a name=\"R_1\" href=\"#N_1\">[1]<\/a><\/p>\n<div class=\"c9hdr\"><a name=\"EVIDENCE\"><\/a>La Evidencia Revisada<\/div>\n<div style=\"padding-left: 30px\">\n<p>Los pilotos son entrenados para enviar un c\u00f3digo de secuestro universal (7500)&nbsp;<a name=\"R_2\" href=\"#N_2\">[2]<\/a> por un transmisor en caso de recibir evidencia de un intento de secuestro, notificando as\u00ed a los controles terrestres de la Administraci\u00f3n Federal de Aviaci\u00f3n. Los principales peri\u00f3dicos y la Comisi\u00f3n del 11-S se\u00f1alaron que dichos supervisores no fueron notificados.&nbsp;<a name=\"R_3\" href=\"#N_3\">[3]<\/a><\/p>\n<p>Una noticia de la CNN aclar\u00f3 que los pilotos son entrenados para enviar el c\u00f3digo de secuestro \u201cde ser posible.\u201d&nbsp;<a name=\"R_4\" href=\"#N_4\">[4]<\/a> Pero ingresar el c\u00f3digo lleva dos o tres segundos mientras que a los secuestradores les tom\u00f3 m\u00e1s de 30 segundos forzar la entrada a la cabina del piloto del vuelo&nbsp;93, de acuerdo a la historia oficial.&nbsp;<a name=\"R_5\" href=\"#N_5\">[5]<\/a><\/p>\n<p>El hecho de que ninguno de los ocho pilotos haya ejecutado dicha acci\u00f3n requerida arroja serias dudas sobre la historia del secuestro de los aviones.&nbsp;<a name=\"R_6\" href=\"#N_6\">[6]<\/a><\/p>\n<\/div>\n<p class=\"c9np\"><a href=\"https:\/\/www.consensus911.org\/es\/punto-pent-3-sp\/\">&lt;&lt; Punto anterior<\/a>, <a href=\"https:\/\/www.consensus911.org\/es\/punto-flt-2-sp\/\">Siguiente punto &gt;&gt;<\/a><\/p>\n<div class=\"c9hdr\"><a name=\"REFS\"><\/a>Referencias para el Punto Flt-1<\/div>\n<div class=\"c9refs\">\n<table class=\"ref_tbl\">\n<tr>\n<td class=\"ref_nrs\">\n<div class=\"refnrs\"><a name=\"N_1\" href=\"#R_1\">[1]<\/a><\/div>\n<\/td>\n<td class=\"ref_txt\">\n<div class=\"rtxt-es\">\n<i><a href=\"https:\/\/911commission.gov\/report\/911Report.pdf\"><i>The 9\/11 Commission Report<\/i><\/a> [Reporte de la Comisi\u00f3n del 11-S]<\/i> (2004), Chapter 1.\n<\/div>\n<\/td>\n<\/tr>\n<tr>\n<td class=\"ref_nrs\">\n<div class=\"refnrs\"><a name=\"N_2\" href=\"#R_2\">[2]<\/a><\/div>\n<\/td>\n<td class=\"ref_txt\">\n<div class=\"rtxt-es\">\n<i><\/i> \u201cTo facilitate NORAD tracking, every attempt shall be made to ensure that the hijacked aircraft is squawking Mode 3\/A, code 7500.\u201d Source: Federal Aviation Administration, \u201c<a href=\"https:\/\/web.archive.org\/web\/20011121003337\/http:\/\/news.findlaw.com\/cnn\/docs\/terrorism\/chp7.html\">Order 7610.4J: Special Military Operations, Chapter 7. ESCORT OF HIJACKED AIRCRAFT<\/a>\u201d, July 12, 2001.<\/p>\n<p>\u201c<a href=\"https:\/\/abcnews.go.com\/Technology\/FlyingHigh\/story?id=816534&amp;page=1\">Hijack Code a Secret Signal of Distress<\/a>\u201d, ABC News, June 3, 2005.\n<\/div>\n<\/td>\n<\/tr>\n<tr>\n<td class=\"ref_nrs\">\n<div class=\"refnrs\"><a name=\"N_3\" href=\"#R_3\">[3]<\/a><\/div>\n<\/td>\n<td class=\"ref_txt\">\n<div class=\"rtxt-es\">\nThe <i>Christian Science Monitor<\/i> reported the failure to squawk as an \u201canomaly\u201d (Peter Grier, \u201c<a href=\"http:\/\/web.archive.org\/web\/20021229005033\/http:\/\/www.public-action.com\/911\/csmonitor\/\">The Nation Reels<\/a>\u201d, <i>Christian Science Monitor<\/i>, September 12, 2001).\n<\/div>\n<\/td>\n<\/tr>\n<tr>\n<td class=\"ref_nrs\">\n<div class=\"refnrs\"><a name=\"N_4\" href=\"#R_4\">[4]<\/a><\/div>\n<\/td>\n<td class=\"ref_txt\">\n<div class=\"rtxt-es\">\n\u201cFlight 11 was hijacked apparently by knife-wielding men. Airline pilots are trained to handle such situations by keeping calm, complying with requests, and if possible, dialing in an emergency four digit code on a device called a transponder. &#8230; The action takes seconds, but it appears no such code was entered.\u201d \u201c(<a href=\"https:\/\/transcripts.cnn.com\/show\/se\/date\/2001-09-12\/segment\/60\">America Under Attack: How could It Happen?<\/a>\u201d CNN Live Event, September 12, 2001).\n<\/div>\n<\/td>\n<\/tr>\n<tr>\n<td class=\"ref_nrs\">\n<div class=\"refnrs\"><a name=\"N_5\" href=\"#R_5\">[5]<\/a><\/div>\n<\/td>\n<td class=\"ref_txt\">\n<div class=\"rtxt-es\">\nAccording to the purported tapes from the cockpit recorder of United&nbsp;93, it took over 30 seconds for the intruders to break into the pilot&#8217;s cabin (Richard A. Serrano, \u201c<a href=\"https:\/\/web.archive.org\/web\/20130626113152\/http:\/\/articles.latimes.com\/2006\/apr\/12\/nation\/na-moussa12\">Heroism, Fatalism Aboard Flight 93<\/a>\u201d, <i>Los Angeles Times<\/i>, April 12, 2006). Flight 11&#8217;s failure to squawk is discussed <a href=\"https:\/\/transcripts.cnn.com\/show\/se\/date\/2001-09-12\/segment\/60\">here<\/a>. <\/p>\n<p>It clearly would have been \u201cpossible\u201d for the pilots to have squawked the hijack code. According to a famous Sherlock Holmes story, the theory about an intruder in a racing stable was disproved by \u201cthe dog that didn&#8217;t bark.\u201d The intruder theory about the 9\/11 airliners, one could say by analogy, is disproved by the pilots that did not squawk.\n<\/p><\/div>\n<\/td>\n<\/tr>\n<tr>\n<td class=\"ref_nrs\">\n<div class=\"refnrs\"><a name=\"N_6\" href=\"#R_6\">[6]<\/a><\/div>\n<\/td>\n<td class=\"ref_txt\">\n<div class=\"rtxt-es\">\nFor discussion, see <a href=\"\/es\/miembros-del-panel-de-consenso-911-sp\/#GRIFFIN\">David Ray Griffin<\/a>, <a href=\"http:\/\/www.amazon.es\/New-Pearl-Harbor-Revisited-Cover-Up-ebook\/dp\/B00APDB2AE\/\"><i>The New Pearl Harbor Revisited<\/i><\/a>, 2008, pp. 175-79.\n<\/div>\n<\/td>\n<\/tr>\n<\/table>\n<\/div>\n<p><!-- c9refs -->\n<\/div>\n<p><!-- c9text --><\/p>\n","protected":false},"excerpt":{"rendered":"<p>Punto Flt-1: Controversia en relaci\u00f3n a los aviones secuestrados <\/p>\n<p class=\"c9np\"><a href=\"https:\/\/www.consensus911.org\/es\/punto-pent-3-sp\/\">&lt;&lt; Punto anterior<\/a>, <a href=\"https:\/\/www.consensus911.org\/es\/punto-flt-2-sp\/\">Siguiente punto &gt;&gt;<\/a><\/p>\n<p> <a name=\"OFFICIAL\"><\/a>La Versi\u00f3n Oficial <\/p>\n<p style=\"padding-left: 30px\">El Informe de la Comisi\u00f3n del 11-S sostiene que cuatro aviones (los vuelos 11 y 77 de American Airlines y los vuelos 93 y 175 de United Airlines) fueron secuestrados el [&#8230;]<\/p>\n","protected":false},"author":108,"featured_media":0,"parent":0,"menu_order":114,"comment_status":"closed","ping_status":"closed","template":"","meta":{"footnotes":""},"class_list":["post-3799","page","type-page","status-publish","hentry"],"jetpack_sharing_enabled":true,"_links":{"self":[{"href":"https:\/\/www.consensus911.org\/es\/wp-json\/wp\/v2\/pages\/3799","targetHints":{"allow":["GET"]}}],"collection":[{"href":"https:\/\/www.consensus911.org\/es\/wp-json\/wp\/v2\/pages"}],"about":[{"href":"https:\/\/www.consensus911.org\/es\/wp-json\/wp\/v2\/types\/page"}],"author":[{"embeddable":true,"href":"https:\/\/www.consensus911.org\/es\/wp-json\/wp\/v2\/users\/108"}],"replies":[{"embeddable":true,"href":"https:\/\/www.consensus911.org\/es\/wp-json\/wp\/v2\/comments?post=3799"}],"version-history":[{"count":5,"href":"https:\/\/www.consensus911.org\/es\/wp-json\/wp\/v2\/pages\/3799\/revisions"}],"predecessor-version":[{"id":21482,"href":"https:\/\/www.consensus911.org\/es\/wp-json\/wp\/v2\/pages\/3799\/revisions\/21482"}],"wp:attachment":[{"href":"https:\/\/www.consensus911.org\/es\/wp-json\/wp\/v2\/media?parent=3799"}],"curies":[{"name":"wp","href":"https:\/\/api.w.org\/{rel}","templated":true}]}}