{"id":3805,"date":"2012-09-05T05:59:34","date_gmt":"2012-09-05T12:59:34","guid":{"rendered":"http:\/\/www.consensus911.org\/?page_id=3805"},"modified":"2021-09-26T00:53:40","modified_gmt":"2021-09-26T07:53:40","slug":"punto-flt-2-sp","status":"publish","type":"page","link":"https:\/\/www.consensus911.org\/es\/punto-flt-2-sp\/","title":{"rendered":"Punto Flt-2 (Sp)"},"content":{"rendered":"<h4 class=\"c9h4\">Punto Flt-2: Comunicado afirmando que el Vuelo 93 se Estrell\u00f3,<br \/><span style=\"color: #ffffff\">Punto Flt-2:<\/span> cerca de Shanksville, Pennsylvania<\/h4>\n<div class=\"c9text-es\">\n<p class=\"c9np\"><a href=\"https:\/\/www.consensus911.org\/es\/punto-flt-1-sp\/\">&lt;&lt; Punto anterior<\/a>, <a href=\"https:\/\/www.consensus911.org\/es\/punto-flt-3-sp\/\">Siguiente punto &gt;&gt;<\/a><\/p>\n<p><a name=\"OFFICIAL\"><\/a><\/p>\n<div class=\"c9hdr\">\nLa Versi\u00f3n Oficial<\/div>\n<p style=\"padding-left: 30px\">La comisi\u00f3n del 11-S report\u00f3 que el vuelo&nbsp;93 de United, luego de que un piloto de al-Qaeda se apoderara de \u00e9l, fue conducido a alta velocidad y en \u00e1ngulo pronunciado hacia un campo cerca de Shanksville, Pennsylvania.&nbsp;<a name=\"R_1\" href=\"#N_1\">[1]<\/a><\/p>\n<p style=\"padding-left: 30px\">En respuesta a las versiones que afirmaban que el vuelo&nbsp;93 de United Airlines fue abatido, las Fuerzas Armadas de EE.&nbsp;UU. y el F.B.I. simplemente dijeron que el vuelo&nbsp;93 no fue derribado por disparos.<\/p>\n<div class=\"c9hdr\">\n<a name=\"EVIDENCE\"><\/a>La Evidencia Revisada<\/div>\n<p style=\"padding-left: 30px\">Los residentes cercanos a Shanksville, el alcalde y los periodistas, reportaron que no hab\u00eda avi\u00f3n comercial alguno a la vista en el lugar del accidente;&nbsp;<a name=\"R_2\" href=\"#N_2\">[2]<\/a> que si se encontraron contenidos del avi\u00f3n a una distancia de hasta 8 millas (13 kil\u00f3metros) del lugar&nbsp;<a name=\"R_3\" href=\"#N_3\">[3]<\/a> y que partes del mismo \u2013 incluyendo una pieza del motor de 1000 libras (453 kilos) \u2013 fueron hallados a m\u00e1s de una milla de distancia (1,6 kil\u00f3metros).&nbsp;<a name=\"R_4\" href=\"#N_4\">[4]<\/a><\/p>\n<p class=\"c9np\"><a href=\"https:\/\/www.consensus911.org\/es\/punto-flt-1-sp\/\">&lt;&lt; Punto anterior<\/a>, <a href=\"https:\/\/www.consensus911.org\/es\/punto-flt-3-sp\/\">Siguiente punto &gt;&gt;<\/a><\/p>\n<div class=\"c9hdr\">\n<a name=\"REFS\"><\/a>Referencias para el Punto Flt-2<\/div>\n<div class=\"c9refs\">\n<table class=\"ref_tbl\">\n<tr>\n<td class=\"ref_nrs\">\n<div class=\"refnrs\"><a name=\"N_1\" href=\"#R_1\">[1]<\/a><\/div>\n<\/td>\n<td class=\"ref_txt\">\n<div class=\"rtxt-es\">\n<i><a href=\"https:\/\/911commission.gov\/report\/911Report.pdf\"><i>The 9\/11 Commission Report<\/i><\/a> [Reporte de la Comisi\u00f3n del 11-S]<\/i>, 2004, p.&nbsp;14.\n<\/div>\n<\/td>\n<\/tr>\n<tr>\n<td class=\"ref_nrs\">\n<div class=\"refnrs\"><a name=\"N_2\" href=\"#R_2\">[2]<\/a><\/div>\n<\/td>\n<td class=\"ref_txt\">\n<div class=\"rtxt-es\">\n\u201c<a href=\"https:\/\/www.youtube.com\/watch?v=pPkpvc-9wFM\">9\/11 Flight 93 Shanksville: Mayor Says No Plane Crashed<\/a>!\u201d<\/p>\n<p><a href=\"https:\/\/www.youtube.com\/watch?v=OumTBrSayqw\">\u201c9\/11 Flight 93 Shanksville: No Plane! No Crash!<\/a>\u201d A 1994 <a href=\"https:\/\/es.wikipedia.org\/wiki\/Servicio_Geol%C3%B3gico_de_los_Estados_Unidos\">US Geological Survey<\/a> showed the same crater and scar that was allegedly left by the crash of Flight 93.<\/p>\n<p>\u201c<u><span class=\"deadlink\" style=\"color: #888888\" title=\"anteriormente disponible en https:\/\/www.youtube.com\/watch?v=RJOlwcJ6OkA\">Flight 93 Crash Exposed: Rare Footage Never Again Seen on TV<\/span><\/u>.\u201d<\/p>\n<p>\u201c<a href=\"https:\/\/www.globalresearch.ca\/video-rare-footage-flight-93-crashes-in-pennsylvania-september-11-2001\/7623\">Nothing there except a hole in the ground.<\/a>\u201d\n<\/div>\n<\/td>\n<\/tr>\n<tr>\n<td class=\"ref_nrs\">\n<div class=\"refnrs\"><a name=\"N_3\" href=\"#R_3\">[3]<\/a><\/div>\n<\/td>\n<td class=\"ref_txt\">\n<div class=\"rtxt-es\">\nBill Heltzel and Tom Gibb, \u201c<a href=\"https:\/\/web.archive.org\/web\/20120329031318\/http:\/\/old.post-gazette.com\/headlines\/20010916otherjetnat5p5.asp\">2 Planes Had No Part in Crash of Flight 93<\/a>\u201d, <i>Pittsburgh Post-Gazette<\/i>, September 16, 2001: \u201cDebris from the crash has been found up to 8 miles from the crash site.\u201d<\/p>\n<p>\u201c<a href=\"https:\/\/transcripts.cnn.com\/show\/bn\/date\/2001-09-13\/segment\/01\">America Under Attack: FBI and State Police Cordon Off Debris Area Six to Eight Miles from Crater Where Plane Went Down<\/a>\u201d, <i>CNN<\/i>, September 13, 2001.<\/p>\n<p>Debra Erdley, \u201c<a href=\"http:\/\/web.archive.org\/web\/20070310201741\/http:\/\/www.pittsburghlive.com\/x\/pittsburghtrib\/s_12967.html\">Crash Debris Found 8 Miles Away<\/a>\u201d, <i>Pittsburgh Tribune-Review,<\/i> September 14, 2001.\n<\/div>\n<\/td>\n<\/tr>\n<tr>\n<td class=\"ref_nrs\">\n<div class=\"refnrs\"><a name=\"N_4\" href=\"#R_4\">[4]<\/a><\/div>\n<\/td>\n<td class=\"ref_txt\">\n<div class=\"rtxt-es\">\nRichard Wallace, \u201c<a href=\"http:\/\/911research.wtc7.net\/cache\/planes\/evidence\/mirror_whatdidhappen.html\">What Did Happen to Flight 93?<\/a>\u201d <i>Daily Mirror<\/i>, September 12, 2002.<\/p>\n<p>For further discussion, see <a href=\"\/es\/miembros-del-panel-de-consenso-911-sp\/#GRIFFIN\">David Ray Griffin<\/a>, <a href=\"http:\/\/www.amazon.es\/New-Pearl-Harbor-Revisited-Cover-Up-ebook\/dp\/B00APDB2AE\/\"><i>The New Pearl Harbor Revisited<\/i><\/a>, 2008, pp. 120-21.\n<\/div>\n<\/td>\n<\/tr>\n<\/table>\n<\/div>\n<p><!-- c9refs -->\n<\/div>\n<p><!-- c9text --><\/p>\n","protected":false},"excerpt":{"rendered":"<p>Punto Flt-2: Comunicado afirmando que el Vuelo 93 se Estrell\u00f3,<br \/>Punto Flt-2: cerca de Shanksville, Pennsylvania <\/p>\n<p class=\"c9np\"><a href=\"https:\/\/www.consensus911.org\/es\/punto-flt-1-sp\/\">&lt;&lt; Punto anterior<\/a>, <a href=\"https:\/\/www.consensus911.org\/es\/punto-flt-3-sp\/\">Siguiente punto &gt;&gt;<\/a><\/p>\n<p><a name=\"OFFICIAL\"><\/a><\/p>\n<p> La Versi\u00f3n Oficial <\/p>\n<p style=\"padding-left: 30px\">La comisi\u00f3n del 11-S report\u00f3 que el vuelo&nbsp;93 de United, luego de que un piloto de al-Qaeda se apoderara de \u00e9l, fue conducido [&#8230;]<\/p>\n","protected":false},"author":108,"featured_media":0,"parent":0,"menu_order":116,"comment_status":"closed","ping_status":"closed","template":"","meta":{"footnotes":""},"class_list":["post-3805","page","type-page","status-publish","hentry"],"jetpack_sharing_enabled":true,"_links":{"self":[{"href":"https:\/\/www.consensus911.org\/es\/wp-json\/wp\/v2\/pages\/3805","targetHints":{"allow":["GET"]}}],"collection":[{"href":"https:\/\/www.consensus911.org\/es\/wp-json\/wp\/v2\/pages"}],"about":[{"href":"https:\/\/www.consensus911.org\/es\/wp-json\/wp\/v2\/types\/page"}],"author":[{"embeddable":true,"href":"https:\/\/www.consensus911.org\/es\/wp-json\/wp\/v2\/users\/108"}],"replies":[{"embeddable":true,"href":"https:\/\/www.consensus911.org\/es\/wp-json\/wp\/v2\/comments?post=3805"}],"version-history":[{"count":5,"href":"https:\/\/www.consensus911.org\/es\/wp-json\/wp\/v2\/pages\/3805\/revisions"}],"predecessor-version":[{"id":21467,"href":"https:\/\/www.consensus911.org\/es\/wp-json\/wp\/v2\/pages\/3805\/revisions\/21467"}],"wp:attachment":[{"href":"https:\/\/www.consensus911.org\/es\/wp-json\/wp\/v2\/media?parent=3805"}],"curies":[{"name":"wp","href":"https:\/\/api.w.org\/{rel}","templated":true}]}}