{"id":3819,"date":"2012-09-05T07:32:17","date_gmt":"2012-09-05T14:32:17","guid":{"rendered":"http:\/\/www.consensus911.org\/?page_id=3819"},"modified":"2017-12-08T09:56:17","modified_gmt":"2017-12-08T17:56:17","slug":"punto-mc-3-sp","status":"publish","type":"page","link":"https:\/\/www.consensus911.org\/es\/punto-mc-3-sp\/","title":{"rendered":"Punto MC-3 (Sp)"},"content":{"rendered":"<h4 class=\"c9h4\">Punto MC-3: Controversia sobre La Hora de Ingreso <br \/><span style=\"color: #ffffff\">Punto MC-3:<\/span> de Dick Cheney al B\u00fanker de la Casa Blanca<\/h4>\n<div class=\"c9text-es\">\n<p class=\"c9np\"><a href=\"https:\/\/www.consensus911.org\/es\/punto-mc-2-sp\/\">&lt;&lt; Punto anterior<\/a>, <a href=\"https:\/\/www.consensus911.org\/es\/punto-mc-4-sp\/\">Siguiente punto &gt;&gt;<\/a><\/p>\n<div class=\"c9hdr\"><a name=\"OFFICIAL\"><\/a>La Versi\u00f3n Oficial<\/div>\n<div style=\"padding-left: 30px\">\nEl Vicepresidente Dick Cheney se hizo cargo de la respuesta del Gobierno a los ataques del 11-S luego de ingresar al Centro Presidencial de Operaciones de Emergencia (<a href=\"https:\/\/en.wikipedia.org\/wiki\/Presidential_Emergency_Operations_Center\">PEOC<\/a>), tambi\u00e9n conocido como \u201cel b\u00fanker\u201d.<\/p>\n<p>El Reporte del la Comisi\u00f3n del 11-S dice&nbsp;<a name=\"R_1\" href=\"#N_1\">[1]<\/a> que Cheney no ingres\u00f3 al Centro Presidencial de Operaciones de Emergencia antes de las 10:00 AM, al menos 20 minutos despu\u00e9s de que se produjera el evento cuya violencia arroj\u00f3 m\u00e1s de 100 muertos en el Pent\u00e1gono.\n<\/div>\n<div class=\"c9hdr\"><a name=\"EVIDENCE\"><\/a>La Evidencia Revisada<\/div>\n<div style=\"padding-left: 30px\">\nEl Secretario de Transporte Norman Mineta declar\u00f3 ante la Comisi\u00f3n del 11-S que luego de unirse a Cheney y los dem\u00e1s en el b\u00fanker, aproximadamente a las 9:20 AM, escuch\u00f3 una conversaci\u00f3n entre Cheney y un hombre joven transcurrida mientras \u201cel avi\u00f3n se dirig\u00eda al Pent\u00e1gono\u201d.&nbsp;<a name=\"R_2\" href=\"#N_2\">[2]<\/a><\/p>\n<p>Luego de que el joven, habiendo reportado por tercera vez que el avi\u00f3n se acercaba, preguntara si \u201cla orden segu\u00eda en pie\u201d, Cheney respondi\u00f3 en\u00e9rgicamente que s\u00ed. El Reporte de la Comisi\u00f3n del 11-S, asegurando que Cheney ingres\u00f3 al b\u00fanker largo rato despu\u00e9s que el Pent\u00e1gono fuera da\u00f1ado, pretende sugerir que esta conversaci\u00f3n entre Cheney y el joven \u2013 la cual podr\u00eda entenderse f\u00e1cilmente como la ratificaci\u00f3n de una orden de no actuar por parte de Cheney \u2013 no pudo haber tenido lugar.<\/p>\n<p>Sin embargo, hay testimonios afirmando que Cheney ya se encontraba en el Centro Presidencial de Operaciones de Emergencia (<a href=\"https:\/\/en.wikipedia.org\/wiki\/Presidential_Emergency_Operations_Center\">PEOC<\/a>) no s\u00f3lo de Mineta sino tambi\u00e9n de Richard Clarke&nbsp;<a name=\"R_3\" href=\"#N_3\">[3]<\/a> y del fot\u00f3grafo de la Casa Blanca David Bohrer.&nbsp;<a name=\"R_4\" href=\"#N_4\">[4]<\/a> El mismo Cheney, en di\u00e1logo con Meet The Press (programa period\u00edstico de televisi\u00f3n sobre asuntos p\u00fablicos) cinco d\u00edas despu\u00e9s del 11 de setiembre, report\u00f3 haber entrado al b\u00fanker antes del da\u00f1o al Pent\u00e1gono.&nbsp;<a name=\"R_5\" href=\"#N_5\">[5]<\/a><\/p>\n<p>El intento por parte de la Comisi\u00f3n del 11-S de enterrar el di\u00e1logo entre Cheney y el joven confirma la importancia del testimonio de Mineta en relaci\u00f3n a dicha conversaci\u00f3n.\n<\/p><\/div>\n<p class=\"c9np\"><a href=\"https:\/\/www.consensus911.org\/es\/punto-mc-2-sp\/\">&lt;&lt; Punto anterior<\/a>, <a href=\"https:\/\/www.consensus911.org\/es\/punto-mc-4-sp\/\">Siguiente punto &gt;&gt;<\/a><\/p>\n<div class=\"c9hdr\"><a name=\"REFS\"><\/a>Referencias para el Punto MC-3<\/div>\n<div class=\"c9refs\">\n<table class=\"ref_tbl\">\n<tr>\n<td class=\"ref_nrs\">\n<div class=\"refnrs\"><a name=\"N_1\" href=\"#R_1\">[1]<\/a><\/div>\n<\/td>\n<td class=\"ref_txt\">\n<div class=\"rtxt-es\">\n<a href=\"https:\/\/911commission.gov\/report\/911Report.pdf\"><i>The 9\/11 Commission Report<\/i><\/a> (2004), note 213, p.&nbsp;464 (pdf-p.&nbsp;481).\n<\/div>\n<\/td>\n<\/tr>\n<tr>\n<td class=\"ref_nrs\">\n<div class=\"refnrs\"><a name=\"N_2\" href=\"#R_2\">[2]<\/a><\/div>\n<\/td>\n<td class=\"ref_txt\">\n<div class=\"rtxt-es\">\n\u201c<a href=\"https:\/\/www.youtube.com\/watch?v=bDfdOwt2v3Y\">911 Commission: Trans. Sec. Norman Mineta Testimony<\/a>\u201d (<i>YouTube: derdy<\/i>)\n<\/div>\n<\/td>\n<\/tr>\n<tr>\n<td class=\"ref_nrs\">\n<div class=\"refnrs\"><a name=\"N_3\" href=\"#R_3\">[3]<\/a><\/div>\n<\/td>\n<td class=\"ref_txt\">\n<div class=\"rtxt-es\">\nRichard Clarke, \u201c<a href=\"http:\/\/www.amazon.es\/Against-All-Enemies-Inside-Americas-ebook\/dp\/B000FC1CPK\/\">Against all Enemies<\/a>\u201d (New York: Free Press, 2004), pp. 2-5.\n<\/div>\n<\/td>\n<\/tr>\n<tr>\n<td class=\"ref_nrs\">\n<div class=\"refnrs\"><a name=\"N_4\" href=\"#R_4\">[4]<\/a><\/div>\n<\/td>\n<td class=\"ref_txt\">\n<div class=\"rtxt-es\">\nSee \u201c<a href=\"http:\/\/s3.amazonaws.com\/911timeline\/2002\/abcnews091102.html\">9\/11: Interviews by Peter Jennings<\/a>,\u201d <i>ABC News<\/i>, setiembre 11, 2002.\n<\/div>\n<\/td>\n<\/tr>\n<tr>\n<td class=\"ref_nrs\">\n<div class=\"refnrs\"><a name=\"N_5\" href=\"#R_5\">[5]<\/a><\/div>\n<\/td>\n<td class=\"ref_txt\">\n<div class=\"rtxt-es\">\n\u201c<a href=\"https:\/\/georgewbush-whitehouse.archives.gov\/vicepresident\/news-speeches\/speeches\/vp20010916.html\">The Vice President Appears on Meet the Press with Tim Russert<\/a>,\u201d <i>MSNBC<\/i>, setiembre 16, 2001.\n<\/div>\n<\/td>\n<\/tr>\n<\/table>\n<\/div>\n<p><!-- c9refs -->\n<\/div>\n<p><!-- c9text --><\/p>\n","protected":false},"excerpt":{"rendered":"<p>Punto MC-3: Controversia sobre La Hora de Ingreso <br \/>Punto MC-3: de Dick Cheney al B\u00fanker de la Casa Blanca <\/p>\n<p class=\"c9np\"><a href=\"https:\/\/www.consensus911.org\/es\/punto-mc-2-sp\/\">&lt;&lt; Punto anterior<\/a>, <a href=\"https:\/\/www.consensus911.org\/es\/punto-mc-4-sp\/\">Siguiente punto &gt;&gt;<\/a><\/p>\n<p> <a name=\"OFFICIAL\"><\/a>La Versi\u00f3n Oficial El Vicepresidente Dick Cheney se hizo cargo de la respuesta del Gobierno a los ataques del 11-S luego de ingresar al Centro [&#8230;]<\/p>\n","protected":false},"author":108,"featured_media":0,"parent":0,"menu_order":124,"comment_status":"closed","ping_status":"closed","template":"","meta":{"footnotes":""},"class_list":["post-3819","page","type-page","status-publish","hentry"],"jetpack_sharing_enabled":true,"_links":{"self":[{"href":"https:\/\/www.consensus911.org\/es\/wp-json\/wp\/v2\/pages\/3819","targetHints":{"allow":["GET"]}}],"collection":[{"href":"https:\/\/www.consensus911.org\/es\/wp-json\/wp\/v2\/pages"}],"about":[{"href":"https:\/\/www.consensus911.org\/es\/wp-json\/wp\/v2\/types\/page"}],"author":[{"embeddable":true,"href":"https:\/\/www.consensus911.org\/es\/wp-json\/wp\/v2\/users\/108"}],"replies":[{"embeddable":true,"href":"https:\/\/www.consensus911.org\/es\/wp-json\/wp\/v2\/comments?post=3819"}],"version-history":[{"count":5,"href":"https:\/\/www.consensus911.org\/es\/wp-json\/wp\/v2\/pages\/3819\/revisions"}],"predecessor-version":[{"id":19251,"href":"https:\/\/www.consensus911.org\/es\/wp-json\/wp\/v2\/pages\/3819\/revisions\/19251"}],"wp:attachment":[{"href":"https:\/\/www.consensus911.org\/es\/wp-json\/wp\/v2\/media?parent=3819"}],"curies":[{"name":"wp","href":"https:\/\/api.w.org\/{rel}","templated":true}]}}