{"id":6260,"date":"2013-06-07T05:49:22","date_gmt":"2013-06-07T12:49:22","guid":{"rendered":"http:\/\/www.consensus911.org\/?page_id=6260"},"modified":"2020-01-18T05:04:03","modified_gmt":"2020-01-18T13:04:03","slug":"quienes-somos","status":"publish","type":"page","link":"https:\/\/www.consensus911.org\/es\/","title":{"rendered":"Qui\u00e9nes somos"},"content":{"rendered":"<h3>La importancia del 11 de Setiembre de 2001<\/h3>\n<p>&nbsp;<\/p>\n<div class=\"c9text-es\">\n<p style=\"text-align: right;\">\u201c<i>El 11 de Setiembre de 2001 parece destinado a ser un hito en nuestras vidas y el mayor desaf\u00edo que enfrent\u00f3 la democracia en nuestros tiempos. La evidencia de la complicidad del gobierno en los eventos que desembocaron en estos hechos, la ausencia de respuestas durante los mismos y la asombrosa falta de investigaciones significativas una vez transcurrido este suceso, as\u00ed como el haber ignorado la evidencia encontrada por otros que hace la explicaci\u00f3n oficial imposible, pueden indicar el fin del experimento estadounidense. Fue utilizado para justificar toda clase de medidas para legalizar la represi\u00f3n en nuestro suelo y como pretexto para comportarnos como un imperio agresivo para con el resto del mundo. Mientras no demandemos una investigaci\u00f3n independiente, honesta y meticulosa, y no se responsabilice a quienes por su acci\u00f3n e inacci\u00f3n nos condujeron hasta estos hechos y su encubrimiento, nuestra rep\u00fablica y nuestra constituci\u00f3n permanecen en el m\u00e1s grave peligro.<\/i>\u201d<\/p>\n<p style=\"text-align: right;\"><a title=\"Lt. Col. Shelton Lankford\" href=\"http:\/\/patriotsquestion911.com\/#Lankford\">Lt. Col. Shelton F. Lankford<\/a>, US Marine Corps (ret.)<\/p>\n<h3>El prop\u00f3sito del Panel de Consenso sobre el 11-S<\/h3>\n<p>&nbsp;<\/p>\n<p>El prop\u00f3sito del Panel de Consenso sobre el 11-S es proveer al mundo una versi\u00f3n clara de los hechos, basada en la opini\u00f3n de expertos independientes, sobre la evidencia revisada que contradice la versi\u00f3n oficial sobre el 11-S.<\/p>\n<p>El objetivo del Panel de Consenso es proveer una fuente accesible de estudios basados en la evidencia, para cualquier investigaci\u00f3n que pueda ser llevada a cabo por el p\u00fablico, los medios, en circuitos acad\u00e9micos y cualquier otro lugar de investigaciones o tipo de instituci\u00f3n que las realice.<\/p>\n<p>&nbsp;<\/p>\n<h3>La autoridad del Panel de Consenso sobre el 11-S<\/h3>\n<p>&nbsp;<\/p>\n<p>Los Puntos de Consenso devienen de una encuesta realizada con el m\u00e9todo Delphi, entre 20 panelistas expertos, qui\u00e9nes desconociendo las identidades y respuestas de sus pares, calificaron cada \u00edtem propuesto en una escala del 1 al 6, a lo largo de tres rondas de revisi\u00f3n y cr\u00edtica.<\/p>\n<p>El m\u00e9todo Delphi es una herramienta de consenso est\u00e1ndar que utiliza una metodolog\u00eda establecida para adelantar el conocimiento cient\u00edfico en \u00e1reas tales como la medicina.<\/p>\n<p>Los puntos de consenso clasificados de este modo, han alcanzado al menos el 90% de acuerdo entre 20 personas. (Este es considerado un porcentaje elevado en literatura cient\u00edfica).<\/p>\n<p>Esta encuesta controlada del Panel de Miembros deber\u00eda ayudar a reducir la confusi\u00f3n y la controversia acerca de los eventos del 11-S y, de este modo, incentivar a los medios a registrar las dos versiones del tema.<\/p>\n<p>Los Puntos de Consenso se apoyan tambi\u00e9n en una lista exhaustiva de referencias documentadas de testimonios de testigos, relatos de los bomberos, los primeros reportes de los diarios y la televisi\u00f3n as\u00ed como libros y art\u00edculos acad\u00e9micos.<\/p>\n<p>&nbsp;<\/p>\n<\/div>\n","protected":false},"excerpt":{"rendered":"<p>La importancia del 11 de Setiembre de 2001 <\/p>\n<p>&nbsp;<\/p>\n<p style=\"text-align: right;\">\u201cEl 11 de Setiembre de 2001 parece destinado a ser un hito en nuestras vidas y el mayor desaf\u00edo que enfrent\u00f3 la democracia en nuestros tiempos. La evidencia de la complicidad del gobierno en los eventos que desembocaron en estos hechos, la ausencia de [&#8230;]<\/p>\n","protected":false},"author":108,"featured_media":0,"parent":0,"menu_order":1,"comment_status":"closed","ping_status":"closed","template":"","meta":{"footnotes":""},"class_list":["post-6260","page","type-page","status-publish","hentry"],"jetpack_sharing_enabled":true,"_links":{"self":[{"href":"https:\/\/www.consensus911.org\/es\/wp-json\/wp\/v2\/pages\/6260","targetHints":{"allow":["GET"]}}],"collection":[{"href":"https:\/\/www.consensus911.org\/es\/wp-json\/wp\/v2\/pages"}],"about":[{"href":"https:\/\/www.consensus911.org\/es\/wp-json\/wp\/v2\/types\/page"}],"author":[{"embeddable":true,"href":"https:\/\/www.consensus911.org\/es\/wp-json\/wp\/v2\/users\/108"}],"replies":[{"embeddable":true,"href":"https:\/\/www.consensus911.org\/es\/wp-json\/wp\/v2\/comments?post=6260"}],"version-history":[{"count":3,"href":"https:\/\/www.consensus911.org\/es\/wp-json\/wp\/v2\/pages\/6260\/revisions"}],"predecessor-version":[{"id":21113,"href":"https:\/\/www.consensus911.org\/es\/wp-json\/wp\/v2\/pages\/6260\/revisions\/21113"}],"wp:attachment":[{"href":"https:\/\/www.consensus911.org\/es\/wp-json\/wp\/v2\/media?parent=6260"}],"curies":[{"name":"wp","href":"https:\/\/api.w.org\/{rel}","templated":true}]}}