{"id":6479,"date":"2013-08-12T01:21:59","date_gmt":"2013-08-12T08:21:59","guid":{"rendered":"http:\/\/www.consensus911.org\/?page_id=6479"},"modified":"2023-03-22T15:46:39","modified_gmt":"2023-03-22T22:46:39","slug":"punto-mc-4-sp","status":"publish","type":"page","link":"https:\/\/www.consensus911.org\/es\/punto-mc-4-sp\/","title":{"rendered":"Punto MC-4 (Sp)"},"content":{"rendered":"<h4 class=\"c9h4\">Punto MC-4: \u00bfCu\u00e1ndo autoriz\u00f3 Cheney a que se derriben aviones civiles?<\/h4>\n<div class=\"c9text-es\">\n<p class=\"c9np\"><a href=\"https:\/\/www.consensus911.org\/es\/punto-mc-3-sp\/\">&lt;&lt; Punto anterior<\/a>, <a href=\"https:\/\/www.consensus911.org\/es\/punto-mc-5-sp\/\">Siguiente punto &gt;&gt;<\/a><\/p>\n<div class=\"c9hdr\"><a name=\"INTRO\"><\/a>Introducci\u00f3n<\/div>\n<p style=\"padding-left: 30px\">A las 9:26 AM del 11-S, la administraci\u00f3n Bush-Cheney orden\u00f3 un cese nacional de operaciones a\u00e9reas prohibiendo el despegue de aviones civiles; a las 9:45, todos los aviones que se encontraban en el aire recibieron la orden de aterrizar.&nbsp;<a name=\"R_1\" href=\"#N_1\">[1]<\/a> Esas \u00f3rdenes generaron el entorno adecuado para la posibilidad de impartir una orden de disparar derribando los aviones civiles que violaran dicha prohibici\u00f3n. Hubo controversia sobre si el vuelo&nbsp;93 de United Airlines, que la Comisi\u00f3n del 11-S declar\u00f3 estrellado en Shanksville, Pennsylvania, fue en cambio derribado.<\/p>\n<div class=\"c9hdr\"><a name=\"OFFICIAL\"><\/a>La Versi\u00f3n Oficial<\/div>\n<p style=\"padding-left: 30px\">El Vicepresidente Cheney lleg\u00f3 al Centro Presidencial de Operaciones de Emergencia (<a href=\"https:\/\/en.wikipedia.org\/wiki\/Presidential_Emergency_Operations_Center\">Presidential Emergency Operations Center, PEOC<\/a>) \u201cminutos antes de las 10:00.\u201d&nbsp;<a name=\"R_2\" href=\"#N_2\">[2]<\/a> A las 10:02, \u201ccomenz\u00f3 a recibir reportes del Servicio Secreto sobre el arribo de un vuelo \u2013 presuntamente secuestrado \u2013 dirigi\u00e9ndose a Washington.\u201d&nbsp;<a name=\"R_3\" href=\"#N_3\">[3]<\/a> Aunque este era el vuelo&nbsp;93 de United, esto no se supo entonces, porque seg\u00fan la Comisi\u00f3n el ej\u00e9rcito reci\u00e9n se enter\u00f3 que este avi\u00f3n hab\u00eda sido secuestrado luego de haberse estrellado.&nbsp;<a name=\"R_4\" href=\"#N_4\">[4]<\/a> A trav\u00e9s de su edec\u00e1n militar, Cheney autoriz\u00f3 que se derriben aviones civiles \u201cen alg\u00fan momento entre las 10:10 y las 10:15\u201d, de nuevo en \u201calg\u00fan momento entre las 10:12 y las 10:18\u201d y luego obtuvo la confirmaci\u00f3n del Presidente Bush a las 10:25.&nbsp;<a name=\"R_5\" href=\"#N_5\">[5]<\/a> Reportando que Richard Clarke hab\u00eda \u201csolicitado al Presidente autoridad para derribar aviones\u201d, la Comisi\u00f3n del 11-S escribi\u00f3: \u201cLa confirmaci\u00f3n de tal autoridad lleg\u00f3 a las 10:25\u201d.&nbsp;<a name=\"R_6\" href=\"#N_6\">[6]<\/a> La autorizaci\u00f3n para derribar aviones por lo tanto fue emitida demasiado tarde para afectar el destino del vuelo&nbsp;93 que se estrell\u00f3 a las 10:03.&nbsp;<a name=\"R_7\" href=\"#N_7\">[7]<\/a><\/p>\n<div class=\"c9hdr\"><a name=\"EVIDENCE\"><\/a>La Evidencia Revisada<\/div>\n<div style=\"padding-left: 30px\">Hay una considerable cantidad de evidencia indicando que la autorizaci\u00f3n para derribar aviones no fue emitida luego de las 10:10 sino m\u00e1s cerca de las 9:50, y por lo tanto con suficiente tiempo para que el ej\u00e9rcito derribara el vuelo&nbsp;93 de United:<\/p>\n<ol style=\"padding-left: 30px\">\n<li> La evidencia m\u00e1s completa se encuentra en el libro de 2004 <i>Against all enemies<\/i> (Contra todos los enemigos), escrito por el Coordinador en antiterrorismo Richard Clarke.&nbsp;<a name=\"R_8\" href=\"#N_8\">[8]<\/a>\n<ul style=\"padding-left: 30px\">\n<li> Clarke escribi\u00f3 que justo antes del ataque al Pent\u00e1gono, le dijo a su enlace con Cheney, el Comandante Michael Fenzel, que quer\u00eda autorizaci\u00f3n \u201cpara que la Fuerza A\u00e9rea pudiera derribar cualquier avi\u00f3n \u2013 incluyendo uno de pasajeros secuestrado \u2013 que pareciera una amenaza de ataque y pudiera causar muertes a gran escala en tierra.\u201d&nbsp;<a name=\"R_9\" href=\"#N_9\">[9]<\/a><\/li>\n<li> Fenzel le devolvi\u00f3 el llamado bastante r\u00e1pido. (Clarke dijo: \u201cFui sorprendido por la rapidez de las decisiones tomadas por Cheney, y a trav\u00e9s suyo, por el mismo Bush\u201d) La llamada de Fenzel fue recibida luego del ataque al Pent\u00e1gono pero antes de que el avi\u00f3n presidencial partiera del aeropuerto en Florida, osea entre las 9:38 y las 9:55.&nbsp;<a name=\"R_10\" href=\"#N_10\">[10]<\/a><\/li>\n<li> Fenzel dijo: \u201cComuniquenle al Pent\u00e1gono que tienen la autorizaci\u00f3n del Presidente para derribar aviones hostiles, repito, tienen la autorizaci\u00f3n para derribar aviones hostiles\u201d. Clarke report\u00f3 haber comunicado luego: \u201cDepartamento de Defensa, Departamento de Defensa &#8230; . El Presidente orden\u00f3 el uso de la fuerza contra aviones considerados hostiles.\u201d&nbsp;<a name=\"R_11\" href=\"#N_11\">[11]<\/a><\/li>\n<\/ul>\n<\/li>\n<li> El art\u00edculo de 2003 del U.&nbsp;S. News and World Report (Reporte de novedades de Estados Unidos y el mundo), acerca de \u201cLa orden sin precedentes de Bush de derribar cualquier avi\u00f3n civil secuestrado\u201d, dijo: \u201cLas fuentes del Pent\u00e1gono dicen que inmediatamente luego de que el avi\u00f3n 77 impact\u00f3 con el Pent\u00e1gono y la Administraci\u00f3n Federal de Aviaci\u00f3n, Bush comunic\u00f3 a Cheney la orden de mantener en tierra todos los vuelos dom\u00e9sticos, dispuesta por primera vez en la historia.\u201d&nbsp;<a name=\"R_12\" href=\"#N_12\">[12]<\/a> Este reporte, reforzado por los puntos previos y subsiguientes, ubicar\u00eda a la autorizaci\u00f3n para derribar aviones poco tiempo despu\u00e9s de las 9:45.<\/li>\n<li> La corresponsal de la CNN en el Pent\u00e1gono, Barbara Starr, dijo en un programa televisivo de 2002 evocando los hechos del 11-S: \u201cSon ahora las 9:40 y existe un gran problema: el vuelo&nbsp;93 de United Airlines apag\u00f3 su transmisor. Los oficiales creen que se dirige hacia Washington D.C. &#8230; En una l\u00ednea de tel\u00e9fono segura el Vicepresidente Cheney ha dado permiso al ej\u00e9rcito para derribar cualquier avi\u00f3n comercial que amenace a Washington\u201d.&nbsp;<a name=\"R_13\" href=\"#N_13\">[13]<\/a><\/li>\n<li> En 2002 y 2003, un buen n\u00famero de l\u00edderes militares declararon que hab\u00edan recibido la autorizaci\u00f3n para derribar aviones cuando el vuelo&nbsp;93 de United estaba todav\u00eda en el aire.\n<ul style=\"padding-left: 30px\">\n<li> El Coronel Robert Marr, cabeza del Sector de Defensa A\u00e9rea del Noroeste, dijo: \u201cRecibimos la autorizaci\u00f3n para matar si era necesario\u201d&nbsp;<a name=\"R_14\" href=\"#N_14\">[14]<\/a><\/li>\n<li> El General Larry Arnold, Comandante del Comando de Defensa Aeroespacial de los Estados Unidos dentro del territorio continental, dijo: \u201cTen\u00eda todas las intenciones de derribar el vuelo&nbsp;93 de United si continuaba acerc\u00e1ndose a Washington, D.C.\u201d&nbsp;<a name=\"R_15\" href=\"#N_15\">[15]<\/a><\/li>\n<li> El Brigadier General Montague Winfield, Subdirector de Operaciones del Centro Nacional de Comando Militar en el Pent\u00e1gono, supuestamente dijo: \u201cLa decisi\u00f3n fue tomada para intentar interceptar el vuelo&nbsp;93 &#8230; El Vicepresidente [dijo] que el Presidente nos hab\u00eda dado permiso para derribar aviones civiles inocentes que amenazaran Washington, DC.\u201d&nbsp;<a name=\"R_16\" href=\"#N_16\">[16]<\/a><\/li>\n<\/ul>\n<\/li>\n<\/ol>\n<p>A pesar de toda esta evidencia, el Reporte de la Comisi\u00f3n del 11-S, publicado en julio de 2004, declara: \u201cPara el momento en que el ej\u00e9rcito estuvo al tanto del vuelo&nbsp;93, \u00e9ste ya se hab\u00eda estrellado.\u201d&nbsp;<a name=\"R_17\" href=\"#N_17\">[17]<\/a> Bas\u00e1ndose en esto, la Comisi\u00f3n del 11-S sostuvo que las declaraciones citadas realizadas por Marr, Arnold y Winfield eran \u201cincorrectas\u201d.&nbsp;<a name=\"R_18\" href=\"#N_18\">[18]<\/a><br \/>\nAdem\u00e1s de contradecir dichas declaraciones, la Comisi\u00f3n del 11-S difiere tambi\u00e9n con un memor\u00e1ndum de la Administraci\u00f3n Federal de Aviaci\u00f3n enviado a la misma Comisi\u00f3n el 23 de mayo de 2003.<\/p>\n<ul style=\"padding-left: 30px\">\n<li> Este memo dec\u00eda que en una teleconferencia con el ej\u00e9rcito comenzada \u201cminutos despu\u00e9s de que el primer avi\u00f3n chocara con las Torres Gemelas\u201d \u2013 por lo tanto poco despu\u00e9s de las 8:46 AM \u2013 la Administraci\u00f3n Federal de Aviaci\u00f3n hab\u00eda \u201ccompartido informaci\u00f3n en tiempo real &#8230; sobre &#8230; todos los vuelos de inter\u00e9s\u201d,&nbsp;<a name=\"R_19\" href=\"#N_19\">[19]<\/a> incluyendo el vuelo&nbsp;93 de United.&nbsp;<a name=\"R_20\" href=\"#N_20\">[20]<\/a><\/li>\n<li> Richard Ben-Veniste, miembro de la Comisi\u00f3n del 11-S, al introducir el memo de la Administraci\u00f3n Federal de Aviaci\u00f3n en el registro de la Comisi\u00f3n, dijo que prove\u00eda evidencia de que \u201cla Administraci\u00f3n Federal de Aviaci\u00f3n iba suministrando la informaci\u00f3n a medida que la recib\u00eda, inmediatamente despu\u00e9s del primer impacto a las Torres.\u201d&nbsp;<a name=\"R_21\" href=\"#N_21\">[21]<\/a> Pero la Comisi\u00f3n del 11-S dio cuenta de este memo, simplemente omitiendo toda referencia al mismo en el Reporte de la Comisi\u00f3n del 11-S.<\/li>\n<\/ul>\n<\/div>\n<div class=\"c9hdr\"><a name=\"CONCLUSION\"><\/a>Conclusi\u00f3n<\/div>\n<div style=\"padding-left: 30px\">La Comisi\u00f3n del 11-S declar\u00f3 que Cheney no emiti\u00f3 la autorizaci\u00f3n para derribar aviones hasta las 10:10 o m\u00e1s tarde, mientras que la evidencia indica que Cheney a las 9:50 ya hab\u00eda dado la autorizaci\u00f3n \u2013al menos 20 minutos antes de lo que declar\u00f3 la Comisi\u00f3n-. Si se tiene en cuenta esta diferencia de 20 minutos hay un espacio para que los pilotos militares pudieran recibir a tiempo la orden de derribar el vuelo&nbsp;93 (supuestamente estrellado a las 10:03).<\/p>\n<p>Las declaraciones de la Comisi\u00f3n acerca del momento en que se autoriz\u00f3 a derribar aviones civiles, no es la \u00fanica parte de la versi\u00f3n oficial sobre el tema que resulta problem\u00e1tica. La prensa repar\u00f3 en la declaraci\u00f3n de la Administraci\u00f3n Bush acerca de que Cheney transmiti\u00f3 una autorizaci\u00f3n otorgada por el Presidente (en lugar de decidirlo unilateralmente, lo cual hubiera sido ilegal), hecho sobre el cual hasta la misma Comisi\u00f3n del 11-S era esc\u00e9ptica.&nbsp;<a name=\"R_22\" href=\"#N_22\">[22]<\/a><\/p>\n<p>La afirmaci\u00f3n de la Comisi\u00f3n del 11-S de que la autorizaci\u00f3n no fue dada por Cheney sino apartir de las 10:10 o m\u00e1s tarde, es decir luego de la ca\u00edda del vuelo&nbsp;93, resulta m\u00e1s importante a\u00fan para esclarecer los sucesos del 11-S. Varios reportes contradicen este hecho, entre ellos los provistos por Richard Clarke, por el U.&nbsp;S. News and World Report (Reporte de novedades de Estados Unidos y el mundo), por la corresponsal en el Pent\u00e1gono Barbara Starr, la Administraci\u00f3n Federal de Aviaci\u00f3n y tres altos oficiales militares: el Coronel Marr, el General. Arnold, y el Brig. Gen. Winfield.<\/p>\n<p>No obstante, la declaraci\u00f3n de la Comisi\u00f3n del 11-S sobre la autorizaci\u00f3n dada a las 10:10 o m\u00e1s tarde, presupone otra afirmaci\u00f3n de la misma Comisi\u00f3n que dice que Cheney no ingres\u00f3 al Centro Presidencial de Operaciones de Emergencia (<a href=\"https:\/\/en.wikipedia.org\/wiki\/Presidential_Emergency_Operations_Center\">PEOC<\/a>), del cual estaba a cargo, hasta casi las 10:00. Sin embargo hay abundante evidencia que contradice esta segunda afirmaci\u00f3n y puede encontrarse en el <a href=\"\/es\/punto-mc-3-sp\/\"><i>Punto MC-3<\/i><\/a>.&nbsp;<a name=\"R_23\" href=\"#N_23\">[23]<\/a><\/p>\n<p>Toda nueva investigaci\u00f3n deber\u00e1 preguntarse porque la Comisi\u00f3n del 11-S hizo afirmaciones acerca de la autorizaci\u00f3n para derribar aviones otorgada por Cheney, contradiciendo la gran cantidad de evidencia obrante.<\/p>\n<\/div>\n<p class=\"c9np\"><a href=\"https:\/\/www.consensus911.org\/es\/punto-mc-3-sp\/\">&lt;&lt; Punto anterior<\/a>, <a href=\"https:\/\/www.consensus911.org\/es\/punto-mc-5-sp\/\">Siguiente punto &gt;&gt;<\/a><\/p>\n<div class=\"c9hdr\"><a name=\"REFS\"><\/a>Referencias para el Punto MC-4<\/div>\n<div class=\"c9refs\">\n<table class=\"ref_tbl\">\n<tbody>\n<tr>\n<td class=\"ref_nrs\">\n<div class=\"refnrs\"><a href=\"#R_1\" name=\"N_1\">[1]<\/a><\/div>\n<\/td>\n<td class=\"ref_txt\">\n<div class=\"rtxt-es\">\n<i><a href=\"https:\/\/911commission.gov\/report\/911Report.pdf\"><i>The 9\/11 Commission Report<\/i><\/a>, [Reporte de la Comisi\u00f3n del 11-S]<\/i> 29 (pdf:&nbsp;46).<\/div>\n<\/td>\n<\/tr>\n<tr>\n<td class=\"ref_nrs\">\n<div class=\"refnrs\"><a href=\"#R_2\" name=\"N_2\">[2]<\/a><\/div>\n<\/td>\n<td class=\"ref_txt\">\n<div class=\"rtxt-es\">\n<a href=\"https:\/\/911commission.gov\/report\/911Report.pdf\">Ibid.<\/a>, 40.<\/div>\n<\/td>\n<\/tr>\n<tr>\n<td class=\"ref_nrs\">\n<div class=\"refnrs\"><a href=\"#R_3\" name=\"N_3\">[3]<\/a><\/div>\n<\/td>\n<td class=\"ref_txt\">\n<div class=\"rtxt-es\">\n<a href=\"https:\/\/911commission.gov\/report\/911Report.pdf\">Ibid.<\/a>, 41.<\/div>\n<\/td>\n<\/tr>\n<tr>\n<td class=\"ref_nrs\">\n<div class=\"refnrs\"><a href=\"#R_4\" name=\"N_4\">[4]<\/a><\/div>\n<\/td>\n<td class=\"ref_txt\">\n<div class=\"rtxt-es\">\n<a href=\"https:\/\/911commission.gov\/report\/911Report.pdf\">Ibid.<\/a>, 34.<\/div>\n<\/td>\n<\/tr>\n<tr>\n<td class=\"ref_nrs\">\n<div class=\"refnrs\"><a href=\"#R_5\" name=\"N_5\">[5]<\/a><\/div>\n<\/td>\n<td class=\"ref_txt\">\n<div class=\"rtxt-es\">\n<a href=\"https:\/\/911commission.gov\/report\/911Report.pdf\">Ibid.<\/a>, 41. (La pel\u00edcula <a href=\"https:\/\/www.imdb.com\/title\/tt0475276\/reference\"><i>United&nbsp;93<\/i><\/a>, que sigue la l\u00ednea de tiempo trazada en el <i>Reporte de la Comisi\u00f3n del 11-S<\/i>, dice que la autorizaci\u00f3n fue dada a las 10:18.)<\/div>\n<\/td>\n<\/tr>\n<tr>\n<td class=\"ref_nrs\">\n<div class=\"refnrs\"><a href=\"#R_6\" name=\"N_6\">[6]<\/a><\/div>\n<\/td>\n<td class=\"ref_txt\">\n<div class=\"rtxt-es\">\n<a href=\"https:\/\/911commission.gov\/report\/911Report.pdf\">Ibid.<\/a>, 37.<\/div>\n<\/td>\n<\/tr>\n<tr>\n<td class=\"ref_nrs\">\n<div class=\"refnrs\"><a href=\"#R_7\" name=\"N_7\">[7]<\/a><\/div>\n<\/td>\n<td class=\"ref_txt\">\n<div class=\"rtxt-es\">\n\u201cPara las 10:03, cuando el avi\u00f3n de United se estrell\u00f3 en Pennsylvania, no se hab\u00eda hecho ninguna menci\u00f3n de este secuestro [al ej\u00e9rcito]\u201d (<a href=\"https:\/\/911commission.gov\/report\/911Report.pdf\">Ibid.<\/a>, 38).<\/div>\n<\/td>\n<\/tr>\n<tr>\n<td class=\"ref_nrs\">\n<div class=\"refnrs\"><a href=\"#R_8\" name=\"N_8\">[8]<\/a><\/div>\n<\/td>\n<td class=\"ref_txt\">\n<div class=\"rtxt-es\">\nRichard A. Clarke, \u201c<a href=\"http:\/\/www.amazon.es\/Against-All-Enemies-Inside-Americas-ebook\/dp\/B000FC1CPK\">Against All Enemies: Inside America\u2019s War on Terror<\/a> [Contra todos los enemigos: La Guerra Americana contra el terrorismo por dentro]\u201d, New York: Free Press, 2004.<\/div>\n<\/td>\n<\/tr>\n<tr>\n<td class=\"ref_nrs\">\n<div class=\"refnrs\"><a href=\"#R_9\" name=\"N_9\">[9]<\/a><\/div>\n<\/td>\n<td class=\"ref_txt\">\n<div class=\"rtxt-es\">\n<a href=\"http:\/\/www.amazon.es\/Against-All-Enemies-Inside-Americas-ebook\/dp\/B000FC1CPK\">Ibid.<\/a>, 7.<\/div>\n<\/td>\n<\/tr>\n<tr>\n<td class=\"ref_nrs\">\n<div class=\"refnrs\"><a href=\"#R_10\" name=\"N_10\">[10]<\/a><\/div>\n<\/td>\n<td class=\"ref_txt\">\n<div class=\"rtxt-es\">\nClarke report\u00f3 que el llamado fue recibido mientras el avi\u00f3n del Presidente a\u00fan se \u201cestaba preparando para despegar\u201d (<a href=\"http:\/\/www.amazon.es\/Against-All-Enemies-Inside-Americas-ebook\/dp\/B000FC1CPK\">Ibid.<\/a>, 8).<\/div>\n<\/td>\n<\/tr>\n<tr>\n<td class=\"ref_nrs\">\n<div class=\"refnrs\"><a href=\"#R_11\" name=\"N_11\">[11]<\/a><\/div>\n<\/td>\n<td class=\"ref_txt\">\n<div class=\"rtxt-es\">\n<a href=\"http:\/\/www.amazon.es\/Against-All-Enemies-Inside-Americas-ebook\/dp\/B000FC1CPK\">Ibid.<\/a>, 8.<\/div>\n<\/td>\n<\/tr>\n<tr>\n<td class=\"ref_nrs\">\n<div class=\"refnrs\"><a href=\"#R_12\" name=\"N_12\">[12]<\/a><\/div>\n<\/td>\n<td class=\"ref_txt\">\n<div class=\"rtxt-es\">\nChitra Ragavan y Mark Mazzetti, \u201c<a href=\"https:\/\/web.archive.org\/web\/20120906093322\/http:\/\/chitraragavan.com\/usnews\/sept11_iraq.pdf\">Pieces of the Puzzle: A Top-Secret Conference Call on September 11 Could Shed New Light on the Terrorist Attacks<\/a>\u201d, <i>U.&nbsp;S. News &amp; World Report (Reporte de novedades de Estados Unidos y el mundo)<\/i>, 31 August, 2003.<\/div>\n<\/td>\n<\/tr>\n<tr>\n<td class=\"ref_nrs\">\n<div class=\"refnrs\"><a href=\"#R_13\" name=\"N_13\">[13]<\/a><\/div>\n<\/td>\n<td class=\"ref_txt\">\n<div class=\"rtxt-es\">\n\u201c<a href=\"https:\/\/transcripts.cnn.com\/TRANSCRIPTS\/0209\/04\/ltm.11.html\">\u2019The Pentagon Goes to War\u2019: National Military Command Center<\/a>\u201d, <i>American Morning with Paula Zahn<\/i>, <i>CNN<\/i>, 4 setiembre 2002.<\/div>\n<\/td>\n<\/tr>\n<tr>\n<td class=\"ref_nrs\">\n<div class=\"refnrs\"><a href=\"#R_14\" name=\"N_14\">[14]<\/a><\/div>\n<\/td>\n<td class=\"ref_txt\">\n<div class=\"rtxt-es\">\nCitado en Leslie Filson, \u201c<a href=\"http:\/\/www.amazon.com\/Air-War-Over-America-Defense\/dp\/061512416X\">Air War over America: Sept. 11 Alters Face of Air Defense Mission<\/a>\u201d, Pr\u00f3logo por Larry K. Arnold [Public Affairs: Tyndall Air Force Base, 2003], 68). Marr tambi\u00e9n dijo que luego de recibir la orden de derribar los aviones \u201cse la comunic\u00f3 a los pilotos\u201d. (<a href=\"http:\/\/s3.amazonaws.com\/911timeline\/2002\/abcnews091102.html\">\u201c9\/11: Interviews by Peter Jennings,<\/a>\u201d <i>ABC News<\/i>, 11 setiembre 2002.)<\/div>\n<\/td>\n<\/tr>\n<tr>\n<td class=\"ref_nrs\">\n<div class=\"refnrs\"><a href=\"#R_15\" name=\"N_15\">[15]<\/a><\/div>\n<\/td>\n<td class=\"ref_txt\">\n<div class=\"rtxt-es\">\nFilson, <a href=\"http:\/\/www.amazon.com\/Air-War-Over-America-Defense\/dp\/061512416X\"><i>Air War Over America<\/i><\/a>, 71.<\/div>\n<\/td>\n<\/tr>\n<tr>\n<td class=\"ref_nrs\">\n<div class=\"refnrs\"><a href=\"#R_16\" name=\"N_16\">[16]<\/a><\/div>\n<\/td>\n<td class=\"ref_txt\">\n<div class=\"rtxt-es\">\n<a href=\"http:\/\/s3.amazonaws.com\/911timeline\/2002\/abcnews091102.html\">\u201c9\/11: Interviews by Peter Jennings,<\/a>\u201d <i>ABC News<\/i>, setiembre 11, 2002.<\/div>\n<\/td>\n<\/tr>\n<tr>\n<td class=\"ref_nrs\">\n<div class=\"refnrs\"><a href=\"#R_17\" name=\"N_17\">[17]<\/a><\/div>\n<\/td>\n<td class=\"ref_txt\">\n<div class=\"rtxt-es\">\n<a href=\"https:\/\/911commission.gov\/report\/911Report.pdf\"><i>The 9\/11 Commission Report<\/i><\/a>, (<i>Reporte de la Comisi\u00f3n del 11-S)<\/i> 34.<\/div>\n<\/td>\n<\/tr>\n<tr>\n<td class=\"ref_nrs\">\n<div class=\"refnrs\"><a href=\"#R_18\" name=\"N_18\">[18]<\/a><\/div>\n<\/td>\n<td class=\"ref_txt\">\n<div class=\"rtxt-es\">\n<a href=\"https:\/\/911commission.gov\/report\/911Report.pdf\">Ibid.<\/a><\/div>\n<\/td>\n<\/tr>\n<tr>\n<td class=\"ref_nrs\">\n<div class=\"refnrs\"><a href=\"#R_19\" name=\"N_19\">[19]<\/a><\/div>\n<\/td>\n<td class=\"ref_txt\">\n<div class=\"rtxt-es\">\n<a href=\"https:\/\/www.911commission.gov\/archive\/hearing2\/9-11Commission_Hearing_2003-05-23.htm\"><i>9\/11 Commission Hearing, May 23, 2003<\/i><\/a> (<i>Audiencia de la Comisi\u00f3n del 11-S mayo 23, 2003<\/i>).<\/div>\n<\/td>\n<\/tr>\n<tr>\n<td class=\"ref_nrs\">\n<div class=\"refnrs\"><a href=\"#R_20\" name=\"N_20\">[20]<\/a><\/div>\n<\/td>\n<td class=\"ref_txt\">\n<div class=\"rtxt-es\">\nLa Comisi\u00f3n del 11-S reconoci\u00f3 que la sede de la Administraci\u00f3n Federal de Aviaci\u00f3n estaba al tanto de que el vuelo&nbsp;93 hab\u00eda sido secuestrado para las 9:34. (<a href=\"https:\/\/911commission.gov\/report\/911Report.pdf\"><i>The 9\/11 Commission Report<\/i><\/a>, <i>Reporte de la Comisi\u00f3n del 11,<\/i> 28). Asimismo, cuando la Comisi\u00f3n le pregunt\u00f3 al General Arnold que estaba haciendo el Comando de Defensa Aeroespacial de los Estados Unidos el 11-S a las 9:24 AM el dijo: \u201cNuestro foco se encontraba en el vuelo&nbsp;93, que no estaba siendo se\u00f1alado insistentemente, podr\u00eda decirse, por la Administraci\u00f3n Federal de Aviaci\u00f3n\u201d (<a href=\"https:\/\/www.911commission.gov\/archive\/hearing2\/9-11Commission_Hearing_2003-05-23.htm\"><i>9\/11 Commission Hearing, May 23, 2003<\/i><\/a> (<i>Audiencia de la Comisi\u00f3n del 11-S, mayo 23, 2003<\/i>).<\/div>\n<\/td>\n<\/tr>\n<tr>\n<td class=\"ref_nrs\">\n<div class=\"refnrs\"><a href=\"#R_21\" name=\"N_21\">[21]<\/a><\/div>\n<\/td>\n<td class=\"ref_txt\">\n<div class=\"rtxt-es\">\n<a href=\"https:\/\/www.911commission.gov\/archive\/hearing2\/9-11Commission_Hearing_2003-05-23.htm\"><i>9\/11 Commission Hearing, May 23, 2003<\/i><\/a> (<i>Audiencia de la Comisi\u00f3n del 11-S, mayo 23, 2003<\/i>).<\/div>\n<\/td>\n<\/tr>\n<tr>\n<td class=\"ref_nrs\">\n<div class=\"refnrs\"><a href=\"#R_22\" name=\"N_22\">[22]<\/a><\/div>\n<\/td>\n<td class=\"ref_txt\">\n<div class=\"rtxt-es\">\nEn el <i>Reporte de la Comisi\u00f3n del 11-S<\/i> no se hace referencia al escepticismo que sent\u00eda la misma a este respecto, limit\u00e1ndose a decir que no hab\u00eda pruebas documentales de la llamada a Bush declarada por Cheney, realizada por este poco despu\u00e9s de ingresar al Centro Presidencial de Operaciones de Emergencia (<a href=\"https:\/\/en.wikipedia.org\/wiki\/Presidential_Emergency_Operations_Center\">PEOC<\/a>), y a trav\u00e9s de la cual habr\u00eda obtenido la autorizaci\u00f3n de Bush (pp. 40-41). De acuerdo a la revista <i>Newsweek<\/i> sin embargo, esta era una versi\u00f3n diluida de un borrador previo en el que se mencionaba que \u201calgunos miembros de la comisi\u00f3n eran muy esc\u00e9pticos acerca de la versi\u00f3n del Vicepresidente\u201d. Ese borrador previo, que expresaba m\u00e1s claramente la creencia de que el Presidente y el Vice mintieron, habr\u00eda sido modificado luego de una vigorosa presi\u00f3n de parte de la Casa Blanca (Daniel Klaidman y Michael Hirsh, <a href=\"http:\/\/web.archive.org\/web\/20040622031131\/http:\/www.msnbc.msn.com\/id\/5251871\/site\/newsweek\/\">\u201cWho Was Really in Charge?<\/a>\u201d <i>Newsweek<\/i>, junio 20, 2004.<\/div>\n<\/td>\n<\/tr>\n<tr>\n<td class=\"ref_nrs\">\n<div class=\"refnrs\"><a href=\"#R_23\" name=\"N_23\">[23]<\/a><\/div>\n<\/td>\n<td class=\"ref_txt\">\n<div class=\"rtxt-es\">\nVer <a href=\"\/es\/punto-mc-3-sp\/\"><i>Punto de Consenso MC-3<\/i><\/a>: \u201cControversia sobre La Hora de Ingreso de Dick Cheney al B\u00fanker de la Casa Blanca\u201d.<\/div>\n<\/td>\n<\/tr>\n<\/tbody>\n<\/table>\n<\/div>\n<p><!-- c9refs --><\/p>\n<\/div>\n<p><!-- c9text --><\/p>\n","protected":false},"excerpt":{"rendered":"<p>Punto MC-4: \u00bfCu\u00e1ndo autoriz\u00f3 Cheney a que se derriben aviones civiles? <\/p>\n<p class=\"c9np\"><a href=\"https:\/\/www.consensus911.org\/es\/punto-mc-3-sp\/\">&lt;&lt; Punto anterior<\/a>, <a href=\"https:\/\/www.consensus911.org\/es\/punto-mc-5-sp\/\">Siguiente punto &gt;&gt;<\/a><\/p>\n<p> <a name=\"INTRO\"><\/a>Introducci\u00f3n <\/p>\n<p style=\"padding-left: 30px\">A las 9:26 AM del 11-S, la administraci\u00f3n Bush-Cheney orden\u00f3 un cese nacional de operaciones a\u00e9reas prohibiendo el despegue de aviones civiles; a las 9:45, todos los aviones que se encontraban [&#8230;]<\/p>\n","protected":false},"author":108,"featured_media":0,"parent":0,"menu_order":125,"comment_status":"closed","ping_status":"closed","template":"","meta":{"footnotes":""},"class_list":["post-6479","page","type-page","status-publish","hentry"],"jetpack_sharing_enabled":true,"_links":{"self":[{"href":"https:\/\/www.consensus911.org\/es\/wp-json\/wp\/v2\/pages\/6479","targetHints":{"allow":["GET"]}}],"collection":[{"href":"https:\/\/www.consensus911.org\/es\/wp-json\/wp\/v2\/pages"}],"about":[{"href":"https:\/\/www.consensus911.org\/es\/wp-json\/wp\/v2\/types\/page"}],"author":[{"embeddable":true,"href":"https:\/\/www.consensus911.org\/es\/wp-json\/wp\/v2\/users\/108"}],"replies":[{"embeddable":true,"href":"https:\/\/www.consensus911.org\/es\/wp-json\/wp\/v2\/comments?post=6479"}],"version-history":[{"count":5,"href":"https:\/\/www.consensus911.org\/es\/wp-json\/wp\/v2\/pages\/6479\/revisions"}],"predecessor-version":[{"id":21593,"href":"https:\/\/www.consensus911.org\/es\/wp-json\/wp\/v2\/pages\/6479\/revisions\/21593"}],"wp:attachment":[{"href":"https:\/\/www.consensus911.org\/es\/wp-json\/wp\/v2\/media?parent=6479"}],"curies":[{"name":"wp","href":"https:\/\/api.w.org\/{rel}","templated":true}]}}