{"id":1475,"date":"2012-04-27T00:31:06","date_gmt":"2012-04-27T07:31:06","guid":{"rendered":"http:\/\/www.consensus911.org\/?page_id=1475"},"modified":"2023-03-23T14:36:41","modified_gmt":"2023-03-23T21:36:41","slug":"references-sources","status":"publish","type":"page","link":"https:\/\/www.consensus911.org\/fr\/references-sources\/","title":{"rendered":"R\u00e9f\u00e9rences &amp; Sources"},"content":{"rendered":"<h3>R\u00e9f\u00e9rences bibliographiques d\u2019ouvrages ou d&rsquo;articles contredisant la version officielle sur le 11-Septembre<\/h3>\n<div class=\"c9text-fr\">\n<p>&nbsp;<\/p>\n<p>La litt\u00e9rature sur le 11\/9 peut \u00eatre divis\u00e9e en deux parties; d\u2019une part les documents du gouvernement US qui expliquent la version officielle du 11\/9; et d\u2019autre part l\u2019importante quantit\u00e9 de textes g\u00e9n\u00e9r\u00e9s par les professionnels de la communaut\u00e9 de recherche, motiv\u00e9s par leur d\u00e9saccord avec le r\u00e9cit officiel.<\/p>\n<p>&nbsp;<\/p>\n<h4 style=\"padding-bottom: 20px\">Les documents gouvernementaux relatifs \u00e0 la version officielle du 11-Septembre<\/h4>\n<p>La Maison Blanche s\u2019est oppos\u00e9e&nbsp;<a href=\"#N_1\" name=\"R_1\">[1]<\/a> \u00e0 toute enqu\u00eate sur le 11\/9 et ce n\u2019a vu le jour que gr\u00e2ce \u00e0 la pression des familles de victimes presque deux ans apr\u00e8s les \u00e9v\u00e9nements. La Commission sur le 11-Septembre fut dot\u00e9e d\u2019un budget minimal (loin derri\u00e8re celui octroy\u00e9 \u00e0 l\u2019enqu\u00eate sur l\u2019affaire Monica Lewinsky) et fut totalement contr\u00f4l\u00e9e par l\u2019envoy\u00e9 de la Maison Blanche, Philip Zelikow.&nbsp;<a href=\"#N_2\" name=\"R_2\">[2]<\/a><\/p>\n<p>Le copr\u00e9sident Lee Hamilton a d\u00e9clar\u00e9 que la Commission sur le 11-Septembre avait \u00e9t\u00e9 \u00ab&nbsp;mise en place pour \u00e9chouer&nbsp;\u00bb (<i>was set up to fail<\/i>) et l\u2019ex-membre de cette commission, Max Cleland, l\u2019a qualifi\u00e9e de \u00ab&nbsp;scandale national&nbsp;\u00bb.&nbsp;<a href=\"#N_3\" name=\"R_3\">[3]<\/a><br \/>\nLe rapport de la Commission a \u00e9cart\u00e9 des dizaines de faits,&nbsp;<a href=\"#N_4\" name=\"R_4\">[4]<\/a> donc l\u2019effondrement vertical et soudain \u00e0 17h21 du b\u00e2timent&nbsp;7 du World Trade Center, une tour en acier de 47 \u00e9tages \u00e0 deux blocs de distance des Tours Jumelles et qui n\u2019avait \u00e9t\u00e9 heurt\u00e9e par aucun avion.<\/p>\n<p>Le rapport, qui est partiel et n\u2019a pas fait l\u2019objet d\u2019une relecture critique (peer review), peut difficilement \u00eatre consid\u00e9r\u00e9 comme une \u00e9tude fond\u00e9e sur des preuves.<\/p>\n<p>Les autres documents importants qui composent la version officielle ont \u00e9t\u00e9 \u00e9labor\u00e9s sur une dur\u00e9e de sept ans par le <i>National Institute of Standards and Technology<\/i> (NIST), qui a tent\u00e9 d\u2019expliquer l\u2019\u00e9trange effondrement vertical et pratiquement \u00e0 la vitesse de la chute libre des Tours Jumelles et du B\u00e2timent&nbsp;7.&nbsp;<a href=\"#N_5\" name=\"R_5\">[5]<\/a> L\u2019hypoth\u00e8se de la d\u00e9molition contr\u00f4l\u00e9e n\u2019a pas \u00e9t\u00e9 prise en consid\u00e9ration, bien que des pompiers pr\u00e9sents sur place et de c\u00e9l\u00e8bres journalistes de t\u00e9l\u00e9 (dont les embl\u00e9matiques Dan Rather de CBS et Peter Jennings d\u2019ABC&nbsp;<a href=\"#N_6\" name=\"R_6\">[6]<\/a>) aient eux-m\u00eames \u00e9voqu\u00e9 \u00e0 l\u2019\u00e9poque l\u2019incroyable similarit\u00e9 [avec des d\u00e9molitions contr\u00f4l\u00e9es].<\/p>\n<p>Tout comme le Rapport de la Commission, celui du NIST n\u2019a pas fait l\u2019objet d\u2019une relecture critique (peer review). Un d\u00e9lai de 60 jours a \u00e9t\u00e9 accord\u00e9 au public pour poser des questions sur une premi\u00e8re version, mais la plupart des nombreuses remarques et questions importantes soulev\u00e9es furent ignor\u00e9es dans le rapport final.&nbsp;<a href=\"#N_7\" name=\"R_7\">[7]<\/a><br \/>\nLes rapports du NIST n\u2019ayant pas \u00e9t\u00e9 relus de fa\u00e7on critique avant publication (peer reviewed), ils ne peuvent pas \u00eatre consid\u00e9r\u00e9s comme fond\u00e9s sur des preuves.<\/p>\n<p>&nbsp;<\/p>\n<h4 style=\"padding-bottom: 20px\">Recherches scientifiques ind\u00e9pendantes contredisant l\u2019histoire officielle sur les \u00e9v\u00e9nements du 11-Septembre<\/h4>\n<p>La plupart des \u00ab&nbsp;meilleures preuves&nbsp;\u00bb contredisant le r\u00e9cit officiel ont \u00e9t\u00e9 d\u00e9taill\u00e9es dans les 10 ouvrages extr\u00eamement document\u00e9s du Dr. David Ray Griffin, qui a enseign\u00e9 pendant 35 ans la philosophie de la religion avec un focus particulier sur les relations entre religion et science. Ses ouvrages, ses conf\u00e9rences film\u00e9es, et ses articles en ligne sont disponibles sur le Web.&nbsp;<a href=\"#N_8\" name=\"R_8\">[8]<\/a><\/p>\n<p>Les articles faisant partie de la litt\u00e9rature scientifique [sur le 11\/9] incluent&nbsp;:<\/p>\n<ul style=\"padding-left: 30px\">\n<li>Un papier rapportant la pr\u00e9sence de nanothermite dans les poussi\u00e8res g\u00e9n\u00e9r\u00e9es par les effondrements du World Trade Center;&nbsp;<a href=\"#N_9\" name=\"R_9\">[9]<\/a><\/li>\n<li>Six articles figurant dans l\u2019\u00e9dition de f\u00e9vrier 2010 de <i>American Behavioral Scientist<\/i>, r\u00e9f\u00e9renc\u00e9s dans 67 bases de donn\u00e9es et publi\u00e9s dans un volume unique sur les Crimes d\u2019\u00c9tat contre la D\u00e9mocratie, avec comme premier exemple, le 11-Septembre;&nbsp;<a href=\"#N_10\" name=\"R_10\">[10]<\/a><\/li>\n<li>Un article paru dans <i>The Environmentalist<\/i>&nbsp;: \u201c<i>Environmental Anomalies at the World Trade Center: Evidence for Energetic Materials<\/i>\u201d;&nbsp;<a href=\"#N_11\" name=\"R_11\">[11]<\/a><\/li>\n<li>Un papier intitul\u00e9 \u201c<i>Extremely high temperatures during the World Trade Center destruction<\/i>\u201d (temp\u00e9ratures extr\u00eamement \u00e9lev\u00e9es pendant la destruction du World Trade Center);&nbsp;<a href=\"#N_12\" name=\"R_12\">[12]<\/a><\/li>\n<li>Un article scientifique \u00e9num\u00e9rant les mythes \u00e0 propos des effondrements du WTC;&nbsp;<a href=\"#N_13\" name=\"R_13\">[13]<\/a><\/li>\n<li>59 articles relus par des pairs (<i>peer-reviewed<\/i>) concernant les aspects physiques des \u00e9v\u00e9nements du 11\/9, parus depuis 2006 dans le <i>Journal of 9\/11 Studies<\/i>, et 67 lettres \u00e9chang\u00e9es par des membres de la communaut\u00e9 acad\u00e9mique;&nbsp;<a href=\"#N_14\" name=\"R_14\">[14]<\/a><\/li>\n<li>9 papiers de chercheurs publi\u00e9s dans un recueil en 2006 par<i> Elsevier Science Press<\/i>, sugg\u00e9rant des complicit\u00e9s am\u00e9ricaines derri\u00e8re une op\u00e9ration sous fausse banni\u00e8re.&nbsp;<a href=\"#N_15\" name=\"R_15\">[15]<\/a> L\u2019histoire cach\u00e9e du 11 septembre 2001 n\u2019a jamais \u00e9t\u00e9 recens\u00e9e par les m\u00e9dias mainstream.<\/li>\n<\/ul>\n<p>&nbsp;<\/p>\n<p>Mentionnons \u00e9galement d\u2019autres sources dont les livres de Morgan &amp; Henshall \u00ab&nbsp;<i>9\/11 revealed<\/i>&nbsp;\u00bb&nbsp;<a href=\"#N_16\" name=\"R_16\">[16]<\/a> et \u00ab&nbsp;Flight 93 Revealed&nbsp;\u00bb&nbsp;<a href=\"#N_17\" name=\"R_17\">[17]<\/a> ; deux ouvrages du Professeur Michael Chossudovsky, \u00ab&nbsp;<i>America\u2019s War on Terrorisme<\/i>&nbsp;\u00bb,&nbsp;<a href=\"#N_18\" name=\"R_18\">[18]<\/a> et \u00ab&nbsp;<i>War on Globalisation&nbsp;: The Truth Behind September 11<\/i>&nbsp;\u00bb;&nbsp;<a href=\"#N_19\" name=\"R_19\">[19]<\/a> et le site de r\u00e9f\u00e9rence <i>HistoryCommons<\/i> \u00ab&nbsp;<i>Complete 9\/11 Timeline<\/i>&nbsp;\u00bb.&nbsp;<a href=\"#N_20\" name=\"R_20\">[20]<\/a><\/p>\n<p>Bien que les preuves cit\u00e9es pr\u00e9c\u00e9demment et contredisant la version officielle ne soient pas pass\u00e9es \u00e0 travers la relecture critique syst\u00e9matique et les directives d\u2019usage qui ont cours dans le domaine de la m\u00e9decine empirique (<i>evidence-based medicine<\/i>), chacune des affirmations a \u00e9t\u00e9 soit relue plusieurs fois par des sp\u00e9cialistes (<i>peer-reviewed<\/i>), soit abondamment document\u00e9e. Toutes les affirmations pr\u00e9sent\u00e9es ici se fondent sur des travaux continus de recherches qui font l\u2019objet de mises \u00e0 jour r\u00e9guli\u00e8res.<\/p>\n<p>Tout cela fait des recherches ind\u00e9pendantes list\u00e9es ci-dessus les meilleures preuves disponibles \u00e0 ce jour concernant les \u00e9v\u00e9nements du 11\/9.<\/p>\n<p>Note&nbsp;: Ce r\u00e9sum\u00e9 a \u00e9t\u00e9 extrait et l\u00e9g\u00e8rement r\u00e9vis\u00e9 \u00e0 partir d\u2019un article publi\u00e9 dans le journal \u00ab&nbsp;<i>Information for social Change<\/i>&nbsp;\u00bb d\u2019ao\u00fbt 2010.&nbsp;<a href=\"#N_21\" name=\"R_21\">[21]<\/a><\/p>\n<p>&nbsp;<\/p>\n<p><a name=\"REFS\"><\/a><\/p>\n<h4 style=\"padding-bottom: 20px\">R\u00e9f\u00e9rences<\/h4>\n<div class=\"c9refs\">\n<table class=\"ref_tbl\">\n<tbody>\n<tr>\n<td class=\"ref_nrs\">\n<div class=\"refnrs\"><a name=\"N_1\" href=\"#R_1\">[1]<\/a><\/div>\n<\/td>\n<td class=\"ref_txt\">\n<div class=\"rtxt-fr\">\nPete Brush, \u201c<i><a href=\"https:\/\/www.cbsnews.com\/news\/bush-opposes-9-11-query-panel\/\">Bush Opposes 9\/11 Query Panel<\/a><\/i>\u201d, <i>CBS News<\/i>, 23 mai 2002<\/div>\n<\/td>\n<\/tr>\n<tr>\n<td class=\"ref_nrs\">\n<div class=\"refnrs\"><a name=\"N_2\" href=\"#R_2\">[2]<\/a><\/div>\n<\/td>\n<td class=\"ref_txt\">\n<div class=\"rtxt-fr\">\nPhilip Shenon, <i><a href=\"http:\/\/www.amazon.com\/Commission-Uncensored-History-Investigation-Hardcover\/dp\/B00DU7L270\/\">Commission: The Uncensored History of the 9\/11 Investigation<\/a>, (la commission&nbsp;: l\u2019histoire non censur\u00e9e de l\u2019enqu\u00eate sur le 11\/9)<\/i>, Twelve, 2008<\/div>\n<\/td>\n<\/tr>\n<tr>\n<td class=\"ref_nrs\">\n<div class=\"refnrs\"><a name=\"N_3\" href=\"#R_3\">[3]<\/a><\/div>\n<\/td>\n<td class=\"ref_txt\">\n<div class=\"rtxt-fr\">\nGeorge Washington\u2019s Blog, \u201c<i><a href=\"http:\/\/georgewashington.blogspot.com\/2008\/01\/whitewash.html\">Whitewash<\/a><\/i>,\u201d 17 janvier 2008<\/div>\n<\/td>\n<\/tr>\n<tr>\n<td class=\"ref_nrs\">\n<div class=\"refnrs\"><a name=\"N_4\" href=\"#R_4\">[4]<\/a><\/div>\n<\/td>\n<td class=\"ref_txt\">\n<div class=\"rtxt-fr\">\n<a href=\"\/fr\/membres-du-comite\/#GRIFFIN\">David Ray Griffin<\/a>, <a href=\"http:\/\/www.amazon.com\/11-Commission-Report-Omissions-Distortions\/dp\/1566565847\/\"><i>The 9\/11 Commission Report: Omissions and Distortions<\/i><\/a>, Olive Branch Press, 2004. Paru en fran\u00e7ais aux Editions Demi Lune \u201c<a href=\"https:\/\/www.editionsdemilune.com\/omissionsetmanipulationsdelacommissiondenqute-p-5.html\"><i>Omissions et manipulations de la Commission d\u2019enqu\u00eate sur le 11 Septembre<\/i><\/a>\u201d<\/div>\n<\/td>\n<\/tr>\n<tr>\n<td class=\"ref_nrs\">\n<div class=\"refnrs\"><a name=\"N_5\" href=\"#R_5\">[5]<\/a><\/div>\n<\/td>\n<td class=\"ref_txt\">\n<div class=\"rtxt-fr\">\nCes rapports sont disponibles sur le site <a href=\"https:\/\/web.archive.org\/web\/20110813080331\/http:\/\/www.nist.gov\/el\/disasterstudies\/wtc\/\">wtc.nist.gov\/<\/a><\/div>\n<\/td>\n<\/tr>\n<tr>\n<td class=\"ref_nrs\">\n<div class=\"refnrs\"><a name=\"N_6\" href=\"#R_6\">[6]<\/a><\/div>\n<\/td>\n<td class=\"ref_txt\">\n<div class=\"rtxt-fr\">\nDan Rather, <i>CBS News<\/i>, \u201c<a href=\"https:\/\/www.youtube.com\/watch?v=Nvx904dAw0o\"><i>9\/11: Dan Rather Says WTC Collapses Look Like Demolitions<\/i><\/a>,\u201d Peter Jennings, <i>ABC News<\/i>, \u201c<a href=\"https:\/\/www.youtube.com\/watch?v=0ptvvbaR0-U\"><i>9\/11: Controlled Demolition Comparison<\/i><\/a>.\u201d<\/div>\n<\/td>\n<\/tr>\n<tr>\n<td class=\"ref_nrs\">\n<div class=\"refnrs\"><a name=\"N_7\" href=\"#R_7\">[7]<\/a><\/div>\n<\/td>\n<td class=\"ref_txt\">\n<div class=\"rtxt-fr\">\nNIST, <a href=\"https:\/\/www.nist.gov\/sites\/default\/files\/documents\/2017\/05\/09\/CombinedPublicCommentsDraftTowersReports2005-2.pdf\"><i>WTC&nbsp;7 Public Comments Received<\/i><\/a> (2008)<\/div>\n<\/td>\n<\/tr>\n<tr>\n<td class=\"ref_nrs\">\n<div class=\"refnrs\"><a name=\"N_8\" href=\"#R_8\">[8]<\/a><\/div>\n<\/td>\n<td class=\"ref_txt\">\n<div class=\"rtxt-fr\">\nVoir <a href=\"https:\/\/web.archive.org\/web\/20170113175951\/https:\/\/davidraygriffin.com\/\">davidraygriffin.com<\/a><\/div>\n<\/td>\n<\/tr>\n<tr>\n<td class=\"ref_nrs\">\n<div class=\"refnrs\"><a name=\"N_9\" href=\"#R_9\">[9]<\/a><\/div>\n<\/td>\n<td class=\"ref_txt\">\n<div class=\"rtxt-fr\">\n<a href=\"\/fr\/membres-du-comite\/#HARRIT\">Niels H. Harrit<\/a>, et al., \u201c<i><a href=\"https:\/\/web.archive.org\/web\/20151125154704if_\/http:\/\/electricpolitics.com\/media\/docs\/7TOCPJ.pdf\">Active Thermitic Material Discovered in Dust from the 9\/11 World Trade Center Catastrophe.<\/a><\/i>\u201d (<a href=\"http:\/\/www.consensus911.org\/wp-content\/uploads\/2017\/11\/7TOCPJ.pdf\">copie de sauvegarde<\/a>) <i>The Open Chemical Physics Journal<\/i>, Vol. 2 (3 avril 2009), 7-31.<\/div>\n<\/td>\n<\/tr>\n<tr>\n<td class=\"ref_nrs\">\n<div class=\"refnrs\"><a name=\"N_10\" href=\"#R_10\">[10]<\/a><\/div>\n<\/td>\n<td class=\"ref_txt\">\n<div class=\"rtxt-fr\">\nVoir <a href=\"http:\/\/journals.sagepub.com\/toc\/abs\/53\/6\">l\u2019\u00e9dition de f\u00e9vrier 2010<\/a>. La version papier \u00e9tait disponible au prix de 24$ aupr\u00e8s de Sage Journals \u00e0 <a href=\"mailto:journals@sagepub.com\">journals@sagepub.com<\/a>, t\u00e9l\u00e9phone 1-800-818-7243.<\/div>\n<\/td>\n<\/tr>\n<tr>\n<td class=\"ref_nrs\">\n<div class=\"refnrs\"><a name=\"N_11\" href=\"#R_11\">[11]<\/a><\/div>\n<\/td>\n<td class=\"ref_txt\">\n<div class=\"rtxt-fr\">\nKevin R. Ryan, James R. Gourley, and <a href=\"\/fr\/membres-du-comite\/#JONES\">Steven E. Jones<\/a>, \u201c<i><a href=\"https:\/\/link.springer.com\/article\/10.1007%2Fs10669-008-9182-4\">Environmental Anomalies at the World Trade Center: Evidence for Energetic Materials<\/a><\/i>,\u201d The Environmentalist, 29 (2009): 56-63. Traduit en fran\u00e7ais par ReOpen911, voir <a href=\"https:\/\/www.reopen911.info\/uploads\/document\/fichier\/anomalies-environnementales-au-world-trade-center.pdf\">fichier PDF ici<\/a>.<\/div>\n<\/td>\n<\/tr>\n<tr>\n<td class=\"ref_nrs\">\n<div class=\"refnrs\"><a name=\"N_12\" href=\"#R_12\">[12]<\/a><\/div>\n<\/td>\n<td class=\"ref_txt\">\n<div class=\"rtxt-fr\">\n<a href=\"\/fr\/membres-du-comite\/#JONES\">Steven E. Jones<\/a> et al., \u201c<a href=\"http:\/\/www.consensus911.org\/wp-content\/uploads\/2016\/09\/WTCHighTemp2.pdf\"><i>Extremely high temperatures during the World Trade Center destruction<\/i><\/a>,\u201d <i>Journal of 9\/11 Studies<\/i>, janvier 2008.<\/div>\n<\/td>\n<\/tr>\n<tr>\n<td class=\"ref_nrs\">\n<div class=\"refnrs\"><a name=\"N_13\" href=\"#R_13\">[13]<\/a><\/div>\n<\/td>\n<td class=\"ref_txt\">\n<div class=\"rtxt-fr\">\n<a href=\"\/fr\/membres-du-comite\/#JONES\">Steven E. Jones<\/a>, et al., \u201c<i><a href=\"https:\/\/benthamopen.com\/contents\/pdf\/TOCIEJ\/TOCIEJ-2-35.pdf\">Fourteen Points of Agreement with Official Government Reports on the World Trade Center Destruction<\/a><\/i>,\u201d The Open Civil Engineering Journal, Vol. 2, 2008, 35-40. Traduit en fran\u00e7ais par ReOpen911 et <a href=\"https:\/\/www.reopen911.info\/uploads\/document\/fichier\/quatorze-points-de-convergence-avec-les-rapports-officiels.pdf\">disponible ici<\/a>.<\/div>\n<\/td>\n<\/tr>\n<tr>\n<td class=\"ref_nrs\">\n<div class=\"refnrs\"><a name=\"N_14\" href=\"#R_14\">[14]<\/a><\/div>\n<\/td>\n<td class=\"ref_txt\">\n<div class=\"rtxt-fr\">\n<i>Journal of 9\/11 Studies<\/i>. Les lettres <a href=\"https:\/\/web.archive.org\/web\/20070127114626\/http:\/\/www.journalof911studies.com\/letters.html\">sont disponibles ici<\/a>. <span class=\"ed_notes\">[<a href=\"https:\/\/www.journalof911studies.com\/J911S\/letters\/\">lettres r\u00e9centes<\/a>; <a href=\"https:\/\/www.journalof911studies.com\/journal-of-911-studies-index-of-letters\/\">index 2007-2014<\/a> \u2013 Note de l\u2019\u00e9diteur]<\/span><\/div>\n<\/td>\n<\/tr>\n<tr>\n<td class=\"ref_nrs\">\n<div class=\"refnrs\"><a name=\"N_15\" href=\"#R_15\">[15]<\/a><\/div>\n<\/td>\n<td class=\"ref_txt\">\n<div class=\"rtxt-fr\">\nZarembka, Paul, ed., <a href=\"http:\/\/web.archive.org\/web\/20140313185647\/http:\/\/econpapers.repec.org\/bookchap\/rpevolume\/volm23.htm\"><i>The Hidden History of 9-11-2001<\/i><\/a>, Elsevier, 2006. Une <a href=\"http:\/\/www.amazon.com\/Hidden-History-9-11-Paul-Zarembka\/dp\/B002YX0BUU\/ref=sr_1_1?ie=UTF8&amp;s=books&amp;qid=1274834040&amp;sr=8-1\">2e \u00e9dition papier<\/a> chez <i>Steven Stories Press<\/i> a \u00e9t\u00e9 imprim\u00e9e en 2008.<\/div>\n<\/td>\n<\/tr>\n<tr>\n<td class=\"ref_nrs\">\n<div class=\"refnrs\"><a name=\"N_16\" href=\"#R_16\">[16]<\/a><\/div>\n<\/td>\n<td class=\"ref_txt\">\n<div class=\"rtxt-fr\">\nRowland Morgan et Ian Henshall, <a href=\"http:\/\/www.amazon.com\/9-11-Revealed-Unanswered-Questions\/dp\/0786716134\/\"><i>9\/11 Revealed: The Unanswered Questions<\/i><\/a>, Carrol &amp; Graf, 2005.<\/div>\n<\/td>\n<\/tr>\n<tr>\n<td class=\"ref_nrs\">\n<div class=\"refnrs\"><a name=\"N_17\" href=\"#R_17\">[17]<\/a><\/div>\n<\/td>\n<td class=\"ref_txt\">\n<div class=\"rtxt-fr\">\nRowland Morgan et Ian Henshall, <i><a href=\"http:\/\/www.amazon.com\/Flight-93-Revealed-Really-Happened-ebook\/dp\/B005FUUAZU\/\">Flight 93 Revealed: What Really Happened on the 9\/11 Let\u2019s Roll Flight?<\/a> (le vol 93 r\u00e9v\u00e9l\u00e9, qu\u2019est-il vraiment arriv\u00e9 le 11\/9 au vol let\u2019s roll&nbsp;?)<\/i>, Carroll &amp; Graf, 2006.<\/div>\n<\/td>\n<\/tr>\n<tr>\n<td class=\"ref_nrs\">\n<div class=\"refnrs\"><a name=\"N_18\" href=\"#R_18\">[18]<\/a><\/div>\n<\/td>\n<td class=\"ref_txt\">\n<div class=\"rtxt-fr\">\nMichel Chossudovsky, <a href=\"http:\/\/www.amazon.com\/Americas-War-Terrorism-Michel-Chossudovsky\/dp\/0973714719\/\"><i>America\u2019s War on Terrorism<\/i><\/a>, Hushion House, 2005.<\/div>\n<\/td>\n<\/tr>\n<tr>\n<td class=\"ref_nrs\">\n<div class=\"refnrs\"><a name=\"N_19\" href=\"#R_19\">[19]<\/a><\/div>\n<\/td>\n<td class=\"ref_txt\">\n<div class=\"rtxt-fr\">\nMichel Chossudovsky, <a href=\"http:\/\/www.amazon.com\/Michel-Chossudovsky-War-Globalisation-September\/dp\/B00B0MJ3KA\/\"><i>War and Globalization: The Truth Behind September 11<\/i><\/a>, Global Outlook, 2002.<\/div>\n<\/td>\n<\/tr>\n<tr>\n<td class=\"ref_nrs\">\n<div class=\"refnrs\"><a name=\"N_20\" href=\"#R_20\">[20]<\/a><\/div>\n<\/td>\n<td class=\"ref_txt\">\n<div class=\"rtxt-fr\">\nHistory Commons, <a href=\"https:\/\/web.archive.org\/web\/20170313174028\/http:\/\/www.historycommons.org\/timeline.jsp?timeline=complete_911_timeline\">Complete 9\/11 Timeline<\/a>.<\/div>\n<\/td>\n<\/tr>\n<tr>\n<td class=\"ref_nrs\">\n<div class=\"refnrs\"><a name=\"N_21\" href=\"#R_21\">[21]<\/a><\/div>\n<\/td>\n<td class=\"ref_txt\">\n<div class=\"rtxt-fr\">\n<a href=\"\/fr\/membres-du-comite\/#WOODWORTH\">Elizabeth Woodworth<\/a>, \u201c<a href=\"https:\/\/web.archive.org\/web\/20120120030311\/http:\/\/www.libr.org\/isc\/issues\/ISC30\/issue30.pdf\">Ethical Reflections on the 9\/11 Controversy: Do Information Science and Media Professionals Have a Duty to Provide Evidence-Based Information to a Questioning Public?<\/a>\u201d Information for Social Change, Num\u00e9ro 30, \u00e9t\u00e9 2010.<\/div>\n<\/td>\n<\/tr>\n<\/tbody>\n<\/table>\n<\/div>\n<p><!-- c9refs --><\/p>\n<\/div>\n<p><!-- c9text --><\/p>\n","protected":false},"excerpt":{"rendered":"<p>R\u00e9f\u00e9rences bibliographiques d\u2019ouvrages ou d&rsquo;articles contredisant la version officielle sur le 11-Septembre <\/p>\n<p>&nbsp;<\/p>\n<p>La litt\u00e9rature sur le 11\/9 peut \u00eatre divis\u00e9e en deux parties; d\u2019une part les documents du gouvernement US qui expliquent la version officielle du 11\/9; et d\u2019autre part l\u2019importante quantit\u00e9 de textes g\u00e9n\u00e9r\u00e9s par les professionnels de la communaut\u00e9 de recherche, motiv\u00e9s [&#8230;]<\/p>\n","protected":false},"author":105,"featured_media":0,"parent":0,"menu_order":156,"comment_status":"closed","ping_status":"closed","template":"","meta":{"footnotes":""},"class_list":["post-1475","page","type-page","status-publish","hentry"],"jetpack_sharing_enabled":true,"_links":{"self":[{"href":"https:\/\/www.consensus911.org\/fr\/wp-json\/wp\/v2\/pages\/1475","targetHints":{"allow":["GET"]}}],"collection":[{"href":"https:\/\/www.consensus911.org\/fr\/wp-json\/wp\/v2\/pages"}],"about":[{"href":"https:\/\/www.consensus911.org\/fr\/wp-json\/wp\/v2\/types\/page"}],"author":[{"embeddable":true,"href":"https:\/\/www.consensus911.org\/fr\/wp-json\/wp\/v2\/users\/105"}],"replies":[{"embeddable":true,"href":"https:\/\/www.consensus911.org\/fr\/wp-json\/wp\/v2\/comments?post=1475"}],"version-history":[{"count":5,"href":"https:\/\/www.consensus911.org\/fr\/wp-json\/wp\/v2\/pages\/1475\/revisions"}],"predecessor-version":[{"id":21607,"href":"https:\/\/www.consensus911.org\/fr\/wp-json\/wp\/v2\/pages\/1475\/revisions\/21607"}],"wp:attachment":[{"href":"https:\/\/www.consensus911.org\/fr\/wp-json\/wp\/v2\/media?parent=1475"}],"curies":[{"name":"wp","href":"https:\/\/api.w.org\/{rel}","templated":true}]}}