{"id":17221,"date":"2016-06-02T04:06:21","date_gmt":"2016-06-02T11:06:21","guid":{"rendered":"http:\/\/www.consensus911.org\/fr\/?page_id=17221"},"modified":"2019-06-09T12:19:21","modified_gmt":"2019-06-09T19:19:21","slug":"point-tt-9-fr","status":"publish","type":"page","link":"https:\/\/www.consensus911.org\/fr\/point-tt-9-fr\/","title":{"rendered":"Point TT-9 (Fr)"},"content":{"rendered":"<h4 class=\"c9h4\">Point TT-9&nbsp;: Comparaison entre les affirmations d\u2019incendies infernaux dans<br \/>\n<span style=\"color: #ffffff\">Point TT-9&nbsp;:<\/span> la Tour Sud et les transcriptions radio des pompiers de New York<\/h4>\n<div class=\"c9text-fr\">\n<p class=\"c9np\"><a href=\"https:\/\/www.consensus911.org\/fr\/point-tt-8-fr\/\">&lt;&lt; Point pr\u00e9c\u00e9dent<\/a>, <a href=\"https:\/\/www.consensus911.org\/fr\/point-wtc7-1-fr\/\">Point suivant &gt;&gt;<\/a><\/p>\n<div class=\"c9hdr\"><a name=\"INTRO\"><\/a>Contexte<\/div>\n<div style=\"padding-left: 30px\">\n<p>Ce point de consensus tire son importance du fait qu&rsquo;un compte-rendu des transmissions radio entre les pompiers de New York r\u00e9fute de mani\u00e8re implacable l&rsquo;affirmation selon laquelle des incendies g\u00e9n\u00e9ralis\u00e9s s\u00e9vissaient dans le World Trade Center 2 (La Tour Sud) le matin du 11-Septembre.<\/p>\n<p>La version officielle et ses d\u00e9clarations faisant \u00e9tat de vastes incendies partout dans la Tour Sud (comme mentionn\u00e9 plus haut) ont \u00e9t\u00e9 \u00e9chafaud\u00e9es sans tenir compte des enregistrements de transmissions radio entre les pompiers qui grimpaient \u00e0 l&rsquo;int\u00e9rieur de la Tour, laquelle a \u00e9t\u00e9 percut\u00e9e par un avion vers 9 h 03 du matin.<\/p>\n<p>Un rapide examen des quelque 78 pages de la transcription d&rsquo;un enregistrement de transmissions, qui a \u00e9t\u00e9 retrouv\u00e9 dans le World Trade Center&nbsp;5 et divulgu\u00e9 en novembre 2002, montre que les conversations radio des pompiers ont pu \u00eatre enregistr\u00e9es alors qu&rsquo;ils grimpaient les escaliers dans la Tour Sud et qu&rsquo;ils arrivaient au 78e \u00e9tage par diff\u00e9rents escaliers, juste avant que le b\u00e2timent s&rsquo;effondre \u00e0 9 h 59.<\/p>\n<p>Cette transcription remet en cause la version officielle qui veut que les \u00e9tages proches du point d&rsquo;impact de l&rsquo;avion&nbsp;<a href=\"#N_1\" name=\"R_1\">[1]<\/a> aient \u00e9t\u00e9 soumis \u00e0 un \u201cbrasier infernal\u201d, et que ces incendies aient \u00e9t\u00e9 de nature \u00e0 d\u00e9clencher l&rsquo;effondrement de la tour.<\/p>\n<\/div>\n<div class=\"c9hdr\"><a name=\"OFFICIAL\"><\/a>La version officielle<\/div>\n<ol style=\"padding-left: 30px\">\n<li><!--1--><i>Le rapport de la Commission sur le 11\/9<\/i> (2004) dit&nbsp;:\n<p style=\"padding-left: 30px\">\u201c\u00c0 partir de 9 h 21 environ, le chef d&rsquo;\u00e9quipe des pompiers qui grimpait dans la Tour s&rsquo;est trouv\u00e9 dans l&rsquo;impossibilit\u00e9 de communiquer avec le poste de commandement dans le hall d&rsquo;entr\u00e9e de la tour, car le chef pr\u00e9sent dans le hall avait cess\u00e9 de communiquer sur le canal r\u00e9p\u00e9teur num\u00e9ro 7.\u201d&nbsp;<a href=\"#N_2\" name=\"R_2\">[2]<\/a><\/p>\n<\/li>\n<li><!--2-->Le National Institute of Standards and Technology (NIST) a \u00e9crit&nbsp;:\n<p style=\"padding-left: 30px\">\u201cLe 11 septembre 2001, le k\u00e9ros\u00e8ne a d\u00e9clench\u00e9 des incendies qui ont rapidement embras\u00e9 la plupart des 3700 m2 de chaque \u00e9tage, et ce sur plusieurs niveaux et dans chacune des tours. Cela a g\u00e9n\u00e9r\u00e9 des brasiers qu&rsquo;il aurait \u00e9t\u00e9 impossible d&rsquo;\u00e9teindre, m\u00eame avec un syst\u00e8me de <i>sprinklers<\/i> intact.\u201d&nbsp;<a href=\"#N_3\" name=\"R_3\">[3]<\/a><\/p>\n<\/li>\n<\/ol>\n<div class=\"c9hdr\"><a name=\"EVIDENCE\"><\/a>Les \u00e9l\u00e9ments les plus probants<\/div>\n<div style=\"padding-left: 30px\">\n<p>Ces affirmations, pour ce qui concerne la Tour Sud, sont d\u00e9menties par deux types d&rsquo;\u00e9l\u00e9ments&nbsp;:<a name=\"EVI1\"><\/a><\/p>\n<ol style=\"padding-left: 30px\">\n<li><!--1--><i>Ceux concernant l&rsquo;arr\u00eat des communications des \u00e9quipes de pompiers&nbsp;:<\/i><br \/>\nLe 4 ao\u00fbt 2002, le <i>New York Times<\/i> relatait (20 mois avant la publication du rapport de la Commission sur le 11\/9, en 2004) qu&rsquo;une bande-son de 78 minutes contenant les communications radio des \u00e9quipes de pompiers au 78e \u00e9tage de la Tour Sud avait \u00e9t\u00e9 retrouv\u00e9e, mais que son contenu n&rsquo;avait pas \u00e9t\u00e9 divulgu\u00e9 au public.&nbsp;<a href=\"#N_4\" name=\"R_4\">[4]<\/a> Le 2 novembre 2002, un autre article du <i>New York Times<\/i>, de Jim Dwyer et Kevin Flynn,&nbsp;<a href=\"#N_5\" name=\"R_5\">[5]<\/a> parlant de la divulgation de cette bande-son, incluait un extrait de la transcription de ces conversations&nbsp;:<\/p>\n<div style=\"padding-left: 30px; padding-bottom: 15px\"><i>9 h 25<\/i>&nbsp;: Equipe de la 15e Division&nbsp;: \u201cJe viens juste de faire le point avec le directeur de Morgan Stanley. Le 78e \u00e9tage semble avoir re\u00e7u \u00e7a de plein fouet, il y a beaucoup de cadavres, mais ils disent que l&rsquo;escalier est d\u00e9gag\u00e9 sur toute la hauteur.\u201d<br \/>\n<i>9 h 43<\/i>&nbsp;: Chef du bataillon 9&nbsp;: \u201cDans quel escalier \u00eates-vous Orio&nbsp;?\u201d<br \/>\nChef de bataillon 7, Orio (Palmer)&nbsp;: \u201cAu centre du b\u00e2timent, ouff, ouff &#8230; \u201d [Cage d&rsquo;escalier B]\u201c<br \/>\n<i>9 h 48<\/i>&nbsp;: 15e Division&nbsp;: \u201dQu&rsquo;est-ce que vous voyez l\u00e0-haut, chef&nbsp;?\u201c<br \/>\nChef de bataillon 7, Orio (Palmer)&nbsp;: \u201dJe suis toujours &#8230; oufff &#8230; dans l&rsquo;escalier, au 74e. Pas de probl\u00e8mes de fum\u00e9e ou d&rsquo;incendie, les murs sont fendus, alors soyez prudents.\u201c<br \/>\n<i>9 h 52<\/i>&nbsp;: Chef de bataillon Orio (Palmer)&nbsp;: \u201d7e Bataillon &#8230; 15e Division, nous avons deux poches de feu isol\u00e9es. Nous devrions \u00eatre en mesure d\u2019en venir \u00e0 bout avec deux tuyaux\u201c. Dites-le \u00e0 la radio, 78e \u00e9tage, de nombreuses victimes, 10-45 codes 1 [morts].\u201d&nbsp;<a href=\"#N_6\" name=\"R_6\">[6]<\/a><br \/>\n15e Division&nbsp;: \u201cChef, dans quel escalier \u00eates-vous&nbsp;?\u201d<br \/>\nChef de bataillon 7, Orio (Palmer)&nbsp;: \u201cEscalier Sud, Adam [cage d&rsquo;escalier A], Tour Sud.\u201d<br \/>\n15e Division&nbsp;: \u201c78e \u00e9tage&nbsp;?\u201d<br \/>\nChef de bataillon 7, Orio (Palmer)&nbsp;: \u201cDix-quatre, de nombreux civils, il va nous falloir deux lignes ici.\u201d<br \/>\n15e Division&nbsp;: \u201cD&rsquo;accord dix-quatre, on arrive.\u201d<br \/>\nChef de bataillon 7, Orio (Palmer)&nbsp;: \u201cJe vais avoir besoin de deux <span style=\"color: #339966; font-size: smaller\">[sic; <a href=\"https:\/\/www.youtube.com\/watch?v=hT-po-tmJRc&#038;t=7m03s\">en r\u00e9alit\u00e9&nbsp;: &lsquo;trois&rsquo;<\/a> &#8211; note de l&rsquo;\u00e9diteur]<\/span> de vos gars Adam, pour venir \u00e0 bout de ces feux. On a une ligne d&rsquo;eau tir\u00e9e qu&rsquo;on pourrait utiliser, ramenez-l\u00e0, Kay.\u201d<br \/>\n15e Division&nbsp;: \u201cD&rsquo;accord dix-quatre, on monte l&rsquo;escalier. On est au 77e, escalier B, j&rsquo;arrive droit sur vous.\u201d<br \/>\n\u00c9quipe de soutien 15e division&nbsp;: \u201c\u00c9quipe de soutien \u00e0 15e. On est au 71e \u00e9tage, on arrive.\u201d<br \/>\n<i>9:57<\/i>&nbsp;: Chef de bataillon 7 Tour 1&nbsp;: \u201cChef de bataillon tour 1 \u00e0 bataillon 9, j&rsquo;ai besoin de vous au-dessus du 79e \u00e9tage. il y a des escaliers qui grimpent au 79e, kay\u201d<br \/>\nBataillon 9&nbsp;: \u201cD&rsquo;accord, je suis en route, Orio.\u201d&nbsp;<a href=\"#N_7\" name=\"R_7\">[7]<\/a><\/div>\n<p>D&rsquo;apr\u00e8s Dwyer et Flynn, cet enregistrement \u201ccontredit purement et simplement\u201d l&rsquo;affirmation selon laquelle \u201cl&rsquo;arr\u00eat catastrophique des transmissions entre les pompiers au World Trade Center avait \u00e9t\u00e9 caus\u00e9 principalement par la panne d&rsquo;un appareil \u00e9lectronique appel\u00e9 \u2018r\u00e9p\u00e9teur\u2019, con\u00e7u pour relayer les transmissions dans les gratte-ciel.\u201d&nbsp;<a href=\"#N_8\" name=\"R_8\">[8]<\/a><\/li>\n<\/ol>\n<p><a name=\"EVI2\"><\/a><\/p>\n<ol style=\"padding-left: 30px\">\n<li><!--2--><i>Ceux concernant la propagation de vastes incendies dans la Tour Sud<\/i>&nbsp;: La transcription radio montre que&nbsp;:\n<ol style=\"padding-left: 30px; list-style-type: lower-alpha\">\n<li><!--a-->Dans la Tour Sud, les pompiers avaient atteint les \u00e9tages 71, 77, 78 et 79 (et peut-\u00eatre 80), c&rsquo;est-\u00e0-dire, tr\u00e8s haut dans le b\u00e2timent.<\/li>\n<li><!--b-->A 9 h 52, soit 7 minutes avant que la Tour Sud s&rsquo;effondre rapidement et totalement \u00e0 9 h 59 (et en 10 secondes, selon le <i>rapport de la Commission sur le 11\/9<\/i>&nbsp;<a href=\"#N_9\" name=\"R_9\">[9]<\/a>), le chef de bataillon Orio Palmer a dit, depuis l&rsquo;escalier sud&nbsp;:\n<div style=\"padding-left: 30px\">\u201c7e Bataillon &#8230; 15e Division, nous avons deux poches de feu isol\u00e9es. Nous devrions \u00eatre en mesure d\u2019en venir \u00e0 bout avec deux tuyaux. Dites-le \u00e0 la radio, 78e \u00e9tage, de nombreuses victimes, 10-45 codes 1 [morts].\u201d<\/div>\n<\/li>\n<li><!--c-->Les pompiers ont pu grimper jusqu&rsquo;au 78e \u00e9tage dans au moins trois cages d&rsquo;escaliers diff\u00e9rentes.<\/li>\n<li><!--d-->Comme le font remarquer Dwyer et Flynn, \u00e0 9 h 56 (soit 3 minutes avant le brusque effondrement), les pompiers ont finalement atteint le lieu de l&rsquo;incendie au 78e \u00e9tage dans les deux cages d&rsquo;escalier A et B&nbsp;:\n<div style=\"padding-left: 30px\">\u201cLa 15e Division avait enfin atteint l&rsquo;incendie apr\u00e8s une mont\u00e9e \u00e9prouvante jusqu&rsquo;au 78e \u00e9tage, d&rsquo;apr\u00e8s l&rsquo;enregistrement. Ils se trouvaient dans la cage d&rsquo;escalier B. De l&rsquo;autre c\u00f4t\u00e9 de l&rsquo;incendie, des centaines de personnes \u00e9taient bloqu\u00e9es par la fum\u00e9e et les flammes dans les escaliers. Le chef Palmer avait rencontr\u00e9 des incendies similaires dans la cage d&rsquo;escalier A, de l&rsquo;autre c\u00f4t\u00e9 de l&rsquo;\u00e9tage.\u201d&nbsp;<a href=\"#N_10\" name=\"R_10\">[10]<\/a><\/div>\n<\/li>\n<li><!--e-->Les pompiers \u00e9taient calmes et ne manifestaient aucune frayeur&nbsp;:\n<ul style=\"padding-left: 30px\">\n<li>\u201cLes voix, capt\u00e9es sur un enregistrement des transmissions radio du D\u00e9partement des incendies, ne trahissent aucune peur. Les mots sont pragmatiques.<br \/>\n &#8230; nulle part sur cet enregistrement n&rsquo;apparait d&rsquo;indications que les pompiers avaient la moindre peur que le b\u00e2timent soit devenu instable et qu&rsquo;il pouvait s&rsquo;effondrer.<br \/>\n&lsquo;Chef, je m&rsquo;arr\u00eate au 44e,&rsquo; dit Stephen Belson, un aide de camp \u00e0 son chef Palmer, \u00e0 9 h 25 alors qu&rsquo;il est en train de monter les escaliers.<br \/>\n&lsquo;Prends ton temps,&rsquo; lui r\u00e9pond son chef.\u201d&nbsp;<a href=\"#N_11\" name=\"R_11\">[11]<\/a><\/li>\n<li>\u201cDebbie Palmer, la femme du chef de bataillon dont on entend la voix sur l&rsquo;enregistrement &#8230; dit que la bande-son l&rsquo;a apais\u00e9e \u00e0 propos des derniers instants de son mari&nbsp;:<br \/>\n&lsquo;Je n&rsquo;ai pas per\u00e7u de peur, ou de panique,&rsquo; a-t-elle d\u00e9clar\u00e9 au <i>New York Times<\/i>. &lsquo;Quand l&rsquo;enregistrement sera rendu public, les gens pourront voir qu&rsquo;ils ont simplement fait leur boulot, sans peur, par altruisme.&rsquo;\u201d&nbsp;<a href=\"#N_12\" name=\"R_12\">[12]<\/a><\/li>\n<\/ul>\n<\/li>\n<\/ol>\n<\/li>\n<\/ol>\n<\/div>\n<div class=\"c9hdr\"><a name=\"CONCLUSION\"><\/a>Conclusion<\/div>\n<div style=\"padding-left: 30px\">\n<p>Il existe des preuves irr\u00e9futables que les \u00e9quipes de pompiers communiquaient de fa\u00e7on claire entre elles au moment o\u00f9 elles montaient les escaliers du WTC&nbsp;2.<\/p>\n<p>Le fait qu&rsquo;ils aient fait leur m\u00e9tier dans le calme n&rsquo;est pas surprenant, car durant leur exp\u00e9rience professionnelle, un incendie &#8211; m\u00eame celui caus\u00e9 par un impact d&rsquo;avion &#8211; n&rsquo;avait jamais provoqu\u00e9 l&rsquo;effondrement d&rsquo;une tour \u00e0 structure d&rsquo;acier, pas m\u00eame d&rsquo;un seul \u00e9tage.<\/p>\n<p>Les preuves irr\u00e9futables d&rsquo;\u00e9quipes de pompiers op\u00e9rant dans le calme, de fa\u00e7on m\u00e9thodique, confiants qu&rsquo;ils pourraient venir \u00e0 bout des incendies dans la Tour Sud, d\u00e9mentent les affirmations officielles selon lesquelles les \u00e9tages proches du lieu d&rsquo;impact de l&rsquo;avion avaient \u00e9t\u00e9 transform\u00e9s en \u201cbrasiers infernaux\u201d et que le b\u00e2timent \u00e9tait devenu instable et sur le point de s&rsquo;effondrer.<\/p>\n<p>Les \u00e9l\u00e9ments de cette transcription radio renforcent les <a href=\"\/fr\/points-de-consensus-sur-le-119\/\">Consensus Points<\/a> TT-1 \u00e0 TT-8&nbsp;<a href=\"#N_13\" name=\"R_13\">[13]<\/a> dans la d\u00e9monstration que les Tours Jumelles ne se sont pas effondr\u00e9es \u00e0 cause des impacts d&rsquo;avion et des incendies, comme l&rsquo;affirme la version officielle.<\/p>\n<\/div>\n<p class=\"c9np\"><a href=\"https:\/\/www.consensus911.org\/fr\/point-tt-8-fr\/\">&lt;&lt; Point pr\u00e9c\u00e9dent<\/a>, <a href=\"https:\/\/www.consensus911.org\/fr\/point-wtc7-1-fr\/\">Point suivant&gt;&gt;<\/a><\/p>\n<div class=\"c9hdr\"><a name=\"REFS\"><\/a>R\u00e9f\u00e9rences du Point TT-9<\/div>\n<div class=\"c9refs\">\n<table class=\"ref_tbl\">\n<tbody>\n<tr>\n<td class=\"ref_nrs\">\n<div class=\"refnrs\"><a href=\"#R_1\" name=\"N_1\">[1]<\/a><\/div>\n<\/td>\n<td class=\"ref_txt\">\n<div class=\"rtxt-fr\">\nLes \u00e9tages 78-84 de la Tour Sud ont \u00e9t\u00e9 touch\u00e9s par l&rsquo;impact du Vol 175. (\u201c<a href=\"http:\/\/911research.wtc7.net\/wtc\/attack\/wtc2.html\">2 World Trade Center<\/a>,\u201d 911research.wtc7.net)\n<\/div>\n<\/td>\n<\/tr>\n<tr>\n<td class=\"ref_nrs\">\n<div class=\"refnrs\"><a href=\"#R_2\" name=\"N_2\">[2]<\/a><\/div>\n<\/td>\n<td class=\"ref_txt\">\n<div class=\"rtxt-fr\">\n<a href=\"https:\/\/911commission.gov\/report\/911Report.pdf\"><i>Rapport de la Commission sur le 11\/9<\/i><\/a>, 2004, p.&nbsp;300 (pdf-p. 317).\n<\/div>\n<\/td>\n<\/tr>\n<tr>\n<td class=\"ref_nrs\">\n<div class=\"refnrs\"><a href=\"#R_3\" name=\"N_3\">[3]<\/a><\/div>\n<\/td>\n<td class=\"ref_txt\">\n<div class=\"rtxt-fr\">\n<a href=\"https:\/\/www.nist.gov\/pba\/national-institute-standards-and-technology-nist-federal-building-and-fire-safety-investigation\">NIST, r\u00e9ponses aux questions les plus fr\u00e9quentes<\/a> (derni\u00e8re mise \u00e0 jour le 20 septembre 2011). \u201cQuestion No. 8: Nous savons que les syst\u00e8mes de sprinklers ont \u00e9t\u00e9 activ\u00e9s, parce que les survivants ont fait part de la pr\u00e9sence d&rsquo;eau dans les cages d&rsquo;escalier. Si les sprinklers ont fonctionn\u00e9, comment pouvait-il y avoir des \u2018brasiers infernaux\u2019 dans les Tours Jumelles&nbsp;?\u201d\n<\/div>\n<\/td>\n<\/tr>\n<tr>\n<td class=\"ref_nrs\">\n<div class=\"refnrs\"><a href=\"#R_4\" name=\"N_4\">[4]<\/a><\/div>\n<\/td>\n<td class=\"ref_txt\">\n<div class=\"rtxt-fr\">\nJim Dwyer et Ford Fessenden, \u201c<a href=\"https:\/\/www.nytimes.com\/2002\/08\/04\/nyregion\/lost-voices-of-firefighters-some-on-the-78th-floor.html?pagewanted=all\">Lost Voices of Firefighters, Some on the 78th Floor<\/a>,\u201d <i>New York Times<\/i>, 4 ao\u00fbt 2002.\n<\/div>\n<\/td>\n<\/tr>\n<tr>\n<td class=\"ref_nrs\">\n<div class=\"refnrs\"><a href=\"#R_5\" name=\"N_5\">[5]<\/a><\/div>\n<\/td>\n<td class=\"ref_txt\">\n<div class=\"rtxt-fr\">\nJim Dwyer et Kevin Flynn, \u201c<a href=\"https:\/\/www.nytimes.com\/2002\/11\/09\/nyregion\/9-11-tape-raises-added-questions-on-radio-failures.html?pagewanted=all\">9\/11 TAPE RAISES ADDED QUESTIONS ON RADIO FAILURES<\/a>,\u201d <i>New York Times<\/i>, 2 novembre 2002; NYT Interactive, \u201c<a href=\"https:\/\/archive.nytimes.com\/www.nytimes.com\/packages\/khtml\/2002\/11\/09\/nyregion\/20021109_TAPE_FEATURE.html\">The Tale of the Tape<\/a>.\u201d\n<\/div>\n<\/td>\n<\/tr>\n<tr>\n<td class=\"ref_nrs\">\n<div class=\"refnrs\"><a href=\"#R_6\" name=\"N_6\">[6]<\/a><\/div>\n<\/td>\n<td class=\"ref_txt\">\n<div class=\"rtxt-fr\">\n<a href=\"http:\/\/www.fdnewyork.com\/10code.asp\">FDNY<\/a>. Un \u201c10-45 Code One\u201d signifie \u201cBlack tag (victime d\u00e9c\u00e9d\u00e9e).\u201d\n<\/div>\n<\/td>\n<\/tr>\n<tr>\n<td class=\"ref_nrs\">\n<div class=\"refnrs\"><a href=\"#R_7\" name=\"N_7\">[7]<\/a><\/div>\n<\/td>\n<td class=\"ref_txt\">\n<div class=\"rtxt-fr\">\n\u201c<a href=\"http:\/\/911research.wtc7.net\/cache\/wtc\/evidence\/memoryhole_tapeexcerpts.htm\">Extrait de l&rsquo;enregistrement des pompiers du WTC le 11\/9<\/a>,\u201d transcription publi\u00e9e le 22 novembre 2002. L&rsquo;enregistrement des conversations radio peut \u00eatre \u00e9cout\u00e9 en ligne&nbsp;: \u201c<a href=\"https:\/\/www.youtube.com\/watch?v=hT-po-tmJRc&#038;t=7m03s\">Pr\u00e9venez-moi quand vous atteignez l&rsquo;incendie<\/a>.\u201d\n<\/div>\n<\/td>\n<\/tr>\n<tr>\n<td class=\"ref_nrs\">\n<div class=\"refnrs\"><a href=\"#R_8\" name=\"N_8\">[8]<\/a><\/div>\n<\/td>\n<td class=\"ref_txt\">\n<div class=\"rtxt-fr\">\nJim Dwyer et Kevin Flynn, \u201c<a href=\"https:\/\/www.nytimes.com\/2002\/11\/09\/nyregion\/9-11-tape-raises-added-questions-on-radio-failures.html?pagewanted=all\">9\/11 TAPE RAISES ADDED QUESTIONS ON RADIO FAILURES<\/a>,\u201d <i>New York Times<\/i>, 2 novembre 2002.\n<\/div>\n<\/td>\n<\/tr>\n<tr>\n<td class=\"ref_nrs\">\n<div class=\"refnrs\"><a href=\"#R_9\" name=\"N_9\">[9]<\/a><\/div>\n<\/td>\n<td class=\"ref_txt\">\n<div class=\"rtxt-fr\">\n<a href=\"https:\/\/911commission.gov\/report\/911Report.pdf\"><i>Rapport de la Commission sur le 11\/9<\/i><\/a>, 2004, p.&nbsp;305.\n<\/div>\n<\/td>\n<\/tr>\n<tr>\n<td class=\"ref_nrs\">\n<div class=\"refnrs\"><a href=\"#R_10\" name=\"N_10\">[10]<\/a><\/div>\n<\/td>\n<td class=\"ref_txt\">\n<div class=\"rtxt-fr\">\nKevin Flynn et Jim Dwyer, \u201c<a href=\"https:\/\/www.nytimes.com\/2002\/11\/09\/nyregion\/fire-department-tape-reveals-no-awareness-of-imminent-doom.html\">Fire Department Tape Reveals No Awareness of Imminent Doom<\/a>,\u201d <i>New York Times<\/i>, 9 novembre 2002.\n<\/div>\n<\/td>\n<\/tr>\n<tr>\n<td class=\"ref_nrs\">\n<div class=\"refnrs\"><a href=\"#R_11\" name=\"N_11\">[11]<\/a><\/div>\n<\/td>\n<td class=\"ref_txt\">\n<div class=\"rtxt-fr\">\nKevin Flynn etJim Dwyer, \u201c<a href=\"https:\/\/www.nytimes.com\/2002\/11\/09\/nyregion\/fire-department-tape-reveals-no-awareness-of-imminent-doom.html\">Fire Department Tape Reveals No Awareness of Imminent Doom<\/a>,\u201d <i>New York Times<\/i>, 9 novembre 2002.\n<\/div>\n<\/td>\n<\/tr>\n<tr>\n<td class=\"ref_nrs\">\n<div class=\"refnrs\"><a href=\"#R_12\" name=\"N_12\">[12]<\/a><\/div>\n<\/td>\n<td class=\"ref_txt\">\n<div class=\"rtxt-fr\">\nJaime Holguin, \u201c<a href=\"https:\/\/www.cbsnews.com\/news\/report-fdny-reached-wtc-78th-floor\/\">Report: FDNY Reached WTC&nbsp;78th Floor<\/a>,\u201d <i>CBS News<\/i>, 4 ao\u00fbt 2002, 12:09 PM.\n<\/div>\n<\/td>\n<\/tr>\n<tr>\n<td class=\"ref_nrs\">\n<div class=\"refnrs\"><a href=\"#R_13\" name=\"N_13\">[13]<\/a><\/div>\n<\/td>\n<td class=\"ref_txt\">\n<div class=\"rtxt-fr\">\nLe 9\/11 Consensus Panel, <a href=\"https:\/\/www.consensus911.org\/fr\/points-de-consensus-sur-le-119\/#ToursJumelles\"><i>Consensus Points TT-1 \u00e0 TT-8<\/i><\/a>.\n<\/div>\n<\/td>\n<\/tr>\n<\/tbody>\n<\/table>\n<\/div>\n<p> <!-- c9refs --><\/p>\n<\/div>\n<p> <!-- c9text --><\/p>\n","protected":false},"excerpt":{"rendered":"<p>Point TT-9&nbsp;: Comparaison entre les affirmations d\u2019incendies infernaux dans<br \/> Point TT-9&nbsp;: la Tour Sud et les transcriptions radio des pompiers de New York <\/p>\n<p class=\"c9np\"><a href=\"https:\/\/www.consensus911.org\/fr\/point-tt-8-fr\/\">&lt;&lt; Point pr\u00e9c\u00e9dent<\/a>, <a href=\"https:\/\/www.consensus911.org\/fr\/point-wtc7-1-fr\/\">Point suivant &gt;&gt;<\/a><\/p>\n<p> <a name=\"INTRO\"><\/a>Contexte <\/p>\n<p>Ce point de consensus tire son importance du fait qu&rsquo;un compte-rendu des transmissions radio entre les pompiers de New York [&#8230;]<\/p>\n","protected":false},"author":111,"featured_media":0,"parent":0,"menu_order":0,"comment_status":"closed","ping_status":"closed","template":"","meta":{"footnotes":""},"class_list":["post-17221","page","type-page","status-publish","hentry"],"jetpack_sharing_enabled":true,"_links":{"self":[{"href":"https:\/\/www.consensus911.org\/fr\/wp-json\/wp\/v2\/pages\/17221","targetHints":{"allow":["GET"]}}],"collection":[{"href":"https:\/\/www.consensus911.org\/fr\/wp-json\/wp\/v2\/pages"}],"about":[{"href":"https:\/\/www.consensus911.org\/fr\/wp-json\/wp\/v2\/types\/page"}],"author":[{"embeddable":true,"href":"https:\/\/www.consensus911.org\/fr\/wp-json\/wp\/v2\/users\/111"}],"replies":[{"embeddable":true,"href":"https:\/\/www.consensus911.org\/fr\/wp-json\/wp\/v2\/comments?post=17221"}],"version-history":[{"count":5,"href":"https:\/\/www.consensus911.org\/fr\/wp-json\/wp\/v2\/pages\/17221\/revisions"}],"predecessor-version":[{"id":20819,"href":"https:\/\/www.consensus911.org\/fr\/wp-json\/wp\/v2\/pages\/17221\/revisions\/20819"}],"wp:attachment":[{"href":"https:\/\/www.consensus911.org\/fr\/wp-json\/wp\/v2\/media?parent=17221"}],"curies":[{"name":"wp","href":"https:\/\/api.w.org\/{rel}","templated":true}]}}