{"id":2605,"date":"2012-06-05T04:14:25","date_gmt":"2012-06-05T11:14:25","guid":{"rendered":"http:\/\/www.consensus911.org\/?page_id=2605"},"modified":"2019-06-10T02:54:38","modified_gmt":"2019-06-10T09:54:38","slug":"point-mc-2-fr","status":"publish","type":"page","link":"https:\/\/www.consensus911.org\/fr\/point-mc-2-fr\/","title":{"rendered":"Point MC-2 (Fr)"},"content":{"rendered":"<h4 class=\"c9h4\">Point MC-2&nbsp;: Les explications de la Maison Blanche sur combien de temps<br \/><span style=\"color: #ffffff\">Point MC-2&nbsp;:<\/span> Bush est rest\u00e9 dans la salle de classe en Floride<\/h4>\n<div class=\"c9text-fr\">\n<p class=\"c9np\"><a href=\"https:\/\/www.consensus911.org\/fr\/point-mc-1-fr\/\">&lt;&lt; Point pr\u00e9c\u00e9dent<\/a>, <a href=\"https:\/\/www.consensus911.org\/fr\/point-mc-3-fr\/\">Point suivant &gt;&gt;<\/a><\/p>\n<div class=\"c9hdr\"><a name=\"INTRO\"><\/a>Introduction<\/div>\n<div style=\"padding-left: 30px\">\nApr\u00e8s l\u2019arriv\u00e9e du pr\u00e9sident Bush dans la salle de classe de Sarasota en Floride, son chef de cabinet, Andrew Card, aurait murmur\u00e9 \u00e0 son oreille&nbsp;: \u00ab&nbsp;Un 2e avion a frapp\u00e9 la 2e tour. L\u2019Am\u00e9rique est attaqu\u00e9e.&nbsp;\u00bb&nbsp;<a name=\"R_1\" href=\"#N_1\">[1]<\/a>\n<\/div>\n<div class=\"c9hdr\"><a name=\"OFFICIAL\"><\/a>La version officielle<\/div>\n<div style=\"padding-left: 30px\">\nApr\u00e8s avoir entendu le message de Card, le pr\u00e9sident Bush, tout en restant poli et en essayant de de rien faire qui pourrait effrayer les enfants, est sorti rapidement de la salle.<\/p>\n<ul style=\"padding-left: 30px\">\n<li>Card a expliqu\u00e9 au San Francisco Chronicle que le pr\u00e9sident est demeur\u00e9 assis \u00ab&nbsp;juste quelques secondes, &#8230; et apr\u00e8s s\u2019\u00eatre excus\u00e9 tr\u00e8s poliment aupr\u00e8s du professeur et des \u00e9l\u00e8ves, il a quitt\u00e9 la pi\u00e8ce.&nbsp;\u00bb&nbsp;<a name=\"R_2\" href=\"#N_2\">[2]<\/a><\/li>\n<li>Le pr\u00e9sident \u00ab&nbsp;ne voulait pas alarmer les enfants,&nbsp;\u00bb a comment\u00e9 Karl Rove sur NBC. Sachant que \u00ab&nbsp;l\u2019exercice [scolaire] \u00e9tait sur le point de se terminer, &#8230; il a attendu quelques instants &#8230; &#8211; tr\u00e8s peu de temps en fait \u2013 et il s\u2019est ensuite rendu dans le bureau de la direction.&nbsp;\u00bb&nbsp;<a name=\"R_3\" href=\"#N_3\">[3]<\/a><\/li>\n<li>Sandra kay Daniels, la professeure de la classe \u00e0 laquelle Bush rendait visite, a racont\u00e9 au <i>Los Angeles Times<\/i>&nbsp;: \u00ab&nbsp;J\u2019ai compris que quelque chose ne tournait pas rond avec le Pr\u00e9sident Bush quand il a oubli\u00e9 de prendre le livre et de participer \u00e0 la le\u00e7on &#8230; il a dit \u2018Mme Daniels, je dois partir. Je vous laisse avec le lieutenant Frank Brogan qui va parler pour moi.\u2019 Mais son visage indiquait que quelque chose de grave se passait &#8230; il m\u2019a serr\u00e9 la main et est parti.&nbsp;\u00bb&nbsp;<a name=\"R_4\" href=\"#N_4\">[4]<\/a><\/li>\n<\/ul>\n<\/div>\n<div class=\"c9hdr\"><a name=\"EVIDENCE\"><\/a>Les \u00e9l\u00e9ments les plus probants contre cette version officielle<\/div>\n<div style=\"padding-left: 30px\">\nBien que les citations ci-dessus soient extraites d\u2019articles parus en 2002 \u00e0 l\u2019occasion du 1er anniversaire des attentats, d\u2019autres publi\u00e9s plus t\u00f4t dans l\u2019ann\u00e9e donnaient une version tr\u00e8s diff\u00e9rente.<\/p>\n<ul style=\"padding-left: 30px\">\n<li>Dans un article de la <i>Tampa Tribune<\/i> publi\u00e9 le 1er septembre 2001, la reporter Jennifer Barrs expliquait qu\u2019apr\u00e8s qu\u2019Andrew Card eut murmur\u00e9 \u00e0 l\u2019oreille de son pr\u00e9sident, Bush est rest\u00e9 silencieux environ 30 secondes et a ensuite pris son livre et a lu pendant \u00ab&nbsp;entre 5 et 9 minutes.&nbsp;\u00bb&nbsp;<a name=\"R_5\" href=\"#N_5\">[5]<\/a><\/li>\n<li>L\u2019article de la <i>Tampa Tribune<\/i>, sorti 10 jours avant celui de Sandra Kay Daniels cit\u00e9 plus haut, montrait bien que Mme Daniels elle-m\u00eame avait particip\u00e9 \u00e0 la lecture avec les \u00e9l\u00e8ves pendant \u00ab&nbsp;entre 5 et 9 minutes.&nbsp;\u00bb Il pr\u00e9cisait aussi qu\u2019une fois que Mme Daniels eut remarqu\u00e9 que Bush semblait \u00ab&nbsp;tellement perdu dans ses pens\u00e9es&nbsp;\u00bb qu\u2019il en avait oubli\u00e9 [de feuilleter] son livre, elle se trouva confront\u00e9e \u00e0 un \u00e9pineux probl\u00e8me&nbsp;: \u00ab&nbsp;je ne pouvais pas lui tapoter sur l\u2019\u00e9paule en lui disant &#8230; \u2018Bon, M. le Pr\u00e9sident. Prenez votre livre. Le monde entier vous regarde.&nbsp;\u00bb&nbsp;<a name=\"R_6\" href=\"#N_6\">[6]<\/a><\/li>\n<li>Plusieurs rapports montre qu\u2019apr\u00e8s la fin de la le\u00e7on de lecture, Bush a continu\u00e9 de discuter.&nbsp;<a name=\"R_7\" href=\"#N_7\">[7]<\/a> Bush \u00ab&nbsp;a visiblement prolong\u00e9 cet instant&nbsp;\u00bb et s\u2019est m\u00eame \u00ab&nbsp;attard\u00e9 jusqu\u2019\u00e0 ce que la presse soit partie,&nbsp;\u00bb a expliqu\u00e9 Bill Sammon (le correspondant de la Maison Blanche pour le <i>Washington Times<\/i>), qui qualifia Bush de \u00ab&nbsp;trainard en chef.&nbsp;\u00bb&nbsp;<a name=\"R_8\" href=\"#N_8\">[8]<\/a><\/li>\n<\/ul>\n<p>Le fait que Bush n\u2019ait pas rapidement quitt\u00e9 la salle fut confirm\u00e9 par les enregistrements vid\u00e9o de la visite de cette classe, qui avaient \u00e9t\u00e9 tourn\u00e9s par le directeur de la t\u00e9l\u00e9vision locale et qui furent mis en ligne sur Internet en juin 2003.&nbsp;<a name=\"R_9\" href=\"#N_9\">[9]<\/a><\/p>\n<ul style=\"padding-left: 30px\">\n<li>Le <i>Wall Street Journal<\/i> a rapport\u00e9 en mars 2004 que l\u2019enregistrement vid\u00e9o montrait Bush \u00ab&nbsp;suivant [la le\u00e7on] pendant 5 minutes en \u00e9coutant les enfants lire l\u2019histoire de la petite ch\u00e8vre.&nbsp;\u00bb&nbsp;<a name=\"R_10\" href=\"#N_10\">[10]<\/a><\/li>\n<li>Cette sc\u00e8ne fit le tour du monde lorsque Michael Moore l\u2019inclut dans son film \u00ab&nbsp;<a href=\"https:\/\/www.imdb.com\/title\/tt0361596\/reference\"><i>Fahrenheit 9\/11<\/a><\/i>&nbsp;\u00bb qui sortit en juin 2004.<\/li>\n<li>Quand la Maison Blanche fut contact\u00e9e par le <i>Wall Street Journal<\/i> pour son \u00e9dition de mars 2004, le porte-parole Dan Bartlett admit que le pr\u00e9sident \u00e9tait rest\u00e9 dans la salle de classe pendant au moins 7 minutes, expliquant que si Bush n\u2019avait pas quitt\u00e9 imm\u00e9diatement la pi\u00e8ce, c\u2019\u00e9tait \u00ab&nbsp;instinctivement, pour ne pas effrayer les enfants en sortant pr\u00e9cipitamment de la classe,&nbsp;\u00bb&nbsp;<a name=\"R_11\" href=\"#N_11\">[11]<\/a><\/li>\n<li>Cependant, m\u00eame si l\u2019explication fut accept\u00e9e, la vraie question, que le <i>Wall Street Journal<\/i> s\u2019est d\u2019ailleurs bien gard\u00e9 de poser, \u00e9tait pourquoi lors du 1er anniversaire des attentats, la Maison Blanche de Bush avait menti sur le temps pendant lequel Bush \u00e9tait rest\u00e9 dans la salle de classe.<\/li>\n<\/ul>\n<p>\u00c9tait-ce parce que la Maison Blanche, apr\u00e8s avoir r\u00e9ussi \u00e0 faire passer Bush pour un pr\u00e9sident fort et d\u00e9termin\u00e9 \u00e0 r\u00e9pondre aux attentats du 11\/9, pr\u00e9f\u00e9rait dissimuler le fait qu\u2019il \u00e9tait rest\u00e9 \u00e9couter l\u2019histoire de la petite ch\u00e8vre racont\u00e9e par les \u00e9l\u00e8ves au lieu de prendre les d\u00e9cisions qui s\u2019imposaient \u00e0 lui en tant que pr\u00e9sident et commandant en chef [des arm\u00e9es]. Ou \u00e9tait-ce par ce que le Secret service savait (comme sugg\u00e9r\u00e9 par le \u00ab&nbsp;point de consensus&nbsp;\u00bb sur le Pr\u00e9sident qui n\u2019est pas \u00e9vacu\u00e9 rapidement) que le pays n\u2019\u00e9tait pas r\u00e9ellement attaqu\u00e9 par des terroristes \u00e9trangers&nbsp;?<\/p>\n<p>Quelle qu\u2019en soit la raison, la Maison Blanche de Bush a utilis\u00e9 les m\u00e9dias nationaux lors du 1er anniversaire des attentats du 11\/9 pour raconter une histoire fausse \u00e0 propos du pr\u00e9sident.<\/p>\n<\/div>\n<p class=\"c9np\"><a href=\"https:\/\/www.consensus911.org\/fr\/point-mc-1-fr\/\">&lt;&lt; Point pr\u00e9c\u00e9dent<\/a>, <a href=\"https:\/\/www.consensus911.org\/fr\/point-mc-3-fr\/\">Point suivant &gt;&gt;<\/a><\/p>\n<div class=\"c9hdr\"><a name=\"REFS\"><\/a>R\u00e9f\u00e9rences du Point MC-2<\/div>\n<div class=\"c9refs\">\n<table class=\"ref_tbl\">\n<tr>\n<td class=\"ref_nrs\">\n<div class=\"refnrs\"><a name=\"N_1\" href=\"#R_1\">[1]<\/a><\/div>\n<\/td>\n<td class=\"ref_txt\">\n<div class=\"rtxt-fr\">\n<a href=\"https:\/\/911commission.gov\/report\/911Report.pdf\" target=\"_blank\">Rapport de la Commission sur le 11\/9<\/a> (2004), p.&nbsp;38.\n<\/div>\n<\/td>\n<\/tr>\n<tr>\n<td class=\"ref_nrs\">\n<div class=\"refnrs\"><a name=\"N_2\" href=\"#R_2\">[2]<\/a><\/div>\n<\/td>\n<td class=\"ref_txt\">\n<div class=\"rtxt-fr\">\nAndrew Card, \u201c<i><a href=\"https:\/\/www.sfgate.com\/news\/article\/9-11-Voices-What-If-You-Had-To-Tell-The-2799179.php\" target=\"_blank\">What If You Had to Tell the President?<\/a> [Comment auriez-vous pr\u00e9venu le pr\u00e9sident&nbsp;?]<\/i>\u201d, <i>San Francisco Chronicle<\/i>, 11 septembre 2002. De m\u00eame, <span class=\"deadlink\" title=\"anciennement disponible \u00e0 http:\/\/www.msnbc.com\/modules\/91102\/interviews\/card.asp\" target=\"_blank\">Card avait affirm\u00e9 \u00e0 Brian Williams sur NBC<\/span>&nbsp;: \u00ab&nbsp;Je me suis \u00e9loign\u00e9 du pr\u00e9sident (apr\u00e8s l\u2019voir pr\u00e9venu de la 2e attaque) et quelques secondes plus tard, le pr\u00e9sident s\u2019est excus\u00e9 aupr\u00e8s de la classe et nous nous sommes retrouv\u00e9s dans le hall de l\u2019\u00e9cole o\u00f9 nous avons discut\u00e9 de la situation,&nbsp;\u00bb <i>NBC News<\/i>, 9 septembre 2002. Car a \u00e9galement d\u00e9clar\u00e9 \u00e0 ABC News&nbsp;: \u00ab&nbsp;Le pr\u00e9sident a attendu quelques instants que la le\u00e7on se termine et a ensuite d\u00e9clar\u00e9 \u2018Merci \u00e0 tous de m\u2019avoir montr\u00e9 vos talents de lecture,\u2019 et s\u2019est dirig\u00e9 vers la salle de classe vide mitoyenne,&nbsp;\u00bb comme cela est rapport\u00e9 dans l\u2019article \u201c<a href=\"http:\/\/s3.amazonaws.com\/911timeline\/2002\/abcnews091402.html\" target=\"_blank\">Sept. 11\u2019s Moments of Crisis: Part 1: Terror Hits the Towers<\/a>\u201d, sur <i>ABC News<\/i>, le 14 septembre 2002.\n<\/div>\n<\/td>\n<\/tr>\n<tr>\n<td class=\"ref_nrs\">\n<div class=\"refnrs\"><a name=\"N_3\" href=\"#R_3\">[3]<\/a><\/div>\n<\/td>\n<td class=\"ref_txt\">\n<div class=\"rtxt-fr\">\n\u00ab&nbsp;<a href=\"https:\/\/www.youtube.com\/watch?v=3ifUH2FwYvk\" target=\"_blank\"><i>Interview de Campbell Brown<\/i><\/a>&nbsp;\u00bb (<a href=\"http:\/\/www.consensus911.org\/wp-content\/uploads\/2019\/04\/MSNBC_Karl_Rove_9_11_interview.htm\">transcript<\/a>), <i>NBC News<\/i>, 11 septembre 2002.\n<\/div>\n<\/td>\n<\/tr>\n<tr>\n<td class=\"ref_nrs\">\n<div class=\"refnrs\"><a name=\"N_4\" href=\"#R_4\">[4]<\/a><\/div>\n<\/td>\n<td class=\"ref_txt\">\n<div class=\"rtxt-fr\">\nSandra Kay Daniels, \u201c<a href=\"https:\/\/web.archive.org\/web\/20151203143036\/http:\/\/pqasb.pqarchiver.com\/latimes\/doc\/421947171.html\" target=\"_blank\"><i>9\/11: A Year After\/Who We Are Now<\/i><\/a>\u201d (<a href=\"\/wp-content\/uploads\/2018\/12\/Sandra_Kay_Daniels_latimes_Dateien.zip\">backup<\/a>), <i>Los Angeles Times<\/i>, 11 septembre 2002.\n<\/div>\n<\/td>\n<\/tr>\n<tr>\n<td class=\"ref_nrs\">\n<div class=\"refnrs\"><a name=\"N_5\" href=\"#R_5\">[5]<\/a><\/div>\n<\/td>\n<td class=\"ref_txt\">\n<div class=\"rtxt-fr\">\nJennifer Barrs, \u201c<a href=\"http:\/\/s3.amazonaws.com\/911timeline\/2002\/tampatribune090102.html\" target=\"_blank\"><i>From a Whisper to a Tear<\/i><\/a>\u201d, <i>Tampa Tribune<\/i>, le 1er septembre 2002. Au sujet de l\u2019importance de cet \u00e9pisode, et sur le fait qu\u2019il a pratiquement disparu du net, lire <a href=\"\/fr\/membres-du-comite\/#WOODWORTH\">Elizabeth Woodworth<\/a>, \u201c<a href=\"https:\/\/web.archive.org\/web\/20090107105543\/http:\/\/911blogger.com\/node\/9847\" target=\"_blank\"><i>President Bush at the Florida School: New Conflicting Testimonies<\/i><\/a>\u201d, 7 juillet 2007, <i>911Blogger.com<\/i>.\n<\/div>\n<\/td>\n<\/tr>\n<tr>\n<td class=\"ref_nrs\">\n<div class=\"refnrs\"><a name=\"N_6\" href=\"#R_6\">[6]<\/a><\/div>\n<\/td>\n<td class=\"ref_txt\">\n<div class=\"rtxt-fr\">\nJennifer Barrs, \u201c<a href=\"http:\/\/s3.amazonaws.com\/911timeline\/2002\/tampatribune090102.html\" target=\"_blank\"><i>From a Whisper to a Tear<\/i><\/a>.\u201d\n<\/div>\n<\/td>\n<\/tr>\n<tr>\n<td class=\"ref_nrs\">\n<div class=\"refnrs\"><a name=\"N_7\" href=\"#R_7\">[7]<\/a><\/div>\n<\/td>\n<td class=\"ref_txt\">\n<div class=\"rtxt-fr\">\nIbid.; Bill Adair et Stephen Hegarty, \u201c<a href=\"https:\/\/web.archive.org\/web\/20020910122724\/http:\/\/www.sptimes.com\/2002\/09\/08\/911\/The_drama_in_Sarasota.shtml\" target=\"_blank\"><i>The Drama in Sarasota<\/i><\/a>\u201d, <i>St. Petersburg Times<\/i>, 8 septembre 2002.\n<\/div>\n<\/td>\n<\/tr>\n<tr>\n<td class=\"ref_nrs\">\n<div class=\"refnrs\"><a name=\"N_8\" href=\"#R_8\">[8]<\/a><\/div>\n<\/td>\n<td class=\"ref_txt\">\n<div class=\"rtxt-fr\">\nBill Sammon, \u201c<a href=\"http:\/\/www.amazon.com\/Fighting-Back-Terrorism-Inside-White\/dp\/0895261499\" target=\"_blank\">Fighting Back: The War on Terrorism: From Inside the Bush White House<\/a>\u201d (Washington: Regnery, 2002), pp. 89-90.\n<\/div>\n<\/td>\n<\/tr>\n<tr>\n<td class=\"ref_nrs\">\n<div class=\"refnrs\"><a name=\"N_9\" href=\"#R_9\">[9]<\/a><\/div>\n<\/td>\n<td class=\"ref_txt\">\n<div class=\"rtxt-fr\">\n\u201c<i><a href=\"https:\/\/www.youtube.com\/watch?v=ogEv9PgLssQ\" target=\"_blank\">5-Minute Video of George W. Bush on the Morning of 9\/11<\/a><\/i>\u201d, sur YouTube.\n<\/div>\n<\/td>\n<\/tr>\n<tr>\n<td class=\"ref_nrs\">\n<div class=\"refnrs\"><a name=\"N_10\" href=\"#R_10\">[10]<\/a><\/div>\n<\/td>\n<td class=\"ref_txt\">\n<div class=\"rtxt-fr\">\nScot J. Paltrow, \u201c<a href=\"https:\/\/www.wsj.com\/articles\/SB107991342102561383\" target=\"_blank\"><i>Government Accounts of 9\/11 Reveal Gaps, Inconsistencies<\/i><\/a>\u201d, <i>Wall Street Journal<\/i>, 22 mars 2004.\n<\/div>\n<\/td>\n<\/tr>\n<tr>\n<td class=\"ref_nrs\">\n<div class=\"refnrs\"><a name=\"N_11\" href=\"#R_11\">[11]<\/a><\/div>\n<\/td>\n<td class=\"ref_txt\">\n<div class=\"rtxt-fr\">\n<a href=\"https:\/\/www.wsj.com\/articles\/SB107991342102561383\" target=\"_blank\">Ibid.<\/a>\n<\/div>\n<\/td>\n<\/tr>\n<\/table>\n<\/div>\n<p><!-- c9refs -->\n<\/div>\n<p><!-- c9text --><\/p>\n","protected":false},"excerpt":{"rendered":"<p>Point MC-2&nbsp;: Les explications de la Maison Blanche sur combien de temps<br \/>Point MC-2&nbsp;: Bush est rest\u00e9 dans la salle de classe en Floride <\/p>\n<p class=\"c9np\"><a href=\"https:\/\/www.consensus911.org\/fr\/point-mc-1-fr\/\">&lt;&lt; Point pr\u00e9c\u00e9dent<\/a>, <a href=\"https:\/\/www.consensus911.org\/fr\/point-mc-3-fr\/\">Point suivant &gt;&gt;<\/a><\/p>\n<p> <a name=\"INTRO\"><\/a>Introduction Apr\u00e8s l\u2019arriv\u00e9e du pr\u00e9sident Bush dans la salle de classe de Sarasota en Floride, son chef de cabinet, Andrew Card, [&#8230;]<\/p>\n","protected":false},"author":105,"featured_media":0,"parent":0,"menu_order":122,"comment_status":"closed","ping_status":"closed","template":"","meta":{"footnotes":""},"class_list":["post-2605","page","type-page","status-publish","hentry"],"jetpack_sharing_enabled":true,"_links":{"self":[{"href":"https:\/\/www.consensus911.org\/fr\/wp-json\/wp\/v2\/pages\/2605","targetHints":{"allow":["GET"]}}],"collection":[{"href":"https:\/\/www.consensus911.org\/fr\/wp-json\/wp\/v2\/pages"}],"about":[{"href":"https:\/\/www.consensus911.org\/fr\/wp-json\/wp\/v2\/types\/page"}],"author":[{"embeddable":true,"href":"https:\/\/www.consensus911.org\/fr\/wp-json\/wp\/v2\/users\/105"}],"replies":[{"embeddable":true,"href":"https:\/\/www.consensus911.org\/fr\/wp-json\/wp\/v2\/comments?post=2605"}],"version-history":[{"count":5,"href":"https:\/\/www.consensus911.org\/fr\/wp-json\/wp\/v2\/pages\/2605\/revisions"}],"predecessor-version":[{"id":20825,"href":"https:\/\/www.consensus911.org\/fr\/wp-json\/wp\/v2\/pages\/2605\/revisions\/20825"}],"wp:attachment":[{"href":"https:\/\/www.consensus911.org\/fr\/wp-json\/wp\/v2\/media?parent=2605"}],"curies":[{"name":"wp","href":"https:\/\/api.w.org\/{rel}","templated":true}]}}