{"id":2612,"date":"2012-06-01T14:26:04","date_gmt":"2012-06-01T21:26:04","guid":{"rendered":"http:\/\/www.consensus911.org\/?page_id=2612"},"modified":"2016-10-13T23:23:05","modified_gmt":"2016-10-14T06:23:05","slug":"point-g-2-fr","status":"publish","type":"page","link":"https:\/\/www.consensus911.org\/fr\/point-g-2-fr\/","title":{"rendered":"Point G-2 (Fr)"},"content":{"rendered":"<h4 class=\"c9h4\">Point G-2&nbsp;: L&rsquo;affirmation qu&rsquo;aucun d\u00e9lit d\u2019initi\u00e9 sur \u201cOptions de vente\u201d<br \/>\n<span style=\"color: #ffffff\">Point G-2&nbsp;:<\/span> n&rsquo;a eu lieu avant le 11 Septembre<\/h4>\n<div class=\"c9text-fr\">\n<p class=\"c9np\"><a href=\"https:\/\/www.consensus911.org\/fr\/point-g-1-fr\/\">&lt;&lt; Point pr\u00e9c\u00e9dent<\/a>, <a href=\"https:\/\/www.consensus911.org\/fr\/point-tt-1-fr\/\">Point suivant &gt;&gt;<\/a><\/p>\n<div class=\"c9hdr\"><a name=\"INTRO\"><\/a>Introduction<\/div>\n<p style=\"padding-left: 30px\">Dans le mois qui a suivi le 11\/9, de nombreux commentaires sont apparus dans la presse concernant des personnes qui auraient fait d\u2019\u00e9normes profits gr\u00e2ce \u00e0 la pr\u00e9connaissance des attentats.&nbsp;<a href=\"#N_1\" name=\"R_1\">[1]<\/a><\/p>\n<div class=\"c9hdr\"><a name=\"OFFICIAL\"><\/a>La version officielle<\/div>\n<p style=\"padding-left: 30px\">En 2004, le Rapport de la Commission sur le 11\/9 expliquait&nbsp;: \u00ab&nbsp;De nombreux m\u00e9dias ont longuement parl\u00e9 de certaines all\u00e9gations selon lesquelles des d\u00e9lits d\u2019initi\u00e9s avaient eu lieu avant le 11\/9&nbsp;\u00bb et qu\u2019il y avait eu des op\u00e9rations inhabituelles sur des \u00ab&nbsp;<i>put options<\/i> &#8211; des investissements qui deviennent rentables seulement lorsque le prix d\u2019une action baisse.&nbsp;\u00bb&nbsp;<a href=\"#N_2\" name=\"R_2\">[2]<\/a> Cependant la Commission a affirm\u00e9 que \u00ab&nbsp;des enqu\u00eates exhaustives conduites par la Securities and Exchange Commission, le FBI, et d\u2019autres agences n\u2019ont d\u00e9couvert aucun \u00e9l\u00e9ment prouvant qu\u2019une pr\u00e9connaissance des attentats avait \u00e9t\u00e9 exploit\u00e9e lors de transactions sur des titres financiers.&nbsp;\u00bb&nbsp;<a href=\"#N_3\" name=\"R_3\">[3]<\/a><\/p>\n<p style=\"padding-left: 30px\">Par exemple, \u00ab&nbsp;le volume de <i>put options<\/i> &#8230; a brusquement augment\u00e9 pour les soci\u00e9t\u00e9s m\u00e8res d\u2019United Airlines le 10 septembre,&nbsp;\u00bb et cela ressemblait \u00ab&nbsp;\u00e0 une op\u00e9ration hautement suspecte.&nbsp;\u00bb Pourtant, \u00ab&nbsp;de plus amples investigations ont r\u00e9v\u00e9l\u00e9 que les transactions n\u2019avaient aucun lien avec le 11-Septembre. Un seul et unique investisseur institutionnel bas\u00e9 aux USA, sans aucun lien avec al-Qa\u00efda, avait achet\u00e9 95% des <i>put options<\/i> sur United Airlines le 6 septembre, dans le cadre d\u2019une strat\u00e9gie financi\u00e8re qui incluait \u00e9galement 115 000 actions d\u2019American Airlines le 10 septembre.&nbsp;\u00bb&nbsp;<a href=\"#N_4\" name=\"R_4\">[4]<\/a><\/p>\n<div class=\"c9hdr\"><a name=\"EVIDENCE\"><\/a>Les \u00e9l\u00e9ments les plus probants contre cette version officielle<\/div>\n<div style=\"padding-left: 30px\">\n<p>Il existe trois raisons de rejeter l\u2019affirmation de la Commission sur le 11\/9 r\u00e9futant l\u2019hypoth\u00e8se que des profits consid\u00e9rables ont \u00e9t\u00e9 faits gr\u00e2ce \u00e0 la pr\u00e9connaissance des attentats du 11\/9.<\/p>\n<p>Premi\u00e8rement, la Commission sur le 11\/9 n\u2019a pas d\u00e9montr\u00e9 qu\u2019il n\u2019y avait pas eu de d\u00e9lits d\u2019initi\u00e9s bas\u00e9s sur la pr\u00e9connaissance des \u00e9v\u00e9nements du 11\/9, mais s\u2019est content\u00e9e de l\u2019affirmer.<\/p>\n<p>Deuxi\u00e8mement, la Commission a utilis\u00e9 un argumentaire circulaire au sujet d\u2019United Airlines&nbsp;: en expliquant que la plupart des <i>put options<\/i> sur United Airlines avaient \u00e9t\u00e9 achet\u00e9es par un investisseur \u00ab&nbsp;sans aucun lien imaginable avec al-Qa\u00efda,&nbsp;\u00bb la commission pr\u00e9suppose tout simplement que le 11\/9 a \u00e9t\u00e9 planifi\u00e9 et ex\u00e9cut\u00e9 par al-Qa\u00efda seule, sans que personne d\u2019autre n\u2019ait eu connaissance \u00e0 l\u2019avance des attentats.<\/p>\n<p>Troisi\u00e8mement, des \u00e9conom\u00e8tres \u2013 les sp\u00e9cialistes qui utilisent des analyses statistiques pour obtenir des r\u00e9sultats objectifs en \u00e9conomie \u2013 ont publi\u00e9 des \u00e9tudes montrant les occurrences de toutes les transactions inhabituelles avant le 11\/9 qui avaient g\u00e9n\u00e9r\u00e9 d\u2019importants profits, r\u00e9v\u00e9lant ainsi une forte probabilit\u00e9 de d\u00e9lit d\u2019initi\u00e9.<\/p>\n<p>Par exemple, l\u2019analyse des <i>put options<\/i> sur United et American Airlines achet\u00e9es entre le 5 et le 10 septembre 2001, men\u00e9e par un professeur de finance de l\u2019Universit\u00e9 de l\u2019Illinois et publi\u00e9e dans un journal renomm\u00e9, a conclu que les \u00e9l\u00e9ments de preuve \u00e9taient \u00ab&nbsp;compatibles avec l\u2019hypoth\u00e8se que les terroristes ou leurs associ\u00e9s aient effectu\u00e9 des transactions financi\u00e8res avant le 11\/9.&nbsp;\u00bb&nbsp;<a href=\"#N_5\" name=\"R_5\">[5]<\/a><\/p>\n<p>Une autre \u00e9tude \u00e9conom\u00e9trique publi\u00e9e dans un journal renomm\u00e9 a conclu que \u00ab&nbsp;les volumes anormaux de transactions &#8230; fournissent des \u00e9l\u00e9ments circonstanciels cr\u00e9dibles \u00e0 l\u2019appui de l\u2019hypoth\u00e8se de d\u00e9lits d\u2019initi\u00e9s.&nbsp;\u00bb&nbsp;<a href=\"#N_6\" name=\"R_6\">[6]<\/a><\/p>\n<p>Une \u00e9tude plus compl\u00e8te, par les professeurs du <i>Swiss Finance Institute<\/i> et du <i>Swiss Banking Institute<\/i>&nbsp;<a href=\"#N_7\" name=\"R_7\">[7]<\/a> montre que des profits de 15 millions de dollars ont probablement \u00e9t\u00e9 faits par la vente de <i>put options<\/i> sur des actions de Boeing, Merrill Lynch, J.P. Morgan, Citigroup, et Bank of America.&nbsp;<a href=\"#N_8\" name=\"R_8\">[8]<\/a><\/p>\n<p>Ces enqu\u00eates \u00e9conom\u00e9triques, parues en 2006, 2010 et 2011, n\u2019ont \u00e9t\u00e9 remises en cause par aucun professionnel ou entit\u00e9 gouvernementale.<\/p>\n<\/div>\n<p class=\"c9np\"><a href=\"https:\/\/www.consensus911.org\/fr\/point-g-1-fr\/\">&lt;&lt; Point pr\u00e9c\u00e9dent<\/a>, Point pr\u00e9c\u00e9dent <a href=\"https:\/\/www.consensus911.org\/fr\/point-tt-1-fr\/\">Point suivant &gt;&gt;<\/a><\/p>\n<div class=\"c9hdr\"><a name=\"REFS\"><\/a>R\u00e9f\u00e9rences du Point G-2<\/div>\n<div class=\"c9refs\">\n<table class=\"ref_tbl\">\n<tbody>\n<tr>\n<td class=\"ref_nrs\">\n<div class=\"refnrs\"><a href=\"#R_1\" name=\"N_1\">[1]<\/a><\/div>\n<\/td>\n<td class=\"ref_txt\">\n<div class=\"rtxt-fr\">\nPar exemple, la BBC \u00e9crivait une semaine apr\u00e8s les attentats&nbsp;: \u00ab&nbsp;Le <i>Financial Services Authority<\/i>, les chiens de garde de la City, a lanc\u00e9 une enqu\u00eate concernant des mouvements anormaux sur les prix d\u2019actions \u00e0 Londres observ\u00e9s avant les atrocit\u00e9s de la semaine derni\u00e8re. Le <i>London Times<\/i> rapporte que les autorit\u00e9s am\u00e9ricaines enqu\u00eatent actuellement sur des volumes inhabituellement importants de ventes d\u2019actions sur des compagnies a\u00e9riennes ou d\u2019assurance. Certains soup\u00e7onnent que ces ventes ont \u00e9t\u00e9 faites par des personnes ayant eu connaissance des attentats \u00e0 venir.&nbsp;\u00bb (\u201c<a href=\"http:\/\/news.bbc.co.uk\/2\/hi\/uk_news\/1549909.stm\" target=\"_blank\"><i>Papers Salute New York Stock Exchange<\/i><\/a>,\u201d BBC News, mardi 18 septembre 2001.\n<\/div>\n<\/td>\n<\/tr>\n<tr>\n<td class=\"ref_nrs\">\n<div class=\"refnrs\"><a href=\"#R_2\" name=\"N_2\">[2]<\/a><\/div>\n<\/td>\n<td class=\"ref_txt\">\n<div class=\"rtxt-fr\">\n<a href=\"http:\/\/www.911commission.gov\/report\/911Report.pdf\" target=\"_blank\">Rapport de la Commission sur le 11\/9<\/a>, 499 n.130\n<\/div>\n<\/td>\n<\/tr>\n<tr>\n<td class=\"ref_nrs\">\n<div class=\"refnrs\"><a href=\"#R_3\" name=\"N_3\">[3]<\/a><\/div>\n<\/td>\n<td class=\"ref_txt\">\n<div class=\"rtxt-fr\">\n<a href=\"http:\/\/www.911commission.gov\/report\/911Report.pdf\" target=\"_blank\">Ibid.<\/a>, p 172\n<\/div>\n<\/td>\n<\/tr>\n<tr>\n<td class=\"ref_nrs\">\n<div class=\"refnrs\"><a href=\"#R_4\" name=\"N_4\">[4]<\/a><\/div>\n<\/td>\n<td class=\"ref_txt\">\n<div class=\"rtxt-fr\">\n<a href=\"http:\/\/www.911commission.gov\/report\/911Report.pdf\" target=\"_blank\">Ibid.<\/a>, 499, n. 130.\n<\/div>\n<\/td>\n<\/tr>\n<tr>\n<td class=\"ref_nrs\">\n<div class=\"refnrs\"><a href=\"#R_5\" name=\"N_5\">[5]<\/a><\/div>\n<\/td>\n<td class=\"ref_txt\">\n<div class=\"rtxt-fr\">\nAllen M. Poteshman, \u201c<a href=\"http:\/\/www.jstor.org\/stable\/pdf\/10.1086\/503645.pdf?acceptTC\">Unusual Option Market Activity and the Terrorist Attacks of September 11, 2001<\/a> [Activit\u00e9 inhabituelle sur les march\u00e9s d\u2019actions, et attentats terroristes du 11 septembre 2011]\u201d, Journal of Business, 79 (2006): 1703-26; (<a href=\"http:\/\/www.consensus911.org\/wp-content\/uploads\/2016\/03\/UnusualOptionMarketActivity.pdf\">sauvegarde de pdf<\/a>).\n<\/div>\n<\/td>\n<\/tr>\n<tr>\n<td class=\"ref_nrs\">\n<div class=\"refnrs\"><a href=\"#R_6\" name=\"N_6\">[6]<\/a><\/div>\n<\/td>\n<td class=\"ref_txt\">\n<div class=\"rtxt-fr\">\nWing-Keung Wong, Howard E. Thompson, et Kweehong, Teh, \u201c<a title=\"Abnormal Trading\" href=\"https:\/\/web.archive.org\/web\/20240503034842\/http:\/\/www.mfsociety.org\/images\/uploadFiles\/photos\/File\/V15N12p1.pdf\" target=\"_blank\"><i>Was there Abnormal Trading in the S&amp;P 500 Index Options Prior to the September 11 Attacks?<\/i><\/a> [Y a-t-il eu des transactions financi\u00e8res anormales sur l\u2019Index Options S&amp;P 500 avant les attentats du 11 septembre 2001 ?]\u201d, <i>Multinational Finance Journal<\/i>, 15\/1-2 (2011): 1-46, \u00e0 43.\n<\/div>\n<\/td>\n<\/tr>\n<tr>\n<td class=\"ref_nrs\">\n<div class=\"refnrs\"><a href=\"#R_7\" name=\"N_7\">[7]<\/a><\/div>\n<\/td>\n<td class=\"ref_txt\">\n<div class=\"rtxt-fr\">\nMarc Chesney, Remo Crameri, et Loriano Mancini, \u201c<a href=\"https:\/\/papers.ssrn.com\/sol3\/papers.cfm?abstract_id=1522157\" target=\"_blank\"><i>Detecting Informed Trading Activities in the Options Markets<\/i><\/a> [D\u00e9tection des D\u00e9lits d\u2019initi\u00e9s sur le march\u00e9 des Options]\u201d, Swiss Finance Institute Research Paper, 7 septembre 2011. Voir aussi en fran\u00e7ais l&rsquo;article paru sur ReOpenNews \u201c<a href=\"https:\/\/www.reopen911.info\/News\/2010\/09\/19\/detecter-les-delits-dinities-en-options-de-vente-marc-chesney-2010\/\" target=\"_blank\">11-Septembre&nbsp;: la m\u00e9thode statistique permettant de d\u00e9tecter de possibles d\u00e9lits d\u2019initi\u00e9s sur Options propos\u00e9e par le professeur de Finance Marc Chesney et ses co-auteurs, n\u2019int\u00e9resse pas les milieux financiers<\/a>\u201d\n<\/div>\n<\/td>\n<\/tr>\n<tr>\n<td class=\"ref_nrs\">\n<div class=\"refnrs\"><a href=\"#R_8\" name=\"N_8\">[8]<\/a><\/div>\n<\/td>\n<td class=\"ref_txt\">\n<div class=\"rtxt-fr\">\nVoir Tableau 2, de Paul Zarembka, \u201c<a href=\"http:\/\/web.archive.org\/web\/20111010192749\/http:\/\/ithp.org\/articles\/septemberinsidertrading.html\" target=\"_blank\"><i>Evidence of Insider Trading Before September 11th Re-examined<\/i><\/a>\u201d, Audiences Internationales (International Hearings) sur le 11 septembre 2001, du 8 au 11 septembre 2011, Ryerson University, Toronto.\n<\/div>\n<\/td>\n<\/tr>\n<\/tbody>\n<\/table>\n<\/div>\n<p><!-- c9refs --><\/p>\n<\/div>\n<p><!-- c9text --><\/p>\n","protected":false},"excerpt":{"rendered":"<p>Point G-2&nbsp;: L&rsquo;affirmation qu&rsquo;aucun d\u00e9lit d\u2019initi\u00e9 sur \u201cOptions de vente\u201d<br \/> Point G-2&nbsp;: n&rsquo;a eu lieu avant le 11 Septembre <\/p>\n<p class=\"c9np\"><a href=\"https:\/\/www.consensus911.org\/fr\/point-g-1-fr\/\">&lt;&lt; Point pr\u00e9c\u00e9dent<\/a>, <a href=\"https:\/\/www.consensus911.org\/fr\/point-tt-1-fr\/\">Point suivant &gt;&gt;<\/a><\/p>\n<p> <a name=\"INTRO\"><\/a>Introduction <\/p>\n<p style=\"padding-left: 30px\">Dans le mois qui a suivi le 11\/9, de nombreux commentaires sont apparus dans la presse concernant des personnes qui auraient fait [&#8230;]<\/p>\n","protected":false},"author":105,"featured_media":0,"parent":0,"menu_order":120,"comment_status":"closed","ping_status":"closed","template":"","meta":{"footnotes":""},"class_list":["post-2612","page","type-page","status-publish","hentry"],"jetpack_sharing_enabled":true,"_links":{"self":[{"href":"https:\/\/www.consensus911.org\/fr\/wp-json\/wp\/v2\/pages\/2612","targetHints":{"allow":["GET"]}}],"collection":[{"href":"https:\/\/www.consensus911.org\/fr\/wp-json\/wp\/v2\/pages"}],"about":[{"href":"https:\/\/www.consensus911.org\/fr\/wp-json\/wp\/v2\/types\/page"}],"author":[{"embeddable":true,"href":"https:\/\/www.consensus911.org\/fr\/wp-json\/wp\/v2\/users\/105"}],"replies":[{"embeddable":true,"href":"https:\/\/www.consensus911.org\/fr\/wp-json\/wp\/v2\/comments?post=2612"}],"version-history":[{"count":5,"href":"https:\/\/www.consensus911.org\/fr\/wp-json\/wp\/v2\/pages\/2612\/revisions"}],"predecessor-version":[{"id":18087,"href":"https:\/\/www.consensus911.org\/fr\/wp-json\/wp\/v2\/pages\/2612\/revisions\/18087"}],"wp:attachment":[{"href":"https:\/\/www.consensus911.org\/fr\/wp-json\/wp\/v2\/media?parent=2612"}],"curies":[{"name":"wp","href":"https:\/\/api.w.org\/{rel}","templated":true}]}}