{"id":2630,"date":"2012-06-04T04:29:56","date_gmt":"2012-06-04T11:29:56","guid":{"rendered":"http:\/\/www.consensus911.org\/?page_id=2630"},"modified":"2022-05-09T01:32:37","modified_gmt":"2022-05-09T08:32:37","slug":"point-g-1-fr","status":"publish","type":"page","link":"https:\/\/www.consensus911.org\/fr\/point-g-1-fr\/","title":{"rendered":"Point G-1 (Fr)"},"content":{"rendered":"<h4 class=\"c9h4\">Point G-1&nbsp;: Une affirmation concernant Oussama Ben Laden<\/h4>\n<div class=\"c9text-fr\">\n<p class=\"c9np\"><a href=\"https:\/\/www.consensus911.org\/fr\/point-video-2-fr\/\">&lt;&lt; Point pr\u00e9c\u00e9dent<\/a>, <a href=\"https:\/\/www.consensus911.org\/fr\/point-g-2-fr\/\">Point suivant &gt;&gt;<\/a><\/p>\n<div class=\"c9hdr\"><a name=\"OFFICIAL\"><\/a>La version officielle<\/div>\n<p style=\"padding-left: 30px\"><span style=\"color: #000000\">Oussama ben Laden est responsable&nbsp;<a name=\"R_1\" href=\"#N_1\">[1]<\/a> des attentats du 11-Septembre.<\/span><\/p>\n<div class=\"c9hdr\"><a name=\"EVIDENCE\"><\/a>Les \u00e9l\u00e9ments les plus probants contre cette version officielle<\/div>\n<p style=\"padding-left: 30px\"><span style=\"color: #000000\">Le FBI n&rsquo;a pas inscrit&nbsp;<a name=\"R_2\" href=\"#N_2\">[2]<\/a> le 11-Septembre dans la liste des actes terroristes pour lesquels Oussama ben Laden est recherch\u00e9. Quand on lui en a demand\u00e9 les raisons, Rex Tomb, qui \u00e9tait alors le chef du service de presse du FBI, a expliqu\u00e9&nbsp;<a name=\"R_3\" href=\"#N_3\">[3]<\/a> que le FBI n\u2019avait aucune preuve tangible&nbsp;<a name=\"R_4\" href=\"#N_4\">[4]<\/a> reliant ben Laden au 11-Septembre. Aussi, bien que le ministre des Affaires \u00e9trang\u00e8res, Colin Powell, le Premier ministre britannique Tony Blair, et la Commission d\u2019enqu\u00eate sur le 11\/9 aient promis de fournir des preuves&nbsp;<a name=\"R_5\" href=\"#N_5\">[5]<\/a> de la responsabilit\u00e9 de Ben Laden pour les attentats du 11-Septembre, ils ne l\u2019ont jamais fait.&nbsp;<a name=\"R_6\" href=\"#N_6\">[6]<\/a><\/span><\/p>\n<p class=\"c9np\"><a href=\"https:\/\/www.consensus911.org\/fr\/point-video-2-fr\/\">&lt;&lt; Point pr\u00e9c\u00e9dent<\/a>, <a href=\"https:\/\/www.consensus911.org\/fr\/point-g-2-fr\/\">Point suivant &gt;&gt;<\/a><\/p>\n<div class=\"c9hdr\"><a name=\"REFS\"><\/a>R\u00e9f\u00e9rences du Point G-1<\/div>\n<div class=\"c9refs\">\n<table class=\"ref_tbl\">\n<tr>\n<td class=\"ref_nrs\">\n<div class=\"refnrs\"><a name=\"N_1\" href=\"#R_1\">[1]<\/a><\/div>\n<\/td>\n<td class=\"ref_txt\">\n<div class=\"rtxt-fr\">\n<a href=\"https:\/\/911commission.gov\/report\/911Report.pdf\" target=\"_blank\">Rapport de la Commission sur le 11\/9<\/a> (2004).\n<\/div>\n<\/td>\n<\/tr>\n<tr>\n<td class=\"ref_nrs\">\n<div class=\"refnrs\"><a name=\"N_2\" href=\"#R_2\">[2]<\/a><\/div>\n<\/td>\n<td class=\"ref_txt\">\n<div class=\"rtxt-fr\">\n<i>Federal Bureau of Investigation<\/i>, \u201c<a href=\"http:\/\/web.archive.org\/web\/20101011161759\/http:\/www.fbi.gov\/wanted\/topten\/usama-bin-laden\" target=\"_blank\"><i>Most Wanted Terrorists<\/i><\/a>\u201d\n<\/div>\n<\/td>\n<\/tr>\n<tr>\n<td class=\"ref_nrs\">\n<div class=\"refnrs\"><a name=\"N_3\" href=\"#R_3\">[3]<\/a><\/div>\n<\/td>\n<td class=\"ref_txt\">\n<div class=\"rtxt-fr\">\nEd Haas, \u201c<a href=\"http:\/\/web.archive.org\/web\/20090207113442\/http:\/teamliberty.net\/id267.html\" target=\"_blank\">Le FBI a dit, \u2018Aucune preuve reliant Ben Laden au 11-Septembre\u2019<\/a>\u201d, Muckraker Report, 6 juin 2006\n<\/div>\n<\/td>\n<\/tr>\n<tr>\n<td class=\"ref_nrs\">\n<div class=\"refnrs\"><a name=\"N_4\" href=\"#R_4\">[4]<\/a><\/div>\n<\/td>\n<td class=\"ref_txt\">\n<div class=\"rtxt-fr\">\nLe juge f\u00e9d\u00e9ral allemand Dieter Deiseroth, dans un communiqu\u00e9 de d\u00e9cembre 2009, a d\u00e9clar\u00e9 qu\u2019<a href=\"https:\/\/www.heise.de\/tp\/features\/Das-schreit-geradezu-nach-Aufklaerung-3383769.html\" target=\"_blank\">aucune cour impartiale<\/a> n\u2019avait jamais \u00e9valu\u00e9 les preuves contre Oussama Ben Laden. \u201c<a href=\"https:\/\/www.theguardian.com\/world\/2001\/oct\/14\/afghanistan.terrorism5\" target=\"_blank\">Bush rejette l\u2019offre des talibans de livrer Ben Laden<\/a>\u201d, <i>The Guardian<\/i>, 14 octobre 2001. Les talibans ont expliqu\u00e9 qu\u2019ils livreraient Ben Laden si les USA fournissaient les preuves de sa culpabilit\u00e9. \u201c<span class=\"deadlink\" title=\"anciennement disponible \u00e0 https:\/\/web.archive.org\/web\/20030421205426\/http:\/\/www.fromthewilderness.com\/timeline\/2001\/wpost102901.html\" target=\"_blank\">Les talibans en pourparlers fr\u00e9quents avec les USA&nbsp;: discussion sur comment livrer Ben Laden<\/span>\u201d, <i>Washington Post<\/i>, 29 octobre 2001. Les talibans ont demand\u00e9 \u00e0 voir les preuves de la culpabilit\u00e9 de Ben Laden, mais ne les ont pas obtenues. \u201c<span class=\"deadlink\" title=\"anciennement disponible \u00e0 http:\/\/news.bbc.co.uk\/2\/hi\/americas\/1581063.stm\" target=\"_blank\">The investigation and the evidence [L\u2019enqu\u00eate et les preuves]<\/span>\u201d (<a href=\"http:\/\/www.consensus911.org\/wp-content\/uploads\/2022\/05\/BBC_News_AMERICAS_The_investigation_and_the_evidence.zip\">backup<\/a>), BBC News, 5 octobre 2001. \u201cIl n\u2019existe aucune preuve directe accessible au public reliant Ben Laden aux attentats du 11-Septembre.\u201d\n<\/div>\n<\/td>\n<\/tr>\n<tr>\n<td class=\"ref_nrs\">\n<div class=\"refnrs\"><a name=\"N_5\" href=\"#R_5\">[5]<\/a><\/div>\n<\/td>\n<td class=\"ref_txt\">\n<div class=\"rtxt-fr\">\nColin Powell: \u201c<a href=\"https:\/\/web.archive.org\/web\/20010924021324\/http:\/\/www.washingtonpost.com\/wp-srv\/nation\/specials\/attacked\/transcripts\/nbctext092301.html\" target=\"_blank\"><i>Meet the Press<\/i><\/a>\u201d, NBC, 23 septembre 2001. Tony Blair&nbsp;: Bureau du premier Ministre, \u201c<a href=\"http:\/\/news.bbc.co.uk\/2\/hi\/uk_news\/politics\/1579043.stm\" target=\"_blank\">Les responsabilit\u00e9s des crimes terroristes atroces commis aux Etats-Unis<\/a>\u201d, BBC News, 4 octobre 2001\n<\/div>\n<\/td>\n<\/tr>\n<tr>\n<td class=\"ref_nrs\">\n<div class=\"refnrs\"><a name=\"N_6\" href=\"#R_6\">[6]<\/a><\/div>\n<\/td>\n<td class=\"ref_txt\">\n<div class=\"rtxt-fr\">\nPowell: \u201c<a href=\"https:\/\/avalon.law.yale.edu\/sept11\/president_026.asp\" target=\"_blank\">Remarques du pr\u00e9sident, du secr\u00e9taire aux Tr\u00e9sor O\u2019Neill et du secr\u00e9taire d\u2019\u00c9tat Colin Powell sur l\u2019ordre ex\u00e9cutif<\/a>\u201d, Maison Blanche, 24 septembre 2001.<br \/>\nSeymour M. Hersh, \u201c<a href=\"http:\/\/web.archive.org\/web\/20080819222256\/http:\/cicentre.com\/Documents\/DOC_Hersch_OCT_01.htm\" target=\"_blank\">Ce qui s\u2019est mal pass\u00e9&nbsp;: la CIA et l\u2019\u00e9chec des services secrets am\u00e9ricains<\/a>\u201d, <i>New Yorker<\/i>, 1er octobre 2001.<br \/>\nTony Blair: Bureau du Premier ministre&nbsp;: \u201c<a href=\"http:\/\/news.bbc.co.uk\/2\/hi\/uk_news\/politics\/1579043.stm\" target=\"_blank\">Responsabilit\u00e9s pour les atroces actes terroristes aux Etats-Unis<\/a>\u201d, BBC News, 4 octobre 2001. Le document gouvernemental sp\u00e9cifie qu&rsquo;\u201cil n&rsquo;a pas pour but d&rsquo;\u00e9tablir un r\u00e9quisitoire contre Oussama Ben Laden valable devant une cour de justice.\u201d<br \/>\nRapport de la Commission sur le 11\/9 (2004). Toutes les affirmations concernant la responsabilit\u00e9 d\u2019Oussama Ben Laden dans les attentats s\u2019appuient sur des interrogatoires de <a href=\"https:\/\/fr.wikipedia.org\/wiki\/Khalid_Cheikh_Mohammed\">Khalid Sheikh Mohammed<\/a> (KSM) effectu\u00e9s sous la torture. Voir le <a href=\"https:\/\/911commission.gov\/report\/911Report.pdf\" target=\"_blank\">Rapport de la Commission sur le 11\/9<\/a>, chapitre 5, notes 1, 10, 11, 16, 32, 40, and 41.\n<\/div>\n<\/td>\n<\/tr>\n<\/table>\n<\/div>\n<p><!-- c9refs -->\n<\/div>\n<p><!-- c9text --><\/p>\n","protected":false},"excerpt":{"rendered":"<p>Point G-1&nbsp;: Une affirmation concernant Oussama Ben Laden <\/p>\n<p class=\"c9np\"><a href=\"https:\/\/www.consensus911.org\/fr\/point-video-2-fr\/\">&lt;&lt; Point pr\u00e9c\u00e9dent<\/a>, <a href=\"https:\/\/www.consensus911.org\/fr\/point-g-2-fr\/\">Point suivant &gt;&gt;<\/a><\/p>\n<p> <a name=\"OFFICIAL\"><\/a>La version officielle <\/p>\n<p style=\"padding-left: 30px\">Oussama ben Laden est responsable&nbsp;<a name=\"R_1\" href=\"#N_1\">[1]<\/a> des attentats du 11-Septembre.<\/p>\n<p> <a name=\"EVIDENCE\"><\/a>Les \u00e9l\u00e9ments les plus probants contre cette version officielle <\/p>\n<p style=\"padding-left: 30px\">Le FBI n&rsquo;a pas inscrit&nbsp;<a name=\"R_2\" href=\"#N_2\">[2]<\/a> le 11-Septembre [&#8230;]<\/p>\n","protected":false},"author":105,"featured_media":0,"parent":0,"menu_order":118,"comment_status":"closed","ping_status":"closed","template":"","meta":{"footnotes":""},"class_list":["post-2630","page","type-page","status-publish","hentry"],"jetpack_sharing_enabled":true,"_links":{"self":[{"href":"https:\/\/www.consensus911.org\/fr\/wp-json\/wp\/v2\/pages\/2630","targetHints":{"allow":["GET"]}}],"collection":[{"href":"https:\/\/www.consensus911.org\/fr\/wp-json\/wp\/v2\/pages"}],"about":[{"href":"https:\/\/www.consensus911.org\/fr\/wp-json\/wp\/v2\/types\/page"}],"author":[{"embeddable":true,"href":"https:\/\/www.consensus911.org\/fr\/wp-json\/wp\/v2\/users\/105"}],"replies":[{"embeddable":true,"href":"https:\/\/www.consensus911.org\/fr\/wp-json\/wp\/v2\/comments?post=2630"}],"version-history":[{"count":5,"href":"https:\/\/www.consensus911.org\/fr\/wp-json\/wp\/v2\/pages\/2630\/revisions"}],"predecessor-version":[{"id":21534,"href":"https:\/\/www.consensus911.org\/fr\/wp-json\/wp\/v2\/pages\/2630\/revisions\/21534"}],"wp:attachment":[{"href":"https:\/\/www.consensus911.org\/fr\/wp-json\/wp\/v2\/media?parent=2630"}],"curies":[{"name":"wp","href":"https:\/\/api.w.org\/{rel}","templated":true}]}}