{"id":2636,"date":"2012-06-04T04:29:41","date_gmt":"2012-06-04T11:29:41","guid":{"rendered":"http:\/\/www.consensus911.org\/?page_id=2636"},"modified":"2018-04-14T04:35:31","modified_gmt":"2018-04-14T11:35:31","slug":"point-tt-1-fr","status":"publish","type":"page","link":"https:\/\/www.consensus911.org\/fr\/point-tt-1-fr\/","title":{"rendered":"Point TT-1 (Fr)"},"content":{"rendered":"<h4 class=\"c9h4\">Point TT-1&nbsp;: Une affirmation concernant la destruction des Tours Jumelles&nbsp;:<br \/><span style=\"color: #ffffff\">Point TT-1&nbsp;:<\/span> elle serait due uniquement aux impacts, au k\u00e9ros\u00e8ne,<br \/><span style=\"color: #ffffff\">Point TT-1&nbsp;:<\/span> et aux incendies<\/h4>\n<div class=\"c9text-fr\">\n<p class=\"c9np\"><a href=\"https:\/\/www.consensus911.org\/fr\/point-g-2-fr\/\">&lt;&lt; Point pr\u00e9c\u00e9dent<\/a>, <a href=\"https:\/\/www.consensus911.org\/fr\/point-tt-2-fr\/\">Point suivant &gt;&gt;<\/a><\/p>\n<div class=\"c9hdr\"><a name=\"OFFICIAL\"><\/a>La version officielle<\/div>\n<p style=\"padding-left: 30px\">Les Tours Jumelles ont \u00e9t\u00e9 abattues&nbsp;<a name=\"R_6\" href=\"#N_6\">[6]<\/a> par l\u2019impact des avions, leur carburant, et les incendies de bureau.<\/p>\n<div class=\"c9hdr\"><a name=\"EVIDENCE\"><\/a>Les \u00e9l\u00e9ments les plus probants contre cette version officielle<\/div>\n<p style=\"padding-left: 30px\">L&rsquo;exp\u00e9rience bas\u00e9e sur l&rsquo;observation physique et la connaissance scientifique montre que les incendies de bureau, m\u00eame avec l&rsquo;aide du k\u00e9ros\u00e8ne, ne peuvent pas avoir atteint des temp\u00e9ratures sup\u00e9rieures \u00e0 1000 degr\u00e9s Celsius. Pourtant, plusieurs rapports scientifiques&nbsp;<a name=\"R_7\" href=\"#N_7\">[7]<\/a> montrent que des m\u00e9taux ont fondu dans les Tours Jumelles. Normalement, ces m\u00e9taux, \u00e0 savoir l\u2019acier, le fer et le molybd\u00e8ne, ne fondent pas en dessous des temp\u00e9ratures respectives de 1482\u00b0C, 1538\u00b0C et 2,623\u00b0C.<\/p>\n<p class=\"c9np\"><a href=\"https:\/\/www.consensus911.org\/fr\/point-g-2-fr\/\">&lt;&lt; Point pr\u00e9c\u00e9dent<\/a>, <a href=\"https:\/\/www.consensus911.org\/fr\/point-tt-2-fr\/\">Point suivant &gt;&gt;<\/a><\/p>\n<div class=\"c9hdr\"><a name=\"REFS\"><\/a>R\u00e9f\u00e9rences du Point TT-1<\/div>\n<div class=\"c9refs\">\n<table class=\"ref_tbl\">\n<tr>\n<td class=\"ref_nrs\">\n<div class=\"refnrs\"><a name=\"N_1\" href=\"#R_1\">[1]<\/a><\/div>\n<\/td>\n<td class=\"ref_txt\">\n<div class=\"rtxt-fr\">\nNIST, <a href=\"https:\/\/ws680.nist.gov\/publication\/get_pdf.cfm?pub_id=909017\" target=\"_blank\">Rapport final sur l\u2019effondrement des Tours WTC<\/a>, septembre 2005, p.&nbsp;15. Concernant les impacts des avions, voir les pp. 150-51; A propos du carburant, voir pages 24, 42; pour les incendies, voir pages 91, 127, 183.\n<\/div>\n<\/td>\n<\/tr>\n<tr>\n<td class=\"ref_nrs\">\n<div class=\"refnrs\"><a name=\"N_2\" href=\"#R_2\">[2]<\/a><\/div>\n<\/td>\n<td class=\"ref_txt\">\n<div class=\"rtxt-fr\">\nRJ Lee Group, \u201c<a href=\"http:\/\/911research.wtc7.net\/essays\/thermite\/cache\/nyenvirolaw_WTCDustSignatureCompositionAndMorphology.pdf\" target=\"_blank\">WTC Dust Signature Report: Composition and Morphology<\/a> [Etude de la signature des poussi\u00e8res du WTC&nbsp;: Composition et morphologie]\u201d, d\u00e9cembre 2003, p.&nbsp;21.<br \/>\nRJ Lee Group, \u201c<a href=\"http:\/\/web.archive.org\/web\/20131204202627\/http:\/\/www.ae911truth.org\/documents\/WTCDustSignature_ExpertReport.051304.1646.mp_.pdf\" target=\"_blank\">Expert Report: WTC Dust Signature<\/a> [Rapport d\u2019expertise: Signature de la poussi\u00e8re du WTC]\u201d, mai 2004, p.&nbsp;12.<br \/>\nHeather A. Lowers &amp; Gregory P. Meeker, Etude du US Geological, Minist\u00e8re am\u00e9ricain de l\u2019Int\u00e9rieur&nbsp;: \u201c<a href=\"https:\/\/pubs.usgs.gov\/of\/2005\/1165\/508OF05-1165.html\" target=\"_blank\">Particle Atlas of World Trade Center Dust<\/a>\u201d, 2005.<br \/>\nSteven E. Jones et al., \u201c<a href=\"https:\/\/www.journalof911studies.com\/articles\/WTCHighTemp2.pdf\" target=\"_blank\">Extremely high temperatures during the World Trade Center destruction<\/a>\u201d, <i>Journal of 9\/11 Studies<\/i>, 19 janvier 2008.<br \/>\nPour plus d\u2019information, voir l\u2019article de David Ray Griffin, <i><a href=\"http:\/\/www.amazon.com\/Mysterious-Collapse-World-Trade-Center\/dp\/1566567866\">The Mysterious Collapse of World Trade Center 7<\/a> [Le myst\u00e9rieux effondrement du b\u00e2timent&nbsp;7 du World Trade Center]<\/i>, pp. 39-44.\n<\/div>\n<\/td>\n<\/tr>\n<\/table>\n<\/div>\n<p><!-- c9refs -->\n<\/div>\n<p><!-- c9text --><\/p>\n","protected":false},"excerpt":{"rendered":"<p>Point TT-1&nbsp;: Une affirmation concernant la destruction des Tours Jumelles&nbsp;:<br \/>Point TT-1&nbsp;: elle serait due uniquement aux impacts, au k\u00e9ros\u00e8ne,<br \/>Point TT-1&nbsp;: et aux incendies <\/p>\n<p class=\"c9np\"><a href=\"https:\/\/www.consensus911.org\/fr\/point-g-2-fr\/\">&lt;&lt; Point pr\u00e9c\u00e9dent<\/a>, <a href=\"https:\/\/www.consensus911.org\/fr\/point-tt-2-fr\/\">Point suivant &gt;&gt;<\/a><\/p>\n<p> <a name=\"OFFICIAL\"><\/a>La version officielle <\/p>\n<p style=\"padding-left: 30px\">Les Tours Jumelles ont \u00e9t\u00e9 abattues&nbsp;<a name=\"R_6\" href=\"#N_6\">[6]<\/a> par l\u2019impact des avions, leur carburant, et [&#8230;]<\/p>\n","protected":false},"author":105,"featured_media":0,"parent":0,"menu_order":139,"comment_status":"closed","ping_status":"closed","template":"","meta":{"footnotes":""},"class_list":["post-2636","page","type-page","status-publish","hentry"],"jetpack_sharing_enabled":true,"_links":{"self":[{"href":"https:\/\/www.consensus911.org\/fr\/wp-json\/wp\/v2\/pages\/2636","targetHints":{"allow":["GET"]}}],"collection":[{"href":"https:\/\/www.consensus911.org\/fr\/wp-json\/wp\/v2\/pages"}],"about":[{"href":"https:\/\/www.consensus911.org\/fr\/wp-json\/wp\/v2\/types\/page"}],"author":[{"embeddable":true,"href":"https:\/\/www.consensus911.org\/fr\/wp-json\/wp\/v2\/users\/105"}],"replies":[{"embeddable":true,"href":"https:\/\/www.consensus911.org\/fr\/wp-json\/wp\/v2\/comments?post=2636"}],"version-history":[{"count":5,"href":"https:\/\/www.consensus911.org\/fr\/wp-json\/wp\/v2\/pages\/2636\/revisions"}],"predecessor-version":[{"id":11129,"href":"https:\/\/www.consensus911.org\/fr\/wp-json\/wp\/v2\/pages\/2636\/revisions\/11129"}],"wp:attachment":[{"href":"https:\/\/www.consensus911.org\/fr\/wp-json\/wp\/v2\/media?parent=2636"}],"curies":[{"name":"wp","href":"https:\/\/api.w.org\/{rel}","templated":true}]}}