{"id":2642,"date":"2012-06-04T04:29:20","date_gmt":"2012-06-04T11:29:20","guid":{"rendered":"http:\/\/www.consensus911.org\/?page_id=2642"},"modified":"2020-12-31T03:34:19","modified_gmt":"2020-12-31T11:34:19","slug":"point-tt-2-fr","status":"publish","type":"page","link":"https:\/\/www.consensus911.org\/fr\/point-tt-2-fr\/","title":{"rendered":"Point TT-2 (Fr)"},"content":{"rendered":"<h4 class=\"c9h4\">Point TT-2&nbsp;: Une affirmation concernant la destruction des Tours Jumelles&nbsp;:<br \/><span style=\"color: #ffffff\">Point TT-2&nbsp;:<\/span> elle serait due uniquement aux impacts, aux incendies<br \/><span style=\"color: #ffffff\">Point TT-2&nbsp;:<\/span> et \u00e0 la force de gravit\u00e9<\/h4>\n<div class=\"c9text-fr\">\n<p class=\"c9np\"><a href=\"https:\/\/www.consensus911.org\/fr\/point-tt-1-fr\/\">&lt;&lt; Point pr\u00e9c\u00e9dent<\/a>, <a href=\"https:\/\/www.consensus911.org\/fr\/point-tt-3-fr\/\">Point suivant &gt;&gt;<\/a><\/p>\n<div class=\"c9hdr\"><a name=\"OFFICIAL\"><\/a>La version officielle<\/div>\n<p style=\"padding-left: 30px\">La destruction des Tours Jumelles a en tout et pour tout trois causes&nbsp;: l&rsquo;impact des avions de ligne, les incendies qui en ont r\u00e9sult\u00e9, et la force de gravit\u00e9.&nbsp;<a name=\"R_1\" href=\"#N_1\">[1]<\/a> <\/p>\n<div class=\"c9hdr\"><a name=\"EVIDENCE\"><\/a>Les \u00e9l\u00e9ments les plus probants contre cette version officielle<\/div>\n<p style=\"padding-left: 30px\">Lors de la destruction des Tours Jumelles, de grandes sections de colonnes d&rsquo;acier du pourtour pesant chacune plusieurs tonnes ont \u00e9t\u00e9 \u00e9ject\u00e9es horizontalement \u00e0 150, voire 180 m\u00e8tres, comme en t\u00e9moignent de nombreux plans&nbsp;<a name=\"R_2\" href=\"#N_2\">[2]<\/a> et photographies.&nbsp;<a name=\"R_3\" href=\"#N_3\">[3]<\/a> Ces \u00e9jections \u00e0 grande vitesse de lourds \u00e9l\u00e9ments de structure ne peuvent \u00eatre expliqu\u00e9es ni par les incendies, ni par la force de gravit\u00e9, ni par les impacts d&rsquo;avion (qui ont eu lieu environ une heure plus t\u00f4t). Des fragments d&rsquo;os humains&nbsp;<a name=\"R_4\" href=\"#N_4\">[4]<\/a> d&rsquo;environ 1&nbsp;cm de longueur ont \u00e9t\u00e9 retrouv\u00e9s en abondance sur le toit de la Deutsche Bank apr\u00e8s la destruction des Tours, ce qui indique plus avant l\u2019utilisation d&rsquo;explosifs. L\u2019\u00e9croulement en \u00ab&nbsp;pile d&rsquo;assiettes&nbsp;\u00bb (<i>pancake<\/i>), ou le pilonnage des \u00e9tages du dessus auraient d\u00fb pi\u00e9ger les corps \u00e0 l\u2019int\u00e9rieur, au lieu de projeter \u00e0 horizontale des fragments d\u2018os \u00e0 plus de 150 m\u00e8tres de distance.<\/p>\n<p class=\"c9np\"><a href=\"https:\/\/www.consensus911.org\/fr\/point-tt-1-fr\/\">&lt;&lt; Point pr\u00e9c\u00e9dent<\/a>, <a href=\"https:\/\/www.consensus911.org\/fr\/point-tt-3-fr\/\">Point suivant &gt;&gt;<\/a><\/p>\n<div class=\"c9hdr\"><a name=\"REFS\"><\/a>R\u00e9f\u00e9rences du Point TT-2<\/div>\n<div class=\"c9refs\">\n<table class=\"ref_tbl\">\n<tr>\n<td class=\"ref_nrs\">\n<div class=\"refnrs\"><a name=\"N_1\" href=\"#R_1\">[1]<\/a><\/div>\n<\/td>\n<td class=\"ref_txt\">\n<div class=\"rtxt-fr\">\nNIST NCSTAR 1, <a href=\"https:\/\/ws680.nist.gov\/publication\/get_pdf.cfm?pub_id=909017\" target=\"_blank\">Rapport final sur l\u2019effondrement des Tours du WTC<\/a>, septembre 2005, p.&nbsp;144-45.\n<\/div>\n<\/td>\n<\/tr>\n<tr>\n<td class=\"ref_nrs\">\n<div class=\"refnrs\"><a name=\"N_2\" href=\"#R_2\">[2]<\/a><\/div>\n<\/td>\n<td class=\"ref_txt\">\n<div class=\"rtxt-fr\">\nEn plus du WFC 3 (le b\u00e2timent d&rsquo;American Express), le <a href=\"https:\/\/www.fema.gov\/pdf\/library\/fema403_ch7.pdf\" target=\"_blank\">rapport de la FEMA<\/a>, \u201c<i>7. Peripheral Buildings<\/i>\u201d, montre que des d\u00e9bris similaires ont frapp\u00e9 Winter Gardens, distant de 200 \u00e0 300 m\u00e8tres (500-600 feet) et inclut un plan montrant l\u2019emplacement de ces b\u00e2timents.\n<\/div>\n<\/td>\n<\/tr>\n<tr>\n<td class=\"ref_nrs\">\n<div class=\"refnrs\"><a name=\"N_3\" href=\"#R_3\">[3]<\/a><\/div>\n<\/td>\n<td class=\"ref_txt\">\n<div class=\"rtxt-fr\">\nPhotographies&nbsp;: Le site Web <a href=\"https:\/\/scientistsfor911truth.com\/?s=introduction\">Scientists for 9\/11 Truth<\/a> montre une <a href=\"https:\/\/scientistsfor911truth.com\/wp-content\/uploads\/2018\/09\/impaled_columns.jpg\" target=\"_blank\">photo<\/a> de \u201cColonne d\u2019acier plant\u00e9e au 20e \u00e9tage du b\u00e2timent 3 du World Financial Center Building 3 (WFC3).\u201d Voir aussi \u201c<a href=\"https:\/\/www.youtube.com\/watch?v=Qa7PN-8T2VY\" target=\"_blank\">Comparison Vid &#8211; The Planned WTC Demolition<\/a>\u201d et <a href=\"https:\/\/www.youtube.com\/watch?v=DChR1XcYhlw\" target=\"_blank\">South Tower Smoking Guns<\/a> (<a href=\"https:\/\/www.youtube.com\/watch?v=vO4yFRo9X9M\">version sous-titr\u00e9e<\/a>) montrant les \u00e9jections horizontales.\n<\/div>\n<\/td>\n<\/tr>\n<tr>\n<td class=\"ref_nrs\">\n<div class=\"refnrs\"><a name=\"N_4\" href=\"#R_4\">[4]<\/a><\/div>\n<\/td>\n<td class=\"ref_txt\">\n<div class=\"rtxt-fr\">\n\u201c<a href=\"http:\/\/web.archive.org\/web\/20130927171324\/http:\/\/usatoday30.usatoday.com\/news\/nation\/2006-04-19-remains_x.htm\"><i>Remains bring hope, frustration for 9\/11 families<\/i><\/a> [Des restes humains g\u00e9n\u00e8rent espoir et frustration]\u201d, <i>USA Today<\/i>, 20 avril 2006.\n<\/div>\n<\/td>\n<\/tr>\n<\/table>\n<\/div>\n<p><!-- c9refs -->\n<\/div>\n<p><!-- c9text --><\/p>\n","protected":false},"excerpt":{"rendered":"<p>Point TT-2&nbsp;: Une affirmation concernant la destruction des Tours Jumelles&nbsp;:<br \/>Point TT-2&nbsp;: elle serait due uniquement aux impacts, aux incendies<br \/>Point TT-2&nbsp;: et \u00e0 la force de gravit\u00e9 <\/p>\n<p class=\"c9np\"><a href=\"https:\/\/www.consensus911.org\/fr\/point-tt-1-fr\/\">&lt;&lt; Point pr\u00e9c\u00e9dent<\/a>, <a href=\"https:\/\/www.consensus911.org\/fr\/point-tt-3-fr\/\">Point suivant &gt;&gt;<\/a><\/p>\n<p> <a name=\"OFFICIAL\"><\/a>La version officielle <\/p>\n<p style=\"padding-left: 30px\">La destruction des Tours Jumelles a en tout et pour tout trois [&#8230;]<\/p>\n","protected":false},"author":105,"featured_media":0,"parent":0,"menu_order":141,"comment_status":"closed","ping_status":"closed","template":"","meta":{"footnotes":""},"class_list":["post-2642","page","type-page","status-publish","hentry"],"jetpack_sharing_enabled":true,"_links":{"self":[{"href":"https:\/\/www.consensus911.org\/fr\/wp-json\/wp\/v2\/pages\/2642","targetHints":{"allow":["GET"]}}],"collection":[{"href":"https:\/\/www.consensus911.org\/fr\/wp-json\/wp\/v2\/pages"}],"about":[{"href":"https:\/\/www.consensus911.org\/fr\/wp-json\/wp\/v2\/types\/page"}],"author":[{"embeddable":true,"href":"https:\/\/www.consensus911.org\/fr\/wp-json\/wp\/v2\/users\/105"}],"replies":[{"embeddable":true,"href":"https:\/\/www.consensus911.org\/fr\/wp-json\/wp\/v2\/comments?post=2642"}],"version-history":[{"count":5,"href":"https:\/\/www.consensus911.org\/fr\/wp-json\/wp\/v2\/pages\/2642\/revisions"}],"predecessor-version":[{"id":21290,"href":"https:\/\/www.consensus911.org\/fr\/wp-json\/wp\/v2\/pages\/2642\/revisions\/21290"}],"wp:attachment":[{"href":"https:\/\/www.consensus911.org\/fr\/wp-json\/wp\/v2\/media?parent=2642"}],"curies":[{"name":"wp","href":"https:\/\/api.w.org\/{rel}","templated":true}]}}