{"id":2662,"date":"2012-06-04T04:28:09","date_gmt":"2012-06-04T11:28:09","guid":{"rendered":"http:\/\/www.consensus911.org\/?page_id=2662"},"modified":"2018-02-08T14:34:06","modified_gmt":"2018-02-08T22:34:06","slug":"point-tt-5-fr","status":"publish","type":"page","link":"https:\/\/www.consensus911.org\/fr\/point-tt-5-fr\/","title":{"rendered":"Point TT-5 (Fr)"},"content":{"rendered":"<h4 class=\"c9h4\">Point TT-5&nbsp;: L&rsquo;affirmation que la poussi\u00e8re du World Trade Center<br \/><span style=\"color: #ffffff\">Point TT-5&nbsp;:<\/span> ne contenait aucun mat\u00e9riau thermitique<\/h4>\n<div class=\"c9text-fr\">\n<p class=\"c9np\"><a href=\"https:\/\/www.consensus911.org\/fr\/point-tt-4-fr\/\">&lt;&lt; Point pr\u00e9c\u00e9dent<\/a>, <a href=\"https:\/\/www.consensus911.org\/fr\/point-tt-6-fr\/\">Point suivant &gt;&gt;<\/a><\/p>\n<p><a name=\"OFFICIAL\"><\/a><\/p>\n<div class=\"c9hdr\">La version officielle<\/div>\n<p style=\"padding-left: 30px\">Bien que le NIST n&rsquo;ait effectu\u00e9 aucun test&nbsp;<a name=\"R_1\" href=\"#N_1\">[1]<\/a> pour rechercher des traces d\u2019incendiaires (comme la thermite) ou d\u2018explosifs (comme le RDX ou la nanothermite) dans les poussi\u00e8res du WTC, il a affirm\u00e9&nbsp;<a name=\"R_2\" href=\"#N_2\">[2]<\/a> que de tels mat\u00e9riaux ne s\u2019y trouvaient pas.<\/p>\n<div class=\"c9hdr\"><a name=\"EVIDENCE\"><\/a>Les \u00e9l\u00e9ments les plus probants contre cette version officielle<\/div>\n<p style=\"padding-left: 30px\">De la nanothermite, \u201cun mat\u00e9riau qui peut \u00eatre adapt\u00e9&nbsp;<a name=\"R_3\" href=\"#N_3\">[3]<\/a> pour se comporter comme un incendiaire (tout comme la thermite ordinaire), ou comme un explosif\u201d,&nbsp;<a name=\"R_4\" href=\"#N_4\">[4]<\/a> a \u00e9t\u00e9 trouv\u00e9 dans quatre \u00e9chantillons de poussi\u00e8re provenant du WTC, recueillis ind\u00e9pendamment&nbsp;<a name=\"R_5\" href=\"#N_5\">[5]<\/a> (comme indiqu\u00e9 dans un article&nbsp;<a name=\"R_6\" href=\"#N_6\">[6]<\/a> r\u00e9dig\u00e9 par plusieurs auteurs et publi\u00e9 dans une revue \u00e0 comit\u00e9 de lecture).<\/p>\n<p class=\"c9np\"><a href=\"https:\/\/www.consensus911.org\/fr\/point-tt-4-fr\/\">&lt;&lt; Point pr\u00e9c\u00e9dent<\/a>, <a href=\"https:\/\/www.consensus911.org\/fr\/point-tt-6-fr\/\">Point suivant &gt;&gt;<\/a><\/p>\n<div class=\"c9hdr\"><a name=\"REFS\"><\/a>R\u00e9f\u00e9rences du Point TT-5<\/div>\n<div class=\"c9refs\">\n<table class=\"ref_tbl\">\n<tr>\n<td class=\"ref_nrs\">\n<div class=\"refnrs\"><a name=\"N_1\" href=\"#R_1\">[1]<\/a><\/div>\n<\/td>\n<td class=\"ref_txt\">\n<div class=\"rtxt-fr\">\nNIST, <i><a href=\"https:\/\/www.nist.gov\/pba\/national-institute-standards-and-technology-nist-federal-building-and-fire-safety-investigation\" target=\"_blank\">Frequently Asked Questions<\/a> [R\u00e9ponses aux questions fr\u00e9quemment pos\u00e9es]<\/i> du 30 ao\u00fbt 2006 (8\/6\/2006), question 12.\n<\/div>\n<\/td>\n<\/tr>\n<tr>\n<td class=\"ref_nrs\">\n<div class=\"refnrs\"><a name=\"N_2\" href=\"#R_2\">[2]<\/a><\/div>\n<\/td>\n<td class=\"ref_txt\">\n<div class=\"rtxt-fr\">\nLe NIST a men\u00e9 une exp\u00e9rimentation purement th\u00e9orique et \u00ab&nbsp;n\u2019a pas trouv\u00e9 de preuves d\u2019une quelconque explosion.&nbsp;\u00bb NIST NCSTAR 1-9: <i><a href=\"http:\/\/www.consensus911.org\/wp-content\/uploads\/2016\/09\/NIST_NCSTAR19_909256.pdf\" target=\"_blank\">Structural Fire Response and Probable Collapse Sequence of World Trade Center Building 7<\/a> [R\u00e9action au feu de la structure, et d\u00e9roulement probable de l\u2019effondrement du b\u00e2timent&nbsp;7 du WTC)]<\/i>. Version provisoire ouverte aux commentaires du public, ao\u00fbt 2008, p.&nbsp;357.\n<\/div>\n<\/td>\n<\/tr>\n<tr>\n<td class=\"ref_nrs\">\n<div class=\"refnrs\"><a name=\"N_3\" href=\"#R_3\">[3]<\/a><\/div>\n<\/td>\n<td class=\"ref_txt\">\n<div class=\"rtxt-fr\">\n<b><\/b> La phrase est du <a href=\"\/fr\/membres-du-comite\/#HARRIT\">Dr. Niels Harrit<\/a>, professeur associ\u00e9 de Chimie au Centre des nanosciences de l\u2019Universit\u00e9 de Copenhague. Email envoy\u00e9 \u00e0 Elizabeth Woodworth, copie au Dr. David Ray Griffin, 19 juin 2011.\n<\/div>\n<\/td>\n<\/tr>\n<tr>\n<td class=\"ref_nrs\">\n<div class=\"refnrs\"><a name=\"N_4\" href=\"#R_4\">[4]<\/a><\/div>\n<\/td>\n<td class=\"ref_txt\">\n<div class=\"rtxt-fr\">\n<a href=\"https:\/\/web.archive.org\/web\/20120225170823\/http:\/\/infohouse.p2ric.org\/ref\/34\/33115.pdf\" target=\"_blank\">L\u2019\u00e9dition du printemps 2002<\/a> de la <i><span title=\"Advanced Materials and Processes Technology Information Analysis Center [US DoD]\">AMPTIAC<\/span> Quarterly Newsletter [Newsletter trimestrielle de <span title=\"Advanced Materials and Processes Technology Information Analysis Center [US DoD]\">AMPTIAC<\/span>]<\/i> disait&nbsp;: \u00ab&nbsp;Le 221e meeting national de l\u2019American Chemical Society s\u2019est tenu \u00e0 San Diego et comprenait un symposium sur les applications militaires des nanomat\u00e9riaux. L\u2019une des 4 sessions s\u2019intitulait \u201cNanoenergetics\u201d. Cette session a vu s\u2019exprimer diff\u00e9rents orateurs provenant de laboratoires gouvernementaux (DOD and DOE) ou du monde acad\u00e9mique &#8230; Plusieurs sujets furent abord\u00e9s, dont &#8230; les composites intermol\u00e9culaires m\u00e9tastables (MICS, pour Metastable Intermolecular Composites), les sols-gels, et les nanomat\u00e9riaux structuraux &#8230; En ce moment m\u00eame, tous les d\u00e9partements militaires et plusieurs laboratoires du DOE ou universitaires conduisent activement des programmes de recherche destin\u00e9s \u00e0 exploiter les propri\u00e9t\u00e9s uniques des nanomat\u00e9riaux qui peuvent potentiellement \u00eatre utilis\u00e9s sous des formes \u00e9nerg\u00e9tiques pour des explosifs sophistiqu\u00e9s ou des mat\u00e9riaux de propulsion &#8230; Les nanomat\u00e9riaux, et tout sp\u00e9cialement ceux nano\u00e9nerg\u00e9tiques pourraient \u00eatre utilis\u00e9s pour am\u00e9liorer les composants des munitions &#8230; Les mat\u00e9riaux nano\u00e9nerg\u00e9tiques offrent des perspectives prometteuses comme composants du Thermobarique (TBX) ou <a href=\"https:\/\/fr.wikipedia.org\/wiki\/Arme_thermobarique\">des armes de ce type (TBX-like)<\/a>, du fait de leur haut degr\u00e9 de flexibilit\u00e9 en termes d\u2019\u00e9nergie lib\u00e9r\u00e9e et de gestion du d\u00e9clenchement (de la r\u00e9action).\u00bb (pp. 43-44)\n<\/div>\n<\/td>\n<\/tr>\n<tr>\n<td class=\"ref_nrs\">\n<div class=\"refnrs\"><a name=\"N_5\" href=\"#R_5\">[5]<\/a><\/div>\n<\/td>\n<td class=\"ref_txt\">\n<div class=\"rtxt-fr\">\nLe <a href=\"\/fr\/membres-du-comite\/#JONES\">Dr. Steven Jones<\/a> parle de la tra\u00e7abilit\u00e9 (\u201cchain of custody\u201d) des \u00e9chantillons de poussi\u00e8re du WTC dans la vid\u00e9o \u201c<a href=\"https:\/\/www.youtube.com\/watch?v=HFM_36jvDiA&#038;t=3m30s\" target=\"_blank\"><i>9\/11: Explosive Testimony Exclusive &#8230; 1 of 2<\/i><\/a> (<a href=\"https:\/\/www.youtube.com\/watch?v=y-3yH4DfeQo&#038;t=3m30s\"><i>9\/11: Explosive Testimony Exclusive, 1e partie<\/i><\/a>\u201d, \u00e0 3 min 30 sec et 7 min 58 sec, et \u00e0 0 minute dans la 2e partie, <a href=\"https:\/\/www.youtube.com\/watch?v=W6fpGIIEqfs\" target=\"_blank\">9\/11&nbsp;: EXPLOSIVE TESTIMONY EXCLUSIVE &#8211; AE911Truth.org Steven Jones Physicist 2 of 2<\/a>.\n<\/div>\n<\/td>\n<\/tr>\n<tr>\n<td class=\"ref_nrs\">\n<div class=\"refnrs\"><a name=\"N_6\" href=\"#R_6\">[6]<\/a><\/div>\n<\/td>\n<td class=\"ref_txt\">\n<div class=\"rtxt-fr\">\n<a href=\"\/fr\/membres-du-comite\/#HARRIT\">Niels H. Harrit<\/a>, Jeffrey Farrer, <a href=\"\/fr\/membres-du-comite\/#JONES\">Steven E. Jones<\/a>, Kevin R. Ryan, Frank M. Legge, Daniel Farnsworth, Gregg Roberts, James R. Gourley, et Bradley R. Larsen, \u201c<a href=\"https:\/\/web.archive.org\/web\/20151125154704if_\/http:\/\/electricpolitics.com\/media\/docs\/7TOCPJ.pdf\" target=\"_blank\"><i>Active Thermitic Material Observed in Dust from the 9\/11 World Trade Center Catastrophe<\/i><\/a>\u201d  (<a href=\"https:\/\/web.archive.org\/web\/20151125154704\/http:\/\/electricpolitics.com\/media\/docs\/7TOCPJ.pdf\" target=\"_blank\">copie d&rsquo;archive<\/a>), <i>The Open Chemical Physics Journal<\/i>, 2009, 2: 7-31.\n<\/div>\n<\/td>\n<\/tr>\n<\/table>\n<\/div>\n<p><!-- c9refs -->\n<\/div>\n<p><!-- c9text --><\/p>\n","protected":false},"excerpt":{"rendered":"<p>Point TT-5&nbsp;: L&rsquo;affirmation que la poussi\u00e8re du World Trade Center<br \/>Point TT-5&nbsp;: ne contenait aucun mat\u00e9riau thermitique <\/p>\n<p class=\"c9np\"><a href=\"https:\/\/www.consensus911.org\/fr\/point-tt-4-fr\/\">&lt;&lt; Point pr\u00e9c\u00e9dent<\/a>, <a href=\"https:\/\/www.consensus911.org\/fr\/point-tt-6-fr\/\">Point suivant &gt;&gt;<\/a><\/p>\n<p><a name=\"OFFICIAL\"><\/a><\/p>\n<p> La version officielle <\/p>\n<p style=\"padding-left: 30px\">Bien que le NIST n&rsquo;ait effectu\u00e9 aucun test&nbsp;<a name=\"R_1\" href=\"#N_1\">[1]<\/a> pour rechercher des traces d\u2019incendiaires (comme la thermite) ou d\u2018explosifs (comme le [&#8230;]<\/p>\n","protected":false},"author":105,"featured_media":0,"parent":0,"menu_order":147,"comment_status":"closed","ping_status":"closed","template":"","meta":{"footnotes":""},"class_list":["post-2662","page","type-page","status-publish","hentry"],"jetpack_sharing_enabled":true,"_links":{"self":[{"href":"https:\/\/www.consensus911.org\/fr\/wp-json\/wp\/v2\/pages\/2662","targetHints":{"allow":["GET"]}}],"collection":[{"href":"https:\/\/www.consensus911.org\/fr\/wp-json\/wp\/v2\/pages"}],"about":[{"href":"https:\/\/www.consensus911.org\/fr\/wp-json\/wp\/v2\/types\/page"}],"author":[{"embeddable":true,"href":"https:\/\/www.consensus911.org\/fr\/wp-json\/wp\/v2\/users\/105"}],"replies":[{"embeddable":true,"href":"https:\/\/www.consensus911.org\/fr\/wp-json\/wp\/v2\/comments?post=2662"}],"version-history":[{"count":5,"href":"https:\/\/www.consensus911.org\/fr\/wp-json\/wp\/v2\/pages\/2662\/revisions"}],"predecessor-version":[{"id":19755,"href":"https:\/\/www.consensus911.org\/fr\/wp-json\/wp\/v2\/pages\/2662\/revisions\/19755"}],"wp:attachment":[{"href":"https:\/\/www.consensus911.org\/fr\/wp-json\/wp\/v2\/media?parent=2662"}],"curies":[{"name":"wp","href":"https:\/\/api.w.org\/{rel}","templated":true}]}}