{"id":2686,"date":"2012-06-04T04:26:41","date_gmt":"2012-06-04T11:26:41","guid":{"rendered":"http:\/\/www.consensus911.org\/?page_id=2686"},"modified":"2023-05-28T04:42:19","modified_gmt":"2023-05-28T11:42:19","slug":"point-pent-3-fr","status":"publish","type":"page","link":"https:\/\/www.consensus911.org\/fr\/point-pent-3-fr\/","title":{"rendered":"Point Pent-3 (Fr)"},"content":{"rendered":"<h4 class=\"c9h4\">Point Pent-3&nbsp;: La pr\u00e9sentation d&rsquo;Hani Hanjour comme pilote du vol 77<\/h4>\n<div class=\"c9text-fr\">\n<p class=\"c9np\"><a href=\"https:\/\/www.consensus911.org\/fr\/point-pent-2-fr\/\">&lt;&lt; Point pr\u00e9c\u00e9dent<\/a>, <a href=\"https:\/\/www.consensus911.org\/fr\/point-pent-4-fr\/\">Point suivant &gt;&gt;<\/a><\/p>\n<div class=\"c9hdr\"><a name=\"OFFICIAL\"><\/a>La version officielle<\/div>\n<div style=\"padding-left: 30px\">\n<p>Le rapport de la Commission sur le 11\/9 affirme&nbsp;<a name=\"R_1\" href=\"#N_1\">[1]<\/a> que le vol 77 d&rsquo;American Airlines, un Boeing 757, a \u00e9t\u00e9 projet\u00e9 contre le Pentagone par le pilote d\u2019al-Qaida, Hani Hanjour. Apr\u00e8s avoir d\u00e9sengag\u00e9 le pilote automatique, il aurait ex\u00e9cut\u00e9 une spirale \u00e0 330&nbsp;degr\u00e9s descendant de 2,5&nbsp;km en trois minutes environ, avant d\u2019aller s\u2019\u00e9craser contre l\u2019aile 1 du Pentagone entre le rez-de-chauss\u00e9e et le premier \u00e9tage, \u00e0 la vitesse de 850&nbsp;km\/h.<\/p>\n<\/div>\n<div class=\"c9hdr\"><a name=\"EVIDENCE\"><\/a>Les \u00e9l\u00e9ments les plus probants contre cette version officielle<\/div>\n<div style=\"padding-left: 30px\">\n<p>Plusieurs anciens pilotes de ligne ont d\u00e9clar\u00e9&nbsp;<a name=\"R_2\" href=\"#N_2\">[2]<\/a> qu\u2019Hanjour ne pouvait pas avoir man\u0153uvr\u00e9 un tel avion de grande dimension suivant la trajectoire prise par le vol 77, le faire percuter le Pentagone entre le rez-de-chauss\u00e9e et premier \u00e9tage, et ce, sans m\u00eame toucher la pelouse.<\/p>\n<p>Russ Wittenberg a pilot\u00e9 pendant 35 ans des avions de ligne apr\u00e8s avoir servi comme pilote de combat au Vietnam, et d\u00e9clare qu\u2019il est \u00ab&nbsp;totalement impossible pour un amateur qui ne pouvait m\u00eame pas piloter un petit avion Cessna&nbsp;\u00bb d\u2019effectuer cette descente en spirale et de \u00ab&nbsp;faire s\u2019\u00e9craser l\u2019avion contre le rez-de-chauss\u00e9e du Pentagone sans m\u00eame toucher la pelouse.&nbsp;\u00bb&nbsp;<a name=\"R_3\" href=\"#N_3\">[3]<\/a><\/p>\n<p>Ralph Omholt, un ancien pilote de Boeing 757 d\u00e9clare&nbsp;: \u00ab&nbsp;L\u2019id\u00e9e qu\u2019un pilote amateur puisse suivre cette trajectoire est trop ridicule pour \u00eatre prise en consid\u00e9ration.&nbsp;\u00bb<\/p>\n<\/div>\n<p class=\"c9np\"><a href=\"https:\/\/www.consensus911.org\/fr\/point-Pent-2-fr\/\">&lt;&lt; Point pr\u00e9c\u00e9dent<\/a>, <a href=\"https:\/\/www.consensus911.org\/fr\/point-pent-4-fr\/\">Point suivant &gt;&gt;<\/a><\/p>\n<div class=\"c9hdr\"><a name=\"REFS\"><\/a>R\u00e9f\u00e9rences du Point Pent-3<\/div>\n<div class=\"c9refs\">\n<table class=\"ref_tbl\">\n<tbody>\n<tr>\n<td class=\"ref_nrs\">\n<div class=\"refnrs\"><a name=\"N_1\" href=\"#R_1\">[1]<\/a><\/div>\n<\/td>\n<td class=\"ref_txt\">\n<div class=\"rtxt-fr\">\n<a href=\"https:\/\/911commission.gov\/report\/911Report.pdf\">Rapport de la Commission sur le 11-Septembre<\/a> (2004) pp. 225, 334 (pdf:&nbsp;242, 351).<br \/>\nNational Transportation Safety Board, (Bureau national de la S\u00e9curit\u00e9 des transports) \u201c<a href=\"https:\/\/nsarchive2.gwu.edu\/\/NSAEBB\/NSAEBB196\/doc02.pdf\">Flight Path Study \u2013 American Airlines Flight 77<\/a> [Etude du vol American Airlines 77]\u201d (19 f\u00e9vrier 2002). La vid\u00e9o du NTSB est disponible sur <i>YouTube<\/i>: <a href=\"https:\/\/www.youtube.com\/watch?v=DzR-q0ijbV0\">American 77 Final Maneuver<\/a> .<\/div>\n<\/td>\n<\/tr>\n<tr>\n<td class=\"ref_nrs\">\n<div class=\"refnrs\"><a name=\"N_2\" href=\"#R_2\">[2]<\/a><\/div>\n<\/td>\n<td class=\"ref_txt\">\n<div class=\"rtxt-fr\">\nSe r\u00e9f\u00e9rer aux d\u00e9clarations des commandants de bord <a href=\"http:\/\/www.patriotsquestion911.com\/#Muga\">Ted Muga<\/a> et <a href=\"http:\/\/www.patriotsquestion911.com\/pilots.html#Kolstad\">Ralph Kolstad<\/a> figurant sur le site \u201c<a href=\"https:\/\/web.archive.org\/web\/20221105110042\/http:\/\/www.patriotsquestion911.com\/pilots.html\">Patriots Question 9\/11<\/a>\u201d dans lesquelles des pilotes et des professionnels de l\u2019aviation d\u00e9noncent le rapport de la Commission sur le 11\/9.<\/div>\n<\/td>\n<\/tr>\n<tr>\n<td class=\"ref_nrs\">\n<div class=\"refnrs\"><a name=\"N_3\" href=\"#R_3\">[3]<\/a><\/div>\n<\/td>\n<td class=\"ref_txt\">\n<div class=\"rtxt-fr\">\n\u201c<a href=\"http:\/\/web.archive.org\/web\/20070129085631\/http:\/www.lewisnews.com\/article.asp?ID=106623\">Un pilote de chasse v\u00e9t\u00e9ran du Vietnam et ancien pilote de ligne croit que le 11\/9 fut un coup mont\u00e9 du gouvernement<\/a>\u201d, <i>Lewis News<\/i>, 8 janvier 2006.<\/div>\n<\/td>\n<\/tr>\n<\/tbody>\n<\/table>\n<\/div>\n<p><!-- c9refs --><\/p>\n<\/div>\n<p><!-- c9text --><\/p>\n","protected":false},"excerpt":{"rendered":"<p>Point Pent-3&nbsp;: La pr\u00e9sentation d&rsquo;Hani Hanjour comme pilote du vol 77 <\/p>\n<p class=\"c9np\"><a href=\"https:\/\/www.consensus911.org\/fr\/point-pent-2-fr\/\">&lt;&lt; Point pr\u00e9c\u00e9dent<\/a>, <a href=\"https:\/\/www.consensus911.org\/fr\/point-pent-4-fr\/\">Point suivant &gt;&gt;<\/a><\/p>\n<p> <a name=\"OFFICIAL\"><\/a>La version officielle <\/p>\n<p>Le rapport de la Commission sur le 11\/9 affirme&nbsp;<a name=\"R_1\" href=\"#N_1\">[1]<\/a> que le vol 77 d&rsquo;American Airlines, un Boeing 757, a \u00e9t\u00e9 projet\u00e9 contre le Pentagone par le pilote d\u2019al-Qaida, Hani [&#8230;]<\/p>\n","protected":false},"author":105,"featured_media":0,"parent":0,"menu_order":137,"comment_status":"closed","ping_status":"closed","template":"","meta":{"footnotes":""},"class_list":["post-2686","page","type-page","status-publish","hentry"],"jetpack_sharing_enabled":true,"_links":{"self":[{"href":"https:\/\/www.consensus911.org\/fr\/wp-json\/wp\/v2\/pages\/2686","targetHints":{"allow":["GET"]}}],"collection":[{"href":"https:\/\/www.consensus911.org\/fr\/wp-json\/wp\/v2\/pages"}],"about":[{"href":"https:\/\/www.consensus911.org\/fr\/wp-json\/wp\/v2\/types\/page"}],"author":[{"embeddable":true,"href":"https:\/\/www.consensus911.org\/fr\/wp-json\/wp\/v2\/users\/105"}],"replies":[{"embeddable":true,"href":"https:\/\/www.consensus911.org\/fr\/wp-json\/wp\/v2\/comments?post=2686"}],"version-history":[{"count":5,"href":"https:\/\/www.consensus911.org\/fr\/wp-json\/wp\/v2\/pages\/2686\/revisions"}],"predecessor-version":[{"id":21758,"href":"https:\/\/www.consensus911.org\/fr\/wp-json\/wp\/v2\/pages\/2686\/revisions\/21758"}],"wp:attachment":[{"href":"https:\/\/www.consensus911.org\/fr\/wp-json\/wp\/v2\/media?parent=2686"}],"curies":[{"name":"wp","href":"https:\/\/api.w.org\/{rel}","templated":true}]}}