{"id":2692,"date":"2012-06-04T04:26:14","date_gmt":"2012-06-04T11:26:14","guid":{"rendered":"http:\/\/www.consensus911.org\/?page_id=2692"},"modified":"2021-09-27T04:25:20","modified_gmt":"2021-09-27T11:25:20","slug":"point-flt-1-fr","status":"publish","type":"page","link":"https:\/\/www.consensus911.org\/fr\/point-flt-1-fr\/","title":{"rendered":"Point Flt-1 (Fr)"},"content":{"rendered":"<h4 class=\"c9h4\">Point Flt-1&nbsp;: Une affirmation concernant les avions de ligne d\u00e9tourn\u00e9s<\/h4>\n<div class=\"c9text-fr\">\n<p class=\"c9np\"><a href=\"https:\/\/www.consensus911.org\/fr\/point-Pent-4-fr\/\">&lt;&lt; Point pr\u00e9c\u00e9dent<\/a>, <a href=\"https:\/\/www.consensus911.org\/fr\/point-flt-2-fr\/\">Point suivant &gt;&gt;<\/a><\/p>\n<div class=\"c9hdr\"><a name=\"OFFICIAL\"><\/a>La version officielle<\/div>\n<p style=\"padding-left: 30px\">Le rapport de la Commission sur le 11\/9 affirme&nbsp;<a name=\"R_1\" href=\"#N_1\">[1]<\/a> que quatre avions (les vols American Airlines 11 et 77 et United Airlines 93 et 175) ont \u00e9t\u00e9 d\u00e9tourn\u00e9s par des pirates de l\u2019air le 11 septembre 2001.<\/p>\n<div class=\"c9hdr\"><a name=\"EVIDENCE\"><\/a>Les \u00e9l\u00e9ments les plus probants contre cette version officielle<\/div>\n<p style=\"padding-left: 30px\">Les pilotes de ligne sont entrain\u00e9s \u00e0 envoyer le code universel de d\u00e9tournement (7500)&nbsp;<a name=\"R_2\" href=\"#N_2\">[2]<\/a> sur un transpondeur s\u2019ils ont la preuve d\u2019une tentative de d\u00e9tournement, ce qui pr\u00e9vient les contr\u00f4leurs de la FAA au sol. Mais les grands journaux&nbsp;<a name=\"R_3\" href=\"#N_3\">[3]<\/a> tout comme la Commission sur le 11\/9 \u2013 elle-m\u00eame &#8211; ont fait remarquer que les contr\u00f4leurs de la FAA n&rsquo;avaient pas re\u00e7u ce signal. Un document de CNN&nbsp;<a name=\"R_4\" href=\"#N_4\">[4]<\/a> a montr\u00e9 que les pilotes \u00e9taient form\u00e9s pour envoyer le code de d\u00e9tournement \u201csi possible\u201d. Mais l\u2019action de taper le code ne prend que deux ou trois secondes, alors qu&rsquo;il a fallu aux pirates, selon la version officielle, plus de 30 secondes&nbsp;<a name=\"R_5\" href=\"#N_5\">[5]<\/a> pour p\u00e9n\u00e9trer dans le cockpit du vol 93. Le fait qu\u2019aucun des huit pilotes&nbsp;<a name=\"R_6\" href=\"#N_6\">[6]<\/a> n&rsquo;ait envoy\u00e9 ce code jette de s\u00e9rieux doutes sur l\u2019histoire des pirates de l\u2019air.<\/p>\n<p class=\"c9np\"><a href=\"https:\/\/www.consensus911.org\/fr\/point-Pent-4-fr\/\">&lt;&lt; Point pr\u00e9c\u00e9dent<\/a>, <a href=\"https:\/\/www.consensus911.org\/fr\/point-flt-2-fr\/\">Point suivant &gt;&gt;<\/a><\/p>\n<div class=\"c9hdr\"><a name=\"REFS\"><\/a>R\u00e9f\u00e9rences du Point Flt-1<\/div>\n<div class=\"c9refs\">\n<table class=\"ref_tbl\">\n<tr>\n<td class=\"ref_nrs\">\n<div class=\"refnrs\"><a name=\"N_1\" href=\"#R_1\">[1]<\/a><\/div>\n<\/td>\n<td class=\"ref_txt\">\n<div class=\"rtxt-fr\">\n<a href=\"https:\/\/911commission.gov\/report\/911Report.pdf\" target=\"_blank\">Rapport de la Commission sur le 11\/9<\/a> (2004), chapitre 1\n<\/div>\n<\/td>\n<\/tr>\n<tr>\n<td class=\"ref_nrs\">\n<div class=\"refnrs\"><a name=\"N_2\" href=\"#R_2\">[2]<\/a><\/div>\n<\/td>\n<td class=\"ref_txt\">\n<div class=\"rtxt-fr\">\n<b><\/b> R\u00e9f\u00e9rence: \u00ab&nbsp;<i>Afin de faciliter le suivi par le NORAD, tout doit \u00eatre fait pour s\u2019assurer que les avions d\u00e9tourn\u00e9s \u00e9mettent le Mode 3\/A, code 7500.<\/i>&nbsp;\u00bb Source&nbsp;: Administration de l\u2019aviation civile (<i>Federal Aviation Administration<\/i>), \u201c<a href=\"https:\/\/web.archive.org\/web\/20011121003337\/http:\/\/news.findlaw.com\/cnn\/docs\/terrorism\/chp7.html\" target=\"_blank\">Ordre No 7610.4J&nbsp;: Op\u00e9rations militaires sp\u00e9ciales, chapitre 7. ESCORTE DES AVIONS D\u00c9TOURN\u00c9S<\/a>\u201d, 21 juillet 2001. R\u00e9f\u00e9rence&nbsp;: \u201c<a href=\"https:\/\/abcnews.go.com\/Technology\/FlyingHigh\/story?id=816534&amp;page=1\" target=\"_blank\"><i>Hijack Code a Secret Signal of Distress<\/i><\/a>\u201d (Le code de d\u00e9tournement, un signal secret de d\u00e9tresse), <i>ABC News<\/i>, 3 juin 2005.\n<\/div>\n<\/td>\n<\/tr>\n<tr>\n<td class=\"ref_nrs\">\n<div class=\"refnrs\"><a name=\"N_3\" href=\"#R_3\">[3]<\/a><\/div>\n<\/td>\n<td class=\"ref_txt\">\n<div class=\"rtxt-fr\">\nLe<i> Christian Science Monitor<\/i> a parl\u00e9 de l\u2019absence de l\u2019\u00e9mission du code (7500) comme d\u2019une \u00ab&nbsp;<i>anomalie<\/i>&nbsp;\u00bb (Peter Grier, \u201c<a href=\"http:\/\/web.archive.org\/web\/20021229005033\/http:\/\/www.public-action.com\/911\/csmonitor\/\" target=\"_blank\"><i>The Nation Reels<\/i><\/a>,\u201d sur <i>Christian Science Monitor,<\/i> 12 septembre 2001). Commission sur le 11\/9&nbsp;: Le <a href=\"https:\/\/911commission.gov\/report\/911Report.pdf\">Rapport de la Commission sur le 11\/9<\/a> lui-m\u00eame reconnait ce dysfonctionnement&nbsp;: \u00ab&nbsp;<i>La supervision des contr\u00f4leurs par la FAA en ce qui concerne les proc\u00e9dures en cas de d\u00e9tournement part du principe que le pilote de l\u2019appareil notifie le contr\u00f4leur par radio en \u00e9mettant au moyen du transpondeur le code 7500 \u2013 un code universel pour signaler un d\u00e9tournement en cours.<\/i>&nbsp;\u00bb p.17.\n<\/div>\n<\/td>\n<\/tr>\n<tr>\n<td class=\"ref_nrs\">\n<div class=\"refnrs\"><a name=\"N_4\" href=\"#R_4\">[4]<\/a><\/div>\n<\/td>\n<td class=\"ref_txt\">\n<div class=\"rtxt-fr\">\nDocument de CNN&nbsp;: \u00ab&nbsp;<i>Le vol 11 a apparemment \u00e9t\u00e9 d\u00e9tourn\u00e9 par des individus arm\u00e9s de couteaux. Les pilotes d\u2019avion sont entrain\u00e9s \u00e0 faire face \u00e0 ce type de situation en gardant leur calme, en ob\u00e9issant aux ordres (des pirates) et, si possible, en \u00e9mettant d\u2019urgence le code \u00e0 4 chiffres sur un appareil appel\u00e9 transpondeur. .. Cette action ne prend que quelques secondes, or il semble que ce code n\u2019a jamais \u00e9t\u00e9 saisi<\/i>.&nbsp;\u00bb \u201c<a href=\"https:\/\/transcripts.cnn.com\/show\/se\/date\/2001-09-12\/segment\/60\" target=\"_blank\"><i>America Under Attack: How could It Happen?<\/i><\/a>\u201d, CNN Live Event, 12 septembre 2011\n<\/div>\n<\/td>\n<\/tr>\n<tr>\n<td class=\"ref_nrs\">\n<div class=\"refnrs\"><a name=\"N_5\" href=\"#R_5\">[5]<\/a><\/div>\n<\/td>\n<td class=\"ref_txt\">\n<div class=\"rtxt-fr\">\nD\u2019apr\u00e8s les bandes cens\u00e9es provenir de l\u2019enregistreur du cockpit du vol UA&nbsp;93, il a fallu plus de 30 secondes aux intrus pour p\u00e9n\u00e9trer dans la cabine de pilotage (Richard A. Serrano, \u201c<a href=\"https:\/\/web.archive.org\/web\/20130626113152\/http:\/\/articles.latimes.com\/2006\/apr\/12\/nation\/na-moussa12\">Heroism, Fatalism Aboard Flight 93<\/a>\u201d, Los Angeles Times, 12 avril 2006). L\u2019absence de signal de d\u00e9tresse provenant du vol 11 est discut\u00e9e ici. (CNN live: \u201c<a href=\"https:\/\/transcripts.cnn.com\/show\/se\/date\/2001-09-12\/segment\/60\">America Under Attack: How Could It Happen?<\/a>\u201d). Il est clair que les pilotes avaient la \u201cpossibilit\u00e9\u201d d\u2019\u00e9mettre le code de d\u00e9tournement. D\u2019apr\u00e8s la fameuse histoire de Sherlock Holmes, la th\u00e8se de \u00ab&nbsp;l\u2019intrus qui a p\u00e9n\u00e9tr\u00e9 dans l\u2019\u00e9table&nbsp;\u00bb fut d\u00e9mentie par \u00ab&nbsp;le chien qui n\u2019a pas aboy\u00e9.&nbsp;\u00bb Par analogie, on pourrait dire que la th\u00e8se des pirates de l\u2019air \u00e0 bord des avions du 11\/9 est d\u00e9mentie par les pilotes qui n\u2019ont pas entr\u00e9 le code de d\u00e9tournement.\n<\/div>\n<\/td>\n<\/tr>\n<tr>\n<td class=\"ref_nrs\">\n<div class=\"refnrs\"><a name=\"N_6\" href=\"#R_6\">[6]<\/a><\/div>\n<\/td>\n<td class=\"ref_txt\">\n<div class=\"rtxt-fr\">\nPour plus d\u2019informations, voir le livre de <a href=\"\/fr\/membres-du-comite\/#GRIFFIN\">David Ray Griffin<\/a>, <i>The New Pearl Harbor Revisited<\/i>, 2008, pp. 175-79. L\u2019ouvrage est paru en fran\u00e7ais aux \u00c9ditions Demi-Lune, \u00ab&nbsp;<a href=\"https:\/\/www.reopen911.info\/livres\/un-autre-regard-sur-le-11-septembre.html\" target=\"_blank\">Un autre regard sur le 11-Septembre, 10 apr\u00e8s. Le Nouveau Pearl Harbor 2<\/a>&nbsp;\u00bb\n<\/div>\n<\/td>\n<\/tr>\n<\/table>\n<\/div>\n<p><!-- c9refs -->\n<\/div>\n<p><!-- c9text --><\/p>\n","protected":false},"excerpt":{"rendered":"<p>Point Flt-1&nbsp;: Une affirmation concernant les avions de ligne d\u00e9tourn\u00e9s <\/p>\n<p class=\"c9np\"><a href=\"https:\/\/www.consensus911.org\/fr\/point-Pent-4-fr\/\">&lt;&lt; Point pr\u00e9c\u00e9dent<\/a>, <a href=\"https:\/\/www.consensus911.org\/fr\/point-flt-2-fr\/\">Point suivant &gt;&gt;<\/a><\/p>\n<p> <a name=\"OFFICIAL\"><\/a>La version officielle <\/p>\n<p style=\"padding-left: 30px\">Le rapport de la Commission sur le 11\/9 affirme&nbsp;<a name=\"R_1\" href=\"#N_1\">[1]<\/a> que quatre avions (les vols American Airlines 11 et 77 et United Airlines 93 et 175) ont \u00e9t\u00e9 d\u00e9tourn\u00e9s [&#8230;]<\/p>\n","protected":false},"author":105,"featured_media":0,"parent":0,"menu_order":114,"comment_status":"closed","ping_status":"closed","template":"","meta":{"footnotes":""},"class_list":["post-2692","page","type-page","status-publish","hentry"],"jetpack_sharing_enabled":true,"_links":{"self":[{"href":"https:\/\/www.consensus911.org\/fr\/wp-json\/wp\/v2\/pages\/2692","targetHints":{"allow":["GET"]}}],"collection":[{"href":"https:\/\/www.consensus911.org\/fr\/wp-json\/wp\/v2\/pages"}],"about":[{"href":"https:\/\/www.consensus911.org\/fr\/wp-json\/wp\/v2\/types\/page"}],"author":[{"embeddable":true,"href":"https:\/\/www.consensus911.org\/fr\/wp-json\/wp\/v2\/users\/105"}],"replies":[{"embeddable":true,"href":"https:\/\/www.consensus911.org\/fr\/wp-json\/wp\/v2\/comments?post=2692"}],"version-history":[{"count":5,"href":"https:\/\/www.consensus911.org\/fr\/wp-json\/wp\/v2\/pages\/2692\/revisions"}],"predecessor-version":[{"id":21485,"href":"https:\/\/www.consensus911.org\/fr\/wp-json\/wp\/v2\/pages\/2692\/revisions\/21485"}],"wp:attachment":[{"href":"https:\/\/www.consensus911.org\/fr\/wp-json\/wp\/v2\/media?parent=2692"}],"curies":[{"name":"wp","href":"https:\/\/api.w.org\/{rel}","templated":true}]}}